{"id":25301,"date":"2013-03-21T10:01:56","date_gmt":"2013-03-21T09:01:56","guid":{"rendered":"https:\/\/www.freiburg-schwarzwald.de\/blog\/?page_id=25301"},"modified":"2015-03-27T08:37:41","modified_gmt":"2015-03-27T07:37:41","slug":"freiburg-packt-an","status":"publish","type":"page","link":"https:\/\/www.freiburg-schwarzwald.de\/blog\/regio\/freiburg\/freiburg-packt-an\/","title":{"rendered":"Freiburg-packt-an"},"content":{"rendered":"<p>Home\u00a0&gt;<a title=\"Regio\" href=\"https:\/\/www.freiburg-schwarzwald.de\/blog\/regio\/\">Regio<\/a> &gt;<a title=\"Orte\" href=\"https:\/\/www.freiburg-schwarzwald.de\/blog\/regio\/orte\/\">Orte<\/a>\u00a0&gt;<a title=\"Freiburg\" href=\"https:\/\/www.freiburg-schwarzwald.de\/blog\/regio\/freiburg\/\">Freiburg<\/a> &gt;<a title=\"Dienste\" href=\"https:\/\/www.freiburg-schwarzwald.de\/blog\/branchen\/dienste\/\">Dienste<\/a> &gt;<a title=\"Stadtfreiburg\" href=\"https:\/\/www.freiburg-schwarzwald.de\/blog\/regio\/freiburg\/stadtfreiburg\/\">StadtFreiburg<\/a> &gt;Freiburg-packt-an<\/p>\n<div id=\"attachment_22393\" style=\"width: 651px\" class=\"wp-caption alignnone\"><a href=\"https:\/\/www.freiburg-schwarzwald.de\/blog\/regio\/freiburg\/kanonenplatz\/schlossberg10muenster-pan130214\/\" rel=\"attachment wp-att-22393\"><img loading=\"lazy\" decoding=\"async\" aria-describedby=\"caption-attachment-22393\" class=\"size-full wp-image-22393\" title=\"schlossberg10muenster-pan130214\" src=\"https:\/\/www.freiburg-schwarzwald.de\/blog\/wp-content\/uploads\/2013\/02\/schlossberg10muenster-pan130214.jpg\" alt=\"\" width=\"641\" height=\"241\" srcset=\"https:\/\/www.freiburg-schwarzwald.de\/blog\/wp-content\/uploads\/2013\/02\/schlossberg10muenster-pan130214.jpg 641w, https:\/\/www.freiburg-schwarzwald.de\/blog\/wp-content\/uploads\/2013\/02\/schlossberg10muenster-pan130214-180x67.jpg 180w, https:\/\/www.freiburg-schwarzwald.de\/blog\/wp-content\/uploads\/2013\/02\/schlossberg10muenster-pan130214-640x240.jpg 640w\" sizes=\"auto, (max-width: 641px) 100vw, 641px\" \/><\/a><p id=\"caption-attachment-22393\" class=\"wp-caption-text\">Blick vom Schlossberg nach Westen auf das verschneite Freiburg mit dem M\u00fcnster am 14.2.2014<\/p><\/div>\n<ul>\n<li><a href=\"https:\/\/www.freiburg-schwarzwald.de\/blog\/freiburg-packt-an-2015-imker\">https:\/\/www.freiburg-schwarzwald.de\/blog\/freiburg-packt-an-2015-imker<\/a>\/ (27.3.2015)<\/li>\n<li><a href=\"https:\/\/www.freiburg-schwarzwald.de\/blog\/rosskastanien-miniermotte-sack\/\">https:\/\/www.freiburg-schwarzwald.de\/blog\/rosskastanien-miniermotte-sack\/<\/a>\u00a0(28.9.2013)<\/li>\n<li>Quadratisch, praktisch, bunt (21.3.2013)<\/li>\n<li><a href=\"https:\/\/www.freiburg-schwarzwald.de\/abfall.htm#Freiburg packt an 2011: 100000 Euro von 800 Helfern in eingespart\">Freiburg packt an 2011: 100000 Euro von 800 Helfern in eingespart<\/a>\u00a0 &gt;Abfall (15.10.2011)<\/li>\n<li><a href=\"https:\/\/www.freiburg-schwarzwald.de\/littenweiler\/umwelt4.htm#Freiburg packt an 2011: B\u00fcrger-Engagement im \u00f6ffentlichen Gr\u00fcn\">Freiburg packt an 2011: B\u00fcrger-Engagement im \u00f6ffentlichen Gr\u00fcn<\/a> &gt;Umwelt4 (18.3.2011)<\/li>\n<li><a href=\"https:\/\/www.freiburg-schwarzwald.de\/littenweiler\/bachpaten.htm#Freiburg packt an - Fusion mit den Bachpaten\">Freiburg packt an &#8211; Fusion mit den Bachpaten<\/a> &gt;Bachpaten (13.11.2008)<\/li>\n<li><a href=\"https:\/\/www.freiburg-schwarzwald.de\/littenweiler\/ehrenamt5.htm#Freiburg packt an: Initiator Harald Rehbein in Ruhestand\">Freiburg packt an: Initiator Harald Rehbein in Ruhestand<\/a> &gt;Ehrenamt5 (30.11.2007)<\/li>\n<li><a href=\"https:\/\/www.freiburg-schwarzwald.de\/littenweiler\/ehrenamt5.htm#Aktion Freiburg packt an pflastert den Gehweg in Herrenstrasse\">Aktion &#8222;Freiburg packt an&#8220; pflastert den Gehweg in Herrenstrasse<\/a> &gt;Ehrenamt5 (22.11.2007)<\/li>\n<li><a href=\"https:\/\/www.freiburg-schwarzwald.de\/littenweiler\/kindergarten2.htm#Unser Kindergarten ist der sch\u00f6nste - Wettbewerb\">Unser Kindergarten ist der sch\u00f6nste &#8211; Wettbewerb<\/a> &gt;Kindergarten2 (17.10.2007)<\/li>\n<li><a href=\"https:\/\/www.freiburg-schwarzwald.de\/littenweiler\/ehrenamt4.htm#Freiburg packt an: Schulhofprojekte, Abschlu\u00dffeuer\">Freiburg packt an: Schulhofprojekte, Abschlu\u00dffeier<\/a> &gt;Ehrenamt4 (17.10.2006)<\/li>\n<li><a title=\"Stadtfreiburg\" href=\"https:\/\/www.freiburg-schwarzwald.de\/blog\/regio\/freiburg\/stadtfreiburg\/\">StadtFreiburg &#8211; Beh\u00f6rden<\/a><\/li>\n<li><a href=\"https:\/\/www.freiburg-schwarzwald.de\/littenweiler\/bachpaten.htm\">Mehr zu den Bachpaten hier<\/a> &gt;Bachpaten<\/li>\n<li>\u00a0Freiburg-packt-an seit 2003<\/li>\n<li>Kraut und R\u00fcben &#8211; Urban Gardening in Freiburg mit 11 Fl\u00e4chen<\/li>\n<\/ul>\n<p>&nbsp;<\/p>\n<p><strong>Freiburg-packt-an seit 2003<\/strong><\/p>\n<p>Seit den 1990er Jahren finden in Freiburg Aktionen zum b\u00fcrgerschaftlichen Engagement in der Natur statt. 2004 wurden sie unter &#8222;Freiburg packt an&#8220; zum einheitlichen Projekt geb\u00fcndelt, verantwortlich ist das Garten- und Tiefbauamt. Nachdem zun\u00e4chst Reinigungs- und Versch\u00f6nerungsaktionen im Vordergrund standen, liegt der Schwerpunkt heute auf stadt\u00f6kologischen Projekten. 2012 leisteten mehr als 1000 B\u00fcrger etwa 4000 bis 5000 Stunden ehrenamtliche Arbeit, was einem Gegenwert von rund 60 000 bis 75 000 Euro entspricht. Au\u00dfer dem finanziellen Aspekt ist der p\u00e4dagogische Nutzen des Projekts von Bedeutung.<\/p>\n<p>Im Jahr 2007 l\u00e4uft bereits die 4. Aktion:18 Aktionswochen mit unterschiedlichen Projekten:<br \/>\n&#8211; Putzaktionen durch Garten- und Tiefbauamt<br \/>\n&#8211; Unser Kindergarten ist der sch\u00f6nste<br \/>\n&#8211; Fahnenwettbewerb Freiburger Schulen: 15 Schulen<br \/>\n&#8211; Spielplatzpatenschaften &#8211; 50000 Euro Spende von Eugen Martin<br \/>\n&#8211; Sponsoren helfen Pflastern<br \/>\n&#8211; Bachpaten: 58 Gruppen mit \u00fcber 2500 Jugendlichen aus den USA<br \/>\n&#8211; Acht Stunden ohne Kompromisse<br \/>\n&#8211; Aktionen vom Forstamt<br \/>\n&#8211; Firmen engagieren sich<br \/>\n&#8211; Sponsoring allgemein: Brunnenpaten haben \u00fcber 100000 Euro gespendet<\/p>\n<p>Freiburg packt an.<br \/>\nGarten- und Tiefbauamt, <a href=\"mailto:ursula.kunze@stadt.freiburg.de\">ursula.kunze@stadt.freiburg.de<\/a> , Tel 0761\/201-4712<br \/>\nKinderg\u00e4rten: Herr W\u00fcnsche, Tel 0761\/201-3752<\/p>\n<p>Eigenbetrieb Stadtentw\u00e4sserung und F\u00f6rderverein Bachpatenschaften Freiburg e.V.<br \/>\nFrau Heuer-Klug, Frau Borodko-Schmidt, Frau Mousselon<br \/>\nGarten- und Tiefbauamt, Tel 0761 \/ 201 &#8211; 4712 und 4456,<br \/>\nFehrenbachallee 12, 79106\u00a0 Freiburg im Breisgau<br \/>\ne-Mail:\u00a0 <a href=\"mailto:Hella.Heuer-Klug@stadt.freiburg.de\">Hella.Heuer-Klug@stadt.freiburg.de<\/a> und <a href=\"mailto:Monika.Borodko-Schmidt@stadt.freiburg.de\">Monika.Borodko-Schmidt@stadt.freiburg.de<\/a><\/p>\n<p>&#8222;Freiburg packt an&#8220;-Koordinatorinnen Monika Borodko-Schmidt, Stephanie Lemper<br \/>\nTel\u00a00761\/ 201-4712, <a title=\"\" href=\"mailto:fpa@stadt.freiburg.de\" target=\"_blank\">fpa@stadt.freiburg.de<\/a>.<\/p>\n<p><a href=\"https:\/\/www.freiburg-schwarzwald.de\/blog\/regio\/freiburg\/freiburg-packt-an\/freiburg-packt-an0811-2\/\" rel=\"attachment wp-att-25312\"><img loading=\"lazy\" decoding=\"async\" class=\"alignnone size-thumbnail wp-image-25312\" title=\"freiburg-packt-an0811\" src=\"https:\/\/www.freiburg-schwarzwald.de\/blog\/wp-content\/uploads\/2013\/03\/freiburg-packt-an0811-180x135.jpg\" alt=\"\" width=\"180\" height=\"135\" srcset=\"https:\/\/www.freiburg-schwarzwald.de\/blog\/wp-content\/uploads\/2013\/03\/freiburg-packt-an0811-180x135.jpg 180w, https:\/\/www.freiburg-schwarzwald.de\/blog\/wp-content\/uploads\/2013\/03\/freiburg-packt-an0811.jpg 640w\" sizes=\"auto, (max-width: 180px) 100vw, 180px\" \/><\/a>\u00a0\u00a0 Die roten M\u00fctze von &#8222;Freiburg packt\u00a0 an&#8220; 11\/2008 &#8211; <a href=\"https:\/\/www.freiburg-schwarzwald.de\/littenweiler\/bachpaten.htm#Pflanzaktionen der Bachpaten im Rahmen von Freiburg packt an\">mehr<\/a><\/p>\n<p>&nbsp;<\/p>\n<p><strong>Kraut und R\u00fcben &#8211; Urban Gardening in Freiburg mit 11 Fl\u00e4chen<\/strong><\/p>\n<p>In Freiburg ist &#8222;Urban Gardening&#8220; beim\u00a0Garten- und Tiefbauamt der Stadt angesiedelt, und zwar unter dem Namen<br \/>\n&#8222;Kraut und R\u00fcben&#8220;. Im Stadtgebiet sind hierf\u00fcr elf Fl\u00e4chen festgelegt worden<\/p>\n<p><a href=\"https:\/\/www.freiburg-schwarzwald.de\/blog\/regio\/freiburg\/freiburg-packt-an\/urban-gardening-freiburg2013\/\" rel=\"attachment wp-att-26994\"><img loading=\"lazy\" decoding=\"async\" class=\"alignnone size-thumbnail wp-image-26994\" title=\"urban-gardening-freiburg2013\" src=\"https:\/\/www.freiburg-schwarzwald.de\/blog\/wp-content\/uploads\/2013\/03\/urban-gardening-freiburg2013-180x145.jpg\" alt=\"\" width=\"180\" height=\"145\" srcset=\"https:\/\/www.freiburg-schwarzwald.de\/blog\/wp-content\/uploads\/2013\/03\/urban-gardening-freiburg2013-180x145.jpg 180w, https:\/\/www.freiburg-schwarzwald.de\/blog\/wp-content\/uploads\/2013\/03\/urban-gardening-freiburg2013.jpg 638w\" sizes=\"auto, (max-width: 180px) 100vw, 180px\" \/><\/a>Fl\u00e4chen f\u00fcr &#8222;Kraut und R\u00fcben&#8220; in Freiburg &#8211; Bild: Gartenamt Stadt Freiburg<\/p>\n<p>Kraut und R\u00fcben, Tel 0761\/2014712.<\/p>\n<p>&nbsp;<\/p>\n<p>&nbsp;<\/p>\n<p><strong>Quadratisch, praktisch, bunt<\/strong><\/p>\n<p>Bei &#8222;Freiburg packt an&#8220; geht\u2019s nicht nur um Baumscheiben, sondern auch um <a title=\"Urban-Gardening\" href=\"https:\/\/www.freiburg-schwarzwald.de\/blog\/natur\/landwirt\/urban-gardening\/\">urbanes G\u00e4rtnern<\/a>. Am 20.3.2013 er\u00f6ffnete Baub\u00fcrgermeister Martin Haag die diesj\u00e4hrige Runde von &#8222;Freiburg packt an&#8220;: Gemeinsam mit Hubert Nixdorf, dem Vorsitzenden des Lokalvereins Haslach, pflanzte er an einem Baum in der Markgrafenstra\u00dfe vier kleine Kr\u00e4uterteppiche. Anschlie\u00dfend wurde das neue Jahresprogramm vorgestellt. Neu dabei: M\u00f6glichkeiten zum G\u00e4rtnern im \u00f6ffentlichen Gr\u00fcn.<br \/>\n&#8222;Wir w\u00fcrden gerne noch viele Dinge tun, f\u00fcr die uns aber leider die Mittel fehlen&#8220;, sagte der B\u00fcrgermeister vor rund 40 Zuh\u00f6rern bei der Auftaktveranstaltung. Umso mehr gelte es, den engagierten B\u00fcrgern zu danken. Bei den sechs Schwerpunkten von &#8222;Freiburg packt an&#8220; g\u00e4be es auch 2013 wieder Gelegenheit, einzeln oder in Gruppen Verantwortung f\u00fcr ein St\u00fcck \u00f6ffentliche Fl\u00e4che zu \u00fcbernehmen und so die Natur in der Stadt zu f\u00f6rdern. Neben Versch\u00f6nerungsaktionen an Parkb\u00e4nken und Patenschaften f\u00fcr Spielpl\u00e4tze stehen erneut \u00f6kologische Ma\u00dfnahmen im Vordergrund, beispielsweise &#8222;Obst f\u00fcr Freiburg&#8220; (die BZ berichtete), Ma\u00dfnahmen zum Kastanienschutz und die Aktion &#8222;Quadratisch, praktisch, bunt&#8220;. Letztere setzt das Projekt &#8222;Freiburg bl\u00fcht auf&#8220; fort, bei dem Baumscheiben \u2013 also die unversiegelten Bereiche um Stra\u00dfenb\u00e4ume \u2013 durch Wildkr\u00e4uter in farbige \u00d6koinseln verwandelt werden. Mittlerweile gibt es in Freiburg rund 200 solcher Baumscheiben-Patenschaften: Die Stadt stellt das Saatgut zur Verf\u00fcgung, B\u00fcrger k\u00fcmmern sich um die Pflege \u2013 so lief es bislang. Jetzt hat man die Methode verfeinert: Anstatt die Kr\u00e4utermischungen direkt um die B\u00e4ume herum zu streuen, wird der Blumensamen neuerdings vorab auf quadratischen &#8222;Wiesenmatten&#8220; (das sind rund 20 mal 20 Zentimeter gro\u00dfe Rasenst\u00fccke) ausges\u00e4t, die dann auf die Baumscheiben gepflanzt werden, so wie gestern in der Markgrafenstra\u00dfe. &#8222;So soll sichergestellt werden, dass der Samen gute Keimungsbedingungen hat &#8222;, erl\u00e4uterte Monika Borodko-Schmidt vom Garten- und Tiefbauamt. Oftmals seien die B\u00f6den verh\u00e4rtet oder best\u00fcnden aus ungeeignetem Material. Fachlich begleitet wird das Projekt von der \u00d6kostation.<br \/>\nG\u00e4nzlich neu im Programm ist die Aktion &#8222;<a title=\"Urban-Gardening\" href=\"https:\/\/www.freiburg-schwarzwald.de\/blog\/natur\/landwirt\/urban-gardening\/\">Kraut und R\u00fcben \u2013 urbane G\u00e4rten<\/a>&#8222;. Damit greift die Stadt bereits vorhandene Initiativen zum Anpflanzen von Gem\u00fcse im \u00f6ffentlichen Gr\u00fcn auf: Unter anderem hatte der 72-j\u00e4hrige Rentner Dieter Schneyinck letztes Jahr Salatk\u00f6pfe auf eigene Faust im Dietenbachpark gepflanzt (die BZ berichtete). Fortan wird solches &#8222;G\u00e4rtnern in Eigenregie&#8220; durch &#8222;Freiburg packt an&#8220; unterst\u00fctzt: &#8222;Auch, um die Gemeinschaft zwischen Nachbarn und Integration zu f\u00f6rdern&#8220;, so Haag. Wie Monika Borodko-Schmidt erg\u00e4nzte, habe man elf Stellen im gesamten Stadtgebiet ausgesucht, wo k\u00fcnftig Gem\u00fcse und Kr\u00e4uter angebaut werden k\u00f6nnten: Von einer Wiese hinter dem Kepler-Gymnasium im Rieselfeld \u00fcber den Colombi-Park bis hin zu einer Gr\u00fcnfl\u00e4che an der Hammerschmidstra\u00dfe im Freiburger Osten.<br \/>\nEin paar Regeln zur Bepflanzung gibt\u2019s: Die Parzellen sind fl\u00e4chenm\u00e4\u00dfig begrenzt und d\u00fcrfen nicht eingez\u00e4unt werden. &#8222;Und jeder, der will, kann ernten&#8220;, betonte Borodko-Schmidt. Wie ihre Kollegin Stephanie Lemper erl\u00e4uterte, best\u00fcnde die Aufgabe des Freiburg-packt-an-Teams auch darin, Kontakte zwischen B\u00fcrgern herzustellen und die Aktionen zu b\u00fcndeln. &#8222;Wir m\u00f6chten f\u00fcr eine gute Vernetzung sorgen&#8220;, sagte die Landschaftsarchitektin.<br \/>\n21.3.2013, Andreas Braun<\/p>\n","protected":false},"excerpt":{"rendered":"<p>Home\u00a0&gt;Regio &gt;Orte\u00a0&gt;Freiburg &gt;Dienste &gt;StadtFreiburg &gt;Freiburg-packt-an https:\/\/www.freiburg-schwarzwald.de\/blog\/freiburg-packt-an-2015-imker\/ (27.3.2015) https:\/\/www.freiburg-schwarzwald.de\/blog\/rosskastanien-miniermotte-sack\/\u00a0(28.9.2013) Quadratisch, praktisch, bunt (21.3.2013) Freiburg packt an 2011: 100000 Euro von 800 Helfern in eingespart\u00a0 &gt;Abfall (15.10.2011) Freiburg packt an 2011: B\u00fcrger-Engagement im \u00f6ffentlichen Gr\u00fcn &gt;Umwelt4 (18.3.2011) Freiburg packt an &#8211; Fusion &hellip; <a href=\"https:\/\/www.freiburg-schwarzwald.de\/blog\/regio\/freiburg\/freiburg-packt-an\/\">Weiterlesen <span class=\"meta-nav\">&rarr;<\/span><\/a><\/p>\n","protected":false},"author":4,"featured_media":0,"parent":389,"menu_order":0,"comment_status":"open","ping_status":"closed","template":"","meta":{"footnotes":""},"class_list":["post-25301","page","type-page","status-publish","hentry"],"_links":{"self":[{"href":"https:\/\/www.freiburg-schwarzwald.de\/blog\/wp-json\/wp\/v2\/pages\/25301","targetHints":{"allow":["GET"]}}],"collection":[{"href":"https:\/\/www.freiburg-schwarzwald.de\/blog\/wp-json\/wp\/v2\/pages"}],"about":[{"href":"https:\/\/www.freiburg-schwarzwald.de\/blog\/wp-json\/wp\/v2\/types\/page"}],"author":[{"embeddable":true,"href":"https:\/\/www.freiburg-schwarzwald.de\/blog\/wp-json\/wp\/v2\/users\/4"}],"replies":[{"embeddable":true,"href":"https:\/\/www.freiburg-schwarzwald.de\/blog\/wp-json\/wp\/v2\/comments?post=25301"}],"version-history":[{"count":0,"href":"https:\/\/www.freiburg-schwarzwald.de\/blog\/wp-json\/wp\/v2\/pages\/25301\/revisions"}],"up":[{"embeddable":true,"href":"https:\/\/www.freiburg-schwarzwald.de\/blog\/wp-json\/wp\/v2\/pages\/389"}],"wp:attachment":[{"href":"https:\/\/www.freiburg-schwarzwald.de\/blog\/wp-json\/wp\/v2\/media?parent=25301"}],"curies":[{"name":"wp","href":"https:\/\/api.w.org\/{rel}","templated":true}]}}