{"id":25247,"date":"2013-03-20T19:20:00","date_gmt":"2013-03-20T18:20:00","guid":{"rendered":"https:\/\/www.freiburg-schwarzwald.de\/blog\/?page_id=25247"},"modified":"2014-09-01T13:59:28","modified_gmt":"2014-09-01T11:59:28","slug":"aitern","status":"publish","type":"page","link":"https:\/\/www.freiburg-schwarzwald.de\/blog\/regio\/orte\/aitern\/","title":{"rendered":"Aitern"},"content":{"rendered":"<p>Home &gt;<a title=\"Regio\" href=\"https:\/\/www.freiburg-schwarzwald.de\/blog\/regio\/\">Regio<\/a> &gt;<a title=\"Berge\" href=\"https:\/\/www.freiburg-schwarzwald.de\/blog\/regio\/berge\/\">Berge<\/a>\u00a0&gt;<a title=\"Belchen\" href=\"https:\/\/www.freiburg-schwarzwald.de\/blog\/regio\/berge\/belchen\/\">Belchen<\/a> &gt;<a title=\"Orte\" href=\"https:\/\/www.freiburg-schwarzwald.de\/blog\/regio\/orte\/\">Orte<\/a> &gt;Aitern<\/p>\n<div id=\"attachment_25249\" style=\"width: 646px\" class=\"wp-caption alignnone\"><a href=\"https:\/\/www.freiburg-schwarzwald.de\/blog\/regio\/orte\/aitern\/aitern19ort-pan130316\/\" rel=\"attachment wp-att-25249\"><img loading=\"lazy\" decoding=\"async\" aria-describedby=\"caption-attachment-25249\" class=\" wp-image-25249 \" title=\"aitern19ort-pan130316\" alt=\"\" src=\"https:\/\/www.freiburg-schwarzwald.de\/blog\/wp-content\/uploads\/2013\/03\/aitern19ort-pan130316.jpg\" width=\"636\" height=\"240\" srcset=\"https:\/\/www.freiburg-schwarzwald.de\/blog\/wp-content\/uploads\/2013\/03\/aitern19ort-pan130316.jpg 636w, https:\/\/www.freiburg-schwarzwald.de\/blog\/wp-content\/uploads\/2013\/03\/aitern19ort-pan130316-180x67.jpg 180w\" sizes=\"auto, (max-width: 636px) 100vw, 636px\" \/><\/a><p id=\"caption-attachment-25249\" class=\"wp-caption-text\">Blick nach Westen \u00fcber Aitern und Holzinshaus (links) in Richtung Belchen am 16.3.2013<\/p><\/div>\n<ul>\n<li><a href=\"https:\/\/www.freiburg-schwarzwald.de\/wiesental1.htm#Frauen im Oberen Wiesental - Landfrauenverband\">Frauen im Oberen Wiesental &#8211; Landfrauenverband<\/a> &gt;Wiesental1 (9.11.2009)<\/li>\n<li><a href=\"https:\/\/www.freiburg-schwarzwald.de\/aitern.htm#B\u00fcrgermeisterin Andrea Kiefer verspricht vollen Einsatz\">B\u00fcrgermeisterin Andrea Kiefer verspricht vollen Einsatz<\/a> &gt;Aitern (30.10.2007)<\/li>\n<li><a href=\"https:\/\/www.freiburg-schwarzwald.de\/krebs1.htm#Sport nach Krebs: Vera Oehhler in Belchenhalle Aitern\">Sport nach Krebs: Vera Oehhler in Belchenhalle Aitern<\/a> &gt;Krebs1 (20.9.2007)<\/li>\n<li>Aitern<\/li>\n<li>Unter-Rollsbach und Ober-Rollsbach<\/li>\n<li><strong><a href=\"https:\/\/www.freiburg-schwarzwald.de\/aitern.htm\">www.freiburg-schwarzwald.de\/aitern.htm<\/a> &gt;Aitern Archivseite<\/strong><\/li>\n<li><a href=\"https:\/\/www.freiburg-schwarzwald.de\/rollsbach\">https:\/\/www.freiburg-schwarzwald.de\/rollsbach<\/a>\u00a0&gt;Rollsbach Archivseite<\/li>\n<li><a href=\"https:\/\/www.freiburg-schwarzwald.de\/schoenau5.htm\">Bauernh\u00f6fe (Ferienwohnung, Hofladen, Brauchtum)<\/a> &gt;Schoenau5<\/li>\n<li><a href=\"https:\/\/www.freiburg-schwarzwald.de\/belchen.htm\">Belchen &#8211; der Hausberg von Aitern<\/a> &gt;Belchen<\/li>\n<li><a href=\"https:\/\/www.freiburg-schwarzwald.de\/belchen.htm#Belchen-Multen - Wanderheim Die\u00dflinh\u00fctte\">Die\u00dflinh\u00fctte: Belchen-Multen &#8211; Wanderheim Die\u00dflinh\u00fctte<\/a> &gt;Belchen<\/li>\n<li><a href=\"https:\/\/www.freiburg-schwarzwald.de\/schoenenberg-grenzsteine.htm\">Gemarkungsgrenzen, Grenzsteine, Flur<\/a> &gt;Schoenenberg-Grenzsteine<\/li>\n<li><a href=\"https:\/\/www.freiburg-schwarzwald.de\/aitern.htm#Holzinshaus zwischen Aitern und Multen\">Holzinshaus zwischen Aitern und Multen<\/a><\/li>\n<li><a href=\"https:\/\/www.freiburg-schwarzwald.de\/aitern.htm#Multen am westlichen Fu\u00df des Belchen\">Multen am westlichen Fu\u00df des Belchen<\/a> &gt;Aitern<\/li>\n<li><a href=\"https:\/\/www.freiburg-schwarzwald.de\/rollsbach.htm\">Rollsbach mit Unter- und Ober-Rollsbach<\/a> &gt;Rollsbach<\/li>\n<li><a href=\"https:\/\/www.freiburg-schwarzwald.de\/aitern.htm#Links\">Links<\/a><\/li>\n<li><a href=\"https:\/\/www.sonnenhof-holzinshaus.de\">www.sonnenhof-holzinshaus.de<\/a> Sonnenhof Meditation<\/li>\n<li><a href=\"https:\/\/www.freiburg-schwarzwald.de\/froehnd.htm\">Fr\u00f6hnd links und rechts vom Wiesental<\/a> &gt;Froehnd<\/li>\n<\/ul>\n<p>&nbsp;<\/p>\n<p><strong>Aitern<\/strong><\/p>\n<p>Die Gemeinde Aitern liegt im Aiterntal, das sich vom Osthang des 1414 m hohen Belchen in s\u00fcd\u00f6stlicher Richtung ins Wiesental hinzieht. Der Aiternbach flie\u00dft von der Talstation der Belchenseilbahn \u00fcber Multen und Holzinshaus nach Aitern-Ort. Zu Aitern (638 m) geh\u00f6ren die Ortsteile Holzinshaus (792 m), Multen (1030 m &#8211; 1078 m) und Rollsbach (824 m). W\u00e4hrend sich die drei erstgenannten Orte an Bergh\u00e4nge anlehnen, liegt <a href=\"https:\/\/www.freiburg-schwarzwald.de\/wieden.htm#Rollsbach\">Rollsbach<\/a>\u00a0in einem einsamen Hochtal unterhalb des 1236 m hohen Rollspitzes &#8211; zwischen dem Aiternbachtal und dem Wiedenbachtal.<\/p>\n<p>Aitern hat 22 Landwirte, aber nur noch einen Haupterwerbsbetrieb, berichtete B\u00fcrgermeisterin Andrea Kiefer.<br \/>\nB\u00fcrgermeisteramt Aitern<br \/>\n<a href=\"mailto:gemeinde.aitern@t-online.de\">gemeinde.aitern@t-online.de<\/a><br \/>\n<a href=\"https:\/\/www.aitern.de\/\" target=\"_blank\">www.aitern.de<\/a><br \/>\n<a href=\"https:\/\/www.gvvschoenau.de\/index_gemeinden.php?Gemeindeid=1\">www.gvvschoenau.de\/index_gemeinden.php?Gemeindeid=<\/a><a href=\"https:\/\/www.gvvschoenau.de\/index_gemeinden.php?Gemeindeid=6\">1<\/a><\/p>\n<p>&nbsp;<\/p>\n<p><a href=\"https:\/\/www.freiburg-schwarzwald.de\/blog\/regio\/orte\/aitern\/aitern1holzinshaus130317\/\" rel=\"attachment wp-att-25251\"><img loading=\"lazy\" decoding=\"async\" class=\"alignnone size-thumbnail wp-image-25251\" title=\"aitern1holzinshaus130317\" alt=\"\" src=\"https:\/\/www.freiburg-schwarzwald.de\/blog\/wp-content\/uploads\/2013\/03\/aitern1holzinshaus130317-180x135.jpg\" width=\"180\" height=\"135\" srcset=\"https:\/\/www.freiburg-schwarzwald.de\/blog\/wp-content\/uploads\/2013\/03\/aitern1holzinshaus130317-180x135.jpg 180w, https:\/\/www.freiburg-schwarzwald.de\/blog\/wp-content\/uploads\/2013\/03\/aitern1holzinshaus130317.jpg 640w\" sizes=\"auto, (max-width: 180px) 100vw, 180px\" \/><\/a>\u00a0\u00a0\u00a0\u00a0\u00a0\u00a0\u00a0\u00a0 <a href=\"https:\/\/www.freiburg-schwarzwald.de\/blog\/regio\/orte\/aitern\/aitern2holzinshaus130317\/\" rel=\"attachment wp-att-25252\"><img loading=\"lazy\" decoding=\"async\" class=\"alignnone size-thumbnail wp-image-25252\" title=\"aitern2holzinshaus130317\" alt=\"\" src=\"https:\/\/www.freiburg-schwarzwald.de\/blog\/wp-content\/uploads\/2013\/03\/aitern2holzinshaus130317-180x135.jpg\" width=\"180\" height=\"135\" srcset=\"https:\/\/www.freiburg-schwarzwald.de\/blog\/wp-content\/uploads\/2013\/03\/aitern2holzinshaus130317-180x135.jpg 180w, https:\/\/www.freiburg-schwarzwald.de\/blog\/wp-content\/uploads\/2013\/03\/aitern2holzinshaus130317.jpg 640w\" sizes=\"auto, (max-width: 180px) 100vw, 180px\" \/><\/a>\u00a0\u00a0\u00a0\u00a0\u00a0\u00a0\u00a0\u00a0\u00a0 <a href=\"https:\/\/www.freiburg-schwarzwald.de\/blog\/regio\/orte\/aitern\/aitern3holzinshaus130317\/\" rel=\"attachment wp-att-25253\"><img loading=\"lazy\" decoding=\"async\" title=\"aitern3holzinshaus130317\" alt=\"\" src=\"https:\/\/www.freiburg-schwarzwald.de\/blog\/wp-content\/uploads\/2013\/03\/aitern3holzinshaus130317-180x135.jpg\" width=\"180\" height=\"135\" \/><\/a><br \/>\n(1) nordw\u00e4rts zum Tannenboden\u00a0\u00a0\u00a0\u00a0\u00a0\u00a0\u00a0\u00a0 (2) westw\u00e4rts zu Holzinslaus\u00a0\u00a0\u00a0\u00a0\u00a0\u00a0\u00a0\u00a0\u00a0\u00a0\u00a0\u00a0\u00a0\u00a0\u00a0\u00a0\u00a0 (3) Nordwestw\u00e4rts zu Holzinshaus<\/p>\n<p><a href=\"https:\/\/www.freiburg-schwarzwald.de\/blog\/regio\/orte\/aitern\/aitern4holzinshaus130317\/\" rel=\"attachment wp-att-25254\"><img loading=\"lazy\" decoding=\"async\" class=\"alignnone size-thumbnail wp-image-25254\" title=\"aitern4holzinshaus130317\" alt=\"\" src=\"https:\/\/www.freiburg-schwarzwald.de\/blog\/wp-content\/uploads\/2013\/03\/aitern4holzinshaus130317-180x135.jpg\" width=\"180\" height=\"135\" srcset=\"https:\/\/www.freiburg-schwarzwald.de\/blog\/wp-content\/uploads\/2013\/03\/aitern4holzinshaus130317-180x135.jpg 180w, https:\/\/www.freiburg-schwarzwald.de\/blog\/wp-content\/uploads\/2013\/03\/aitern4holzinshaus130317.jpg 640w\" sizes=\"auto, (max-width: 180px) 100vw, 180px\" \/><\/a>\u00a0\u00a0\u00a0\u00a0\u00a0\u00a0\u00a0\u00a0\u00a0 <a href=\"https:\/\/www.freiburg-schwarzwald.de\/blog\/regio\/orte\/aitern\/aitern5holzinshaus130317\/\" rel=\"attachment wp-att-25255\"><img loading=\"lazy\" decoding=\"async\" class=\"alignnone size-thumbnail wp-image-25255\" title=\"aitern5holzinshaus130317\" alt=\"\" src=\"https:\/\/www.freiburg-schwarzwald.de\/blog\/wp-content\/uploads\/2013\/03\/aitern5holzinshaus130317-180x138.jpg\" width=\"180\" height=\"138\" srcset=\"https:\/\/www.freiburg-schwarzwald.de\/blog\/wp-content\/uploads\/2013\/03\/aitern5holzinshaus130317-180x138.jpg 180w, https:\/\/www.freiburg-schwarzwald.de\/blog\/wp-content\/uploads\/2013\/03\/aitern5holzinshaus130317.jpg 639w\" sizes=\"auto, (max-width: 180px) 100vw, 180px\" \/><\/a>\u00a0\u00a0\u00a0\u00a0\u00a0\u00a0\u00a0\u00a0 <a href=\"https:\/\/www.freiburg-schwarzwald.de\/blog\/regio\/orte\/aitern\/aitern4tannenboden130317\/\" rel=\"attachment wp-att-25256\"><img loading=\"lazy\" decoding=\"async\" class=\"alignnone size-thumbnail wp-image-25256\" title=\"aitern4tannenboden130317\" alt=\"\" src=\"https:\/\/www.freiburg-schwarzwald.de\/blog\/wp-content\/uploads\/2013\/03\/aitern4tannenboden130317-180x135.jpg\" width=\"180\" height=\"135\" srcset=\"https:\/\/www.freiburg-schwarzwald.de\/blog\/wp-content\/uploads\/2013\/03\/aitern4tannenboden130317-180x135.jpg 180w, https:\/\/www.freiburg-schwarzwald.de\/blog\/wp-content\/uploads\/2013\/03\/aitern4tannenboden130317.jpg 640w\" sizes=\"auto, (max-width: 180px) 100vw, 180px\" \/><\/a><br \/>\n(4) Nordwestw\u00e4rts zum Belchen\u00a0\u00a0\u00a0\u00a0\u00a0\u00a0\u00a0\u00a0\u00a0\u00a0 (5) Holzinshaus 17.3.2013\u00a0\u00a0\u00a0\u00a0\u00a0\u00a0\u00a0\u00a0\u00a0\u00a0\u00a0\u00a0\u00a0\u00a0\u00a0\u00a0\u00a0\u00a0\u00a0\u00a0\u00a0 (6) s\u00fcdw\u00e4rts vom Tannenboden<\/p>\n<p><a href=\"https:\/\/www.freiburg-schwarzwald.de\/blog\/regio\/orte\/aitern\/aitern16gscheidkopf130317\/\" rel=\"attachment wp-att-25269\"><img loading=\"lazy\" decoding=\"async\" class=\"alignnone size-thumbnail wp-image-25269\" title=\"aitern16gscheidkopf130317\" alt=\"\" src=\"https:\/\/www.freiburg-schwarzwald.de\/blog\/wp-content\/uploads\/2013\/03\/aitern16gscheidkopf130317-180x135.jpg\" width=\"180\" height=\"135\" srcset=\"https:\/\/www.freiburg-schwarzwald.de\/blog\/wp-content\/uploads\/2013\/03\/aitern16gscheidkopf130317-180x135.jpg 180w, https:\/\/www.freiburg-schwarzwald.de\/blog\/wp-content\/uploads\/2013\/03\/aitern16gscheidkopf130317.jpg 640w\" sizes=\"auto, (max-width: 180px) 100vw, 180px\" \/><\/a>\u00a0\u00a0\u00a0\u00a0\u00a0\u00a0\u00a0\u00a0\u00a0\u00a0 <a href=\"https:\/\/www.freiburg-schwarzwald.de\/blog\/regio\/orte\/aitern\/aitern17belchen130317\/\" rel=\"attachment wp-att-25270\"><img loading=\"lazy\" decoding=\"async\" class=\"alignnone size-thumbnail wp-image-25270\" title=\"aitern17belchen130317\" alt=\"\" src=\"https:\/\/www.freiburg-schwarzwald.de\/blog\/wp-content\/uploads\/2013\/03\/aitern17belchen130317-180x135.jpg\" width=\"180\" height=\"135\" srcset=\"https:\/\/www.freiburg-schwarzwald.de\/blog\/wp-content\/uploads\/2013\/03\/aitern17belchen130317-180x135.jpg 180w, https:\/\/www.freiburg-schwarzwald.de\/blog\/wp-content\/uploads\/2013\/03\/aitern17belchen130317.jpg 640w\" sizes=\"auto, (max-width: 180px) 100vw, 180px\" \/><\/a>\u00a0\u00a0\u00a0\u00a0\u00a0\u00a0\u00a0\u00a0\u00a0\u00a0 <a href=\"https:\/\/www.freiburg-schwarzwald.de\/blog\/regio\/orte\/aitern\/aitern18wiesental130316\/\" rel=\"attachment wp-att-25271\"><img loading=\"lazy\" decoding=\"async\" class=\"alignnone size-thumbnail wp-image-25271\" title=\"aitern18wiesental130316\" alt=\"\" src=\"https:\/\/www.freiburg-schwarzwald.de\/blog\/wp-content\/uploads\/2013\/03\/aitern18wiesental130316-180x135.jpg\" width=\"180\" height=\"135\" srcset=\"https:\/\/www.freiburg-schwarzwald.de\/blog\/wp-content\/uploads\/2013\/03\/aitern18wiesental130316-180x135.jpg 180w, https:\/\/www.freiburg-schwarzwald.de\/blog\/wp-content\/uploads\/2013\/03\/aitern18wiesental130316.jpg 640w\" sizes=\"auto, (max-width: 180px) 100vw, 180px\" \/><\/a><br \/>\n(7) s\u00fcdostw\u00e4rts zum Gscheidkopf\u00a0\u00a0\u00a0\u00a0\u00a0\u00a0\u00a0\u00a0\u00a0 (8) Strasse Aitern &#8211; Rollsbach\u00a0\u00a0\u00a0\u00a0\u00a0\u00a0\u00a0\u00a0\u00a0\u00a0\u00a0\u00a0\u00a0\u00a0\u00a0\u00a0 (9) S\u00fcdw\u00e4rts auf Aitern<\/p>\n<p><a href=\"https:\/\/www.freiburg-schwarzwald.de\/blog\/regio\/orte\/aitern\/aitern19ort130316\/\" rel=\"attachment wp-att-25272\"><img loading=\"lazy\" decoding=\"async\" class=\"alignnone size-thumbnail wp-image-25272\" title=\"aitern19ort130316\" alt=\"\" src=\"https:\/\/www.freiburg-schwarzwald.de\/blog\/wp-content\/uploads\/2013\/03\/aitern19ort130316-180x135.jpg\" width=\"180\" height=\"135\" srcset=\"https:\/\/www.freiburg-schwarzwald.de\/blog\/wp-content\/uploads\/2013\/03\/aitern19ort130316-180x135.jpg 180w, https:\/\/www.freiburg-schwarzwald.de\/blog\/wp-content\/uploads\/2013\/03\/aitern19ort130316.jpg 640w\" sizes=\"auto, (max-width: 180px) 100vw, 180px\" \/><\/a>\u00a0\u00a0\u00a0\u00a0\u00a0\u00a0\u00a0\u00a0\u00a0\u00a0 <a href=\"https:\/\/www.freiburg-schwarzwald.de\/blog\/regio\/orte\/aitern\/aitern20ort130316\/\" rel=\"attachment wp-att-25273\"><img loading=\"lazy\" decoding=\"async\" class=\"alignnone size-thumbnail wp-image-25273\" title=\"aitern20ort130316\" alt=\"\" src=\"https:\/\/www.freiburg-schwarzwald.de\/blog\/wp-content\/uploads\/2013\/03\/aitern20ort130316-180x139.jpg\" width=\"180\" height=\"139\" srcset=\"https:\/\/www.freiburg-schwarzwald.de\/blog\/wp-content\/uploads\/2013\/03\/aitern20ort130316-180x139.jpg 180w, https:\/\/www.freiburg-schwarzwald.de\/blog\/wp-content\/uploads\/2013\/03\/aitern20ort130316.jpg 638w\" sizes=\"auto, (max-width: 180px) 100vw, 180px\" \/><\/a>\u00a0\u00a0\u00a0\u00a0\u00a0\u00a0\u00a0\u00a0\u00a0 <a href=\"https:\/\/www.freiburg-schwarzwald.de\/blog\/regio\/orte\/aitern\/aitern21ort130316\/\" rel=\"attachment wp-att-25274\"><img loading=\"lazy\" decoding=\"async\" class=\"alignnone size-thumbnail wp-image-25274\" title=\"aitern21ort130316\" alt=\"\" src=\"https:\/\/www.freiburg-schwarzwald.de\/blog\/wp-content\/uploads\/2013\/03\/aitern21ort130316-180x139.jpg\" width=\"180\" height=\"139\" srcset=\"https:\/\/www.freiburg-schwarzwald.de\/blog\/wp-content\/uploads\/2013\/03\/aitern21ort130316-180x139.jpg 180w, https:\/\/www.freiburg-schwarzwald.de\/blog\/wp-content\/uploads\/2013\/03\/aitern21ort130316.jpg 640w\" sizes=\"auto, (max-width: 180px) 100vw, 180px\" \/><\/a><br \/>\n(10) Westw\u00e4rts \u00fcber Aitern\u00a0\u00a0\u00a0\u00a0\u00a0\u00a0\u00a0\u00a0\u00a0\u00a0\u00a0\u00a0\u00a0\u00a0\u00a0\u00a0\u00a0\u00a0\u00a0\u00a0\u00a0\u00a0 (11) Aitern und Holzinshaus\u00a0\u00a0\u00a0\u00a0\u00a0\u00a0\u00a0\u00a0\u00a0\u00a0\u00a0\u00a0\u00a0\u00a0\u00a0\u00a0\u00a0\u00a0 (12) Aitern liegt am Steilhang<\/p>\n<p><a href=\"https:\/\/www.freiburg-schwarzwald.de\/blog\/regio\/orte\/aitern\/aitern22holz130316\/\" rel=\"attachment wp-att-25275\"><img loading=\"lazy\" decoding=\"async\" class=\"alignnone size-thumbnail wp-image-25275\" title=\"aitern22holz130316\" alt=\"\" src=\"https:\/\/www.freiburg-schwarzwald.de\/blog\/wp-content\/uploads\/2013\/03\/aitern22holz130316-180x135.jpg\" width=\"180\" height=\"135\" srcset=\"https:\/\/www.freiburg-schwarzwald.de\/blog\/wp-content\/uploads\/2013\/03\/aitern22holz130316-180x135.jpg 180w, https:\/\/www.freiburg-schwarzwald.de\/blog\/wp-content\/uploads\/2013\/03\/aitern22holz130316.jpg 640w\" sizes=\"auto, (max-width: 180px) 100vw, 180px\" \/><\/a><br \/>\n(13) Holz am Haus in Aitern<\/p>\n<p>&nbsp;<\/p>\n<p>&nbsp;<\/p>\n<p>&nbsp;<\/p>\n<p><strong>Unter-Rollsbach und Ober-Rollsbach<\/strong><\/p>\n<p><a href=\"https:\/\/www.freiburg-schwarzwald.de\/blog\/regio\/orte\/aitern\/aitern6tannenboden130317\/\" rel=\"attachment wp-att-25257\"><img loading=\"lazy\" decoding=\"async\" class=\"alignnone size-thumbnail wp-image-25257\" title=\"aitern6tannenboden130317\" alt=\"\" src=\"https:\/\/www.freiburg-schwarzwald.de\/blog\/wp-content\/uploads\/2013\/03\/aitern6tannenboden130317-180x139.jpg\" width=\"180\" height=\"139\" srcset=\"https:\/\/www.freiburg-schwarzwald.de\/blog\/wp-content\/uploads\/2013\/03\/aitern6tannenboden130317-180x139.jpg 180w, https:\/\/www.freiburg-schwarzwald.de\/blog\/wp-content\/uploads\/2013\/03\/aitern6tannenboden130317.jpg 639w\" sizes=\"auto, (max-width: 180px) 100vw, 180px\" \/><\/a>\u00a0\u00a0\u00a0\u00a0\u00a0\u00a0\u00a0\u00a0\u00a0 <a href=\"https:\/\/www.freiburg-schwarzwald.de\/blog\/regio\/orte\/aitern\/aitern7unterrollsbach130317\/\" rel=\"attachment wp-att-25258\"><img loading=\"lazy\" decoding=\"async\" class=\"alignnone size-thumbnail wp-image-25258\" title=\"aitern7unterrollsbach130317\" alt=\"\" src=\"https:\/\/www.freiburg-schwarzwald.de\/blog\/wp-content\/uploads\/2013\/03\/aitern7unterrollsbach130317-180x140.jpg\" width=\"180\" height=\"140\" srcset=\"https:\/\/www.freiburg-schwarzwald.de\/blog\/wp-content\/uploads\/2013\/03\/aitern7unterrollsbach130317-180x140.jpg 180w, https:\/\/www.freiburg-schwarzwald.de\/blog\/wp-content\/uploads\/2013\/03\/aitern7unterrollsbach130317-640x498.jpg 640w, https:\/\/www.freiburg-schwarzwald.de\/blog\/wp-content\/uploads\/2013\/03\/aitern7unterrollsbach130317.jpg 641w\" sizes=\"auto, (max-width: 180px) 100vw, 180px\" \/><\/a>\u00a0\u00a0\u00a0\u00a0\u00a0\u00a0\u00a0\u00a0\u00a0 <a href=\"https:\/\/www.freiburg-schwarzwald.de\/blog\/regio\/orte\/aitern\/aitern8unterrollsbach130317\/\" rel=\"attachment wp-att-25259\"><img loading=\"lazy\" decoding=\"async\" class=\"alignnone size-thumbnail wp-image-25259\" title=\"aitern8unterrollsbach130317\" alt=\"\" src=\"https:\/\/www.freiburg-schwarzwald.de\/blog\/wp-content\/uploads\/2013\/03\/aitern8unterrollsbach130317-180x135.jpg\" width=\"180\" height=\"135\" srcset=\"https:\/\/www.freiburg-schwarzwald.de\/blog\/wp-content\/uploads\/2013\/03\/aitern8unterrollsbach130317-180x135.jpg 180w, https:\/\/www.freiburg-schwarzwald.de\/blog\/wp-content\/uploads\/2013\/03\/aitern8unterrollsbach130317.jpg 640w\" sizes=\"auto, (max-width: 180px) 100vw, 180px\" \/><\/a><br \/>\n(1) Nordw\u00e4rts vom Tannenboden\u00a0\u00a0\u00a0\u00a0\u00a0\u00a0\u00a0\u00a0\u00a0\u00a0(2) Westw\u00e4rts auf Unterrollsbach\u00a0\u00a0\u00a0\u00a0\u00a0\u00a0\u00a0\u00a0 (3) Unterrolsbach am 17.3.2013<\/p>\n<p><a href=\"https:\/\/www.freiburg-schwarzwald.de\/blog\/regio\/orte\/aitern\/aitern9rollsbach130317\/\" rel=\"attachment wp-att-25260\"><img loading=\"lazy\" decoding=\"async\" class=\"alignnone size-thumbnail wp-image-25260\" title=\"aitern9rollsbach130317\" alt=\"\" src=\"https:\/\/www.freiburg-schwarzwald.de\/blog\/wp-content\/uploads\/2013\/03\/aitern9rollsbach130317-180x135.jpg\" width=\"180\" height=\"135\" srcset=\"https:\/\/www.freiburg-schwarzwald.de\/blog\/wp-content\/uploads\/2013\/03\/aitern9rollsbach130317-180x135.jpg 180w, https:\/\/www.freiburg-schwarzwald.de\/blog\/wp-content\/uploads\/2013\/03\/aitern9rollsbach130317.jpg 640w\" sizes=\"auto, (max-width: 180px) 100vw, 180px\" \/><\/a>\u00a0\u00a0\u00a0\u00a0\u00a0\u00a0\u00a0\u00a0\u00a0 <a href=\"https:\/\/www.freiburg-schwarzwald.de\/blog\/regio\/orte\/aitern\/aitern10rollsbach130317\/\" rel=\"attachment wp-att-25261\"><img loading=\"lazy\" decoding=\"async\" class=\"alignnone size-thumbnail wp-image-25261\" title=\"aitern10rollsbach130317\" alt=\"\" src=\"https:\/\/www.freiburg-schwarzwald.de\/blog\/wp-content\/uploads\/2013\/03\/aitern10rollsbach130317-180x135.jpg\" width=\"180\" height=\"135\" srcset=\"https:\/\/www.freiburg-schwarzwald.de\/blog\/wp-content\/uploads\/2013\/03\/aitern10rollsbach130317-180x135.jpg 180w, https:\/\/www.freiburg-schwarzwald.de\/blog\/wp-content\/uploads\/2013\/03\/aitern10rollsbach130317.jpg 640w\" sizes=\"auto, (max-width: 180px) 100vw, 180px\" \/><\/a>\u00a0\u00a0\u00a0\u00a0\u00a0\u00a0\u00a0\u00a0\u00a0 <a href=\"https:\/\/www.freiburg-schwarzwald.de\/blog\/regio\/orte\/aitern\/aitern12oberrollsbach130317\/\" rel=\"attachment wp-att-25262\"><img loading=\"lazy\" decoding=\"async\" class=\"alignnone size-thumbnail wp-image-25262\" title=\"aitern12oberrollsbach130317\" alt=\"\" src=\"https:\/\/www.freiburg-schwarzwald.de\/blog\/wp-content\/uploads\/2013\/03\/aitern12oberrollsbach130317-180x135.jpg\" width=\"180\" height=\"135\" srcset=\"https:\/\/www.freiburg-schwarzwald.de\/blog\/wp-content\/uploads\/2013\/03\/aitern12oberrollsbach130317-180x135.jpg 180w, https:\/\/www.freiburg-schwarzwald.de\/blog\/wp-content\/uploads\/2013\/03\/aitern12oberrollsbach130317.jpg 640w\" sizes=\"auto, (max-width: 180px) 100vw, 180px\" \/><\/a><br \/>\n(4) Behringer-Hof\u00a0\u00a0Unterrollsbach\u00a0\u00a0\u00a0\u00a0\u00a0\u00a0\u00a0\u00a0 (5) Gl\u00f6cklehof bzw. Adam-Hof\u00a0\u00a0\u00a0\u00a0\u00a0\u00a0\u00a0\u00a0\u00a0\u00a0\u00a0\u00a0\u00a0\u00a0\u00a0\u00a0 (6) Oberrollsbach Wetzel-Hof<\/p>\n<p><a href=\"https:\/\/www.freiburg-schwarzwald.de\/blog\/regio\/orte\/aitern\/aitern11oberrollsbach130317\/\" rel=\"attachment wp-att-25263\"><img loading=\"lazy\" decoding=\"async\" class=\"alignnone size-thumbnail wp-image-25263\" title=\"aitern11oberrollsbach130317\" alt=\"\" src=\"https:\/\/www.freiburg-schwarzwald.de\/blog\/wp-content\/uploads\/2013\/03\/aitern11oberrollsbach130317-180x135.jpg\" width=\"180\" height=\"135\" srcset=\"https:\/\/www.freiburg-schwarzwald.de\/blog\/wp-content\/uploads\/2013\/03\/aitern11oberrollsbach130317-180x135.jpg 180w, https:\/\/www.freiburg-schwarzwald.de\/blog\/wp-content\/uploads\/2013\/03\/aitern11oberrollsbach130317.jpg 640w\" sizes=\"auto, (max-width: 180px) 100vw, 180px\" \/><\/a>\u00a0\u00a0\u00a0\u00a0\u00a0\u00a0\u00a0\u00a0\u00a0 <a href=\"https:\/\/www.freiburg-schwarzwald.de\/blog\/regio\/orte\/aitern\/aitern13rollsbach-auerhahn130317\/\" rel=\"attachment wp-att-25264\"><img loading=\"lazy\" decoding=\"async\" class=\"alignnone size-thumbnail wp-image-25264\" title=\"aitern13rollsbach-auerhahn130317\" alt=\"\" src=\"https:\/\/www.freiburg-schwarzwald.de\/blog\/wp-content\/uploads\/2013\/03\/aitern13rollsbach-auerhahn130317-180x135.jpg\" width=\"180\" height=\"135\" srcset=\"https:\/\/www.freiburg-schwarzwald.de\/blog\/wp-content\/uploads\/2013\/03\/aitern13rollsbach-auerhahn130317-180x135.jpg 180w, https:\/\/www.freiburg-schwarzwald.de\/blog\/wp-content\/uploads\/2013\/03\/aitern13rollsbach-auerhahn130317.jpg 640w\" sizes=\"auto, (max-width: 180px) 100vw, 180px\" \/><\/a>\u00a0\u00a0\u00a0\u00a0\u00a0\u00a0\u00a0\u00a0\u00a0 <a href=\"https:\/\/www.freiburg-schwarzwald.de\/blog\/regio\/orte\/aitern\/aitern14rollsbach130317\/\" rel=\"attachment wp-att-25265\"><img loading=\"lazy\" decoding=\"async\" class=\"alignnone size-thumbnail wp-image-25265\" title=\"aitern14rollsbach130317\" alt=\"\" src=\"https:\/\/www.freiburg-schwarzwald.de\/blog\/wp-content\/uploads\/2013\/03\/aitern14rollsbach130317-180x135.jpg\" width=\"180\" height=\"135\" srcset=\"https:\/\/www.freiburg-schwarzwald.de\/blog\/wp-content\/uploads\/2013\/03\/aitern14rollsbach130317-180x135.jpg 180w, https:\/\/www.freiburg-schwarzwald.de\/blog\/wp-content\/uploads\/2013\/03\/aitern14rollsbach130317.jpg 640w\" sizes=\"auto, (max-width: 180px) 100vw, 180px\" \/><\/a><br \/>\n(7) S\u00fcdw\u00f6rts gen Pberrollsbach\u00a0\u00a0\u00a0\u00a0\u00a0\u00a0\u00a0\u00a0\u00a0\u00a0\u00a0\u00a0(8) Gasthaus\u00a0Auerhahn\u00a0\u00a0\u00a0\u00a0\u00a0\u00a0\u00a0\u00a0\u00a0\u00a0\u00a0\u00a0\u00a0\u00a0\u00a0\u00a0\u00a0\u00a0\u00a0\u00a0\u00a0\u00a0\u00a0\u00a0\u00a0\u00a0\u00a0 (9) Gl\u00f6cklehof<\/p>\n<p><a href=\"https:\/\/www.freiburg-schwarzwald.de\/blog\/regio\/orte\/aitern\/aitern15unterrollsbach130317\/\" rel=\"attachment wp-att-25266\"><img loading=\"lazy\" decoding=\"async\" class=\"alignnone size-thumbnail wp-image-25266\" title=\"aitern15unterrollsbach130317\" alt=\"\" src=\"https:\/\/www.freiburg-schwarzwald.de\/blog\/wp-content\/uploads\/2013\/03\/aitern15unterrollsbach130317-180x135.jpg\" width=\"180\" height=\"135\" srcset=\"https:\/\/www.freiburg-schwarzwald.de\/blog\/wp-content\/uploads\/2013\/03\/aitern15unterrollsbach130317-180x135.jpg 180w, https:\/\/www.freiburg-schwarzwald.de\/blog\/wp-content\/uploads\/2013\/03\/aitern15unterrollsbach130317.jpg 640w\" sizes=\"auto, (max-width: 180px) 100vw, 180px\" \/><\/a><br \/>\n(10) S\u00fcdw\u00e4rts gen Unterrollsbach<\/p>\n<p>(1) Blick von Tannenboden am Strr\u00e4\u00dfchen von Aitern nach Rollsbach nach Norden auf die H\u00e4nge in Wieden und Ungendwieden am 17.3.2013<\/p>\n<p>Im Winter ist Rollsbach mit dem Pkw nur erreichbar \u00fcber das Str\u00e4\u00dfchen von Aitern \u00fcber den Tannenboden\/Auf den Winden. Auch der schmale Fahrweg von Unterrollsbach nach Winden-Laitenbach ist offen.\u00a0 Nicht befahrbar jedoch das schmale Str\u00e4\u00dfchen von Unterrollsbach runter zur Strasse am Wiedenbach zwischen Utzenfeld und Wieden.<br \/>\nViele Infos auf unserer Archivseite <a href=\"https:\/\/www.freiburg-schwarzwald.de\/rollsbach\">https:\/\/www.freiburg-schwarzwald.de\/rollsbach<\/a><\/p>\n","protected":false},"excerpt":{"rendered":"<p>Home &gt;Regio &gt;Berge\u00a0&gt;Belchen &gt;Orte &gt;Aitern Frauen im Oberen Wiesental &#8211; Landfrauenverband &gt;Wiesental1 (9.11.2009) B\u00fcrgermeisterin Andrea Kiefer verspricht vollen Einsatz &gt;Aitern (30.10.2007) Sport nach Krebs: Vera Oehhler in Belchenhalle Aitern &gt;Krebs1 (20.9.2007) Aitern Unter-Rollsbach und Ober-Rollsbach www.freiburg-schwarzwald.de\/aitern.htm &gt;Aitern Archivseite https:\/\/www.freiburg-schwarzwald.de\/rollsbach\u00a0&gt;Rollsbach Archivseite &hellip; <a href=\"https:\/\/www.freiburg-schwarzwald.de\/blog\/regio\/orte\/aitern\/\">Weiterlesen <span class=\"meta-nav\">&rarr;<\/span><\/a><\/p>\n","protected":false},"author":4,"featured_media":0,"parent":363,"menu_order":0,"comment_status":"open","ping_status":"closed","template":"","meta":{"footnotes":""},"class_list":["post-25247","page","type-page","status-publish","hentry"],"_links":{"self":[{"href":"https:\/\/www.freiburg-schwarzwald.de\/blog\/wp-json\/wp\/v2\/pages\/25247","targetHints":{"allow":["GET"]}}],"collection":[{"href":"https:\/\/www.freiburg-schwarzwald.de\/blog\/wp-json\/wp\/v2\/pages"}],"about":[{"href":"https:\/\/www.freiburg-schwarzwald.de\/blog\/wp-json\/wp\/v2\/types\/page"}],"author":[{"embeddable":true,"href":"https:\/\/www.freiburg-schwarzwald.de\/blog\/wp-json\/wp\/v2\/users\/4"}],"replies":[{"embeddable":true,"href":"https:\/\/www.freiburg-schwarzwald.de\/blog\/wp-json\/wp\/v2\/comments?post=25247"}],"version-history":[{"count":0,"href":"https:\/\/www.freiburg-schwarzwald.de\/blog\/wp-json\/wp\/v2\/pages\/25247\/revisions"}],"up":[{"embeddable":true,"href":"https:\/\/www.freiburg-schwarzwald.de\/blog\/wp-json\/wp\/v2\/pages\/363"}],"wp:attachment":[{"href":"https:\/\/www.freiburg-schwarzwald.de\/blog\/wp-json\/wp\/v2\/media?parent=25247"}],"curies":[{"name":"wp","href":"https:\/\/api.w.org\/{rel}","templated":true}]}}