{"id":24990,"date":"2013-03-18T11:17:38","date_gmt":"2013-03-18T10:17:38","guid":{"rendered":"https:\/\/www.freiburg-schwarzwald.de\/blog\/?page_id=24990"},"modified":"2013-03-18T11:56:00","modified_gmt":"2013-03-18T10:56:00","slug":"sittenerberg","status":"publish","type":"page","link":"https:\/\/www.freiburg-schwarzwald.de\/blog\/regio\/orte\/muenstertal\/sittenerberg\/","title":{"rendered":"SittenerBerg"},"content":{"rendered":"<p>Home &gt;<a title=\"Regio\" href=\"https:\/\/www.freiburg-schwarzwald.de\/blog\/regio\/\">Regio<\/a> &gt;<a title=\"Orte\" href=\"https:\/\/www.freiburg-schwarzwald.de\/blog\/regio\/orte\/\">Orte<\/a> &gt;<a title=\"Muenstertal\" href=\"https:\/\/www.freiburg-schwarzwald.de\/blog\/regio\/orte\/muenstertal\/\">Muenstertal<\/a> &gt;SitenerBerg<\/p>\n<div id=\"attachment_24997\" style=\"width: 610px\" class=\"wp-caption alignnone\"><a href=\"https:\/\/www.freiburg-schwarzwald.de\/blog\/regio\/orte\/muenstertal\/sittenerberg\/schauinsland11pan-sittenerberg110202\/\" rel=\"attachment wp-att-24997\"><img loading=\"lazy\" decoding=\"async\" aria-describedby=\"caption-attachment-24997\" class=\"size-full wp-image-24997\" title=\"schauinsland11pan-sittenerberg110202\" src=\"https:\/\/www.freiburg-schwarzwald.de\/blog\/wp-content\/uploads\/2013\/03\/schauinsland11pan-sittenerberg110202.jpg\" alt=\"\" width=\"600\" height=\"190\" srcset=\"https:\/\/www.freiburg-schwarzwald.de\/blog\/wp-content\/uploads\/2013\/03\/schauinsland11pan-sittenerberg110202.jpg 600w, https:\/\/www.freiburg-schwarzwald.de\/blog\/wp-content\/uploads\/2013\/03\/schauinsland11pan-sittenerberg110202-180x57.jpg 180w\" sizes=\"auto, (max-width: 600px) 100vw, 600px\" \/><\/a><p id=\"caption-attachment-24997\" class=\"wp-caption-text\">Schauinsland am 2.2.2011: Tele-Blick nach S\u00fcden \u00fcber den Sittener Berg bis zum Belchen - Nebel zieht hoch vom M\u00fcnstertal<\/p><\/div>\n<ul>\n<ul>\n<li>Sittenerbergweg<\/li>\n<li><a href=\"https:\/\/www.freiburg-schwarzwald.de\/muenstertals.htm\">https:\/\/www.freiburg-schwarzwald.de\/muenstertals.htm<\/a>\u00a0&gt;Sittenerbergweg Archivseite<\/li>\n<li><a href=\"https:\/\/www.freiburg-schwarzwald.de\/muenstertals.htm#Sittener Berg zwischen Schauinsland, Stohren und M\u00fcnstertal\">Sittener Berg zwischen Schauinsland, Stohren und M\u00fcnstertal<\/a><\/li>\n<li><a href=\"https:\/\/www.freiburg-schwarzwald.de\/muenstertals.htm#Sittenerbergweg\">Sittenerbergweg<\/a><\/li>\n<li><a href=\"https:\/\/www.freiburg-schwarzwald.de\/muenstertals.htm#Milchmattenhof\">Milchmattenhof am Sittener Berg<\/a><\/li>\n<li><a href=\"https:\/\/www.freiburg-schwarzwald.de\/muenstertals.htm#Sattelgrundhof am Sittener Berg\">Sattelgrundhof am Sittener Berg<\/a><\/li>\n<li><a href=\"https:\/\/www.freiburg-schwarzwald.de\/muenstertals.htm#Sch\u00f6neckhof am Sittener Berg\">Sch\u00f6neckhof am Sittener Berg<\/a><\/li>\n<li><a title=\"Neuhof\" href=\"https:\/\/www.freiburg-schwarzwald.de\/blog\/regio\/orte\/muenstertal\/neuhof\/\">Neuhof<\/a><\/li>\n<li><a href=\"https:\/\/www.freiburg-schwarzwald.de\/rollstuhl.htm\">Rollstuhlfahren im Schwarzwald<\/a> &gt;Rollstuhl<\/li>\n<li><a href=\"https:\/\/www.freiburg-schwarzwald.de\/obermuenstertal.htm#H\u00f6rhalde zwischen Sittener Berg und Sorbaum\">H\u00f6rhalde zwischen Sittener Berg und Sorbaum<\/a> &gt;Obermuenstertal<\/li>\n<li><a href=\"https:\/\/www.freiburg-schwarzwald.de\/wandern2.htm#H\u00f6henwanderung vom Schauinsland-Gie\u00dfh\u00fcbel zum Sonnhaldenberg und Hohlerhof\">H\u00f6henwanderung vom Gie\u00dfh\u00fcbel zum Sonnhaldenberg und Kohlerhof<\/a> mit Blick zum Sittner Berg<\/li>\n<li><a href=\"https:\/\/www.freiburg-schwarzwald.de\/obermuenstertal.htm\">Oberm\u00fcnstertal mit Neuhof und Spielweg &#8211; Bauernh\u00f6fe<\/a> &gt;Obermuenstertal<\/li>\n<li><a title=\"Spielweg\" href=\"https:\/\/www.freiburg-schwarzwald.de\/blog\/regio\/orte\/muenstertal\/spielweg\/\">Spielweg<\/a><\/li>\n<li><a title=\"Stohren\" href=\"https:\/\/www.freiburg-schwarzwald.de\/blog\/regio\/orte\/stohren\/\">Stohren<\/a><\/li>\n<\/ul>\n<\/ul>\n<p>&nbsp;<\/p>\n<p><strong>Sittenerbergweg<\/strong><\/p>\n<p>Zufahrt: Von Freiburg auf der L124 zum Schauinsland, rechts ab auf der K4957 zum Gasthaus Gie\u00dfh\u00fcbel, wo die Nordflanke des Sittener Bergs sichtbar wird (1). Weiter den<a title=\"Stohren\" href=\"https:\/\/www.freiburg-schwarzwald.de\/blog\/regio\/orte\/stohren\/\"> Stohren<\/a> hinunter in Richtung <a title=\"Spielweg\" href=\"https:\/\/www.freiburg-schwarzwald.de\/blog\/regio\/orte\/muenstertal\/spielweg\/\">Spielweg und Oberm\u00fcnstertal<\/a>.\u00a0Kurz nachdem die Stohrenstrasse in den Wald kommt, zweigt links das schmale Str\u00e4sschen &#8222;Sittnerbergweg&#8220; ab. Nun gehts steil hoch durch den Wald an der Farnr\u00fctte vorbei, bis kurz nach dem Waldrand der Milchmattenhof erscheint. Dort parken.<\/p>\n<p>Spaziergang: Wir sind 920 m hoch, links ziehen sich die Almweiden hoch zum Sittener Berg (1120 m). Direkt beim Abzweig runter zum alten Milchmattenhof geniesst man den ersten atemberaubend sch\u00f6nen Blick nach S\u00fcdwesten ins M\u00fcnstertal, zum Breitnauer Kopf\u00a0und weiter \u00fcber das Rheintal bis zu den Vogesen (2).\u00a0Nun spazieren wir ungef\u00e4hr 1,5 km vom Milchmattenhof \u00fcber den Sattelgrundhof zum Sch\u00f6neckhof. Von Norden nach S\u00fcden, immer fast eben. Nach jeder Kurve er\u00f6ffnet sich ein neuer Traumblick rechts in Richtung M\u00fcnstertal, zum <a href=\"https:\/\/www.freiburg-schwarzwald.de\/wandern2.htm#H\u00f6henwanderung vom Schauinsland-Gie\u00dfh\u00fcbel zum Sonnhaldenberg und Hohlerhof\">Sonnhaldenberg<\/a>, ins Rheintal bis zu den Vogesen.\u00a0Und links hoch wandert der Blick \u00fcber die Almweiden zum Sittener Berg (3). Genie\u00dfen Sie die Ausblicke ins M\u00fcnstertal nach S\u00fcden und Westen (ab 4). 500 m hinter dem Sch\u00f6neckhof gehts bergab (das Str\u00e4\u00dfchen f\u00fchrt weiter um die <a href=\"https:\/\/www.freiburg-schwarzwald.de\/obermuenstertal.htm#H\u00f6rhalde zwischen Sittener Berg und Sorbaum\">H\u00f6rhalde<\/a> herum nach Nordwesten dem Bach entlang, bis es bei Sorbaum wieder in die Stohrenstrasse einm\u00fcndet) und wir kehren um. Sie werden staunen: geht man den Sittnerbergweg zur\u00fcck in n\u00f6rdlicher Richtung, dann erlebt man die Ausblicke vollkommen anders und neu.<\/p>\n<p>&nbsp;<\/p>\n<p><a href=\"https:\/\/www.freiburg-schwarzwald.de\/blog\/regio\/orte\/muenstertal\/sittenerberg\/muenstertal14steigerhansenhof130305\/\" rel=\"attachment wp-att-25004\"><img loading=\"lazy\" decoding=\"async\" class=\"alignnone size-thumbnail wp-image-25004\" title=\"muenstertal14steigerhansenhof130305\" src=\"https:\/\/www.freiburg-schwarzwald.de\/blog\/wp-content\/uploads\/2013\/03\/muenstertal14steigerhansenhof130305-180x135.jpg\" alt=\"\" width=\"180\" height=\"135\" srcset=\"https:\/\/www.freiburg-schwarzwald.de\/blog\/wp-content\/uploads\/2013\/03\/muenstertal14steigerhansenhof130305-180x135.jpg 180w, https:\/\/www.freiburg-schwarzwald.de\/blog\/wp-content\/uploads\/2013\/03\/muenstertal14steigerhansenhof130305.jpg 640w\" sizes=\"auto, (max-width: 180px) 100vw, 180px\" \/><\/a>\u00a0\u00a0\u00a0\u00a0\u00a0\u00a0\u00a0\u00a0\u00a0 <a href=\"https:\/\/www.freiburg-schwarzwald.de\/blog\/regio\/orte\/muenstertal\/sittenerberg\/muenstertal15hoerhalde130305\/\" rel=\"attachment wp-att-25005\"><img loading=\"lazy\" decoding=\"async\" class=\"alignnone size-thumbnail wp-image-25005\" title=\"muenstertal15hoerhalde130305\" src=\"https:\/\/www.freiburg-schwarzwald.de\/blog\/wp-content\/uploads\/2013\/03\/muenstertal15hoerhalde130305-135x180.jpg\" alt=\"\" width=\"135\" height=\"180\" srcset=\"https:\/\/www.freiburg-schwarzwald.de\/blog\/wp-content\/uploads\/2013\/03\/muenstertal15hoerhalde130305-135x180.jpg 135w, https:\/\/www.freiburg-schwarzwald.de\/blog\/wp-content\/uploads\/2013\/03\/muenstertal15hoerhalde130305.jpg 480w\" sizes=\"auto, (max-width: 135px) 100vw, 135px\" \/><\/a>\u00a0\u00a0\u00a0\u00a0\u00a0\u00a0\u00a0\u00a0\u00a0\u00a0\u00a0\u00a0\u00a0\u00a0\u00a0\u00a0\u00a0\u00a0\u00a0\u00a0\u00a0\u00a0\u00a0 <a href=\"https:\/\/www.freiburg-schwarzwald.de\/blog\/regio\/orte\/muenstertal\/sittenerberg\/muenstertal16sittenergberg130305\/\" rel=\"attachment wp-att-25006\"><img loading=\"lazy\" decoding=\"async\" class=\"alignnone size-thumbnail wp-image-25006\" title=\"muenstertal16sittenergberg130305\" src=\"https:\/\/www.freiburg-schwarzwald.de\/blog\/wp-content\/uploads\/2013\/03\/muenstertal16sittenergberg130305-180x135.jpg\" alt=\"\" width=\"180\" height=\"135\" srcset=\"https:\/\/www.freiburg-schwarzwald.de\/blog\/wp-content\/uploads\/2013\/03\/muenstertal16sittenergberg130305-180x135.jpg 180w, https:\/\/www.freiburg-schwarzwald.de\/blog\/wp-content\/uploads\/2013\/03\/muenstertal16sittenergberg130305-640x480.jpg 640w, https:\/\/www.freiburg-schwarzwald.de\/blog\/wp-content\/uploads\/2013\/03\/muenstertal16sittenergberg130305.jpg 1000w\" sizes=\"auto, (max-width: 180px) 100vw, 180px\" \/><\/a><br \/>\n(1) Steigeransenhof an H\u00f6rhalde\u00a0\u00a0\u00a0\u00a0\u00a0\u00a0\u00a0\u00a0\u00a0\u00a0 (2) H\u00f6rhaldenbach\u00a0\u00a0\u00a0\u00a0\u00a0\u00a0\u00a0\u00a0\u00a0\u00a0\u00a0\u00a0\u00a0\u00a0\u00a0\u00a0\u00a0\u00a0\u00a0\u00a0\u00a0\u00a0\u00a0\u00a0\u00a0\u00a0\u00a0\u00a0\u00a0\u00a0\u00a0\u00a0 (3) Sittenerbergweg nordw\u00e4rts<\/p>\n<p><a href=\"https:\/\/www.freiburg-schwarzwald.de\/blog\/regio\/orte\/muenstertal\/sittenerberg\/muenstertal17gigenegut130305\/\" rel=\"attachment wp-att-25007\"><img loading=\"lazy\" decoding=\"async\" class=\"alignnone size-thumbnail wp-image-25007\" title=\"muenstertal17gigenegut130305\" src=\"https:\/\/www.freiburg-schwarzwald.de\/blog\/wp-content\/uploads\/2013\/03\/muenstertal17gigenegut130305-180x135.jpg\" alt=\"\" width=\"180\" height=\"135\" srcset=\"https:\/\/www.freiburg-schwarzwald.de\/blog\/wp-content\/uploads\/2013\/03\/muenstertal17gigenegut130305-180x135.jpg 180w, https:\/\/www.freiburg-schwarzwald.de\/blog\/wp-content\/uploads\/2013\/03\/muenstertal17gigenegut130305.jpg 640w\" sizes=\"auto, (max-width: 180px) 100vw, 180px\" \/><\/a>\u00a0\u00a0\u00a0\u00a0\u00a0\u00a0\u00a0\u00a0\u00a0 <a href=\"https:\/\/www.freiburg-schwarzwald.de\/blog\/regio\/orte\/muenstertal\/sittenerberg\/muenstertal18sattelgrund130305\/\" rel=\"attachment wp-att-25008\"><img loading=\"lazy\" decoding=\"async\" class=\"alignnone size-thumbnail wp-image-25008\" title=\"muenstertal18sattelgrund130305\" src=\"https:\/\/www.freiburg-schwarzwald.de\/blog\/wp-content\/uploads\/2013\/03\/muenstertal18sattelgrund130305-180x135.jpg\" alt=\"\" width=\"180\" height=\"135\" srcset=\"https:\/\/www.freiburg-schwarzwald.de\/blog\/wp-content\/uploads\/2013\/03\/muenstertal18sattelgrund130305-180x135.jpg 180w, https:\/\/www.freiburg-schwarzwald.de\/blog\/wp-content\/uploads\/2013\/03\/muenstertal18sattelgrund130305.jpg 640w\" sizes=\"auto, (max-width: 180px) 100vw, 180px\" \/><\/a>\u00a0\u00a0\u00a0\u00a0\u00a0\u00a0\u00a0\u00a0\u00a0 <a href=\"https:\/\/www.freiburg-schwarzwald.de\/blog\/regio\/orte\/muenstertal\/sittenerberg\/muenstertal19sonnhaldeberg130305\/\" rel=\"attachment wp-att-25009\"><img loading=\"lazy\" decoding=\"async\" class=\"alignnone size-thumbnail wp-image-25009\" title=\"muenstertal19sonnhaldeberg130305\" src=\"https:\/\/www.freiburg-schwarzwald.de\/blog\/wp-content\/uploads\/2013\/03\/muenstertal19sonnhaldeberg130305-180x135.jpg\" alt=\"\" width=\"180\" height=\"135\" srcset=\"https:\/\/www.freiburg-schwarzwald.de\/blog\/wp-content\/uploads\/2013\/03\/muenstertal19sonnhaldeberg130305-180x135.jpg 180w, https:\/\/www.freiburg-schwarzwald.de\/blog\/wp-content\/uploads\/2013\/03\/muenstertal19sonnhaldeberg130305-640x480.jpg 640w, https:\/\/www.freiburg-schwarzwald.de\/blog\/wp-content\/uploads\/2013\/03\/muenstertal19sonnhaldeberg130305.jpg 1000w\" sizes=\"auto, (max-width: 180px) 100vw, 180px\" \/><\/a><br \/>\n(4) Gigenegut im Westen Sonnhalde\u00a0\u00a0 (5) Sattelgrundhof\u00a05.3.2013\u00a0\u00a0\u00a0\u00a0\u00a0\u00a0\u00a0\u00a0\u00a0\u00a0\u00a0\u00a0\u00a0\u00a0\u00a0\u00a0\u00a0\u00a0\u00a0\u00a0\u00a0 (6) Sonnhaldeberg im Westen<\/p>\n<p><a href=\"https:\/\/www.freiburg-schwarzwald.de\/blog\/regio\/orte\/muenstertal\/sittenerberg\/muenstertal20sonnhalde-vogesen130305\/\" rel=\"attachment wp-att-25010\"><img loading=\"lazy\" decoding=\"async\" class=\"alignnone size-thumbnail wp-image-25010\" title=\"muenstertal20sonnhalde-vogesen130305\" src=\"https:\/\/www.freiburg-schwarzwald.de\/blog\/wp-content\/uploads\/2013\/03\/muenstertal20sonnhalde-vogesen130305-180x135.jpg\" alt=\"\" width=\"180\" height=\"135\" srcset=\"https:\/\/www.freiburg-schwarzwald.de\/blog\/wp-content\/uploads\/2013\/03\/muenstertal20sonnhalde-vogesen130305-180x135.jpg 180w, https:\/\/www.freiburg-schwarzwald.de\/blog\/wp-content\/uploads\/2013\/03\/muenstertal20sonnhalde-vogesen130305-640x480.jpg 640w, https:\/\/www.freiburg-schwarzwald.de\/blog\/wp-content\/uploads\/2013\/03\/muenstertal20sonnhalde-vogesen130305.jpg 1000w\" sizes=\"auto, (max-width: 180px) 100vw, 180px\" \/><\/a>\u00a0\u00a0\u00a0\u00a0\u00a0\u00a0\u00a0\u00a0\u00a0 <a href=\"https:\/\/www.freiburg-schwarzwald.de\/blog\/regio\/orte\/muenstertal\/sittenerberg\/muenstertal21hoerhalde-branden130305\/\" rel=\"attachment wp-att-25011\"><img loading=\"lazy\" decoding=\"async\" class=\"alignnone size-thumbnail wp-image-25011\" title=\"muenstertal21hoerhalde-branden130305\" src=\"https:\/\/www.freiburg-schwarzwald.de\/blog\/wp-content\/uploads\/2013\/03\/muenstertal21hoerhalde-branden130305-180x135.jpg\" alt=\"\" width=\"180\" height=\"135\" srcset=\"https:\/\/www.freiburg-schwarzwald.de\/blog\/wp-content\/uploads\/2013\/03\/muenstertal21hoerhalde-branden130305-180x135.jpg 180w, https:\/\/www.freiburg-schwarzwald.de\/blog\/wp-content\/uploads\/2013\/03\/muenstertal21hoerhalde-branden130305-640x480.jpg 640w, https:\/\/www.freiburg-schwarzwald.de\/blog\/wp-content\/uploads\/2013\/03\/muenstertal21hoerhalde-branden130305.jpg 1000w\" sizes=\"auto, (max-width: 180px) 100vw, 180px\" \/><\/a>\u00a0\u00a0\u00a0\u00a0\u00a0\u00a0\u00a0\u00a0\u00a0 <a href=\"https:\/\/www.freiburg-schwarzwald.de\/blog\/regio\/orte\/muenstertal\/sittenerberg\/muenstertal22sattelgrund130305\/\" rel=\"attachment wp-att-25012\"><img loading=\"lazy\" decoding=\"async\" class=\"alignnone size-thumbnail wp-image-25012\" title=\"muenstertal22sattelgrund130305\" src=\"https:\/\/www.freiburg-schwarzwald.de\/blog\/wp-content\/uploads\/2013\/03\/muenstertal22sattelgrund130305-180x135.jpg\" alt=\"\" width=\"180\" height=\"135\" srcset=\"https:\/\/www.freiburg-schwarzwald.de\/blog\/wp-content\/uploads\/2013\/03\/muenstertal22sattelgrund130305-180x135.jpg 180w, https:\/\/www.freiburg-schwarzwald.de\/blog\/wp-content\/uploads\/2013\/03\/muenstertal22sattelgrund130305.jpg 640w\" sizes=\"auto, (max-width: 180px) 100vw, 180px\" \/><\/a><br \/>\n(7) Sonnhalde und Vogesen\u00a0\u00a0\u00a0\u00a0\u00a0\u00a0\u00a0\u00a0\u00a0\u00a0\u00a0\u00a0\u00a0\u00a0\u00a0\u00a0\u00a0(8) H\u00f6rhalde und Branden im S\u00fcden\u00a0\u00a0\u00a0 \u00a0(9) Sattelgrund nordw\u00e4rts<\/p>\n<p><a href=\"https:\/\/www.freiburg-schwarzwald.de\/blog\/regio\/orte\/muenstertal\/sittenerberg\/muenstertal23schoeneck130305\/\" rel=\"attachment wp-att-25013\"><img loading=\"lazy\" decoding=\"async\" class=\"alignnone size-thumbnail wp-image-25013\" title=\"muenstertal23schoeneck130305\" src=\"https:\/\/www.freiburg-schwarzwald.de\/blog\/wp-content\/uploads\/2013\/03\/muenstertal23schoeneck130305-180x135.jpg\" alt=\"\" width=\"180\" height=\"135\" srcset=\"https:\/\/www.freiburg-schwarzwald.de\/blog\/wp-content\/uploads\/2013\/03\/muenstertal23schoeneck130305-180x135.jpg 180w, https:\/\/www.freiburg-schwarzwald.de\/blog\/wp-content\/uploads\/2013\/03\/muenstertal23schoeneck130305-640x480.jpg 640w, https:\/\/www.freiburg-schwarzwald.de\/blog\/wp-content\/uploads\/2013\/03\/muenstertal23schoeneck130305.jpg 1000w\" sizes=\"auto, (max-width: 180px) 100vw, 180px\" \/><\/a>\u00a0\u00a0\u00a0\u00a0\u00a0\u00a0\u00a0\u00a0\u00a0 <a href=\"https:\/\/www.freiburg-schwarzwald.de\/blog\/regio\/orte\/muenstertal\/sittenerberg\/muenstertal24schoeneck130305\/\" rel=\"attachment wp-att-25014\"><img loading=\"lazy\" decoding=\"async\" class=\"alignnone size-thumbnail wp-image-25014\" title=\"muenstertal24schoeneck130305\" src=\"https:\/\/www.freiburg-schwarzwald.de\/blog\/wp-content\/uploads\/2013\/03\/muenstertal24schoeneck130305-180x135.jpg\" alt=\"\" width=\"180\" height=\"135\" srcset=\"https:\/\/www.freiburg-schwarzwald.de\/blog\/wp-content\/uploads\/2013\/03\/muenstertal24schoeneck130305-180x135.jpg 180w, https:\/\/www.freiburg-schwarzwald.de\/blog\/wp-content\/uploads\/2013\/03\/muenstertal24schoeneck130305-640x480.jpg 640w, https:\/\/www.freiburg-schwarzwald.de\/blog\/wp-content\/uploads\/2013\/03\/muenstertal24schoeneck130305.jpg 1000w\" sizes=\"auto, (max-width: 180px) 100vw, 180px\" \/><\/a>\u00a0\u00a0\u00a0\u00a0\u00a0\u00a0\u00a0\u00a0\u00a0 <a href=\"https:\/\/www.freiburg-schwarzwald.de\/blog\/regio\/orte\/muenstertal\/sittenerberg\/muenstertal25sonnhaldek130305\/\" rel=\"attachment wp-att-25015\"><img loading=\"lazy\" decoding=\"async\" class=\"alignnone size-thumbnail wp-image-25015\" title=\"muenstertal25sonnhaldek130305\" src=\"https:\/\/www.freiburg-schwarzwald.de\/blog\/wp-content\/uploads\/2013\/03\/muenstertal25sonnhaldek130305-180x135.jpg\" alt=\"\" width=\"180\" height=\"135\" srcset=\"https:\/\/www.freiburg-schwarzwald.de\/blog\/wp-content\/uploads\/2013\/03\/muenstertal25sonnhaldek130305-180x135.jpg 180w, https:\/\/www.freiburg-schwarzwald.de\/blog\/wp-content\/uploads\/2013\/03\/muenstertal25sonnhaldek130305-640x480.jpg 640w, https:\/\/www.freiburg-schwarzwald.de\/blog\/wp-content\/uploads\/2013\/03\/muenstertal25sonnhaldek130305.jpg 1000w\" sizes=\"auto, (max-width: 180px) 100vw, 180px\" \/><\/a><br \/>\n(10) Sch\u00f6neck und Branden im S\u00fcden\u00a0\u00a0\u00a0(11) Sch\u00f6neck am Sittenerbergweg\u00a0\u00a0\u00a0 (12) Sonnhalde im S\u00fcdwesten<\/p>\n<p><a href=\"https:\/\/www.freiburg-schwarzwald.de\/blog\/regio\/orte\/muenstertal\/sittenerberg\/muenstertal26milchmattenhof130305\/\" rel=\"attachment wp-att-25016\"><img loading=\"lazy\" decoding=\"async\" class=\"alignnone size-thumbnail wp-image-25016\" title=\"muenstertal26milchmattenhof130305\" src=\"https:\/\/www.freiburg-schwarzwald.de\/blog\/wp-content\/uploads\/2013\/03\/muenstertal26milchmattenhof130305-180x135.jpg\" alt=\"\" width=\"180\" height=\"135\" srcset=\"https:\/\/www.freiburg-schwarzwald.de\/blog\/wp-content\/uploads\/2013\/03\/muenstertal26milchmattenhof130305-180x135.jpg 180w, https:\/\/www.freiburg-schwarzwald.de\/blog\/wp-content\/uploads\/2013\/03\/muenstertal26milchmattenhof130305.jpg 640w\" sizes=\"auto, (max-width: 180px) 100vw, 180px\" \/><\/a>\u00a0\u00a0\u00a0\u00a0\u00a0\u00a0\u00a0\u00a0\u00a0 <a href=\"https:\/\/www.freiburg-schwarzwald.de\/blog\/regio\/orte\/muenstertal\/sittenerberg\/muenstertal27milchmattenhof130305\/\" rel=\"attachment wp-att-25017\"><img loading=\"lazy\" decoding=\"async\" class=\"alignnone size-thumbnail wp-image-25017\" title=\"muenstertal27milchmattenhof130305\" src=\"https:\/\/www.freiburg-schwarzwald.de\/blog\/wp-content\/uploads\/2013\/03\/muenstertal27milchmattenhof130305-180x135.jpg\" alt=\"\" width=\"180\" height=\"135\" srcset=\"https:\/\/www.freiburg-schwarzwald.de\/blog\/wp-content\/uploads\/2013\/03\/muenstertal27milchmattenhof130305-180x135.jpg 180w, https:\/\/www.freiburg-schwarzwald.de\/blog\/wp-content\/uploads\/2013\/03\/muenstertal27milchmattenhof130305.jpg 640w\" sizes=\"auto, (max-width: 180px) 100vw, 180px\" \/><\/a>\u00a0\u00a0\u00a0\u00a0\u00a0\u00a0 <a href=\"https:\/\/www.freiburg-schwarzwald.de\/blog\/regio\/orte\/muenstertal\/sittenerberg\/muenstertal28milchmattenhof130305\/\" rel=\"attachment wp-att-25018\"><img loading=\"lazy\" decoding=\"async\" class=\"alignnone size-thumbnail wp-image-25018\" title=\"muenstertal28milchmattenhof130305\" src=\"https:\/\/www.freiburg-schwarzwald.de\/blog\/wp-content\/uploads\/2013\/03\/muenstertal28milchmattenhof130305-180x135.jpg\" alt=\"\" width=\"180\" height=\"135\" srcset=\"https:\/\/www.freiburg-schwarzwald.de\/blog\/wp-content\/uploads\/2013\/03\/muenstertal28milchmattenhof130305-180x135.jpg 180w, https:\/\/www.freiburg-schwarzwald.de\/blog\/wp-content\/uploads\/2013\/03\/muenstertal28milchmattenhof130305-640x480.jpg 640w, https:\/\/www.freiburg-schwarzwald.de\/blog\/wp-content\/uploads\/2013\/03\/muenstertal28milchmattenhof130305.jpg 1000w\" sizes=\"auto, (max-width: 180px) 100vw, 180px\" \/><\/a><br \/>\n(13) Milchmattenhof nordw\u00e4rts\u00a0\u00a0\u00a0\u00a0\u00a0\u00a0\u00a0\u00a0\u00a0\u00a0\u00a0\u00a0\u00a0 (14) Milchmatte westw\u00e4rts\u00a0\u00a0\u00a0\u00a0\u00a0\u00a0\u00a0\u00a0\u00a0\u00a0\u00a0\u00a0\u00a0\u00a0\u00a0\u00a0\u00a0\u00a0\u00a0 (15) Milchmatte ostw\u00e4rts<\/p>\n<p>(4) Blick vom Sittenerbergweg nach Westen \u00fcber das tief eingeschnittene Stohren-Tal (ganz unten am Bach liegt Sorbaum) zu Gigenegut am Steilhang des Sonnhaldebergs am 5.3.2013<br \/>\n8) Blick \u00fcber den Sittenerbergweg (links) nach S\u00fcden am 5.3.2013 zur H\u00f6rhalde und weiter zum Brandenkopf.<\/p>\n<p>&nbsp;<\/p>\n","protected":false},"excerpt":{"rendered":"<p>Home &gt;Regio &gt;Orte &gt;Muenstertal &gt;SitenerBerg Sittenerbergweg https:\/\/www.freiburg-schwarzwald.de\/muenstertals.htm\u00a0&gt;Sittenerbergweg Archivseite Sittener Berg zwischen Schauinsland, Stohren und M\u00fcnstertal Sittenerbergweg Milchmattenhof am Sittener Berg Sattelgrundhof am Sittener Berg Sch\u00f6neckhof am Sittener Berg Neuhof Rollstuhlfahren im Schwarzwald &gt;Rollstuhl H\u00f6rhalde zwischen Sittener Berg und Sorbaum &gt;Obermuenstertal &hellip; <a href=\"https:\/\/www.freiburg-schwarzwald.de\/blog\/regio\/orte\/muenstertal\/sittenerberg\/\">Weiterlesen <span class=\"meta-nav\">&rarr;<\/span><\/a><\/p>\n","protected":false},"author":4,"featured_media":0,"parent":4206,"menu_order":0,"comment_status":"open","ping_status":"closed","template":"","meta":{"footnotes":""},"class_list":["post-24990","page","type-page","status-publish","hentry"],"_links":{"self":[{"href":"https:\/\/www.freiburg-schwarzwald.de\/blog\/wp-json\/wp\/v2\/pages\/24990","targetHints":{"allow":["GET"]}}],"collection":[{"href":"https:\/\/www.freiburg-schwarzwald.de\/blog\/wp-json\/wp\/v2\/pages"}],"about":[{"href":"https:\/\/www.freiburg-schwarzwald.de\/blog\/wp-json\/wp\/v2\/types\/page"}],"author":[{"embeddable":true,"href":"https:\/\/www.freiburg-schwarzwald.de\/blog\/wp-json\/wp\/v2\/users\/4"}],"replies":[{"embeddable":true,"href":"https:\/\/www.freiburg-schwarzwald.de\/blog\/wp-json\/wp\/v2\/comments?post=24990"}],"version-history":[{"count":0,"href":"https:\/\/www.freiburg-schwarzwald.de\/blog\/wp-json\/wp\/v2\/pages\/24990\/revisions"}],"up":[{"embeddable":true,"href":"https:\/\/www.freiburg-schwarzwald.de\/blog\/wp-json\/wp\/v2\/pages\/4206"}],"wp:attachment":[{"href":"https:\/\/www.freiburg-schwarzwald.de\/blog\/wp-json\/wp\/v2\/media?parent=24990"}],"curies":[{"name":"wp","href":"https:\/\/api.w.org\/{rel}","templated":true}]}}