{"id":24906,"date":"2013-03-17T22:07:46","date_gmt":"2013-03-17T21:07:46","guid":{"rendered":"https:\/\/www.freiburg-schwarzwald.de\/blog\/?page_id=24906"},"modified":"2013-03-20T18:52:22","modified_gmt":"2013-03-20T17:52:22","slug":"neuhof","status":"publish","type":"page","link":"https:\/\/www.freiburg-schwarzwald.de\/blog\/regio\/orte\/muenstertal\/neuhof\/","title":{"rendered":"Neuhof"},"content":{"rendered":"<p>Home &gt;<a title=\"Regio\" href=\"https:\/\/www.freiburg-schwarzwald.de\/blog\/regio\/\">Regio<\/a> &gt;<a title=\"Orte\" href=\"https:\/\/www.freiburg-schwarzwald.de\/blog\/regio\/orte\/\">Orte<\/a> &gt;<a title=\"Muenstertal\" href=\"https:\/\/www.freiburg-schwarzwald.de\/blog\/regio\/orte\/muenstertal\/\">Muenstertal<\/a> &gt;Neuhof<\/p>\n<div id=\"attachment_25222\" style=\"width: 650px\" class=\"wp-caption alignnone\"><a href=\"https:\/\/www.freiburg-schwarzwald.de\/blog\/regio\/orte\/muenstertal\/neuhof\/neuhof-breitnau-pan130317\/\" rel=\"attachment wp-att-25222\"><img loading=\"lazy\" decoding=\"async\" aria-describedby=\"caption-attachment-25222\" class=\"size-full wp-image-25222\" title=\"neuhof-breitnau-pan130317\" src=\"https:\/\/www.freiburg-schwarzwald.de\/blog\/wp-content\/uploads\/2013\/03\/neuhof-breitnau-pan130317.jpg\" alt=\"\" width=\"640\" height=\"207\" srcset=\"https:\/\/www.freiburg-schwarzwald.de\/blog\/wp-content\/uploads\/2013\/03\/neuhof-breitnau-pan130317.jpg 640w, https:\/\/www.freiburg-schwarzwald.de\/blog\/wp-content\/uploads\/2013\/03\/neuhof-breitnau-pan130317-180x58.jpg 180w\" sizes=\"auto, (max-width: 640px) 100vw, 640px\" \/><\/a><p id=\"caption-attachment-25222\" class=\"wp-caption-text\">Blick nach Westen \u00fcber Neuhof zum Breitnauerkopfsattel mit dem Wie\u00dfler-Hof am 16.3.2013<\/p><\/div>\n<ul>\n<li>Neuhof zwischen M\u00fcnstertal-Hinteres Elend und Wiedener Eck<\/li>\n<li><a href=\"https:\/\/www.freiburg-schwarzwald.de\/obermuenstertal.htm#Neuhof zwischen\">https:\/\/www.freiburg-schwarzwald.de\/obermuenstertal.htm#Neuhof zwischen<\/a> Elend und Wiedener Eck \u00a0<\/li>\n<li><a title=\"SittenerBerg\" href=\"https:\/\/www.freiburg-schwarzwald.de\/blog\/regio\/orte\/muenstertal\/sittenerberg\/\">Sittener Berg<\/a><\/li>\n<li><a title=\"Spielweg\" href=\"https:\/\/www.freiburg-schwarzwald.de\/blog\/regio\/orte\/muenstertal\/spielweg\/\">Spielweg<\/a><\/li>\n<li><a title=\"Wieden\" href=\"https:\/\/www.freiburg-schwarzwald.de\/blog\/regio\/orte\/wieden\/\">Wieden mit Wiedener Eck<\/a><\/li>\n<\/ul>\n<p>&nbsp;<\/p>\n<p><a href=\"https:\/\/www.freiburg-schwarzwald.de\/blog\/regio\/orte\/muenstertal\/neuhof\/neuhof1breitnau130305\/\" rel=\"attachment wp-att-24908\"><img loading=\"lazy\" decoding=\"async\" class=\"alignnone size-thumbnail wp-image-24908\" title=\"neuhof1breitnau130305\" src=\"https:\/\/www.freiburg-schwarzwald.de\/blog\/wp-content\/uploads\/2013\/03\/neuhof1breitnau130305-180x135.jpg\" alt=\"\" width=\"180\" height=\"135\" srcset=\"https:\/\/www.freiburg-schwarzwald.de\/blog\/wp-content\/uploads\/2013\/03\/neuhof1breitnau130305-180x135.jpg 180w, https:\/\/www.freiburg-schwarzwald.de\/blog\/wp-content\/uploads\/2013\/03\/neuhof1breitnau130305-640x480.jpg 640w, https:\/\/www.freiburg-schwarzwald.de\/blog\/wp-content\/uploads\/2013\/03\/neuhof1breitnau130305.jpg 1000w\" sizes=\"auto, (max-width: 180px) 100vw, 180px\" \/><\/a>\u00a0\u00a0\u00a0\u00a0\u00a0\u00a0\u00a0\u00a0\u00a0 <a href=\"https:\/\/www.freiburg-schwarzwald.de\/blog\/regio\/orte\/muenstertal\/neuhof\/neuhof2breitnauhof130305\/\" rel=\"attachment wp-att-24909\"><img loading=\"lazy\" decoding=\"async\" class=\"alignnone size-thumbnail wp-image-24909\" title=\"neuhof2breitnauhof130305\" src=\"https:\/\/www.freiburg-schwarzwald.de\/blog\/wp-content\/uploads\/2013\/03\/neuhof2breitnauhof130305-180x135.jpg\" alt=\"\" width=\"180\" height=\"135\" srcset=\"https:\/\/www.freiburg-schwarzwald.de\/blog\/wp-content\/uploads\/2013\/03\/neuhof2breitnauhof130305-180x135.jpg 180w, https:\/\/www.freiburg-schwarzwald.de\/blog\/wp-content\/uploads\/2013\/03\/neuhof2breitnauhof130305-640x480.jpg 640w, https:\/\/www.freiburg-schwarzwald.de\/blog\/wp-content\/uploads\/2013\/03\/neuhof2breitnauhof130305.jpg 1000w\" sizes=\"auto, (max-width: 180px) 100vw, 180px\" \/><\/a>\u00a0\u00a0\u00a0\u00a0\u00a0\u00a0\u00a0\u00a0\u00a0 <a href=\"https:\/\/www.freiburg-schwarzwald.de\/blog\/regio\/orte\/muenstertal\/neuhof\/neuhof3oberneuhof130305\/\" rel=\"attachment wp-att-24910\"><img loading=\"lazy\" decoding=\"async\" class=\"alignnone size-thumbnail wp-image-24910\" title=\"neuhof3oberneuhof130305\" src=\"https:\/\/www.freiburg-schwarzwald.de\/blog\/wp-content\/uploads\/2013\/03\/neuhof3oberneuhof130305-180x135.jpg\" alt=\"\" width=\"180\" height=\"135\" srcset=\"https:\/\/www.freiburg-schwarzwald.de\/blog\/wp-content\/uploads\/2013\/03\/neuhof3oberneuhof130305-180x135.jpg 180w, https:\/\/www.freiburg-schwarzwald.de\/blog\/wp-content\/uploads\/2013\/03\/neuhof3oberneuhof130305-640x480.jpg 640w, https:\/\/www.freiburg-schwarzwald.de\/blog\/wp-content\/uploads\/2013\/03\/neuhof3oberneuhof130305.jpg 1000w\" sizes=\"auto, (max-width: 180px) 100vw, 180px\" \/><\/a><br \/>\n(1) Breitnauer Kopf 5.3.2013\u00a0\u00a0\u00a0\u00a0\u00a0\u00a0\u00a0\u00a0\u00a0\u00a0\u00a0\u00a0\u00a0\u00a0\u00a0\u00a0 (2) Blick westw\u00e4rts Breitnausattel\u00a0\u00a0\u00a0\u00a0\u00a0\u00a0\u00a0 (3) Blick \u00fcber Gasthaus Neuhof<\/p>\n<p><a href=\"https:\/\/www.freiburg-schwarzwald.de\/blog\/regio\/orte\/muenstertal\/neuhof\/neuhof4skilift130305\/\" rel=\"attachment wp-att-24914\"><img loading=\"lazy\" decoding=\"async\" class=\"alignnone size-thumbnail wp-image-24914\" title=\"neuhof4skilift130305\" src=\"https:\/\/www.freiburg-schwarzwald.de\/blog\/wp-content\/uploads\/2013\/03\/neuhof4skilift130305-180x135.jpg\" alt=\"\" width=\"180\" height=\"135\" srcset=\"https:\/\/www.freiburg-schwarzwald.de\/blog\/wp-content\/uploads\/2013\/03\/neuhof4skilift130305-180x135.jpg 180w, https:\/\/www.freiburg-schwarzwald.de\/blog\/wp-content\/uploads\/2013\/03\/neuhof4skilift130305-640x480.jpg 640w, https:\/\/www.freiburg-schwarzwald.de\/blog\/wp-content\/uploads\/2013\/03\/neuhof4skilift130305.jpg 1000w\" sizes=\"auto, (max-width: 180px) 100vw, 180px\" \/><\/a>\u00a0\u00a0\u00a0\u00a0\u00a0\u00a0\u00a0\u00a0\u00a0 <a href=\"https:\/\/www.freiburg-schwarzwald.de\/blog\/regio\/orte\/muenstertal\/neuhof\/neuhof5bittenhaeuser130305\/\" rel=\"attachment wp-att-24915\"><img loading=\"lazy\" decoding=\"async\" class=\"alignnone size-thumbnail wp-image-24915\" title=\"neuhof5bittenhaeuser130305\" src=\"https:\/\/www.freiburg-schwarzwald.de\/blog\/wp-content\/uploads\/2013\/03\/neuhof5bittenhaeuser130305-180x135.jpg\" alt=\"\" width=\"180\" height=\"135\" srcset=\"https:\/\/www.freiburg-schwarzwald.de\/blog\/wp-content\/uploads\/2013\/03\/neuhof5bittenhaeuser130305-180x135.jpg 180w, https:\/\/www.freiburg-schwarzwald.de\/blog\/wp-content\/uploads\/2013\/03\/neuhof5bittenhaeuser130305-640x480.jpg 640w, https:\/\/www.freiburg-schwarzwald.de\/blog\/wp-content\/uploads\/2013\/03\/neuhof5bittenhaeuser130305.jpg 800w\" sizes=\"auto, (max-width: 180px) 100vw, 180px\" \/><\/a>\u00a0\u00a0\u00a0\u00a0\u00a0\u00a0\u00a0\u00a0\u00a0 <a href=\"https:\/\/www.freiburg-schwarzwald.de\/blog\/regio\/orte\/muenstertal\/neuhof\/neuhof5wiedenereck130305\/\" rel=\"attachment wp-att-24916\"><img loading=\"lazy\" decoding=\"async\" class=\"alignnone size-thumbnail wp-image-24916\" title=\"neuhof5wiedenereck130305\" src=\"https:\/\/www.freiburg-schwarzwald.de\/blog\/wp-content\/uploads\/2013\/03\/neuhof5wiedenereck130305-180x140.jpg\" alt=\"\" width=\"180\" height=\"140\" srcset=\"https:\/\/www.freiburg-schwarzwald.de\/blog\/wp-content\/uploads\/2013\/03\/neuhof5wiedenereck130305-180x140.jpg 180w, https:\/\/www.freiburg-schwarzwald.de\/blog\/wp-content\/uploads\/2013\/03\/neuhof5wiedenereck130305-640x498.jpg 640w, https:\/\/www.freiburg-schwarzwald.de\/blog\/wp-content\/uploads\/2013\/03\/neuhof5wiedenereck130305.jpg 862w\" sizes=\"auto, (max-width: 180px) 100vw, 180px\" \/><\/a><br \/>\n(4) Skilift Neuhof\u00a0\u00a0\u00a0\u00a0\u00a0\u00a0\u00a0\u00a0\u00a0\u00a0\u00a0\u00a0\u00a0\u00a0\u00a0\u00a0\u00a0\u00a0\u00a0\u00a0\u00a0\u00a0\u00a0\u00a0\u00a0\u00a0\u00a0\u00a0\u00a0\u00a0\u00a0\u00a0\u00a0\u00a0\u00a0\u00a0\u00a0\u00a0 (5)\u00a0M\u00fcnstertal-Neuhof\u00a0\u00a0\u00a0\u00a0\u00a0\u00a0\u00a0\u00a0\u00a0\u00a0\u00a0\u00a0\u00a0\u00a0\u00a0\u00a0\u00a0\u00a0\u00a0\u00a0\u00a0\u00a0\u00a0\u00a0\u00a0\u00a0\u00a0\u00a0\u00a0\u00a0 (6) Blick s\u00fcdw\u00e4rts zum Wiedener Eck<\/p>\n<p><a href=\"https:\/\/www.freiburg-schwarzwald.de\/blog\/regio\/orte\/muenstertal\/neuhof\/neuhof6breitnau130305\/\" rel=\"attachment wp-att-24917\"><img loading=\"lazy\" decoding=\"async\" class=\"alignnone size-thumbnail wp-image-24917\" title=\"neuhof6breitnau130305\" src=\"https:\/\/www.freiburg-schwarzwald.de\/blog\/wp-content\/uploads\/2013\/03\/neuhof6breitnau130305-180x135.jpg\" alt=\"\" width=\"180\" height=\"135\" srcset=\"https:\/\/www.freiburg-schwarzwald.de\/blog\/wp-content\/uploads\/2013\/03\/neuhof6breitnau130305-180x135.jpg 180w, https:\/\/www.freiburg-schwarzwald.de\/blog\/wp-content\/uploads\/2013\/03\/neuhof6breitnau130305.jpg 640w\" sizes=\"auto, (max-width: 180px) 100vw, 180px\" \/><\/a>\u00a0\u00a0\u00a0\u00a0\u00a0\u00a0\u00a0\u00a0\u00a0 <a href=\"https:\/\/www.freiburg-schwarzwald.de\/blog\/regio\/orte\/muenstertal\/neuhof\/neuhof7pfefferlehof130305\/\" rel=\"attachment wp-att-24918\"><img loading=\"lazy\" decoding=\"async\" class=\"alignnone size-thumbnail wp-image-24918\" title=\"neuhof7pfefferlehof130305\" src=\"https:\/\/www.freiburg-schwarzwald.de\/blog\/wp-content\/uploads\/2013\/03\/neuhof7pfefferlehof130305-135x180.jpg\" alt=\"\" width=\"135\" height=\"180\" srcset=\"https:\/\/www.freiburg-schwarzwald.de\/blog\/wp-content\/uploads\/2013\/03\/neuhof7pfefferlehof130305-135x180.jpg 135w, https:\/\/www.freiburg-schwarzwald.de\/blog\/wp-content\/uploads\/2013\/03\/neuhof7pfefferlehof130305-480x640.jpg 480w, https:\/\/www.freiburg-schwarzwald.de\/blog\/wp-content\/uploads\/2013\/03\/neuhof7pfefferlehof130305.jpg 750w\" sizes=\"auto, (max-width: 135px) 100vw, 135px\" \/><\/a>\u00a0\u00a0\u00a0\u00a0\u00a0\u00a0\u00a0\u00a0\u00a0\u00a0\u00a0\u00a0\u00a0\u00a0\u00a0\u00a0\u00a0\u00a0\u00a0\u00a0\u00a0\u00a0\u00a0\u00a0\u00a0 <a href=\"https:\/\/www.freiburg-schwarzwald.de\/blog\/regio\/orte\/muenstertal\/neuhof\/neuhof8unterneuhof130305\/\" rel=\"attachment wp-att-24919\"><img loading=\"lazy\" decoding=\"async\" class=\"alignnone size-thumbnail wp-image-24919\" title=\"neuhof8unterneuhof130305\" src=\"https:\/\/www.freiburg-schwarzwald.de\/blog\/wp-content\/uploads\/2013\/03\/neuhof8unterneuhof130305-180x135.jpg\" alt=\"\" width=\"180\" height=\"135\" srcset=\"https:\/\/www.freiburg-schwarzwald.de\/blog\/wp-content\/uploads\/2013\/03\/neuhof8unterneuhof130305-180x135.jpg 180w, https:\/\/www.freiburg-schwarzwald.de\/blog\/wp-content\/uploads\/2013\/03\/neuhof8unterneuhof130305.jpg 640w\" sizes=\"auto, (max-width: 180px) 100vw, 180px\" \/><\/a><br \/>\n(7) Breitnauer Kopf\u00a0\u00a0\u00a0\u00a0\u00a0\u00a0\u00a0\u00a0\u00a0\u00a0\u00a0\u00a0\u00a0\u00a0\u00a0\u00a0\u00a0\u00a0\u00a0\u00a0\u00a0\u00a0\u00a0\u00a0\u00a0\u00a0\u00a0\u00a0\u00a0\u00a0\u00a0\u00a0\u00a0\u00a0\u00a0 (8) Pfefferle-Hof\u00a0\u00a0\u00a0\u00a0\u00a0\u00a0\u00a0\u00a0\u00a0\u00a0\u00a0\u00a0\u00a0\u00a0\u00a0\u00a0\u00a0\u00a0\u00a0\u00a0\u00a0\u00a0\u00a0\u00a0\u00a0\u00a0\u00a0\u00a0\u00a0\u00a0\u00a0\u00a0\u00a0\u00a0\u00a0\u00a0\u00a0\u00a0\u00a0\u00a0\u00a0 (9) Unterneuhof am 5.3.2013<\/p>\n<p><a href=\"https:\/\/www.freiburg-schwarzwald.de\/blog\/regio\/orte\/muenstertal\/neuhof\/untreneuhof-breitnau130317\/\" rel=\"attachment wp-att-25223\"><img loading=\"lazy\" decoding=\"async\" class=\"alignnone size-thumbnail wp-image-25223\" title=\"untreneuhof-breitnau130317\" src=\"https:\/\/www.freiburg-schwarzwald.de\/blog\/wp-content\/uploads\/2013\/03\/untreneuhof-breitnau130317-180x135.jpg\" alt=\"\" width=\"180\" height=\"135\" srcset=\"https:\/\/www.freiburg-schwarzwald.de\/blog\/wp-content\/uploads\/2013\/03\/untreneuhof-breitnau130317-180x135.jpg 180w, https:\/\/www.freiburg-schwarzwald.de\/blog\/wp-content\/uploads\/2013\/03\/untreneuhof-breitnau130317.jpg 640w\" sizes=\"auto, (max-width: 180px) 100vw, 180px\" \/><\/a>\u00a0\u00a0\u00a0\u00a0\u00a0\u00a0\u00a0\u00a0\u00a0 <a href=\"https:\/\/www.freiburg-schwarzwald.de\/blog\/regio\/orte\/muenstertal\/neuhof\/breitnauerkopf130317\/\" rel=\"attachment wp-att-25224\"><img loading=\"lazy\" decoding=\"async\" class=\"alignnone size-thumbnail wp-image-25224\" title=\"breitnauerkopf130317\" src=\"https:\/\/www.freiburg-schwarzwald.de\/blog\/wp-content\/uploads\/2013\/03\/breitnauerkopf130317-180x135.jpg\" alt=\"\" width=\"180\" height=\"135\" srcset=\"https:\/\/www.freiburg-schwarzwald.de\/blog\/wp-content\/uploads\/2013\/03\/breitnauerkopf130317-180x135.jpg 180w, https:\/\/www.freiburg-schwarzwald.de\/blog\/wp-content\/uploads\/2013\/03\/breitnauerkopf130317-640x480.jpg 640w, https:\/\/www.freiburg-schwarzwald.de\/blog\/wp-content\/uploads\/2013\/03\/breitnauerkopf130317.jpg 1000w\" sizes=\"auto, (max-width: 180px) 100vw, 180px\" \/><\/a><br \/>\n(10) Unternehof am 16.3.2013\u00a0\u00a0\u00a0\u00a0\u00a0\u00a0\u00a0\u00a0\u00a0\u00a0\u00a0\u00a0\u00a0\u00a0 (11) Breitnauer Kopf 16.3.2013<\/p>\n<p>(3) Blick vom Str\u00e4\u00dfchen zwischen M\u00fcnstertal-Spielweg zum Wiedener Eck nach Westen \u00fcber M\u00fcnstertal-Neuhof zu Bittenh\u00e4user Hof, Pfeffeerle-Hof, Wie\u00dfler-Hof und Breitnauhof (von links)<\/p>\n<p>&nbsp;<\/p>\n<p><strong>Neuhof zwischen M\u00fcnstertal-Unterelend und Wiedener Eck <\/strong><\/p>\n<p>Gasthaus zwischen Spielweg und Wiedener Eck.<br \/>\n<a href=\"https:\/\/www.freiburg-schwarzwald.de\/wieden-ski.htm\">Neuhofskilift<\/a> mit einer L\u00e4nge von 900 m (H\u00f6henunterschied 220 m)<\/p>\n<p>&nbsp;<\/p>\n","protected":false},"excerpt":{"rendered":"<p>Home &gt;Regio &gt;Orte &gt;Muenstertal &gt;Neuhof Neuhof zwischen M\u00fcnstertal-Hinteres Elend und Wiedener Eck https:\/\/www.freiburg-schwarzwald.de\/obermuenstertal.htm#Neuhof zwischen Elend und Wiedener Eck \u00a0 Sittener Berg Spielweg Wieden mit Wiedener Eck &nbsp; \u00a0\u00a0\u00a0\u00a0\u00a0\u00a0\u00a0\u00a0\u00a0 \u00a0\u00a0\u00a0\u00a0\u00a0\u00a0\u00a0\u00a0\u00a0 (1) Breitnauer Kopf 5.3.2013\u00a0\u00a0\u00a0\u00a0\u00a0\u00a0\u00a0\u00a0\u00a0\u00a0\u00a0\u00a0\u00a0\u00a0\u00a0\u00a0 (2) Blick westw\u00e4rts Breitnausattel\u00a0\u00a0\u00a0\u00a0\u00a0\u00a0\u00a0 (3) Blick \u00fcber &hellip; <a href=\"https:\/\/www.freiburg-schwarzwald.de\/blog\/regio\/orte\/muenstertal\/neuhof\/\">Weiterlesen <span class=\"meta-nav\">&rarr;<\/span><\/a><\/p>\n","protected":false},"author":4,"featured_media":0,"parent":4206,"menu_order":0,"comment_status":"open","ping_status":"closed","template":"","meta":{"footnotes":""},"class_list":["post-24906","page","type-page","status-publish","hentry"],"_links":{"self":[{"href":"https:\/\/www.freiburg-schwarzwald.de\/blog\/wp-json\/wp\/v2\/pages\/24906","targetHints":{"allow":["GET"]}}],"collection":[{"href":"https:\/\/www.freiburg-schwarzwald.de\/blog\/wp-json\/wp\/v2\/pages"}],"about":[{"href":"https:\/\/www.freiburg-schwarzwald.de\/blog\/wp-json\/wp\/v2\/types\/page"}],"author":[{"embeddable":true,"href":"https:\/\/www.freiburg-schwarzwald.de\/blog\/wp-json\/wp\/v2\/users\/4"}],"replies":[{"embeddable":true,"href":"https:\/\/www.freiburg-schwarzwald.de\/blog\/wp-json\/wp\/v2\/comments?post=24906"}],"version-history":[{"count":0,"href":"https:\/\/www.freiburg-schwarzwald.de\/blog\/wp-json\/wp\/v2\/pages\/24906\/revisions"}],"up":[{"embeddable":true,"href":"https:\/\/www.freiburg-schwarzwald.de\/blog\/wp-json\/wp\/v2\/pages\/4206"}],"wp:attachment":[{"href":"https:\/\/www.freiburg-schwarzwald.de\/blog\/wp-json\/wp\/v2\/media?parent=24906"}],"curies":[{"name":"wp","href":"https:\/\/api.w.org\/{rel}","templated":true}]}}