{"id":24891,"date":"2013-03-17T19:09:25","date_gmt":"2013-03-17T18:09:25","guid":{"rendered":"https:\/\/www.freiburg-schwarzwald.de\/blog\/?page_id=24891"},"modified":"2025-10-17T14:11:41","modified_gmt":"2025-10-17T12:11:41","slug":"gebaeudesanierung","status":"publish","type":"page","link":"https:\/\/www.freiburg-schwarzwald.de\/blog\/business\/handwerk\/gebaeudesanierung\/","title":{"rendered":"Gebaeudesanierung"},"content":{"rendered":"<p>Home &gt;<a title=\"Business\" href=\"https:\/\/www.freiburg-schwarzwald.de\/blog\/business\/\">Business<\/a> &gt;<a title=\"Handwerk\" href=\"https:\/\/www.freiburg-schwarzwald.de\/blog\/business\/handwerk\/\">Handwerk<\/a> &gt;<a title=\"Energie\" href=\"https:\/\/www.freiburg-schwarzwald.de\/blog\/energie\/\">Energie<\/a> &gt;<a title=\"Immobilien\" href=\"https:\/\/www.freiburg-schwarzwald.de\/blog\/business\/dienste\/immobilien\/\">Immobilien<\/a> &gt;Gebaeudesanierung<\/p>\n<div id=\"attachment_22511\" style=\"width: 651px\" class=\"wp-caption alignnone\"><a href=\"https:\/\/www.freiburg-schwarzwald.de\/blog\/vereine\/musikvereine\/musikverein-littenweiler\/schlossberg18muenster-pan130214\/\" rel=\"attachment wp-att-22511\"><img loading=\"lazy\" decoding=\"async\" aria-describedby=\"caption-attachment-22511\" class=\"size-full wp-image-22511\" title=\"schlossberg18muenster-pan130214\" src=\"https:\/\/www.freiburg-schwarzwald.de\/blog\/wp-content\/uploads\/2012\/04\/schlossberg18muenster-pan130214.jpg\" alt=\"\" width=\"641\" height=\"285\" srcset=\"https:\/\/www.freiburg-schwarzwald.de\/blog\/wp-content\/uploads\/2012\/04\/schlossberg18muenster-pan130214.jpg 641w, https:\/\/www.freiburg-schwarzwald.de\/blog\/wp-content\/uploads\/2012\/04\/schlossberg18muenster-pan130214-180x80.jpg 180w, https:\/\/www.freiburg-schwarzwald.de\/blog\/wp-content\/uploads\/2012\/04\/schlossberg18muenster-pan130214-640x284.jpg 640w\" sizes=\"auto, (max-width: 641px) 100vw, 641px\" \/><\/a><p id=\"caption-attachment-22511\" class=\"wp-caption-text\">Blick vom Schlossberg nach Westen auf Freiburg&#8217;s Altstadt am 14.2.2013<\/p><\/div>\n<ul>\n<li><em>Listenauswahl eines Beitrags (Artikel\/Datum, Seite\/Inhalt): <span style=\"text-decoration: underline;\">Klicken<\/span> oder scrollen<\/em><\/li>\n<li><a href=\"https:\/\/www.freiburg-schwarzwald.de\/blog\/business\/dienste\/immobilien\/holzhaus\/schwarzwaldhaus\/\">Was das Schwarzwaldhaus einem Neubau voraus hat: Architekt Hardy Happle \u00fcber die Zukunft des Bauens<\/a>\u00a0(29.6.2025)<\/li>\n<li>Balkonsanierung Mehrfamilienhaus Schwendistrasse\u00a0 (5.5.2015)<\/li>\n<li>Vier Sanierungsbedingungen anstelle aufw\u00e4ndiger Energiebilanz-Berechnungen (17.1.2014)<\/li>\n<li>Dachstuhl in FR-Innenstadt als Sanierungsobjekt (1.10.2013)<\/li>\n<li><a title=\"Bau\" href=\"https:\/\/www.freiburg-schwarzwald.de\/blog\/business\/handwerk\/bau\/\">Bau<\/a><\/li>\n<li><a title=\"Dachsanierung\" href=\"https:\/\/www.freiburg-schwarzwald.de\/blog\/business\/handwerk\/dachsanierung\/\">Dachsanierung<\/a><\/li>\n<li><a title=\"Passivhochhaus\" href=\"https:\/\/www.freiburg-schwarzwald.de\/blog\/business\/dienste\/immobilien\/passivhochhaus\/\">Passivhochhaus<\/a><\/li>\n<li><a title=\"Walmdach\" href=\"https:\/\/www.freiburg-schwarzwald.de\/blog\/business\/handwerk\/walmdach\/\">Walmdach sanieren<\/a><\/li>\n<li>Warmmietenneutrale Geb\u00e4udesanierung<\/li>\n<\/ul>\n<p>&nbsp;<\/p>\n<p><strong>Balkonsanierung Mehrfamilienhaus Schwendistrasse<\/strong><\/p>\n<p><a href=\"https:\/\/www.freiburg-schwarzwald.de\/blog\/business\/handwerk\/gebaeudesanierung\/schwendi0balkone1505\/\" rel=\"attachment wp-att-54554\"><img loading=\"lazy\" decoding=\"async\" class=\"alignnone size-thumbnail wp-image-54554\" src=\"https:\/\/www.freiburg-schwarzwald.de\/blog\/wp-content\/uploads\/2013\/03\/schwendi0balkone1505-135x180.jpg\" alt=\"schwendi0balkone1505\" width=\"135\" height=\"180\" srcset=\"https:\/\/www.freiburg-schwarzwald.de\/blog\/wp-content\/uploads\/2013\/03\/schwendi0balkone1505-135x180.jpg 135w, https:\/\/www.freiburg-schwarzwald.de\/blog\/wp-content\/uploads\/2013\/03\/schwendi0balkone1505.jpg 480w\" sizes=\"auto, (max-width: 135px) 100vw, 135px\" \/><\/a>\u00a0\u00a0\u00a0\u00a0\u00a0\u00a0\u00a0\u00a0\u00a0\u00a0\u00a0\u00a0 <a href=\"https:\/\/www.freiburg-schwarzwald.de\/blog\/business\/handwerk\/gebaeudesanierung\/schwendi1balkone1505\/\" rel=\"attachment wp-att-54555\"><img loading=\"lazy\" decoding=\"async\" class=\"alignnone size-thumbnail wp-image-54555\" src=\"https:\/\/www.freiburg-schwarzwald.de\/blog\/wp-content\/uploads\/2013\/03\/schwendi1balkone1505-135x180.jpg\" alt=\"schwendi1balkone1505\" width=\"135\" height=\"180\" srcset=\"https:\/\/www.freiburg-schwarzwald.de\/blog\/wp-content\/uploads\/2013\/03\/schwendi1balkone1505-135x180.jpg 135w, https:\/\/www.freiburg-schwarzwald.de\/blog\/wp-content\/uploads\/2013\/03\/schwendi1balkone1505.jpg 480w\" sizes=\"auto, (max-width: 135px) 100vw, 135px\" \/><\/a>\u00a0\u00a0\u00a0\u00a0\u00a0\u00a0\u00a0\u00a0\u00a0\u00a0\u00a0\u00a0 <a href=\"https:\/\/www.freiburg-schwarzwald.de\/blog\/business\/handwerk\/gebaeudesanierung\/schwendi2balkone1505\/\" rel=\"attachment wp-att-54557\"><img loading=\"lazy\" decoding=\"async\" class=\"alignnone size-thumbnail wp-image-54557\" src=\"https:\/\/www.freiburg-schwarzwald.de\/blog\/wp-content\/uploads\/2013\/03\/schwendi2balkone1505-135x180.jpg\" alt=\"schwendi2balkone1505\" width=\"135\" height=\"180\" srcset=\"https:\/\/www.freiburg-schwarzwald.de\/blog\/wp-content\/uploads\/2013\/03\/schwendi2balkone1505-135x180.jpg 135w, https:\/\/www.freiburg-schwarzwald.de\/blog\/wp-content\/uploads\/2013\/03\/schwendi2balkone1505.jpg 480w\" sizes=\"auto, (max-width: 135px) 100vw, 135px\" \/><\/a><\/p>\n<p><a href=\"https:\/\/www.freiburg-schwarzwald.de\/blog\/business\/handwerk\/gebaeudesanierung\/schwendi3balkone1505\/\" rel=\"attachment wp-att-54558\"><img loading=\"lazy\" decoding=\"async\" class=\"alignnone size-thumbnail wp-image-54558\" src=\"https:\/\/www.freiburg-schwarzwald.de\/blog\/wp-content\/uploads\/2013\/03\/schwendi3balkone1505-135x180.jpg\" alt=\"schwendi3balkone1505\" width=\"135\" height=\"180\" srcset=\"https:\/\/www.freiburg-schwarzwald.de\/blog\/wp-content\/uploads\/2013\/03\/schwendi3balkone1505-135x180.jpg 135w, https:\/\/www.freiburg-schwarzwald.de\/blog\/wp-content\/uploads\/2013\/03\/schwendi3balkone1505.jpg 480w\" sizes=\"auto, (max-width: 135px) 100vw, 135px\" \/><\/a><\/p>\n<p>Balkone aus Beton abs\u00e4gen (5.5.2015) und durch vorgesetzte Stahlbalkone ersetzen.<\/p>\n<p>&nbsp;<\/p>\n<p>&nbsp;<\/p>\n<p class=\"mceTemp\"><strong>Vier Sanierungsbedingungen anstelle aufw\u00e4ndiger Energiebilanz-Berechnungen<\/strong><\/p>\n<p class=\"mceTemp\">In Par.1 EnEV steht: &#8222;zweck dieser verordnung isttt die Einsparung von Energie in Geb\u00e4uden&#8220; mit dem Ziel, bis zum Jahr 2050 einen &#8222;nahezu&#8220; klimaneutralen Geb\u00e4udebestand zu bekommen.<br \/>\nIn den kommenden 35 Jahren m\u00fcssen also 15 &#8211; 18 Mio Wohngeb\u00e4ude so saniert werden, dass sie klimaneutral zu betrieben sind. Das entspricht einer Sanierungsquote von ca 500000 H\u00e4usern pro Jahr. Es sind also 500000 aufw\u00e4ndige Geb\u00e4udeuntersuchungen mit Energiebilanzen und komplexen Berechnungen zu erstellen &#8211; so viele Energieberater gibt es gar nicht.<br \/>\nDie derzeitig geforderten umst\u00e4ndlichen Energiebilanzen werden also unter den Tisch fallen. Schlie\u00dflich ist es Wahnsinn, f\u00fcr jedes alte Haus eine eigene Energiebilanz zu erstellen. Was ist zu tun? Es sind die bei Neubauten \u00fcblichen Bedingungen auch bei der Sanierung von Bestandsh\u00e4usern zu erf\u00fcllen:<br \/>\n1. Dach 24 cm dick d\u00e4mmen.<br \/>\n2. Fassade mit U-Wert kleiner 0.20 W\/qmK<br \/>\n3. Dreifachverglaste Fenster mit U-Wert kleiner 1.0 W\/qmK<br \/>\n4. Solarunterst\u00fctzte Heizung<\/p>\n<p class=\"mceTemp\">Mehr: &#8222;EnEV2014&#8220; in haus-und-Grund-magazin 1\/2014, S. 8, <a href=\"www.hausundgrund.de \">www.hausundgrund.de\u00a0<\/a><\/p>\n<p class=\"mceTemp\"><strong>Warmmietenneutrale Geb\u00e4udesanierung<\/strong><\/p>\n<p class=\"mceTemp\">Der Vorschlag der dena (Deutsche Energie-Agentur GmbH) ist, energietische Sanierungsma\u00dfnahmen <em>warmmietenneutral<\/em> zu gestalten: Die Kaltmiete darf nur in dem Umfang steigen, wie die Energiekosten sinken. Die gesamtbelastung bleibt also gleich. Dies geht immer dann besonders gut und wirtschaftlich, wenn ohnehin Sanierungen anstehen, wenn also die energetische Sanierung mit einer Modernisierung gekoppelt wird.<\/p>\n<p class=\"mceTemp\"><a href=\"https:\/\/www.dena.de\">www.dena.de<\/a><\/p>\n<p class=\"mceTemp\"><strong>Dachstuhl in FR-Innenstadt als Sanierungsobjekt<\/strong><\/p>\n<p class=\"mceTemp\"><a href=\"https:\/\/www.freiburg-schwarzwald.de\/blog\/business\/handwerk\/gebaeudesanierung\/moltke1stadttheater131001\/\" rel=\"attachment wp-att-39004\"><img loading=\"lazy\" decoding=\"async\" class=\"alignnone size-thumbnail wp-image-39004\" title=\"moltke1stadttheater131001\" src=\"https:\/\/www.freiburg-schwarzwald.de\/blog\/wp-content\/uploads\/2013\/03\/moltke1stadttheater131001-180x135.jpg\" alt=\"\" width=\"180\" height=\"135\" srcset=\"https:\/\/www.freiburg-schwarzwald.de\/blog\/wp-content\/uploads\/2013\/03\/moltke1stadttheater131001-180x135.jpg 180w, https:\/\/www.freiburg-schwarzwald.de\/blog\/wp-content\/uploads\/2013\/03\/moltke1stadttheater131001.jpg 640w\" sizes=\"auto, (max-width: 180px) 100vw, 180px\" \/><\/a>\u00a0\u00a0\u00a0\u00a0\u00a0\u00a0\u00a0\u00a0\u00a0 <a href=\"https:\/\/www.freiburg-schwarzwald.de\/blog\/business\/handwerk\/gebaeudesanierung\/moltke2dachstuhl131001\/\" rel=\"attachment wp-att-39005\"><img loading=\"lazy\" decoding=\"async\" class=\"alignnone size-thumbnail wp-image-39005\" title=\"moltke2dachstuhl131001\" src=\"https:\/\/www.freiburg-schwarzwald.de\/blog\/wp-content\/uploads\/2013\/03\/moltke2dachstuhl131001-180x135.jpg\" alt=\"\" width=\"180\" height=\"135\" srcset=\"https:\/\/www.freiburg-schwarzwald.de\/blog\/wp-content\/uploads\/2013\/03\/moltke2dachstuhl131001-180x135.jpg 180w, https:\/\/www.freiburg-schwarzwald.de\/blog\/wp-content\/uploads\/2013\/03\/moltke2dachstuhl131001.jpg 640w\" sizes=\"auto, (max-width: 180px) 100vw, 180px\" \/><\/a>\u00a0\u00a0\u00a0\u00a0\u00a0\u00a0\u00a0\u00a0\u00a0 <a href=\"https:\/\/www.freiburg-schwarzwald.de\/blog\/business\/handwerk\/gebaeudesanierung\/moltke3dachziegel131001\/\" rel=\"attachment wp-att-39006\"><img loading=\"lazy\" decoding=\"async\" class=\"alignnone size-thumbnail wp-image-39006\" title=\"moltke3dachziegel131001\" src=\"https:\/\/www.freiburg-schwarzwald.de\/blog\/wp-content\/uploads\/2013\/03\/moltke3dachziegel131001-180x135.jpg\" alt=\"\" width=\"180\" height=\"135\" srcset=\"https:\/\/www.freiburg-schwarzwald.de\/blog\/wp-content\/uploads\/2013\/03\/moltke3dachziegel131001-180x135.jpg 180w, https:\/\/www.freiburg-schwarzwald.de\/blog\/wp-content\/uploads\/2013\/03\/moltke3dachziegel131001.jpg 640w\" sizes=\"auto, (max-width: 180px) 100vw, 180px\" \/><\/a><br \/>\n(1) Drei sanierte H\u00e4user gegen\u00fcber\u00a0\u00a0\u00a0\u00a0 (2) Rundbalken von 1944-1945\u00a0\u00a0\u00a0\u00a0\u00a0\u00a0\u00a0\u00a0\u00a0\u00a0\u00a0\u00a0 (3) Eindeckung Falzziegel<\/p>\n<p class=\"mceTemp\"><a href=\"https:\/\/www.freiburg-schwarzwald.de\/blog\/business\/handwerk\/gebaeudesanierung\/moltke4kamin131001\/\" rel=\"attachment wp-att-39007\"><img loading=\"lazy\" decoding=\"async\" class=\"alignnone size-thumbnail wp-image-39007\" title=\"moltke4kamin131001\" src=\"https:\/\/www.freiburg-schwarzwald.de\/blog\/wp-content\/uploads\/2013\/03\/moltke4kamin131001-180x135.jpg\" alt=\"\" width=\"180\" height=\"135\" srcset=\"https:\/\/www.freiburg-schwarzwald.de\/blog\/wp-content\/uploads\/2013\/03\/moltke4kamin131001-180x135.jpg 180w, https:\/\/www.freiburg-schwarzwald.de\/blog\/wp-content\/uploads\/2013\/03\/moltke4kamin131001.jpg 640w\" sizes=\"auto, (max-width: 180px) 100vw, 180px\" \/><\/a>\u00a0\u00a0\u00a0\u00a0\u00a0\u00a0\u00a0\u00a0\u00a0 <a href=\"https:\/\/www.freiburg-schwarzwald.de\/blog\/business\/handwerk\/gebaeudesanierung\/moltke5speicher-west131001\/\" rel=\"attachment wp-att-39008\"><img loading=\"lazy\" decoding=\"async\" class=\"alignnone size-thumbnail wp-image-39008\" title=\"moltke5speicher-west131001\" src=\"https:\/\/www.freiburg-schwarzwald.de\/blog\/wp-content\/uploads\/2013\/03\/moltke5speicher-west131001-180x135.jpg\" alt=\"\" width=\"180\" height=\"135\" srcset=\"https:\/\/www.freiburg-schwarzwald.de\/blog\/wp-content\/uploads\/2013\/03\/moltke5speicher-west131001-180x135.jpg 180w, https:\/\/www.freiburg-schwarzwald.de\/blog\/wp-content\/uploads\/2013\/03\/moltke5speicher-west131001.jpg 640w\" sizes=\"auto, (max-width: 180px) 100vw, 180px\" \/><\/a>\u00a0\u00a0\u00a0\u00a0\u00a0\u00a0\u00a0\u00a0\u00a0 <a href=\"https:\/\/www.freiburg-schwarzwald.de\/blog\/business\/handwerk\/gebaeudesanierung\/moltke6speicher-ost131001\/\" rel=\"attachment wp-att-39009\"><img loading=\"lazy\" decoding=\"async\" class=\"alignnone size-thumbnail wp-image-39009\" title=\"moltke6speicher-ost131001\" src=\"https:\/\/www.freiburg-schwarzwald.de\/blog\/wp-content\/uploads\/2013\/03\/moltke6speicher-ost131001-180x135.jpg\" alt=\"\" width=\"180\" height=\"135\" srcset=\"https:\/\/www.freiburg-schwarzwald.de\/blog\/wp-content\/uploads\/2013\/03\/moltke6speicher-ost131001-180x135.jpg 180w, https:\/\/www.freiburg-schwarzwald.de\/blog\/wp-content\/uploads\/2013\/03\/moltke6speicher-ost131001.jpg 640w\" sizes=\"auto, (max-width: 180px) 100vw, 180px\" \/><\/a><br \/>\n(4) Kamin und Kaminverwahrung\u00a0\u00a0\u00a0\u00a0\u00a0\u00a0\u00a0\u00a0 (5) Speicher nach Westen\u00a0\u00a0\u00a0\u00a0\u00a0\u00a0\u00a0\u00a0\u00a0\u00a0\u00a0\u00a0\u00a0\u00a0\u00a0\u00a0\u00a0\u00a0\u00a0\u00a0\u00a0\u00a0 (6) Speicher nach Osten<\/p>\n<p class=\"mceTemp\">Der Blick zum Freiburger Stadttheater (Bild 1) zeigt\u00a0drei Geb\u00e4ude rot, beige und hellblau, deren Dachst\u00fchle in den Jahren 2011 und 2012 komplett saniert worden sind. Dabei wurden im Zuge der energetischen Sanierung auch Modernisierungsma\u00dfnahmen durchgef\u00fchrt (Gauben, untergeordneter Wohnraum) &#8211; \u00f6konomisch sinnvoll.<br \/>\nDer Speicherraum eines F\u00fcnffamilienhauses (Bilder 2-6) zeigt, dass hier umf\u00e4nglicher Sanierungsbedarf besteht.<\/p>\n","protected":false},"excerpt":{"rendered":"<p>Home &gt;Business &gt;Handwerk &gt;Energie &gt;Immobilien &gt;Gebaeudesanierung Listenauswahl eines Beitrags (Artikel\/Datum, Seite\/Inhalt): Klicken oder scrollen Was das Schwarzwaldhaus einem Neubau voraus hat: Architekt Hardy Happle \u00fcber die Zukunft des Bauens\u00a0(29.6.2025) Balkonsanierung Mehrfamilienhaus Schwendistrasse\u00a0 (5.5.2015) Vier Sanierungsbedingungen anstelle aufw\u00e4ndiger Energiebilanz-Berechnungen (17.1.2014) Dachstuhl &hellip; <a href=\"https:\/\/www.freiburg-schwarzwald.de\/blog\/business\/handwerk\/gebaeudesanierung\/\">Weiterlesen <span class=\"meta-nav\">&rarr;<\/span><\/a><\/p>\n","protected":false},"author":4,"featured_media":0,"parent":1385,"menu_order":0,"comment_status":"open","ping_status":"closed","template":"","meta":{"footnotes":""},"class_list":["post-24891","page","type-page","status-publish","hentry"],"_links":{"self":[{"href":"https:\/\/www.freiburg-schwarzwald.de\/blog\/wp-json\/wp\/v2\/pages\/24891","targetHints":{"allow":["GET"]}}],"collection":[{"href":"https:\/\/www.freiburg-schwarzwald.de\/blog\/wp-json\/wp\/v2\/pages"}],"about":[{"href":"https:\/\/www.freiburg-schwarzwald.de\/blog\/wp-json\/wp\/v2\/types\/page"}],"author":[{"embeddable":true,"href":"https:\/\/www.freiburg-schwarzwald.de\/blog\/wp-json\/wp\/v2\/users\/4"}],"replies":[{"embeddable":true,"href":"https:\/\/www.freiburg-schwarzwald.de\/blog\/wp-json\/wp\/v2\/comments?post=24891"}],"version-history":[{"count":1,"href":"https:\/\/www.freiburg-schwarzwald.de\/blog\/wp-json\/wp\/v2\/pages\/24891\/revisions"}],"predecessor-version":[{"id":140238,"href":"https:\/\/www.freiburg-schwarzwald.de\/blog\/wp-json\/wp\/v2\/pages\/24891\/revisions\/140238"}],"up":[{"embeddable":true,"href":"https:\/\/www.freiburg-schwarzwald.de\/blog\/wp-json\/wp\/v2\/pages\/1385"}],"wp:attachment":[{"href":"https:\/\/www.freiburg-schwarzwald.de\/blog\/wp-json\/wp\/v2\/media?parent=24891"}],"curies":[{"name":"wp","href":"https:\/\/api.w.org\/{rel}","templated":true}]}}