{"id":23986,"date":"2013-03-08T14:42:03","date_gmt":"2013-03-08T13:42:03","guid":{"rendered":"https:\/\/www.freiburg-schwarzwald.de\/blog\/?page_id=23986"},"modified":"2017-02-19T19:21:27","modified_gmt":"2017-02-19T18:21:27","slug":"hochebenehof","status":"publish","type":"page","link":"https:\/\/www.freiburg-schwarzwald.de\/blog\/bauernhof\/hochebenehof\/","title":{"rendered":"Hochebenehof"},"content":{"rendered":"<p>Home &gt;<a title=\"Tourismus\" href=\"https:\/\/www.freiburg-schwarzwald.de\/blog\/tourismus\/\">Tourismus<\/a> &gt;<a title=\"Landwirt\" href=\"https:\/\/www.freiburg-schwarzwald.de\/blog\/natur\/landwirt\/\">Landwirt<\/a> &gt;<a title=\"Bauernhof\" href=\"https:\/\/www.freiburg-schwarzwald.de\/blog\/bauernhof\/\">Bauernhof<\/a> &gt;<a title=\"Schwaerzenbach\" href=\"https:\/\/www.freiburg-schwarzwald.de\/blog\/regio\/orte\/titisee\/schwaerzenbach\/\">Schw\u00e4rzenbach<\/a> &gt;Hochebenehof<\/p>\n<div id=\"attachment_1018\" style=\"width: 614px\" class=\"wp-caption alignnone\"><a href=\"https:\/\/www.freiburg-schwarzwald.de\/blog\/natur\/landwirt\/schwaerzenbach8pan080211\/\" rel=\"attachment wp-att-1018\"><img loading=\"lazy\" decoding=\"async\" aria-describedby=\"caption-attachment-1018\" class=\"size-full wp-image-1018\" title=\"schwaerzenbach8pan080211\" src=\"https:\/\/www.freiburg-schwarzwald.de\/blog\/wp-content\/uploads\/2012\/04\/schwaerzenbach8pan080211.jpg\" alt=\"\" width=\"604\" height=\"164\" srcset=\"https:\/\/www.freiburg-schwarzwald.de\/blog\/wp-content\/uploads\/2012\/04\/schwaerzenbach8pan080211.jpg 604w, https:\/\/www.freiburg-schwarzwald.de\/blog\/wp-content\/uploads\/2012\/04\/schwaerzenbach8pan080211-180x48.jpg 180w\" sizes=\"auto, (max-width: 604px) 100vw, 604px\" \/><\/a><p id=\"caption-attachment-1018\" class=\"wp-caption-text\">Titisee-Schwaerzenbach: Blick vom Russenkreu\u00b4nach S\u00fcden \u00fcber den Hochebenehof zum Feldberg am 11.2.2008<\/p><\/div>\n<ul>\n<li><a title=\"Ebenemooshof\" href=\"https:\/\/www.freiburg-schwarzwald.de\/blog\/bauernhof\/ebenemooshof\/\">Ebenemooshof<\/a><\/li>\n<li>Hochebenehof<\/li>\n<li><strong><a href=\"https:\/\/www.freiburg-schwarzwald.de\/schwaerzenbach5.htm\">www.freiburg-schwarzwald.de\/schwaerzenbach5.htm<\/a> &#8211; Archivseite<\/strong><\/li>\n<li><a title=\"HeitzmannHelmut\" href=\"https:\/\/www.freiburg-schwarzwald.de\/blog\/regio\/heimat\/geschichte\/heitzmannhelmut\/\">Heitzmann Helmut<\/a><\/li>\n<\/ul>\n<p>&nbsp;<\/p>\n<p><strong>Hochebenehof<\/strong><\/p>\n<p>Der Hochebenehof liegt zwischen Schw\u00e4rzenbach-Ahornh\u00e4user im S\u00fcden und dem Ebenemooshof im Norden.<br \/>\nEine Fewo mit Balkon zu 50 qm im neu erbauten Leibgeding rechts neben dem Hof.\u00a0 Drei Doppelzimmer.<br \/>\nDer Hof befindet sich auf ca 1060 m H\u00f6he &#8211; der h\u00f6chstgelegene Bauernhof auf Gemarkung Titisee-Neustadt &#8211;\u00a0neben dem <a href=\"https:\/\/www.freiburg-schwarzwald.de\/schwaerzenbach.htm#Russenkreuz\">Russenkreuz<\/a>. Freier Blick, sehr oft nach S\u00fcden zu den Alpen.<br \/>\nFranz Kleiser, Hochebenehof 45, 79822 Titisee-Schw\u00e4rzenbach, Tel 07657\/319<\/p>\n<p>&nbsp;<\/p>\n<p><a href=\"https:\/\/www.freiburg-schwarzwald.de\/blog\/bauernhof\/hochebenehof\/hochebenehof130303\/\" rel=\"attachment wp-att-23989\"><img loading=\"lazy\" decoding=\"async\" class=\"alignnone size-thumbnail wp-image-23989\" title=\"hochebenehof130303\" src=\"https:\/\/www.freiburg-schwarzwald.de\/blog\/wp-content\/uploads\/2013\/03\/hochebenehof130303-180x144.jpg\" alt=\"\" width=\"180\" height=\"144\" srcset=\"https:\/\/www.freiburg-schwarzwald.de\/blog\/wp-content\/uploads\/2013\/03\/hochebenehof130303-180x144.jpg 180w, https:\/\/www.freiburg-schwarzwald.de\/blog\/wp-content\/uploads\/2013\/03\/hochebenehof130303.jpg 640w\" sizes=\"auto, (max-width: 180px) 100vw, 180px\" \/><\/a>\u00a0\u00a0\u00a0\u00a0\u00a0\u00a0\u00a0\u00a0\u00a0 <a href=\"https:\/\/www.freiburg-schwarzwald.de\/blog\/bauernhof\/hochebenehof\/hochebenehofkapelle130303\/\" rel=\"attachment wp-att-23990\"><img loading=\"lazy\" decoding=\"async\" class=\"alignnone size-thumbnail wp-image-23990\" title=\"hochebenehofkapelle130303\" src=\"https:\/\/www.freiburg-schwarzwald.de\/blog\/wp-content\/uploads\/2013\/03\/hochebenehofkapelle130303-180x142.jpg\" alt=\"\" width=\"180\" height=\"142\" srcset=\"https:\/\/www.freiburg-schwarzwald.de\/blog\/wp-content\/uploads\/2013\/03\/hochebenehofkapelle130303-180x142.jpg 180w, https:\/\/www.freiburg-schwarzwald.de\/blog\/wp-content\/uploads\/2013\/03\/hochebenehofkapelle130303.jpg 640w\" sizes=\"auto, (max-width: 180px) 100vw, 180px\" \/><\/a>\u00a0\u00a0\u00a0\u00a0\u00a0\u00a0\u00a0\u00a0\u00a0 <a href=\"https:\/\/www.freiburg-schwarzwald.de\/blog\/bauernhof\/hochebenehof\/hochebenehof-kapelle130303\/\" rel=\"attachment wp-att-23991\"><img loading=\"lazy\" decoding=\"async\" class=\"alignnone size-thumbnail wp-image-23991\" title=\"hochebenehof-kapelle130303\" src=\"https:\/\/www.freiburg-schwarzwald.de\/blog\/wp-content\/uploads\/2013\/03\/hochebenehof-kapelle130303-180x135.jpg\" alt=\"\" width=\"180\" height=\"135\" srcset=\"https:\/\/www.freiburg-schwarzwald.de\/blog\/wp-content\/uploads\/2013\/03\/hochebenehof-kapelle130303-180x135.jpg 180w, https:\/\/www.freiburg-schwarzwald.de\/blog\/wp-content\/uploads\/2013\/03\/hochebenehof-kapelle130303.jpg 640w\" sizes=\"auto, (max-width: 180px) 100vw, 180px\" \/><\/a><br \/>\n(1) Blick nach Norden 3.3.2013\u00a0\u00a0\u00a0\u00a0\u00a0\u00a0\u00a0\u00a0\u00a0\u00a0\u00a0\u00a0 (2) Blick zum Feldberg nach S\u00fcden\u00a0\u00a0\u00a0\u00a0\u00a0\u00a0 (3) Die Hofkapelle<\/p>\n<p><a href=\"https:\/\/www.freiburg-schwarzwald.de\/blog\/bauernhof\/hochebenehof\/hochebenehof-kreuz130303\/\" rel=\"attachment wp-att-23992\"><img loading=\"lazy\" decoding=\"async\" title=\"hochebenehof-kreuz130303\" src=\"https:\/\/www.freiburg-schwarzwald.de\/blog\/wp-content\/uploads\/2013\/03\/hochebenehof-kreuz130303-180x135.jpg\" alt=\"\" width=\"180\" height=\"135\" \/><\/a>\u00a0\u00a0\u00a0\u00a0\u00a0\u00a0\u00a0\u00a0\u00a0 <a href=\"https:\/\/www.freiburg-schwarzwald.de\/blog\/bauernhof\/hochebenehof\/hochebene-langhof130303\/\" rel=\"attachment wp-att-23993\"><img loading=\"lazy\" decoding=\"async\" class=\"alignnone size-thumbnail wp-image-23993\" title=\"hochebene-langhof130303\" src=\"https:\/\/www.freiburg-schwarzwald.de\/blog\/wp-content\/uploads\/2013\/03\/hochebene-langhof130303-180x140.jpg\" alt=\"\" width=\"180\" height=\"140\" srcset=\"https:\/\/www.freiburg-schwarzwald.de\/blog\/wp-content\/uploads\/2013\/03\/hochebene-langhof130303-180x140.jpg 180w, https:\/\/www.freiburg-schwarzwald.de\/blog\/wp-content\/uploads\/2013\/03\/hochebene-langhof130303.jpg 638w\" sizes=\"auto, (max-width: 180px) 100vw, 180px\" \/><\/a><br \/>\n(4) Blick nach Westen\u00a0\u00a0Hochebeneweg\u00a0\u00a0 (5) Lang-Hof am Hochebeneweg<\/p>\n","protected":false},"excerpt":{"rendered":"<p>Home &gt;Tourismus &gt;Landwirt &gt;Bauernhof &gt;Schw\u00e4rzenbach &gt;Hochebenehof Ebenemooshof Hochebenehof www.freiburg-schwarzwald.de\/schwaerzenbach5.htm &#8211; Archivseite Heitzmann Helmut &nbsp; Hochebenehof Der Hochebenehof liegt zwischen Schw\u00e4rzenbach-Ahornh\u00e4user im S\u00fcden und dem Ebenemooshof im Norden. Eine Fewo mit Balkon zu 50 qm im neu erbauten Leibgeding rechts neben &hellip; <a href=\"https:\/\/www.freiburg-schwarzwald.de\/blog\/bauernhof\/hochebenehof\/\">Weiterlesen <span class=\"meta-nav\">&rarr;<\/span><\/a><\/p>\n","protected":false},"author":4,"featured_media":0,"parent":373,"menu_order":0,"comment_status":"open","ping_status":"closed","template":"","meta":{"footnotes":""},"class_list":["post-23986","page","type-page","status-publish","hentry"],"_links":{"self":[{"href":"https:\/\/www.freiburg-schwarzwald.de\/blog\/wp-json\/wp\/v2\/pages\/23986","targetHints":{"allow":["GET"]}}],"collection":[{"href":"https:\/\/www.freiburg-schwarzwald.de\/blog\/wp-json\/wp\/v2\/pages"}],"about":[{"href":"https:\/\/www.freiburg-schwarzwald.de\/blog\/wp-json\/wp\/v2\/types\/page"}],"author":[{"embeddable":true,"href":"https:\/\/www.freiburg-schwarzwald.de\/blog\/wp-json\/wp\/v2\/users\/4"}],"replies":[{"embeddable":true,"href":"https:\/\/www.freiburg-schwarzwald.de\/blog\/wp-json\/wp\/v2\/comments?post=23986"}],"version-history":[{"count":0,"href":"https:\/\/www.freiburg-schwarzwald.de\/blog\/wp-json\/wp\/v2\/pages\/23986\/revisions"}],"up":[{"embeddable":true,"href":"https:\/\/www.freiburg-schwarzwald.de\/blog\/wp-json\/wp\/v2\/pages\/373"}],"wp:attachment":[{"href":"https:\/\/www.freiburg-schwarzwald.de\/blog\/wp-json\/wp\/v2\/media?parent=23986"}],"curies":[{"name":"wp","href":"https:\/\/api.w.org\/{rel}","templated":true}]}}