{"id":23692,"date":"2013-03-04T14:56:40","date_gmt":"2013-03-04T13:56:40","guid":{"rendered":"https:\/\/www.freiburg-schwarzwald.de\/blog\/?page_id=23692"},"modified":"2013-03-08T20:06:40","modified_gmt":"2013-03-08T19:06:40","slug":"neuhaeusle","status":"publish","type":"page","link":"https:\/\/www.freiburg-schwarzwald.de\/blog\/regio\/orte\/stmaergen\/neuhaeusle\/","title":{"rendered":"Neuhaeusle"},"content":{"rendered":"<p>Home &gt;<a title=\"Tourismus\" href=\"https:\/\/www.freiburg-schwarzwald.de\/blog\/tourismus\/\">Tourismus<\/a> &gt;<a title=\"Landwirt\" href=\"https:\/\/www.freiburg-schwarzwald.de\/blog\/natur\/landwirt\/\">Landwirt<\/a> &gt;<a title=\"Bauernhof\" href=\"https:\/\/www.freiburg-schwarzwald.de\/blog\/bauernhof\/\">Bauernhof<\/a> &gt;<a title=\"StMaergen\" href=\"https:\/\/www.freiburg-schwarzwald.de\/blog\/regio\/orte\/stmaergen\/\">StMaergen <\/a>&gt;Neuhaeusle<\/p>\n<div id=\"attachment_24076\" style=\"width: 650px\" class=\"wp-caption alignnone\"><a href=\"https:\/\/www.freiburg-schwarzwald.de\/blog\/regio\/orte\/stmaergen\/neuhaeusle\/neuhaeusle-schnee-pan130303\/\" rel=\"attachment wp-att-24076\"><img loading=\"lazy\" decoding=\"async\" aria-describedby=\"caption-attachment-24076\" class=\"size-full wp-image-24076\" title=\"neuhaeusle-schnee-pan130303\" src=\"https:\/\/www.freiburg-schwarzwald.de\/blog\/wp-content\/uploads\/2013\/03\/neuhaeusle-schnee-pan130303.jpg\" alt=\"\" width=\"640\" height=\"213\" srcset=\"https:\/\/www.freiburg-schwarzwald.de\/blog\/wp-content\/uploads\/2013\/03\/neuhaeusle-schnee-pan130303.jpg 640w, https:\/\/www.freiburg-schwarzwald.de\/blog\/wp-content\/uploads\/2013\/03\/neuhaeusle-schnee-pan130303-180x59.jpg 180w\" sizes=\"auto, (max-width: 640px) 100vw, 640px\" \/><\/a><p id=\"caption-attachment-24076\" class=\"wp-caption-text\">Blick nach Nordosten zum Gasthaus Sonne Neuh\u00e4usle am 3.3.2013<\/p><\/div>\n<ul>\n<li>Sonne Neuh\u00e4usle<\/li>\n<li><a href=\"https:\/\/www.freiburg-schwarzwald.de\/neuhaeusle.htm\">Neuh\u00e4usle zwischen St.M\u00e4rgen und Thurner<\/a>\u00a0&gt;Neuhaeusle\u00a0<\/li>\n<li><a href=\"https:\/\/www.freiburg-schwarzwald.de\/neuhaeusle.htm#Neuh\u00e4usle\">Bilder &#8211; Neuh\u00e4usle zwischen St. M\u00e4rgen und Breitnau\/Thurner<\/a><\/li>\n<li><a href=\"https:\/\/www.freiburg-schwarzwald.de\/neuhaeusle.htm#Brosihof in Erlenbach\">Brosihof in Erlenbach<\/a><\/li>\n<li><a href=\"https:\/\/www.freiburg-schwarzwald.de\/neuhaeusle.htm#Pfisterhof\">Pfisterhof im Erlenbach<\/a><\/li>\n<li><a href=\"https:\/\/www.freiburg-schwarzwald.de\/neuhaeusle.htm#Schwarzh\u00e4usle westlich vom Neuh\u00e4usle\">Schwarzh\u00e4usle<\/a><\/li>\n<li><a href=\"https:\/\/www.freiburg-schwarzwald.de\/neuhaeusle.htm#Sonne Neuh\u00e4usle\">Sonne &#8211; Gasthaus und Hotel am Neuh\u00e4usle<\/a><\/li>\n<li><a href=\"https:\/\/www.freiburg-schwarzwald.de\/neuhaeusle.htm#Hirschen Steinbach St.M\u00e4rgen\">Steinbach Hirschen &#8211; Gasthaus<\/a><\/li>\n<li><a href=\"https:\/\/www.freiburg-schwarzwald.de\/neuhaeusle.htm#Goldschmiedhof beim Neuh\u00e4usle\">Goldschmiedhof (Goldschmidthof) beim Neuh\u00e4usle<\/a><\/li>\n<li><a title=\"Schweighoefe\" href=\"https:\/\/www.freiburg-schwarzwald.de\/blog\/regio\/orte\/stmaergen\/schweighoefe\/\">Schweigh\u00f6fe<\/a><\/li>\n<\/ul>\n<p>&nbsp;<\/p>\n<p align=\"left\"><strong>Sonne Neuh\u00e4usle<\/strong><\/p>\n<p align=\"left\">Gasthaus und Reiterhof in St.M\u00e4rgen, Familie Schlegel<br \/>\n<a href=\"https:\/\/www.sonne-neuhaeusle.de\/\">www.sonne-neuhaeusle.de<\/a>, <a href=\"mailto:info@sonne-neuhaeusle.de\">info@sonne-neuhaeusle.de<\/a><\/p>\n<p>&nbsp;<\/p>\n<p><a href=\"https:\/\/www.freiburg-schwarzwald.de\/blog\/regio\/orte\/stmaergen\/neuhaeusle\/stmaergen-neuhaeusle130302\/\" rel=\"attachment wp-att-23694\"><img loading=\"lazy\" decoding=\"async\" class=\"alignnone size-thumbnail wp-image-23694\" title=\"stmaergen-neuhaeusle130302\" src=\"https:\/\/www.freiburg-schwarzwald.de\/blog\/wp-content\/uploads\/2013\/03\/stmaergen-neuhaeusle130302-180x135.jpg\" alt=\"\" width=\"180\" height=\"135\" srcset=\"https:\/\/www.freiburg-schwarzwald.de\/blog\/wp-content\/uploads\/2013\/03\/stmaergen-neuhaeusle130302-180x135.jpg 180w, https:\/\/www.freiburg-schwarzwald.de\/blog\/wp-content\/uploads\/2013\/03\/stmaergen-neuhaeusle130302.jpg 640w\" sizes=\"auto, (max-width: 180px) 100vw, 180px\" \/><\/a>\u00a0\u00a0\u00a0\u00a0\u00a0\u00a0\u00a0\u00a0\u00a0 <a href=\"https:\/\/www.freiburg-schwarzwald.de\/blog\/regio\/orte\/stmaergen\/neuhaeusle\/neuhaeusle130303\/\" rel=\"attachment wp-att-24049\"><img loading=\"lazy\" decoding=\"async\" class=\"alignnone size-thumbnail wp-image-24049\" title=\"neuhaeusle130303\" src=\"https:\/\/www.freiburg-schwarzwald.de\/blog\/wp-content\/uploads\/2013\/03\/neuhaeusle130303-180x135.jpg\" alt=\"\" width=\"180\" height=\"135\" srcset=\"https:\/\/www.freiburg-schwarzwald.de\/blog\/wp-content\/uploads\/2013\/03\/neuhaeusle130303-180x135.jpg 180w, https:\/\/www.freiburg-schwarzwald.de\/blog\/wp-content\/uploads\/2013\/03\/neuhaeusle130303.jpg 640w\" sizes=\"auto, (max-width: 180px) 100vw, 180px\" \/><\/a>\u00a0\u00a0\u00a0\u00a0\u00a0\u00a0\u00a0\u00a0\u00a0 <a href=\"https:\/\/www.freiburg-schwarzwald.de\/blog\/regio\/orte\/stmaergen\/neuhaeusle\/neuhaeusle-fahrenberg130303\/\" rel=\"attachment wp-att-24050\"><img loading=\"lazy\" decoding=\"async\" class=\"alignnone size-thumbnail wp-image-24050\" title=\"neuhaeusle-fahrenberg130303\" src=\"https:\/\/www.freiburg-schwarzwald.de\/blog\/wp-content\/uploads\/2013\/03\/neuhaeusle-fahrenberg130303-180x135.jpg\" alt=\"\" width=\"180\" height=\"135\" srcset=\"https:\/\/www.freiburg-schwarzwald.de\/blog\/wp-content\/uploads\/2013\/03\/neuhaeusle-fahrenberg130303-180x135.jpg 180w, https:\/\/www.freiburg-schwarzwald.de\/blog\/wp-content\/uploads\/2013\/03\/neuhaeusle-fahrenberg130303-640x480.jpg 640w, https:\/\/www.freiburg-schwarzwald.de\/blog\/wp-content\/uploads\/2013\/03\/neuhaeusle-fahrenberg130303.jpg 1000w\" sizes=\"auto, (max-width: 180px) 100vw, 180px\" \/><\/a><br \/>\n(1) Neuh\u00e4usle am 2.3.2013\u00a0\u00a0\u00a0\u00a0\u00a0\u00a0\u00a0\u00a0\u00a0\u00a0\u00a0\u00a0\u00a0\u00a0\u00a0\u00a0\u00a0\u00a0\u00a0\u00a0(2) Neuh\u00e4usle am 3.3.2013\u00a0\u00a0\u00a0\u00a0\u00a0\u00a0\u00a0\u00a0\u00a0\u00a0\u00a0\u00a0\u00a0\u00a0\u00a0\u00a0\u00a0\u00a0\u00a0(3) Blick nach S\u00fcden<\/p>\n<p><a href=\"https:\/\/www.freiburg-schwarzwald.de\/blog\/regio\/orte\/stmaergen\/neuhaeusle\/neuhaeusle-schnee130303\/\" rel=\"attachment wp-att-24054\"><img loading=\"lazy\" decoding=\"async\" title=\"neuhaeusle-schnee130303\" src=\"https:\/\/www.freiburg-schwarzwald.de\/blog\/wp-content\/uploads\/2013\/03\/neuhaeusle-schnee130303-180x135.jpg\" alt=\"\" width=\"180\" height=\"135\" \/><\/a>\u00a0\u00a0\u00a0\u00a0\u00a0\u00a0\u00a0\u00a0\u00a0 <a href=\"https:\/\/www.freiburg-schwarzwald.de\/blog\/regio\/orte\/stmaergen\/neuhaeusle\/neuhaeusle-pferde1-130303\/\" rel=\"attachment wp-att-24055\"><img loading=\"lazy\" decoding=\"async\" class=\"alignnone size-thumbnail wp-image-24055\" title=\"neuhaeusle-pferde1-130303\" src=\"https:\/\/www.freiburg-schwarzwald.de\/blog\/wp-content\/uploads\/2013\/03\/neuhaeusle-pferde1-130303-135x180.jpg\" alt=\"\" width=\"135\" height=\"180\" srcset=\"https:\/\/www.freiburg-schwarzwald.de\/blog\/wp-content\/uploads\/2013\/03\/neuhaeusle-pferde1-130303-135x180.jpg 135w, https:\/\/www.freiburg-schwarzwald.de\/blog\/wp-content\/uploads\/2013\/03\/neuhaeusle-pferde1-130303.jpg 480w\" sizes=\"auto, (max-width: 135px) 100vw, 135px\" \/><\/a>\u00a0\u00a0\u00a0\u00a0\u00a0\u00a0\u00a0\u00a0\u00a0\u00a0\u00a0\u00a0\u00a0\u00a0\u00a0\u00a0\u00a0\u00a0\u00a0\u00a0\u00a0\u00a0\u00a0\u00a0\u00a0 <a href=\"https:\/\/www.freiburg-schwarzwald.de\/blog\/regio\/orte\/stmaergen\/neuhaeusle\/neuhaeusle-pferde2-130303\/\" rel=\"attachment wp-att-24056\"><img loading=\"lazy\" decoding=\"async\" class=\"alignnone size-thumbnail wp-image-24056\" title=\"neuhaeusle-pferde2-130303\" src=\"https:\/\/www.freiburg-schwarzwald.de\/blog\/wp-content\/uploads\/2013\/03\/neuhaeusle-pferde2-130303-180x135.jpg\" alt=\"\" width=\"180\" height=\"135\" srcset=\"https:\/\/www.freiburg-schwarzwald.de\/blog\/wp-content\/uploads\/2013\/03\/neuhaeusle-pferde2-130303-180x135.jpg 180w, https:\/\/www.freiburg-schwarzwald.de\/blog\/wp-content\/uploads\/2013\/03\/neuhaeusle-pferde2-130303.jpg 640w\" sizes=\"auto, (max-width: 180px) 100vw, 180px\" \/><\/a><br \/>\n(4) Neuh\u00e4usle im Schnee\u00a0\u00a0\u00a0\u00a0\u00a0\u00a0\u00a0\u00a0\u00a0\u00a0\u00a0\u00a0\u00a0\u00a0\u00a0\u00a0\u00a0\u00a0\u00a0\u00a0\u00a0\u00a0 (5)\u00a0Pferde\u00a0\u00a0\u00a0\u00a0\u00a0\u00a0\u00a0\u00a0\u00a0\u00a0\u00a0\u00a0\u00a0\u00a0\u00a0\u00a0\u00a0\u00a0\u00a0\u00a0\u00a0\u00a0\u00a0\u00a0\u00a0\u00a0\u00a0\u00a0\u00a0\u00a0\u00a0\u00a0\u00a0\u00a0\u00a0\u00a0\u00a0\u00a0\u00a0\u00a0\u00a0\u00a0\u00a0\u00a0\u00a0\u00a0\u00a0\u00a0\u00a0\u00a0\u00a0 (6) Pferde-Trio<\/p>\n<p><a href=\"https:\/\/www.freiburg-schwarzwald.de\/blog\/regio\/orte\/stmaergen\/neuhaeusle\/neuhaeusle-pferde130303\/\" rel=\"attachment wp-att-24057\"><img loading=\"lazy\" decoding=\"async\" class=\"alignnone size-thumbnail wp-image-24057\" title=\"neuhaeusle-pferde130303\" src=\"https:\/\/www.freiburg-schwarzwald.de\/blog\/wp-content\/uploads\/2013\/03\/neuhaeusle-pferde130303-135x180.jpg\" alt=\"\" width=\"135\" height=\"180\" srcset=\"https:\/\/www.freiburg-schwarzwald.de\/blog\/wp-content\/uploads\/2013\/03\/neuhaeusle-pferde130303-135x180.jpg 135w, https:\/\/www.freiburg-schwarzwald.de\/blog\/wp-content\/uploads\/2013\/03\/neuhaeusle-pferde130303-480x640.jpg 480w, https:\/\/www.freiburg-schwarzwald.de\/blog\/wp-content\/uploads\/2013\/03\/neuhaeusle-pferde130303.jpg 750w\" sizes=\"auto, (max-width: 135px) 100vw, 135px\" \/><\/a>\u00a0\u00a0\u00a0\u00a0\u00a0\u00a0\u00a0\u00a0\u00a0 <a href=\"https:\/\/www.freiburg-schwarzwald.de\/blog\/regio\/orte\/stmaergen\/neuhaeusle\/neuhaeusle-schweighoefe130303\/\" rel=\"attachment wp-att-24058\"><img loading=\"lazy\" decoding=\"async\" class=\"alignnone size-thumbnail wp-image-24058\" title=\"neuhaeusle-schweighoefe130303\" src=\"https:\/\/www.freiburg-schwarzwald.de\/blog\/wp-content\/uploads\/2013\/03\/neuhaeusle-schweighoefe130303-180x135.jpg\" alt=\"\" width=\"180\" height=\"135\" srcset=\"https:\/\/www.freiburg-schwarzwald.de\/blog\/wp-content\/uploads\/2013\/03\/neuhaeusle-schweighoefe130303-180x135.jpg 180w, https:\/\/www.freiburg-schwarzwald.de\/blog\/wp-content\/uploads\/2013\/03\/neuhaeusle-schweighoefe130303.jpg 640w\" sizes=\"auto, (max-width: 180px) 100vw, 180px\" \/><\/a>\u00a0\u00a0\u00a0\u00a0\u00a0\u00a0\u00a0\u00a0\u00a0 <a href=\"https:\/\/www.freiburg-schwarzwald.de\/blog\/regio\/orte\/stmaergen\/neuhaeusle\/neuhaeusle-thurner130303\/\" rel=\"attachment wp-att-24059\"><img loading=\"lazy\" decoding=\"async\" class=\"alignnone size-thumbnail wp-image-24059\" title=\"neuhaeusle-thurner130303\" src=\"https:\/\/www.freiburg-schwarzwald.de\/blog\/wp-content\/uploads\/2013\/03\/neuhaeusle-thurner130303-180x135.jpg\" alt=\"\" width=\"180\" height=\"135\" srcset=\"https:\/\/www.freiburg-schwarzwald.de\/blog\/wp-content\/uploads\/2013\/03\/neuhaeusle-thurner130303-180x135.jpg 180w, https:\/\/www.freiburg-schwarzwald.de\/blog\/wp-content\/uploads\/2013\/03\/neuhaeusle-thurner130303-640x480.jpg 640w, https:\/\/www.freiburg-schwarzwald.de\/blog\/wp-content\/uploads\/2013\/03\/neuhaeusle-thurner130303.jpg 1000w\" sizes=\"auto, (max-width: 180px) 100vw, 180px\" \/><\/a><br \/>\n(7) Blick s\u00fcdw\u00e4rts 3.3.2013\u00a0\u00a0\u00a0\u00a0 (8) Blick zu Brosi- und Pfisterhof\u00a0\u00a0\u00a0\u00a0\u00a0\u00a0\u00a0\u00a0\u00a0\u00a0\u00a0\u00a0 (9) Blick zum Neuh\u00e4usle hin<\/p>\n<p><a href=\"https:\/\/www.freiburg-schwarzwald.de\/blog\/regio\/orte\/stmaergen\/neuhaeusle\/schwarzhaeusle130303\/\" rel=\"attachment wp-att-24073\"><img loading=\"lazy\" decoding=\"async\" class=\"alignnone size-thumbnail wp-image-24073\" title=\"schwarzhaeusle130303\" src=\"https:\/\/www.freiburg-schwarzwald.de\/blog\/wp-content\/uploads\/2013\/03\/schwarzhaeusle130303-180x135.jpg\" alt=\"\" width=\"180\" height=\"135\" srcset=\"https:\/\/www.freiburg-schwarzwald.de\/blog\/wp-content\/uploads\/2013\/03\/schwarzhaeusle130303-180x135.jpg 180w, https:\/\/www.freiburg-schwarzwald.de\/blog\/wp-content\/uploads\/2013\/03\/schwarzhaeusle130303-640x480.jpg 640w, https:\/\/www.freiburg-schwarzwald.de\/blog\/wp-content\/uploads\/2013\/03\/schwarzhaeusle130303.jpg 1000w\" sizes=\"auto, (max-width: 180px) 100vw, 180px\" \/><\/a><br \/>\n\/8) Blick \u00fcbers Schwarzh\u00e4usle zum Thurner<\/p>\n<p>&nbsp;<\/p>\n<p><strong>Brosihof<\/strong><\/p>\n<p><a href=\"https:\/\/www.freiburg-schwarzwald.de\/blog\/regio\/orte\/stmaergen\/neuhaeusle\/brosihof130303\/\" rel=\"attachment wp-att-24052\"><img loading=\"lazy\" decoding=\"async\" class=\"alignnone size-thumbnail wp-image-24052\" title=\"brosihof130303\" src=\"https:\/\/www.freiburg-schwarzwald.de\/blog\/wp-content\/uploads\/2013\/03\/brosihof130303-180x135.jpg\" alt=\"\" width=\"180\" height=\"135\" srcset=\"https:\/\/www.freiburg-schwarzwald.de\/blog\/wp-content\/uploads\/2013\/03\/brosihof130303-180x135.jpg 180w, https:\/\/www.freiburg-schwarzwald.de\/blog\/wp-content\/uploads\/2013\/03\/brosihof130303-640x480.jpg 640w, https:\/\/www.freiburg-schwarzwald.de\/blog\/wp-content\/uploads\/2013\/03\/brosihof130303.jpg 1000w\" sizes=\"auto, (max-width: 180px) 100vw, 180px\" \/><\/a>\u00a0\u00a0\u00a0\u00a0\u00a0\u00a0\u00a0\u00a0\u00a0 <a href=\"https:\/\/www.freiburg-schwarzwald.de\/blog\/regio\/orte\/stmaergen\/neuhaeusle\/neuhaeusle-brosihof130303\/\" rel=\"attachment wp-att-24053\"><img loading=\"lazy\" decoding=\"async\" class=\"alignnone size-thumbnail wp-image-24053\" title=\"neuhaeusle-brosihof130303\" src=\"https:\/\/www.freiburg-schwarzwald.de\/blog\/wp-content\/uploads\/2013\/03\/neuhaeusle-brosihof130303-180x135.jpg\" alt=\"\" width=\"180\" height=\"135\" srcset=\"https:\/\/www.freiburg-schwarzwald.de\/blog\/wp-content\/uploads\/2013\/03\/neuhaeusle-brosihof130303-180x135.jpg 180w, https:\/\/www.freiburg-schwarzwald.de\/blog\/wp-content\/uploads\/2013\/03\/neuhaeusle-brosihof130303.jpg 640w\" sizes=\"auto, (max-width: 180px) 100vw, 180px\" \/><\/a>\u00a0\u00a0\u00a0\u00a0\u00a0\u00a0\u00a0\u00a0\u00a0<br \/>\nBlick westw\u00e4rts zum Brosihof\u00a0\u00a0\u00a0\u00a0\u00a0\u00a0\u00a0\u00a0\u00a0\u00a0\u00a0\u00a0\u00a0\u00a0\u00a0 Blick s\u00fcdw\u00e4rts zum Brosihof 3.3.2013<\/p>\n<p>&nbsp;<\/p>\n<p><strong>Pfisterhof<\/strong><\/p>\n<p><a href=\"https:\/\/www.freiburg-schwarzwald.de\/blog\/regio\/orte\/stmaergen\/neuhaeusle\/pfisterhof130303\/\" rel=\"attachment wp-att-24060\"><img loading=\"lazy\" decoding=\"async\" class=\"alignnone size-thumbnail wp-image-24060\" title=\"pfisterhof130303\" src=\"https:\/\/www.freiburg-schwarzwald.de\/blog\/wp-content\/uploads\/2013\/03\/pfisterhof130303-180x135.jpg\" alt=\"\" width=\"180\" height=\"135\" srcset=\"https:\/\/www.freiburg-schwarzwald.de\/blog\/wp-content\/uploads\/2013\/03\/pfisterhof130303-180x135.jpg 180w, https:\/\/www.freiburg-schwarzwald.de\/blog\/wp-content\/uploads\/2013\/03\/pfisterhof130303.jpg 640w\" sizes=\"auto, (max-width: 180px) 100vw, 180px\" \/><\/a><br \/>\nBlich westw\u00e4rts zum Pfisterhof<\/p>\n<p>&nbsp;<\/p>\n<p>&nbsp;<\/p>\n","protected":false},"excerpt":{"rendered":"<p>Home &gt;Tourismus &gt;Landwirt &gt;Bauernhof &gt;StMaergen &gt;Neuhaeusle Sonne Neuh\u00e4usle Neuh\u00e4usle zwischen St.M\u00e4rgen und Thurner\u00a0&gt;Neuhaeusle\u00a0 Bilder &#8211; Neuh\u00e4usle zwischen St. M\u00e4rgen und Breitnau\/Thurner Brosihof in Erlenbach Pfisterhof im Erlenbach Schwarzh\u00e4usle Sonne &#8211; Gasthaus und Hotel am Neuh\u00e4usle Steinbach Hirschen &#8211; Gasthaus Goldschmiedhof &hellip; <a href=\"https:\/\/www.freiburg-schwarzwald.de\/blog\/regio\/orte\/stmaergen\/neuhaeusle\/\">Weiterlesen <span class=\"meta-nav\">&rarr;<\/span><\/a><\/p>\n","protected":false},"author":4,"featured_media":0,"parent":13713,"menu_order":0,"comment_status":"open","ping_status":"closed","template":"","meta":{"footnotes":""},"class_list":["post-23692","page","type-page","status-publish","hentry"],"_links":{"self":[{"href":"https:\/\/www.freiburg-schwarzwald.de\/blog\/wp-json\/wp\/v2\/pages\/23692","targetHints":{"allow":["GET"]}}],"collection":[{"href":"https:\/\/www.freiburg-schwarzwald.de\/blog\/wp-json\/wp\/v2\/pages"}],"about":[{"href":"https:\/\/www.freiburg-schwarzwald.de\/blog\/wp-json\/wp\/v2\/types\/page"}],"author":[{"embeddable":true,"href":"https:\/\/www.freiburg-schwarzwald.de\/blog\/wp-json\/wp\/v2\/users\/4"}],"replies":[{"embeddable":true,"href":"https:\/\/www.freiburg-schwarzwald.de\/blog\/wp-json\/wp\/v2\/comments?post=23692"}],"version-history":[{"count":0,"href":"https:\/\/www.freiburg-schwarzwald.de\/blog\/wp-json\/wp\/v2\/pages\/23692\/revisions"}],"up":[{"embeddable":true,"href":"https:\/\/www.freiburg-schwarzwald.de\/blog\/wp-json\/wp\/v2\/pages\/13713"}],"wp:attachment":[{"href":"https:\/\/www.freiburg-schwarzwald.de\/blog\/wp-json\/wp\/v2\/media?parent=23692"}],"curies":[{"name":"wp","href":"https:\/\/api.w.org\/{rel}","templated":true}]}}