{"id":23674,"date":"2013-03-04T14:45:50","date_gmt":"2013-03-04T13:45:50","guid":{"rendered":"https:\/\/www.freiburg-schwarzwald.de\/blog\/?page_id=23674"},"modified":"2013-03-04T14:54:17","modified_gmt":"2013-03-04T13:54:17","slug":"schaltkarrendorf","status":"publish","type":"page","link":"https:\/\/www.freiburg-schwarzwald.de\/blog\/regio\/orte\/stmaergen\/schaltkarrendorf\/","title":{"rendered":"Schaltkarrendorf"},"content":{"rendered":"<p>Home &gt;<a title=\"Tourismus\" href=\"https:\/\/www.freiburg-schwarzwald.de\/blog\/tourismus\/\">Tourismus<\/a> &gt;<a title=\"Landwirt\" href=\"https:\/\/www.freiburg-schwarzwald.de\/blog\/natur\/landwirt\/\">Landwirt<\/a> &gt;<a title=\"Bauernhof\" href=\"https:\/\/www.freiburg-schwarzwald.de\/blog\/bauernhof\/\">Bauernhof<\/a> &gt;<a title=\"StMaergen\" href=\"https:\/\/www.freiburg-schwarzwald.de\/blog\/regio\/orte\/stmaergen\/\">StMaergen <\/a>&gt;Schaltkarrendorf<\/p>\n<p>&nbsp;<\/p>\n<p>&nbsp;<\/p>\n<ul>\n<li>Kreutzhof<\/li>\n<li>Moosh\u00f6he-H\u00e4usle<\/li>\n<li>Sauh\u00e4usle<\/li>\n<li>Schreinerh\u00e4usle<\/li>\n<li>Steinbachhof<\/li>\n<li>Steinbacher M\u00fchle<\/li>\n<li>Vitenh\u00e4usle<\/li>\n<li><a title=\"Hochwald\" href=\"https:\/\/www.freiburg-schwarzwald.de\/blog\/regio\/orte\/stmaergen\/hochwald\/\">Hochwald<\/a><\/li>\n<li><a title=\"Steinbachhof\" href=\"https:\/\/www.freiburg-schwarzwald.de\/blog\/bauernhof\/steinbachhof\/\">Steinbachhof<\/a><\/li>\n<\/ul>\n<p>&nbsp;<\/p>\n<p><a href=\"https:\/\/www.freiburg-schwarzwald.de\/blog\/regio\/orte\/stmaergen\/schaltkarrendorf\/stmaergen-schreinerhaeusle130302\/\" rel=\"attachment wp-att-23677\"><img loading=\"lazy\" decoding=\"async\" class=\"alignnone size-thumbnail wp-image-23677\" title=\"stmaergen-schreinerhaeusle130302\" src=\"https:\/\/www.freiburg-schwarzwald.de\/blog\/wp-content\/uploads\/2013\/03\/stmaergen-schreinerhaeusle130302-180x137.jpg\" alt=\"\" width=\"180\" height=\"137\" srcset=\"https:\/\/www.freiburg-schwarzwald.de\/blog\/wp-content\/uploads\/2013\/03\/stmaergen-schreinerhaeusle130302-180x137.jpg 180w, https:\/\/www.freiburg-schwarzwald.de\/blog\/wp-content\/uploads\/2013\/03\/stmaergen-schreinerhaeusle130302.jpg 638w\" sizes=\"auto, (max-width: 180px) 100vw, 180px\" \/><\/a>\u00a0\u00a0\u00a0\u00a0\u00a0\u00a0\u00a0\u00a0\u00a0 <a href=\"https:\/\/www.freiburg-schwarzwald.de\/blog\/regio\/orte\/stmaergen\/schaltkarrendorf\/stmaergen-vitenhof130302\/\" rel=\"attachment wp-att-23678\"><img loading=\"lazy\" decoding=\"async\" class=\"alignnone size-thumbnail wp-image-23678\" title=\"stmaergen-vitenhof130302\" src=\"https:\/\/www.freiburg-schwarzwald.de\/blog\/wp-content\/uploads\/2013\/03\/stmaergen-vitenhof130302-180x135.jpg\" alt=\"\" width=\"180\" height=\"135\" srcset=\"https:\/\/www.freiburg-schwarzwald.de\/blog\/wp-content\/uploads\/2013\/03\/stmaergen-vitenhof130302-180x135.jpg 180w, https:\/\/www.freiburg-schwarzwald.de\/blog\/wp-content\/uploads\/2013\/03\/stmaergen-vitenhof130302.jpg 640w\" sizes=\"auto, (max-width: 180px) 100vw, 180px\" \/><\/a>\u00a0\u00a0\u00a0\u00a0\u00a0\u00a0\u00a0\u00a0\u00a0 <a href=\"https:\/\/www.freiburg-schwarzwald.de\/blog\/regio\/orte\/stmaergen\/schaltkarrendorf\/stmaergen-schaltkarrendorf130302\/\" rel=\"attachment wp-att-23679\"><img loading=\"lazy\" decoding=\"async\" class=\"alignnone size-thumbnail wp-image-23679\" title=\"stmaergen-schaltkarrendorf130302\" src=\"https:\/\/www.freiburg-schwarzwald.de\/blog\/wp-content\/uploads\/2013\/03\/stmaergen-schaltkarrendorf130302-180x135.jpg\" alt=\"\" width=\"180\" height=\"135\" srcset=\"https:\/\/www.freiburg-schwarzwald.de\/blog\/wp-content\/uploads\/2013\/03\/stmaergen-schaltkarrendorf130302-180x135.jpg 180w, https:\/\/www.freiburg-schwarzwald.de\/blog\/wp-content\/uploads\/2013\/03\/stmaergen-schaltkarrendorf130302.jpg 640w\" sizes=\"auto, (max-width: 180px) 100vw, 180px\" \/><\/a><br \/>\n(1)<\/p>\n<p><a href=\"https:\/\/www.freiburg-schwarzwald.de\/blog\/regio\/orte\/stmaergen\/schaltkarrendorf\/stmaergen-kreutzhof130302\/\" rel=\"attachment wp-att-23680\"><img loading=\"lazy\" decoding=\"async\" class=\"alignnone size-thumbnail wp-image-23680\" title=\"stmaergen-kreutzhof130302\" src=\"https:\/\/www.freiburg-schwarzwald.de\/blog\/wp-content\/uploads\/2013\/03\/stmaergen-kreutzhof130302-180x135.jpg\" alt=\"\" width=\"180\" height=\"135\" srcset=\"https:\/\/www.freiburg-schwarzwald.de\/blog\/wp-content\/uploads\/2013\/03\/stmaergen-kreutzhof130302-180x135.jpg 180w, https:\/\/www.freiburg-schwarzwald.de\/blog\/wp-content\/uploads\/2013\/03\/stmaergen-kreutzhof130302.jpg 640w\" sizes=\"auto, (max-width: 180px) 100vw, 180px\" \/><\/a>\u00a0\u00a0\u00a0\u00a0\u00a0\u00a0\u00a0\u00a0\u00a0 <a href=\"https:\/\/www.freiburg-schwarzwald.de\/blog\/regio\/orte\/stmaergen\/schaltkarrendorf\/stmaergen-kreutzhof930m130302\/\" rel=\"attachment wp-att-23682\"><img loading=\"lazy\" decoding=\"async\" class=\"alignnone size-thumbnail wp-image-23682\" title=\"stmaergen-kreutzhof930m130302\" src=\"https:\/\/www.freiburg-schwarzwald.de\/blog\/wp-content\/uploads\/2013\/03\/stmaergen-kreutzhof930m130302-135x180.jpg\" alt=\"\" width=\"135\" height=\"180\" srcset=\"https:\/\/www.freiburg-schwarzwald.de\/blog\/wp-content\/uploads\/2013\/03\/stmaergen-kreutzhof930m130302-135x180.jpg 135w, https:\/\/www.freiburg-schwarzwald.de\/blog\/wp-content\/uploads\/2013\/03\/stmaergen-kreutzhof930m130302.jpg 480w\" sizes=\"auto, (max-width: 135px) 100vw, 135px\" \/><\/a>\u00a0\u00a0\u00a0\u00a0\u00a0\u00a0\u00a0\u00a0 <a href=\"https:\/\/www.freiburg-schwarzwald.de\/blog\/regio\/orte\/stmaergen\/schaltkarrendorf\/stmaergen-moosgrund130302\/\" rel=\"attachment wp-att-23683\"><img loading=\"lazy\" decoding=\"async\" class=\"alignnone size-thumbnail wp-image-23683\" title=\"stmaergen-moosgrund130302\" src=\"https:\/\/www.freiburg-schwarzwald.de\/blog\/wp-content\/uploads\/2013\/03\/stmaergen-moosgrund130302-180x135.jpg\" alt=\"\" width=\"180\" height=\"135\" srcset=\"https:\/\/www.freiburg-schwarzwald.de\/blog\/wp-content\/uploads\/2013\/03\/stmaergen-moosgrund130302-180x135.jpg 180w, https:\/\/www.freiburg-schwarzwald.de\/blog\/wp-content\/uploads\/2013\/03\/stmaergen-moosgrund130302.jpg 640w\" sizes=\"auto, (max-width: 180px) 100vw, 180px\" \/><\/a><br \/>\n(4)<\/p>\n<p><a href=\"https:\/\/www.freiburg-schwarzwald.de\/blog\/regio\/orte\/stmaergen\/schaltkarrendorf\/stmaergen-mooshof130302\/\" rel=\"attachment wp-att-23684\"><img loading=\"lazy\" decoding=\"async\" class=\"alignnone size-thumbnail wp-image-23684\" title=\"stmaergen-mooshof130302\" src=\"https:\/\/www.freiburg-schwarzwald.de\/blog\/wp-content\/uploads\/2013\/03\/stmaergen-mooshof130302-180x135.jpg\" alt=\"\" width=\"180\" height=\"135\" srcset=\"https:\/\/www.freiburg-schwarzwald.de\/blog\/wp-content\/uploads\/2013\/03\/stmaergen-mooshof130302-180x135.jpg 180w, https:\/\/www.freiburg-schwarzwald.de\/blog\/wp-content\/uploads\/2013\/03\/stmaergen-mooshof130302.jpg 640w\" sizes=\"auto, (max-width: 180px) 100vw, 180px\" \/><\/a>\u00a0\u00a0\u00a0\u00a0\u00a0\u00a0\u00a0\u00a0\u00a0 <a href=\"https:\/\/www.freiburg-schwarzwald.de\/blog\/regio\/orte\/stmaergen\/schaltkarrendorf\/stmaergen-steinbach-hirschen130302\/\" rel=\"attachment wp-att-23685\"><img loading=\"lazy\" decoding=\"async\" class=\"alignnone size-thumbnail wp-image-23685\" title=\"stmaergen-steinbach-hirschen130302\" src=\"https:\/\/www.freiburg-schwarzwald.de\/blog\/wp-content\/uploads\/2013\/03\/stmaergen-steinbach-hirschen130302-180x135.jpg\" alt=\"\" width=\"180\" height=\"135\" srcset=\"https:\/\/www.freiburg-schwarzwald.de\/blog\/wp-content\/uploads\/2013\/03\/stmaergen-steinbach-hirschen130302-180x135.jpg 180w, https:\/\/www.freiburg-schwarzwald.de\/blog\/wp-content\/uploads\/2013\/03\/stmaergen-steinbach-hirschen130302.jpg 640w\" sizes=\"auto, (max-width: 180px) 100vw, 180px\" \/><\/a><br \/>\n(7)<\/p>\n<p>&nbsp;<\/p>\n","protected":false},"excerpt":{"rendered":"<p>Home &gt;Tourismus &gt;Landwirt &gt;Bauernhof &gt;StMaergen &gt;Schaltkarrendorf &nbsp; &nbsp; Kreutzhof Moosh\u00f6he-H\u00e4usle Sauh\u00e4usle Schreinerh\u00e4usle Steinbachhof Steinbacher M\u00fchle Vitenh\u00e4usle Hochwald Steinbachhof &nbsp; \u00a0\u00a0\u00a0\u00a0\u00a0\u00a0\u00a0\u00a0\u00a0 \u00a0\u00a0\u00a0\u00a0\u00a0\u00a0\u00a0\u00a0\u00a0 (1) \u00a0\u00a0\u00a0\u00a0\u00a0\u00a0\u00a0\u00a0\u00a0 \u00a0\u00a0\u00a0\u00a0\u00a0\u00a0\u00a0\u00a0 (4) \u00a0\u00a0\u00a0\u00a0\u00a0\u00a0\u00a0\u00a0\u00a0 (7) &nbsp;<\/p>\n","protected":false},"author":4,"featured_media":0,"parent":13713,"menu_order":0,"comment_status":"open","ping_status":"closed","template":"","meta":{"footnotes":""},"class_list":["post-23674","page","type-page","status-publish","hentry"],"_links":{"self":[{"href":"https:\/\/www.freiburg-schwarzwald.de\/blog\/wp-json\/wp\/v2\/pages\/23674","targetHints":{"allow":["GET"]}}],"collection":[{"href":"https:\/\/www.freiburg-schwarzwald.de\/blog\/wp-json\/wp\/v2\/pages"}],"about":[{"href":"https:\/\/www.freiburg-schwarzwald.de\/blog\/wp-json\/wp\/v2\/types\/page"}],"author":[{"embeddable":true,"href":"https:\/\/www.freiburg-schwarzwald.de\/blog\/wp-json\/wp\/v2\/users\/4"}],"replies":[{"embeddable":true,"href":"https:\/\/www.freiburg-schwarzwald.de\/blog\/wp-json\/wp\/v2\/comments?post=23674"}],"version-history":[{"count":0,"href":"https:\/\/www.freiburg-schwarzwald.de\/blog\/wp-json\/wp\/v2\/pages\/23674\/revisions"}],"up":[{"embeddable":true,"href":"https:\/\/www.freiburg-schwarzwald.de\/blog\/wp-json\/wp\/v2\/pages\/13713"}],"wp:attachment":[{"href":"https:\/\/www.freiburg-schwarzwald.de\/blog\/wp-json\/wp\/v2\/media?parent=23674"}],"curies":[{"name":"wp","href":"https:\/\/api.w.org\/{rel}","templated":true}]}}