{"id":23596,"date":"2013-03-03T11:43:59","date_gmt":"2013-03-03T10:43:59","guid":{"rendered":"https:\/\/www.freiburg-schwarzwald.de\/blog\/?page_id=23596"},"modified":"2025-11-05T21:46:21","modified_gmt":"2025-11-05T20:46:21","slug":"wasser-freiburg","status":"publish","type":"page","link":"https:\/\/www.freiburg-schwarzwald.de\/blog\/natur\/wasser\/wasser-freiburg\/","title":{"rendered":"Wasser-Freiburg"},"content":{"rendered":"<p>Home &gt;<a title=\"Natur\" href=\"https:\/\/www.freiburg-schwarzwald.de\/blog\/natur\/\">Natur<\/a> &gt;<a title=\"Ernaehrung\" href=\"https:\/\/www.freiburg-schwarzwald.de\/blog\/natur\/ernaehrung\/\">Ernaehrung<\/a> &gt;<a title=\"Wasser\" href=\"https:\/\/www.freiburg-schwarzwald.de\/blog\/natur\/wasser\/\">Wasser<\/a> &gt;Wasser-Freiburg<\/p>\n<div id=\"attachment_21713\" style=\"width: 648px\" class=\"wp-caption alignnone\"><a href=\"https:\/\/www.freiburg-schwarzwald.de\/blog\/regio\/tal\/dreisamtal\/dreisam-schnee-pan130205\/\" rel=\"attachment wp-att-21713\"><img loading=\"lazy\" decoding=\"async\" aria-describedby=\"caption-attachment-21713\" class=\"size-full wp-image-21713\" title=\"dreisam-schnee-pan130205\" src=\"https:\/\/www.freiburg-schwarzwald.de\/blog\/wp-content\/uploads\/2012\/04\/dreisam-schnee-pan130205.jpg\" alt=\"\" width=\"638\" height=\"220\" srcset=\"https:\/\/www.freiburg-schwarzwald.de\/blog\/wp-content\/uploads\/2012\/04\/dreisam-schnee-pan130205.jpg 638w, https:\/\/www.freiburg-schwarzwald.de\/blog\/wp-content\/uploads\/2012\/04\/dreisam-schnee-pan130205-180x62.jpg 180w\" sizes=\"auto, (max-width: 638px) 100vw, 638px\" \/><\/a><p id=\"caption-attachment-21713\" class=\"wp-caption-text\">Blick nach Osten von der Dreisambr\u00fccke beim Ebneter Wasserwerk am 5.2.2013 &#8211; Winterspaziergang im Schnee<\/p><\/div>\n<p>&nbsp;<\/p>\n<ul>\n<li><em>Listenauswahl eines Beitrags (Artikel\/Datum, Seite\/Inhalt): <span style=\"text-decoration: underline;\">Klicken<\/span> oder scrollen<\/em><\/li>\n<li>Badenova: Pumpen und Sammler zwischen Ebnet und Zarten im Dreisamtal (3.11.2025)<\/li>\n<li><a title=\"Radweg-Ebnet\" href=\"https:\/\/www.freiburg-schwarzwald.de\/blog\/regio\/verkehr\/fahrradwege\/radweg-ebnet\/\">Fahrradweg: Querverbindung vom Ebneter Wasserwerk nach Zarten<\/a>\u00a0(17.6.2020)<\/li>\n<li>Gew\u00e4sserrandstreifen &#8211; 5 Meter D\u00fcnge &#8211; und G\u00fclleverbot\u00a0(25.4.2014)<\/li>\n<li>G\u00fclle am Trinkwasserschutzgebiet (20.2.2013)<\/li>\n<li><a href=\"https:\/\/www.freiburg-schwarzwald.de\/wasser-freiburg.htm#Freiburgs Wasservorrat Ebnet und Hausen doppelt so gro\u00df wie der Bodensee\">Freiburgs Wasservorrat Ebnet und Hausen doppelt so gro\u00df wie Bodensee<\/a> &gt;Wasser-FR (20.8.)<\/li>\n<li><a href=\"https:\/\/www.freiburg-schwarzwald.de\/littenweiler\/haslach.htm#Neunaugen im Kronenm\u00fchlebach - Wasserversorgung sichern\">Neunaugen im Kronenm\u00fchlebach &#8211; Wasserversorgung sichern<\/a> &gt;Haslach (3.7.2008)<\/li>\n<li><a href=\"https:\/\/www.freiburg-schwarzwald.de\/wasser-freiburg.htm#EWK erh\u00f6ht Trinkwasserpreise, da Verbraucher sparsam sind\">EWK erh\u00f6ht Trinkwasserpreise, da Verbraucher sparsam sind<\/a> &gt;Wasser2 (21.12.2007)<\/li>\n<li><a href=\"https:\/\/www.freiburg-schwarzwald.de\/littenweiler\/dreisam.htm#Dreisam-Buch von J\u00f6rg Lange\">Dreisam-Buch von J\u00f6rg Lange<\/a> &gt;Dreisam (17.11.2007)<\/li>\n<li><a href=\"https:\/\/www.freiburg-schwarzwald.de\/wasser-freiburg.htm#Gewerbekanal brachte Energie f\u00fcr Freiburger Gewerbe\">Gewerbekanal brachte Energie f\u00fcr Freiburger Gewerbe<\/a>&gt;Wasser2 (10.3.2007)<\/li>\n<li><a href=\"https:\/\/www.freiburg-schwarzwald.de\/wasser2.htm#Bew\u00e4sserung f\u00fcr Obst- und Gem\u00fcsebau - 85 neue Brunnen\">Bew\u00e4sserung f\u00fcr Obst- und Gem\u00fcsebau &#8211; 85 neue Brunnen<\/a> &gt;Wasser2 (1.3.2007)<\/li>\n<li><a href=\"https:\/\/www.freiburg-schwarzwald.de\/wasser-freiburg.htm#Wasserschutzgebiet Ebnet\">Wasserschutzgebiet Ebnet &#8211; Wasserwerk Ebnet<\/a>&gt;Wasser-Freiburg<\/li>\n<li><a href=\"https:\/\/www.freiburg-schwarzwald.de\/wasser-freiburg.htm#Wasserwerk Hausen an der M\u00f6hlin\">Wasserwerk Hausen an der M\u00f6hlin<\/a>&gt;Wasser-Freiburg<\/li>\n<li><a href=\"https:\/\/www.freiburg-schwarzwald.de\/wasser-freiburg.htm#Fremdwasser = Trinkwassermenge - Schmutzwassermenge\">Fremdwasser = Trinkwassermenge &#8211; Schmutzwassermenge<\/a>(21.8.2008)<\/li>\n<li><a href=\"https:\/\/www.freiburg-schwarzwald.de\/wasser2.htm#47 Notbrunnen in Freiburg zapfen das Grundwasser an\">47 Notbrunnen in Freiburg zapfen das Grundwasser an<\/a>\u00a0 (22.9.2007)<\/li>\n<li><\/li>\n<li><a href=\"https:\/\/www.freiburg-schwarzwald.de\/littenweiler\/dreisamtal.htm#Landschaftsschutzgebiet Dreisamtal\">Landschaftsschutzgebiet im Dreisamtal<\/a> &gt;Dreisamtal<\/li>\n<li><a title=\"Radweg-Ebnet\" href=\"https:\/\/www.freiburg-schwarzwald.de\/blog\/regio\/verkehr\/fahrradwege\/radweg-ebnet\/\">Radweg-Ebnet<\/a><\/li>\n<\/ul>\n<p><strong>Badenova: Pumpen und Sammler zwischen Ebnet und Zarten im Dreisamtal<\/strong><\/p>\n<p><a href=\"https:\/\/www.freiburg-schwarzwald.de\/blog\/wp-content\/uploads\/2025\/11\/badenova-wasserpumpe1dreisamtal251103.jpg\"><img loading=\"lazy\" decoding=\"async\" class=\"alignnone size-thumbnail wp-image-141185\" src=\"https:\/\/www.freiburg-schwarzwald.de\/blog\/wp-content\/uploads\/2025\/11\/badenova-wasserpumpe1dreisamtal251103-180x144.jpg\" alt=\"\" width=\"180\" height=\"144\" srcset=\"https:\/\/www.freiburg-schwarzwald.de\/blog\/wp-content\/uploads\/2025\/11\/badenova-wasserpumpe1dreisamtal251103-180x144.jpg 180w, https:\/\/www.freiburg-schwarzwald.de\/blog\/wp-content\/uploads\/2025\/11\/badenova-wasserpumpe1dreisamtal251103-640x510.jpg 640w, https:\/\/www.freiburg-schwarzwald.de\/blog\/wp-content\/uploads\/2025\/11\/badenova-wasserpumpe1dreisamtal251103-768x612.jpg 768w, https:\/\/www.freiburg-schwarzwald.de\/blog\/wp-content\/uploads\/2025\/11\/badenova-wasserpumpe1dreisamtal251103.jpg 800w\" sizes=\"auto, (max-width: 180px) 100vw, 180px\" \/><\/a><\/p>\n<p><a href=\"https:\/\/www.freiburg-schwarzwald.de\/blog\/wp-content\/uploads\/2025\/11\/badenova-wasserpumpe1dreisamtal.jpg\"><img loading=\"lazy\" decoding=\"async\" class=\"alignnone size-thumbnail wp-image-141186\" src=\"https:\/\/www.freiburg-schwarzwald.de\/blog\/wp-content\/uploads\/2025\/11\/badenova-wasserpumpe1dreisamtal-180x135.jpg\" alt=\"\" width=\"180\" height=\"135\" srcset=\"https:\/\/www.freiburg-schwarzwald.de\/blog\/wp-content\/uploads\/2025\/11\/badenova-wasserpumpe1dreisamtal-180x135.jpg 180w, https:\/\/www.freiburg-schwarzwald.de\/blog\/wp-content\/uploads\/2025\/11\/badenova-wasserpumpe1dreisamtal-640x480.jpg 640w, https:\/\/www.freiburg-schwarzwald.de\/blog\/wp-content\/uploads\/2025\/11\/badenova-wasserpumpe1dreisamtal-1024x768.jpg 1024w, https:\/\/www.freiburg-schwarzwald.de\/blog\/wp-content\/uploads\/2025\/11\/badenova-wasserpumpe1dreisamtal-768x576.jpg 768w, https:\/\/www.freiburg-schwarzwald.de\/blog\/wp-content\/uploads\/2025\/11\/badenova-wasserpumpe1dreisamtal.jpg 1085w\" sizes=\"auto, (max-width: 180px) 100vw, 180px\" \/><\/a><\/p>\n<p>Die Doppelpumpe an der ehemaligen B31 <a href=\"https:\/\/www.freiburg-schwarzwald.de\/blog\/regio\/freiburg\/ebnet\/ebnet-zarten\/\">zwischen Ebnet und Zarten<\/a> f\u00f6rdert Wasser aus 30 m Tiefe. Zwei weitere Pumpen beim Breitehof und drei innerhalb des Golfplatzgel\u00e4ndes am Kr\u00fcttweg. Das Wasser gelangt in die Sammelstelle an der Dreisam<br \/>\n3.11.2025<\/p>\n<p>&nbsp;<\/p>\n<p><strong>G\u00fclle am Trinkwasserschutzgebiet <\/strong><\/p>\n<h5><a href=\"https:\/\/www.freiburg-schwarzwald.de\/blog\/natur\/wasser\/wasser-freiburg\/guelle1dreisam130220\/\" rel=\"attachment wp-att-23607\"><img loading=\"lazy\" decoding=\"async\" class=\"alignnone size-thumbnail wp-image-23607\" title=\"guelle1dreisam130220\" src=\"https:\/\/www.freiburg-schwarzwald.de\/blog\/wp-content\/uploads\/2013\/03\/guelle1dreisam130220-180x135.jpg\" alt=\"\" width=\"180\" height=\"135\" srcset=\"https:\/\/www.freiburg-schwarzwald.de\/blog\/wp-content\/uploads\/2013\/03\/guelle1dreisam130220-180x135.jpg 180w, https:\/\/www.freiburg-schwarzwald.de\/blog\/wp-content\/uploads\/2013\/03\/guelle1dreisam130220.jpg 640w\" sizes=\"auto, (max-width: 180px) 100vw, 180px\" \/><\/a>\u00a0\u00a0\u00a0\u00a0\u00a0\u00a0\u00a0\u00a0\u00a0 <a href=\"https:\/\/www.freiburg-schwarzwald.de\/blog\/natur\/wasser\/wasser-freiburg\/guelle2dreisam130220\/\" rel=\"attachment wp-att-23608\"><img loading=\"lazy\" decoding=\"async\" class=\"alignnone size-thumbnail wp-image-23608\" title=\"guelle2dreisam130220\" src=\"https:\/\/www.freiburg-schwarzwald.de\/blog\/wp-content\/uploads\/2013\/03\/guelle2dreisam130220-180x135.jpg\" alt=\"\" width=\"180\" height=\"135\" srcset=\"https:\/\/www.freiburg-schwarzwald.de\/blog\/wp-content\/uploads\/2013\/03\/guelle2dreisam130220-180x135.jpg 180w, https:\/\/www.freiburg-schwarzwald.de\/blog\/wp-content\/uploads\/2013\/03\/guelle2dreisam130220.jpg 640w\" sizes=\"auto, (max-width: 180px) 100vw, 180px\" \/><\/a>\u00a0\u00a0\u00a0\u00a0\u00a0\u00a0\u00a0\u00a0\u00a0 <a href=\"https:\/\/www.freiburg-schwarzwald.de\/blog\/natur\/wasser\/wasser-freiburg\/guelle3dreisam130220\/\" rel=\"attachment wp-att-23609\"><img loading=\"lazy\" decoding=\"async\" class=\"alignnone size-thumbnail wp-image-23609\" title=\"guelle3dreisam130220\" src=\"https:\/\/www.freiburg-schwarzwald.de\/blog\/wp-content\/uploads\/2013\/03\/guelle3dreisam130220-180x135.jpg\" alt=\"\" width=\"180\" height=\"135\" srcset=\"https:\/\/www.freiburg-schwarzwald.de\/blog\/wp-content\/uploads\/2013\/03\/guelle3dreisam130220-180x135.jpg 180w, https:\/\/www.freiburg-schwarzwald.de\/blog\/wp-content\/uploads\/2013\/03\/guelle3dreisam130220.jpg 640w\" sizes=\"auto, (max-width: 180px) 100vw, 180px\" \/><\/a><br \/>\n(1) Dreisamuferweg 20.2.2013\u00a0 \u00a0 \u00a0 \u00a0 \u00a0 \u00a0 \u00a0 \u00a0 \u00a0 (2) Blick nach Osten\u00a0 \u00a0 \u00a0 \u00a0 \u00a0 \u00a0 \u00a0 \u00a0 \u00a0 \u00a0 \u00a0 \u00a0 \u00a0 \u00a0 \u00a0 \u00a0 \u00a0 \u00a0 (3) Blick nach S\u00fcden<\/h5>\n<h5><a href=\"https:\/\/www.freiburg-schwarzwald.de\/blog\/natur\/wasser\/wasser-freiburg\/guelle-dreisam130220\/\" rel=\"attachment wp-att-23610\"><img loading=\"lazy\" decoding=\"async\" class=\"alignnone size-thumbnail wp-image-23610\" title=\"guelle-dreisam130220\" src=\"https:\/\/www.freiburg-schwarzwald.de\/blog\/wp-content\/uploads\/2013\/03\/guelle-dreisam130220-180x135.jpg\" alt=\"\" width=\"180\" height=\"135\" srcset=\"https:\/\/www.freiburg-schwarzwald.de\/blog\/wp-content\/uploads\/2013\/03\/guelle-dreisam130220-180x135.jpg 180w, https:\/\/www.freiburg-schwarzwald.de\/blog\/wp-content\/uploads\/2013\/03\/guelle-dreisam130220.jpg 640w\" sizes=\"auto, (max-width: 180px) 100vw, 180px\" \/><\/a>\u00a0 \u00a0 \u00a0 \u00a0 \u00a0\u00a0<a href=\"https:\/\/www.freiburg-schwarzwald.de\/blog\/natur\/wasser\/wasser-freiburg\/guelle1dreisamtal140129\/\" rel=\"attachment wp-att-44778\"><img loading=\"lazy\" decoding=\"async\" class=\"alignnone size-thumbnail wp-image-44778\" src=\"https:\/\/www.freiburg-schwarzwald.de\/blog\/wp-content\/uploads\/2013\/03\/guelle1dreisamtal140129-180x135.jpg\" alt=\"guelle1dreisamtal140129\" width=\"180\" height=\"135\" srcset=\"https:\/\/www.freiburg-schwarzwald.de\/blog\/wp-content\/uploads\/2013\/03\/guelle1dreisamtal140129-180x135.jpg 180w, https:\/\/www.freiburg-schwarzwald.de\/blog\/wp-content\/uploads\/2013\/03\/guelle1dreisamtal140129.jpg 640w\" sizes=\"auto, (max-width: 180px) 100vw, 180px\" \/><\/a>\u00a0 \u00a0 \u00a0 \u00a0 \u00a0\u00a0<a href=\"https:\/\/www.freiburg-schwarzwald.de\/blog\/natur\/wasser\/wasser-freiburg\/guelle2dreisamtal140129\/\" rel=\"attachment wp-att-44779\"><img loading=\"lazy\" decoding=\"async\" class=\"alignnone size-thumbnail wp-image-44779\" src=\"https:\/\/www.freiburg-schwarzwald.de\/blog\/wp-content\/uploads\/2013\/03\/guelle2dreisamtal140129-180x135.jpg\" alt=\"guelle2dreisamtal140129\" width=\"180\" height=\"135\" srcset=\"https:\/\/www.freiburg-schwarzwald.de\/blog\/wp-content\/uploads\/2013\/03\/guelle2dreisamtal140129-180x135.jpg 180w, https:\/\/www.freiburg-schwarzwald.de\/blog\/wp-content\/uploads\/2013\/03\/guelle2dreisamtal140129.jpg 640w\" sizes=\"auto, (max-width: 180px) 100vw, 180px\" \/><\/a><br \/>\n(4) G\u00fclle braun &#8211; Schnee wei\u00df\u00a0 \u00a0 \u00a0 \u00a0 \u00a0 \u00a0 \u00a0 \u00a0 \u00a0 \u00a0 (5) G\u00fclle im Dreisamtal 29.1.2014\u00a0 \u00a0 \u00a0 \u00a0 \u00a0 \u00a0 \u00a0(2) 29.1.2014<\/h5>\n<p>Am 20.2.2013 wurde s\u00fcdlich vom Dreisamsteg beim Ebneter Wasserwerk G\u00fclle auf die Wiesen ausgebracht &#8211; Stickstoff pur und anhaltend. Am 1.3.2013 folgte der westlich angrenzende Wiesenstreifen bis\u00a0auf die Hohe des Ebneter Schlossstegs. Fragt sich nur, ob dies dem Trinkwasserschutzgebiet gut tut?<\/p>\n<p>&nbsp;<\/p>\n<p>&nbsp;<\/p>\n<p><strong>Gew\u00e4sserrandstreifen &#8211; 5 Meter D\u00fcnge- und G\u00fclleverbot<\/strong><br \/>\nIn Baden-W\u00fcrttemberg gelten seit Anfang des Jahres versch\u00e4rfte Anforderungen an die landwirtschaftliche Nutzung auf Fl\u00e4chen entlang von Gew\u00e4ssern. Hintergrund ist eine \u00c4nderung im Wassergesetz Baden-W\u00fcrttemberg. Wichtigster Punkt dabei: Die Lagerung und der Einsatz von D\u00fcnge- und Pflanzenschutzmitteln in einem Bereich von f\u00fcnf Metern ab der B\u00f6schungsoberkante ist nun verboten. Gew\u00e4sser von untergeordneter Bedeutung sind davon allerdings ausgenommen. Darunter fallen kleinere Gew\u00e4sser, die nicht st\u00e4ndig Wasser f\u00fchren, wie Be- und Entw\u00e4sserungsgr\u00e4ben, Stra\u00dfenseitengr\u00e4ben und Wasserstaffeln in Weinbergen. Eine Orientierung, ob ein Gew\u00e4sser von den neuen Regelungen zum Gew\u00e4sserrandstreifen betroffen ist, bietet das <em>&#8222;Amtliche Digitale Wasserwirtschaftliche Gew\u00e4ssernetz des Landes Baden-W\u00fcrttemberg&#8220;<\/em> (siehe Link unten). Ist ein Gew\u00e4sser derzeit dort nicht aufgef\u00fchrt, so k\u00f6nnen Landwirte bis auf Weiteres davon ausgehen, dass ihre Grundst\u00fccke an diesem Gew\u00e4sser von den Neuregelungen nicht betroffen sind. Ausgenommen davon sind die F\u00e4lle, in denen die Wasserbeh\u00f6rde des Landratsamtes eine pr\u00e4zisierende Beurteilung gegen\u00fcber dem Landwirt abgibt. Die neuen Regelungen zum Gew\u00e4sserrandstreifen dienen dem Schutz der Gew\u00e4sser vor sch\u00e4dlichen Stoffen aus den angrenzenden Fl\u00e4chen. In den vergangenen Jahren sind die Anforderungen an die Gew\u00e4sserqualit\u00e4t, insbesondere aufgrund europ\u00e4ischer Vorgaben, immer anspruchsvoller geworden, wie das Landratsamt mitteilt. Welche Gew\u00e4sserrandstreifen\u00a0betroffen sind, kann man im Internet ansehen (dazu links oben die Anfangsbuchstaben des Ortes eingeben (z.B. Ki f\u00fcr Kirchzarten) und ausw\u00e4hlen:<br \/>\n<a href=\"https:\/\/udo.lubw.baden-wuerttemberg.de\/public\/pages\/map\/default\/index.xhtml;jsessionid=AAE54CBEC3AD2C310F705A965C46B49F\">https:\/\/udo.lubw.baden-wuerttemberg.de\/public\/pages\/map\/default\/index.xhtml;jsessionid=AAE54CBEC3AD2C310F705A965C46B49F<\/a><br \/>\n25.4.2014<\/p>\n","protected":false},"excerpt":{"rendered":"<p>Home &gt;Natur &gt;Ernaehrung &gt;Wasser &gt;Wasser-Freiburg &nbsp; Listenauswahl eines Beitrags (Artikel\/Datum, Seite\/Inhalt): Klicken oder scrollen Badenova: Pumpen und Sammler zwischen Ebnet und Zarten im Dreisamtal (3.11.2025) Fahrradweg: Querverbindung vom Ebneter Wasserwerk nach Zarten\u00a0(17.6.2020) Gew\u00e4sserrandstreifen &#8211; 5 Meter D\u00fcnge &#8211; und G\u00fclleverbot\u00a0(25.4.2014) &hellip; <a href=\"https:\/\/www.freiburg-schwarzwald.de\/blog\/natur\/wasser\/wasser-freiburg\/\">Weiterlesen <span class=\"meta-nav\">&rarr;<\/span><\/a><\/p>\n","protected":false},"author":4,"featured_media":0,"parent":1467,"menu_order":0,"comment_status":"open","ping_status":"closed","template":"","meta":{"footnotes":""},"class_list":["post-23596","page","type-page","status-publish","hentry"],"_links":{"self":[{"href":"https:\/\/www.freiburg-schwarzwald.de\/blog\/wp-json\/wp\/v2\/pages\/23596","targetHints":{"allow":["GET"]}}],"collection":[{"href":"https:\/\/www.freiburg-schwarzwald.de\/blog\/wp-json\/wp\/v2\/pages"}],"about":[{"href":"https:\/\/www.freiburg-schwarzwald.de\/blog\/wp-json\/wp\/v2\/types\/page"}],"author":[{"embeddable":true,"href":"https:\/\/www.freiburg-schwarzwald.de\/blog\/wp-json\/wp\/v2\/users\/4"}],"replies":[{"embeddable":true,"href":"https:\/\/www.freiburg-schwarzwald.de\/blog\/wp-json\/wp\/v2\/comments?post=23596"}],"version-history":[{"count":5,"href":"https:\/\/www.freiburg-schwarzwald.de\/blog\/wp-json\/wp\/v2\/pages\/23596\/revisions"}],"predecessor-version":[{"id":141189,"href":"https:\/\/www.freiburg-schwarzwald.de\/blog\/wp-json\/wp\/v2\/pages\/23596\/revisions\/141189"}],"up":[{"embeddable":true,"href":"https:\/\/www.freiburg-schwarzwald.de\/blog\/wp-json\/wp\/v2\/pages\/1467"}],"wp:attachment":[{"href":"https:\/\/www.freiburg-schwarzwald.de\/blog\/wp-json\/wp\/v2\/media?parent=23596"}],"curies":[{"name":"wp","href":"https:\/\/api.w.org\/{rel}","templated":true}]}}