{"id":22305,"date":"2013-02-15T20:58:53","date_gmt":"2013-02-15T19:58:53","guid":{"rendered":"https:\/\/www.freiburg-schwarzwald.de\/blog\/?page_id=22305"},"modified":"2013-02-19T20:52:14","modified_gmt":"2013-02-19T19:52:14","slug":"greiffenegg","status":"publish","type":"page","link":"https:\/\/www.freiburg-schwarzwald.de\/blog\/tourismus\/gastro\/gasthaus\/greiffenegg\/","title":{"rendered":"Greiffenegg"},"content":{"rendered":"<p><a title=\"Orte\" href=\"https:\/\/www.freiburg-schwarzwald.de\/blog\/\">Home<\/a> &gt;<a title=\"Tourismus\" href=\"https:\/\/www.freiburg-schwarzwald.de\/blog\/tourismus\/\">Tourismus<\/a> &gt;<a title=\"Gastro\" href=\"https:\/\/www.freiburg-schwarzwald.de\/blog\/tourismus\/gastro\/\">Gastro<\/a> &gt;<a title=\"Gastro\" href=\"https:\/\/www.freiburg-schwarzwald.de\/blog\/tourismus\/gastro\/\">Gasthaus<\/a>\u00a0&gt;Greiffenegg<\/p>\n<div id=\"attachment_22453\" style=\"width: 651px\" class=\"wp-caption alignnone\"><a href=\"https:\/\/www.freiburg-schwarzwald.de\/blog\/tourismus\/gastro\/gasthaus\/greiffenegg\/schlossberg17muenster-pan130214\/\" rel=\"attachment wp-att-22453\"><img loading=\"lazy\" decoding=\"async\" aria-describedby=\"caption-attachment-22453\" class=\"size-full wp-image-22453\" title=\"schlossberg17muenster-pan130214\" src=\"https:\/\/www.freiburg-schwarzwald.de\/blog\/wp-content\/uploads\/2013\/02\/schlossberg17muenster-pan130214.jpg\" alt=\"\" width=\"641\" height=\"283\" srcset=\"https:\/\/www.freiburg-schwarzwald.de\/blog\/wp-content\/uploads\/2013\/02\/schlossberg17muenster-pan130214.jpg 641w, https:\/\/www.freiburg-schwarzwald.de\/blog\/wp-content\/uploads\/2013\/02\/schlossberg17muenster-pan130214-180x79.jpg 180w, https:\/\/www.freiburg-schwarzwald.de\/blog\/wp-content\/uploads\/2013\/02\/schlossberg17muenster-pan130214-640x282.jpg 640w\" sizes=\"auto, (max-width: 641px) 100vw, 641px\" \/><\/a><p id=\"caption-attachment-22453\" class=\"wp-caption-text\">Blick vom Schlossberg nach Nordwesten \u00fcber das verschneite Freiburg am 14.2.2013<\/p><\/div>\n<p>&nbsp;<\/p>\n<ul>\n<li>Greiffenegg<\/li>\n<li><a href=\"https:\/\/www.freiburg-schwarzwald.de\/littenweiler\/greiffenegg.htm#Bilder - Blick zum Greiffenegg\">Bilder &#8211; Blick zum Greiffenegg (Archivseite mit vielen Bildern)<\/a><\/li>\n<li><a href=\"https:\/\/www.freiburg-schwarzwald.de\/littenweiler\/greiffenegg.htm#Bilder - Blick \u00fcber die Altstadt\">Bilder &#8211; Blick \u00fcber die Altstadt<\/a><\/li>\n<li><a href=\"https:\/\/www.freiburg-schwarzwald.de\/littenweiler\/greiffenegg.htm#Bilder - Blick ins Dreisamtal\">Bilder &#8211; Blick ins Dreisamtal<\/a><\/li>\n<li><a href=\"https:\/\/www.freiburg-schwarzwald.de\/littenweiler\/Greiffeneggschl\u00f6ssle%20\u00fcberm%20Schwabentor%20200%20Jahre%20alt\">Greiffeneggschl\u00f6ssle \u00fcberm Schwabentor 200 Jahre alt<\/a> (26.11.2005)<br \/>\n\u00a0<\/li>\n<li><a href=\"https:\/\/www.freiburg-schwarzwald.de\/littenweiler\/greiffenegg.htm#Greiffenegg-Schl\u00f6ssle praktiziert Integration\u00a0\u00fcbers Himmelreich\">Greiffenegg-Schl\u00f6ssle praktiziert Integration\u00a0\u00fcbers Himmelreich<\/a> &gt;Greiffenegg (17.12.2009)<\/li>\n<li><a href=\"https:\/\/www.freiburg-schwarzwald.de\/littenweiler\/himmelreich2.htm#Absolventen der Integrativen Akademie erhalten Zertifikate\">Absolventen der Integrativen Akademie erhalten Zertifikate<\/a> &gt;Himmelreich2 (17.12.2009)<\/li>\n<li><a href=\"https:\/\/www.freiburg-schwarzwald.de\/littenweiler\/kirchzarten7.htm#SOH - Matthias Halaczinsky sucht Hilfe f\u00fcr Waisenhaus in Kenia\">SOH &#8211; Martin Halaczinsky sucht Hilfe fpr Waisenhaus in Kenia<\/a> &gt;Kirchzarten7 (21.8.2007)<\/li>\n<li><a href=\"https:\/\/www.freiburg-schwarzwald.de\/littenweiler\/kunstmarkt-altstadt.htm\">Kunsthandwerksmarkt in der Oberen Altstadt Freiburg<\/a> &gt;Kunstmarkt-Altstadt (3.9.2006)<\/li>\n<li><a href=\"https:\/\/www.freiburg-schwarzwald.de\/freiburg-schlossberg.htm\">Vom Schwabentor \u00fcbers Greiffenegg zum Kanonenplatz<\/a> &gt;Freiburg-Schlossberg<\/li>\n<li><a href=\"https:\/\/www.freiburg-schwarzwald.de\/littenweiler\/dattler.htm\">Cafe Dattler &#8211; 10 min nordw\u00e4rts vom Greiffenegg<\/a> &gt;Dattler<\/li>\n<li><a title=\"Kanonenplatz\" href=\"https:\/\/www.freiburg-schwarzwald.de\/blog\/regio\/freiburg\/kanonenplatz\/\">Kanonenplatz auf dem Schlo\u00dfberg<\/a> &gt;Kanonenplatz<\/li>\n<li><a href=\"https:\/\/www.freiburg-schwarzwald.de\/littenweiler\/oberstadt.htm\">Oberstadt &#8211; Schwabentor &#8211; Oberlinden<\/a> &gt;Oberstadt<\/li>\n<li><a title=\"Schlossberg\" href=\"https:\/\/www.freiburg-schwarzwald.de\/blog\/regio\/freiburg\/schlossberg\/\">Schhlo\u00dfberg<\/a><\/li>\n<\/ul>\n<p><a title=\"Schlossberg\" href=\"https:\/\/www.freiburg-schwarzwald.de\/blog\/regio\/freiburg\/schlossberg\/\">\u00a0<\/a><\/p>\n<p><a name=\"Greiffenegg-Schl\u00f6ssle\"><\/a><strong>Greiffenegg-Schl\u00f6ssle<\/strong><\/p>\n<p>Restaurant am Schlo\u00dfberg. Mit dem Fahrstuhl vom Schwabentor aus bequem zu erreichen. Blick \u00fcber die D\u00e4cher der Altstadt.<br \/>\nSchlo\u00dfbergring 3, 79098 Freiburg, Tel 0761\/32728, Fax 289602<br \/>\neMail <a href=\"mailto:info@greiffenegg.de\">info@greiffenegg.de<\/a>, Internet <a href=\"https:\/\/www.greiffenegg.de\/\" target=\"_blank\">www.greiffenegg.de\u00a0<\/a><\/p>\n<p>&nbsp;<\/p>\n<p>&nbsp;<\/p>\n<p><a href=\"https:\/\/www.freiburg-schwarzwald.de\/blog\/tourismus\/gastro\/gasthaus\/greiffenegg\/greiffenegg1schwabentor130214\/\" rel=\"attachment wp-att-22310\"><img loading=\"lazy\" decoding=\"async\" class=\"alignnone size-thumbnail wp-image-22310\" title=\"greiffenegg1schwabentor130214\" src=\"https:\/\/www.freiburg-schwarzwald.de\/blog\/wp-content\/uploads\/2013\/02\/greiffenegg1schwabentor130214-180x135.jpg\" alt=\"\" width=\"180\" height=\"135\" srcset=\"https:\/\/www.freiburg-schwarzwald.de\/blog\/wp-content\/uploads\/2013\/02\/greiffenegg1schwabentor130214-180x135.jpg 180w, https:\/\/www.freiburg-schwarzwald.de\/blog\/wp-content\/uploads\/2013\/02\/greiffenegg1schwabentor130214.jpg 640w\" sizes=\"auto, (max-width: 180px) 100vw, 180px\" \/><\/a>\u00a0\u00a0\u00a0\u00a0\u00a0\u00a0\u00a0\u00a0\u00a0 <a href=\"https:\/\/www.freiburg-schwarzwald.de\/blog\/tourismus\/gastro\/gasthaus\/greiffenegg\/greiffenegg2muenster130214\/\" rel=\"attachment wp-att-22311\"><img loading=\"lazy\" decoding=\"async\" class=\"alignnone size-thumbnail wp-image-22311\" title=\"greiffenegg2muenster130214\" src=\"https:\/\/www.freiburg-schwarzwald.de\/blog\/wp-content\/uploads\/2013\/02\/greiffenegg2muenster130214-180x145.jpg\" alt=\"\" width=\"180\" height=\"145\" srcset=\"https:\/\/www.freiburg-schwarzwald.de\/blog\/wp-content\/uploads\/2013\/02\/greiffenegg2muenster130214-180x145.jpg 180w, https:\/\/www.freiburg-schwarzwald.de\/blog\/wp-content\/uploads\/2013\/02\/greiffenegg2muenster130214.jpg 640w\" sizes=\"auto, (max-width: 180px) 100vw, 180px\" \/><\/a>\u00a0\u00a0\u00a0\u00a0\u00a0\u00a0\u00a0\u00a0\u00a0 <a href=\"https:\/\/www.freiburg-schwarzwald.de\/blog\/tourismus\/gastro\/gasthaus\/greiffenegg\/greiffenegg3salzstrasse130214\/\" rel=\"attachment wp-att-22312\"><img loading=\"lazy\" decoding=\"async\" class=\"alignnone size-thumbnail wp-image-22312\" title=\"greiffenegg3salzstrasse130214\" src=\"https:\/\/www.freiburg-schwarzwald.de\/blog\/wp-content\/uploads\/2013\/02\/greiffenegg3salzstrasse130214-180x135.jpg\" alt=\"\" width=\"180\" height=\"135\" srcset=\"https:\/\/www.freiburg-schwarzwald.de\/blog\/wp-content\/uploads\/2013\/02\/greiffenegg3salzstrasse130214-180x135.jpg 180w, https:\/\/www.freiburg-schwarzwald.de\/blog\/wp-content\/uploads\/2013\/02\/greiffenegg3salzstrasse130214.jpg 640w\" sizes=\"auto, (max-width: 180px) 100vw, 180px\" \/><\/a><br \/>\n(1) Schwabentor\u00a0am 14.2.2013\u00a0\u00a0\u00a0\u00a0\u00a0\u00a0\u00a0\u00a0\u00a0\u00a0\u00a0\u00a0\u00a0\u00a0 (2) M\u00fcnster\u00a0\u00a0\u00a0\u00a0\u00a0\u00a0\u00a0\u00a0\u00a0\u00a0\u00a0\u00a0\u00a0\u00a0\u00a0\u00a0\u00a0\u00a0\u00a0\u00a0\u00a0\u00a0\u00a0\u00a0\u00a0\u00a0\u00a0\u00a0\u00a0\u00a0\u00a0\u00a0\u00a0\u00a0\u00a0\u00a0\u00a0\u00a0\u00a0\u00a0\u00a0\u00a0\u00a0\u00a0\u00a0\u00a0\u00a0\u00a0\u00a0 (3) Salzstrasse<\/p>\n<p><a href=\"https:\/\/www.freiburg-schwarzwald.de\/blog\/tourismus\/gastro\/gasthaus\/greiffenegg\/greiffenegg4insel130214\/\" rel=\"attachment wp-att-22313\"><img loading=\"lazy\" decoding=\"async\" class=\"alignnone size-thumbnail wp-image-22313\" title=\"greiffenegg4insel130214\" src=\"https:\/\/www.freiburg-schwarzwald.de\/blog\/wp-content\/uploads\/2013\/02\/greiffenegg4insel130214-135x180.jpg\" alt=\"\" width=\"135\" height=\"180\" srcset=\"https:\/\/www.freiburg-schwarzwald.de\/blog\/wp-content\/uploads\/2013\/02\/greiffenegg4insel130214-135x180.jpg 135w, https:\/\/www.freiburg-schwarzwald.de\/blog\/wp-content\/uploads\/2013\/02\/greiffenegg4insel130214.jpg 480w\" sizes=\"auto, (max-width: 135px) 100vw, 135px\" \/><\/a>\u00a0\u00a0\u00a0\u00a0\u00a0\u00a0\u00a0\u00a0\u00a0\u00a0\u00a0\u00a0\u00a0\u00a0\u00a0\u00a0\u00a0\u00a0\u00a0 \u00a0\u00a0\u00a0\u00a0 <a href=\"https:\/\/www.freiburg-schwarzwald.de\/blog\/tourismus\/gastro\/gasthaus\/greiffenegg\/greiffenegg5lorettoberg130214\/\" rel=\"attachment wp-att-22314\"><img loading=\"lazy\" decoding=\"async\" class=\"alignnone size-thumbnail wp-image-22314\" title=\"greiffenegg5lorettoberg130214\" src=\"https:\/\/www.freiburg-schwarzwald.de\/blog\/wp-content\/uploads\/2013\/02\/greiffenegg5lorettoberg130214-180x135.jpg\" alt=\"\" width=\"180\" height=\"135\" srcset=\"https:\/\/www.freiburg-schwarzwald.de\/blog\/wp-content\/uploads\/2013\/02\/greiffenegg5lorettoberg130214-180x135.jpg 180w, https:\/\/www.freiburg-schwarzwald.de\/blog\/wp-content\/uploads\/2013\/02\/greiffenegg5lorettoberg130214.jpg 640w\" sizes=\"auto, (max-width: 180px) 100vw, 180px\" \/><\/a>\u00a0\u00a0\u00a0\u00a0\u00a0\u00a0\u00a0\u00a0\u00a0 <a href=\"https:\/\/www.freiburg-schwarzwald.de\/blog\/tourismus\/gastro\/gasthaus\/greiffenegg\/greiffenegg6biergarten130214\/\" rel=\"attachment wp-att-22315\"><img loading=\"lazy\" decoding=\"async\" class=\"alignnone size-thumbnail wp-image-22315\" title=\"greiffenegg6biergarten130214\" src=\"https:\/\/www.freiburg-schwarzwald.de\/blog\/wp-content\/uploads\/2013\/02\/greiffenegg6biergarten130214-180x135.jpg\" alt=\"\" width=\"180\" height=\"135\" srcset=\"https:\/\/www.freiburg-schwarzwald.de\/blog\/wp-content\/uploads\/2013\/02\/greiffenegg6biergarten130214-180x135.jpg 180w, https:\/\/www.freiburg-schwarzwald.de\/blog\/wp-content\/uploads\/2013\/02\/greiffenegg6biergarten130214.jpg 640w\" sizes=\"auto, (max-width: 180px) 100vw, 180px\" \/><\/a><br \/>\n(4) Insel\u00a0\u00a0\u00a0\u00a0\u00a0\u00a0\u00a0\u00a0\u00a0\u00a0\u00a0\u00a0\u00a0\u00a0\u00a0\u00a0\u00a0\u00a0\u00a0\u00a0\u00a0\u00a0\u00a0\u00a0\u00a0\u00a0\u00a0\u00a0\u00a0\u00a0\u00a0\u00a0\u00a0\u00a0\u00a0\u00a0\u00a0\u00a0\u00a0\u00a0\u00a0\u00a0\u00a0\u00a0\u00a0 \u00a0\u00a0\u00a0\u00a0\u00a0\u00a0\u00a0\u00a0\u00a0(5) Lorettoberg und Sch\u00f6nberg\u00a0\u00a0\u00a0\u00a0\u00a0\u00a0\u00a0\u00a0\u00a0(6) Biergarten im Schnee gen Dreisamtal<\/p>\n<p><a href=\"https:\/\/www.freiburg-schwarzwald.de\/blog\/tourismus\/gastro\/gasthaus\/greiffenegg\/greiffenegg7wiehre130214\/\" rel=\"attachment wp-att-22316\"><img loading=\"lazy\" decoding=\"async\" class=\"alignnone size-thumbnail wp-image-22316\" title=\"greiffenegg7wiehre130214\" src=\"https:\/\/www.freiburg-schwarzwald.de\/blog\/wp-content\/uploads\/2013\/02\/greiffenegg7wiehre130214-180x135.jpg\" alt=\"\" width=\"180\" height=\"135\" srcset=\"https:\/\/www.freiburg-schwarzwald.de\/blog\/wp-content\/uploads\/2013\/02\/greiffenegg7wiehre130214-180x135.jpg 180w, https:\/\/www.freiburg-schwarzwald.de\/blog\/wp-content\/uploads\/2013\/02\/greiffenegg7wiehre130214.jpg 640w\" sizes=\"auto, (max-width: 180px) 100vw, 180px\" \/><\/a>\u00a0\u00a0\u00a0\u00a0\u00a0\u00a0\u00a0\u00a0\u00a0 <a href=\"https:\/\/www.freiburg-schwarzwald.de\/blog\/tourismus\/gastro\/gasthaus\/greiffenegg\/greiffenegg8schnee130214\/\" rel=\"attachment wp-att-22317\"><img loading=\"lazy\" decoding=\"async\" class=\"alignnone size-thumbnail wp-image-22317\" title=\"greiffenegg8schnee130214\" src=\"https:\/\/www.freiburg-schwarzwald.de\/blog\/wp-content\/uploads\/2013\/02\/greiffenegg8schnee130214-180x135.jpg\" alt=\"\" width=\"180\" height=\"135\" srcset=\"https:\/\/www.freiburg-schwarzwald.de\/blog\/wp-content\/uploads\/2013\/02\/greiffenegg8schnee130214-180x135.jpg 180w, https:\/\/www.freiburg-schwarzwald.de\/blog\/wp-content\/uploads\/2013\/02\/greiffenegg8schnee130214.jpg 640w\" sizes=\"auto, (max-width: 180px) 100vw, 180px\" \/><\/a>\u00a0\u00a0\u00a0\u00a0\u00a0\u00a0\u00a0 <a href=\"https:\/\/www.freiburg-schwarzwald.de\/blog\/tourismus\/gastro\/gasthaus\/greiffenegg\/schlossberg1loretto130214\/\" rel=\"attachment wp-att-22318\"><img loading=\"lazy\" decoding=\"async\" class=\"alignnone size-thumbnail wp-image-22318\" title=\"schlossberg1loretto130214\" src=\"https:\/\/www.freiburg-schwarzwald.de\/blog\/wp-content\/uploads\/2013\/02\/schlossberg1loretto130214-180x135.jpg\" alt=\"\" width=\"180\" height=\"135\" srcset=\"https:\/\/www.freiburg-schwarzwald.de\/blog\/wp-content\/uploads\/2013\/02\/schlossberg1loretto130214-180x135.jpg 180w, https:\/\/www.freiburg-schwarzwald.de\/blog\/wp-content\/uploads\/2013\/02\/schlossberg1loretto130214.jpg 640w\" sizes=\"auto, (max-width: 180px) 100vw, 180px\" \/><\/a><br \/>\n(7) Oberau und Wiehre\u00a0\u00a0\u00a0\u00a0\u00a0\u00a0\u00a0\u00a0\u00a0\u00a0\u00a0\u00a0\u00a0\u00a0\u00a0\u00a0\u00a0\u00a0\u00a0\u00a0\u00a0\u00a0\u00a0\u00a0\u00a0\u00a0\u00a0 (8) Blick nach Westen zum Greiffenegg\u00a0\u00a0 (9) Wiehre am 14.2.2013<\/p>\n<p><a href=\"https:\/\/www.freiburg-schwarzwald.de\/blog\/tourismus\/gastro\/gasthaus\/greiffenegg\/freiburg2schwabentor130214\/\" rel=\"attachment wp-att-22566\"><img loading=\"lazy\" decoding=\"async\" class=\"alignnone size-thumbnail wp-image-22566\" title=\"freiburg2schwabentor130214\" src=\"https:\/\/www.freiburg-schwarzwald.de\/blog\/wp-content\/uploads\/2013\/02\/freiburg2schwabentor130214-180x135.jpg\" alt=\"\" width=\"180\" height=\"135\" srcset=\"https:\/\/www.freiburg-schwarzwald.de\/blog\/wp-content\/uploads\/2013\/02\/freiburg2schwabentor130214-180x135.jpg 180w, https:\/\/www.freiburg-schwarzwald.de\/blog\/wp-content\/uploads\/2013\/02\/freiburg2schwabentor130214.jpg 640w\" sizes=\"auto, (max-width: 180px) 100vw, 180px\" \/><\/a>\u00a0\u00a0\u00a0\u00a0\u00a0\u00a0\u00a0\u00a0 <a href=\"https:\/\/www.freiburg-schwarzwald.de\/blog\/tourismus\/gastro\/gasthaus\/greiffenegg\/freiburg3schwabentor130214\/\" rel=\"attachment wp-att-22567\"><img loading=\"lazy\" decoding=\"async\" title=\"freiburg3schwabentor130214\" src=\"https:\/\/www.freiburg-schwarzwald.de\/blog\/wp-content\/uploads\/2013\/02\/freiburg3schwabentor130214-135x180.jpg\" alt=\"\" width=\"135\" height=\"180\" \/><\/a>\u00a0\u00a0\u00a0\u00a0\u00a0\u00a0\u00a0\u00a0\u00a0\u00a0\u00a0\u00a0\u00a0\u00a0\u00a0\u00a0\u00a0\u00a0 \u00a0\u00a0\u00a0\u00a0 <a href=\"https:\/\/www.freiburg-schwarzwald.de\/blog\/tourismus\/gastro\/gasthaus\/greiffenegg\/freiburg4muenster130214\/\" rel=\"attachment wp-att-22568\"><img loading=\"lazy\" decoding=\"async\" class=\"alignnone size-thumbnail wp-image-22568\" title=\"freiburg4muenster130214\" src=\"https:\/\/www.freiburg-schwarzwald.de\/blog\/wp-content\/uploads\/2013\/02\/freiburg4muenster130214-180x135.jpg\" alt=\"\" width=\"180\" height=\"135\" srcset=\"https:\/\/www.freiburg-schwarzwald.de\/blog\/wp-content\/uploads\/2013\/02\/freiburg4muenster130214-180x135.jpg 180w, https:\/\/www.freiburg-schwarzwald.de\/blog\/wp-content\/uploads\/2013\/02\/freiburg4muenster130214.jpg 640w\" sizes=\"auto, (max-width: 180px) 100vw, 180px\" \/><\/a><br \/>\n(10) M\u00fcnster und SChwabentor\u00a0\u00a0\u00a0\u00a0\u00a0\u00a0\u00a0\u00a0\u00a0\u00a0\u00a0 (11) Schwabentor mit Schlossbergrin-Steg\u00a0\u00a0\u00a0\u00a0\u00a0 \u00a0(12) Schnee auf Freiburg<\/p>\n<p><a href=\"https:\/\/www.freiburg-schwarzwald.de\/blog\/tourismus\/gastro\/gasthaus\/greiffenegg\/freiburg5baeren130214\/\" rel=\"attachment wp-att-22569\"><img loading=\"lazy\" decoding=\"async\" class=\"alignnone size-thumbnail wp-image-22569\" title=\"freiburg5baeren130214\" src=\"https:\/\/www.freiburg-schwarzwald.de\/blog\/wp-content\/uploads\/2013\/02\/freiburg5baeren130214-180x135.jpg\" alt=\"\" width=\"180\" height=\"135\" srcset=\"https:\/\/www.freiburg-schwarzwald.de\/blog\/wp-content\/uploads\/2013\/02\/freiburg5baeren130214-180x135.jpg 180w, https:\/\/www.freiburg-schwarzwald.de\/blog\/wp-content\/uploads\/2013\/02\/freiburg5baeren130214.jpg 640w\" sizes=\"auto, (max-width: 180px) 100vw, 180px\" \/><\/a>\u00a0\u00a0\u00a0\u00a0\u00a0\u00a0\u00a0\u00a0\u00a0 <a href=\"https:\/\/www.freiburg-schwarzwald.de\/blog\/tourismus\/gastro\/gasthaus\/greiffenegg\/freiburg6schneedaecher130214\/\" rel=\"attachment wp-att-22570\"><img loading=\"lazy\" decoding=\"async\" class=\"alignnone size-thumbnail wp-image-22570\" title=\"freiburg6schneedaecher130214\" src=\"https:\/\/www.freiburg-schwarzwald.de\/blog\/wp-content\/uploads\/2013\/02\/freiburg6schneedaecher130214-180x135.jpg\" alt=\"\" width=\"180\" height=\"135\" srcset=\"https:\/\/www.freiburg-schwarzwald.de\/blog\/wp-content\/uploads\/2013\/02\/freiburg6schneedaecher130214-180x135.jpg 180w, https:\/\/www.freiburg-schwarzwald.de\/blog\/wp-content\/uploads\/2013\/02\/freiburg6schneedaecher130214.jpg 640w\" sizes=\"auto, (max-width: 180px) 100vw, 180px\" \/><\/a>\u00a0\u00a0\u00a0\u00a0\u00a0\u00a0\u00a0\u00a0\u00a0 <a href=\"https:\/\/www.freiburg-schwarzwald.de\/blog\/tourismus\/gastro\/gasthaus\/greiffenegg\/freiburg7schneedaecher130214\/\" rel=\"attachment wp-att-22571\"><img loading=\"lazy\" decoding=\"async\" class=\"alignnone size-thumbnail wp-image-22571\" title=\"freiburg7schneedaecher130214\" src=\"https:\/\/www.freiburg-schwarzwald.de\/blog\/wp-content\/uploads\/2013\/02\/freiburg7schneedaecher130214-180x135.jpg\" alt=\"\" width=\"180\" height=\"135\" srcset=\"https:\/\/www.freiburg-schwarzwald.de\/blog\/wp-content\/uploads\/2013\/02\/freiburg7schneedaecher130214-180x135.jpg 180w, https:\/\/www.freiburg-schwarzwald.de\/blog\/wp-content\/uploads\/2013\/02\/freiburg7schneedaecher130214.jpg 640w\" sizes=\"auto, (max-width: 180px) 100vw, 180px\" \/><\/a><br \/>\n(13) Hotel B\u00e4ren links\u00a0\u00a0\u00a0\u00a0\u00a0\u00a0\u00a0\u00a0\u00a0\u00a0\u00a0\u00a0\u00a0\u00a0\u00a0\u00a0\u00a0\u00a0\u00a0\u00a0\u00a0\u00a0\u00a0\u00a0\u00a0\u00a0\u00a0\u00a0\u00a0 (14) Salzstrasse\u00a0\u00a0\u00a0\u00a0\u00a0\u00a0\u00a0\u00a0\u00a0\u00a0\u00a0\u00a0\u00a0\u00a0\u00a0\u00a0\u00a0\u00a0\u00a0\u00a0\u00a0\u00a0\u00a0\u00a0\u00a0\u00a0\u00a0\u00a0\u00a0\u00a0\u00a0\u00a0\u00a0\u00a0\u00a0\u00a0\u00a0\u00a0\u00a0\u00a0 (15) Dachlandschaft<\/p>\n<p><a href=\"https:\/\/www.freiburg-schwarzwald.de\/blog\/tourismus\/gastro\/gasthaus\/greiffenegg\/freiburg8martinstor130214\/\" rel=\"attachment wp-att-22572\"><img loading=\"lazy\" decoding=\"async\" class=\"alignnone size-thumbnail wp-image-22572\" title=\"freiburg8martinstor130214\" src=\"https:\/\/www.freiburg-schwarzwald.de\/blog\/wp-content\/uploads\/2013\/02\/freiburg8martinstor130214-180x135.jpg\" alt=\"\" width=\"180\" height=\"135\" srcset=\"https:\/\/www.freiburg-schwarzwald.de\/blog\/wp-content\/uploads\/2013\/02\/freiburg8martinstor130214-180x135.jpg 180w, https:\/\/www.freiburg-schwarzwald.de\/blog\/wp-content\/uploads\/2013\/02\/freiburg8martinstor130214.jpg 640w\" sizes=\"auto, (max-width: 180px) 100vw, 180px\" \/><\/a>\u00a0\u00a0\u00a0\u00a0\u00a0\u00a0\u00a0\u00a0\u00a0 <a href=\"https:\/\/www.freiburg-schwarzwald.de\/blog\/tourismus\/gastro\/gasthaus\/greiffenegg\/greiffenegg-wappen130214\/\" rel=\"attachment wp-att-22592\"><img loading=\"lazy\" decoding=\"async\" class=\"alignnone size-thumbnail wp-image-22592\" title=\"greiffenegg-wappen130214\" src=\"https:\/\/www.freiburg-schwarzwald.de\/blog\/wp-content\/uploads\/2013\/02\/greiffenegg-wappen130214-180x135.jpg\" alt=\"\" width=\"180\" height=\"135\" srcset=\"https:\/\/www.freiburg-schwarzwald.de\/blog\/wp-content\/uploads\/2013\/02\/greiffenegg-wappen130214-180x135.jpg 180w, https:\/\/www.freiburg-schwarzwald.de\/blog\/wp-content\/uploads\/2013\/02\/greiffenegg-wappen130214.jpg 640w\" sizes=\"auto, (max-width: 180px) 100vw, 180px\" \/><\/a><br \/>\n(16) Martinstor\u00a0\u00a0\u00a0\u00a0\u00a0\u00a0\u00a0\u00a0\u00a0\u00a0\u00a0\u00a0\u00a0\u00a0\u00a0\u00a0\u00a0\u00a0\u00a0\u00a0\u00a0\u00a0\u00a0\u00a0\u00a0\u00a0\u00a0\u00a0\u00a0\u00a0\u00a0\u00a0\u00a0\u00a0\u00a0\u00a0\u00a0\u00a0\u00a0\u00a0\u00a0\u00a0\u00a0\u00a0(17) Greiffenegg-Wappen Mosaik<\/p>\n<p>(1) &#8211; (9) Verschneites Freiburg am 14.2.2013: Greiffenegg-Schl\u00f6\u00dfle am Fu\u00df des Schlo\u00dfbergs bei Sonne und Frost.<br \/>\n(10)-(16) Blick vom Greiffenegg am 14.2.2013 auf die schneebedeckten H\u00e4user der Freiburger Altstadt zwischen M\u00fcnster und Schwabentor<\/p>\n<p>&nbsp;<\/p>\n","protected":false},"excerpt":{"rendered":"<p>Home &gt;Tourismus &gt;Gastro &gt;Gasthaus\u00a0&gt;Greiffenegg &nbsp; Greiffenegg Bilder &#8211; Blick zum Greiffenegg (Archivseite mit vielen Bildern) Bilder &#8211; Blick \u00fcber die Altstadt Bilder &#8211; Blick ins Dreisamtal Greiffeneggschl\u00f6ssle \u00fcberm Schwabentor 200 Jahre alt (26.11.2005) \u00a0 Greiffenegg-Schl\u00f6ssle praktiziert Integration\u00a0\u00fcbers Himmelreich &gt;Greiffenegg (17.12.2009) &hellip; <a href=\"https:\/\/www.freiburg-schwarzwald.de\/blog\/tourismus\/gastro\/gasthaus\/greiffenegg\/\">Weiterlesen <span class=\"meta-nav\">&rarr;<\/span><\/a><\/p>\n","protected":false},"author":4,"featured_media":0,"parent":10407,"menu_order":0,"comment_status":"open","ping_status":"closed","template":"","meta":{"footnotes":""},"class_list":["post-22305","page","type-page","status-publish","hentry"],"_links":{"self":[{"href":"https:\/\/www.freiburg-schwarzwald.de\/blog\/wp-json\/wp\/v2\/pages\/22305","targetHints":{"allow":["GET"]}}],"collection":[{"href":"https:\/\/www.freiburg-schwarzwald.de\/blog\/wp-json\/wp\/v2\/pages"}],"about":[{"href":"https:\/\/www.freiburg-schwarzwald.de\/blog\/wp-json\/wp\/v2\/types\/page"}],"author":[{"embeddable":true,"href":"https:\/\/www.freiburg-schwarzwald.de\/blog\/wp-json\/wp\/v2\/users\/4"}],"replies":[{"embeddable":true,"href":"https:\/\/www.freiburg-schwarzwald.de\/blog\/wp-json\/wp\/v2\/comments?post=22305"}],"version-history":[{"count":0,"href":"https:\/\/www.freiburg-schwarzwald.de\/blog\/wp-json\/wp\/v2\/pages\/22305\/revisions"}],"up":[{"embeddable":true,"href":"https:\/\/www.freiburg-schwarzwald.de\/blog\/wp-json\/wp\/v2\/pages\/10407"}],"wp:attachment":[{"href":"https:\/\/www.freiburg-schwarzwald.de\/blog\/wp-json\/wp\/v2\/media?parent=22305"}],"curies":[{"name":"wp","href":"https:\/\/api.w.org\/{rel}","templated":true}]}}