{"id":2223,"date":"2012-04-24T11:08:47","date_gmt":"2012-04-24T11:08:47","guid":{"rendered":"https:\/\/www.freiburg-schwarzwald.de\/blog\/?page_id=2223"},"modified":"2019-11-29T15:46:31","modified_gmt":"2019-11-29T14:46:31","slug":"energiesparen","status":"publish","type":"page","link":"https:\/\/www.freiburg-schwarzwald.de\/blog\/energie\/energiesparen\/","title":{"rendered":"Energiesparen"},"content":{"rendered":"<p>Home &gt;<a title=\"Energiepolitik\" href=\"https:\/\/www.freiburg-schwarzwald.de\/blog\/energie\/\">Energie<\/a> &gt;Energiesparen<\/p>\n<div id=\"attachment_803\" style=\"width: 608px\" class=\"wp-caption alignnone\"><a href=\"https:\/\/www.freiburg-schwarzwald.de\/blog\/regio\/freiburg\/stadtfreiburg\/freiburg-frost1pan-090112\/\" rel=\"attachment wp-att-803\"><img loading=\"lazy\" decoding=\"async\" aria-describedby=\"caption-attachment-803\" class=\"size-full wp-image-803\" title=\"freiburg-frost1pan-090112\" src=\"https:\/\/www.freiburg-schwarzwald.de\/blog\/wp-content\/uploads\/2012\/04\/freiburg-frost1pan-090112.jpg\" alt=\"\" width=\"598\" height=\"197\" srcset=\"https:\/\/www.freiburg-schwarzwald.de\/blog\/wp-content\/uploads\/2012\/04\/freiburg-frost1pan-090112.jpg 598w, https:\/\/www.freiburg-schwarzwald.de\/blog\/wp-content\/uploads\/2012\/04\/freiburg-frost1pan-090112-180x59.jpg 180w\" sizes=\"auto, (max-width: 598px) 100vw, 598px\" \/><\/a><p id=\"caption-attachment-803\" class=\"wp-caption-text\">Die Schornsteine rauchen: Blick nach Osten zum Schlo\u00dfberg am 12.1.2009 um 8.30 Uhr &#8211; Freiburg im Frost bei -11 Grad<\/p><\/div>\n<ul>\n<li><a title=\"Blackout\" href=\"https:\/\/www.freiburg-schwarzwald.de\/blog\/energie\/strom\/blackout\/\">Alternative Klimakonferenz in M\u00fcnchen \u2013 Blackout droht<\/a>\u00a0(27.11.2019)<\/li>\n<li><a href=\"https:\/\/www.freiburg-schwarzwald.de\/blog\/kohle-akw-ade-sozialstaat-ade\/\">https:\/\/www.freiburg-schwarzwald.de\/blog\/kohle-akw-ade-sozialstaat-ade\/<\/a>\u00a0(1.4.2019)<\/li>\n<li>Energiesparen als rentable Geldanlage (27.5.2014)<\/li>\n<li><a href=\"https:\/\/www.freiburg-schwarzwald.de\/blog\/energie-3regio-net-10-jahre\/\">https:\/\/www.freiburg-schwarzwald.de\/blog\/energie-3regio-net-10-jahre\/<\/a>\u00a0(27.3.2013)<\/li>\n<li>Energiewende erfordert Einsparen (6.10.2012)<\/li>\n<li><a href=\"https:\/\/www.freiburg-schwarzwald.de\/energiesparen.htm#Fachwerkh\u00e4user: Energiewende ist mehr als gro\u00dffl\u00e4chiges D\u00e4mmen\">Fachwerkh\u00e4user: Energiewende ist mehr als gro\u00dffl\u00e4chiges D\u00e4mmen<\/a> &gt;Energiesparen (5.2.12)<\/li>\n<li><a href=\"https:\/\/www.freiburg-schwarzwald.de\/energiesparen.htm#Geb\u00e4udesanierung vor Konsum\">Geb\u00e4udesanierung vor Konsum<\/a> &gt;Energiesparen (11.2.2011)<\/li>\n<li><a href=\"https:\/\/www.freiburg-schwarzwald.de\/energiesparen.htm#Haus &amp; Grund: Miet- und Steuerrecht bremsen die Energiesparen\">Haus &amp; Grund: Miet- und Steuerrecht bremsen die Energiesparen<\/a> &gt;Energiesparen (11.1.2009)<\/li>\n<li><a href=\"https:\/\/www.freiburg-schwarzwald.de\/energiesparen.htm#Energieagentur Freiburg: Stromsparunterricht in der Schule\">Energieagentur Freiburg: Stromsparunterricht in der Schule<\/a> &gt;Energiesparen (25.11.2008)<\/li>\n<li><a href=\"https:\/\/www.freiburg-schwarzwald.de\/greencity.htm#Wie Freiburg noch gr\u00fcner werden k\u00f6nnte\">Wie Freiburg noch gr\u00fcner werden k\u00f6nnte<\/a> &gt;Greencity (2.8.2008)<\/li>\n<li><a href=\"https:\/\/www.freiburg-schwarzwald.de\/littenweiler\/wiehre1.htm#Zu den Quellen: Waldwanderung ab Sternwaldeck\">Zu den Quellen: Waldwanderung ab Sternwaldeck<\/a> &gt;Wiehre1 (5.4.2008)<\/li>\n<li><a href=\"https:\/\/www.freiburg-schwarzwald.de\/wald4.htm#Baumf\u00e4llarbeiten liefern Hackschnitzel f\u00fcr regionale Heizkraftwerke\">Baumf\u00e4llarbeiten liefern Hackschnitzel f\u00fcr regionale Heizkraftwerke<\/a> &gt;Wald4 (27.7.2006)<\/li>\n<li><a href=\"https:\/\/www.freiburg-schwarzwald.de\/hexental2.htm#Energiesparmeister 2006: Annelies Kernegger und Hayo Wetzler aus Au\">Energiesparmeister 2006: Annelies Kernegger und Hayo Wetzler aus Au<\/a> &gt;Hexental2 (10.7.2006)<\/li>\n<li><a href=\"https:\/\/www.freiburg-schwarzwald.de\/energiepolitik3.htm#Einsparcontracting: Am Energiesparen verdienen Kommunen wie Investoren\">Einsparcontracting: Am Energiesparen verdienen Kommunen wie Investoren<\/a> &gt;Energiepolitik3 (8.6.2006)<\/li>\n<li><a href=\"https:\/\/www.freiburg-schwarzwald.de\/energiesparen.htm#Neu entdeckt im Hochschwarzwald -Holz als Brennstoff\">Neu entdeckt im Hochschwarzwald\u00a0 &#8211; Holz als Brennstoff<\/a> (9.12.2005)<\/li>\n<li><\/li>\n<li><a title=\"Blackout\" href=\"https:\/\/www.freiburg-schwarzwald.de\/blog\/energie\/strom\/blackout\/\">Blackout<\/a><\/li>\n<li>Die Energiewende ist eine Kulturwende<\/li>\n<li><a href=\"https:\/\/www.freiburg-schwarzwald.de\/emissionshandel.htm\">Emissionshandel &#8211; Zertifikatehandel<\/a> &gt;Emissionshandel<\/li>\n<li><a href=\"https:\/\/www.freiburg-schwarzwald.de\/energieberater.htm\">Energieberatung<\/a> &gt;Energieberater<\/li>\n<li><a title=\"Exergie\" href=\"https:\/\/www.freiburg-schwarzwald.de\/blog\/energie\/exergie\/\">Exergie<\/a><\/li>\n<li><a href=\"https:\/\/www.freiburg-schwarzwald.de\/littenweiler\/solar.htm#F\u00f6rderverein f\u00fcr Energiesparen\">F\u00f6rderverein f\u00fcr Energiesparen und Solarenergie Kirchzarten<\/a> &gt;Solar<\/li>\n<li><a href=\"https:\/\/www.freiburg-schwarzwald.de\/klima.htm#Innovation Academy in Freiburg\">Innovation-Academy Freiburg &#8211; Energie-Touren<\/a> &gt;Klima<\/li>\n<li><a title=\"Passivhochhaus\" href=\"https:\/\/www.freiburg-schwarzwald.de\/blog\/business\/dienste\/immobilien\/passivhochhaus\/\">Passivhochhaus<\/a><\/li>\n<li><a title=\"Rohstoffe\" href=\"https:\/\/www.freiburg-schwarzwald.de\/blog\/energie\/rohstoffe\/\">Rohstoffe<\/a><\/li>\n<li><a title=\"Sparsamkeit\" href=\"https:\/\/www.freiburg-schwarzwald.de\/blog\/engagement\/sparsamkeit\/\">Sparsamkeit als Prinzip<\/a><\/li>\n<li><a title=\"Suffizienz\" href=\"https:\/\/www.freiburg-schwarzwald.de\/blog\/engagement\/zukunft\/suffizienz\/\">Suffizienz<\/a><\/li>\n<li><a title=\"Verbraucher\" href=\"https:\/\/www.freiburg-schwarzwald.de\/blog\/engagement\/verbraucher\/\">Verbraucher<\/a><\/li>\n<li><a title=\"Walmdach\" href=\"https:\/\/www.freiburg-schwarzwald.de\/blog\/business\/handwerk\/walmdach\/\">Walmdach<\/a><\/li>\n<\/ul>\n<p><a title=\"Walmdach\" href=\"https:\/\/www.freiburg-schwarzwald.de\/blog\/business\/handwerk\/walmdach\/\">\u00a0<\/a><\/p>\n<p><strong>Die Energiewende ist eine Kulturwende<\/strong><\/p>\n<p>Fossile Rohstoffe, insbesondere das Erd\u00f6l, sind endlich, also nicht unbegrenzt &#8222;weiter so&#8220; verf\u00fcgbar. Dieses Wissen wird die gesellschaftlichen Strukturen ver\u00e4ndern. Mehr Selbstversorgung aus der Region, intelligentes Wirtschaften (Effizienz)\u00a0und ein geringerer materieller Wohlstand (Suffizienz)\u00a0sind absehbar. Im Sinne der Transition-Kultur werden wir alle die anstehende Energiewende nicht nur technologische Herausvorderung begreifen, sondern\u00a0auch als Kulturwende.<\/p>\n<p>&nbsp;<\/p>\n<p><strong>Warum Energie sparen Sinn macht<br \/>\n<\/strong><br \/>\n1 Liter Heiz\u00f6l 2.64 kg CO2,<br \/>\n1 m3 Erdgas 2.0 kg CO2,<br \/>\n1 Liter Benzin 2.34 kg CO2 und<br \/>\n1 Liter Diesel 2.61 kg CO2 in die Atmosph\u00e4re abgeben<br \/>\njedoch erneuerbare Energien wie Holz, Sonne, Windkraft, Wasserkraft usw. CO2 neutral sind.<br \/>\n<a href=\"https:\/\/www.mr-plan.ch\/Energie\/energie.html\" target=\"_blank\">https:\/\/www.mr-plan.ch\/Energie\/energie.html<\/a><br \/>\nWird\u00a0nur soviel Holz verbrannt, wie t\u00e4glich nachw\u00e4chst, dann ist die CO2-Bilanz des Holzes = 0.<\/p>\n<p>Ein Einwand:<br \/>\nWenn ich die \u00e4quivalente Menge \u00d6l verbrenne und das t\u00e4glich nachwachsende Holz nicht verheize, dann ist die CO2-Bilanz des verbrannten \u00d6ls schlecht; die Menge CO2 in der Atmosph\u00e4re ist aber gleich. Ich sehe da keinen Unterschied, au\u00dfer dass nat\u00fcrlich mit der Verbrennung von Holz in Kamin\u00f6fen ordentlich Feinstaub in die Luft geblasen wird. Da sind die Grenzwerte f\u00fcr \u00d6l- und Gasheizungen viel strenger.<\/p>\n<p>Und die Antwort:<br \/>\nHolz ist deshalb beim Verbrennen CO2-neutral, weil exakt die Menge, die beim Verbrennen frei wird, vorher bei dem Wachstums des Holzes der Atmosph\u00e4re entnommen wurde. Der Vorgang ist auch als Photosynthese bekannt und sorgt mit daf\u00fcr, dass der CO2-Gehalt ohne den Einfluss des Menschen weitgehend stabil w\u00e4re.\u00a0Der obige Einwand\u00a0ist also nichts weiter als\u00a0\u00fcbliches Halbwissen.<\/p>\n<p>&#8212;&#8212;&#8212;&#8212;&#8212;&#8212;&#8212;&#8212;&#8212;&#8212;-<\/p>\n<p><strong>Das Einsparkraftwerk &#8211; Negawatt &#8211; Eingesparte Energie neu nutzen<\/strong><\/p>\n<p>Negawatt steht f\u00fcr einen &#8222;negativen Energieverbrauch&#8220; und bezeichnet Energie, die eingespart oder effizienter eingesetzt wird. Insbesondere in Geb\u00e4udetechnik, Geb\u00e4udeh\u00fclle und Prozessen\u00a0stecken grosse Sparpotenziale.<\/p>\n<p><strong>Energiesparen als rentable Geldanlage<\/strong><br \/>\nDas Wuppertal-Institut zieht Bilanz der Energiesparprojekte in Schulen. Die Freiburger Staudinger-Schule diente dabei als Vorbild. In den betreffenden Geb\u00e4uden sank der Stromverbrauch um 29 bis 74 Prozent.<br \/>\n&#8230; Alles vom 27.5.2014 bitte lesen auf<br \/>\n<a href=\"https:\/\/www.badische-zeitung.de\/nachrichten\/wirtschaft\/energiesparen-als-rentable-geldanlage--85420953.html\">https:\/\/www.badische-zeitung.de\/nachrichten\/wirtschaft\/energiesparen-als-rentable-geldanlage&#8211;85420953.html<\/a><\/p>\n<p>Freiburger Energievordenker Dieter Seifried, Gr\u00fcnder des B\u00fcros \u00d6-quadrat und Autor des Buches &#8222;Das Einsparkraftwerk&#8220;, rechnet vor: Gehe man davon aus, dass sich mindestens zehn Prozent der Schulen im Land f\u00fcr ein solches von B\u00fcrgern finanziertes Einsparkraftwerk eignen, lasse sich damit Kraftwerksleistung von 1800 Megawatt einsparen, entsprechend drei gro\u00dfen Kohlebl\u00f6cken. Mit der Einf\u00fchrung des &#8222;Least-Cost-Planning&#8220; k\u00f6nnte die wichtigste und kosteng\u00fcnstigste Energiequelle der n\u00e4chsten Jahrzehnte erschlossen werden: die rationelle Energienutzung. Das Buch von Peter Hennicke und Dieter Seifried stellt dieses revolution\u00e4re und innovative Konzept vor.<br \/>\nPeter Hennicke, Dieter Seifried:<br \/>\nDas Einsparkraftwerk &#8211; Eingesparte Energie neu nutzen<br \/>\nBirkh\u00e4user Verlag, Berlin, 1996, 360 Seiten, 9,70 Euro (D), ISBN 3-7776-1040-2<\/p>\n<p>&nbsp;<\/p>\n<p><strong>Energiesparen durch energetische Sanierungsma\u00dfnahmen\u00a0 sind immer sinnvoll<\/strong><\/p>\n<p>Bei den stetig steigenden \u00d6l- und Gaspreisen sind energetische Sanierungsma\u00dfnahmen in den allermeisten F\u00e4llen sinnvoll und rechnen sich auch \u00f6konomisch. Damit lassen sich keine Traumrenditen erzielen, aber die &#8222;Geldanlage&#8220; ist auf jeden Fall sicher und holt die Investionskosten wieder rein. Auf jeden Fall, wenn man selbst das Haus bewohnt. Bei vermieteten H\u00e4usern ist die Rechnung sicher schwieriger. Im \u00dcbrigen hat die Finanzkrise gezeigt, dass andere Formen der &#8222;Geldanlage&#8220; sich noch viel weniger gerechnet haben. Eine Investition in die energetische Sanierung eines Altbaus stellt immer auch einen reellen Gegenwert dar und das ist schon viel mehr, als viele B\u00fcrger f\u00fcr Lehman-Zertifikate und \u00e4hnliches bekommen haben. Blo\u00df wurde da seltsamerweise nicht so genau nachgerechnet. Und um das Ganze mit Zahlen zu belegen:<br \/>\nDie Preise von \u00d6l und Gas steigen stark. Eine Stabilisierung ist nicht zu erwarten. Die drastisch gestiegenen Energiepreise belasten uns so stark wie noch nie seit 20 Jahren. Die Ausgaben der Haushalte f\u00fcr Energie sind von 1991 bis 2005 um fast 60 % gewachsen. Zum Vergleich: Das verf\u00fcgbare Einkommen wuchs um 46 %.\u00a0Allein von 2004 bis 2006 wuchsen die Ausgaben f\u00fcr Heizung und Kraftstoff um das Zehnfache der Verbraucherpreise. Leichtes Heiz\u00f6l f\u00fcr sich genommen wurde 75 % teurer! Steigt der \u00d6lpreis j\u00e4hrlich um 10 %, verdoppelt er sich alle 7,5 Jahre!<br \/>\n<a href=\"https:\/\/www.energiesparen-im-haushalt.de\/energie\/bauen-und-modernisieren\/modernisierung-haus\/heizung-modernisieren\/heizungsanlage-erneuern\/preisentwicklung-oel-und-gas.html\" target=\"_blank\">https:\/\/www.energiesparen-im-haushalt.de\/energie\/bauen-und-modernisieren\/modernisierung-haus\/heizung-modernisieren\/heizungsanlage-erneuern\/preisentwicklung-oel-und-gas.html<\/a><br \/>\nMartin Burster, 5.9.2012<\/p>\n<p>&nbsp;<\/p>\n<div id=\"attachment_11172\" style=\"width: 190px\" class=\"wp-caption alignnone\"><a href=\"https:\/\/www.freiburg-schwarzwald.de\/blog\/selbsthilfe\/frauen\/waesche-trocknen120921\/\" rel=\"attachment wp-att-11172\"><img loading=\"lazy\" decoding=\"async\" aria-describedby=\"caption-attachment-11172\" class=\"size-thumbnail wp-image-11172\" title=\"waesche-trocknen120921\" src=\"https:\/\/www.freiburg-schwarzwald.de\/blog\/wp-content\/uploads\/2012\/03\/waesche-trocknen120921-180x135.jpg\" alt=\"\" width=\"180\" height=\"135\" srcset=\"https:\/\/www.freiburg-schwarzwald.de\/blog\/wp-content\/uploads\/2012\/03\/waesche-trocknen120921-180x135.jpg 180w, https:\/\/www.freiburg-schwarzwald.de\/blog\/wp-content\/uploads\/2012\/03\/waesche-trocknen120921.jpg 640w\" sizes=\"auto, (max-width: 180px) 100vw, 180px\" \/><\/a><p id=\"caption-attachment-11172\" class=\"wp-caption-text\">W\u00e4schetrockner &#8211; ganz ohne Strom am 21.9.2012<\/p><\/div>\n<p><!-- RSPEAK_STOP --><!-- RSPEAK_START --><strong>Energiewende erfordert Einsparen<\/strong><em>Laut Wolfgang Kessler will die Regierung die alte Energiepolitik nur ohne Atomkraft fortsetzen<\/em>.<br \/>\nEs war \u00fcberraschend, als die urspr\u00fcnglich atomfreundliche Bundesregierung nach der Katastrophe von Fukushima eine Energiewende verk\u00fcndete: den Ausstieg aus der Atomkraft und die verst\u00e4rkte F\u00f6rderung erneuerbarer Energietr\u00e4ger. Eineinhalb Jahre danach entpuppt sich die Energiewende jedoch als Fortsetzung der alten Energiepolitik mit neuen Mitteln. Geblieben ist nur das Versprechen, bis 2022 aus der Atomkraft auszusteigen. Ansonsten wollen die Verantwortlichen nicht viel ver\u00e4ndern. Statt der Atomkraftwerke sollen Windkraftkomplexe vor den K\u00fcsten und neue Kohlekraftwerke den gr\u00f6\u00dften Teil des Stroms liefern \u2013 unter der \u00c4gide der Energiekonzerne. Der Strom wird dann \u00fcber Tausende Kilometer neuer Netze zum Verbraucher transportiert. Gro\u00dfkraftwerke und neue Netze sollen eine sichere und preisg\u00fcnstige Stromversorgung garantieren und den gro\u00dfen Energiekonzernen eine sichere Rendite. Alles wie gehabt. Dahinter steht der Glaube, man br\u00e4uchte nur die unerw\u00fcnschten Atomkraftwerke durch andere Gro\u00dfkraftwerke zu ersetzen und k\u00f6nne dann weitermachen wie bisher. Doch dem ist nicht so. Windkraftanlagen auf See sind extrem teuer ebenso wie die neuen Netze. Und die Off-Shore-Windkraft kommt die Stromkunden umso teurer, je mehr sie f\u00fcr die hohen Risiken haften m\u00fcssen. Neue Kohlekraftwerke heizen die Atmosph\u00e4re weiter auf, obwohl Deutschland den Aussto\u00df von Treibhausgasen reduzieren will.<br \/>\nDiese Politik l\u00e4sst die Chance einer wirklichen Wende ungen\u00fctzt: n\u00e4mlich das knappe Gut Energie so weit wie m\u00f6glich einzusparen und die Versorgung st\u00e4rker in die Hand der B\u00fcrger zu geben. Schon heute produzieren Stadtwerke, Kommunen, Energiegenossenschaften, Landwirte und Hausbesitzer mit Windkraft, Solaranlagen und Kraft-W\u00e4rme-Kopplung einen wachsenden Teil des Stroms \u2013 mit geringen Renditen f\u00fcr gro\u00dfe Konzerne, aber hoher Wertsch\u00f6pfung f\u00fcr die Gemeinden. Sollen die erneuerbaren Energien im Mittelpunkt der k\u00fcnftigen Energieversorgung stehen, dann gilt es, diese regionale und dezentrale Stromversorgung zu f\u00f6rdern. So werden viele Investitionen in teure Gro\u00dfkraftwerke und Netze \u00fcberfl\u00fcssig. In den Regionen entstehen Arbeitspl\u00e4tze. Klar: Da der Wind nicht immer weht und die Sonne nicht immer scheint, erfordert auch jeder Umstieg auf erneuerbare Energietr\u00e4ger zus\u00e4tzliche Netze und neue fossile Kraftwerke. Sinn machen dabei Gasanlagen, die viele weniger Kohlendioxid aussto\u00dfen als Kohlekraft und je nach Bedarf flexibel runter- und hochgefahren werden k\u00f6nnen. Mindestens so wichtig sind jedoch Investitionen in Speicherkapazit\u00e4ten f\u00fcr den Strom aus Wind und Sonne. Deutsche Forscher haben eine Methode entwickelt, um Strom dann, wenn er anf\u00e4llt, in Erdgas umzuwandeln. Das k\u00fcnstlich erzeugte Erdgas kann ins Versorgungsnetz eingespeist und in Gasometern gespeichert werden. So k\u00f6nnte die Energieversorgung mittelfristig auch an windarmen und d\u00fcsteren Tagen garantiert werden.<br \/>\nEine beherrschende Rolle der erneuerbaren Energien setzt einen sparsamen Umgang mit Strom voraus. Das wei\u00df die Regierung. Doch ihr Einsparziel ist mit 25 Prozent des Stromverbrauchs bis 2050 bescheiden. Noch immer k\u00f6nnen sich Bundesrat und Bundestag nicht auf Programme zur Einsparung von Energie in \u00f6ffentlichen und privaten Geb\u00e4uden einigen. So bleiben Energie-Sparpotenziale ungenutzt. Auch Unternehmen und Privathaushalten tun sich schwer mit dem Energiesparen. Lieber jammern sie \u00fcber den steigenden Strompreis. Dabei gibt es schon Unternehmen, die durch konsequentes Einsparen von Ressourcen ihre Kosten gesenkt und ihre Konkurrenzf\u00e4higkeit erh\u00f6ht haben. In Ausnahmef\u00e4llen ist es richtig, energieintensive Unternehmen im Wettbewerb von \u00d6kosteuern zu entlasten, um die Arbeitspl\u00e4tze zu sch\u00fctzen. Mittelfristig f\u00fchrt jedoch kein Weg an einem Wirtschaften mit einem geringeren Ressourcenverbrauch vorbei. Dies gilt auch f\u00fcr Privathaushalte: Dort steigt der Stromverbrauch, weil immer neue Ger\u00e4te immer l\u00e4nger ans Stromnetz angeschlossen werden. Nichts spricht dagegen, armen Haushalten Zusch\u00fcsse f\u00fcr das Energiesparen zu geben. Falsch sind jedoch Versuche, die Strompreise zu senken. Nur ein hoher Strompreis bietet jenen Anreiz zum Sparen, ohne den eine \u00f6kologische Energiepolitik scheitern wird. Die Energiewende ist ein zentrales politisches Ziel. Es meint jedoch weit mehr, als dass nur die gro\u00dfen Energiekonzerne neuen Strom produzieren und alle weiter wirtschaften wie vorher.<br \/>\n6.10.2012, Wolfgang Kessler,\u00a0Wirtschaftspublizist und Chefredakteur der christlichen Zeitschrift Publik-Forum.<strong>Wiedermal ein Volksverdummungsartikel der EE-Lobby<br \/>\n<\/strong>Zitat: &#8220; Deutsche Forscher haben eine Methode entwickelt, um Strom dann, wenn er anf\u00e4llt, in Erdgas umzuwandeln. Das k\u00fcnstlich erzeugte Erdgas kann ins Versorgungsnetz eingespeist und in Gasometern gespeichert werden. So k\u00f6nnte die Energieversorgung mittelfristig auch an windarmen und d\u00fcsteren Tagen garantiert werden.&#8220;<br \/>\nJa, klar, dem deutschen Ingeni\u00f6r ist nichts zu schw\u00f6r. Die Methoden der Elektrolyse und Methanisierung sind Standardverfahren seit hundert Jahren.<br \/>\nWas leider nicht gesagt wird, da\u00df es sich bei dieser famosen &#8222;deutschen&#8220; Idee um eine Energievernichtungsmaschinerie handelt: Wegen der miserablen Wirkunsgrade mu\u00df man ca. 4 kWh Strom erzeugen, um am Ende 1 kWh Speicherstrom aus dem System rauszukriegen. Prima!<br \/>\nZitat: &#8220; Diese Politik l\u00e4sst die Chance einer wirklichen Wende ungen\u00fctzt: n\u00e4mlich das knappe Gut Energie so weit wie m\u00f6glich einzusparen&#8230; Mittelfristig f\u00fchrt jedoch kein Weg an einem Wirtschaften mit einem geringeren Ressourcenverbrauch vorbei.&#8220;<br \/>\nAuch klasse! Wie viel Einsparung darf&#8217;s denn sein, wenn 25% zu wenig sind? Vielleicht 50% Einsparung? Oder noch besser: 100%? Und wenn die Wirtschaft eben keinen weiteren Strom einsparen kann, sparen wir eben die Wirtschaft ein, daran f\u00fchrt kein Weg vorbei.<br \/>\nZitat: &#8222;Dies gilt auch f\u00fcr Privathaushalte: Dort steigt der Stromverbrauch, weil immer neue Ger\u00e4te immer l\u00e4nger ans Stromnetz angeschlossen werden.&#8220;<br \/>\nKlar erkannt. Und die Konsequenz? Einfach keine neuen elektrischen Ger\u00e4te mehr kaufen und die alten m\u00f6glichst nicht mehr benutzen. Das ist der Fortschritt, so bleiben wir Industrieweltmeister: Eine Wirtschaft fast ohne Strom ist das Ziel. Bravo.<br \/>\nZitat: &#8222;Nichts spricht dagegen, armen Haushalten Zusch\u00fcsse f\u00fcr das Energiesparen zu geben.&#8220;<br \/>\nF\u00fcr arme Haushalte Zusch\u00fcsse f\u00fcrs Energiesparen? Wie darf man sich das vorstellen? Vollst\u00e4ndiger Ersatz aller alten elektrischen Ger\u00e4te in armen Haushalten durch stromsparende Neue durch staatliche Subenvention bzw. den Steuerzahler? Prima: Ich bin auch arm, mir bitte einen neuen Plasmafernseher, eine Super_A+++++ K\u00fchltruhe, den Super-A+++++ K\u00fchlschrank, paar stromsparende Handys, neuen W\u00e4schetrockner, Wschmaschine, F\u00f6hn&#8230;<br \/>\nZitat: &#8222;Falsch sind jedoch Versuche, die Strompreise zu senken. Nur ein hoher Strompreis bietet jenen Anreiz zum Sparen, ohne den eine \u00f6kologische Energiepolitik scheitern wird.&#8220;<br \/>\nJawollja! Klar erkannt: Je h\u00f6her der Strompreis, um so mehr Strom wird gespart. Da sind wir ja schon auf einem guten Weg mit den hohen EE-Strompreisen \u2013 aber es k\u00f6nnte nat\u00fcrlich noch teurer und folglich noch besser werden: Wie w\u00e4r&#8217;s mit 1 \u20ac\/kWh? Na, da w\u00fcrde aber ganz doll Strom gespart! Schon jetzt hat man 600.000 deutschen Haushalten den Strom abgedreht, die die Rechnung nicht mehr bezahlen konnten. Weiter so! Den Strom so teuer machen, da\u00df ihn KEINER mehr bezahlen kann \u2013 dann sparen wir richtig! Und retten die Welt!<br \/>\nKlasse!<br \/>\n6.10.2012, Petra Simon<\/p>\n","protected":false},"excerpt":{"rendered":"<p>Home &gt;Energie &gt;Energiesparen Alternative Klimakonferenz in M\u00fcnchen \u2013 Blackout droht\u00a0(27.11.2019) https:\/\/www.freiburg-schwarzwald.de\/blog\/kohle-akw-ade-sozialstaat-ade\/\u00a0(1.4.2019) Energiesparen als rentable Geldanlage (27.5.2014) https:\/\/www.freiburg-schwarzwald.de\/blog\/energie-3regio-net-10-jahre\/\u00a0(27.3.2013) Energiewende erfordert Einsparen (6.10.2012) Fachwerkh\u00e4user: Energiewende ist mehr als gro\u00dffl\u00e4chiges D\u00e4mmen &gt;Energiesparen (5.2.12) Geb\u00e4udesanierung vor Konsum &gt;Energiesparen (11.2.2011) Haus &amp; Grund: Miet- und &hellip; <a href=\"https:\/\/www.freiburg-schwarzwald.de\/blog\/energie\/energiesparen\/\">Weiterlesen <span class=\"meta-nav\">&rarr;<\/span><\/a><\/p>\n","protected":false},"author":2,"featured_media":0,"parent":15,"menu_order":0,"comment_status":"open","ping_status":"closed","template":"","meta":{"footnotes":""},"class_list":["post-2223","page","type-page","status-publish","hentry"],"_links":{"self":[{"href":"https:\/\/www.freiburg-schwarzwald.de\/blog\/wp-json\/wp\/v2\/pages\/2223","targetHints":{"allow":["GET"]}}],"collection":[{"href":"https:\/\/www.freiburg-schwarzwald.de\/blog\/wp-json\/wp\/v2\/pages"}],"about":[{"href":"https:\/\/www.freiburg-schwarzwald.de\/blog\/wp-json\/wp\/v2\/types\/page"}],"author":[{"embeddable":true,"href":"https:\/\/www.freiburg-schwarzwald.de\/blog\/wp-json\/wp\/v2\/users\/2"}],"replies":[{"embeddable":true,"href":"https:\/\/www.freiburg-schwarzwald.de\/blog\/wp-json\/wp\/v2\/comments?post=2223"}],"version-history":[{"count":0,"href":"https:\/\/www.freiburg-schwarzwald.de\/blog\/wp-json\/wp\/v2\/pages\/2223\/revisions"}],"up":[{"embeddable":true,"href":"https:\/\/www.freiburg-schwarzwald.de\/blog\/wp-json\/wp\/v2\/pages\/15"}],"wp:attachment":[{"href":"https:\/\/www.freiburg-schwarzwald.de\/blog\/wp-json\/wp\/v2\/media?parent=2223"}],"curies":[{"name":"wp","href":"https:\/\/api.w.org\/{rel}","templated":true}]}}