{"id":2191,"date":"2012-04-24T09:16:49","date_gmt":"2012-04-24T09:16:49","guid":{"rendered":"https:\/\/www.freiburg-schwarzwald.de\/blog\/?page_id=2191"},"modified":"2022-04-19T08:24:54","modified_gmt":"2022-04-19T06:24:54","slug":"see","status":"publish","type":"page","link":"https:\/\/www.freiburg-schwarzwald.de\/blog\/regio\/see\/","title":{"rendered":"See"},"content":{"rendered":"<p><a href=\"https:\/\/www.freiburg-schwarzwald.de\/blog\">Home<\/a> &gt;<a title=\"Regio\" href=\"https:\/\/www.freiburg-schwarzwald.de\/blog\/regio\/\">Regio<\/a> &gt;See<\/p>\n<div id=\"attachment_494\" style=\"width: 612px\" class=\"wp-caption alignnone\"><a href=\"https:\/\/www.freiburg-schwarzwald.de\/blog\/engagement\/ehrenamt\/hochfirst1pan-080111\/\" rel=\"attachment wp-att-494\"><img loading=\"lazy\" decoding=\"async\" aria-describedby=\"caption-attachment-494\" class=\"size-full wp-image-494\" title=\"hochfirst1pan-080111\" src=\"https:\/\/www.freiburg-schwarzwald.de\/blog\/wp-content\/uploads\/2012\/04\/hochfirst1pan-080111.jpg\" alt=\"\" width=\"602\" height=\"167\" srcset=\"https:\/\/www.freiburg-schwarzwald.de\/blog\/wp-content\/uploads\/2012\/04\/hochfirst1pan-080111.jpg 602w, https:\/\/www.freiburg-schwarzwald.de\/blog\/wp-content\/uploads\/2012\/04\/hochfirst1pan-080111-180x49.jpg 180w\" sizes=\"auto, (max-width: 602px) 100vw, 602px\" \/><\/a><p id=\"caption-attachment-494\" class=\"wp-caption-text\">Blick vom Hochfirst nach Suedwesten ueber Titisee zu Feldberg (zwei Gipfel), Hinterzarten und Breitnau (rechts) am 11.1.2008<\/p><\/div>\n<ul>\n<li><a href=\"https:\/\/www.freiburg-schwarzwald.de\/blog\/regio\/fluss\/dreisam\/ottiliensee\/\">Ottiliensee \u2013 neuer Naturbadesee an der Dreisam<\/a>\u00a0(18.4.2022)<\/li>\n<li>18 Badeseen mit ausgezeichneter Wasserqualit\u00e4t in der Region Freiburg (5.6.2021)<\/li>\n<li>Wasserqualit\u00e4t der Badeseen Lkr Emmendingen bleibt gut (15.5.2021)<\/li>\n<li><a href=\"https:\/\/www.freiburg-schwarzwald.de\/blog\/baden-nur-digital-statt-im-see\/\">Baden: Nur digital statt im See?<\/a> (23.4.2021)<\/li>\n<li><a title=\"Dreisam-Renaturierung\" href=\"https:\/\/www.freiburg-schwarzwald.de\/blog\/regio\/fluss\/dreisam\/dreisam-renaturierung\/\">Dreisamnatursee\u00a0zwischen Sandfang und Jugendherberge<\/a>\u00a0(14.8.2020)<\/li>\n<li>Badeseen Lkr Breisgau-Hochschwarzwald mit guter Wasserqualit\u00e4t (14.2.2014)<\/li>\n<li><a href=\"https:\/\/www.freiburg-schwarzwald.de\/see1.htm\">Aktuelle Infos zur See-Seite<\/a> &gt;See1<\/li>\n<li><\/li>\n<li><strong><a href=\"https:\/\/www.freiburg-schwarzwald.de\/see.htm\">www.freiburg-schwarzwald.de\/see.htm<\/a> &gt;Archivseite<\/strong><\/li>\n<li><a href=\"https:\/\/www.freiburg-schwarzwald.de\/baggersee.htm\">Baggerseen im Rheintal<\/a> &gt;Baggersee<\/li>\n<li><a href=\"https:\/\/www.freiburg-schwarzwald.de\/see1.htm#Bergsee n\u00f6rdlich von Bad S\u00e4ckingen\">Bergsee 1,5 km n\u00f6rdlich von Bad S\u00e4ckingen<\/a> &gt;See1 (31.3.2011)<\/li>\n<li><a href=\"https:\/\/www.freiburg-schwarzwald.de\/schoenwald.htm#Blindensee - Hochmoor und Naturschutzgebiet\">Blindensee &#8211; Hochmoor und Naturschutzgebiet<\/a> &gt;Schoenwald<\/li>\n<li><a href=\"https:\/\/www.freiburg-schwarzwald.de\/niederrimsingen.htm#Baggersee beim Kieswerk Peter\">Breisach-Niederrimsingen: Baggersee<\/a> &gt;Niederrimsingen<\/li>\n<li><a href=\"https:\/\/www.freiburg-schwarzwald.de\/littenweiler\/weingarten.htm#Dietenbachsee und Dietenbachanlage\">Dietenbachsee westlich Freiburg<\/a> &gt;Weingarten<\/li>\n<li><a href=\"https:\/\/www.freiburg-schwarzwald.de\/see#Eichener See \u00f6stlich des Schopfheim-Eichen\">Eichener See \u00f6stlich des Schopfheim-Eichen<\/a> &gt;See<\/li>\n<li><a href=\"https:\/\/www.freiburg-schwarzwald.de\/feldsee.htm\">Feldsee unterhalb des Feldbergs<\/a> &gt;Feldsee<\/li>\n<li><a href=\"https:\/\/www.freiburg-schwarzwald.de\/littenweiler\/seepark.htm\">Fl\u00fcckigersee im Westen von Freiburg<\/a> &gt;Seepark<\/li>\n<li><a href=\"https:\/\/www.freiburg-schwarzwald.de\/littenweiler\/waldsee.htm\">Freiburg: Waldsee mit M\u00f6sle im Dreisamtal<\/a> &gt;Freiburg-Dreisamtal.de\/Waldsee<\/li>\n<li><a href=\"https:\/\/www.freiburg-schwarzwald.de\/herrischried.htm#Hornbergbecken zwischen Wehratal und Murgtal\">Hornbergbecken zwischen Wehratal und Murgtal<\/a> &gt;Herrischried<\/li>\n<li><a href=\"https:\/\/www.freiburg-schwarzwald.de\/kirnbergsee.htm\">Kirnbergsee bei Unterbr\u00e4nd\/Br\u00e4unlingen<\/a> &#8211; 15 Pkw-Minuten von Titisee entfernt &gt;Kirnbergsee<\/li>\n<li><a href=\"https:\/\/www.freiburg-schwarzwald.de\/linach.htm#Linachstausee kehrt zur\u00fcck - Aufstauen beginnt\">Linachstausee kehrt zur\u00fcck &#8211; Aufstauen beginnt<\/a> &gt;Linach (17.3.2007)<\/li>\n<li><a href=\"https:\/\/www.freiburg-schwarzwald.de\/see#Mathiesleweiher ob Hinterzarten\">Mathisleweiher ob Hinterzarten<\/a><\/li>\n<li><a href=\"https:\/\/www.freiburg-schwarzwald.de\/naturschutz2.htm#Schlangenweiher\">Neustadt &#8211; Schlangenweiher zwischen Titisee und Neustadt<\/a> &gt;Naturschutz2<\/li>\n<li><a href=\"https:\/\/www.freiburg-schwarzwald.de\/nonnenmattweiher.htm\">Nonnenmattweiher am S\u00fcdhang des Belchen<\/a> &gt;Nonnenmattweiher<\/li>\n<li><a title=\"Opfinger-See\" href=\"https:\/\/www.freiburg-schwarzwald.de\/blog\/regio\/see\/opfinger-see\/\">Opfinger See<\/a> &gt;Opfinger-See<\/li>\n<li><a href=\"https:\/\/www.freiburg-schwarzwald.de\/platte.htm#Plattensee\">Plattensee oberhalb St.Peter und St.M\u00e4rgen<\/a> &gt;Platte<\/li>\n<li><a href=\"https:\/\/www.freiburg-schwarzwald.de\/riegel.htm#Seen n\u00f6rdlich von Riegel\">Riegel: Seen n\u00f6rdlich vom Ort<\/a> &gt;Riegel<\/li>\n<li><a title=\"Schluchsee\" href=\"https:\/\/www.freiburg-schwarzwald.de\/blog\/regio\/orte\/schluchsee\/\">Schluchsee &#8211; der gr\u00f6\u00dfte See im Hochschwarzwald<\/a><\/li>\n<li><a title=\"Schluchsee-Stausee\" href=\"https:\/\/www.freiburg-schwarzwald.de\/blog\/regio\/see\/schluchsee-stausee\/\">Schluchsee &#8211; Stausee<\/a><\/li>\n<li><a href=\"https:\/\/www.freiburg-schwarzwald.de\/schluechtsee.htm\">Schl\u00fcchtsee bei Grafenhausen<\/a> &gt;Schluechtsee<\/li>\n<li><a href=\"https:\/\/www.freiburg-schwarzwald.de\/nimburg.htm#Seen zwischen Nimburg und Teningen\">Teningen: Seen zwischen Nimburg und Teningen<\/a> &gt;Nimburg<\/li>\n<li><a href=\"https:\/\/www.freiburg-schwarzwald.de\/tiengen.htm#Reutemattensee: Angelsportverein ASV verbessert Wasserqualit\u00e4t\">Tiengen: Reutemattensee: Angelsportverein ASV verbessert Wasserqualit\u00e4t<\/a> &gt;Tiengen (23.12.08)<\/li>\n<li><a href=\"https:\/\/www.freiburg-schwarzwald.de\/blog\/Titisee\">Titisee<\/a> &#8211; der sch\u00f6nste See?<\/li>\n<li><a href=\"https:\/\/www.freiburg-schwarzwald.de\/baggersee.htm#Tunisee - nahe Autobahnzubringer Freiburg-Nord\">Tunisee &#8211; nahe Autobahnzubringer Freiburg-Nord<\/a> &gt;Baggersee<\/li>\n<li><a href=\"https:\/\/www.freiburg-schwarzwald.de\/waltershofen.htm\">Waltershofener See westlich Freiburg<\/a> &gt;Waltershofen<\/li>\n<li><a href=\"https:\/\/www.freiburg-schwarzwald.de\/windgfaellweiher.htm\">Windgf\u00e4llweiher zwischen Schulchsee und Titisee<\/a> &gt;Windgfaellweiher<\/li>\n<li><\/li>\n<li><a href=\"https:\/\/www.freiburg-schwarzwald.de\/schwimmen.htm\">Baden &#8211; Hallenb\u00e4der<\/a> &gt;Schwimmen<\/li>\n<li><a href=\"https:\/\/www.freiburg-schwarzwald.de\/baggersee.htm\">Baggerseen im Rheintal<\/a> &gt;Baggersee<\/li>\n<li><a href=\"https:\/\/www.freiburg-schwarzwald.de\/littenweiler\/bachpaten.htm\">Bachpaten Freiburg<\/a> &gt;Bachpaten<\/li>\n<li><a href=\"https:\/\/www.freiburg-schwarzwald.de\/badeparadies.htm\">Badeparadies Schwarzwald<\/a> &gt;Badeparadies<\/li>\n<li><a href=\"https:\/\/www.freiburg-schwarzwald.de\/littenweiler\/luftfreiburg.htm#Freiburgs Seen im Rheintal\">Freiburgs Seen im Westen<\/a><\/li>\n<li><a href=\"https:\/\/www.freiburg-schwarzwald.de\/blog\/regio\/fluss\/dreisam\/ottiliensee\/\">Ottiliensee<\/a><\/li>\n<li><a title=\"Schwimmen\" href=\"https:\/\/www.freiburg-schwarzwald.de\/blog\/sport\/sportlern\/schwimmen\/\">Schwimmen<\/a><\/li>\n<li><a href=\"https:\/\/www.freiburg-schwarzwald.de\/virtuelleswasser.htm\">Virtuelles Wasser &#8211; in den Produkten versteckt<\/a> &gt;VirtuellesWasser<\/li>\n<li><a href=\"https:\/\/www.freiburg-schwarzwald.de\/wasservogel.htm\">Wasserv\u00f6gel &#8211; viele Fotos<\/a><\/li>\n<li>\n<p align=\"left\"><a href=\"https:\/\/www.freiburg-schwarzwald.de\/fische.htm\">Fischfang<\/a> &gt;Fische<\/p>\n<\/li>\n<\/ul>\n<p align=\"left\"><a href=\"https:\/\/www.freiburg-schwarzwald.de\/blog\/regio\/see\/schluchsee33windgfaellweiher130921\/\" rel=\"attachment wp-att-38232\"><img loading=\"lazy\" decoding=\"async\" class=\"alignnone size-thumbnail wp-image-38232\" title=\"schluchsee33windgfaellweiher130921\" src=\"https:\/\/www.freiburg-schwarzwald.de\/blog\/wp-content\/uploads\/2012\/04\/schluchsee33windgfaellweiher130921-180x135.jpg\" alt=\"\" width=\"180\" height=\"135\" srcset=\"https:\/\/www.freiburg-schwarzwald.de\/blog\/wp-content\/uploads\/2012\/04\/schluchsee33windgfaellweiher130921-180x135.jpg 180w, https:\/\/www.freiburg-schwarzwald.de\/blog\/wp-content\/uploads\/2012\/04\/schluchsee33windgfaellweiher130921.jpg 640w\" sizes=\"auto, (max-width: 180px) 100vw, 180px\" \/><\/a>\u00a0 \u00a0 \u00a0 \u00a0 \u00a0 \u00a0 \u00a0 \u00a0 \u00a0 \u00a0 \u00a0 \u00a0 \u00a0 \u00a0 \u00a0<a href=\"https:\/\/www.freiburg-schwarzwald.de\/blog\/regio\/see\/windgfaellweiher40214\/\" rel=\"attachment wp-att-45448\"><img loading=\"lazy\" decoding=\"async\" class=\"alignnone size-thumbnail wp-image-45448\" src=\"https:\/\/www.freiburg-schwarzwald.de\/blog\/wp-content\/uploads\/2012\/04\/windgfaellweiher40214-180x135.jpg\" alt=\"windgfaellweiher40214\" width=\"180\" height=\"135\" srcset=\"https:\/\/www.freiburg-schwarzwald.de\/blog\/wp-content\/uploads\/2012\/04\/windgfaellweiher40214-180x135.jpg 180w, https:\/\/www.freiburg-schwarzwald.de\/blog\/wp-content\/uploads\/2012\/04\/windgfaellweiher40214-640x480.jpg 640w, https:\/\/www.freiburg-schwarzwald.de\/blog\/wp-content\/uploads\/2012\/04\/windgfaellweiher40214.jpg 1000w\" sizes=\"auto, (max-width: 180px) 100vw, 180px\" \/><\/a><br \/>\n(1) Blick nach Norden\u00a0Windgf\u00e4llweiher 21.8.2013\u00a0\u00a0\u00a0 (2) Gleicher Blick 14.2.2014<\/p>\n<p align=\"left\"><a href=\"https:\/\/www.freiburg-schwarzwald.de\/blog\/regio\/see\/freiburg-opfinger-see200804\/\" rel=\"attachment wp-att-82784\"><img loading=\"lazy\" decoding=\"async\" class=\"alignnone size-thumbnail wp-image-82784\" src=\"https:\/\/www.freiburg-schwarzwald.de\/blog\/wp-content\/uploads\/2012\/04\/freiburg-opfinger-see200804-180x135.jpg\" alt=\"freiburg-opfinger-see200804\" width=\"180\" height=\"135\" srcset=\"https:\/\/www.freiburg-schwarzwald.de\/blog\/wp-content\/uploads\/2012\/04\/freiburg-opfinger-see200804-180x135.jpg 180w, https:\/\/www.freiburg-schwarzwald.de\/blog\/wp-content\/uploads\/2012\/04\/freiburg-opfinger-see200804.jpg 640w\" sizes=\"auto, (max-width: 180px) 100vw, 180px\" \/><br \/>\n(<\/a>3) Opfinger See in Freiburg\u00a0 am 4.8.2020<\/p>\n<p align=\"left\"><a href=\"https:\/\/www.lubw.baden-wuerttemberg.de\/wasser\/liste-der-ueberwachten-badestellen\">https:\/\/www.lubw.baden-wuerttemberg.de\/wasser\/liste-der-ueberwachten-badestellen<\/a><br \/>\nDas ist die Homepage, die offizielle Daten zu den Badegew\u00e4ssern sammelt.<\/p>\n<p align=\"left\">=====================================<\/p>\n<p><strong>18 Badeseen mit ausgezeichneter Wasserqualit\u00e4t in der Region Freiburg<\/strong><br \/>\nvon Simone Lutz, Hans-Peter M\u00fcller, Dirk Sattelberger, Martin Pfefferle, Nicolai Kapitz und Max Schuler<\/p>\n<p>1. Dietenbachsee: Natur trifft auf Gro\u00dfstadtleben: Der Dietenbachsee wird nicht in vielen Reisef\u00fchrern beworben, ist daf\u00fcr umso authentischer. Im angrenzenden Park kann man sch\u00f6n spazieren und den unterschiedlichen Sprachen lauschen. Ob Skaten oder Slacklinen: Alles ist m\u00f6glich. Auch Nudisten finden ihren Platz. Toll ist der neue Spielplatz f\u00fcr Kinder. Wer baden will, sollte dies zu Beginn der Saison tun, im Sp\u00e4tsommer kippt der See gerne mal um.<\/p>\n<p>2. Fl\u00fcckiger See: Zehn Hektar Badespa\u00df mitten im Seepark, das ist der Fl\u00fcckigersee. Ein Kompletterlebnis mit h\u00fcgeliger Parklandschaft, Freilichtb\u00fchne, Biergarten, Laubb\u00e4umen, Restaurant, Grillpl\u00e4tzen, Toiletten, Tret- und Ruderbootverleih. Beliebt und belebt, nur wer die Einsamkeit sucht, wird hier nicht gl\u00fccklich.<\/p>\n<p>3. Moosweiher: Fast mitten in Freiburg liegt der \u00fcberall gut zug\u00e4nglich Moosweiher. Dort herrscht weniger Trubel als im Seepark. Es gab Jahre, da konnte man an Seilen in den See schwingen. Immer noch vorhanden sein d\u00fcrfte die Sandbank in der Seemitte. Dort kann man wunderbar auf dem R\u00fccken im Wasser treiben und auf die Hochh\u00e4user hinter den Baumwipfeln blicken.<\/p>\n<p>4. Silbersee: Der Silbersee ist so etwas wie der kleine Bruder des Tunisees. Eignet sich gut f\u00fcr Freiburger, die nicht lange fahren wollen. Liegt allerdings auch direkt an der A 5. Die Umgebung wird von den angrenzenden Campingpl\u00e4tzen dominiert. Es gibt auch einen FKK-Bereich.<\/p>\n<p>5. Tunisee: Weit \u00fcber die Grenzen der Region bekannt, ist der Tunisee durch das Elektrofestival Sea You, das dieses Jahr nicht stattfinden kann. N\u00e4chstes Jahr wollen die Veranstalter aber wieder am Start sein. Mittlerweile kann man am See wieder campen, auch ohne Festival. Einer der wenigen Orte in der Region, an dem auch Wakeboarder gl\u00fccklich werden k\u00f6nnen.<\/p>\n<p>6. Opfinger See: Der Klassiker in Sachen Abk\u00fchlung f\u00fcr die Freiburger Stadtbev\u00f6lkerung. Der Opfinger See hinter der Autobahn ist zum Teil abgesperrtes Tierrefugium, zum Teil quirliger Badesee, das Ostufer f\u00fcr FKK-Fans. In den vergangenen Jahren ist die Infrastruktur mit Kiosk, Toiletten und einer Rettungsstation sehr verbessert worden, weshalb der See immer gut besucht ist. An sch\u00f6nen Tagen kann der Platz am Ufer eng werden \u2013 daf\u00fcr ist man ruckzuck wieder in Freiburg.<br \/>\nBZ-Schwimmbad-Check: Diese B\u00e4der in S\u00fcdbaden haben ge\u00f6ffnet<\/p>\n<p>7. Kleiner Opfinger See: Viel kleiner, aber auch viel idyllischer als der gro\u00dfe Opfinger See auf der anderen Seite der Stra\u00dfe ist das Gew\u00e4sser Ochsenmoos, besser bekannt als Kleiner Opfinger See. Wegen seiner geringen Tiefe kippt der See oft um, deshalb unbedingt auf Warnschilder wegen Bakterien achten. Das Gesundheitsamt testet regelm\u00e4\u00dfig.<\/p>\n<p>8. Niederrimsinger Baggersee: Die hellblaue Perle in der N\u00e4he von Niederrimsingen ist mittlerweile raus aus der Illegalit\u00e4t. Auf der einen Uferseite ist Baden mittlerweile offiziell erlaubt. Auf der anderen Seite wird weiter Kies abgebaggert. Das t\u00fcrkisblaue Wasser ist traumhaft, nur die Besucher sollten eben auch respektieren, das dort gearbeitet wird. Es gibt einen offiziellen Parkplatz in der Industriestra\u00dfe bei Firma Birkenmeier, von dort sind es noch rund 20 Minuten Fu\u00dfweg zum See mit seinen vielen kleinen Buchten. Anmerkung: Das Gesundheitsamt hat diesen See nicht offiziell beprobt.<\/p>\n<p>9. Burkheimer Baggersee: Mit schattiger Liegewiese und t\u00fcrkisfarbenem Wasser lockt der Burkheimer Baggersee deutsche und els\u00e4ssische G\u00e4ste an. Weitere Vorteile sind offizielle Parkpl\u00e4tze in Ufern\u00e4he, der beliebte Eiswagen an sch\u00f6nen Tagen und ein kleiner FKK-Strand. Damit den strenger gewordenen Regeln mit Grill- und Tauchverbot nachgekommen wird, gibt es seit einiger Zeit einen Kontrolldienst. Wer falsch parkt, weil alle Parkpl\u00e4tze belegt sind oder es nach 20 Uhr ist, riskiert einen Strafzettel.<\/p>\n<p>10. Hartheimer Baggersee: Der Friessee bei Hartheim ist ein sehr beliebter und wunderbarer Badesee, der aber gerade in einer Erfolgskrise steckt. Er ist sp\u00e4testens seit dem ersten Corona-Jahr so \u00fcberlaufen, dass die Parksituation an manchen Tagen jeder Beschreibung spottet. K\u00fcnftig werden Kn\u00f6llchen verteilt.<\/p>\n<p>11. Naturbad Sulzburg: Wundersch\u00f6n gelegen im Tal der &#8222;Sackgasse&#8220; Sulzburgs ist das Naturbad, das vom Sulzbach gespeist wird. Bis vor wenigen Jahren wurde es betrieben mit Eintritt. Jetzt soll der Zugang zur Badestelle kostenlos sein. Ein Kiosk mit Bistro bietet Kleinigkeiten an. Einen Haken gibt es: Weil es Enten gibt, verbreiten sich Zerkarien. Sie k\u00f6nnen f\u00fcr juckende Pusteln sorgen.<br \/>\n12. Nonnenmattweiher: Der See liegt auf 1000 Metern H\u00f6he und steht unter strengem Naturschutz, allerdings ist in seiner nordwestlichen Ecke ein Badebereich eingegrenzt, inklusive Liegewiese. Wer mag, kann eine ausgedehnte Wandertour im S\u00fcdschwarzwald zwischen Belchen und Hochblauen mit einem Bad im Weiher verbinden. Ein paar Meter entfernt steht die Almgastwirtschaft &#8222;Fischerh\u00fctte&#8220;, wo man einkehren kann. An Wochenenden und in den Sommerferien ist der angrenzende Parkplatz \u00fcberlastet.<\/p>\n<p>13. Naturbad St. M\u00e4rgen: Ein kleines Bad, an dem man oft mit dem Auto oder Fahrrad vorbeigefahren ist. Jedes Mal fragt man sich, wie kalt das Wasser dort wirklich ist. Dann ist man aber abgelenkt von der traumhaften Aussicht, die sich von St. M\u00e4rgen aus \u00fcber den Schwarzwald bietet. Beim n\u00e4chsten mal geht es auch ins Naturbad. Ganz bestimmt.<\/p>\n<p>14. Windgf\u00e4llweiher: Vom einstigen Geheimtipp hat sich der kleine Schwarzwaldsee mittlerweile zum instagramtauglichen Hipster-Ausflugsziel entwickelt, wo auch Stand-up-Paddling m\u00f6glich ist. Trotzdem nach wie vor ein sehr sch\u00f6ner Natursee. Natursch\u00fctzer protestierten dort zuletzt gegen den Bau eines Wohnmobilparks \u2013 bislang erfolgreich.<\/p>\n<p>15. Schluchsee: Besonders im Sommer k\u00f6nnen sich am Schluchsee Menschen aus der hitzegeplagten Rheinebene abk\u00fchlen. Der See ist weniger touristisch als der Titisee. Besonders auf der Seite des Ortsteils Aha gibt es nette Fleckchen am Ufer. Der Streit um den Wasserpegel ist beigelegt, und der Stausee wird im Sommer nicht mehr nennenswert abgesenkt. Auch f\u00fcr Segler geeignet, da von den H\u00e4ngen meist eine ordentliche Brise weht.<\/p>\n<p>16. Titisee: Nach wie vor der Touri-Hotspot im Hochschwarzwald, besonders wenn man an der Uferpromenade entlang schlendert. Muss man einmal im Leben gesehen haben \u2013 inklusive kitschiger Tretbootfahrt. Es gibt aber auch ein paar nette versteckte Ecken an der unbebauten Uferseite, und vor allem das Strandbad ist f\u00fcr Familien empfehlenswert.<\/p>\n<p>17. Klostersee Friedenweiler: F\u00fcr alle, die schon die bekannten Badeseen abgegrast haben, lohnt sich ein Ausflug nach Friedenweiler, das abseits der bekannten Ausflugsrouten liegt. Nach dem Sprung in den Natursee kann man sich im beheizten Becken nebenan wieder aufw\u00e4rmen. Ein bisschen Schwarzwaldnostalgie gibt es bei dem Besuch im Ort gratis dazu.<\/p>\n<p>18. Kirnbergsee: Dieser kleine See liegt fast schon auf der Baar, die Landschaft ist etwas sanfter. Gut geeignet f\u00fcr das Ziel einer Radtour. Camping ist direkt am See m\u00f6glich. Kann bequem und auf guten Wegen umrundet werden.<br \/>\n&#8230; Alles vom 5.6.2021 bitte lesen auf<br \/>\n<a href=\"https:\/\/www.badische-zeitung.de\/18-badeseen-mit-ausgezeichneter-wasserqualitaet-in-der-region-freiburg--202362722.html\">https:\/\/www.badische-zeitung.de\/18-badeseen-mit-ausgezeichneter-wasserqualitaet-in-der-region-freiburg&#8211;202362722.html<\/a><\/p>\n<p>&nbsp;<\/p>\n<p align=\"left\"><strong>Wasserqualit\u00e4t der Badeseen Lkr Emmendingen bleibt gut<\/strong><br \/>\nDas derzeitige Wetter und die Au\u00dfentemperaturen laden momentan nicht unbedingt zu einem Besuch eines Badesees und eines Sprungs ins k\u00fchle Nass ein \u2013 die Wasserqualit\u00e4t hingegen schon, berichtet das Landratsamt.<br \/>\nDie vergangene Woche durch das Gesundheitsamt durchgef\u00fchrte Beprobung der Badestellen im Landkreis Emmendingen auf krankheitsausl\u00f6sende Erreger ergaben keine Beanstandungen. In der Badesaison von Mai bis September wird das Wasser der offiziellen EU-Badeseen im Landkreis regelm\u00e4\u00dfig durch das Gesundheitsamt Emmendingen \u00fcberpr\u00fcft. Bei der \u00dcberpr\u00fcfung der Wasserqualit\u00e4t wurden auch die Wassertemperaturen gemessen, die liegen mit 16 bis 19 Grad Celsius leider noch nicht in einem Wohlf\u00fchlbereich f\u00fcr Badende.<br \/>\nDa der Landkreis Emmendingen derzeit stabil unter einer 7-Tages-Inzidenz von unter 100 liegt, ist der Besuch von Badeseen Im Rahmen der aktuellen Corona-Verordnung des Landes Baden-W\u00fcrttemberg offiziell erlaubt.<br \/>\n.<br \/>\nDiese 15 Badeseen im Landkreis werden in der Badesaison von Mai bis September regelm\u00e4\u00dfig vom Gesundheitsamt des Emmendinger Landratsamtes kontrolliert:<br \/>\nBahlingen: L\u00f6hlinsee<br \/>\nEmmendingen: Badesee Kollmarsreute<br \/>\nEndingen: Erleweiher<br \/>\nKenzingen: Nachtallmendsee<br \/>\nMalterdingen: Badesee Unterwald<br \/>\nRheinhausen: Birkenwaldsee<br \/>\nRiegel: Freizeitanlage kleiner und gro\u00dfer M\u00fcllersee<br \/>\nSasbach: Badesee Leopoldsinsel<br \/>\nTeningen: Badesee Rohrlache<br \/>\nTeningen-K\u00f6ndringen: Gro\u00dfer und kleiner Niederwaldsee<br \/>\nTeningen-Nimburg: Badesee Kaibenlache<br \/>\nWeisweil: Badesee am Rhein<br \/>\nWyhl: Badesee Schweizer Uhl<br \/>\n19.5.2021<\/p>\n<p align=\"left\"><strong>Badeseen Breisgau-Hochschwarzwald mit guter Wasserqualit\u00e4t<br \/>\n<\/strong>Seen, in denen im Sommer im Landkreis gebadet werden soll, m\u00fcssen schon jetzt hinsichtlich der Wasserqualit\u00e4t \u00fcberpr\u00fcft werden. Das Landratsamt hat eine Liste mit Badegew\u00e4ssern pr\u00e4sentiert. Gem\u00e4\u00df der Badegew\u00e4sserverordnung hat die Bev\u00f6lkerung die M\u00f6glichkeit, Vorschl\u00e4ge, Bemerkungen und Beschwerden hinsichtlich dieser Badegew\u00e4sserliste vorzubringen. Diese sind bis Ende Februar entweder an das zust\u00e4ndige B\u00fcrgermeisteramt oder das Landratsamt zu richten.<\/p>\n<p>Laut Landratsamt werden Seen, die von den Menschen im Sommer zum Baden genutzt werden, regelm\u00e4\u00dfig auf ihre Wasserqualit\u00e4t untersucht. Dementsprechend werden im Landkreis Breisgau-Hochschwarzwald in der Badesaison 2014 folgende Stellen als Badegew\u00e4sser eingestuft:<br \/>\nDer Friessee in Hartheim,<br \/>\nder Klosterweiher in St. M\u00e4rgen,<br \/>\nder Baggersee in Burkheim,<br \/>\nder zur Gemeinde Lenzkirch geh\u00f6rende Windgf\u00e4llweiher zwischen Raitenbuch und Altglash\u00fctten,<br \/>\nder Klosterweiher in Friedenweiler,<br \/>\ndas Naturfreibad in Sulzburg,<br \/>\nStrandbad und Sandbank am Titisee und<br \/>\ndas Strandbad und der Bootssteg am Schluchsee.<br \/>\nDie Qualit\u00e4t dieser Badegew\u00e4sser ergab in den letzten Jahren keine Beanstandungen, so dass alle zum Baden gut geeignet seien. Gepr\u00fcft wird die Wasserqualit\u00e4t durch regelm\u00e4\u00dfige Proben, die in einem Abstand von weniger als einem Monat genommen werden.<br \/>\n14.2.2014<br \/>\nLandratsamt Breisgau-Hochschwarzwald<br \/>\nRainer Unm\u00fcssig, Fachbereich Gesundheitsschutz, Sautierstr. 28 in Freiburg , Tel 0761 \/\u00a02187 3200<br \/>\n14.2.2014<\/p>\n","protected":false},"excerpt":{"rendered":"<p>Home &gt;Regio &gt;See Ottiliensee \u2013 neuer Naturbadesee an der Dreisam\u00a0(18.4.2022) 18 Badeseen mit ausgezeichneter Wasserqualit\u00e4t in der Region Freiburg (5.6.2021) Wasserqualit\u00e4t der Badeseen Lkr Emmendingen bleibt gut (15.5.2021) Baden: Nur digital statt im See? (23.4.2021) Dreisamnatursee\u00a0zwischen Sandfang und Jugendherberge\u00a0(14.8.2020) Badeseen &hellip; <a href=\"https:\/\/www.freiburg-schwarzwald.de\/blog\/regio\/see\/\">Weiterlesen <span class=\"meta-nav\">&rarr;<\/span><\/a><\/p>\n","protected":false},"author":2,"featured_media":0,"parent":39,"menu_order":0,"comment_status":"open","ping_status":"closed","template":"","meta":{"footnotes":""},"class_list":["post-2191","page","type-page","status-publish","hentry"],"_links":{"self":[{"href":"https:\/\/www.freiburg-schwarzwald.de\/blog\/wp-json\/wp\/v2\/pages\/2191","targetHints":{"allow":["GET"]}}],"collection":[{"href":"https:\/\/www.freiburg-schwarzwald.de\/blog\/wp-json\/wp\/v2\/pages"}],"about":[{"href":"https:\/\/www.freiburg-schwarzwald.de\/blog\/wp-json\/wp\/v2\/types\/page"}],"author":[{"embeddable":true,"href":"https:\/\/www.freiburg-schwarzwald.de\/blog\/wp-json\/wp\/v2\/users\/2"}],"replies":[{"embeddable":true,"href":"https:\/\/www.freiburg-schwarzwald.de\/blog\/wp-json\/wp\/v2\/comments?post=2191"}],"version-history":[{"count":5,"href":"https:\/\/www.freiburg-schwarzwald.de\/blog\/wp-json\/wp\/v2\/pages\/2191\/revisions"}],"predecessor-version":[{"id":100305,"href":"https:\/\/www.freiburg-schwarzwald.de\/blog\/wp-json\/wp\/v2\/pages\/2191\/revisions\/100305"}],"up":[{"embeddable":true,"href":"https:\/\/www.freiburg-schwarzwald.de\/blog\/wp-json\/wp\/v2\/pages\/39"}],"wp:attachment":[{"href":"https:\/\/www.freiburg-schwarzwald.de\/blog\/wp-json\/wp\/v2\/media?parent=2191"}],"curies":[{"name":"wp","href":"https:\/\/api.w.org\/{rel}","templated":true}]}}