{"id":21618,"date":"2013-02-06T12:31:39","date_gmt":"2013-02-06T11:31:39","guid":{"rendered":"https:\/\/www.freiburg-schwarzwald.de\/blog\/?page_id=21618"},"modified":"2022-12-04T20:09:24","modified_gmt":"2022-12-04T19:09:24","slug":"dehoga","status":"publish","type":"page","link":"https:\/\/www.freiburg-schwarzwald.de\/blog\/tourismus\/gastro\/dehoga\/","title":{"rendered":"Dehoga"},"content":{"rendered":"<p>Home &gt;<a title=\"Tourismus\" href=\"https:\/\/www.freiburg-schwarzwald.de\/blog\/tourismus\/\">Tourismus<\/a> &gt;<a title=\"Gastro\" href=\"https:\/\/www.freiburg-schwarzwald.de\/blog\/tourismus\/gastro\/\">Gastro<\/a>\u00a0&gt;Dehoga<\/p>\n<div id=\"attachment_20902\" style=\"width: 647px\" class=\"wp-caption alignnone\"><a href=\"https:\/\/www.freiburg-schwarzwald.de\/blog\/business\/handel\/kleiderladen\/seebuck34sessellift-pan130107-2\/\" rel=\"attachment wp-att-20902\"><img loading=\"lazy\" decoding=\"async\" aria-describedby=\"caption-attachment-20902\" class=\"size-full wp-image-20902\" title=\"seebuck34sessellift-pan130107\" src=\"https:\/\/www.freiburg-schwarzwald.de\/blog\/wp-content\/uploads\/2013\/01\/seebuck34sessellift-pan1301071.jpg\" alt=\"\" width=\"637\" height=\"242\" srcset=\"https:\/\/www.freiburg-schwarzwald.de\/blog\/wp-content\/uploads\/2013\/01\/seebuck34sessellift-pan1301071.jpg 637w, https:\/\/www.freiburg-schwarzwald.de\/blog\/wp-content\/uploads\/2013\/01\/seebuck34sessellift-pan1301071-180x68.jpg 180w\" sizes=\"auto, (max-width: 637px) 100vw, 637px\" \/><\/a><p id=\"caption-attachment-20902\" class=\"wp-caption-text\">Feldberg ganz oben am 7.1.2013: Seebuck, Sonne, Lift, Ski, Nebel<\/p><\/div>\n<p>&nbsp;<\/p>\n<ul>\n<li><a href=\"https:\/\/www.freiburg-schwarzwald.de\/blog\/business\/industrie\/mittelstand\/unternehmer\/\">Paul Busse: Das Schweigen der Unternehmer<\/a>\u00a0(3.12.2022)<\/li>\n<li><a href=\"https:\/\/www.freiburg-schwarzwald.de\/blog\/business\/gesund\/corona-virus\/corona-gastro\/\">Gastronomie und Tourismus: Verl\u00e4ssliche Tr\u00e4ger der Pandemie<\/a>\u00a0(30.9.2022)<\/li>\n<li>\u00dcbernachtungen in 2012 um 5.8 Prozent auf 3.4 Mio gesteigert (10.1.2013)<\/li>\n<li><a href=\"https:\/\/www.freiburg-schwarzwald.de\/blog\/familienfreundliches-todtnauberg\/todtnauberg1209\/\">https:\/\/www.freiburg-schwarzwald.de\/blog\/familienfreundliches-todtnauberg\/todtnauberg1209\/<\/a>\u00a0(22.9.2013<\/li>\n<li><a href=\"https:\/\/www.freiburg-schwarzwald.de\/gasthaus1.htm#Schmeck den S\u00fcden: 3-L\u00f6wen-Preis f\u00fcr Gasthof Kreuz in St.Peter\">Schmeck den S\u00fcden: 3-L\u00f6wen-Preis f\u00fcr Gasthof Kreuz in St.Peter<\/a> &gt;Gasthaus1 (16.12.2009)<\/li>\n<li><a href=\"https:\/\/www.freiburg-schwarzwald.de\/sucht2.htm#Nichtraucherschutz in Freiburg wird besser\">Nichtraucherschutz in Freiburg wird besser<\/a> (15.12.2005)<\/li>\n<li><\/li>\n<li><a href=\"https:\/\/www.freiburg-schwarzwald.de\/blog\/business\/gesund\/corona-virus\/corona-gastro\/\">Corona-Gastro<\/a><\/li>\n<li>Dehoga Freiburg-Stadt<\/li>\n<li>Dehoga Hochschwarzwald<\/li>\n<\/ul>\n<p>&nbsp;<\/p>\n<p>&nbsp;<\/p>\n<p><strong>\u00dcbernachtungen in 2012 um 5.8 Prozent auf 3.4 Mio gesteigert<\/strong><\/p>\n<p>Die s\u00fcdbadischen Gruppen des Deutschen Hotel- und Gastst\u00e4ttenverbandes (Dehoga) k\u00f6nnen auf ein erfolgreiches Jahr zur\u00fcckblicken. Sorgen bereiten allerdings die geplante Bettensteuer in Freiburg und der Mangel an qualifizierten Fachkr\u00e4ften. Das wurde im Rahmen des gemeinsamen Neujahrsempfangs der Dehoga-Verb\u00e4nde Freiburg-Stadt, Freiburg-Land, Emmendingen, Hochschwarzwald und M\u00fcllheim-Markgr\u00e4flerland deutlich. &#8222;722 Millionen Euro Jahresumsatz, 3,4 Millionen \u00dcbernachtungen und damit eine Steigerung im Vergleich zum Vorjahr um 5,8 Prozent verzeichneten die Hotellerie und das Gastgewerbe in den f\u00fcnf Regionen. &#8230;..<br \/>\nAlles vom 10.1.2013\u00a0bitte lesen auf<br \/>\n<a href=\"https:\/\/www.badische-zeitung.de\/kreis-breisgau-hochschwarzwald\/fast-sechs-prozent-mehr-uebernachtungen--68032237.html\">https:\/\/www.badische-zeitung.de\/kreis-breisgau-hochschwarzwald\/fast-sechs-prozent-mehr-uebernachtungen&#8211;68032237.html<\/a><br \/>\n<strong><br \/>\nMwSt-Satz in 24 von 27 L\u00e4ndern der EU reduziert<\/strong><br \/>\nAls Hotelier, aber insbesondere als Kreisvorsitzender des Hochschwarzwalds und Mitveranstalter des Dehoga Neujahrsempfangs, m\u00f6chte ich doch einige Punkte richtigstellen. Die Reduzierung der Mehrwertsteuer auf sieben Prozent ist keinesfalls ein Geschenk, sondern vielmehr eine europ\u00e4ische Harmonisierung des Mehrwertsteuersatzes. Denn 24 von 27 L\u00e4ndern in Europa haben einen reduzierten Mehrwertsteuersatz f\u00fcr die Hotellerie und zum gro\u00dfen Teil auch f\u00fcr die Gastronomie. Sehr viele meiner Kollegen konnten seitdem in ihre H\u00e4user investieren und haben damit dazu beigetragen, dass der Tourismusstandort Baden-W\u00fcrttemberg f\u00fcr die G\u00e4ste attraktiver geworden ist. Ohne engagierte Gastgeber in Hotellerie und Gastronomie g\u00e4be es keinen Tourismus, der \u00fcber 280 000 Arbeitspl\u00e4tze in Baden-W\u00fcrttemberg z\u00e4hlt.<br \/>\nWeiter ist die Behauptung, die Hoteliers h\u00e4tten seither die Zimmerpreise verdoppelt, schlichtweg an den Haaren herbeigezogen. Kein Gast und Tourist in der Region und im Schwarzwald und keine Firma im Raum Freiburg h\u00e4tten eine Verdoppelung der Zimmerpreise akzeptiert. Der Millionenspender ist im \u00dcbrigen eine Aktiengesellschaft, zu der unter anderem auch eine Hotelgesellschaft geh\u00f6rt. Hotelier ist der Spender bestimmt nicht.<br \/>\n6.2.2013, Michael Erfurth, Kreisvorsitzender Dehoga Hochschwarzwald<\/p>\n<p>&nbsp;<\/p>\n<div>\n<p><strong>Dehoga Freiburg-Stadt<\/strong><\/p>\n<p>Hansj\u00f6rg Dattler, Vorsitzender<br \/>\nSchlo\u00dfberg-Restaurant Dattler, Am Schlo\u00dfberg 1, 79104 Freiburg, Tel. 0761-31729, <a href=\"mailto:info@dattler.de\">info@dattler.de<\/a><br \/>\n<a href=\"https:\/\/freiburg-stadt.dehogabw.de\">https:\/\/freiburg-stadt.dehogabw.de<\/a><\/p>\n<\/div>\n<p>&nbsp;<\/p>\n<p><strong>Dehoga Hochschwarzwald<\/strong><\/p>\n<p>Der DEHOGA Baden-W\u00fcrttemberg ist der\u00a0Verband f\u00fcr Hotellerie und Gastronomie im Land. Rund 12.000 Mitglieder hat die Arbeitgeberorganisation.<br \/>\n<a href=\"https:\/\/www.dehoga-bw.de\">www.dehoga-bw.de<\/a><\/p>\n<div>Michael Erfurth, Vorsitzender<br \/>\nErfurth\u00b4s Bergfried, Sickinger Stra\u00dfe 28, 79856 Hinterzarten, Tel 07652-1280, <a href=\"mailto:info@bergfried.de\">info@bergfried.de<\/a><br \/>\n<a href=\"https:\/\/hochschwarzwald.dehogabw.de\">https:\/\/hochschwarzwald.dehogabw.de<\/a><\/div>\n","protected":false},"excerpt":{"rendered":"<p>Home &gt;Tourismus &gt;Gastro\u00a0&gt;Dehoga &nbsp; Paul Busse: Das Schweigen der Unternehmer\u00a0(3.12.2022) Gastronomie und Tourismus: Verl\u00e4ssliche Tr\u00e4ger der Pandemie\u00a0(30.9.2022) \u00dcbernachtungen in 2012 um 5.8 Prozent auf 3.4 Mio gesteigert (10.1.2013) https:\/\/www.freiburg-schwarzwald.de\/blog\/familienfreundliches-todtnauberg\/todtnauberg1209\/\u00a0(22.9.2013 Schmeck den S\u00fcden: 3-L\u00f6wen-Preis f\u00fcr Gasthof Kreuz in St.Peter &gt;Gasthaus1 (16.12.2009) &hellip; <a href=\"https:\/\/www.freiburg-schwarzwald.de\/blog\/tourismus\/gastro\/dehoga\/\">Weiterlesen <span class=\"meta-nav\">&rarr;<\/span><\/a><\/p>\n","protected":false},"author":4,"featured_media":0,"parent":19,"menu_order":0,"comment_status":"open","ping_status":"closed","template":"","meta":{"footnotes":""},"class_list":["post-21618","page","type-page","status-publish","hentry"],"_links":{"self":[{"href":"https:\/\/www.freiburg-schwarzwald.de\/blog\/wp-json\/wp\/v2\/pages\/21618","targetHints":{"allow":["GET"]}}],"collection":[{"href":"https:\/\/www.freiburg-schwarzwald.de\/blog\/wp-json\/wp\/v2\/pages"}],"about":[{"href":"https:\/\/www.freiburg-schwarzwald.de\/blog\/wp-json\/wp\/v2\/types\/page"}],"author":[{"embeddable":true,"href":"https:\/\/www.freiburg-schwarzwald.de\/blog\/wp-json\/wp\/v2\/users\/4"}],"replies":[{"embeddable":true,"href":"https:\/\/www.freiburg-schwarzwald.de\/blog\/wp-json\/wp\/v2\/comments?post=21618"}],"version-history":[{"count":2,"href":"https:\/\/www.freiburg-schwarzwald.de\/blog\/wp-json\/wp\/v2\/pages\/21618\/revisions"}],"predecessor-version":[{"id":106880,"href":"https:\/\/www.freiburg-schwarzwald.de\/blog\/wp-json\/wp\/v2\/pages\/21618\/revisions\/106880"}],"up":[{"embeddable":true,"href":"https:\/\/www.freiburg-schwarzwald.de\/blog\/wp-json\/wp\/v2\/pages\/19"}],"wp:attachment":[{"href":"https:\/\/www.freiburg-schwarzwald.de\/blog\/wp-json\/wp\/v2\/media?parent=21618"}],"curies":[{"name":"wp","href":"https:\/\/api.w.org\/{rel}","templated":true}]}}