{"id":19840,"date":"2013-01-09T21:37:05","date_gmt":"2013-01-09T20:37:05","guid":{"rendered":"https:\/\/www.freiburg-schwarzwald.de\/blog\/?page_id=19840"},"modified":"2013-08-02T22:07:48","modified_gmt":"2013-08-02T20:07:48","slug":"snowkiting","status":"publish","type":"page","link":"https:\/\/www.freiburg-schwarzwald.de\/blog\/sport\/sportlern\/ski\/snowkiting\/","title":{"rendered":"Snowkiting"},"content":{"rendered":"<p>Home &gt;<a title=\"Sport\" href=\"https:\/\/www.freiburg-schwarzwald.de\/blog\/sport\/\">Sport<\/a> &gt;<a title=\"Sportlern\" href=\"https:\/\/www.freiburg-schwarzwald.de\/blog\/sport\/sportlern\/\">Sportlern<\/a> &gt;<a title=\"Ski\" href=\"https:\/\/www.freiburg-schwarzwald.de\/blog\/sport\/sportlern\/ski\/\">Ski<\/a> &gt;Snowkiting<\/p>\n<div id=\"attachment_19842\" style=\"width: 648px\" class=\"wp-caption alignnone\"><a href=\"https:\/\/www.freiburg-schwarzwald.de\/blog\/sport\/sportlern\/ski\/snowkiting\/feldberg-gipfel12kite-pan130108\/\" rel=\"attachment wp-att-19842\"><img loading=\"lazy\" decoding=\"async\" aria-describedby=\"caption-attachment-19842\" class=\" wp-image-19842 \" title=\"feldberg-gipfel12kite-pan130108\" src=\"https:\/\/www.freiburg-schwarzwald.de\/blog\/wp-content\/uploads\/2013\/01\/feldberg-gipfel12kite-pan130108.jpg\" alt=\"\" width=\"638\" height=\"301\" srcset=\"https:\/\/www.freiburg-schwarzwald.de\/blog\/wp-content\/uploads\/2013\/01\/feldberg-gipfel12kite-pan130108.jpg 638w, https:\/\/www.freiburg-schwarzwald.de\/blog\/wp-content\/uploads\/2013\/01\/feldberg-gipfel12kite-pan130108-180x84.jpg 180w\" sizes=\"auto, (max-width: 638px) 100vw, 638px\" \/><\/a><p id=\"caption-attachment-19842\" class=\"wp-caption-text\">Blick vom Gr\u00fcble Sattel auf dem Feldberg nach S\u00fcdosten \u00fcber den Hochrhein-Nebel bis zu den Alpen am 8.1.2013<\/p><\/div>\n<p>&nbsp;<\/p>\n<ul>\n<li>Snowkiten am Feldberg mit Chris Volk (15.3.2013)<\/li>\n<li><a href=\"https:\/\/www.freiburg-schwarzwald.de\/snowkite.htm#Kitesurfen in Schollach auf den Wiesen beim Schneckenhof\">Kitesurfen in Schollach auf den Wiesen beim Schneckenhof<\/a> &gt;Snowkite (16.2.2008)<\/li>\n<li>Snowkiten erlernen zwischen Feldbergturm und Gr\u00fcblesattel (28.12.2007)<\/li>\n<li>\u00a0<\/li>\n<li>Was ist Sknowkiten?<\/li>\n<li>GlobalXTeam in Villingen<\/li>\n<li>Kiteschule Skywalker am Feldberg<\/li>\n<li>Snowkiteschule Schwarzwald-Baar<\/li>\n<li><a href=\"https:\/\/www.freiburg-schwarzwald.de\/snowkite.htm\">www.freiburg-schwarzwald.de\/snowkite.htm<\/a> &gt;Archivseite Snowkite<\/li>\n<li><a href=\"https:\/\/www.freiburg-schwarzwald.de\/snowkite.htm#Links\">Links<\/a><\/li>\n<li><a title=\"Paragliding\" href=\"https:\/\/www.freiburg-schwarzwald.de\/blog\/sport\/sportlern\/paragliding\/\">Drachen, Gleitschirm<\/a> &gt;Paragliding\u00a0<\/li>\n<\/ul>\n<p align=\"left\"><strong>Was ist Sknowkiten?<\/strong><\/p>\n<p align=\"left\">Beim Snowkiten bzw. Snowkiting l\u00e4\u00dft man sich auf Snowboard oder Ski l\u00e4sst von einem ca. 10 qm gro\u00dfen Zugdrachen (Kite bzw. Powerkite genannt) an 20 m langen Leinen durch die Windkraft \u00fcber\u00a0 Schnee oder Eis ziehen. Snowkiten reicht vom gem\u00fctlichen Cruisen bis zum Powerkiten mit Highspeed und akrobatischen Spr\u00fcngen &#8211; bis zu 100 m weit und 20 m hoch. Bei geeigneter Technik kann man sogar bergauf kiten. Der Kite erm\u00f6glicht Wintersport abseits von \u00fcberf\u00fcllten Pisten und Warteschlangen.<br \/>\nVoraussetzung: Eine mittelschwere Piste mit Ski oder Snowboard sicher abfahren.<\/p>\n<p>Ger\u00e4t: Vom kleinen Stuntkite (Lenkdrachen) \u00fcber gem\u00fctliche Zugdrachen bis zum Powerkite, mit denen man sogar eine Yacht ziehen kann. Mit der Erfindung des Kitesurfens entwickelte sich der Powerkite in rasantem Tempo: Er funktioniert im Prinzip wie ein Lenkdrachen f\u00fcr Kinder, entwickelt aber ein Vielfaches an Zugkr\u00e4ften. Heute sind Powerkites\u00a0als Tubekites mit aufblasbaren, stabilisierenden Rahmen und zwei bis vier Leinen bestimmen &#8222;in&#8220;.<\/p>\n<p>\u00a0<a href=\"https:\/\/www.freiburg-schwarzwald.de\/blog\/sport\/sportlern\/ski\/snowkiting\/feldberg-gipfel12kite130108\/\" rel=\"attachment wp-att-19864\"><img loading=\"lazy\" decoding=\"async\" class=\"alignnone size-thumbnail wp-image-19864\" title=\"feldberg-gipfel12kite130108\" src=\"https:\/\/www.freiburg-schwarzwald.de\/blog\/wp-content\/uploads\/2013\/01\/feldberg-gipfel12kite130108-180x146.jpg\" alt=\"\" width=\"180\" height=\"146\" srcset=\"https:\/\/www.freiburg-schwarzwald.de\/blog\/wp-content\/uploads\/2013\/01\/feldberg-gipfel12kite130108-180x146.jpg 180w, https:\/\/www.freiburg-schwarzwald.de\/blog\/wp-content\/uploads\/2013\/01\/feldberg-gipfel12kite130108.jpg 639w\" sizes=\"auto, (max-width: 180px) 100vw, 180px\" \/><\/a>\u00a0\u00a0\u00a0\u00a0\u00a0\u00a0\u00a0\u00a0\u00a0 <a href=\"https:\/\/www.freiburg-schwarzwald.de\/blog\/sport\/sportlern\/ski\/snowkiting\/feldberg-gipfel13kite130108\/\" rel=\"attachment wp-att-19865\"><img loading=\"lazy\" decoding=\"async\" class=\"alignnone size-thumbnail wp-image-19865\" title=\"feldberg-gipfel13kite130108\" src=\"https:\/\/www.freiburg-schwarzwald.de\/blog\/wp-content\/uploads\/2013\/01\/feldberg-gipfel13kite130108-144x180.jpg\" alt=\"\" width=\"144\" height=\"180\" srcset=\"https:\/\/www.freiburg-schwarzwald.de\/blog\/wp-content\/uploads\/2013\/01\/feldberg-gipfel13kite130108-144x180.jpg 144w, https:\/\/www.freiburg-schwarzwald.de\/blog\/wp-content\/uploads\/2013\/01\/feldberg-gipfel13kite130108-512x640.jpg 512w, https:\/\/www.freiburg-schwarzwald.de\/blog\/wp-content\/uploads\/2013\/01\/feldberg-gipfel13kite130108.jpg 514w\" sizes=\"auto, (max-width: 144px) 100vw, 144px\" \/><\/a>\u00a0\u00a0\u00a0\u00a0\u00a0\u00a0\u00a0\u00a0\u00a0 <a href=\"https:\/\/www.freiburg-schwarzwald.de\/blog\/sport\/sportlern\/ski\/snowkiting\/feldberg-gipfel14kite130108\/\" rel=\"attachment wp-att-19866\"><img loading=\"lazy\" decoding=\"async\" class=\"alignnone size-thumbnail wp-image-19866\" title=\"feldberg-gipfel14kite130108\" src=\"https:\/\/www.freiburg-schwarzwald.de\/blog\/wp-content\/uploads\/2013\/01\/feldberg-gipfel14kite130108-180x142.jpg\" alt=\"\" width=\"180\" height=\"142\" srcset=\"https:\/\/www.freiburg-schwarzwald.de\/blog\/wp-content\/uploads\/2013\/01\/feldberg-gipfel14kite130108-180x142.jpg 180w, https:\/\/www.freiburg-schwarzwald.de\/blog\/wp-content\/uploads\/2013\/01\/feldberg-gipfel14kite130108.jpg 639w\" sizes=\"auto, (max-width: 180px) 100vw, 180px\" \/><\/a><br \/>\n(1) Blick nach S\u00fcdosten\u00a0\u00a0\u00a0\u00a0\u00a0\u00a0\u00a0\u00a0\u00a0\u00a0\u00a0\u00a0\u00a0\u00a0\u00a0\u00a0\u00a0\u00a0\u00a0\u00a0\u00a0\u00a0\u00a0\u00a0\u00a0\u00a0\u00a0 (2) Blick nach Norden\u00a0\u00a0\u00a0\u00a0\u00a0\u00a0\u00a0\u00a0\u00a0\u00a0\u00a0\u00a0\u00a0\u00a0\u00a0\u00a0\u00a0 (3) Blick nach Nordwesten<\/p>\n<p>(1-3) Am Gr\u00fcblesattel auf dem Feldberg zwischen Birmarckturm und Feldberg-Gipfelturm am 8.1.2013: Sonne, Wind, um die 0 Grad, leicht verharschter Schnee, der nicht einsinken l\u00e4sst: Ideal zum Snowkiten.<\/p>\n<p align=\"left\">\u00a0<\/p>\n<p align=\"left\"><a name=\"Kiteschule Skywalker am Feldberg\"><\/a><strong>Kiteschule Skywalker am Feldberg<\/strong><\/p>\n<p align=\"left\">&#8222;Ab 18. Dezember 2005 bietet die Kiteschule Skywalker, in Zusammenarbeit mit der seit Jahrzehnten erfolgreichen Wintersport-Schule-Thoma, 2-Tageskurse zum Erlernen des Snowkitens an. In einem einfuehrenden Theorieteil erfahren die Schueler die Grundlagen, die zum Fliegen eines Kites notwendig sind (Sicherheit, Gelaendewahl, Windfenster etc.). Nach den ersten Fluguebungen mit Trainingskites, werden Sie schrittweise an das Fliegen mit groesseren Kites herangefuehrt (sicheres Starten, Landen und das Abfliegen des Windfensters). Danach wird auf dem Uebungsgelaende das Erlernte weiter gefestigt.&#8220;<\/p>\n<p align=\"left\">Wer Snowkiten lernen will, sollte Skifahren k\u00f6nnen und mindestens 14 Jahre alt sein. Der Kurs der Snowkite-Schule Skywalker vermittelt theoretische Grundlagen, kl\u00e4rt Ausr\u00fcstungsfragen und f\u00fchrt Anf\u00e4nger Schritt f\u00fcr Schritt an die Technik heran. Absolventen des Zwei-Tages-Kurses k\u00f6nnen eine Pr\u00fcfung ablegen. Die damit erworbene Lizenz berechtigt, bei der Skywalker-Schule und anderen KSA-Schulen eine Kite-Ausr\u00fcstung auszuleihen.<br \/>\n\u00a0<br \/>\nSnowkite-Schule Skywalker am Feldberg, Tel.\u00a00176\/20404211, Christoph Volk,<br \/>\n<a title=\"\" href=\"https:\/\/www.kiteschule-skywalker.de\/\" target=\"_blank\">https:\/\/www.kiteschule-skywalker.de<\/a>\u00a0<!-- RSPEAK_STOP -->\u00a0<\/p>\n<p>&nbsp;<\/p>\n<p align=\"left\">\u00a0<\/p>\n<p align=\"left\"><a name=\"Snowkiteschule Schwarzwald-Baar\"><\/a><strong>Snowkiteschule Schwarzwald-Baar<\/strong><\/p>\n<p align=\"left\">Sonnenstrasse 38, 78073 Bad D\u00fcrrheim, Tel 07726\/1244, 0175\/5869230<br \/>\n<a href=\"mailto:info@snowkiteschule-baar.de\">info@snowkiteschule-baar.de<\/a> , <a href=\"https:\/\/www.snowkiteschule-baar.de\/\">www.snowkiteschule-baar.de<\/a><\/p>\n<p align=\"left\">\u00a0<\/p>\n<p align=\"left\"><strong><span>GlobalXTeam in Villingen<\/span><\/strong><\/p>\n<p align=\"left\"><span>Benny, Klosterring 13, 78050 VS-Villingen, Tel 01762406775<br \/>\n<a href=\"https:\/\/www.globalxteam.com\/\">www.globalxteam.com<\/a><br \/>\n<\/span>Kiteshop in Villingen-Schwenningen. Wir bieten alles rund ums Kitesurfen und Snwokiten an. Snowkitekurse am Seebuck\/Feldberg sowie auf verschiedenen Spots im Schwarzwald. Kitekurse in Beauduc\/Frankreich sowie Santa Croce\/Italien, Suedafrika. Geschenkgutscheine! Gruppen- und Firmenevents und vieles mehr&#8230;&#8230;<\/p>\n<p align=\"left\">\u00a0<\/p>\n<div id=\"attachment_19755\" style=\"width: 649px\" class=\"wp-caption alignnone\"><a href=\"https:\/\/www.freiburg-schwarzwald.de\/blog\/kultur\/dichter\/literatur\/bookcrossing\/feldberg-nebel-alpen-pan130108\/\" rel=\"attachment wp-att-19755\"><img loading=\"lazy\" decoding=\"async\" aria-describedby=\"caption-attachment-19755\" class=\" wp-image-19755 \" title=\"feldberg-nebel-alpen-pan130108\" src=\"https:\/\/www.freiburg-schwarzwald.de\/blog\/wp-content\/uploads\/2013\/01\/feldberg-nebel-alpen-pan130108.jpg\" alt=\"\" width=\"639\" height=\"217\" srcset=\"https:\/\/www.freiburg-schwarzwald.de\/blog\/wp-content\/uploads\/2013\/01\/feldberg-nebel-alpen-pan130108.jpg 639w, https:\/\/www.freiburg-schwarzwald.de\/blog\/wp-content\/uploads\/2013\/01\/feldberg-nebel-alpen-pan130108-180x61.jpg 180w\" sizes=\"auto, (max-width: 639px) 100vw, 639px\" \/><\/a><p id=\"caption-attachment-19755\" class=\"wp-caption-text\">Blick vom Feldberggipfel nach S\u00fcdosten zum Bismarckturm links, Snowkite Mitte und zu den Alpen am 8.1.2013<\/p><\/div>\n<p>\u00a0<br \/>\n<strong>Snowkiten am Feldberg mit Chris Volk<\/strong><\/p>\n<p>Vor sechs Jahren startete Chris Volk seine Snowkite-Schule Skywalker. Zuvor hatte er als 27-j\u00e4hriger Student den Kitesport in Australien entdeckt. Nur dass es dort um einige Grad w\u00e4rmer war und man im Meer auf den Wellen kitete. Fasziniert von dem Gedanken, den Sport auch im Winter auszu\u00fcben und anderen beizubringen, er\u00f6ffnete der Skilehrer sp\u00e4ter seine Snowkite-Schule&#8230;..<br \/>\nAlles vom 15.3.2013 bitte lesen auf<br \/>\n<a href=\"https:\/\/www.badische-zeitung.de\/freizeittipps\/luv-lee-und-ein-biss-in-den-schnee--70014493.html\">https:\/\/www.badische-zeitung.de\/freizeittipps\/luv-lee-und-ein-biss-in-den-schnee&#8211;70014493.html<\/a><\/p>\n<p>&nbsp;<\/p>\n<p><strong>Snowkiten erlernen zwischen Feldbergturm und Gr\u00fcblesattel<\/strong><\/p>\n<p>Die Wiege des Skisports in Deutschland steht am Feldberg, seit der franz\u00f6sische Konsulatssekret\u00e4r Dr. Pilet 1891 mit Skiern den Feldberg bestieg und wieder heil zum Feldberger Hof abfuhr. Nun sind wieder Ski-Pioniere auf einem breiten oder zwei schmalen Bettern sowie einem Schirm dort anzutreffen &#8211; sie fr\u00f6nen dem Snowkiting zwischen <a title=\"Feldberg-Gipfel\" href=\"https:\/\/www.freiburg-schwarzwald.de\/blog\/regio\/berge\/feldberg-gipfel\/\">Feldberg-Gipfel<\/a> und Gr\u00fcblesattel.<\/p>\n<p>Die <a href=\"https:\/\/www.freiburg-schwarzwald.de\/snowkite.htm#Kiteschule Skywalker am Feldberg\">Kiteschule-Skywalker<\/a> sucht nach Nachwuchstalenten im Snowkiten und m\u00f6chte vom 4. bis 6. Januar 2007 das Ski-Kiting mit einem &#8222;Tag der offenen T\u00fcr&#8220; einem breiten Publikum vorstellen. Gegr\u00fcndet wurde Skywalker vor zwei Jahren von Christoph Volk und seine Leidenschaft f\u00fchrte ihn oft an den Feldberg.<br \/>\nDie Idee des Snowkiten, also nicht nur im Sommer auf dem Wasser zu kiten, sondern auch im Winter mit Skiern das Gef\u00fchl von Geschwindigkeit und Adrenalin zu bekommen, wurde in den 1990er Jahren das erste Mal auf dem Schnee praktiziert und seit dem w\u00e4chst die Anh\u00e4ngerzahl stetig an. Die Kurse finden, mit Ausnahmen, an Wochenenden statt und die Kursteilnehmerzahl \u00fcbersteigt nie mehr als vier Personen pro Kurs. F\u00fcr die Teilnahme werden keine Vorkenntnisse vorausgesetzt, meint Christoph Volk. Vom Anf\u00e4nger auf Skiern oder dem Snowboard bis zum &#8222;Profi&#8220; werden die Teilnehmer unterrichtet. Das Risiko bei dieser noch jungen Sportart h\u00e4lt Volk f\u00fcr nicht gr\u00f6\u00dfer wie beim alpinen Skifahren oder dem Snowboardfahren. Allerdings hat diese exklusive Variante des Wintersports auch ihren Preis. F\u00fcr einen Zweitageskurs m\u00fcssen die Skifahrer unter dem Schirm schon mit Kosten von knapp 200 Euro rechnen. Ein Kurs, der sich \u00fcber einen Tag erstreckt, schl\u00e4gt mit rund 100 Euro zu Buche.<br \/>\nAuf dem Seebuck, wo auch schon SWR-Moderatorin Annette Krause sich f\u00fcr die Landesschau als Snow-Kiterin versuchte, herrschen meist gute Windbedingungen, so dass sich die Skifahrer von ihrem Schirm ziehen lassen k\u00f6nnen und die etwas mehr Ge\u00fcbteren haben auch die Gelegenheit einige wagemutigen Spr\u00fcnge vor der Kulisse des Feldbergturms auszuf\u00fchren. Dabei muss den Kite-Sch\u00fclern aber auch der den Unterricht erteilenden Snowkiteschule Skywalker auch stets bewusst sein, dass sie sich auch mitten in einem Naturschutzgebiet befinden. Die Prinzipien sind deshalb das sichere Schulen mit einem umfassenden Theorieteil der werdenden Snowkiter. Und die Sicherheit steht bei den Schulungen auf dem H\u00f6chsten dabei an erste Stelle und somit gilt die Sicherheit nat\u00fcrlich auch der Natur.<br \/>\n28.12.2007, <a href=\"https:\/\/www.suedkurier.de\/\">www.suedkurier.de<\/a><\/p>\n","protected":false},"excerpt":{"rendered":"<p>Home &gt;Sport &gt;Sportlern &gt;Ski &gt;Snowkiting &nbsp; Snowkiten am Feldberg mit Chris Volk (15.3.2013) Kitesurfen in Schollach auf den Wiesen beim Schneckenhof &gt;Snowkite (16.2.2008) Snowkiten erlernen zwischen Feldbergturm und Gr\u00fcblesattel (28.12.2007) \u00a0 Was ist Sknowkiten? GlobalXTeam in Villingen Kiteschule Skywalker am &hellip; <a href=\"https:\/\/www.freiburg-schwarzwald.de\/blog\/sport\/sportlern\/ski\/snowkiting\/\">Weiterlesen <span class=\"meta-nav\">&rarr;<\/span><\/a><\/p>\n","protected":false},"author":4,"featured_media":0,"parent":16840,"menu_order":0,"comment_status":"open","ping_status":"closed","template":"","meta":{"footnotes":""},"class_list":["post-19840","page","type-page","status-publish","hentry"],"_links":{"self":[{"href":"https:\/\/www.freiburg-schwarzwald.de\/blog\/wp-json\/wp\/v2\/pages\/19840","targetHints":{"allow":["GET"]}}],"collection":[{"href":"https:\/\/www.freiburg-schwarzwald.de\/blog\/wp-json\/wp\/v2\/pages"}],"about":[{"href":"https:\/\/www.freiburg-schwarzwald.de\/blog\/wp-json\/wp\/v2\/types\/page"}],"author":[{"embeddable":true,"href":"https:\/\/www.freiburg-schwarzwald.de\/blog\/wp-json\/wp\/v2\/users\/4"}],"replies":[{"embeddable":true,"href":"https:\/\/www.freiburg-schwarzwald.de\/blog\/wp-json\/wp\/v2\/comments?post=19840"}],"version-history":[{"count":0,"href":"https:\/\/www.freiburg-schwarzwald.de\/blog\/wp-json\/wp\/v2\/pages\/19840\/revisions"}],"up":[{"embeddable":true,"href":"https:\/\/www.freiburg-schwarzwald.de\/blog\/wp-json\/wp\/v2\/pages\/16840"}],"wp:attachment":[{"href":"https:\/\/www.freiburg-schwarzwald.de\/blog\/wp-json\/wp\/v2\/media?parent=19840"}],"curies":[{"name":"wp","href":"https:\/\/api.w.org\/{rel}","templated":true}]}}