{"id":19586,"date":"2013-01-06T11:18:30","date_gmt":"2013-01-06T10:18:30","guid":{"rendered":"https:\/\/www.freiburg-schwarzwald.de\/blog\/?page_id=19586"},"modified":"2013-01-06T11:22:03","modified_gmt":"2013-01-06T10:22:03","slug":"haiti","status":"publish","type":"page","link":"https:\/\/www.freiburg-schwarzwald.de\/blog\/global\/haiti\/","title":{"rendered":"Haiti"},"content":{"rendered":"<p>Home &gt;<a title=\"Global\" href=\"https:\/\/www.freiburg-schwarzwald.de\/blog\/global\/\">Global<\/a> &gt;Haiti<\/p>\n<div id=\"attachment_15779\" style=\"width: 649px\" class=\"wp-caption alignnone\"><a href=\"https:\/\/www.freiburg-schwarzwald.de\/blog\/regio\/berge\/schauinsland\/schauinslandturm\/schauinslandturm1abendsonne-pan121115\/\" rel=\"attachment wp-att-15779\"><img loading=\"lazy\" decoding=\"async\" aria-describedby=\"caption-attachment-15779\" class=\"size-full wp-image-15779\" title=\"schauinslandturm1abendsonne-pan121115\" src=\"https:\/\/www.freiburg-schwarzwald.de\/blog\/wp-content\/uploads\/2012\/11\/schauinslandturm1abendsonne-pan121115.jpg\" alt=\"\" width=\"639\" height=\"223\" srcset=\"https:\/\/www.freiburg-schwarzwald.de\/blog\/wp-content\/uploads\/2012\/11\/schauinslandturm1abendsonne-pan121115.jpg 639w, https:\/\/www.freiburg-schwarzwald.de\/blog\/wp-content\/uploads\/2012\/11\/schauinslandturm1abendsonne-pan121115-180x62.jpg 180w\" sizes=\"auto, (max-width: 639px) 100vw, 639px\" \/><\/a><p id=\"caption-attachment-15779\" class=\"wp-caption-text\">Blick vom Schauinslandturm \u00fcbers neblige M\u00fcnstertal und Rheintal am 15.11.2012<\/p><\/div>\n<p>&nbsp;<\/p>\n<p>&nbsp;<\/p>\n<ul>\n<li><a href=\"https:\/\/www.freiburg-schwarzwald.de\/haiti.htm#Unternehmensberatung Lange Erfolg spendet 20000 Euro an S\u00fcdbaden Hilft\">Unternehmensberatung &#8222;Lange Erfolg&#8220; spendet 20000 Euro an S\u00fcdbaden Hilft<\/a> &gt;Haiti<\/li>\n<li><a href=\"https:\/\/www.freiburg-schwarzwald.de\/schauinslandkoenig.htm#Mitmachen am 24.Juli: Caritas-Team radelt f\u00fcr S\u00fcdbaden hilft bzw. Haiti\">Mitmachen 24.Juli: Caritas-Team radelt f\u00fcr &#8222;S\u00fcdbaden hilft\/Haiti&#8220;<\/a> &gt;Schauinslandkoenig (20.7.11)<\/li>\n<li><a href=\"https:\/\/www.freiburg-schwarzwald.de\/muenstertal-haiti.htm#Rundbrief Dezember 2010 - weitere Haiti-Hilfe erforderlich\">Rundbrief Dezember 2010 &#8211; weitere Haiti-Hilfe erforderlich<\/a> &gt;Muenstertal-Haiti (24.12.2010)<\/li>\n<li><a href=\"https:\/\/www.freiburg-schwarzwald.de\/haiti.htm#St\u00e4nde von S\u00fcdbaden hilft am Rathaus brachten 3300 Euro\">St\u00e4nde von &#8222;S\u00fcdbaden hilft&#8220; am Rathaus brachten 3300 Euro<\/a> &gt;Haiti (20.12.2010)<\/li>\n<li><a href=\"https:\/\/www.freiburg-schwarzwald.de\/haiti.htm#S\u00fcdbaden hilft: Spendenstand Weihnachtsmarkt am Freiburger Rathaus\">S\u00fcdbaden hilft: Spendenstand Weihnachtsmarkt am Freiburger Rathaus<\/a> &gt;Haiti (26.11.2010)<\/li>\n<li><a href=\"https:\/\/www.freiburg-schwarzwald.de\/haiti.htm#Susanne Meiser elf Wochen f\u00fcr \u00c4rzte ohne Grenzen\">Susanne Meiser elf Wochen f\u00fcr &#8222;\u00c4rzte ohne Grenzen&#8220;<\/a>\u00a0 (31.8.2010)<\/li>\n<li><a href=\"https:\/\/www.freiburg-schwarzwald.de\/haiti.htm#Rundbrief Juni 2010\">Rundbrief Juni 2010<\/a> &gt;Haiti (30.6.2010<\/li>\n<li><a href=\"https:\/\/www.freiburg-schwarzwald.de\/muenstertal-haiti.htm#News 7 von Anneliese: Immer noch Nachbeben, Regen\">News 7 von Anneliese: Immer noch Nachbeben, Regen<\/a> &gt;Muenstertal-Haiti (12.3.2010)<\/li>\n<li><a href=\"https:\/\/www.freiburg-schwarzwald.de\/haiti.htm#Kinder in Freiburg-Wiehre helfen Kindern in Haiti\">Kinder in Freiburg-Wiehre helfen Kindern in Haiti<\/a> &gt;Haiti (5.3.2010)<\/li>\n<li><a href=\"https:\/\/www.freiburg-schwarzwald.de\/haiti.htm#S\u00fcdbaden hilft Behindertenzentrum in L\u00e9og\u00e2ne\">S\u00fcdbaden hilft Behindertenzentrum in L\u00e9og\u00e2ne<\/a> (5.3.2010)<\/li>\n<li><a href=\"https:\/\/www.freiburg-schwarzwald.de\/haiti.htm#Bericht von Thomas Schaffner: Gonaives, Treffen mit Anneliese\">Bericht von Thomas Schaffner: Gonaives, Treffen mit Anneliese<\/a> &gt;Haiti (19.2.2010)<\/li>\n<li><a href=\"https:\/\/www.freiburg-schwarzwald.de\/haiti.htm#Schweiz 8 Mio USD von Baby Doc nicht an Haiti \u00fcbergeben wegen Verj\u00e4hrung\">Schweiz kann 8 Mio USD von Baby Doc nicht an Haiti \u00fcbergeben wegen Verj\u00e4hrung?<\/a> (8.2.)<\/li>\n<li><a href=\"https:\/\/www.freiburg-schwarzwald.de\/haiti.htm#Kinderdorf in Gonaives: Hilfe aus Teningen und B\u00f6tzingen\">Kinderdorf in Gonaives: Hilfe aus Teningen und B\u00f6tzingen<\/a> &gt;Haiti (6.2.2010)<\/li>\n<li><a href=\"https:\/\/www.freiburg-schwarzwald.de\/titisee3.htm#Jugendmusikschule Hochschwarzwald spielt am 21.2. f\u00fcr Haiti\">Jugendmusikschule Hochschwarzwald spielt am 21.2. f\u00fcr Haiti<\/a> &gt;Titisee3 (4.2.2010)<\/li>\n<li><a href=\"https:\/\/www.freiburg-schwarzwald.de\/haiti.htm#Initiativen aus der Region: Erdbebenhilfe - Vorort im Einsatz\">Initiativen aus der Region: Erdbebenhilfe &#8211; Vorort im Einsatz<\/a> &gt;Haiti (26.1.2010)<\/li>\n<li><a href=\"https:\/\/www.freiburg-schwarzwald.de\/haiti.htm#Verarmte Bauern in Haiti, Werbung behindert, Biolandbau\">Verarmte Bauern in Haiti, Werbung behindert, Biolandbau<\/a> &gt;Haiti (25.1.2010)<\/li>\n<li><a href=\"https:\/\/www.freiburg-schwarzwald.de\/haiti.htm#S\u00fcdbaden hilft: Benefiz f\u00fcr Haiti am 7.2. im SWR-Studio FR\">S\u00fcdbaden hilft: Benefiz f\u00fcr Haiti am 7.2. im SWR-Studio FR<\/a> &gt;Haiti (25.1.2010)<\/li>\n<li><a href=\"https:\/\/www.freiburg-schwarzwald.de\/muenstertal-haiti.htm#Lebenszeichen von Anneliese nach den Erdbeben\">Lebenszeichen von Anneliese nach den Erdbeben<\/a> &gt;Muenstertal-Haiti (21.1.2010)<\/li>\n<li><a href=\"https:\/\/www.freiburg-schwarzwald.de\/haiti.htm#Wir sollten unser Entsetzen nicht mit Emp\u00f6rung verdr\u00e4ngen\">Wir sollten unser Entsetzen nicht mit Emp\u00f6rung verdr\u00e4ngen<\/a> &gt;Haiti (20.1.2010)<\/li>\n<li><a href=\"https:\/\/www.freiburg-schwarzwald.de\/einewelt5.htm#Arzt Thomas Moch aus Breitnau: Katastrophenhelfer auch in Thaiti\">Arzt Thomas Moch aus Breitnau: Katastrophenhelfer auch in Thaiti<\/a> &gt;EineWelt5 (16.1.2010)<\/li>\n<li><a href=\"https:\/\/www.freiburg-schwarzwald.de\/muenstertal-haiti.htm#Kinder und Anneliese Gutmann sind unversehrt\">Kinder und Anneliese Gutmann sind unversehrt<\/a> &gt;Muenstertal-Haiti (16.1.2010)<br \/>\n\u00a0<\/li>\n<li><a href=\"https:\/\/www.freiburg-schwarzwald.de\/haiti.htm#Kinderdorf in Gonaives - Hilfe aus B\u00f6tzingen\">Haiti &#8211; Kinderdorf in Gonaives &#8211; Hilfe aus B\u00f6tzingen<\/a> &gt;Haiti<\/li>\n<li><a href=\"https:\/\/www.freiburg-schwarzwald.de\/haiti\/index.htm\">Haiti &#8211; Kinderspeisung &#8211; Foundation e.V. humanit\u00e4re Hilfe<\/a> &gt;Muenstertal-Haiti<\/li>\n<li><\/li>\n<li><a href=\"https:\/\/www.freiburg-schwarzwald.de\/haiti.htm#S\u00fcdbaden hilft\">S\u00fcdbaden hilft<\/a> &gt;Haiti (19.10.2010)<\/li>\n<li><a href=\"https:\/\/www.freiburg-schwarzwald.de\/haiti.htm#Links\">Links<\/a><\/li>\n<\/ul>\n","protected":false},"excerpt":{"rendered":"<p>Home &gt;Global &gt;Haiti &nbsp; &nbsp; Unternehmensberatung &#8222;Lange Erfolg&#8220; spendet 20000 Euro an S\u00fcdbaden Hilft &gt;Haiti Mitmachen 24.Juli: Caritas-Team radelt f\u00fcr &#8222;S\u00fcdbaden hilft\/Haiti&#8220; &gt;Schauinslandkoenig (20.7.11) Rundbrief Dezember 2010 &#8211; weitere Haiti-Hilfe erforderlich &gt;Muenstertal-Haiti (24.12.2010) St\u00e4nde von &#8222;S\u00fcdbaden hilft&#8220; am Rathaus brachten &hellip; <a href=\"https:\/\/www.freiburg-schwarzwald.de\/blog\/global\/haiti\/\">Weiterlesen <span class=\"meta-nav\">&rarr;<\/span><\/a><\/p>\n","protected":false},"author":4,"featured_media":0,"parent":27,"menu_order":0,"comment_status":"open","ping_status":"closed","template":"","meta":{"footnotes":""},"class_list":["post-19586","page","type-page","status-publish","hentry"],"_links":{"self":[{"href":"https:\/\/www.freiburg-schwarzwald.de\/blog\/wp-json\/wp\/v2\/pages\/19586","targetHints":{"allow":["GET"]}}],"collection":[{"href":"https:\/\/www.freiburg-schwarzwald.de\/blog\/wp-json\/wp\/v2\/pages"}],"about":[{"href":"https:\/\/www.freiburg-schwarzwald.de\/blog\/wp-json\/wp\/v2\/types\/page"}],"author":[{"embeddable":true,"href":"https:\/\/www.freiburg-schwarzwald.de\/blog\/wp-json\/wp\/v2\/users\/4"}],"replies":[{"embeddable":true,"href":"https:\/\/www.freiburg-schwarzwald.de\/blog\/wp-json\/wp\/v2\/comments?post=19586"}],"version-history":[{"count":0,"href":"https:\/\/www.freiburg-schwarzwald.de\/blog\/wp-json\/wp\/v2\/pages\/19586\/revisions"}],"up":[{"embeddable":true,"href":"https:\/\/www.freiburg-schwarzwald.de\/blog\/wp-json\/wp\/v2\/pages\/27"}],"wp:attachment":[{"href":"https:\/\/www.freiburg-schwarzwald.de\/blog\/wp-json\/wp\/v2\/media?parent=19586"}],"curies":[{"name":"wp","href":"https:\/\/api.w.org\/{rel}","templated":true}]}}