{"id":19382,"date":"2013-01-02T19:40:07","date_gmt":"2013-01-02T18:40:07","guid":{"rendered":"https:\/\/www.freiburg-schwarzwald.de\/blog\/?page_id=19382"},"modified":"2020-11-05T16:02:12","modified_gmt":"2020-11-05T15:02:12","slug":"oberrheinkonferenz","status":"publish","type":"page","link":"https:\/\/www.freiburg-schwarzwald.de\/blog\/regio\/trirhena\/oberrheinkonferenz\/","title":{"rendered":"Oberrheinkonferenz"},"content":{"rendered":"<p>Home &gt;<a title=\"Regio\" href=\"https:\/\/www.freiburg-schwarzwald.de\/blog\/regio\/\">Regio<\/a> &gt;<a title=\"Trirhena\" href=\"https:\/\/www.freiburg-schwarzwald.de\/blog\/regio\/trirhena\/\">TriRhena<\/a> &gt;Oberrheinkonferenz<\/p>\n<div id=\"attachment_109\" style=\"width: 612px\" class=\"wp-caption alignnone\"><a href=\"https:\/\/www.freiburg-schwarzwald.de\/blog\/selbsthilfe\/chronisch\/feldberg10pan-080123-2\/\" rel=\"attachment wp-att-109\"><img loading=\"lazy\" decoding=\"async\" aria-describedby=\"caption-attachment-109\" class=\"size-full wp-image-109\" title=\"feldberg10pan-080123\" src=\"https:\/\/www.freiburg-schwarzwald.de\/blog\/wp-content\/uploads\/2012\/03\/feldberg10pan-0801231.jpg\" alt=\"\" width=\"602\" height=\"185\" srcset=\"https:\/\/www.freiburg-schwarzwald.de\/blog\/wp-content\/uploads\/2012\/03\/feldberg10pan-0801231.jpg 602w, https:\/\/www.freiburg-schwarzwald.de\/blog\/wp-content\/uploads\/2012\/03\/feldberg10pan-0801231-180x55.jpg 180w\" sizes=\"auto, (max-width: 602px) 100vw, 602px\" \/><\/a><p id=\"caption-attachment-109\" class=\"wp-caption-text\">Blick vom Feldberg-Gr\u00fcble zwischen Seebuck und Todtnauer H\u00fctte nach S\u00fcdwesten am 23.1.2008<\/p><\/div>\n<ul>\n<li><a href=\"https:\/\/www.freiburg-schwarzwald.de\/blog\/elsass-geschichte-zweisprachig\/\">Elsass-Geschichte: zweisprachig<\/a>\u00a0(5.11.2020)<\/li>\n<li><a title=\"Zweisprachiges Elsass \u2013 Alsace bilingue\" href=\"https:\/\/www.freiburg-schwarzwald.de\/blog\/zweisprachiges-elsass-alsace-bilingue\/\">Zweisprachiges Elsass \u2013 Alsace bilingue<\/a>\u00a0(21.1.2020)<\/li>\n<li><a href=\"https:\/\/www.freiburg-schwarzwald.de\/blog\/berufsausbildung-grenzenlos\/\">https:\/\/www.freiburg-schwarzwald.de\/blog\/berufsausbildung-grenzenlos\/<\/a> (6.2.2014)<\/li>\n<li><\/li>\n<li>Oberrheinkonferenz ORK<\/li>\n<li>Arbeitsgruppen der Oberrheinkonferenz<\/li>\n<li>Landschaft des Jahres 2013\/2014 \u2013 Oberrhein \u2013 Vall\u00e9e du Rhin Sup\u00e9rieur<\/li>\n<li><a title=\"Oberrheinrat\" href=\"https:\/\/www.freiburg-schwarzwald.de\/blog\/regio\/trirhena\/oberrheinrat\/\">Oberrheinrat<\/a><\/li>\n<li><a title=\"TMO\" href=\"https:\/\/www.freiburg-schwarzwald.de\/blog\/regio\/trirhena\/tmo\/\">TMO &#8211; Trinationale Metropolregion Oberrhein<\/a><\/li>\n<\/ul>\n<p>&nbsp;<\/p>\n<p><a href=\"https:\/\/www.freiburg-schwarzwald.de\/blog\/regio\/trirhena\/oberrheinkonferenz\/herbolzheim12nov\/\" rel=\"attachment wp-att-21967\"><img loading=\"lazy\" decoding=\"async\" class=\"alignnone size-thumbnail wp-image-21967\" title=\"herbolzheim12nov\" src=\"https:\/\/www.freiburg-schwarzwald.de\/blog\/wp-content\/uploads\/2013\/01\/herbolzheim12nov-180x144.jpg\" alt=\"\" width=\"180\" height=\"144\" srcset=\"https:\/\/www.freiburg-schwarzwald.de\/blog\/wp-content\/uploads\/2013\/01\/herbolzheim12nov-180x144.jpg 180w, https:\/\/www.freiburg-schwarzwald.de\/blog\/wp-content\/uploads\/2013\/01\/herbolzheim12nov.jpg 640w\" sizes=\"auto, (max-width: 180px) 100vw, 180px\" \/><\/a><br \/>\n(1) Spargelfeld bei Herbolzheim im November 2012<\/p>\n<p>&nbsp;<\/p>\n<p><strong>Oberrheinkonferenz ORK<\/strong><\/p>\n<p><em>Die im Dezember 2010 anerkannte Trinationale Metropolregion Oberrhein, kurz <a title=\"TMO\" href=\"https:\/\/www.freiburg-schwarzwald.de\/blog\/regio\/trirhena\/tmo\/\">TMO<\/a>, bildet das gemeinsame Dach der vier Hauptpartner <a title=\"Oberrheinrat\" href=\"https:\/\/www.freiburg-schwarzwald.de\/blog\/regio\/trirhena\/oberrheinrat\/\">Oberrheinrat<\/a>, Oberrheinkonferenz, St\u00e4dtenetz und <a title=\"Eurodistrict\" href=\"https:\/\/www.freiburg-schwarzwald.de\/blog\/regio\/trirhena\/eurodistrict\/\">Eurodistrikte<\/a><\/em>.<\/p>\n<p>Gemeinsames Sekretariat der Deutsch-franz\u00f6sisch-schweizerischen Oberrheinkonferenz<br \/>\nRehfusplatz 11, D &#8211; 77694 Kehl<br \/>\nTel: +49 7851 93 49 0<br \/>\n<a href=\"https:\/\/www.oberrheinkonferenz.org\">https:\/\/www.oberrheinkonferenz.org<\/a>\u00a0, <a href=\"https:\/\/www.oberrheinkonferenz.de\">www.oberrheinkonferenz.de<\/a><\/p>\n<p>Die Zusammenarbeit am Oberrhein zwischen den Regierungs- und Verwaltungsbeh\u00f6rden, die schon seit 1975 institutionalisiert ist, wurde 1991 in der Oberrheinkonferenz geb\u00fcndelt. Vertreten sind in ihr vor allem die Regionalverwaltungen aus Frankreich (Elsass), Deutschland (Rheinland-Pfalz und Baden-W\u00fcrttemberg) und der Schweiz (Kantone Basel Stadt und Land sowie Aargau, Jura und Solothurn); zwischen ihnen wechselt allj\u00e4hrlich der Vorsitz.<\/p>\n<p><strong>Arbeitsgruppen der Oberrheinkonferenz ORK<\/strong><\/p>\n<p>Die Oberrheinkonferenz richtet zu den von ihr behandelten Themen trinational besetzte st\u00e4ndige Arbeitsgruppen ein. Die deutschen, franz\u00f6sischen und schweizerischen Partnerbeh\u00f6rden stellen dazu ihre Fachleute zur Verf\u00fcgung. Zur Zeit sind zw\u00f6lf Arbeitsgruppen &#8211; mit ca. 35 Expertenaussch\u00fcssen &#8211; f\u00fcr die grenz\u00fcberschreitende Zusammenarbeit im Rahmen der Oberrheinkonferenz t\u00e4tig:<\/p>\n<ul>\n<li><a title=\"Erziehung und Bildung\" href=\"https:\/\/www.oberrheinkonferenz.de\/de\/themen-und-projekte\/erziehung-und-bildung\/\">Erziehung und Bildung<\/a><\/li>\n<li><a title=\"Gesundheit\" href=\"https:\/\/www.oberrheinkonferenz.de\/de\/themen-und-projekte\/gesundheit\/\">Gesundheit<\/a><\/li>\n<li><a title=\"Jugend\" href=\"https:\/\/www.oberrheinkonferenz.de\/de\/themen-und-projekte\/jugend\/\">Jugend<\/a><\/li>\n<li><a title=\"Katastrophenhilfe\" href=\"https:\/\/www.oberrheinkonferenz.de\/de\/themen-und-projekte\/katastrophenhilfe\/\">Katastrophenhilfe<\/a><\/li>\n<li><a title=\"Kultur\" href=\"https:\/\/www.oberrheinkonferenz.de\/de\/themen-und-projekte\/kultur\/\">Kultur<\/a><\/li>\n<li><a title=\"Raumordnung\" href=\"https:\/\/www.oberrheinkonferenz.de\/de\/themen-und-projekte\/raumordnung\/\">Raumordnung<\/a><\/li>\n<li><a title=\"Umwelt\" href=\"https:\/\/www.oberrheinkonferenz.de\/de\/themen-und-projekte\/umwelt\/\">Umwelt<\/a><\/li>\n<li><a title=\"Verkehr\" href=\"https:\/\/www.oberrheinkonferenz.de\/de\/themen-und-projekte\/verkehr\/\">Verkehr<\/a><\/li>\n<li><a title=\"Wirtschaft\" href=\"https:\/\/www.oberrheinkonferenz.de\/de\/themen-und-projekte\/wirtschaft\/\">Wirtschaft<\/a><\/li>\n<li><a href=\"https:\/\/www.oberrheinkonferenz.de\/de\/themen-und-projekte\/landwirtschaft\/\">Landwirtschaft<\/a><\/li>\n<li><a href=\"https:\/\/www.oberrheinkonferenz.de\/de\/themen-und-projekte\/klimaschutz\/\">Klimaschutz<\/a><\/li>\n<li><a href=\"https:\/\/www.oberrheinkonferenz.de\/de\/themen-und-projekte\/sport-am-oberrhein\/\">Sport<\/a><\/li>\n<\/ul>\n<p>&nbsp;<\/p>\n<p><strong>Landschaft des Jahres 2013\/2014 \u2013 Oberrhein \u2013 Vall\u00e9e du Rhin Sup\u00e9rieur<\/strong><\/p>\n<p>Die Naturfreunde Internationale (NFI) hat die Region Oberrhein im Dreil\u00e4ndereck Deutschland, Schweiz und Frankreich zur \u201eLandschaft des Jahres 2013\/2014 \u2013 Oberrhein \u2013 Vall\u00e9e du Rhin Sup\u00e9rieur&#8220; ernannt. Das Projektgebiet umfasst in Deutschland S\u00fcd- und Mittelbaden und die s\u00fcdliche Pfalz, in Frankreich das Elsass sowie in der Schweiz die Kantone Basel-Stadt, Basel-Land, Jura, Solothurn und Aargau.<\/p>\n<p>Landschaften des Jahres \u2013 Br\u00fccken in Europa: Bereits seit 1989 w\u00e4hlen die Naturfreunde \u2013 mit mehr als 500.000 Mitgliedern eine der weltweit gr\u00f6\u00dften Umweltschutzorganisationen \u2013 f\u00fcr jeweils zwei Jahre eine grenz\u00fcberschreitende und \u00f6kologisch wertvolle europ\u00e4ische Region zur Landschaft des Jahres. Die Naturfreunde setzen sich dabei f\u00fcr eine nachhaltige regionale Entwicklung und grenz\u00fcbergreifende zivilgesellschaftliche Kooperationen auf allen Ebenen ein. \u201eMit unserer mehr als 100-j\u00e4hrigen Tradition und unserem ehrenamtlichen Engagement ist es seit jeher unser Bestreben, die Nachhaltige Entwicklung von Umwelt und Gesellschaft aktiv mitzugestalten und internationale Solidarit\u00e4t \u00fcber Grenzen hinweg zu leben\u201c, erkl\u00e4rt Manfred Pils, der Pr\u00e4sident der Naturfreunde Internationale.<br \/>\nDie Landschaft des Jahres ist eine Regionalentwicklungsinitiative der Naturfreunde aus Deutschland, Frankreich und der Schweiz gemeinsam mit der Naturfreunde Internationale unter der Schirmherrschaft der Oberrheinkonferenz.<\/p>\n<p><a href=\"https:\/\/www.nfi.at\/index.php?option=com_content&amp;task=view&amp;id=513&amp;Itemid=207\">https:\/\/www.nfi.at\/index.php?option=com_content&amp;task=view&amp;id=513&amp;Itemid=207<\/a><br \/>\n<a href=\"https:\/\/www.nfi.at\">www.nfi.at<\/a><\/p>\n<p>&nbsp;<\/p>\n<p>Die Landschaft des Jahres 2013\/14 soll das Oberrheingebiet sein. Der Landesverband Baden mit den vielen Ortsgruppen werden zahlreiche Aktionen durchf\u00fchren. Auf diesen Seiten werden wir immer aktuelle Informationen zu diesem Thema haben.<br \/>\n<a href=\"https:\/\/www.baden.naturfreunde.de\/aktiv\/projekte\/landschaft-des-jahres.html\">https:\/\/www.baden.naturfreunde.de\/aktiv\/projekte\/landschaft-des-jahres.html<\/a><\/p>\n<p><strong>Naturfreunde Internationale<\/strong>, Anita Pinter:<br \/>\nDiefenbachgasse 36, A-1150 Wien<br \/>\nTel.: +43 1 892 38 77, E-Mail: <a href=\"mailto:anita.pinter@nf-int.org\">anita.pinter@nf-int.org<\/a> This e-mail address is being protected from spam bots, you need JavaScript enabled to view it<br \/>\nwww.nf-int.org<\/p>\n<p><strong>Naturfreunde Deutschlands<\/strong>, Helmut Esslinger:<br \/>\nNaturFreunde Baden, Alte Weingartener Str. 37, D-76227 Karlsruhe<br \/>\nTel.: +49 721 405096, E-Mail: <a href=\"mailto:helmut.esslinger@naturfreunde-baden.de\">helmut.esslinger@naturfreunde-baden.de<\/a> This e-mail address is being protected from spam bots, you need JavaScript enabled to view it<br \/>\nwww.naturfreunde.de<\/p>\n<p><strong>Naturfreunde Schweiz \u2013 Amis de la Nature Suisse<\/strong>,\u00a0 Edmond Rund:<br \/>\nPavillonweg 3, CH-3012 Bern<br \/>\nTel.: +41 31 306 67 67, E-Mail: <a href=\"mailto:edmond.rund@naturfreunde.ch\">edmond.rund@naturfreunde.ch<\/a> This e-mail address is being protected from spam bots, you need JavaScript enabled to view it<br \/>\nwww.naturfreunde.ch<\/p>\n<p><strong>F\u00e9d\u00e9ration Fran\u00e7aise Union Touristique les Amis de la Nature<\/strong>, Marie-Bernard Lefebvre-Dumont:<br \/>\n197, Rue Championnet, F-75018 Paris<br \/>\nTel.: +33 (1) 46 27 53 56, E-Mail: <a href=\"mailto:environnement@utan.asso.fr\">environnement@utan.asso.fr<\/a> This e-mail address is being protected from spam bots, you need JavaScript enabled to view it<br \/>\nwww.amis-nature.org<\/p>\n","protected":false},"excerpt":{"rendered":"<p>Home &gt;Regio &gt;TriRhena &gt;Oberrheinkonferenz Elsass-Geschichte: zweisprachig\u00a0(5.11.2020) Zweisprachiges Elsass \u2013 Alsace bilingue\u00a0(21.1.2020) https:\/\/www.freiburg-schwarzwald.de\/blog\/berufsausbildung-grenzenlos\/ (6.2.2014) Oberrheinkonferenz ORK Arbeitsgruppen der Oberrheinkonferenz Landschaft des Jahres 2013\/2014 \u2013 Oberrhein \u2013 Vall\u00e9e du Rhin Sup\u00e9rieur Oberrheinrat TMO &#8211; Trinationale Metropolregion Oberrhein &nbsp; (1) Spargelfeld bei Herbolzheim &hellip; <a href=\"https:\/\/www.freiburg-schwarzwald.de\/blog\/regio\/trirhena\/oberrheinkonferenz\/\">Weiterlesen <span class=\"meta-nav\">&rarr;<\/span><\/a><\/p>\n","protected":false},"author":4,"featured_media":0,"parent":825,"menu_order":0,"comment_status":"open","ping_status":"closed","template":"","meta":{"footnotes":""},"class_list":["post-19382","page","type-page","status-publish","hentry"],"_links":{"self":[{"href":"https:\/\/www.freiburg-schwarzwald.de\/blog\/wp-json\/wp\/v2\/pages\/19382","targetHints":{"allow":["GET"]}}],"collection":[{"href":"https:\/\/www.freiburg-schwarzwald.de\/blog\/wp-json\/wp\/v2\/pages"}],"about":[{"href":"https:\/\/www.freiburg-schwarzwald.de\/blog\/wp-json\/wp\/v2\/types\/page"}],"author":[{"embeddable":true,"href":"https:\/\/www.freiburg-schwarzwald.de\/blog\/wp-json\/wp\/v2\/users\/4"}],"replies":[{"embeddable":true,"href":"https:\/\/www.freiburg-schwarzwald.de\/blog\/wp-json\/wp\/v2\/comments?post=19382"}],"version-history":[{"count":1,"href":"https:\/\/www.freiburg-schwarzwald.de\/blog\/wp-json\/wp\/v2\/pages\/19382\/revisions"}],"predecessor-version":[{"id":84422,"href":"https:\/\/www.freiburg-schwarzwald.de\/blog\/wp-json\/wp\/v2\/pages\/19382\/revisions\/84422"}],"up":[{"embeddable":true,"href":"https:\/\/www.freiburg-schwarzwald.de\/blog\/wp-json\/wp\/v2\/pages\/825"}],"wp:attachment":[{"href":"https:\/\/www.freiburg-schwarzwald.de\/blog\/wp-json\/wp\/v2\/media?parent=19382"}],"curies":[{"name":"wp","href":"https:\/\/api.w.org\/{rel}","templated":true}]}}