{"id":19343,"date":"2013-01-02T18:17:00","date_gmt":"2013-01-02T17:17:00","guid":{"rendered":"https:\/\/www.freiburg-schwarzwald.de\/blog\/?page_id=19343"},"modified":"2025-07-26T11:41:09","modified_gmt":"2025-07-26T09:41:09","slug":"oberrheinrat","status":"publish","type":"page","link":"https:\/\/www.freiburg-schwarzwald.de\/blog\/regio\/trirhena\/oberrheinrat\/","title":{"rendered":"Oberrheinrat"},"content":{"rendered":"<p>Home &gt;<a title=\"Regio\" href=\"https:\/\/www.freiburg-schwarzwald.de\/blog\/regio\/\">Regio<\/a> &gt;<a title=\"Trirhena\" href=\"https:\/\/www.freiburg-schwarzwald.de\/blog\/regio\/trirhena\/\">TriRhena<\/a> &gt;Oberrheinrat<\/p>\n<div id=\"attachment_15649\" style=\"width: 647px\" class=\"wp-caption alignnone\"><a href=\"https:\/\/www.freiburg-schwarzwald.de\/blog\/selbsthilfe\/krise\/konflikte\/schauinsland6bergstation-pan121115\/\" rel=\"attachment wp-att-15649\"><img loading=\"lazy\" decoding=\"async\" aria-describedby=\"caption-attachment-15649\" class=\"size-full wp-image-15649\" title=\"schauinsland6bergstation-pan121115\" src=\"https:\/\/www.freiburg-schwarzwald.de\/blog\/wp-content\/uploads\/2012\/11\/schauinsland6bergstation-pan121115.jpg\" alt=\"\" width=\"637\" height=\"237\" srcset=\"https:\/\/www.freiburg-schwarzwald.de\/blog\/wp-content\/uploads\/2012\/11\/schauinsland6bergstation-pan121115.jpg 637w, https:\/\/www.freiburg-schwarzwald.de\/blog\/wp-content\/uploads\/2012\/11\/schauinsland6bergstation-pan121115-180x66.jpg 180w\" sizes=\"auto, (max-width: 637px) 100vw, 637px\" \/><\/a><p id=\"caption-attachment-15649\" class=\"wp-caption-text\">Blick von der Bergstation am Schauinsland nach Westen \u00fcber den Rheintalnebel zu den Vogesen am 15.11.2012<\/p><\/div>\n<p>&nbsp;<\/p>\n<ul>\n<li><em>Listenauswahl eines Beitrags (Artikel\/Datum, Seite\/Inhalt): <span style=\"text-decoration: underline;\">Klicken<\/span> oder scrollen<\/em><\/li>\n<li><a href=\"https:\/\/www.freiburg-schwarzwald.de\/blog\/hakenkreuz-statt-sachpolitik\/\">Hakenkreuz statt Sachpolitik<\/a> (26.7.2025)<\/li>\n<li><a href=\"https:\/\/www.freiburg-schwarzwald.de\/blog\/regio\/elsass\/eu-elsass\/\">Handwerker Baden \u2013 Elsass: B\u00fcrokratische H\u00fcrden<\/a>\u00a0(3.11.2021)<\/li>\n<li><a title=\"Eurodistrict\" href=\"https:\/\/www.freiburg-schwarzwald.de\/blog\/regio\/trirhena\/eurodistrict\/\">Eurodistrict ist jetzt \u201cEurop\u00e4ischer Verbund f\u00fcr Territoriale Zusammenarbeit\u201d (RVTZ)<\/a>\u00a0(22.4.2020)<\/li>\n<li><a title=\"Zweisprachiges Elsass \u2013 Alsace bilingue\" href=\"https:\/\/www.freiburg-schwarzwald.de\/blog\/zweisprachiges-elsass-alsace-bilingue\/\">Zweisprachiges Elsass \u2013 Alsace bilingue<\/a>\u00a0(21.1.2020)<\/li>\n<li>Deutsch-franz\u00f6sische Polizei Kehl\/Strasbourg (15.3.2019)<\/li>\n<li><a href=\"https:\/\/www.freiburg-schwarzwald.de\/blog\/oberrheinrat-eu-buerokratie\/\">https:\/\/www.freiburg-schwarzwald.de\/blog\/oberrheinrat-eu-buerokratie\/<\/a> (3.7.2017)<\/li>\n<li>Pr\u00e4sident des Oberrheinrates ab 1.1.2013: Willi St\u00e4chele (2.1.2013)<\/li>\n<li>Energiewandel am Oberrhein (21.6.2012)<\/li>\n<li><\/li>\n<li><a title=\"Dreiland\" href=\"https:\/\/www.freiburg-schwarzwald.de\/blog\/regio\/trirhena\/dreiland\/\">Dreiland<\/a><\/li>\n<li><a title=\"EU\" href=\"https:\/\/www.freiburg-schwarzwald.de\/blog\/global\/eu\/\">EU<\/a><\/li>\n<li><a href=\"https:\/\/www.freiburg-schwarzwald.de\/blog\/regio\/elsass\/eu-elsass\/\">EU-Elsass<\/a><\/li>\n<li><a title=\"Geothermie\" href=\"https:\/\/www.freiburg-schwarzwald.de\/blog\/energie\/geothermie\/\">Geothermie<\/a><\/li>\n<li><a title=\"TMO\" href=\"https:\/\/www.freiburg-schwarzwald.de\/blog\/regio\/trirhena\/tmo\/\">Trinationale Metropolregion Oberrhein &#8211; TMO<\/a><\/li>\n<\/ul>\n<p>&nbsp;<\/p>\n<p>&nbsp;<\/p>\n<p><strong>Oberrheinrat<\/strong><\/p>\n<p>Die im Dezember 2010 anerkannte <a title=\"TMO\" href=\"https:\/\/www.freiburg-schwarzwald.de\/blog\/regio\/trirhena\/tmo\/\">Trinationale Metropolregion Oberrhein &#8211; TMO<\/a> bildet das gemeinsame Dach der vier Hauptpartner<br \/>\nOberrheinrat,<br \/>\nOberrheinkonferenz,<br \/>\nSt\u00e4dtenetz und<br \/>\n<a title=\"Eurodistrict\" href=\"https:\/\/www.freiburg-schwarzwald.de\/blog\/regio\/trirhena\/eurodistrict\/\">Eurodistrikte<\/a>.<br \/>\nAm Oberrhein arbeiten die politisch Verantwortlichen grenz\u00fcberschreitend zusammen und bilden ein trinationales \u201eParlament\u201c: den Oberrheinrat. Ihm geh\u00f6ren 71 gew\u00e4hlte Mandatstr\u00e4gerinnen und Mandatstr\u00e4ger aus dem Elsass, Nord- und S\u00fcdbaden, der S\u00fcdpfalz sowie der Nordwestschweiz an. Prim\u00e4re Aufgaben des Oberrheinrats sind die gegenseitige Information und die politische Absprache zu wichtigen, die Oberrheinregion betreffenden Fragen. Seine Anregungen richtet er in Form von Resolutionen an die nationalen und regionalen Regierungen sowie weitere Adressaten. Er ist so ein zentraler Impulsgeber in der dreistaatlichen Zusammenarbeit. Der Oberrheinrat ist f\u00fcr folgende Gebiete zust\u00e4ndig :<\/p>\n<ul>\n<li>die Region Elsa\u00df,<\/li>\n<li>vom Land Baden-W\u00fcrttemberg die Regionen Mittlerer Oberrhein und S\u00fcdlicher Oberrhein sowie von der Region Hochrhein-Bodensee die Landkreise L\u00f6rrach und Waldshut,<\/li>\n<li>vom Land Rheinland-Pfalz, aus der Region Rheinpfalz der Raum S\u00fcdpfalz mit den Landkreisen S\u00fcdliche Weinstra\u00dfe und Germersheim sowie der kreisfreien Stadt Landau und die Verbandsgemeinden Dahn und Hauenstein aus der Region Westpfalz,<\/li>\n<li>die Kantone Basel-Landschaft, Basel-Stadt, Aargau und Teile der Kantone Jura und Solothurn.<\/li>\n<\/ul>\n<p><a href=\"https:\/\/www.conseilrhenan.org\/de\/oberrheinrat\/\">https:\/\/www.conseilrhenan.org\/de\/oberrheinrat\/<\/a><\/p>\n<p>&#8212;&#8212;&#8212;&#8212;&#8212;&#8212;&#8212;&#8212;&#8212;&#8212;&#8212;&#8211;<\/p>\n<p><strong>Deutsch-franz\u00f6sische Polizei Kehl\/Strasbourg<\/strong><br \/>\n<em>In ihrem gemeinsamen Zentrum in Kehl pflegt die Polizei beider L\u00e4nder eine Kooperation, die Vorbild f\u00fcr Europa geworden ist.<\/em><br \/>\nEnge grenz\u00fcberschreitende Kooperation am Oberrhein \u2013 f\u00fcr die Polizeibeh\u00f6rden steht das seit 20 Jahren auf der Tagesordnung. Denn so lange gibt es schon das gemeinsame Zentrum der deutsch-franz\u00f6sischen Polizei- und Zollzusammenarbeit in Kehl. Beim Jubil\u00e4umsfestakt am Donnerstag lobte es Baden-W\u00fcrttembergs Innenminister Thomas Strobl als &#8222;unverzichtbare Drehscheibe des polizeilichen Informationsaustausches zwischen Deutschland und Frankreich&#8220; und als &#8222;Kernelement der Sicherheitspartnerschaft&#8220;. M\u00f6glich ist die unkomplizierte Kooperation, weil das Zentrum Beamte aus sechs verschiedenen Beh\u00f6rden \u2013 der deutschen und franz\u00f6sischen Zollverwaltung, der Landes- wie der Bundespolizei und auf franz\u00f6sischer Seite der Police und Gendarmerie Nationale \u2013 unter einem Dach zusammenbringt. &#8222;Durch die versammelte Kompetenz&#8220;, sagt der deutsche Koordinator der Dienststelle, Dirk Herzbach, &#8222;gewinnen wir einen Mehrwert, von dem alle, die uns anfragen, profitieren.&#8220; Und deren Zahl steigt kontinuierlich an, um zehn Prozent jedes Jahr. Inzwischen ist die Zahl der bearbeiteten Vorg\u00e4nge auf zuletzt mehr als 20 000 Vorg\u00e4nge pro Jahr angewachsen.<br \/>\nEs ist also keineswegs \u00fcbertrieben, von der Erfolgsgeschichte einer ungew\u00f6hnlichen Dienststelle zu sprechen, die nicht nur im allt\u00e4glichen Polizeigesch\u00e4ft f\u00fcr einfache Datenabfragen Hilfe leistet, sondern auch in akuten Sicherheitslagen f\u00fcr den Informationsfluss hinter den Kulissen sorgt \u2013 etwa beim Stra\u00dfburger Anschlag im Dezember 2018. Herzbach nennt als weiteres Beispiel die Suchaktionen nach dem Absturz eines Gleitschirmfliegers im Grenzgebiet oder den Informationsaustausch wegen einer Kurdendemonstration vor wenigen Wochen. Aber auch wenn eine Polizeistreife in Hamburg einen Verd\u00e4chtigen festnehme und wissen wolle, ob die betreffende Person in Frankreich gesucht werde, sagt Herzbach, sei das gemeinsame Zentrum in Kehl der Ansprechpartner der Wahl. Denn die Beamten dort haben direkten Zugriff auf die Datenspeicher beider L\u00e4nder und k\u00f6nnen dadurch ganz pragmatisch den Kollegen mit Ausk\u00fcnften weiterhelfen. &#8222;Bei uns ruft ein deutscher Polizist auf Deutsch an, ein Franzose auf Franz\u00f6sisch&#8220;, so beschreibt Herzbach den einfachen Dienstweg. Das deutsch-franz\u00f6sische Team stehe rund um die Uhr zur Verf\u00fcgung und kenne sich mit den Rechtsbegriffen beider L\u00e4nder und ebenfalls bestens in beiden Sprachen aus. Mit dieser Struktur war das gemeinsame Zentrum seit seiner Gr\u00fcndung Vorbild. In der Folge entstanden 60 weitere solche Polizeizentren in europ\u00e4ischen Grenzregionen. Auch Innenminister Strobl zeigte sich beeindruckt: &#8222;Sch\u00f6n, dass wir Avantgarde sein durften!&#8220;<br \/>\n15.3.2019, B\u00e4rbel N\u00fcckles, BZ,<br \/>\nMehr auf https:\/\/www.badische-zeitung.de\/suedwest-1\/der-kleine-deutsch-franzoesische-dienstweg&#8211;168379780.html<br \/>\n.<\/p>\n<p><strong>Pr\u00e4sident des Oberrheinrates ab 1.1.2013: Willi St\u00e4chele<\/strong><\/p>\n<p>Die grenz\u00fcberschreitende Zusammenarbeit mit dem Elsass und der Nordschweiz ist seit dem Amtsantritt der gr\u00fcn-roten Landesregierung in Stuttgart etwas ins Stocken geraten. Dies erkl\u00e4rten Breisachs B\u00fcrgermeister Oliver Rein, der k\u00fcnftige Pr\u00e4sident des Oberrheinrates, Willi St\u00e4chele, und der ehemalige CDU-Landtagsabgeordnete Gundolf Fleischer bei einem Treffen im Breisacher Rathaus. Willi St\u00e4chele kommt aus Baden und hat in seiner Zeit als baden-w\u00fcrttembergischer Landwirtschafts- und Finanzminister viele Kollegen jenseits der Landesgrenzen kennen und sch\u00e4tzen gelernt. &#8222;Deshalb freue ich mich auch auf die Aufgabe als Pr\u00e4sident des Oberrheinrates, die ich am 1. Januar f\u00fcr ein Jahr \u00fcbernehmen werde&#8220;, betonte er. In der EU w\u00fcrden die einzelnen Staaten mit der Zeit immer mehr an Bedeutung verlieren, die Regionen dagegen immer wichtiger werden&#8230;.<br \/>\nAlles vom 3.1.2013 bitte lesen auf<br \/>\n<a href=\"https:\/\/www.badische-zeitung.de\/breisach\/staechele-will-grenzueberschreitende-kontakte-weiter-ausbauen--67675467.html\">https:\/\/www.badische-zeitung.de\/breisach\/staechele-will-grenzueberschreitende-kontakte-weiter-ausbauen&#8211;67675467.html<\/a><\/p>\n<p>&nbsp;<\/p>\n<p><strong>Energiewandel am Oberrhein<\/strong><\/p>\n<p>Energiewandel im Rheinbecken h\u00e4ngt allein von der Politik ab Unter Schweizer Vorsitz \u2013 der Bettinger Grossrat Helmut Hersberger pr\u00e4sidiert den Oberrheinrat dieses Jahr \u2013 setzte sich das trinationale Parlament des Oberrheins (Nordwestschweiz, Elsass, Baden-W\u00fcrttemberg und S\u00fcdpfalz) zudem mit der Frage auseinander, ob die Region f\u00fcr die Energiewende bereit ist. \u00abWarum hat es in Deutschland mehr Photovoltaikanlagen als in der Schweiz?\u00bb, fragte Referent Eric Nussbaumer, Pr\u00e4sident der Energiekommission des schweizerischen Nationalrates, und gab die Antwort gleich selbst: Im Rheinbecken sei das Potenzial erneuerbarer Energien mit Sonne, Wasser, Biomasse oder Geothermie sehr gross, entscheidend f\u00fcr Investitionen seien aber die politischen Rahmenbedingungen. Mit Projekten wie TRION, welches die grenz\u00fcberschreitende Vernetzung von Fachleuten im Bereich wirksamen Geb\u00e4udeenergieverbrauchs vorantreibt, sei die Oberrheinregion auf gutem Weg.<br \/>\nAlles vom 21.6.2012 bitte lesen auf<br \/>\n<a href=\"https:\/\/www.rmtmo.eu\/de\/politik\/news\/news-reader-politik\/items\/oberrheinrat-verlangt-trinationalen-schulterschluss-zum-euroairport-bahnanschluss.html\">https:\/\/www.rmtmo.eu\/de\/politik\/news\/news-reader-politik\/items\/oberrheinrat-verlangt-trinationalen-schulterschluss-zum-euroairport-bahnanschluss.html<\/a><\/p>\n","protected":false},"excerpt":{"rendered":"<p>Home &gt;Regio &gt;TriRhena &gt;Oberrheinrat &nbsp; Listenauswahl eines Beitrags (Artikel\/Datum, Seite\/Inhalt): Klicken oder scrollen Hakenkreuz statt Sachpolitik (26.7.2025) Handwerker Baden \u2013 Elsass: B\u00fcrokratische H\u00fcrden\u00a0(3.11.2021) Eurodistrict ist jetzt \u201cEurop\u00e4ischer Verbund f\u00fcr Territoriale Zusammenarbeit\u201d (RVTZ)\u00a0(22.4.2020) Zweisprachiges Elsass \u2013 Alsace bilingue\u00a0(21.1.2020) Deutsch-franz\u00f6sische Polizei Kehl\/Strasbourg &hellip; <a href=\"https:\/\/www.freiburg-schwarzwald.de\/blog\/regio\/trirhena\/oberrheinrat\/\">Weiterlesen <span class=\"meta-nav\">&rarr;<\/span><\/a><\/p>\n","protected":false},"author":4,"featured_media":0,"parent":825,"menu_order":0,"comment_status":"open","ping_status":"closed","template":"","meta":{"footnotes":""},"class_list":["post-19343","page","type-page","status-publish","hentry"],"_links":{"self":[{"href":"https:\/\/www.freiburg-schwarzwald.de\/blog\/wp-json\/wp\/v2\/pages\/19343","targetHints":{"allow":["GET"]}}],"collection":[{"href":"https:\/\/www.freiburg-schwarzwald.de\/blog\/wp-json\/wp\/v2\/pages"}],"about":[{"href":"https:\/\/www.freiburg-schwarzwald.de\/blog\/wp-json\/wp\/v2\/types\/page"}],"author":[{"embeddable":true,"href":"https:\/\/www.freiburg-schwarzwald.de\/blog\/wp-json\/wp\/v2\/users\/4"}],"replies":[{"embeddable":true,"href":"https:\/\/www.freiburg-schwarzwald.de\/blog\/wp-json\/wp\/v2\/comments?post=19343"}],"version-history":[{"count":4,"href":"https:\/\/www.freiburg-schwarzwald.de\/blog\/wp-json\/wp\/v2\/pages\/19343\/revisions"}],"predecessor-version":[{"id":136916,"href":"https:\/\/www.freiburg-schwarzwald.de\/blog\/wp-json\/wp\/v2\/pages\/19343\/revisions\/136916"}],"up":[{"embeddable":true,"href":"https:\/\/www.freiburg-schwarzwald.de\/blog\/wp-json\/wp\/v2\/pages\/825"}],"wp:attachment":[{"href":"https:\/\/www.freiburg-schwarzwald.de\/blog\/wp-json\/wp\/v2\/media?parent=19343"}],"curies":[{"name":"wp","href":"https:\/\/api.w.org\/{rel}","templated":true}]}}