{"id":1914,"date":"2012-04-20T19:14:35","date_gmt":"2012-04-20T19:14:35","guid":{"rendered":"https:\/\/www.freiburg-schwarzwald.de\/blog\/?page_id=1914"},"modified":"2019-04-22T21:45:32","modified_gmt":"2019-04-22T19:45:32","slug":"mittelaltervereine","status":"publish","type":"page","link":"https:\/\/www.freiburg-schwarzwald.de\/blog\/vereine\/mittelaltervereine\/","title":{"rendered":"Mittelaltervereine"},"content":{"rendered":"<p>Home &gt;<a title=\"Vereine\" href=\"https:\/\/www.freiburg-schwarzwald.de\/blog\/vereine\/\">Vereine<\/a> &gt;Mittelaltervereine<\/p>\n<div id=\"attachment_1915\" style=\"width: 614px\" class=\"wp-caption alignnone\"><a href=\"https:\/\/www.freiburg-schwarzwald.de\/blog\/vereine\/mittelaltervereine\/hochburg-pan061106\/\" rel=\"attachment wp-att-1915\"><img loading=\"lazy\" decoding=\"async\" aria-describedby=\"caption-attachment-1915\" class=\"size-full wp-image-1915\" title=\"hochburg-pan061106\" src=\"https:\/\/www.freiburg-schwarzwald.de\/blog\/wp-content\/uploads\/2012\/04\/hochburg-pan061106.jpg\" alt=\"\" width=\"604\" height=\"149\" srcset=\"https:\/\/www.freiburg-schwarzwald.de\/blog\/wp-content\/uploads\/2012\/04\/hochburg-pan061106.jpg 604w, https:\/\/www.freiburg-schwarzwald.de\/blog\/wp-content\/uploads\/2012\/04\/hochburg-pan061106-180x44.jpg 180w\" sizes=\"auto, (max-width: 604px) 100vw, 604px\" \/><\/a><p id=\"caption-attachment-1915\" class=\"wp-caption-text\">Blick von Sexau-M\u00fchleb\u00e4chle nach Nordwesten hoch zur Hochburg am 6.11.2006 vormittags<\/p><\/div>\n<ul>\n<li>Reenactment &#8211; vergangene Zeiten wieder in Aktion setzen (19.4.2012)<\/li>\n<li><a href=\"https:\/\/www.freiburg-schwarzwald.de\/littenweiler\/zaehringen.htm#Schwarzwaldverein: Ritter-Spektakel auf der Z\u00e4hringer Burg\">Schwarzwaldverein: Ritter-Spektakel auf der Z\u00e4hringer Burg<\/a>&gt;Zaehringen (3.8.2010)<\/li>\n<li><a href=\"https:\/\/www.freiburg-schwarzwald.de\/hochburg1.htm#Hochburgfest am 6.9: Historische Feldlager, altes Handwerk, Eintritt frei\">Hochburgfest am 6.9: Historische Feldlager, altes Handwerk, Eintritt frei<\/a>&gt;Hochburg1 (7.9.2009)<\/li>\n<li><a href=\"https:\/\/www.freiburg-schwarzwald.de\/jechtingen.htm#Mittelalterliches Spektakel auf der Burg\">Mittelalterliches Spektakel auf der Burg Sponeck<\/a> &gt;Jechtingen (19.6.2009)<\/li>\n<li><\/li>\n<li><a href=\"https:\/\/www.freiburg-schwarzwald.de\/mittelaltervereine#Breisgauer Ritterschaft\">Breisgauer Ritterschaft<\/a><\/li>\n<li>Bunter Haufen Freiburg<\/li>\n<li><a href=\"https:\/\/www.freiburg-schwarzwald.de\/mittelaltervereine#Bunter Haufen Basel\">Bunter Haufen Basel<\/a><\/li>\n<li><a href=\"https:\/\/www.freiburg-schwarzwald.de\/mittelaltervereine#Freie Ritterschaft Weisweil\">Freie Ritterschaft Weisweil<\/a><\/li>\n<li><a href=\"https:\/\/www.freiburg-schwarzwald.de\/mittelaltervereine#Germane Mambach\">Germane Mambach<\/a><\/li>\n<li><a href=\"https:\/\/www.freiburg-schwarzwald.de\/mittelaltervereine#Goshin-Kan Freiburg\">Goshin-Kan Freiburg <\/a><\/li>\n<li><big><a href=\"https:\/\/www.freiburg-schwarzwald.de\/mittelaltervereine#Historische Freiburger B\u00fcrgerwehr\">Historische Freiburger B\u00fcrgerwehr<\/a><\/big><\/li>\n<li>Huscarls<\/li>\n<li><a href=\"https:\/\/www.freiburg-schwarzwald.de\/mittelaltervereine#More Majorum aus Freiburg\">More Majorum aus Freiburg bzw. Rheinhausen<\/a><\/li>\n<li><a href=\"https:\/\/www.freiburg-schwarzwald.de\/mittelaltervereine#Templerkomthurey Freiburg\">Templerkomthurey Freiburg<\/a><\/li>\n<li><a href=\"https:\/\/www.freiburg-schwarzwald.de\/mittelaltervereine#\u00dcsenberger Landsknechte aus Kenzingen\">\u00dcsenberger Landsknechte aus Kenzingen<\/a><\/li>\n<li><a href=\"https:\/\/www.freiburg-schwarzwald.de\/mittelaltervereine#Links\">Links<\/a><\/li>\n<\/ul>\n<p>&nbsp;<\/p>\n<p><strong>Bunter Haufen Freiburg<\/strong><\/p>\n<p>Der &#8222;Bunte haufen Freiburg ist eine Schaukampftruppe. Wir treten auf<br \/>\nMittelalterm\u00e4rkten, Burgfesten und anderen Veranstaltungen auf.<br \/>\nWir sind mit dem\u00a0Bunten Haufen Basel verbandelt<\/p>\n<p><a href=\"https:\/\/www.Bunter-Haufen.de\">www.Bunter-Haufen.de<br \/>\n<\/a>c\/o M. Fittkau, <a href=\"mailto:m.fittkau@bunter-haufen.de\">m.fittkau@bunter-haufen.de<\/a><\/p>\n<p>&nbsp;<\/p>\n<p><strong>Reenactment &#8211; vergangene Zeiten wieder in Aktion setzen<br \/>\n<\/strong>Dass das Mittelalter keine rosige Zeit war, ist den Freizeitrittern bewusst. Manche Mittelaltergruppen legen mehr Wert darauf, dass wirklich alle Details authentisch sind. Andere wiederum vermischen tats\u00e4chlich Geschehenes mit Fantasy und Science Fiction, entfliehen der modernen Realit\u00e4t so noch ein St\u00fcck weiter. Mit historischem Rahmen oder ohne: Das sogenannte &#8222;Reenactment&#8220; anderer Zeiten und Welten erfreut sich gro\u00dfer Beliebtheit. Sch\u00e4tzungen zufolge sind rund 350 000 Menschen in Deutschland mehr oder weniger aktiv in der Szene unterwegs. Menschen aus allen Altersklassen und Berufsgruppen erwecken das Mittelalter zum Leben.<\/p>\n<p>&#8222;Man trifft sehr unterschiedliche Leute und ist trotzdem verbunden durch das gemeinsame Hobby. Das schafft eine sehr famili\u00e4re Atmosph\u00e4re&#8220;, sagt Benjamin. Das ist ihnen wichtiger als die Verbannung jeglicher Spuren des 21. Jahrhunderts: Beim Bunten Haufen gibt es Milch aus Tetrapacks und Gummib\u00e4rchen (beides unter T\u00fcchern versteckt) sowie wetterfeste Kleidung.<br \/>\nAlles vom 19.4.2012 bite lesen auf<br \/>\n<a href=\"https:\/\/www.badische-zeitung.de\/neues-fuer-schueler\/ein-gefuehl-fuer-die-vergangenheit--58444483.html\">https:\/\/www.badische-zeitung.de\/neues-fuer-schueler\/ein-gefuehl-fuer-die-vergangenheit&#8211;58444483.html<\/a><\/p>\n","protected":false},"excerpt":{"rendered":"<p>Home &gt;Vereine &gt;Mittelaltervereine Reenactment &#8211; vergangene Zeiten wieder in Aktion setzen (19.4.2012) Schwarzwaldverein: Ritter-Spektakel auf der Z\u00e4hringer Burg&gt;Zaehringen (3.8.2010) Hochburgfest am 6.9: Historische Feldlager, altes Handwerk, Eintritt frei&gt;Hochburg1 (7.9.2009) Mittelalterliches Spektakel auf der Burg Sponeck &gt;Jechtingen (19.6.2009) Breisgauer Ritterschaft Bunter &hellip; <a href=\"https:\/\/www.freiburg-schwarzwald.de\/blog\/vereine\/mittelaltervereine\/\">Weiterlesen <span class=\"meta-nav\">&rarr;<\/span><\/a><\/p>\n","protected":false},"author":2,"featured_media":0,"parent":49,"menu_order":0,"comment_status":"open","ping_status":"closed","template":"","meta":{"footnotes":""},"class_list":["post-1914","page","type-page","status-publish","hentry"],"_links":{"self":[{"href":"https:\/\/www.freiburg-schwarzwald.de\/blog\/wp-json\/wp\/v2\/pages\/1914","targetHints":{"allow":["GET"]}}],"collection":[{"href":"https:\/\/www.freiburg-schwarzwald.de\/blog\/wp-json\/wp\/v2\/pages"}],"about":[{"href":"https:\/\/www.freiburg-schwarzwald.de\/blog\/wp-json\/wp\/v2\/types\/page"}],"author":[{"embeddable":true,"href":"https:\/\/www.freiburg-schwarzwald.de\/blog\/wp-json\/wp\/v2\/users\/2"}],"replies":[{"embeddable":true,"href":"https:\/\/www.freiburg-schwarzwald.de\/blog\/wp-json\/wp\/v2\/comments?post=1914"}],"version-history":[{"count":0,"href":"https:\/\/www.freiburg-schwarzwald.de\/blog\/wp-json\/wp\/v2\/pages\/1914\/revisions"}],"up":[{"embeddable":true,"href":"https:\/\/www.freiburg-schwarzwald.de\/blog\/wp-json\/wp\/v2\/pages\/49"}],"wp:attachment":[{"href":"https:\/\/www.freiburg-schwarzwald.de\/blog\/wp-json\/wp\/v2\/media?parent=1914"}],"curies":[{"name":"wp","href":"https:\/\/api.w.org\/{rel}","templated":true}]}}