{"id":19133,"date":"2012-12-30T22:40:07","date_gmt":"2012-12-30T21:40:07","guid":{"rendered":"https:\/\/www.freiburg-schwarzwald.de\/blog\/?page_id=19133"},"modified":"2020-12-15T18:31:04","modified_gmt":"2020-12-15T17:31:04","slug":"voerlinsbach","status":"publish","type":"page","link":"https:\/\/www.freiburg-schwarzwald.de\/blog\/regio\/orte\/oberried\/voerlinsbach\/","title":{"rendered":"Voerlinsbach"},"content":{"rendered":"<p>Home &gt;<a title=\"Regio\" href=\"https:\/\/www.freiburg-schwarzwald.de\/blog\/regio\/\">Regio<\/a> &gt;<a title=\"Orte\" href=\"https:\/\/www.freiburg-schwarzwald.de\/blog\/regio\/orte\/\">Orte<\/a> &gt;<a title=\"Oberried\" href=\"https:\/\/www.freiburg-schwarzwald.de\/blog\/regio\/orte\/oberried\/\">Oberried<\/a> &gt;Voerlinsbach<\/p>\n<div id=\"attachment_19138\" style=\"width: 649px\" class=\"wp-caption alignnone\"><a href=\"https:\/\/www.freiburg-schwarzwald.de\/blog\/regio\/orte\/oberried\/voerlinsbach\/voerlinsbach2pan121029\/\" rel=\"attachment wp-att-19138\"><img loading=\"lazy\" decoding=\"async\" aria-describedby=\"caption-attachment-19138\" class=\"size-full wp-image-19138\" title=\"voerlinsbach2pan121029\" src=\"https:\/\/www.freiburg-schwarzwald.de\/blog\/wp-content\/uploads\/2012\/12\/voerlinsbach2pan121029.jpg\" alt=\"\" width=\"639\" height=\"222\" srcset=\"https:\/\/www.freiburg-schwarzwald.de\/blog\/wp-content\/uploads\/2012\/12\/voerlinsbach2pan121029.jpg 639w, https:\/\/www.freiburg-schwarzwald.de\/blog\/wp-content\/uploads\/2012\/12\/voerlinsbach2pan121029-180x62.jpg 180w\" sizes=\"auto, (max-width: 639px) 100vw, 639px\" \/><\/a><p id=\"caption-attachment-19138\" class=\"wp-caption-text\">Blick nach Norden \u00fcber V\u00f6rlinsbach im ersten Schnee am 29.10.2012 bis ins Dreisamtal und zum Kandel<\/p><\/div>\n<ul>\n<li>Oberried-V\u00f6rlinsbach<\/li>\n<li>Bilder<\/li>\n<li><a href=\"https:\/\/www.freiburg-schwarzwald.de\/camping.htm#Oberried - Campingplatz Kirnermartes\">Camping Kirnermartes<\/a> &gt;Camping<\/li>\n<li><a href=\"https:\/\/www.freiburg-schwarzwald.de\/voerlinsbach5.htm\">Bauernh\u00f6fe (Ferienwohnung, Hofladen und Brauchtum) in V\u00f6rlinsbach<\/a> &gt;Voerlinsbach5<\/li>\n<li><a href=\"https:\/\/www.freiburg-schwarzwald.de\/oberried5.htm\">Bauernh\u00f6fe in Oberried<\/a> &gt;Freiburg-Schwarzwald.de\/oberried5<\/li>\n<li><a href=\"https:\/\/www.freiburg-schwarzwald.de\/littenweiler\/oberried-fasnet.htm\">Fasnet in Oberried<\/a> &gt;Oberried-Fasnet<\/li>\n<li><a href=\"https:\/\/www.freiburg-schwarzwald.de\/littenweiler\/voerlinsbach.htm#V\u00f6rlinsbach-Bilder\">V\u00f6rlinsbach-Bilder<\/a>\u00a0&gt;V\u00f6rlinsbach Archivseite<\/li>\n<li><a href=\"https:\/\/www.freiburg-schwarzwald.de\/littenweiler\/voerlinsbach.htm#V\u00f6rlinsbach im Herbst\">V\u00f6rlinsbach im Herbst<\/a><\/li>\n<li><a href=\"https:\/\/www.freiburg-schwarzwald.de\/littenweiler\/voerlinsbach.htm#V\u00f6rlinsbach im Winter\">V\u00f6rlinsbach im Winter<\/a><\/li>\n<li><a href=\"https:\/\/www.freiburg-schwarzwald.de\/littenweiler\/oberriederwasser.htm\">V\u00f6rlinsbach &#8211; Naturfotos<\/a> &gt;OberriederWasser<\/li>\n<li><a href=\"https:\/\/www.freiburg-schwarzwald.de\/littenweiler\/oberried-winterberg.htm\">Winterberg oberhalb Oberried &#8211; Traumblick nach Norden<\/a> &gt;Oberried-Winterberg<\/li>\n<\/ul>\n<p>&nbsp;<\/p>\n<p>&nbsp;<\/p>\n<p><strong>Oberried-V\u00f6rlinsbach<br \/>\n<\/strong><br \/>\nZwischen dem aus S\u00fcdosten vom Feldberg herabflie\u00dfenden Zastlerbach und der von S\u00fcdwesten vom St-Wilhelmertal\/Notschrei kommenden Brugga gibts noch einen dritten sehr kleinen Bach: Den V\u00f6rlinsbach, der am Hochfahrn (1264 m) und Dachsb\u00fchl (1174 m) entspringt und beim Kloster in die Brugga m\u00fcndet. Der Oberrieder Ortsteil V\u00f6rlinsbach hat pr\u00e4chtige Bauernh\u00f6fe, einen Startplatz f\u00fcr Drachenflieger, sogar einen Campingplatz und seine weiten Wiesenh\u00e4nge bieten sch\u00f6ne Ausblicke auf Oberried, ins Dreisamtal und weiter zum Kandel. Das kleine Str\u00e4\u00dfchen hoch zur <a href=\"https:\/\/www.freiburg-schwarzwald.de\/erlenbacher.htm\">Erlenbacher H\u00fctte<\/a> f\u00fchrt durch V\u00f6rlinsbach.<\/p>\n<p>&nbsp;<\/p>\n<p><strong>Bilder<\/strong><\/p>\n<p><a href=\"https:\/\/www.freiburg-schwarzwald.de\/blog\/regio\/orte\/oberried\/voerlinsbach\/voerlinsbach1-121029\/\" rel=\"attachment wp-att-19135\"><img loading=\"lazy\" decoding=\"async\" class=\"alignnone size-thumbnail wp-image-19135\" title=\"voerlinsbach1-121029\" src=\"https:\/\/www.freiburg-schwarzwald.de\/blog\/wp-content\/uploads\/2012\/12\/voerlinsbach1-121029-180x135.jpg\" alt=\"\" width=\"180\" height=\"135\" srcset=\"https:\/\/www.freiburg-schwarzwald.de\/blog\/wp-content\/uploads\/2012\/12\/voerlinsbach1-121029-180x135.jpg 180w, https:\/\/www.freiburg-schwarzwald.de\/blog\/wp-content\/uploads\/2012\/12\/voerlinsbach1-121029.jpg 640w\" sizes=\"auto, (max-width: 180px) 100vw, 180px\" \/><\/a>\u00a0\u00a0\u00a0\u00a0\u00a0\u00a0\u00a0\u00a0\u00a0 <a href=\"https:\/\/www.freiburg-schwarzwald.de\/blog\/regio\/orte\/oberried\/voerlinsbach\/voerlinsbach3kloster121029\/\" rel=\"attachment wp-att-19136\"><img loading=\"lazy\" decoding=\"async\" class=\"alignnone size-thumbnail wp-image-19136\" title=\"voerlinsbach3kloster121029\" src=\"https:\/\/www.freiburg-schwarzwald.de\/blog\/wp-content\/uploads\/2012\/12\/voerlinsbach3kloster121029-180x135.jpg\" alt=\"\" width=\"180\" height=\"135\" srcset=\"https:\/\/www.freiburg-schwarzwald.de\/blog\/wp-content\/uploads\/2012\/12\/voerlinsbach3kloster121029-180x135.jpg 180w, https:\/\/www.freiburg-schwarzwald.de\/blog\/wp-content\/uploads\/2012\/12\/voerlinsbach3kloster121029.jpg 640w\" sizes=\"auto, (max-width: 180px) 100vw, 180px\" \/><\/a>\u00a0\u00a0\u00a0\u00a0\u00a0\u00a0\u00a0\u00a0\u00a0 <a href=\"https:\/\/www.freiburg-schwarzwald.de\/blog\/regio\/orte\/oberried\/voerlinsbach\/voerlinsbach4kuechlehof121029\/\" rel=\"attachment wp-att-19137\"><img loading=\"lazy\" decoding=\"async\" class=\"alignnone size-thumbnail wp-image-19137\" title=\"voerlinsbach4kuechlehof121029\" src=\"https:\/\/www.freiburg-schwarzwald.de\/blog\/wp-content\/uploads\/2012\/12\/voerlinsbach4kuechlehof121029-180x135.jpg\" alt=\"\" width=\"180\" height=\"135\" srcset=\"https:\/\/www.freiburg-schwarzwald.de\/blog\/wp-content\/uploads\/2012\/12\/voerlinsbach4kuechlehof121029-180x135.jpg 180w, https:\/\/www.freiburg-schwarzwald.de\/blog\/wp-content\/uploads\/2012\/12\/voerlinsbach4kuechlehof121029.jpg 640w\" sizes=\"auto, (max-width: 180px) 100vw, 180px\" \/><\/a><br \/>\n(1)<\/p>\n<p><a href=\"https:\/\/www.freiburg-schwarzwald.de\/blog\/regio\/orte\/oberried\/voerlinsbach\/voerlinsbach5nordwest121029\/\" rel=\"attachment wp-att-19143\"><img loading=\"lazy\" decoding=\"async\" class=\"alignnone size-thumbnail wp-image-19143\" title=\"voerlinsbach5nordwest121029\" src=\"https:\/\/www.freiburg-schwarzwald.de\/blog\/wp-content\/uploads\/2012\/12\/voerlinsbach5nordwest121029-180x135.jpg\" alt=\"\" width=\"180\" height=\"135\" srcset=\"https:\/\/www.freiburg-schwarzwald.de\/blog\/wp-content\/uploads\/2012\/12\/voerlinsbach5nordwest121029-180x135.jpg 180w, https:\/\/www.freiburg-schwarzwald.de\/blog\/wp-content\/uploads\/2012\/12\/voerlinsbach5nordwest121029.jpg 640w\" sizes=\"auto, (max-width: 180px) 100vw, 180px\" \/><\/a>\u00a0\u00a0\u00a0\u00a0\u00a0\u00a0\u00a0\u00a0\u00a0\u00a0<a href=\"https:\/\/www.freiburg-schwarzwald.de\/blog\/regio\/orte\/oberried\/voerlinsbach\/voerlinsbach5norden121029\/\" rel=\"attachment wp-att-19142\"><img loading=\"lazy\" decoding=\"async\" class=\"alignnone size-thumbnail wp-image-19142\" title=\"voerlinsbach5norden121029\" src=\"https:\/\/www.freiburg-schwarzwald.de\/blog\/wp-content\/uploads\/2012\/12\/voerlinsbach5norden121029-180x135.jpg\" alt=\"\" width=\"180\" height=\"135\" srcset=\"https:\/\/www.freiburg-schwarzwald.de\/blog\/wp-content\/uploads\/2012\/12\/voerlinsbach5norden121029-180x135.jpg 180w, https:\/\/www.freiburg-schwarzwald.de\/blog\/wp-content\/uploads\/2012\/12\/voerlinsbach5norden121029.jpg 640w\" sizes=\"auto, (max-width: 180px) 100vw, 180px\" \/><\/a>\u00a0\u00a0\u00a0\u00a0\u00a0\u00a0\u00a0\u00a0\u00a0\u00a0 <a href=\"https:\/\/www.freiburg-schwarzwald.de\/blog\/regio\/orte\/oberried\/voerlinsbach\/voerlinsbach5nordosten121029\/\" rel=\"attachment wp-att-19144\"><img loading=\"lazy\" decoding=\"async\" class=\"alignnone size-thumbnail wp-image-19144\" title=\"voerlinsbach5nordosten121029\" src=\"https:\/\/www.freiburg-schwarzwald.de\/blog\/wp-content\/uploads\/2012\/12\/voerlinsbach5nordosten121029-180x135.jpg\" alt=\"\" width=\"180\" height=\"135\" srcset=\"https:\/\/www.freiburg-schwarzwald.de\/blog\/wp-content\/uploads\/2012\/12\/voerlinsbach5nordosten121029-180x135.jpg 180w, https:\/\/www.freiburg-schwarzwald.de\/blog\/wp-content\/uploads\/2012\/12\/voerlinsbach5nordosten121029.jpg 640w\" sizes=\"auto, (max-width: 180px) 100vw, 180px\" \/><\/a><br \/>\n(4) Blick nach Nordwesten\u00a0 \u00a0 \u00a0 \u00a0 \u00a0 (5) Blick nach Norden\u00a0 \u00a0 \u00a0 \u00a0 \u00a0 \u00a0 \u00a0 \u00a0 (6) Blick nach Nordosten<\/p>\n<p><a href=\"https:\/\/www.freiburg-schwarzwald.de\/blog\/regio\/orte\/oberried\/voerlinsbach\/voerlinsbach6kirchzarten121029\/\" rel=\"attachment wp-att-19145\"><img loading=\"lazy\" decoding=\"async\" class=\"alignnone size-thumbnail wp-image-19145\" title=\"voerlinsbach6kirchzarten121029\" src=\"https:\/\/www.freiburg-schwarzwald.de\/blog\/wp-content\/uploads\/2012\/12\/voerlinsbach6kirchzarten121029-180x138.jpg\" alt=\"\" width=\"180\" height=\"138\" srcset=\"https:\/\/www.freiburg-schwarzwald.de\/blog\/wp-content\/uploads\/2012\/12\/voerlinsbach6kirchzarten121029-180x138.jpg 180w, https:\/\/www.freiburg-schwarzwald.de\/blog\/wp-content\/uploads\/2012\/12\/voerlinsbach6kirchzarten121029.jpg 639w\" sizes=\"auto, (max-width: 180px) 100vw, 180px\" \/><\/a>\u00a0\u00a0\u00a0\u00a0\u00a0\u00a0\u00a0\u00a0\u00a0 <a href=\"https:\/\/www.freiburg-schwarzwald.de\/blog\/regio\/orte\/oberried\/voerlinsbach\/voerlinsbach7haeusle121029\/\" rel=\"attachment wp-att-19146\"><img loading=\"lazy\" decoding=\"async\" class=\"alignnone size-thumbnail wp-image-19146\" title=\"voerlinsbach7haeusle121029\" src=\"https:\/\/www.freiburg-schwarzwald.de\/blog\/wp-content\/uploads\/2012\/12\/voerlinsbach7haeusle121029-142x180.jpg\" alt=\"\" width=\"142\" height=\"180\" srcset=\"https:\/\/www.freiburg-schwarzwald.de\/blog\/wp-content\/uploads\/2012\/12\/voerlinsbach7haeusle121029-142x180.jpg 142w, https:\/\/www.freiburg-schwarzwald.de\/blog\/wp-content\/uploads\/2012\/12\/voerlinsbach7haeusle121029.jpg 505w\" sizes=\"auto, (max-width: 142px) 100vw, 142px\" \/><\/a>\u00a0\u00a0\u00a0\u00a0\u00a0\u00a0\u00a0\u00a0\u00a0\u00a0\u00a0\u00a0\u00a0 <a href=\"https:\/\/www.freiburg-schwarzwald.de\/blog\/regio\/orte\/oberried\/voerlinsbach\/voerlinsbach8haeusleberg121029\/\" rel=\"attachment wp-att-19147\"><img loading=\"lazy\" decoding=\"async\" class=\"alignnone size-thumbnail wp-image-19147\" title=\"voerlinsbach8haeusleberg121029\" src=\"https:\/\/www.freiburg-schwarzwald.de\/blog\/wp-content\/uploads\/2012\/12\/voerlinsbach8haeusleberg121029-180x135.jpg\" alt=\"\" width=\"180\" height=\"135\" srcset=\"https:\/\/www.freiburg-schwarzwald.de\/blog\/wp-content\/uploads\/2012\/12\/voerlinsbach8haeusleberg121029-180x135.jpg 180w, https:\/\/www.freiburg-schwarzwald.de\/blog\/wp-content\/uploads\/2012\/12\/voerlinsbach8haeusleberg121029.jpg 640w\" sizes=\"auto, (max-width: 180px) 100vw, 180px\" \/><\/a><br \/>\n(7) Kirchzarten\u00a0 \u00a0 \u00a0 \u00a0 \u00a0 \u00a0 \u00a0 \u00a0 \u00a0 \u00a0 \u00a0 \u00a0 \u00a0 (8) Ferienhaus Schelb?\u00a0\u00a0\u00a0\u00a0\u00a0\u00a0\u00a0\u00a0\u00a0\u00a0\u00a0\u00a0\u00a0\u00a0\u00a0\u00a0\u00a0 (9) H\u00e4usleberg<\/p>\n<p><a href=\"https:\/\/www.freiburg-schwarzwald.de\/blog\/regio\/orte\/oberried\/voerlinsbach\/voerlinsbach9kirnermartes121029\/\" rel=\"attachment wp-att-19148\"><img loading=\"lazy\" decoding=\"async\" class=\"alignnone size-thumbnail wp-image-19148\" title=\"voerlinsbach9kirnermartes121029\" src=\"https:\/\/www.freiburg-schwarzwald.de\/blog\/wp-content\/uploads\/2012\/12\/voerlinsbach9kirnermartes121029-180x137.jpg\" alt=\"\" width=\"180\" height=\"137\" srcset=\"https:\/\/www.freiburg-schwarzwald.de\/blog\/wp-content\/uploads\/2012\/12\/voerlinsbach9kirnermartes121029-180x137.jpg 180w, https:\/\/www.freiburg-schwarzwald.de\/blog\/wp-content\/uploads\/2012\/12\/voerlinsbach9kirnermartes121029.jpg 638w\" sizes=\"auto, (max-width: 180px) 100vw, 180px\" \/><\/a>\u00a0\u00a0\u00a0\u00a0\u00a0\u00a0\u00a0\u00a0\u00a0 <a href=\"https:\/\/www.freiburg-schwarzwald.de\/blog\/regio\/orte\/oberried\/voerlinsbach\/voerlinsbach10dreisamtal121029\/\" rel=\"attachment wp-att-19149\"><img loading=\"lazy\" decoding=\"async\" class=\"alignnone size-thumbnail wp-image-19149\" title=\"voerlinsbach10dreisamtal121029\" src=\"https:\/\/www.freiburg-schwarzwald.de\/blog\/wp-content\/uploads\/2012\/12\/voerlinsbach10dreisamtal121029-180x135.jpg\" alt=\"\" width=\"180\" height=\"135\" srcset=\"https:\/\/www.freiburg-schwarzwald.de\/blog\/wp-content\/uploads\/2012\/12\/voerlinsbach10dreisamtal121029-180x135.jpg 180w, https:\/\/www.freiburg-schwarzwald.de\/blog\/wp-content\/uploads\/2012\/12\/voerlinsbach10dreisamtal121029.jpg 640w\" sizes=\"auto, (max-width: 180px) 100vw, 180px\" \/><\/a>\u00a0\u00a0\u00a0\u00a0\u00a0\u00a0\u00a0\u00a0\u00a0 <a href=\"https:\/\/www.freiburg-schwarzwald.de\/blog\/regio\/orte\/oberried\/voerlinsbach\/voerlinsbach11altenvogtshof121029\/\" rel=\"attachment wp-att-19150\"><img loading=\"lazy\" decoding=\"async\" class=\"alignnone size-thumbnail wp-image-19150\" title=\"voerlinsbach11altenvogtshof121029\" src=\"https:\/\/www.freiburg-schwarzwald.de\/blog\/wp-content\/uploads\/2012\/12\/voerlinsbach11altenvogtshof121029-180x135.jpg\" alt=\"\" width=\"180\" height=\"135\" srcset=\"https:\/\/www.freiburg-schwarzwald.de\/blog\/wp-content\/uploads\/2012\/12\/voerlinsbach11altenvogtshof121029-180x135.jpg 180w, https:\/\/www.freiburg-schwarzwald.de\/blog\/wp-content\/uploads\/2012\/12\/voerlinsbach11altenvogtshof121029.jpg 640w\" sizes=\"auto, (max-width: 180px) 100vw, 180px\" \/><\/a><br \/>\n(10) Oberried\u00a0 \u00a0 \u00a0 \u00a0 \u00a0 \u00a0 \u00a0 \u00a0 \u00a0 (11) Dreisamtal\u00a0\u00a0\u00a0\u00a0\u00a0\u00a0\u00a0\u00a0\u00a0\u00a0\u00a0\u00a0\u00a0\u00a0\u00a0\u00a0\u00a0\u00a0\u00a0\u00a0\u00a0\u00a0\u00a0\u00a0\u00a0\u00a0\u00a0\u00a0\u00a0\u00a0\u00a0\u00a0\u00a0\u00a0\u00a0\u00a0\u00a0\u00a0\u00a0\u00a0 (12) Altenvogtshof 29.10.2012<\/p>\n<p><a href=\"https:\/\/www.freiburg-schwarzwald.de\/blog\/regio\/orte\/oberried\/voerlinsbach\/voerlinsbach12altenvogtshof121029\/\" rel=\"attachment wp-att-19151\"><img loading=\"lazy\" decoding=\"async\" class=\"alignnone size-thumbnail wp-image-19151\" title=\"voerlinsbach12altenvogtshof121029\" src=\"https:\/\/www.freiburg-schwarzwald.de\/blog\/wp-content\/uploads\/2012\/12\/voerlinsbach12altenvogtshof121029-180x135.jpg\" alt=\"\" width=\"180\" height=\"135\" srcset=\"https:\/\/www.freiburg-schwarzwald.de\/blog\/wp-content\/uploads\/2012\/12\/voerlinsbach12altenvogtshof121029-180x135.jpg 180w, https:\/\/www.freiburg-schwarzwald.de\/blog\/wp-content\/uploads\/2012\/12\/voerlinsbach12altenvogtshof121029.jpg 640w\" sizes=\"auto, (max-width: 180px) 100vw, 180px\" \/><\/a><br \/>\n(13) Altenvogtshof<\/p>\n<p>(1 &#8211; 13) Ganz pl\u00f6tzlich war er da, der Winter mit Schnee, K\u00e4lte, Sonne und klarer Luft. Was tun? Mit dem Velo das kleine Str\u00e4\u00dfchen, das vom Oberrieder Klostergarten durchs V\u00f6rlinsbach den Winterberg f\u00fchrt (dann weiter zur <a title=\"Familie Br\u00fcstle seit 10 Jahren auf der Erlenbacher H\u00fctte\" href=\"https:\/\/www.freiburg-schwarzwald.de\/blog\/familie-brustle-seit-10-jahren-auf-der-erlenbacher-hutte\/\">Erlenbacher H\u00fctte<\/a>), hochradeln und am Waldrand den sch\u00f6nen Ausblick \u00fcbers verschneite Oberried ins Dreisamtal und weiter bis zum Ro\u00dfkopf und Kandel genie\u00dfen.<\/p>\n","protected":false},"excerpt":{"rendered":"<p>Home &gt;Regio &gt;Orte &gt;Oberried &gt;Voerlinsbach Oberried-V\u00f6rlinsbach Bilder Camping Kirnermartes &gt;Camping Bauernh\u00f6fe (Ferienwohnung, Hofladen und Brauchtum) in V\u00f6rlinsbach &gt;Voerlinsbach5 Bauernh\u00f6fe in Oberried &gt;Freiburg-Schwarzwald.de\/oberried5 Fasnet in Oberried &gt;Oberried-Fasnet V\u00f6rlinsbach-Bilder\u00a0&gt;V\u00f6rlinsbach Archivseite V\u00f6rlinsbach im Herbst V\u00f6rlinsbach im Winter V\u00f6rlinsbach &#8211; Naturfotos &gt;OberriederWasser Winterberg oberhalb &hellip; <a href=\"https:\/\/www.freiburg-schwarzwald.de\/blog\/regio\/orte\/oberried\/voerlinsbach\/\">Weiterlesen <span class=\"meta-nav\">&rarr;<\/span><\/a><\/p>\n","protected":false},"author":4,"featured_media":0,"parent":1593,"menu_order":0,"comment_status":"open","ping_status":"closed","template":"","meta":{"footnotes":""},"class_list":["post-19133","page","type-page","status-publish","hentry"],"_links":{"self":[{"href":"https:\/\/www.freiburg-schwarzwald.de\/blog\/wp-json\/wp\/v2\/pages\/19133","targetHints":{"allow":["GET"]}}],"collection":[{"href":"https:\/\/www.freiburg-schwarzwald.de\/blog\/wp-json\/wp\/v2\/pages"}],"about":[{"href":"https:\/\/www.freiburg-schwarzwald.de\/blog\/wp-json\/wp\/v2\/types\/page"}],"author":[{"embeddable":true,"href":"https:\/\/www.freiburg-schwarzwald.de\/blog\/wp-json\/wp\/v2\/users\/4"}],"replies":[{"embeddable":true,"href":"https:\/\/www.freiburg-schwarzwald.de\/blog\/wp-json\/wp\/v2\/comments?post=19133"}],"version-history":[{"count":1,"href":"https:\/\/www.freiburg-schwarzwald.de\/blog\/wp-json\/wp\/v2\/pages\/19133\/revisions"}],"predecessor-version":[{"id":85826,"href":"https:\/\/www.freiburg-schwarzwald.de\/blog\/wp-json\/wp\/v2\/pages\/19133\/revisions\/85826"}],"up":[{"embeddable":true,"href":"https:\/\/www.freiburg-schwarzwald.de\/blog\/wp-json\/wp\/v2\/pages\/1593"}],"wp:attachment":[{"href":"https:\/\/www.freiburg-schwarzwald.de\/blog\/wp-json\/wp\/v2\/media?parent=19133"}],"curies":[{"name":"wp","href":"https:\/\/api.w.org\/{rel}","templated":true}]}}