{"id":18909,"date":"2012-12-28T12:39:55","date_gmt":"2012-12-28T11:39:55","guid":{"rendered":"https:\/\/www.freiburg-schwarzwald.de\/blog\/?page_id=18909"},"modified":"2024-04-11T20:08:25","modified_gmt":"2024-04-11T18:08:25","slug":"wildtal","status":"publish","type":"page","link":"https:\/\/www.freiburg-schwarzwald.de\/blog\/regio\/orte\/wildtal\/","title":{"rendered":"Wildtal"},"content":{"rendered":"<p>Home &gt;<a title=\"Orte\" href=\"https:\/\/www.freiburg-schwarzwald.de\/blog\/regio\/orte\/\">Orte<\/a> &gt;Gundelfingen &gt;Wildtal<\/p>\n<div id=\"attachment_18915\" style=\"width: 611px\" class=\"wp-caption alignnone\"><a href=\"https:\/\/www.freiburg-schwarzwald.de\/blog\/regio\/orte\/wildtal\/wildtalereck3pan101009\/\" rel=\"attachment wp-att-18915\"><img loading=\"lazy\" decoding=\"async\" aria-describedby=\"caption-attachment-18915\" class=\"size-full wp-image-18915\" title=\"wildtalereck3pan101009\" src=\"https:\/\/www.freiburg-schwarzwald.de\/blog\/wp-content\/uploads\/2012\/12\/wildtalereck3pan101009.jpg\" alt=\"\" width=\"601\" height=\"198\" srcset=\"https:\/\/www.freiburg-schwarzwald.de\/blog\/wp-content\/uploads\/2012\/12\/wildtalereck3pan101009.jpg 601w, https:\/\/www.freiburg-schwarzwald.de\/blog\/wp-content\/uploads\/2012\/12\/wildtalereck3pan101009-180x59.jpg 180w\" sizes=\"auto, (max-width: 601px) 100vw, 601px\" \/><\/a><p id=\"caption-attachment-18915\" class=\"wp-caption-text\">Wildtalereck am 11.10.2010: Blick nach Westen ins Wildtal zu Weilerhof (vorne) und Leimenstollenhof<\/p><\/div>\n<ul>\n<li><a href=\"https:\/\/www.freiburg-schwarzwald.de\/blog\/regio\/orte\/gundelfingen\/\">B\u00fcrgermeisteramt Gundelfingen und Pressefreiheit<\/a> (11.4.2024)<\/li>\n<li>Sonne-Areal &#8211; B\u00fcrgerwille hat keinen Einfluss (28.12.2012)<\/li>\n<li>F\u00f6rster f\u00fchren Wanderungen am 1.Mai: Wildtalereck und Streckereck &gt;Wildtal (29.4.2011)<\/li>\n<li>Historische Sonne in Wildtal: 550 B\u00fcrger einfach ignoriert &gt;Wildtal (18.8.2010)<\/li>\n<li>Pferdegest\u00fctzte Therapie f\u00fcr Kinder auf dem Pflammhof &gt;Wildtal (16.11.2007)<\/li>\n<li><a href=\"https:\/\/www.freiburg-schwarzwald.de\/biken1.htm#Freiburg - Ro\u00dfkopf - Wirldtal: Tour zwischen Himmel und H\u00f6lle\">Freiburg &#8211; Ro\u00dfkopf &#8211; Wildtal: Tour &#8222;zwischen Himmel und H\u00f6lle&#8220;<\/a> &gt;Biken1<\/li>\n<li><a href=\"https:\/\/www.freiburg-schwarzwald.de\/wildtal.htm#Von der Z\u00e4hringer Burg ins Wildtal\">Von der Z\u00e4hringer Burg ins Wildtal<\/a> (19.4.2007)<\/li>\n<li><\/li>\n<li><a href=\"https:\/\/www.freiburg-schwarzwald.de\/blog\/regio\/orte\/gundelfingen\/\">Gundelfingen<\/a><\/li>\n<li>Wildtal<\/li>\n<li><a title=\"Wildtalereck\" href=\"https:\/\/www.freiburg-schwarzwald.de\/blog\/regio\/berge\/wildtalereck\/\">Wildtalereck zwischen Wildtal und F\u00f6hrental<\/a><\/li>\n<li><a href=\"https:\/\/www.freiburg-schwarzwald.de\/wildtal5.htm#Vogthof\">Vogtshof L\u00e4dele<\/a> &gt;Wildtal5<\/li>\n<li><a href=\"https:\/\/www.freiburg-schwarzwald.de\/wildtal5.htm\">Bauernh\u00f6fe (Ferienwohnung, Brauchtum, Hofladen) in Wildtal<\/a> &gt;Wildtal5<\/li>\n<li><a href=\"https:\/\/www.freiburg-schwarzwald.de\/heuweiler5.htm\">Bauernh\u00f6fe (Ferienwohnung, Brauchtum, Hofladen) in Heuweiler<\/a> &gt;Heuweiler5<\/li>\n<li><a title=\"Glottertal\" href=\"https:\/\/www.freiburg-schwarzwald.de\/blog\/regio\/orte\/glotttertal\/\">Glottertal<\/a><\/li>\n<\/ul>\n<p>&nbsp;<\/p>\n<p><strong>Wildtal<\/strong><\/p>\n<p>Im Jahr 1972 wurde Wildtal mit Gundelfingen zu einer Einheitsgemeinde. Mit Heuweiler ist der Ort durch eine Verwaltungsgemeinschaft verbunden.<br \/>\nIm Wildtal l\u00e4sst es sich gut wandern. Nach Norden \u00fcber den Lehenacker zum Leheneck nach Heuweiler, nach Nordwesten auf dem Rundweg \u00fcber den nahen Rebberg, nach S\u00fcden durchs Waldbrunnertal zu den Reutebacher H\u00f6fen, nach Osten in die Seitent\u00e4ler des Wildtals: den Murstedobel beim Gasthaus Sonne, das Michelbachtal hoch zum Ro\u00dfkopf und das Schobbachtal.<\/p>\n<p>&nbsp;<\/p>\n<p>&nbsp;<\/p>\n<p><strong>Sonne-Areal &#8211; B\u00fcrgerwille hat keinen Einfluss<\/strong><\/p>\n<p>Zum Beispiel haben wir B\u00fcrger in Gundelfingen-Wildtal 2007\/2008 \u00fcber 200 Unterschriften \u2013 noch bevor es einen Beschluss gab \u2013 dem B\u00fcrgermeister \u00fcbergeben und gefordert, in die \u00dcberplanung des &#8222;Sonne&#8220;-Areals in Wildtal mit einbezogen zu werden. Pustekuchen! Auch unsere nochmalige Sammlung mit gut 500 Unterschriften im Sommer 2010, nachdem die Planung vorlag, wurde vom B\u00fcrgermeister und anderen Beh\u00f6rden ignoriert. 2012 ist der Bagger gekommen und hat die markante Sandsteingiebelwand demontiert, die riesige Scheune, aus der ein vielf\u00e4ltig nutzbares B\u00fcrgerhaus h\u00e4tte werden k\u00f6nnen, wurde demoliert; und der einstmals denkmalgesch\u00fctzte Gasthof &#8222;Sonne&#8220;, der 2010 noch renovierbar gewesen w\u00e4re, wird derzeit dem Wetter zum feuchten Verderb angeboten \u2013 bis auch dort der Bagger einrei\u00dft. Dass ein paar von den alten Fachwerkbalken auf die Mauer einer Neo-Sonne geklebt werden sollen, macht die Sache vollends zur Provinzposse. Dass unsere Petition ignorant behandelt wurde, geht leider auf das Konto gr\u00fcner Politiker (W\u00f6lfle und B\u00f6hlen). Sch\u00f6ne Worte, die nicht ernst gemeint sind, sind schlimmer als eindeutig b\u00f6se. Da wei\u00df man, wie man dran ist!<br \/>\n28.12.2012, Dr. Manfred Westermayer, Gundelfingen<\/p>\n<p>&nbsp;<\/p>\n<p><strong>F\u00f6rster f\u00fchren Wanderungen am 1.Mai: Wildtalereck und Streckereck<\/strong><\/p>\n<p>Der Landkreis Breisgau-Hochschwarzwald hat die gr\u00f6\u00dfte Vielfalt an W\u00e4ldern in ganz Deutschland. Von den Flaumeichenw\u00e4ldern mit Mittelmeercharakter bis zu den nat\u00fcrlichen Fichtenw\u00e4ldern an den Nordh\u00e4ngen des Feldbergs gibt es eine reiche Palette. Im Jahr des Waldes soll die Bedeutung des Waldes f\u00fcr den Menschen und damit auch f\u00fcr die Erholungssuchenden dargestellt werden. Am 1. Mai liegt gibt es mehrere Angebote f\u00fcr Wanderer. Im Rahmen der Maifeste am Wildt\u00e4ler Eck und am <a href=\"https:\/\/www.freiburg-schwarzwald.de\/mtb-stpeter.htm#Streckereck\">Strecker Eck<\/a> werden die F\u00f6rster des Landkreises einen Ausschnitt an W\u00e4ldern mit kleinen Wanderungen n\u00e4her vorstellen. Alle Interessierten sind eingeladen, die Veranstaltungen sind kostenlos.<br \/>\nFolgende Wanderungen finden statt:<br \/>\nDie Geschichte der Eichenw\u00e4lder in Gundelfingen: Wanderung von Gundelfingen zum Maifest Wildt\u00e4ler Eck; Start 10. 00 Uhr; Treffpunkt Sportplatz, Weiherplatz; Streckenl\u00e4nge etwa 4 Kilometer.<br \/>\nUrige Eichenw\u00e4lder mit Fuchs- und Dachsbauten: Rundwanderung mit Start und Ziel am Maifest Wildt\u00e4ler Eck; Strecke zirka 3 Kilometer; Starts: 12 Uhr, 14 Uhr und 16 Uhr.<br \/>\nTannenw\u00e4lder: Im Schwarzwald normal \u2013 in Deutschland eine Rarit\u00e4t: Wanderung von Maifest Wildt\u00e4ler Eck zum Maifest Streckereck, zirka 5 Kilometer; Start: 13 Uhr Maifest Wildtaler Eck.<br \/>\nBaumriesen im Bannwald: Wanderung vom Streckereck auf dem Kandelh\u00f6henweg zum Bannwald Conventwald, einem seit \u00fcber 40 Jahren unber\u00fchrten Buchen-Tannenwald mit imposanten Baumriesen; einfache Wanderung, etwa 3.5 Kilometer Hinweg) Start ab 11 Uhr Maifest Strecker Eck; mehrere F\u00fchrungen, die angesagt werden. <!-- RSPEAK_STOP --><br \/>\n29.4.2011, Landkreis BH<\/p>\n<p>&nbsp;<\/p>\n<p><a name=\"Historische Sonne in Wildtal: 550 B\u00fcrger einfach ignoriert\"><\/a><strong>Historische Sonne in Wildtal: 550 B\u00fcrger einfach ignoriert<\/strong><\/p>\n<p>Mit gro\u00dfer Bewunderung, zugegebenerma\u00dfen aber auch mit gewissem Neid, habe ich den Bericht \u00fcber die erstmalige Verleihung des Architekturpreises 2010 gelesen. Als Kriterien werden sowohl moderne Architektur, &#8222;die respektvoll das vorhandene Orts- und Landschaftsbild bereichert&#8220; als auch das Bem\u00fchen &#8222;um den historischen Bestand&#8220; genannt. Es ist tr\u00f6stlich zu erfahren, dass es diese Anstrengungen auf kommunaler Ebene gibt und dass sie gew\u00fcrdigt werden. Wir, die Mitglieder einer B\u00fcrgerinitiative in Gundelfingen-Wildtal, die sich genau diesen Ideen verschrieben hat, m\u00fcssen gerade schmerzlich erfahren, wie der B\u00fcrgermeister und eine Mehrheit von Gemeinder\u00e4ten alles tun, um das mehr als 300-j\u00e4hrige ehemalige Gasthaus &#8222;Sonne&#8220; und die Ortsbild pr\u00e4gende Scheune abrei\u00dfen zu lassen. So soll Platz geschaffen werden f\u00fcr f\u00fcnf Wohnbl\u00f6cke in einfallsloser Bautr\u00e4ger-Architektur. Ein Fachwerkimitat wird den B\u00fcrgern als &#8222;Neue Sonne&#8220; verkauft. Die bis zum Auftreten des jetzigen Investors geltenden Leitlinien f\u00fcr die Bebauung, n\u00e4mlich dass die historischen Geb\u00e4ude erhalten bleiben und allenfalls eine moderate, den Charakter des Ortsbildes bewahrende Bebauung gestattet werden sollte, wurden aufgegeben. Alternativen Planungsm\u00f6glichkeiten wurden im Gemeinderat exakt f\u00fcnf Minuten Vorstellungszeit einger\u00e4umt. Investoren, die den Erhalt der Geb\u00e4ude zugesagt hatten und mit moderner, anspruchsvoller Wohnarchitektur verbinden wollten, wurden ausgebremst. Die Bekundungen von 550 B\u00fcrgern, die sich f\u00fcr eine Konzeption wie die von Ihnen beschriebene und mit Preisen ausgezeichnete eingesetzt haben, werden ignoriert. Armes Wildtal! <!-- RSPEAK_STOP --><br \/>\nBlog von Monika Klein, Gundelfingen, vom 18.8.2010<\/p>\n<p>Mehr dazu vom 9.6.2010 hier:<br \/>\n<a href=\"https:\/\/www.badische-zeitung.de\/gundelfingen\/sonne-areal-in-wildtal-reizt-die-buerger--32076730.html\">https:\/\/www.badische-zeitung.de\/gundelfingen\/sonne-areal-in-wildtal-reizt-die-buerger&#8211;32076730.html<\/a><\/p>\n<p>&nbsp;<\/p>\n<p>&nbsp;<\/p>\n<p><a name=\"Pferdegest\u00fctzte Therapie f\u00fcr Kinder auf dem Pflammhof\"><\/a><strong>Pferdegest\u00fctzte Therapie f\u00fcr Kinder auf dem Pflammhof<\/strong><\/p>\n<p>Reiten und Striegeln als Therapie \/ Kinder nehmen auf dem <a href=\"https:\/\/www.freiburg-schwarzwald.de\/wildtal5.htm#Flammhof-Gehri im Wildtal\">Flammhof in Wildtal <\/a>die Z\u00fcgel in die Hand \/ Vierbeiner helfen, das Selbstbewusstsein zu st\u00e4rken<\/p>\n<p>Die f\u00fcnfj\u00e4hrige Charlotte greift den Striegel und b\u00fcrstet kr\u00e4ftig Sindris Fell. Daneben bindet Hanne bunte Schleifen und T\u00fccher am Voltigiergurt fest. Brav wie ein Lamm steht der kr\u00e4ftige Isl\u00e4nder da und l\u00e4sst sich streicheln, kraulen und herzen, w\u00e4hrend Frauke Kess, die seit einem Jahr auf dem Flammhof in Wildtal &#8222;pferdegest\u00fctzte Therapie und P\u00e4dagogik&#8220; anbietet, ganz ruhig weitere Aufgaben anweist und damit ganz nebenbei \u2014 ohne, dass es die Kinder merken \u2014 \u00c4ngste abbaut, damit die couragierter werden. &#8222;Bei einer Reittherapie geht es um mehr als um das Reiten&#8220;, erkl\u00e4rt die Diplom-Sozialp\u00e4dagogin und Gestalttherapeutin. Entwicklungsverz\u00f6gerungen, Verhaltensauff\u00e4lligkeiten oder Lernschw\u00e4chen k\u00f6nnen damit behandelt und ein gutes Selbstwertgef\u00fchl entwickelt werden. &#8222;Pferde spiegeln unvoreingenommen das Verhalten ihres Gegen\u00fcber wider und au\u00dferdem sind sie sehr sozial veranlagt&#8220; , betont die 37-J\u00e4hrige. Deshalb baut sie auf die gut ausgebildeten Therapiepferde, um Kinder gezielt in ihrer motorischen, sozialen und emotionalen Entwicklung zu unterst\u00fctzen. &#8222;Aber auch Kinder, die einfach nur Spa\u00df und Freude am Umgang mit Pferden haben und mit ihnen spielerisch die Natur erleben wollen, nehmen an den Kursen teil.&#8220; Selbst sitzt Kess seit ihrem achten Lebensjahr auf dem Pferder\u00fccken. &#8222;Ich habe mich schon fr\u00fch entschlossen, mit Pferden zu arbeiten.&#8220; Nach dem P\u00e4dagogikstudium folgte daher die Ausbildung f\u00fcr Motop\u00e4dagogik mit Pferden f\u00fcr Kinder und die Ausbildung f\u00fcr Reit- und Therapiepferde. Neben ihrer T\u00e4tigkeit hat sie noch einen Lehrauftrag an der Fachhochschule Frankfurt: Tiergest\u00fctzte Therapie mit Kindern und Jugendlichen.<br \/>\n&#8222;Jetzt satteln und trensen wir Sindri&#8220;, bittet die Therapeutin. Zahlreiche Schnallen m\u00fcssen zugemacht, Stricke gebunden und verknotet werden. Die Fein- und Grobmotorik der M\u00e4dchen und Jungen wird so gef\u00f6rdert. Angst vor dem gro\u00dfen Tier hat niemand. &#8222;Das Selbstbewusstsein und das Selbstvertrauen steigt nat\u00fcrlich enorm.&#8220; Aber auch die Kontaktf\u00e4higkeit untereinander, das r\u00fccksichtsvolle Verhalten anderen gegen\u00fcber und die \u00dcbernahme von Verantwortung erlernen die 3\u2014 bis 10-J\u00e4hrigen ganz schnell. Rasch ist an diesem Tag auch gekl\u00e4rt, wer zuerst seine Runden auf Sindri drehen darf. Schwierig wird es nur, als Hanne und Charlotte gleichzeitig nach dem Takt der Trommel reiten m\u00f6chten. Kein Problem: Sie steigen einfach zu zweit auf und zusammen lernen sie das Gleichgewicht sowie die Koordinationsf\u00e4higkeiten auf dem Pferder\u00fccken zu entwickeln. &#8222;Pferde sind sehr sensible Lebewesen, die sich schnell auf die Menschen einstellen k\u00f6nnen.&#8220; Gerade das ist es, was sich Kess beim heilp\u00e4dagogischen Reiten zunutze macht. Damit konnte sie schon Kindern helfen, die Opfer psychischer oder <a href=\"https:\/\/www.freiburg-schwarzwald.de\/sexuellermissbrauch.htm\">sexueller Gewalt<\/a> waren, oder Kindern, bei denen die eigenen Eltern mit der Erziehung aufgrund von psychischen Schwierigkeiten oder <a href=\"https:\/\/www.freiburg-schwarzwald.de\/sucht.htm\">Suchtproblemen<\/a> \u00fcberfordert waren. &#8222;Es ist etwas sehr Besonderes, wenn ein verschlossenes, zur\u00fcckhaltendes und \u00e4ngstliches M\u00e4dchen endlich auftaut und wieder anf\u00e4ngt N\u00e4he zu suchen&#8220;, erz\u00e4hlt die P\u00e4dagogin. Mittlerweile ist die heilsame Wirkung des Kontakts mit Pferden f\u00fcr Kinder eine bekannte Tatsache. Der unmittelbare k\u00f6rperliche Kontakt beim Reiten, Voltigieren oder bei der Pflege der Pferde kann bei Kindern freudige Emotionen, Befreiung, Aufgehobensein bis hin zur psychotherapeutischen Verst\u00e4rkung heilsamer K\u00f6rpersignale f\u00fchren. Denn Reitenden erleben ihren K\u00f6rper auf besondere Weise. Das Bewegt- und Getragenwerden von einem gro\u00dfen Tier vermittelt Raum und Geschwindigkeit\u2014 besonders kleine Kinder k\u00f6nnen pl\u00f6tzlich mit gr\u00f6\u00dferen mithalten, weil das Pferd sie tr\u00e4gt. &#8222;Und f\u00fcr ein Kind im Rollstuhl ersetzt das Pferd die Beine. Das ist f\u00fcr das Kind ein sch\u00f6nes Gef\u00fchl&#8220; , so Kess.<br \/>\nAndrea Steinhart , 16.11.2007, <a href=\"https:\/\/www.badische-zeitung.de\/\">www.badische-zeitung.de<\/a> <!-- RSPEAK_STOP --><\/p>\n","protected":false},"excerpt":{"rendered":"<p>Home &gt;Orte &gt;Gundelfingen &gt;Wildtal B\u00fcrgermeisteramt Gundelfingen und Pressefreiheit (11.4.2024) Sonne-Areal &#8211; B\u00fcrgerwille hat keinen Einfluss (28.12.2012) F\u00f6rster f\u00fchren Wanderungen am 1.Mai: Wildtalereck und Streckereck &gt;Wildtal (29.4.2011) Historische Sonne in Wildtal: 550 B\u00fcrger einfach ignoriert &gt;Wildtal (18.8.2010) Pferdegest\u00fctzte Therapie f\u00fcr Kinder &hellip; <a href=\"https:\/\/www.freiburg-schwarzwald.de\/blog\/regio\/orte\/wildtal\/\">Weiterlesen <span class=\"meta-nav\">&rarr;<\/span><\/a><\/p>\n","protected":false},"author":4,"featured_media":0,"parent":363,"menu_order":0,"comment_status":"open","ping_status":"closed","template":"","meta":{"footnotes":""},"class_list":["post-18909","page","type-page","status-publish","hentry"],"_links":{"self":[{"href":"https:\/\/www.freiburg-schwarzwald.de\/blog\/wp-json\/wp\/v2\/pages\/18909","targetHints":{"allow":["GET"]}}],"collection":[{"href":"https:\/\/www.freiburg-schwarzwald.de\/blog\/wp-json\/wp\/v2\/pages"}],"about":[{"href":"https:\/\/www.freiburg-schwarzwald.de\/blog\/wp-json\/wp\/v2\/types\/page"}],"author":[{"embeddable":true,"href":"https:\/\/www.freiburg-schwarzwald.de\/blog\/wp-json\/wp\/v2\/users\/4"}],"replies":[{"embeddable":true,"href":"https:\/\/www.freiburg-schwarzwald.de\/blog\/wp-json\/wp\/v2\/comments?post=18909"}],"version-history":[{"count":2,"href":"https:\/\/www.freiburg-schwarzwald.de\/blog\/wp-json\/wp\/v2\/pages\/18909\/revisions"}],"predecessor-version":[{"id":122556,"href":"https:\/\/www.freiburg-schwarzwald.de\/blog\/wp-json\/wp\/v2\/pages\/18909\/revisions\/122556"}],"up":[{"embeddable":true,"href":"https:\/\/www.freiburg-schwarzwald.de\/blog\/wp-json\/wp\/v2\/pages\/363"}],"wp:attachment":[{"href":"https:\/\/www.freiburg-schwarzwald.de\/blog\/wp-json\/wp\/v2\/media?parent=18909"}],"curies":[{"name":"wp","href":"https:\/\/api.w.org\/{rel}","templated":true}]}}