{"id":18829,"date":"2012-12-27T18:13:19","date_gmt":"2012-12-27T17:13:19","guid":{"rendered":"https:\/\/www.freiburg-schwarzwald.de\/blog\/?page_id=18829"},"modified":"2013-09-17T21:15:22","modified_gmt":"2013-09-17T19:15:22","slug":"spirzen","status":"publish","type":"page","link":"https:\/\/www.freiburg-schwarzwald.de\/blog\/regio\/orte\/stmaergen\/spirzen\/","title":{"rendered":"Spirzen"},"content":{"rendered":"<p>Home &gt;<a title=\"Regio\" href=\"https:\/\/www.freiburg-schwarzwald.de\/blog\/regio\/\">Regio<\/a> &gt;<a title=\"Orte\" href=\"https:\/\/www.freiburg-schwarzwald.de\/blog\/regio\/orte\/\">Orte<\/a> &gt;<a title=\"StMaergen\" href=\"https:\/\/www.freiburg-schwarzwald.de\/blog\/regio\/orte\/stmaergen\/\">StMaergen<\/a> &gt;Spirzen<\/p>\n<div id=\"attachment_37787\" style=\"width: 651px\" class=\"wp-caption alignnone\"><a href=\"https:\/\/www.freiburg-schwarzwald.de\/blog\/regio\/orte\/stmaergen\/spirzen\/spirzen-lenz-pan130917\/\" rel=\"attachment wp-att-37787\"><img loading=\"lazy\" decoding=\"async\" aria-describedby=\"caption-attachment-37787\" class=\" wp-image-37787  \" title=\"spirzen-lenz-pan130917\" src=\"https:\/\/www.freiburg-schwarzwald.de\/blog\/wp-content\/uploads\/2012\/12\/spirzen-lenz-pan130917.jpg\" alt=\"\" width=\"641\" height=\"186\" srcset=\"https:\/\/www.freiburg-schwarzwald.de\/blog\/wp-content\/uploads\/2012\/12\/spirzen-lenz-pan130917.jpg 641w, https:\/\/www.freiburg-schwarzwald.de\/blog\/wp-content\/uploads\/2012\/12\/spirzen-lenz-pan130917-180x52.jpg 180w, https:\/\/www.freiburg-schwarzwald.de\/blog\/wp-content\/uploads\/2012\/12\/spirzen-lenz-pan130917-640x185.jpg 640w\" sizes=\"auto, (max-width: 641px) 100vw, 641px\" \/><\/a><p id=\"caption-attachment-37787\" class=\"wp-caption-text\">Blick vom Thurner nach Westen \u00fcber &quot;In den Spirzen&quot; (links) und &quot;Auf den Spirzen&quot; (rechts) bis zu den Rosskopf-Windr\u00e4dern (hinten Mitte)<\/p><\/div>\n<p>\u00a0Mehr zum\u00a0obigen Panorama-Bild des <a title=\"Fotografie\" href=\"https:\/\/www.freiburg-schwarzwald.de\/blog\/business\/dienste\/fotografie\/\">Fotografen<\/a> Konrad Lenz auf <a href=\"https:\/\/www.foto-praxis.eu\">www.foto-praxis.eu<\/a> \u00a0<\/p>\n<p>&nbsp;<\/p>\n<ul>\n<li>&#8222;Auf der Spirzen und &#8222;In der Spirzen&#8220;<\/li>\n<li><a href=\"https:\/\/www.freiburg-schwarzwald.de\/spirzen.htm\">www.freiburg-schwarzwald.de\/spirzen.htm<\/a> &gt;Archivseite Spirzen<\/li>\n<li><a href=\"https:\/\/www.freiburg-schwarzwald.de\/spirzen#Auf der Spirzen im ersten Schnee\">Auf der Spirzen im ersten Schnee<\/a> (8.12.2008)<\/li>\n<li><a href=\"https:\/\/www.freiburg-schwarzwald.de\/spirzen5.htm\">Bauernh\u00f6fe auf und in den Spirzen<\/a> &gt;Spirzen5<\/li>\n<li><a href=\"https:\/\/www.freiburg-schwarzwald.de\/spirzen#Dreieck westlich vom Micheleh\u00e4usle\">Dreieck westlich vom Micheleh\u00e4usle<\/a><\/li>\n<li><a href=\"https:\/\/www.freiburg-schwarzwald.de\/fotos\/jahreszeiten.htm#Rufenh\u00e4usle\">Jahreszeiten: Blicke \u00fcbers Rufenh\u00e4usle auf den Spirzen<\/a>&gt;Jahreszeiten\u00a0<\/li>\n<li><a href=\"https:\/\/www.freiburg-schwarzwald.de\/jugendherberge.htm#Buchenbach - Jugendhaus St.Barbara\">Lochh\u00e4usle: St.Barbara &#8211; Jugendhaus in den Spirzen<\/a> &gt;Jugendherberge<\/li>\n<li><a href=\"https:\/\/www.freiburg-schwarzwald.de\/jugendherberge.htm#Buchenbach - Jugendhaus St.Barbara\">St.Barbara &#8211; Jugendhaus in den Spirzen<\/a> &gt;Jugendherberge<\/li>\n<li><a href=\"https:\/\/www.freiburg-schwarzwald.de\/spirzen#Spirzen - was bedeutet dies\">Spirzen &#8211; was bedeutet dies?<\/a><br \/>\n\u00a0<\/li>\n<li><a title=\"Schweighoefe\" href=\"https:\/\/www.freiburg-schwarzwald.de\/blog\/regio\/orte\/stmaergen\/schweighoefe\/\">Schweigh\u00f6fe &#8211; ganz oben<\/a><\/li>\n<li><a title=\"Steig\" href=\"https:\/\/www.freiburg-schwarzwald.de\/blog\/regio\/orte\/buchenbach\/steig\/\">Steig &#8211; zwischen Spirzen und Schweigbrunnen<\/a><\/li>\n<li><a title=\"StMaergen\" href=\"https:\/\/www.freiburg-schwarzwald.de\/blog\/regio\/orte\/stmaergen\/\">Gemeinde St. M\u00e4rgen<\/a><\/li>\n<li><a href=\"https:\/\/www.freiburg-schwarzwald.de\/stmaergenfewo.htm\">Ferienwohnungen in St.M\u00e4rgen<\/a> &gt;StMaergenFewo<\/li>\n<li><a href=\"https:\/\/www.freiburg-schwarzwald.de\/mtb-thurner.htm\">MTB: FR &#8211; Dreisamtal &#8211; Wagensteig &#8211; Thurner &#8211; St.M\u00e4rgen &#8211; Ibental &#8211; FR<\/a> &gt;MTB-Thurner (18.8.08)<\/li>\n<li><a href=\"https:\/\/www.freiburg-schwarzwald.de\/rollstuhl.htm\">Rollstuhlfahren im Schwarzwald<\/a> &gt;Rollstuhl<\/li>\n<li><a href=\"https:\/\/www.freiburg-schwarzwald.de\/steig.htm#Steigweg im ersten Schnee\">Steigweg im ersten Schnee<\/a> &gt;Steig (9.12.2008)<\/li>\n<li><a href=\"https:\/\/www.freiburg-schwarzwald.de\/breitnau5.htm\">Bauernh\u00f6fe (Fewo, Brauchtum, Direktvermarktung) in Breitnau<\/a> &gt;Breitnau5<\/li>\n<li><a href=\"https:\/\/www.freiburg-schwarzwald.de\/freyel.htm\">Bauernh\u00f6fe (Ferienwohnung, Brauchtum, Hofladen) am Freyel nordwestlich Breitnau<\/a> &gt;Freyel<\/li>\n<li><a href=\"https:\/\/www.freiburg-schwarzwald.de\/wagensteig5.htm\">Ferien auf dem Bauernhof in Wagensteig<\/a> &gt;Wagensteig5<\/li>\n<li><a href=\"https:\/\/www.freiburg-schwarzwald.de\/buchenbach5.htm\">Ferien auf dem Bauernhof in Buchenbach<\/a> &gt;Buchenbach5<\/li>\n<\/ul>\n<p>&nbsp;<\/p>\n<p><a href=\"https:\/\/www.freiburg-schwarzwald.de\/blog\/regio\/orte\/stmaergen\/spirzen\/fallerhof-spirzen2011\/\" rel=\"attachment wp-att-18843\"><img loading=\"lazy\" decoding=\"async\" class=\"alignnone size-thumbnail wp-image-18843\" title=\"fallerhof-spirzen2011\" src=\"https:\/\/www.freiburg-schwarzwald.de\/blog\/wp-content\/uploads\/2012\/12\/fallerhof-spirzen2011-139x180.jpg\" alt=\"\" width=\"139\" height=\"180\" srcset=\"https:\/\/www.freiburg-schwarzwald.de\/blog\/wp-content\/uploads\/2012\/12\/fallerhof-spirzen2011-139x180.jpg 139w, https:\/\/www.freiburg-schwarzwald.de\/blog\/wp-content\/uploads\/2012\/12\/fallerhof-spirzen2011.jpg 492w\" sizes=\"auto, (max-width: 139px) 100vw, 139px\" \/><\/a>\u00a0\u00a0\u00a0\u00a0\u00a0\u00a0\u00a0\u00a0\u00a0 <a href=\"https:\/\/www.freiburg-schwarzwald.de\/blog\/regio\/orte\/stmaergen\/spirzen\/spirzjockelehof130303\/\" rel=\"attachment wp-att-24022\"><img loading=\"lazy\" decoding=\"async\" title=\"spirzjockelehof130303\" src=\"https:\/\/www.freiburg-schwarzwald.de\/blog\/wp-content\/uploads\/2012\/12\/spirzjockelehof130303-180x141.jpg\" alt=\"\" width=\"180\" height=\"141\" \/><\/a>\u00a0\u00a0\u00a0\u00a0\u00a0\u00a0\u00a0\u00a0\u00a0 <a href=\"https:\/\/www.freiburg-schwarzwald.de\/blog\/regio\/orte\/stmaergen\/spirzen\/spirzen-hogenhof130303\/\" rel=\"attachment wp-att-24023\"><img loading=\"lazy\" decoding=\"async\" class=\"alignnone size-thumbnail wp-image-24023\" title=\"spirzen-hogenhof130303\" src=\"https:\/\/www.freiburg-schwarzwald.de\/blog\/wp-content\/uploads\/2012\/12\/spirzen-hogenhof130303-180x142.jpg\" alt=\"\" width=\"180\" height=\"142\" srcset=\"https:\/\/www.freiburg-schwarzwald.de\/blog\/wp-content\/uploads\/2012\/12\/spirzen-hogenhof130303-180x142.jpg 180w, https:\/\/www.freiburg-schwarzwald.de\/blog\/wp-content\/uploads\/2012\/12\/spirzen-hogenhof130303.jpg 639w\" sizes=\"auto, (max-width: 180px) 100vw, 180px\" \/><\/a><br \/>\n(1) In den Spirzen\u00a0\u00a0\u00a0\u00a0\u00a0\u00a0\u00a0\u00a0\u00a0\u00a0\u00a0\u00a0\u00a0\u00a0\u00a0\u00a0\u00a0\u00a0\u00a0\u00a0\u00a0\u00a0\u00a0\u00a0\u00a0(2) Spirzjockelehof 3.3.2013\u00a0\u00a0\u00a0\u00a0\u00a0\u00a0\u00a0\u00a0\u00a0\u00a0\u00a0\u00a0\u00a0\u00a0\u00a0\u00a0\u00a0\u00a0\u00a0(3) Hohenhof 3.3.2013<\/p>\n<p><a href=\"https:\/\/www.freiburg-schwarzwald.de\/blog\/regio\/orte\/stmaergen\/spirzen\/spirzenstrasse1964-71bau130303\/\" rel=\"attachment wp-att-24024\"><img loading=\"lazy\" decoding=\"async\" title=\"spirzenstrasse1964-71bau130303\" src=\"https:\/\/www.freiburg-schwarzwald.de\/blog\/wp-content\/uploads\/2012\/12\/spirzenstrasse1964-71bau130303-180x135.jpg\" alt=\"\" width=\"180\" height=\"135\" \/><\/a><br \/>\n(4) Spirzenstrasse 1964-71<\/p>\n<p>(1) Blick vom Str\u00e4\u00dfle &#8222;Auf den Spirzen&#8220; nach S\u00fcdosten \u00fcber den Fallerhof unten im Spirzendobel hoch zum Oberen Fahrenberg bei Breitnau mit dem Beckenhof\u00a0 &#8211; Winter 2011<\/p>\n<p>&nbsp;<\/p>\n<p align=\"left\"><a name=\"Auf der Spirzen und In der Spirzen\"><\/a>&#8222;<strong>Auf der Spirzen und &#8222;In der Spirzen&#8220;<\/strong><\/p>\n<p>Spirzen &#8211; das auf der Gemarkung von St.M\u00e4rgen liegende Gebiet zwischen Thurner und Wagensteig ist dunkel hervorgehoben\u00a0 und durch eine gestrichelte Linie begrenzt. Zwischen Spirzjockelhof im Osten und Rechenhansenhof und Danielhof im Westen.&#8216;<br \/>\nDie Spirzenstrasse f\u00fchrt entlang des Spirzenbaches von Buchenbach hoch zum Thurner &#8211; eine viel befahrenes Strasse, da sie die k\u00fcrzeste Verbindung darstellt zwischen Freiburg und Furtwangen. Aus diesem Grunde wollte man fr\u00fcher mal hier eine Autobahn durchf\u00fchren. Die von dieser Strasse abzweigenden Bauernh\u00f6fe haben alle die Hausadresse &#8222;In der Spirzen&#8220;.<br \/>\nDas in der Landkarte eingezeichnete Str\u00e4\u00dfchen &#8222;Auf der Spirzen&#8220; verl\u00e4uft auf einem freien H\u00f6henr\u00fccken parallel zur Spirzenstrasse und bietet einen wundersch\u00f6nen Rundumblick auf St.Peter, St.M\u00e4rgen, Thurner und in Richtung Breitnau sowie Dreisamtal\/Vogesen. Tip: Mit dem Fahrrad vom Thurner nach Freiburg: &#8222;Auf der Spirzen&#8220;, dann rechts ab \u00fcber den &#8222;Steigweg&#8220; runter nach Wagensteig, dann \u00fcber Buchenbach entlang der Dreisamt nach Freiburg.<\/p>\n<div id=\"attachment_702\" style=\"width: 611px\" class=\"wp-caption alignnone\"><a href=\"https:\/\/www.freiburg-schwarzwald.de\/blog\/kultur\/kunst\/schweighoefe-pan071219\/\" rel=\"attachment wp-att-702\"><img loading=\"lazy\" decoding=\"async\" aria-describedby=\"caption-attachment-702\" class=\"size-full wp-image-702\" title=\"schweighoefe-pan071219\" src=\"https:\/\/www.freiburg-schwarzwald.de\/blog\/wp-content\/uploads\/2012\/04\/schweighoefe-pan071219.jpg\" alt=\"\" width=\"601\" height=\"191\" srcset=\"https:\/\/www.freiburg-schwarzwald.de\/blog\/wp-content\/uploads\/2012\/04\/schweighoefe-pan071219.jpg 601w, https:\/\/www.freiburg-schwarzwald.de\/blog\/wp-content\/uploads\/2012\/04\/schweighoefe-pan071219-180x57.jpg 180w\" sizes=\"auto, (max-width: 601px) 100vw, 601px\" \/><\/a><p id=\"caption-attachment-702\" class=\"wp-caption-text\">Zwischen Hinterzarten und St.Maergen: Tele-Blick vom Brosihof nach S\u00fcdwesten \u00fcber Schweigh\u00f6fe, Spirzen und Dreisamtal (links) zum Rheintal im dichten Nebel und den Vogesen am 19.12.2007<\/p><\/div>\n","protected":false},"excerpt":{"rendered":"<p>Home &gt;Regio &gt;Orte &gt;StMaergen &gt;Spirzen \u00a0Mehr zum\u00a0obigen Panorama-Bild des Fotografen Konrad Lenz auf www.foto-praxis.eu \u00a0 &nbsp; &#8222;Auf der Spirzen und &#8222;In der Spirzen&#8220; www.freiburg-schwarzwald.de\/spirzen.htm &gt;Archivseite Spirzen Auf der Spirzen im ersten Schnee (8.12.2008) Bauernh\u00f6fe auf und in den Spirzen &gt;Spirzen5 &hellip; <a href=\"https:\/\/www.freiburg-schwarzwald.de\/blog\/regio\/orte\/stmaergen\/spirzen\/\">Weiterlesen <span class=\"meta-nav\">&rarr;<\/span><\/a><\/p>\n","protected":false},"author":4,"featured_media":0,"parent":13713,"menu_order":0,"comment_status":"open","ping_status":"closed","template":"","meta":{"footnotes":""},"class_list":["post-18829","page","type-page","status-publish","hentry"],"_links":{"self":[{"href":"https:\/\/www.freiburg-schwarzwald.de\/blog\/wp-json\/wp\/v2\/pages\/18829","targetHints":{"allow":["GET"]}}],"collection":[{"href":"https:\/\/www.freiburg-schwarzwald.de\/blog\/wp-json\/wp\/v2\/pages"}],"about":[{"href":"https:\/\/www.freiburg-schwarzwald.de\/blog\/wp-json\/wp\/v2\/types\/page"}],"author":[{"embeddable":true,"href":"https:\/\/www.freiburg-schwarzwald.de\/blog\/wp-json\/wp\/v2\/users\/4"}],"replies":[{"embeddable":true,"href":"https:\/\/www.freiburg-schwarzwald.de\/blog\/wp-json\/wp\/v2\/comments?post=18829"}],"version-history":[{"count":0,"href":"https:\/\/www.freiburg-schwarzwald.de\/blog\/wp-json\/wp\/v2\/pages\/18829\/revisions"}],"up":[{"embeddable":true,"href":"https:\/\/www.freiburg-schwarzwald.de\/blog\/wp-json\/wp\/v2\/pages\/13713"}],"wp:attachment":[{"href":"https:\/\/www.freiburg-schwarzwald.de\/blog\/wp-json\/wp\/v2\/media?parent=18829"}],"curies":[{"name":"wp","href":"https:\/\/api.w.org\/{rel}","templated":true}]}}