{"id":187,"date":"2012-04-01T19:21:43","date_gmt":"2012-04-01T19:21:43","guid":{"rendered":"https:\/\/www.freiburg-schwarzwald.de\/blog\/?page_id=187"},"modified":"2025-10-09T13:51:40","modified_gmt":"2025-10-09T11:51:40","slug":"pflege","status":"publish","type":"page","link":"https:\/\/www.freiburg-schwarzwald.de\/blog\/business\/dienste\/pflege\/","title":{"rendered":"Pflege"},"content":{"rendered":"<p>Home &gt;<a title=\"Selbsthilfe\" href=\"https:\/\/www.freiburg-schwarzwald.de\/blog\/selbsthilfe\/\">Selbsthilfe<\/a> &gt;<a title=\"Senioren\" href=\"https:\/\/www.freiburg-schwarzwald.de\/blog\/selbsthilfe\/senioren\/\">Senioren<\/a> &gt;<a title=\"Dienste\" href=\"https:\/\/www.freiburg-schwarzwald.de\/blog\/branchen\/dienste\/\">Dienste<\/a> &gt;Pflege<\/p>\n<div id=\"attachment_1767\" style=\"width: 608px\" class=\"wp-caption alignnone\"><a href=\"https:\/\/www.freiburg-schwarzwald.de\/blog\/?attachment_id=\" rel=\"attachment wp-att-1767\"><img loading=\"lazy\" decoding=\"async\" aria-describedby=\"caption-attachment-1767\" class=\"size-full wp-image-1767\" title=\"kartaus1pan-091029\" src=\"https:\/\/www.freiburg-schwarzwald.de\/blog\/wp-content\/uploads\/2012\/04\/kartaus1pan-091029.jpg\" alt=\"\" width=\"598\" height=\"252\" \/><\/a><p id=\"caption-attachment-1767\" class=\"wp-caption-text\">Blick nach Norden von der Dreisam zur Kartaus am 29.10.2009<\/p><\/div>\n<p>&nbsp;<\/p>\n<ul>\n<li><em>Listenauswahl eines Beitrags (Artikel\/Datum, Seite\/Inhalt): <span style=\"text-decoration: underline;\">Klicken<\/span> oder scrollen<\/em><\/li>\n<li><a href=\"https:\/\/www.freiburg-schwarzwald.de\/blog\/business\/gesund\/uniklinik\/uniklinik-pflege\/\">Wie gelingt es der Freiburger Uniklinik, Pflegekr\u00e4fte zu finden \u2013 und zu binden?<\/a> (8.10.2025)<\/li>\n<li><a href=\"https:\/\/www.freiburg-schwarzwald.de\/blog\/business\/dienste\/pflege\/stambulant\/\">Wann kommt das Stambulant-Heim nach Biederbach?<\/a> (11.9.2025)<\/li>\n<li><a href=\"https:\/\/www.freiburg-schwarzwald.de\/blog\/business\/dienste\/immobilien\/wohnen\/wohnungsmangel\/\">Wohnraum f\u00fcr Pflegekr\u00e4fte \u2013 Kampagne war erfolgreich<\/a> (23.8.2024)<\/li>\n<li><a href=\"https:\/\/www.freiburg-schwarzwald.de\/blog\/waehlernoetigung-der-diakonie\/\">W\u00e4hlern\u00f6tigung durch die Diakonie?<\/a>\u00a0(3.5.2024)<\/li>\n<li>Stambulant-Konzept in Benevit-Plegeheim Wyhl (9.11.2023)<\/li>\n<li><a href=\"https:\/\/www.freiburg-schwarzwald.de\/blog\/global\/migration\/migration-wohnen\/\">Evangelisches Stift hilft: Bis zu 90 Fl\u00fcchtlinge in fr\u00fcherem Pflegeheim in FR<\/a> (4.10.2023)<\/li>\n<li><a href=\"https:\/\/www.freiburg-schwarzwald.de\/blog\/selbsthilfe\/senioren\/stahlbad\/\">Tag der offenen 22.2.2022 im Stahlbad St. Antonius in FR-Littenweiler<\/a>\u00a0(8.2.2023)<\/li>\n<li><a href=\"https:\/\/www.freiburg-schwarzwald.de\/blog\/business\/gesund\/uniklinik\/\">Pflegepodcast \u201eDie richtige Dosis\u201c des Universit\u00e4tsklinikums Freiburg<\/a> (22.12.2022)<\/li>\n<li>W\u00fcrdevolle Pflege erfordert die Solidarit\u00e4t der ganzen Gesellschaft (12.11.2022)<\/li>\n<li><a href=\"https:\/\/www.freiburg-schwarzwald.de\/blog\/pflegenotstand-primaer-kinder\/\">Pflegenotstand \u2013 prim\u00e4r Kinder<\/a>\u00a0(27.11.2021)<\/li>\n<li><a href=\"https:\/\/www.freiburg-schwarzwald.de\/blog\/business\/gesund\/corona-virus\/impfung\/\">Indubio Folge 126 \u2013 Sucharit Bhakdi und Gunter Frank<\/a>\u00a0(13.5.2021)<\/li>\n<li><a href=\"https:\/\/www.freiburg-schwarzwald.de\/blog\/vor-dem-tod-retten\/\">Vor dem Tod retten<\/a>\u00a0(23.2.2021)<\/li>\n<li><a href=\"https:\/\/www.freiburg-schwarzwald.de\/blog\/lebensschutz-statt-lockdowns\/\">Lebensschutz statt Lockdowns<\/a>\u00a0(7.1.2021)<\/li>\n<li><a title=\"Corona-Virus\" href=\"https:\/\/www.freiburg-schwarzwald.de\/blog\/business\/gesund\/corona-virus\/\">Dr. Gunter Frank: Shutdown stoppen \u2013 Risikogruppen sch\u00fctzen<\/a>\u00a0(22.4.2020)<\/li>\n<li><a title=\"Pflege-Stammtisch in Freiburg\" href=\"https:\/\/www.freiburg-schwarzwald.de\/blog\/pflege-stammtisch-in-freiburg\/\">Pflege-Stammtisch in Freiburg<\/a> (28.1.2020)<\/li>\n<li>Emmendinger Zentrum f\u00fcr Psychiatrie: Pflege-Personalmangel (18.11.2019)<\/li>\n<li>GKV als Pflichtversicherung\u00a0&#8211; mit gleichem Prozentsatz des Einkommens (26.12.2014)<\/li>\n<li><a href=\"https:\/\/www.freiburg-schwarzwald.de\/blog\/klie-wen-kuemmern-die-alten\/\">https:\/\/www.freiburg-schwarzwald.de\/blog\/klie-wen-kuemmern-die-alten\/<\/a> (14.1.2014)<\/li>\n<li><a href=\"https:\/\/www.freiburg-schwarzwald.de\/blog\/pflege-schwarzarbeit-osteuropa\/\">https:\/\/www.freiburg-schwarzwald.de\/blog\/pflege-schwarzarbeit-osteuropa\/<\/a> (10.1.2014)<\/li>\n<li><a href=\"https:\/\/www.freiburg-schwarzwald.de\/blog\/spanische-pfleger-rabenkopf\/\">https:\/\/www.freiburg-schwarzwald.de\/blog\/spanische-pfleger-rabenkopf\/<\/a>\u00a0(20.8.2013)<\/li>\n<li><a href=\"https:\/\/www.freiburg-schwarzwald.de\/blog\/adlergarten-wohngruppe-recht\/\">https:\/\/www.freiburg-schwarzwald.de\/blog\/adlergarten-wohngruppe-recht\/<\/a>\u00a0(24.1.2013)<\/li>\n<li><a href=\"https:\/\/www.freiburg-schwarzwald.de\/blog\/musiktherapie-bei-demenz\/\">https:\/\/www.freiburg-schwarzwald.de\/blog\/musiktherapie-bei-demenz\/<\/a>\u00a0(7.1.2013)<\/li>\n<li><a href=\"https:\/\/www.freiburg-schwarzwald.de\/littenweiler\/pflege3.htm\">Aktuelle Infos zur Pflege-Seite ab 15.3.2008<\/a> &gt;Pflege3<\/li>\n<li><a href=\"https:\/\/www.freiburg-schwarzwald.de\/littenweiler\/pflege2.htm\">Aktuelle Infos zur Pflege-Seite ab Juni 2007<\/a> &gt;Pflege2<\/li>\n<li><a href=\"https:\/\/www.freiburg-schwarzwald.de\/littenweiler\/pflege1.htm\">Aktuelle Infos zur Pflege-Seite<\/a> &gt;Pflege1<\/li>\n<li><\/li>\n<li><strong><a href=\"https:\/\/www.freiburg-schwarzwald.de\/littenweiler\/pflege.htm\">https:\/\/www.freiburg-schwarzwald.de\/littenweiler\/pflege.htm<\/a> &gt;Archivseite Pflege<\/strong><\/li>\n<li><a href=\"https:\/\/www.freiburg-schwarzwald.de\/littenweiler\/pflege#Pflege - Pflegekosten\">Allgemeine Pflege &#8211; Pflegekosten<\/a><\/li>\n<li><a href=\"https:\/\/www.freiburg-schwarzwald.de\/littenweiler\/pflege#Altenpflege und Altenpflegehilfe - Ausbildung\">Altenpflege und Altenpflegehilfe &#8211; Ausbildung<\/a> &gt;Pflege<\/li>\n<li><a href=\"https:\/\/www.freiburg-schwarzwald.de\/littenweiler\/pflege#Br\u00fcckenpflege f\u00fcr Krebskranke Freiburg\">Br\u00fcckenpflege f\u00fcr Krebskranke Freiburg<\/a><\/li>\n<li><a title=\"Demenz\" href=\"https:\/\/www.freiburg-schwarzwald.de\/blog\/selbsthilfe\/chronisch\/demenz\/\">Demenz im Alter<\/a> &gt;Demenz<\/li>\n<li><a href=\"https:\/\/www.freiburg-schwarzwald.de\/littenweiler\/pflege#Essen auf R\u00e4dern\">Essen auf R\u00e4dern<\/a><\/li>\n<li><a href=\"https:\/\/www.freiburg-schwarzwald.de\/littenweiler\/pflege#IspAn - Interessenselbstvertretung pflegender Angeh\u00f6riger\">IspAn &#8211; Interessenselbstvertretung pflegender Angeh\u00f6riger<\/a><\/li>\n<li><a title=\"Laubenhof\" href=\"https:\/\/www.freiburg-schwarzwald.de\/blog\/selbsthilfe\/senioren\/laubenhof\/\">Laubenhof &#8211; Katharina-Egg-Haus zur Pflege<\/a><\/li>\n<li><a href=\"https:\/\/www.freiburg-schwarzwald.de\/littenweiler\/pflege#Lebensbaum Palliative Pflege\">Lebensbaum Palliative Pflege<\/a><\/li>\n<li><a href=\"https:\/\/www.freiburg-schwarzwald.de\/littenweiler\/pflege#Helfende H\u00e4nde - Pflegedienst in Waldkirch\">Helfende H\u00e4nde &#8211; Pflegedienst in Waldkirch<\/a><\/li>\n<li><a href=\"https:\/\/www.freiburg-schwarzwald.de\/littenweiler\/senioren.htm#St. Marienhaus in Freiburg-Wiehre\">Marienhaus in Freiburg-Wiehre<\/a> &gt;Senioren<\/li>\n<li><a href=\"https:\/\/www.freiburg-schwarzwald.de\/littenweiler\/pflege2.htm#MDK - Medizinischer Dienst der Krankenkassen\">MDK &#8211; Medizinischer Dienst der Krankenkassen<\/a> &gt;Pflege2 (11.7.2007)<\/li>\n<li><a href=\"https:\/\/www.freiburg-schwarzwald.de\/palliativ.htm\">Palliativmedizin, Palliativpflege<\/a> &gt;Palliativ<\/li>\n<li><a href=\"https:\/\/www.freiburg-schwarzwald.de\/littenweiler\/pflege2.htm#Patientenverf\u00fcgung: Ratschl\u00e4ge und Fragen\">Patientenverf\u00fcgung: Ratschl\u00e4ge und Fragen<\/a> &gt;Pflege2 (14.10.2007)<\/li>\n<li><a href=\"https:\/\/www.freiburg-schwarzwald.de\/littenweiler\/pflege#Pflege aktiv in Freiburg-Ebnet\">Pflege aktiv in Freiburg-Ebnet<\/a><\/li>\n<li><a href=\"https:\/\/www.freiburg-schwarzwald.de\/littenweiler\/pflege#Pflegebegleiter\">Pflegebegleiter<\/a><\/li>\n<li><a href=\"https:\/\/www.freiburg-schwarzwald.de\/littenweiler\/pflege#Pflegedienstnavigator und Pflegeheimnavigator im Internet\">Pflegedienstnavigator und Pflegeheimnavigator im Internet<\/a><\/li>\n<li><a title=\"Pflegehelfer\" href=\"https:\/\/www.freiburg-schwarzwald.de\/blog\/business\/dienste\/pflege\/pflegehelfer\/\">Pflegehelfer &#8211; aus dem Ausland<\/a><\/li>\n<li><a href=\"https:\/\/www.freiburg-schwarzwald.de\/littenweiler\/pflege#Pflege mobil\">Pflege mobil<\/a> in Stegen<\/li>\n<li><a href=\"https:\/\/www.freiburg-schwarzwald.de\/littenweiler\/pflege#Pflegenoten.de: Ver\u00f6ffentlichung aller Pflegeberichte des MDK im Internet\">Pflegenoten.de: Ver\u00f6ffentlichung aller Pflegeberichte des MDK im Internet<\/a> &gt;Pflege<\/li>\n<li><a href=\"https:\/\/www.freiburg-schwarzwald.de\/littenweiler\/pflege#Pflege Partner Kirchzarten\">Pflegepartner<\/a> in Kirchzarten<\/li>\n<li><a href=\"https:\/\/www.freiburg-schwarzwald.de\/littenweiler\/pflege#Pflege Plus Freiburg\">PflegePlus<\/a> in Freiburg<\/li>\n<li><a href=\"https:\/\/www.freiburg-schwarzwald.de\/littenweiler\/pflege#Pflegestammtisch Dreisamtal\">Pflegestammtisch Dreisamtal<\/a><\/li>\n<li><a href=\"https:\/\/www.freiburg-schwarzwald.de\/littenweiler\/pflege#Pfleger Thomas: Freie Schwestern und Pfleger\">Pfleger Thomas: Freie Schwestern und Pfleger<\/a> in FR-Wiehre<\/li>\n<li><a href=\"https:\/\/www.freiburg-schwarzwald.de\/littenweiler\/pflege1.htm#Psychobiographisches B\u00f6hm-Pflegemodell: Aufleben statt aufheben, Tafel-H\u00e4user\">Psychobiographisches B\u00f6hm-Pflegemodell<\/a> &gt;Pflege1 (23.5.2006)<\/li>\n<li><a href=\"https:\/\/www.freiburg-schwarzwald.de\/littenweiler\/senioren3.htm#Seniorenengelchen: Haushaltshilfe und PC-Unterst\u00fctzung\">Seniorenengelchen: Haushaltshilfe und PC-Unterst\u00fctzung<\/a>\u00a0 &gt;Senioren3 (6.6.2011)<\/li>\n<li><a title=\"Seniorengenossenschaft\" href=\"https:\/\/www.freiburg-schwarzwald.de\/blog\/selbsthilfe\/senioren\/seniorengenossenschaft\/\">Seniorengenossenschaft<\/a><\/li>\n<li><a title=\"Stahlbad\" href=\"https:\/\/www.freiburg-schwarzwald.de\/blog\/selbsthilfe\/senioren\/stahlbad\/\">Stahlbad FR-Littenweiler<\/a><\/li>\n<li><a href=\"https:\/\/www.freiburg-schwarzwald.de\/littenweiler\/pflege#Tagesbetreuung\u00a0 im Laubenhof\">Tagesbetreuung<\/a> in Littenweiler<\/li>\n<li><a href=\"https:\/\/www.freiburg-schwarzwald.de\/littenweiler\/pflege#Sozialer Dienstleistungs-Service f\u00fcr Mensch und Tier S.D.S.\">S.D.S<\/a> in Stegen<\/li>\n<li><a href=\"https:\/\/www.freiburg-schwarzwald.de\/littenweiler\/pflege#Von Mensch zu Mensch - Pflegedienst in Oberrotweil er\u00f6ffnet\">Von Mensch zu Mensch &#8211; Pflegedienst in Oberrotweil er\u00f6ffnet<\/a><\/li>\n<li><a href=\"https:\/\/www.freiburg-schwarzwald.de\/littenweiler\/pflege3.htm#Wealth Exchange: Pflegeheimbesuche durch multinationale Engel\">Wealth Exchange: Pflegeheimbesuche durch multinationale Engel<\/a> &gt;Pflege3 (8.9.2010)<\/li>\n<li><a href=\"https:\/\/www.freiburg-schwarzwald.de\/littenweiler\/pflege#Walz\">Winni Walz<\/a>, Fu\u00dfpflege in Littenweiler<\/li>\n<li><a href=\"https:\/\/www.freiburg-schwarzwald.de\/littenweiler\/pflege#Links\">Links<\/a><\/li>\n<li><\/li>\n<li><a title=\"Pflegehelfer\" href=\"https:\/\/www.freiburg-schwarzwald.de\/blog\/business\/dienste\/pflege\/pflegehelfer\/\">Ausl\u00e4ndische Pflegekr\u00e4fte<\/a> &gt;Pflegehelfer<\/li>\n<li><a href=\"https:\/\/www.freiburg-schwarzwald.de\/littenweiler\/gesundheit1.htm\">Aktuelles zur Gesundheit<\/a> &gt;Gesundheit1<\/li>\n<li><a title=\"Elternunterhalt\" href=\"https:\/\/www.freiburg-schwarzwald.de\/blog\/selbsthilfe\/familie\/elternunterhalt\/\">Elternunterhalt<\/a><\/li>\n<li><a href=\"https:\/\/www.freiburg-schwarzwald.de\/hauswirtschaft.htm\">Hauswirtschaft<\/a> &gt;Hauswirtschaft<\/li>\n<li><a title=\"Organspende\" href=\"https:\/\/www.freiburg-schwarzwald.de\/blog\/engagement\/organspende\/\">Organspende<\/a><\/li>\n<li><a href=\"https:\/\/www.freiburg-schwarzwald.de\/blog\/business\/dienste\/pflege\/stambulant\/\">Stambulant<\/a><\/li>\n<li><a href=\"https:\/\/www.freiburg-schwarzwald.de\/blog\/business\/gesund\/uniklinik\/\">Uniklinik Freiburg<\/a><\/li>\n<li><a href=\"https:\/\/www.freiburg-schwarzwald.de\/blog\/business\/gesund\/uniklinik\/uniklinik-pflege\/\">Uniklinik-Pflege<\/a><\/li>\n<\/ul>\n<p>&nbsp;<\/p>\n<p><strong>&#8222;Sterben in W\u00fcrde&#8220; &#8211; Stellenwert in Deutschland<\/strong><br \/>\n19 Professuren zu Pflegewissenschaften<br \/>\n217 Professuren zu Gender<\/p>\n<p>================================================<\/p>\n<p><strong>Stambulant-Konzept in Benevit-Plegeheim Wyhl<\/strong><br \/>\nDas Wyhler Pflegeheim zum Mitanpacken steht vor einer ungewissen Zukunft<br \/>\nIn einem Pflegeheim in <a href=\"https:\/\/www.freiburg-schwarzwald.de\/blog\/engagement\/buergerinitiativen\/wyhl\/\">Wyhl<\/a> helfen neben Pflegekr\u00e4ften auch Angeh\u00f6rige und Bewohner. Das Konzept sorgt f\u00fcr Begeisterung, doch der Bund verweigert eine Dauergenehmigung. Der Betreiber denkt ans Aufgeben.<br \/>\nGinge es rein nach seinem Gef\u00fchl, h\u00e4tte Kaspar Pfister l\u00e4ngst hingeschmissen. Seit nunmehr sieben Jahren k\u00e4mpft der Gesch\u00e4ftsf\u00fchrer und Gr\u00fcnder der Benevit-Gruppe um die gesetzliche Zulassung seines &#8222;Stambulant-Modells&#8220; f\u00fcr Pflegeeinrichtungen, sieht sich aber von der Politik hingehalten.<br \/>\n&#8230;.<br \/>\nWeil im Haus Rheinaue auch ambulante, externe Dienste mitarbeiten und die Angeh\u00f6rigen sich einbringen k\u00f6nnen, fallen die Heimkosten f\u00fcr die Bewohner deutlich niedriger aus als in anderen vollstation\u00e4ren Einrichtungen. Die Rheinaue-Bewohner zahlen einen festen Grundbetrag f\u00fcr Wohnen, Hauswirtschaft, Betreuung und die grundpflegerische Versorgung rund um die Uhr. Wer m\u00f6chte und dies braucht, bucht individuelle Wahlleistungen dazu. Im Stambulant-Konzept werden die raren Fachkr\u00e4fte flexibel und nach Bedarf eingesetzt, n\u00e4mlich dann, wenn sie wirklich gebraucht werden, zum Beispiel in der arbeitsintensiven Fr\u00fchschicht<br \/>\n&#8230; Alles vom 9.11.2023 bitte lesen auf<br \/>\n<a href=\"https:\/\/www.badische-zeitung.de\/das-wyhler-pflegeheim-zum-mitanpacken-steht-vor-einer-ungewissen-zukunft\">https:\/\/www.badische-zeitung.de\/das-wyhler-pflegeheim-zum-mitanpacken-steht-vor-einer-ungewissen-zukunft<\/a><br \/>\n.<br \/>\n<a href=\"https:\/\/www.badische-zeitung.de\/modellprojekt-wyhl-warum-das-stambulante-pflegekonzept-auf-der-kippe-steht\">https:\/\/www.badische-zeitung.de\/modellprojekt-wyhl-warum-das-stambulante-pflegekonzept-auf-der-kippe-steht<\/a><br \/>\n.<br \/>\n<a href=\"https:\/\/www.benevit.net\/benevit-standorte\/baden-wuerttemberg\/haus-rheinaue\/\">https:\/\/www.benevit.net\/benevit-standorte\/baden-wuerttemberg\/haus-rheinaue\/<\/a><br \/>\n.<br \/>\n<a href=\"https:\/\/www.haeusliche-pflege.net\/plaedoyer-fuer-das-stambulante-modell\/\">https:\/\/www.haeusliche-pflege.net\/plaedoyer-fuer-das-stambulante-modell\/<\/a><\/p>\n<p>&nbsp;<\/p>\n<p><strong>W\u00fcrdevolle Pflege erfordert die Solidarit\u00e4t der ganzen Gesellschaft<\/strong><br \/>\nWer wollte bestreiten, dass Krieg, Inflation und die Klimakrise Politik und Gesellschaft aufs \u00c4u\u00dferste strapazieren. Verh\u00e4ngnisvoll ist es aber, wenn diese Krisen andere Problemfelder in den Hintergrund r\u00fccken. Zum Beispiel die Altenpflege. &#8222;Die Pflegeversicherung steht vor dem Kollaps&#8220;, sagt Ulrich Lilie, der Pr\u00e4sident der Diakonie Deutschland. Er l\u00e4sst keine Zweifel daran, dass mit ihrem Zusammenbruch auch viele Anspr\u00fcche an eine w\u00fcrdevolle Pflege kollabieren w\u00fcrden.<br \/>\nZugegeben, die Regierenden waren nicht unt\u00e4tig. Seit Januar 2022 erhalten Heimbewohnerinnen und -bewohner h\u00f6here Zusch\u00fcsse zu ihrem Eigenbeitrag. Der Personalschl\u00fcssel in den Heimen wurde verbessert. Seit September k\u00f6nnen nur noch Heime mit der Pflegeversicherung abrechnen, die ihren Besch\u00e4ftigten Tarifl\u00f6hne bezahlen. Mehr als die H\u00e4lfte der Heime tat dies vorher nicht.<br \/>\nF\u00fcr die Verantwortlichen in der Pflege gehen diese Schritte zwar in die richtige Richtung, doch sie l\u00f6sen den Pflegenotstand nicht auf. Ulrich Lilie spricht von &#8222;Flickschusterei&#8220;. Experten verweisen darauf, dass in den Heimen rund 20 000, in der ambulanten Pflege etwa 60 000 Fachkr\u00e4fte fehlen. Nach den Prognosen des Instituts der Deutschen Wirtschaft in K\u00f6ln wird die L\u00fccke zwischen Bedarf und Angebot jedes Jahr gr\u00f6\u00dfer, da die Zahl der Pflegebed\u00fcrftigen in den kommenden Jahren kr\u00e4ftig steigen wird \u2013 vor allem, wenn bald auch die geburtenstarken Jahrg\u00e4nge Pflege ben\u00f6tigen.<\/p>\n<p>Zwar k\u00f6nnte die tarifliche Bezahlung den Beruf attraktiver machen. Die Zahl der Auszubildenden steigt. Aber die Arbeitsbedingungen in der Altenpflege bleiben schwierig. Viele engagierte Pflegekr\u00e4fte arbeiten an der Belastungsgrenze. Tausende k\u00fcndigen jedes Jahr. Gleichzeitig werden die Kosten f\u00fcr die Pflegebed\u00fcrftigen immer h\u00f6her. Da die Geh\u00e4lter und jetzt auch die Energiekosten gestiegen sind, haben die Heime die Eigenbeitr\u00e4ge f\u00fcr die Bewohner oft drastisch erh\u00f6ht. &#8222;2600 Euro im Monat sind keine Seltenheit, 4000 Euro nicht mehr ausgeschlossen&#8220;, sagt Ulrich Lilie.<br \/>\nAuch wenn die Sozialhilfe unter bestimmten Bedingungen die Kosten begleicht, so empfinden es viele Heimbewohnerinnen und -bewohner als erniedrigend, die letzten Jahres ihres Lebens mit einem Taschengeld von rund 100 Euro gestalten zu m\u00fcssen. Mindestens so dramatisch ist die Lage in der h\u00e4uslichen Pflege. Dort werden rund 70 Prozent aller Pflegebed\u00fcrftigen betreut, zumeist unentgeltlich von Frauen. Ambulante Pflegedienste leisten zwar Hilfe und die Krankenversicherungen \u00fcberweisen Pflegegeld. Dennoch sind viele Pflegende zuhause schnell \u00fcberfordert und brauchen selbst Hilfe. Schwer wiegen auch die Verluste an Einkommen und Rentenanspr\u00fcchen, wenn Erwerbsarbeit aufgegeben wird. Zudem kann Pflege immer seltener familienintern geleistet werden. Viele Kinder leben weit entfernt von den Eltern. Rollenbilder ver\u00e4ndern sich. Frauen haben ebenso ihre eigenen Lebensentw\u00fcrfe, wie sie M\u00e4nner schon immer f\u00fcr sich beansprucht haben.<br \/>\nDie Gesellschaft braucht deshalb dringend eine breite Debatte \u00fcber eine w\u00fcrdevolle Pflege. Und es braucht mehr Geld im System. Dabei k\u00f6nnen schon relativ geringe Beitragserh\u00f6hungen in der Pflegeversicherung viel bringen: Eine Steigerung der Beitragss\u00e4tze von derzeit 3,05 auf vier Prozent f\u00fcr Arbeitgeber und Arbeitnehmer zusammen w\u00fcrde rund zehn Milliarden Euro mobilisieren. Damit lie\u00dfen sich \u2013 rein rechnerisch \u2013 die fehlenden 80 000 Fachkr\u00e4fte finanzieren. Und es bliebe noch Geld \u00fcbrig f\u00fcr eine Deckelung der Eigenbeitr\u00e4ge in Heimen.<br \/>\nExpertinnen und Experten wie Christine Vogler, Pr\u00e4sidentin des Deutschen Pflegerates, oder auch Ulrich Lilie fordern dar\u00fcber hinaus h\u00f6here steuerliche Zusch\u00fcsse, um pflegenden Angeh\u00f6rigen eine Art Gehalt zu bezahlen, auf Mindestlohnbasis \u2013 wenn sie ihre Erwerbst\u00e4tigkeit aufgeben.<br \/>\nIn Krisenzeiten wie diesen erscheinen Debatten \u00fcber den Pflegenotstand unbequem. H\u00f6here Beitr\u00e4ge sto\u00dfen auf Bedenken: die Lohnnebenkosten und Steuern sollen nicht steigen, die Nettol\u00f6hne nicht sinken. Zudem f\u00e4llt es einer Gesellschaft, in der alle lange jung und dynamisch bleiben wollen, schwer, sich mit der m\u00f6glichen eigenen Gebrechlichkeit auseinanderzusetzen. Solche \u00c4ngste stehen h\u00e4ufig der Erkenntnis im Wege, dass eine m\u00f6glichst w\u00fcrdevolle Pflege letztlich allen zugutekommt und deshalb auch die Solidarit\u00e4t aller ben\u00f6tigt. Und diese Solidarit\u00e4t sollte auch die Bereitschaft einschlie\u00dfen, mehr f\u00fcr die Pflege zu bezahlen.<br \/>\n&#8230; Alles vom 12.11.2022 von Wolfgang Kessler bitte lesen auf<br \/>\n<a href=\"https:\/\/www.badische-zeitung.de\/der-preis-des-langen-lebens--224001882.html\">https:\/\/www.badische-zeitung.de\/der-preis-des-langen-lebens&#8211;224001882.html<\/a><\/p>\n<p>.<\/p>\n<p><strong>Emmendinger Zentrum f\u00fcr Psychiatrie: Pflege-Personalmangel<\/strong><br \/>\nDas <a title=\"Psyche\" href=\"https:\/\/www.freiburg-schwarzwald.de\/blog\/selbsthilfe\/psyche\/\">Zentrum f\u00fcr Psychiatrie (ZfP)<\/a> in Emmendingen geh\u00f6rt mit 1500 Mitarbeitern zu den gr\u00f6\u00dften psychiatrischen Kliniken im Land. Wer hier behandelt wird, hat Angstzust\u00e4nde oder Wahnvorstellungen, er ist depressiv, drogens\u00fcchtig, dement. Er ist schwer krank und braucht Hilfe, die er woanders nicht bekommen kann. &#8222;Wir sind nicht die Alternative zur Kur im Allg\u00e4u&#8220;, sagt Stephan Schieting, Psychiater und Medizinischer Direktor. Der Stuttgarter arbeitet seit 1991 in Emmendingen. Damals nahm die Klinik noch 3800 Patienten im Jahr auf, mittlerweile sind es 7800. Die Zahl der Mitarbeiter hat sich nicht verdoppelt, daf\u00fcr ist das Tempo gestiegen: Vor 30 Jahren dauerte eine Behandlung im ZfP durchschnittlich 49 Tage, mittlerweile sind es 24. Doch die Zeiten werden schwerer: Schieting und seinen Chefarztkollegen laufen die Mitarbeiter weg: Die psychiatrischen Kliniken suchen mittlerweile im Ausland nach Pflegekr\u00e4ften \u2013 oder kaufen diese f\u00fcr viel Geld bei Zeitarbeitsfirmen ein, um kurzfristige L\u00fccken zu schlie\u00dfen. &#8222;Es gibt einen echten Personalmangel&#8220;, sagt Schieting.<br \/>\n&#8230; Alles vom 18.11.2019 bitte lesen auf<br \/>\n<a href=\"https:\/\/www.badische-zeitung.de\/duestere-aussichten-xiszdx3yx--179538817.html\">https:\/\/www.badische-zeitung.de\/duestere-aussichten-xiszdx3yx&#8211;179538817.html<\/a><\/p>\n<p>&nbsp;<\/p>\n<p><strong>GKV als Pflichtversicherung\u00a0&#8211; mit gleichem Prozentsatz des Einkommens<\/strong><br \/>\nEine gute Pflege ist die eine Sache &#8211; die Pflegeversicherung eine andere. Und die Pflegeversicherung ist zu beanstanden, weil sie die tats\u00e4chlichen Kosten der Pflege nicht zu 100% abdeckt. So lange die Pflegebed\u00fcrftigen ihr H\u00e4uschen verscherbeln m\u00fcssen und die R\u00fccklagen, die zu vererben gewesen w\u00e4ren, f\u00fcr die Zuzahlung zur Pflege ausgeben m\u00fcssen, ist die Versicherung blanker Hohn.<br \/>\nEs ist zu fordern, dass die GKV eine Pflichtversicherung f\u00fcr alle B\u00fcrger werden muss, die ohne begrenzte H\u00f6chstbeitr\u00e4ge von allen den gleichen Prozentsatz ihres Einkommens zu bekommen haben muss. Alles andere hat nichts mit Solidarit\u00e4t oder sozialer Marktwirtschaft zu tun. Bei der Realisierung meines Vorschlages sollen keine Mieteinnahmen oder Kapitalertr\u00e4ge ber\u00fccksichtigt werden. Aber dennoch k\u00f6nnte dann der Beitrag auf 10% des Einkommens reduziert werden.<span class=\"Apple-converted-space\"><span style=\"font-family: Verdana;\">\u00a0<\/span><\/span><br \/>\nBei gleichen Anteilen f\u00fcr den Arbeitgeber und Arbeitnehmer, w\u00e4ren auch die Lohnnebenkosten reduziert, was auch ein Vorteil f\u00fcr die Wirtschaft w\u00e4re. Und die GKV einschl. der Pflegeversicherung w\u00fcrde im Geld schwimmen.<br \/>\n26.12.2014, Bernice Bacheberle<\/p>\n<p>&nbsp;<\/p>\n<p><strong>Pflege (Privat, kommunal, kirchlich) wird vom B\u00fcrger bezahlt<\/strong><br \/>\nOft werden Staat und Kirche gegeneinander ausgespielt, wenn es um die Finanzierung von Sozialleistungen geht. Fakt ist, dass die Sozialleistungen weder vom Staat, noch von der Kirche bezahlt werden, sondern von den B\u00fcrgern. Und zwar in erster Linie \u00fcber Sozialabgaben.<br \/>\nDeshalb ist es nun wirklich unredlich, Kirchensteueranteile in Relation zum gesamten deutschen Sozialhaushalt zu setzen, den Sie mit 800 Milliarden angeben. Wenn Sie dann feststellen, dass da nur Promille rauskommen, ist das zwar rechnerisch richtig, es sagt aber nichts aus.<br \/>\nWenn ein B\u00fcrger (Kirchenmitglied oder nicht) jahrelang in die Pflegeversicherung eingezahlt hat und dann irgendwann pflegebed\u00fcrftig wird, hat er ein Recht, diese Pflegeleistung auch zu erhalten. Zum Gl\u00fcck haben wir in Deutschland die Wahlfreiheit, in welches Pflegeheim wir dann gehen wollen. Ein kommunales, ein kirchliches oder ein privates. Aus irgendeinem Grund scheinen die kirchlichen dabei nicht die unbeliebtesten zu sein&#8230;<br \/>\nDiese Pflegeheime erbringen dann eine Leistung und k\u00f6nnen diese Leistung bei der Pflegeversicherung abrechnen. Das ist ein v\u00f6llig legitimes Gesch\u00e4ftsmodell, bei dem private Anbieter auch ganz selbstverst\u00e4ndlich mit Gewinnerzielungsabsicht t\u00e4tig sind. Das findet auch niemand verwerflich.<br \/>\nIm Gegensatz zu den privaten Anbietern machen die kommunalen und kirchlichen Einrichtungen in der Regel keinen Gewinn, sondern zahlen im einstelligen Prozentbereich drauf. Anstatt das anzuerkennen, wird daraus oft den Kirchen (seltsamerweise aber nicht den Kommunen) der Vorwurf abgeleitet, das sei zu wenig und man solle gef\u00e4lligst mehr draufzahlen<br \/>\n17.4.2014, Dirk Schumacher<\/p>\n","protected":false},"excerpt":{"rendered":"<p>Home &gt;Selbsthilfe &gt;Senioren &gt;Dienste &gt;Pflege &nbsp; Listenauswahl eines Beitrags (Artikel\/Datum, Seite\/Inhalt): Klicken oder scrollen Wie gelingt es der Freiburger Uniklinik, Pflegekr\u00e4fte zu finden \u2013 und zu binden? (8.10.2025) Wann kommt das Stambulant-Heim nach Biederbach? (11.9.2025) Wohnraum f\u00fcr Pflegekr\u00e4fte \u2013 Kampagne &hellip; <a href=\"https:\/\/www.freiburg-schwarzwald.de\/blog\/business\/dienste\/pflege\/\">Weiterlesen <span class=\"meta-nav\">&rarr;<\/span><\/a><\/p>\n","protected":false},"author":2,"featured_media":0,"parent":191,"menu_order":0,"comment_status":"open","ping_status":"closed","template":"","meta":{"footnotes":""},"class_list":["post-187","page","type-page","status-publish","hentry"],"_links":{"self":[{"href":"https:\/\/www.freiburg-schwarzwald.de\/blog\/wp-json\/wp\/v2\/pages\/187","targetHints":{"allow":["GET"]}}],"collection":[{"href":"https:\/\/www.freiburg-schwarzwald.de\/blog\/wp-json\/wp\/v2\/pages"}],"about":[{"href":"https:\/\/www.freiburg-schwarzwald.de\/blog\/wp-json\/wp\/v2\/types\/page"}],"author":[{"embeddable":true,"href":"https:\/\/www.freiburg-schwarzwald.de\/blog\/wp-json\/wp\/v2\/users\/2"}],"replies":[{"embeddable":true,"href":"https:\/\/www.freiburg-schwarzwald.de\/blog\/wp-json\/wp\/v2\/comments?post=187"}],"version-history":[{"count":6,"href":"https:\/\/www.freiburg-schwarzwald.de\/blog\/wp-json\/wp\/v2\/pages\/187\/revisions"}],"predecessor-version":[{"id":140008,"href":"https:\/\/www.freiburg-schwarzwald.de\/blog\/wp-json\/wp\/v2\/pages\/187\/revisions\/140008"}],"up":[{"embeddable":true,"href":"https:\/\/www.freiburg-schwarzwald.de\/blog\/wp-json\/wp\/v2\/pages\/191"}],"wp:attachment":[{"href":"https:\/\/www.freiburg-schwarzwald.de\/blog\/wp-json\/wp\/v2\/media?parent=187"}],"curies":[{"name":"wp","href":"https:\/\/api.w.org\/{rel}","templated":true}]}}