{"id":18544,"date":"2012-12-23T11:51:43","date_gmt":"2012-12-23T10:51:43","guid":{"rendered":"https:\/\/www.freiburg-schwarzwald.de\/blog\/?page_id=18544"},"modified":"2015-03-20T18:30:28","modified_gmt":"2015-03-20T17:30:28","slug":"heroes","status":"publish","type":"page","link":"https:\/\/www.freiburg-schwarzwald.de\/blog\/religion\/islam\/heroes\/","title":{"rendered":"Heroes"},"content":{"rendered":"<p>Home &gt;<a title=\"Religion\" href=\"https:\/\/www.freiburg-schwarzwald.de\/blog\/religion\/\">Religion<\/a> &gt;<a title=\"Islam\" href=\"https:\/\/www.freiburg-schwarzwald.de\/blog\/religion\/islam\/\">Islam<\/a> &gt;Heroes<\/p>\n<div id=\"attachment_17936\" style=\"width: 611px\" class=\"wp-caption alignnone\"><a href=\"https:\/\/www.freiburg-schwarzwald.de\/blog\/regio\/orte\/stmaergen\/schweighoefe\/schweighoefe-pan071219-2\/\" rel=\"attachment wp-att-17936\"><img loading=\"lazy\" decoding=\"async\" aria-describedby=\"caption-attachment-17936\" class=\"size-full wp-image-17936\" title=\"schweighoefe-pan071219\" src=\"https:\/\/www.freiburg-schwarzwald.de\/blog\/wp-content\/uploads\/2012\/12\/schweighoefe-pan071219.jpg\" alt=\"\" width=\"601\" height=\"191\" srcset=\"https:\/\/www.freiburg-schwarzwald.de\/blog\/wp-content\/uploads\/2012\/12\/schweighoefe-pan071219.jpg 601w, https:\/\/www.freiburg-schwarzwald.de\/blog\/wp-content\/uploads\/2012\/12\/schweighoefe-pan071219-180x57.jpg 180w\" sizes=\"auto, (max-width: 601px) 100vw, 601px\" \/><\/a><p id=\"caption-attachment-17936\" class=\"wp-caption-text\">Tele-Blick vom Brosihof bei St.M\u00e4rgen nach S\u00fcdwesten \u00fcber Schweigh\u00f6fe und Spirzen zu Dreisamtal, Rheintal und Vogesen am 19.12.2007<\/p><\/div>\n<ul>\n<li>Rabbi Alter gibt Bambi an Ahmad Mansour f\u00fcr Berliner Heroes-Projekt (23.12.2012)<\/li>\n<li>Heroes &#8211; gegen Unterdr\u00fcckung im Namen der Ehre<\/li>\n<\/ul>\n<p>&nbsp;<\/p>\n<p><strong>Heroes &#8211; gegen Unterdr\u00fcckung im Namen der Ehre\u00a0<\/strong><\/p>\n<p>HEROES wurde 2007 in Berlin gegr\u00fcndet und ist ein Projekt f\u00fcr Gleichberechtigung von Strohhalm e.V., in dem sich junge M\u00e4nner aus Ehrenkulturen gegen die Unterdr\u00fcckung im Namen der Ehre und f\u00fcr die Gleichberechtigung und Gleichstellung von Frauen und M\u00e4nnern engagieren.\u00a0In regelm\u00e4\u00dfigen Trainings setzen sich die jungen M\u00e4nner mit Themen wie Ehre, Identit\u00e4t, Geschlechterrollen und Menschenrechten auseinander. Neben der Vermittlung von Fachwissen werden die Jungs in ihrer Wahrnehmung und Empathie sensibilisiert, in ihren Haltungen gest\u00e4rkt und ihnen viel Raum f\u00fcr den Austausch von pers\u00f6nlichen Erfahrungen und Sichtweisen miteinander geboten. Am Ende ihrer Trainingsphase werden sie zu anerkannten HEROES zertifiziert und sind in der Lage eigenst\u00e4ndig Workshops zu geben.<br \/>\nHEROES\/STROHHALM e.V., Hermannstra\u00dfe 22,\u00a0 12049 Berlin-Neuk\u00f6lln<br \/>\nEldem Turan, Ahmad Mansour, Yilmaz Atmaca, Jenny Breidenstein, Dagmar Riedel-Breidenstein<br \/>\n<a href=\"https:\/\/www.heroes-net.de\/\" target=\"_blank\">www.heroes-net.de<\/a><\/p>\n<p>Jeder Spendenbetrag ist eine gro\u00dfe Unterst\u00fctzung! Wir sind als gemeinn\u00fctziges Projekt von Strohhalm e.V. vom Finanzamt anerkannt. Jede Spende zugunsten von HEROES\/STROHHALM e.V. wird durch eine Reihe von Steuervorteilen vom Staat honoriert.<br \/>\n<span style=\"color: #008000;\"><strong>Bank f\u00fcr Sozialwirtschaft , Knr 305 66 03, BLZ 100 20 500<\/strong><\/span><\/p>\n<p>Fachstelle f\u00fcr Pr\u00e4vention von sexuellem Missbrauch\u00a0an M\u00e4dchen und Jungen<br \/>\n<a href=\"https:\/\/www.strohhalm-ev.de\">www.strohhalm-ev.de<\/a><\/p>\n<p>&nbsp;<\/p>\n<p><strong>Rabbi Alter gibt Bambi an Ahmad Mansour f\u00fcr Berliner Heroes-Projekt<\/strong><\/p>\n<p>Deniz Ince wurde ausgebildet von dem Psychologen <a title=\"Mansour\" href=\"https:\/\/www.freiburg-schwarzwald.de\/blog\/religion\/islam\/mansour\/\">Ahmad Mansour<\/a>, einem israelischen Pal\u00e4stinenser. Vor f\u00fcnf Jahren rief der ein Projekt ins Leben und nannte es &#8222;heroes&#8220;. Seitdem finden in seinem Neuk\u00f6llner B\u00fcro w\u00f6chentlich Trainings statt. Er redet mit muslimischen Jugendlichen \u00fcber Ehre, Jungfr\u00e4ulichkeit, Antisemitismus. &#8222;Statistisch gesehen, ist Antisemitismus in muslimischen Communities drei- bis viermal h\u00e4ufiger als in der Mehrheitsgesellschaft&#8220;, sagt Mansour. &#8222;Ideologien und Ger\u00fcchte sind weit verbreitet.&#8220; Sein Ziel ist es, automatisch \u00fcbernommene Denkmuster zu hinterfragen, die Jugendlichen sollen Argumente finden f\u00fcr das, was sie vertreten. &#8222;Wir wollen Anst\u00f6\u00dfe geben, mal eine andere Perspektive einzunehmen und \u00fcber Alternativen nachzudenken.&#8220; Mansour hakt nach, wenn einer sagt, dass er Juden hasse. &#8222;Wir lassen das nicht in der Luft h\u00e4ngen.&#8220; Rabbi Daniel Alter findet dieses Konzept einzigartig. Ende August wurde Alter auf der Stra\u00dfe vor seiner Berliner Wohnung zusammengeschlagen, weil er als Jude erkennbar war. Alles deutet darauf hin, dass die T\u00e4ter muslimische Jugendliche waren. Ende August bekam Alter den Bambi in der Kategorie &#8222;Integration&#8220; verliehen \u2013 und widmete ihn Ahmad Mansour und den &#8222;heroes&#8220;. &#8222;Menschen wie die ,heroes&#8216; setzen sich \u00fcber die Pr\u00e4gung ihrer Community hinweg, gegen Widerst\u00e4nde der eigenen Community&#8220;, sagt Alter. &#8222;Das ist wirklich mutig. Und das ist das, was f\u00fcr mich im 21. Jahrhundert ein Held ist.&#8220; &#8230;..<br \/>\nAlles vom 23.12.2012 bitte lesen auf<br \/>\n<a href=\"https:\/\/www.welt.de\/print\/wams\/politik\/article112202069\/Liebe-kennt-keine-Religion.html\">https:\/\/www.welt.de\/print\/wams\/politik\/article112202069\/Liebe-kennt-keine-Religion.html<\/a><\/p>\n","protected":false},"excerpt":{"rendered":"<p>Home &gt;Religion &gt;Islam &gt;Heroes Rabbi Alter gibt Bambi an Ahmad Mansour f\u00fcr Berliner Heroes-Projekt (23.12.2012) Heroes &#8211; gegen Unterdr\u00fcckung im Namen der Ehre &nbsp; Heroes &#8211; gegen Unterdr\u00fcckung im Namen der Ehre\u00a0 HEROES wurde 2007 in Berlin gegr\u00fcndet und ist &hellip; <a href=\"https:\/\/www.freiburg-schwarzwald.de\/blog\/religion\/islam\/heroes\/\">Weiterlesen <span class=\"meta-nav\">&rarr;<\/span><\/a><\/p>\n","protected":false},"author":4,"featured_media":0,"parent":12111,"menu_order":0,"comment_status":"open","ping_status":"closed","template":"","meta":{"footnotes":""},"class_list":["post-18544","page","type-page","status-publish","hentry"],"_links":{"self":[{"href":"https:\/\/www.freiburg-schwarzwald.de\/blog\/wp-json\/wp\/v2\/pages\/18544","targetHints":{"allow":["GET"]}}],"collection":[{"href":"https:\/\/www.freiburg-schwarzwald.de\/blog\/wp-json\/wp\/v2\/pages"}],"about":[{"href":"https:\/\/www.freiburg-schwarzwald.de\/blog\/wp-json\/wp\/v2\/types\/page"}],"author":[{"embeddable":true,"href":"https:\/\/www.freiburg-schwarzwald.de\/blog\/wp-json\/wp\/v2\/users\/4"}],"replies":[{"embeddable":true,"href":"https:\/\/www.freiburg-schwarzwald.de\/blog\/wp-json\/wp\/v2\/comments?post=18544"}],"version-history":[{"count":0,"href":"https:\/\/www.freiburg-schwarzwald.de\/blog\/wp-json\/wp\/v2\/pages\/18544\/revisions"}],"up":[{"embeddable":true,"href":"https:\/\/www.freiburg-schwarzwald.de\/blog\/wp-json\/wp\/v2\/pages\/12111"}],"wp:attachment":[{"href":"https:\/\/www.freiburg-schwarzwald.de\/blog\/wp-json\/wp\/v2\/media?parent=18544"}],"curies":[{"name":"wp","href":"https:\/\/api.w.org\/{rel}","templated":true}]}}