{"id":18172,"date":"2012-12-02T22:14:32","date_gmt":"2012-12-02T21:14:32","guid":{"rendered":"https:\/\/www.freiburg-schwarzwald.de\/blog\/?page_id=18172"},"modified":"2012-12-19T22:34:37","modified_gmt":"2012-12-19T21:34:37","slug":"unicef","status":"publish","type":"page","link":"https:\/\/www.freiburg-schwarzwald.de\/blog\/selbsthilfe\/kinder\/unicef\/","title":{"rendered":"UNICEF"},"content":{"rendered":"<p>Home &gt;<a title=\"Kinder\" href=\"https:\/\/www.freiburg-schwarzwald.de\/blog\/selbsthilfe\/kinder\/\">Selbsthilfe<\/a> &gt;<a title=\"EineWelt\" href=\"https:\/\/www.freiburg-schwarzwald.de\/blog\/global\/einewelt\/\">EineWelt<\/a>\u00a0&gt;<a title=\"Kinder\" href=\"https:\/\/www.freiburg-schwarzwald.de\/blog\/selbsthilfe\/kinder\/\">Kinder<\/a> &gt;UNICEF<\/p>\n<dl id=\"attachment_11938\" class=\"wp-caption alignnone\" style=\"width: 649px;\">\n<dt class=\"wp-caption-dt\"><a href=\"https:\/\/www.freiburg-schwarzwald.de\/blog\/natur\/umwelt\/recycling\/leiterwagen-abfall-pan120928\/\" rel=\"attachment wp-att-11938\"><img loading=\"lazy\" decoding=\"async\" class=\"size-full wp-image-11938\" title=\"leiterwagen-abfall-pan120928\" src=\"https:\/\/www.freiburg-schwarzwald.de\/blog\/wp-content\/uploads\/2012\/05\/leiterwagen-abfall-pan120928.jpg\" alt=\"\" width=\"639\" height=\"324\" srcset=\"https:\/\/www.freiburg-schwarzwald.de\/blog\/wp-content\/uploads\/2012\/05\/leiterwagen-abfall-pan120928.jpg 639w, https:\/\/www.freiburg-schwarzwald.de\/blog\/wp-content\/uploads\/2012\/05\/leiterwagen-abfall-pan120928-180x91.jpg 180w\" sizes=\"auto, (max-width: 639px) 100vw, 639px\" \/><\/a><\/dt>\n<dd class=\"wp-caption-dd\">Abfall mit dem Leiterwagen zum Recyclinghof am 28.9.2012<\/dd>\n<\/dl>\n<ul>\n<li>UNICEF-Gru\u00dfkarten &#8211; Weihnachtsw\u00fcnsche mit besonderem Wert (2.12.2012)<\/li>\n<li><a href=\"https:\/\/www.freiburg-schwarzwald.de\/blog\/weltstillwoche-1-7okt-2012\/\">https:\/\/www.freiburg-schwarzwald.de\/blog\/weltstillwoche-1-7okt-2012\/<\/a>\u00a0(1.10.2012)<\/li>\n<li><a href=\"https:\/\/www.freiburg-schwarzwald.de\/blog\/unicef-freiburg-spendet-116-mio-euro-fuer-kinderhilfsprojekte\/\">https:\/\/www.freiburg-schwarzwald.de\/blog\/unicef-freiburg-spendet-116-mio-euro-fuer-kinderhilfsprojekte\/<\/a>\u00a0(13.8.12)<\/li>\n<li><a href=\"https:\/\/www.freiburg-schwarzwald.de\/jung4.htm#UNICEF-Juniorbotschafter in Littenweiler engagieren sich\">UNICEF-Juniorbotschafter in Littenweiler engagieren sich<\/a> &gt;Jung4 (7.4.2011)<\/li>\n<li><a href=\"https:\/\/www.freiburg-schwarzwald.de\/littenweiler\/kinder3.htm#50 Jahre Unicef Freiburg - mit Karin Maurer\">50 Jahre Unicef Freiburg &#8211; mit Karin Maurer<\/a> &gt;Kinder3 (7.5.2010)<\/li>\n<li><a href=\"https:\/\/www.freiburg-schwarzwald.de\/littenweiler\/kinder2.htm#Freiburger\u00a0spenden 1,6 Millionen Euro f\u00fcr Unicef-Projekte\">Freiburger\u00a0spenden 1,6 Millionen Euro f\u00fcr Unicef-Projekte<\/a> &gt;Kinder2 (17.8.2007)<\/li>\n<li><a href=\"https:\/\/www.freiburg-schwarzwald.de\/kinder1.htm#UNICEF Freiburg zu Kindern im Irak\">UNICEF Freiburg zu Kindern im Iraq<\/a> &gt;Kinder1<\/li>\n<li><a href=\"https:\/\/www.freiburg-schwarzwald.de\/freizeitparks1.htm#35 Jahre Europa-Park: Historama - Partnerschaft mit UNICEF\">35 Jahre Europa-Park: Historama &#8211; Partnerschaft mit UNICEF<\/a> &gt;Freizeitparks1 (15.7.2010)<\/li>\n<li><a href=\"https:\/\/www.freiburg-schwarzwald.de\/einewelt4.htm#Unicef-Gruppe f\u00fcr Studierende Uni Freiburg gegr\u00fcndet\">Unicef-Gruppe f\u00fcr Studierende Uni Freiburg gegr\u00fcndet<\/a> &gt;EineWelt4 (8.12.2005)<\/li>\n<li>UNICEF Freiburg<\/li>\n<li>UNICEF-Studierendengruppe Freiburg<\/li>\n<li><a href=\"https:\/\/www.freiburg-schwarzwald.de\/littenweiler\/kinder#UNICEF-Arbeitsgruppe Freiburg\">UNICEF-Arbeitsgruppe Freiburg<\/a><\/li>\n<\/ul>\n<p>&nbsp;<\/p>\n<p><strong>UNICEF Freiburg<\/strong><\/p>\n<p>Kunzenweg 3, 79117 Freiburg, Arbeitsgruppenleiterin Dr. Karin Maurer, Franz Peter Sulzer<br \/>\nTel.: (07 61) 6 06 65, Fax: (07 61) 60 09 31<br \/>\n\u00d6ffnungszeiten: Mo &#8211; Fr 9 bis 12.30 Uhr<br \/>\nH.Engel, Tel O761-707 5558 oder E-Mail: <a href=\"mailto:hadswint.engel@gmail.com\">hadswint.engel@gmail.com<\/a><br \/>\nE-Mail: <a href=\"mailto:info@unicef-freiburg.de\">info@unicef-freiburg.de<\/a><br \/>\nInternet: <a href=\"https:\/\/www.unicef-freiburg.de\/\" target=\"_blank\">https:\/\/www.unicef-freiburg.de<\/a><\/p>\n<p>Den vollst\u00e4ndigen Gesch\u00e4ftsbericht von Unicef Deutschland gibt es unter <a href=\"https:\/\/www.unicef.de\/\" target=\"_blank\">www.unicef.de<\/a><\/p>\n<p><a href=\"https:\/\/www.freiburg-schwarzwald.de\/blog\/selbsthilfe\/kinder\/unicef\/littenw0506unicef\/\" rel=\"attachment wp-att-18181\"><img loading=\"lazy\" decoding=\"async\" class=\"alignnone size-thumbnail wp-image-18181\" title=\"littenw0506unicef\" src=\"https:\/\/www.freiburg-schwarzwald.de\/blog\/wp-content\/uploads\/2012\/12\/littenw0506unicef-180x135.jpg\" alt=\"\" width=\"180\" height=\"135\" srcset=\"https:\/\/www.freiburg-schwarzwald.de\/blog\/wp-content\/uploads\/2012\/12\/littenw0506unicef-180x135.jpg 180w, https:\/\/www.freiburg-schwarzwald.de\/blog\/wp-content\/uploads\/2012\/12\/littenw0506unicef.jpg 640w\" sizes=\"auto, (max-width: 180px) 100vw, 180px\" \/><\/a><br \/>\n<span style=\"font-family: Arial; font-size: xx-small;\">Unicef am mit Brigitte Grathwohl 11.6.2005 auf dem <a href=\"https:\/\/www.freiburg-schwarzwald.de\/littenweiler\/bauernmarkt.htm\">Littenweiler Bauernmarkt<\/a>\u00a0<\/span><\/p>\n<p>&nbsp;<\/p>\n<p><a name=\"UNICEF-Studierendengruppe Freiburg\"><\/a><strong>UNICEF-Studierendengruppe Freiburg<\/strong><\/p>\n<p>ChristophSchleer, Tel 0174\/23988930,<br \/>\n<a href=\"mailto:christophSchleer@yahoo.de\">christophSchleer@yahoo.de<\/a><\/p>\n<p>&nbsp;<\/p>\n<p>&nbsp;<\/p>\n<p><strong>UNICEF-Gru\u00dfkarten &#8211; Weihnachtsw\u00fcnsche mit besonderem Wert<\/strong><\/p>\n<p>\u201eGeben Sie Ihren Weihnachtsw\u00fcnschen einen besonderen Wert\u201c, sagt Petra Tr\u00f6ndle, Leiterin der UNICEF Ar\u00adbeits\u00adgruppe Freiburg mit Sitz im Kunzenweg in Littenweiler. \u201eMit jeder UNICEF-Gru\u00dfkarte verschicken Sie einen per\u00ads\u00f6n\u00adlichen Weihnachtsgru\u00df an Ihre Verwandten und Freunde und geben gleich\u00adzeitig Kindern weltweit die Chance gesund aufzuwachsen und zur Schule zu gehen. Ent\u00addecken Sie die Hilfe dahinter.\u201c\u00a0 Die neuen UNICEF-Gru\u00df\u00adkarten der Herbst-\/Winter-Kollektion 2012 sind be\u00adsinn\u00adlich und modern: Die Darstellungen reichen von drei\u00addimen\u00adsionalen Tannenb\u00e4umen, \u00fcber elegante Weihnachtsornamente bis hin zur Geburt Christi im Stall von Beth\u00adle\u00adhem. 75 Prozent des Gru\u00dfkarten\u00adpreises sind Spende f\u00fcr die weltweite UNICEF-Arbeit und flie\u00dfen beispielsweise in die Kampagne \u201eWasser wirkt\u201c.<br \/>\nMit dem Erl\u00f6s von zehn Gru\u00dfkarten kann UNICEF ein Kind langfristig mit sauberem Trinkwasser versorgen, ihm Zugang zu hygienischen Latrinen beschaffen und es \u00fcber Gesundheit aufkl\u00e4ren. Mit der Kampagne \u201eWasser wirkt\u201c will UNICEF bis 2015 damit mindestens 500.000 M\u00e4dchen und Jungen in sechs L\u00e4ndern erreichen. Mit dem Kauf von UNICEF-Gru\u00dfkarten unterst\u00fctzt man unter anderem dieses Ziel. Noch immer haben weltweit rund 780 Millio\u00adnen Menschen kein sauberes Wasser. UNICEF hilft Kin\u00addern zu \u00fcberleben, sch\u00fctzt sie vor Gewalt und erm\u00f6glicht ihnen, in die Schule zu gehen.<br \/>\nNeben hochwertigen Weihnachts- und Winterkarten gibt es im aktuellen Herbst- und Wintersortiment auch eine Ad\u00advents\u00ad\u00adkalenderkarte, Geschenkanh\u00e4nger und verschiedene Jahres\u00adkalender sowie Motive f\u00fcr weitere Anl\u00e4sse &#8211; wie bei\u00adspielsweise Geburtstagskarten sowie eine Karte speziell zum Thema Wasser. In Deutschland werden weltweit die meisten UNICEF-Gru\u00dfkarten verkauft \u2013 viele davon \u00fcber das ehrenamtliche Netzwerk der 150 UNICEF-Gruppen.<\/p>\n<p>Die UNICEF-Gru\u00dfkarten sind bei der UNICEF Ar\u00adbeits\u00adgruppe Freiburg, Kunzenweg 3, erh\u00e4ltlich. \u00d6ffnungszeiten: Montag bis Freitag, 9.00 \u2013 12.00 Uhr, Montag und Donnerstag, 13.00 \u2013 18.00 Uhr. Sowie bei verschiedenen Gru\u00dfkartenst\u00e4nden in der Adventszeit. N\u00e4here Infos unter <a href=\"https:\/\/www.freiburg.unicef.de\/\">www.freiburg.unicef.de<\/a>.<br \/>\n2.12.2012. , Gisela Heizler-Ries, <a title=\"Littenweiler-Dorfblatt\" href=\"https:\/\/www.freiburg-schwarzwald.de\/blog\/regio\/freiburg\/littenweiler\/littenweiler-dorfblatt\/\">Littenweiler Dorfblatt<\/a><\/p>\n","protected":false},"excerpt":{"rendered":"<p>Home &gt;Selbsthilfe &gt;EineWelt\u00a0&gt;Kinder &gt;UNICEF Abfall mit dem Leiterwagen zum Recyclinghof am 28.9.2012 UNICEF-Gru\u00dfkarten &#8211; Weihnachtsw\u00fcnsche mit besonderem Wert (2.12.2012) https:\/\/www.freiburg-schwarzwald.de\/blog\/weltstillwoche-1-7okt-2012\/\u00a0(1.10.2012) https:\/\/www.freiburg-schwarzwald.de\/blog\/unicef-freiburg-spendet-116-mio-euro-fuer-kinderhilfsprojekte\/\u00a0(13.8.12) UNICEF-Juniorbotschafter in Littenweiler engagieren sich &gt;Jung4 (7.4.2011) 50 Jahre Unicef Freiburg &#8211; mit Karin Maurer &gt;Kinder3 (7.5.2010) Freiburger\u00a0spenden 1,6 &hellip; <a href=\"https:\/\/www.freiburg-schwarzwald.de\/blog\/selbsthilfe\/kinder\/unicef\/\">Weiterlesen <span class=\"meta-nav\">&rarr;<\/span><\/a><\/p>\n","protected":false},"author":4,"featured_media":0,"parent":274,"menu_order":0,"comment_status":"open","ping_status":"closed","template":"","meta":{"footnotes":""},"class_list":["post-18172","page","type-page","status-publish","hentry"],"_links":{"self":[{"href":"https:\/\/www.freiburg-schwarzwald.de\/blog\/wp-json\/wp\/v2\/pages\/18172","targetHints":{"allow":["GET"]}}],"collection":[{"href":"https:\/\/www.freiburg-schwarzwald.de\/blog\/wp-json\/wp\/v2\/pages"}],"about":[{"href":"https:\/\/www.freiburg-schwarzwald.de\/blog\/wp-json\/wp\/v2\/types\/page"}],"author":[{"embeddable":true,"href":"https:\/\/www.freiburg-schwarzwald.de\/blog\/wp-json\/wp\/v2\/users\/4"}],"replies":[{"embeddable":true,"href":"https:\/\/www.freiburg-schwarzwald.de\/blog\/wp-json\/wp\/v2\/comments?post=18172"}],"version-history":[{"count":0,"href":"https:\/\/www.freiburg-schwarzwald.de\/blog\/wp-json\/wp\/v2\/pages\/18172\/revisions"}],"up":[{"embeddable":true,"href":"https:\/\/www.freiburg-schwarzwald.de\/blog\/wp-json\/wp\/v2\/pages\/274"}],"wp:attachment":[{"href":"https:\/\/www.freiburg-schwarzwald.de\/blog\/wp-json\/wp\/v2\/media?parent=18172"}],"curies":[{"name":"wp","href":"https:\/\/api.w.org\/{rel}","templated":true}]}}