{"id":18146,"date":"2012-12-19T16:19:40","date_gmt":"2012-12-19T15:19:40","guid":{"rendered":"https:\/\/www.freiburg-schwarzwald.de\/blog\/?page_id=18146"},"modified":"2014-06-03T18:11:51","modified_gmt":"2014-06-03T16:11:51","slug":"tourismus-dreisamtal","status":"publish","type":"page","link":"https:\/\/www.freiburg-schwarzwald.de\/blog\/tourismus\/tourismus-dreisamtal\/","title":{"rendered":"Tourismus-Dreisamtal"},"content":{"rendered":"<p><a title=\"Orte\" href=\"https:\/\/www.freiburg-schwarzwald.de\/blog\/\">Home<\/a> &gt;<a title=\"Tourismus\" href=\"https:\/\/www.freiburg-schwarzwald.de\/blog\/tourismus\/\">Tourismus<\/a> &gt;<a title=\"Dreisamtal\" href=\"https:\/\/www.freiburg-schwarzwald.de\/blog\/regio\/tal\/dreisamtal\/\">Dreisamtal<\/a> &gt;Tourismus-Dreisamtal<\/p>\n<div id=\"attachment_18098\" style=\"width: 649px\" class=\"wp-caption alignnone\"><a href=\"https:\/\/www.freiburg-schwarzwald.de\/blog\/engagement\/zukunft\/krieg\/steig8stpeter-pan121121\/\" rel=\"attachment wp-att-18098\"><img loading=\"lazy\" decoding=\"async\" aria-describedby=\"caption-attachment-18098\" class=\"size-full wp-image-18098\" title=\"steig8stpeter-pan121121\" alt=\"\" src=\"https:\/\/www.freiburg-schwarzwald.de\/blog\/wp-content\/uploads\/2012\/12\/steig8stpeter-pan121121.jpg\" width=\"639\" height=\"249\" srcset=\"https:\/\/www.freiburg-schwarzwald.de\/blog\/wp-content\/uploads\/2012\/12\/steig8stpeter-pan121121.jpg 639w, https:\/\/www.freiburg-schwarzwald.de\/blog\/wp-content\/uploads\/2012\/12\/steig8stpeter-pan121121-180x70.jpg 180w\" sizes=\"auto, (max-width: 639px) 100vw, 639px\" \/><\/a><p id=\"caption-attachment-18098\" class=\"wp-caption-text\">Blick vom Steig nach Norden am 21.11.2012 zu St.Peter und Kandel &#8211; Nebel quillt hoch aus dem Wagensteig-, Iben-, Eschbach-, Glotter- und Rheintal<\/p><\/div>\n<ul>\n<li><span>Mitgliederversammlung vom \u201eTourismus Dreisamtal e.V.\u201c am 26.5.2014 (28.5.2014)\u00a0<\/span><\/li>\n<li><span><a href=\"https:\/\/www.freiburg-schwarzwald.de\/blog\/tourismus-dreisamtal-2014\/\">https:\/\/www.freiburg-schwarzwald.de\/blog\/tourismus-dreisamtal-2014\/<\/a>\u00a0(4.12.2013)<\/span><\/li>\n<li><span><a href=\"https:\/\/www.freiburg-schwarzwald.de\/blog\/vermieter-haftet-fewo-internet\/\">https:\/\/www.freiburg-schwarzwald.de\/blog\/vermieter-haftet-fewo-internet\/<\/a>\u00a0(15.6.1013)<\/span><\/li>\n<li><span><a href=\"https:\/\/www.freiburg-schwarzwald.de\/blog\/tourismus-dreisamtal-sterne\/\">https:\/\/www.freiburg-schwarzwald.de\/blog\/tourismus-dreisamtal-sterne\/<\/a>\u00a0(29.5.2013)<\/span><\/li>\n<li><span><a href=\"https:\/\/www.freiburg-schwarzwald.de\/blog\/lama-trekking-im-dreisamtal\/\">https:\/\/www.freiburg-schwarzwald.de\/blog\/lama-trekking-im-dreisamtal\/<\/a>\u00a0(16.5.2013)<\/span><\/li>\n<li><span><a href=\"https:\/\/www.freiburg-schwarzwald.de\/littenweiler\/dreisamtal3.htm#Tourismus Dreisamtal: Katalog 2012 mit Auflage 17.500\">Tourismus Dreisamtal: Katalog 2012 mit Auflage 17.500<\/a> &gt;Dreisamtal3 (21.12.2011)<\/span><\/li>\n<li><a href=\"https:\/\/www.freiburg-schwarzwald.de\/wandern4.htm#Tourismus Dreisamtal: Brosch\u00fcre mit sechs barrierefreien Touren\">Tourismus Dreisamtal: Brosch\u00fcre mit sechs barrierefreien Touren<\/a>\u00a0 &gt;Wandern4 (5.8.2011)<\/li>\n<li><a href=\"https:\/\/www.freiburg-schwarzwald.de\/littenweiler\/dreisamtal3.htm#Im Tourismus die Eigenwerbung per Internet optimieren\">Im Tourismus die Eigenwerbung per Internet optimieren<\/a> &gt;Dreisamtal3 (4.11.2010)<\/li>\n<li><span><a href=\"https:\/\/www.freiburg-schwarzwald.de\/littenweiler\/medien1.htm#Regio-Medien-Kulturpreis 2009 f\u00fcr Dreisamt\u00e4ler\">Regio-Medien-Kulturpreis 2009 f\u00fcr Dreisamt\u00e4ler<\/a> &gt;Medien1 (26.8.2009)<\/span><\/li>\n<li><span><a href=\"https:\/\/www.freiburg-schwarzwald.de\/littenweiler\/siloballen.htm#Die sch\u00f6nsten Siloballen-Kunstwerke wurden pr\u00e4miert\">Verein Tourismus Dreisamtal: Siloballen bemalen 2009<\/a> &gt;Siloballen (28.7.2009)<\/span><\/li>\n<li><span><a href=\"https:\/\/www.freiburg-schwarzwald.de\/littenweiler\/dreisamtal1.htm#Tourismusverein: 300 Siloballen sollen k\u00fcnstlerisch gestaltet werden\">300 Siloballen sollen k\u00fcnstlerisch gestaltet werden<\/a> &gt;Dreisamtal1 (8.5.2008)<\/span><\/li>\n<li><a href=\"https:\/\/www.freiburg-schwarzwald.de\/littenweiler\/dreisamtal1.htm#Tourismus Dreisamtal e.V.: Erfolgsbilanz 2007 vor ? fast 1\/3 aller Urlauber Camper\">Tourismus Dreisamtal e.V.: Erfolgsbilanz 2007 vor \u2013 fast 1\/3 aller Urlauber Camper<\/a> &gt;Dreisamtal1 (13.3.2008)<\/li>\n<li>Tourist Information Dreisamtal<\/li>\n<li><a title=\"Gastro\" href=\"https:\/\/www.freiburg-schwarzwald.de\/blog\/tourismus\/gastro\/\">Gastro<\/a><\/li>\n<li>Events<\/li>\n<\/ul>\n<p>&nbsp;<\/p>\n<p>&nbsp;<\/p>\n<p><strong>Mitgliederversammlung vom \u201eTourismus Dreisamtal e.V.\u201c am 26.5.2014<\/strong><br \/>\nBei der Mitgliederversammlung vom \u201eTourismus Dreisamtal e.V.\u201c am Montagnachmittag im Steinwasenpark in Oberried standen auch die turnusm\u00e4\u00dfigen Neuwahlen auf der Tagesordnung. Einstimmig wurden von den knapp 80 anwesenden Mitgliedern Andreas Rombach (Beisitzer), Carolin G\u00e4nswein (Schriftf\u00fchrerin), Vera Schuler (Vorsitzende) und G\u00fcnter Ziegler (Kassierer) (v.r.) in ihren \u00c4mtern best\u00e4tigt. Die vier B\u00fcrgermeister des Dreisamtals geh\u00f6ren dem Vorstand als geborene Mitglieder an: Klaus Vosberg, Oberried (l.), Andreas Hall, Kirchzarten (3.v.r.), Siegfried Kuster, Stegen und Harald Reinhard, Buchenbach (beide nicht auf dem Foto). Der \u201eDreisamt\u00e4ler\u201c wird in seiner n\u00e4chsten Ausgabe noch ausf\u00fchrlich von der Mitgliederversammlung berichten.<\/p>\n<p><a href=\"https:\/\/www.freiburg-schwarzwald.de\/blog\/tourismus\/tourismus-dreisamtal\/tourismus-dreisamtal140524\/\" rel=\"attachment wp-att-48494\"><img loading=\"lazy\" decoding=\"async\" class=\"alignnone size-thumbnail wp-image-48494\" alt=\"tourismus-dreisamtal140524\" src=\"https:\/\/www.freiburg-schwarzwald.de\/blog\/wp-content\/uploads\/2012\/12\/tourismus-dreisamtal140524-180x119.jpg\" width=\"180\" height=\"119\" srcset=\"https:\/\/www.freiburg-schwarzwald.de\/blog\/wp-content\/uploads\/2012\/12\/tourismus-dreisamtal140524-180x119.jpg 180w, https:\/\/www.freiburg-schwarzwald.de\/blog\/wp-content\/uploads\/2012\/12\/tourismus-dreisamtal140524.jpg 640w\" sizes=\"auto, (max-width: 180px) 100vw, 180px\" \/><\/a>\u00a0 Foto: Gerhard L\u00fcck<\/p>\n<p>26.5.2014, Gerhard L\u00fcck, <a href=\"https:\/\/www.dreisamtaeler.de\">www.dreisamtaeler.de<\/a><\/p>\n<p>&nbsp;<\/p>\n<p>&nbsp;<\/p>\n<p><strong>Tourist Information Dreisamtal<\/strong><br \/>\nVera Schuler, Verena Hug (Schriftf\u00fchrerin)<br \/>\nHauptstrasse 24, 79199 Kirchzarten, Tel 07661 907980, Fax 07661 907989<br \/>\n<a href=\"https:\/\/www.dreisamtal-schwarzwald.de\/\">www.dreisamtal-schwarzwald.de<\/a>, Email <a href=\"mailto:tourist-info@dreisamtal.de\">tourist-info@dreisamtal.de<\/a><br \/>\nTourist-Info: Montag bis Freitag: 9.30 -17.00 Uhr &#8211; Samstag: 10:00 &#8211; 12:00 Uhr<\/p>\n<p>&nbsp;<\/p>\n<p><strong>Events<\/strong> <strong>KW 27<\/strong><\/p>\n<p>Freuen Sie sich auf sch\u00f6ne Sommerabende in Kirchzarten<br \/>\n<strong>Kirchzartener Freitag * Abend * Spektakel<\/strong><br \/>\nFreitagabend und nix los? Gibt\u2018s nicht! Auf nach Kirchzarten \u00a0. . .<br \/>\n. . . Freitags ab19 Uhr wird in der Fu\u00dfg\u00e4ngerzone Spannung, Unterhaltung, Musik und mehr geboten! Schauen Sie vorbei, unsere K\u00fcnstler werden Sie \u00fcberraschen: <strong>12.7., 26.7., 2.8., 9.8. &#8211; Eintritt frei, Applaus erw\u00fcnscht!<\/strong><strong>\u00a0<\/strong><\/p>\n<div>\n<p><strong><span style=\"text-decoration: underline;\">Freitag, 12. Juli<br \/>\n<\/span><\/strong><span style=\"text-decoration: underline;\">ab 19 Uhr:<\/span>\u00a0 <strong>Kirchzartener Freitag * Abend * Spektakel<br \/>\n<\/strong><strong>Die<\/strong> <strong>Zauberer Castello und Kit Klinkert entf\u00fchren in die Welt der Magie<\/strong> <strong>und der Kartentricks<\/strong>.<br \/>\n<strong>Die Stra\u00dfenmaler Berg verwandeln das Stra\u00dfenpflaster in eine Gem\u00e4ldegalerie<\/strong> (den ganzen Tag).<br \/>\n<strong>Die Jugendmusikschule Dreisamtal pr\u00e4sentiert ein musikalisches Potpourri aus Schlager, Pop und Musical.<br \/>\n<em>Den Getr\u00e4nkeausschank \u00fcbernehmen die &#8222;Hexen&#8220; aus Kirchzarten.<\/em><\/strong><strong><\/strong><\/p>\n<\/div>\n<p>&nbsp;<\/p>\n<p><strong><span style=\"text-decoration: underline;\">Donnerstag, 4. Juli \u2013 11. Juli \u2013 18. Juli<\/span><\/strong><br \/>\n<span style=\"text-decoration: underline;\">19:30-20:30\u00a0Uhr<strong>:<\/strong><\/span><strong>\u00a0 Qi Gong im Park<br \/>\n<\/strong>&#8211; eine bundesweite Mitmach-Aktion der Deutschen Qi Gong Gesellschaft. Teilnehmen kann jeder, der die gesundheitsf\u00f6rdernde Wirkung von Qi Gong kennenlernen und sich bei der Gelegenheit drau\u00dfen auf sanfte und wohltuende Weise bewegen will. <em><span style=\"text-decoration: underline;\">Ort:<\/span><\/em> Schulgel\u00e4nde Kolleg St. Sebastian, Stegen.<br \/>\n<em><span style=\"text-decoration: underline;\">Treffpunkt:<\/span><\/em> Eingang \u00fcber Bushaltestelle &#8222;Kolleg St. Sebastian&#8220;.<br \/>\n<em><span style=\"text-decoration: underline;\">Anmeldung und Infos:<\/span><\/em> Rebecca R\u00f6sch, Tel.: 07660\/ 941 850. <em><span style=\"text-decoration: underline;\">Kosten<\/span><\/em><strong>:<\/strong> kostenlos und ohne Voranmeldung<\/p>\n<p>&nbsp;<\/p>\n<p><strong><span style=\"text-decoration: underline;\">Freitag bis Sonntag: 5.\u00a0&#8211; 7.\u00a0Juli<\/span><\/strong><strong>\u00a0 Western-Reitturnier auf dem Erlenhof<br \/>\n<\/strong>Pr\u00fcfungen in verschiedenen Disziplinen, t\u00e4glich Bewirtung und Ponyreiten<br \/>\nFreitag: ab 13 Uhr<br \/>\nSamstag: ab 8 Uhr, ab 19 Uhr &#8211; Showprogramm mit musikalischer Unterhaltung<br \/>\nSonntag: ab 8 Uhr bis 17 Uhr<br \/>\n<em><span style=\"text-decoration: underline;\">Ort:<\/span><\/em> Reitanlage Erlenhof, Erlenhofstra\u00dfe 5, Buchenbach<\/p>\n<p><strong><span style=\"text-decoration: underline;\">Samstag, 6. Juli<\/span><\/strong><br \/>\n<span style=\"text-decoration: underline;\">11-13 Uhr<\/span><strong>:<\/strong> <strong>Kr\u00e4uterf\u00fchrung \u2013 Pflegende und heilende Kr\u00e4uter f\u00fcr Frauen<br \/>\n<\/strong>Sch\u00f6nheit mit den Gaben der Natur . . .<br \/>\nJohanniskraut, Kamille, Lavendel, Melisse, Pfefferminze, Rose, Rosmarin sind Balsam f\u00fcr unsere Seele.<br \/>\nF\u00fchrung im Kr\u00e4utergarten. Herstellung eines Massage\u00f6les. Kr\u00e4uter sammeln f\u00fcr Duftpotpourri. Kulinarische Sinnesreise. Wissenswertes \u00fcber Frauenheilkr\u00e4uter. &#8212; Bitte kleines Marmeladengl\u00e4schen und einen kleinen Sammelkorb mitbringen. <em><span style=\"text-decoration: underline;\">Ort:<\/span><\/em> \u00a0Oberried, Altenvogtshof, V\u00f6rlinsbachstra\u00dfe 29 a, <em><span style=\"text-decoration: underline;\">Kosten:<\/span><\/em> 20 \u20ac<br \/>\n<em><span style=\"text-decoration: underline;\">Anmeldung und Infos<\/span><\/em><strong><span style=\"text-decoration: underline;\">:<\/span><\/strong> Familie Tr\u00f6scher, Tel. 07661\/ 61 818 oder Mail: <a href=\"mailto:info@altenvogtshof.de\">info@altenvogtshof.de<\/a><strong><\/strong><\/p>\n<p>&nbsp;<\/p>\n<p><strong><span style=\"text-decoration: underline;\">Mittwoch, 10. Juli<\/span><\/strong><br \/>\n<span style=\"text-decoration: underline;\">10- ca. 11:30 Uhr<\/span>: <strong>Erlebnisspaziergang durch Kirchzarten f\u00fcr die ganze Familie:<br \/>\n<\/strong><strong>Mitgehen \u2013 mitmachen \u2013 mitdenken<\/strong><br \/>\nLernen Sie Ihren Urlaubs- oder Wohnort mit allen Sinnen einmal ganz neu kennen.<br \/>\nBei diesem Spaziergang trainieren Sie spielerisch Ihre Wahrnehmung, erfahren ganz nebenbei Wissenswertes und Spannendes, erhalten viele kreative Denkanst\u00f6\u00dfe sowie wertvolle Tipps f\u00fcr den Urlaub und den Alltag.<br \/>\nLassen Sie sich \u00fcberraschen und kommen Sie mit. <em><span style=\"text-decoration: underline;\">Treffpunkt<\/span><\/em>: vor der Tourist-Info, Hauptstra\u00dfe 24,<br \/>\n<em><span style=\"text-decoration: underline;\">Kosten:<\/span><\/em> Erw. 4\u20ac, Kinder 3\u20ac, Familien 8\u20ac. Erm\u00e4\u00dfigung mit G\u00e4stekarte. <em><span style=\"text-decoration: underline;\">Veranstalter:<\/span><\/em> Linda Feist, Ganzheitliche Ged\u00e4chtnistrainerin und G\u00e4stef\u00fchrerin im Naturpark S\u00fcdschwarzwald<\/p>\n<p>&nbsp;<\/p>\n<p><strong><span style=\"text-decoration: underline;\">Mittwoch, 10. Juli<\/span><\/strong><strong>\u00a0<\/strong><br \/>\n<span style=\"text-decoration: underline;\">18:00\u00a0Uhr<\/span>:<strong> F\u00fchrung durch die ALTE S\u00c4GE Zarten<\/strong><br \/>\nZwei historische S\u00e4gen und deren spannenden Historie: Eine F\u00fchrung zu Geschichte und Technik des Zartener Denkmals mit Sigrun Bludau, pensionierte Lehrerin an der Grundschule in Kirchzarten.<br \/>\nDie \u00e4ltere der beiden S\u00e4gen datiert aus dem Jahr 1798, die j\u00fcngere ist aus den 1950er Jahren.<br \/>\n<em><span style=\"text-decoration: underline;\">Treffpunkt, <\/span><\/em>S\u00e4geplatz Zarten, <em><span style=\"text-decoration: underline;\">Anmeldung und Infos<\/span><\/em><strong><span style=\"text-decoration: underline;\">:<\/span><\/strong> \u00a0Frau Bludau, Tel. 07661\/ 613 27 F\u00fchrungen f\u00fcr Gruppen nach Vereinbarung.<\/p>\n<p>&nbsp;<\/p>\n<p><strong><\/strong><\/p>\n<p><strong><span style=\"text-decoration: underline;\">Regelm\u00e4\u00dfige Termine<br \/>\n<\/span><\/strong><strong><span style=\"text-decoration: underline;\">Montags:<br \/>\n<\/span><\/strong><span style=\"text-decoration: underline;\">17 Uhr<\/span><span style=\"text-decoration: underline;\">:<\/span>\u00a0 <strong>Reiten f\u00fcr Kinder<\/strong>\u00a0 Kinder, wollt ihr ausprobieren, wie sich das anf\u00fchlt, auf einem Pferd zu sitzen und zu reiten? Wir freuen uns auf euch! F\u00fcr Kinder ab 3 Jahren.<br \/>\n<span style=\"text-decoration: underline;\">Or<\/span><em><span style=\"text-decoration: underline;\">t:<\/span><\/em>\u00a0 Erlenhof, Erlenhofstra\u00dfe 52 (Himmelreich) <em><span style=\"text-decoration: underline;\">Anmeldung ist <strong>nicht<\/strong> erforderlich!<\/span><br \/>\n<\/em><em><span style=\"text-decoration: underline;\">Weitere Infos<\/span><\/em><strong>: <\/strong>Familie Zipfel, Tel. 07661\/48 28 oder 0160\/ 95 951 284.<\/p>\n<p><strong><span style=\"text-decoration: underline;\">Dienstags:<\/span><\/strong><strong><br \/>\n<\/strong><span style=\"text-decoration: underline;\">9- ca.11 Uhr:<\/span> <strong>Mountainbiketour \u201aSchwarzwald mit Genuss\u2019<\/strong> ca. 25 km, 450 H\u00f6henmeter<br \/>\n<em><span style=\"text-decoration: underline;\">Treffpunkt:<\/span><\/em> Tourist Info, <em><span style=\"text-decoration: underline;\">Anmeldung und Infos:<\/span><\/em> Anmeldung erforderlich &#8211; bis 18 Uhr am Vortag:<br \/>\nWeiss Sportsmarketing, Tel. 07661 \/ 907 796, <em><span style=\"text-decoration: underline;\">Kosten:<\/span><\/em> 11 \u20ac, mit G\u00e4stekarte 10 \u20ac.<\/p>\n<p><span style=\"text-decoration: underline;\">13:30-16:30 <\/span><span style=\"text-decoration: underline;\">Uhr:<\/span>\u00a0 <strong>Lama Trekking<\/strong>\u00a0 Begleitet von unseren Lamas wandern wir \u00fcber unseren Hofberg und genie\u00dfen zwischendurch, au\u00dfer dem herrlichen Panoramablick ins Dreisamtal, eine kleine St\u00e4rkung vom Hof. Auf dem R\u00fcckweg kehren wir zur Kaffeepause in den Landgasthof \u201aZum R\u00f6ssle\u2019 in Dietenbach (Kirchzarten) ein.<br \/>\n<em><span style=\"text-decoration: underline;\">Treffpunkt:<\/span><\/em>Ruhbauernhof,Kirchzarten, Dietenbach 9,<br \/>\n<em><span style=\"text-decoration: underline;\">Kosten:<\/span><\/em> 12 \u20ac pro Pers., 40 \u20ac pro Familie (4-5 Pers.), ohne Einkehr<br \/>\n<em><span style=\"text-decoration: underline;\">Anmeldung und Infos:<\/span><\/em> Familie Maier, Tel. 07661\/ 61 920, per Mail: <a href=\"mailto:mm.maier@t-online.de\">mm.maier@t-online.de<\/a><\/p>\n<p><span style=\"text-decoration: underline;\">16:30 <\/span><span style=\"text-decoration: underline;\">Uhr:<\/span>\u00a0 <strong>Melkseminar\u00a0 <\/strong>&#8211; K\u00fche melken: Auf dem Jungbauernhof erhalten Sie einen Einblick rund um die t\u00e4gliche Melkarbeit. Alle Fragen rund um die Kuh und das Thema Milchgewinnung und Weiterverarbeitung sowie die \u00f6kologische Wirtschaftsweise d\u00fcrfen gestellt werden.&#8217;Schauen Sie uns nicht nur \u00fcber die Schulter, sondern legen Sie mit Hand an . . .<br \/>\n<em><span style=\"text-decoration: underline;\">Ort:<\/span><\/em> Jungbauernhof, Kirchzarten,<br \/>\nDietenbach 3, <em><span style=\"text-decoration: underline;\">Kosten:<\/span><\/em> 6 \u20ac, Kinder 5 \u20ac<br \/>\n<em><span style=\"text-decoration: underline;\">Anmeldung und Infos:<\/span><\/em> Familie Mayer, Tel. 07661\/ 1214<\/p>\n<p><strong><span style=\"text-decoration: underline;\">Mittwochs:<\/span><\/strong><strong><br \/>\n<\/strong><span style=\"text-decoration: underline;\">9- ca.11 Uhr:<\/span>\u00a0 <strong>Mountainbiketour \u201aSchwarzwald mit Spa\u00df\u2019<\/strong> ca. 35 km, 650 H\u00f6henmeter<br \/>\n<em><span style=\"text-decoration: underline;\">Treffpunkt:<\/span><\/em> Tourist Info, <em><span style=\"text-decoration: underline;\">Anmeldung und Infos:<\/span><\/em> Anmeldung erforderlich &#8211; bis 18 Uhr am Vortag:<br \/>\nWeiss Sportsmarketing, Tel. 07661 \/ 907 796, <em><span style=\"text-decoration: underline;\">Kosten:<\/span><\/em> 11 \u20ac, mit G\u00e4stekarte 10 \u20ac.<\/p>\n<p>&nbsp;<\/p>\n<p><strong><span style=\"text-decoration: underline;\">Donnerstags:<br \/>\n<\/span><\/strong><span style=\"text-decoration: underline;\">9- ca. 12\u00a0Uhr:<\/span>\u00a0 <strong>Mountainbiketour \u201aSchwarzwald mit Pfiff\u2019<\/strong>\u00a0 ca. 45 km, 1.000 H\u00f6henmeter<br \/>\n<em><span style=\"text-decoration: underline;\">Treffpunkt:<\/span><\/em> Tourist Info, <em><span style=\"text-decoration: underline;\">Anmeldung und Infos:<\/span><\/em> Anmeldung erforderlich \u2013 bis 18 Uhr am Vortag: Weiss Sportsmarketing, Tel. 07661 \/ 907 796, <em><span style=\"text-decoration: underline;\">Kosten:<\/span><\/em> 11 \u20ac, mit G\u00e4stekarte 10 \u20ac.<\/p>\n<p><span style=\"text-decoration: underline;\">10-11 Uhr:<\/span><strong> Kr\u00e4uterseminar: <\/strong>Auf einer Kr\u00e4uterwanderung werden Sie von Gerhard Hug in die Geheimnisse unserer heimischen Kr\u00e4uter eingewiehen. Anschlie\u00dfend verw\u00f6hnt er Sie mit einem leckeren Kr\u00e4uterimbiss. <em><span style=\"text-decoration: underline;\">Treffpunkt:<\/span><\/em> Landhotel Reckenberg, Reckenbergstra\u00dfe 2, <em><span style=\"text-decoration: underline;\">Anmeldung und Infos:<\/span><\/em> (Bitte bis sp\u00e4testens Mi. Abend): Landhotel Reckenberg, Tel. 07661\/9793300 oder E-Mail: <a href=\"mailto:mail@landhotel-reckenberg.de\">mail@landhotel-reckenberg.de<br \/>\n(mind<\/a>. 6 Pers.), <em><span style=\"text-decoration: underline;\">Kosten:<\/span><\/em> 10 \u20ac, Kinder bis 14 Jahren frei.<\/p>\n<p>&nbsp;<\/p>\n<p><span style=\"text-decoration: underline;\">17 Uhr<\/span><span style=\"text-decoration: underline;\">:<\/span>\u00a0 <strong>Reiten f\u00fcr Kinder<\/strong>\u00a0 Kinder, wollt ihr ausprobieren, wie sich das anf\u00fchlt, auf einem Pferd zu sitzen und zu reiten? Wir freuen uns auf euch! F\u00fcr Kinder ab 3 Jahren.<br \/>\n<span style=\"text-decoration: underline;\">Or<\/span><em><span style=\"text-decoration: underline;\">t:<\/span><\/em>\u00a0 Erlenhof, Erlenhofstra\u00dfe 52 (Himmelreich) <em><span style=\"text-decoration: underline;\">Anmeldung ist <strong>nicht<\/strong> erforderlich!<\/span><br \/>\n<\/em><em><span style=\"text-decoration: underline;\">Weitere Infos<\/span><\/em><strong>: <\/strong>Familie Zipfel, Tel. 07661\/48 28 oder 0160\/ 95 951 284.<\/p>\n<p><strong><span style=\"text-decoration: underline;\">Freitags:<br \/>\n<\/span><\/strong><span style=\"text-decoration: underline;\">14-ca. 18\u00a0Uhr:<\/span>\u00a0 <strong>Rennrad Giro<\/strong>\u00a0 Tour auf dem Rennrad durch den Schwarzwald und die Rheinebene. (Grundlagen Tempo: GA1\/GA2) Fahrtechnik, Tipps und Tricks rund ums Rennradfahren.<br \/>\n<em><span style=\"text-decoration: underline;\">Treffpunkt:<\/span><\/em> Tourist Info, <em><span style=\"text-decoration: underline;\">Anmeldung:<\/span><\/em>&#8211; bis18:00 Uhr am Vortag: Weiss Sportsmarketing,<br \/>\nTel. 07661 \/ 907 796, <em><span style=\"text-decoration: underline;\">Kosten:<\/span><\/em> 20 \u20ac.<\/p>\n<p>&nbsp;<\/p>\n<p><em><span style=\"text-decoration: underline;\">Witterungsabh\u00e4ngig!<br \/>\n<\/span><\/em><span style=\"text-decoration: underline;\">14:30-ca. 18 Uhr<\/span>: \u00a0<strong>Segway Tour Dreisamtal<\/strong><br \/>\nNach kurzer \u00a0Einweisung geht\u2019s los in Richtung Himmelreich und Burgruine Wiesneck, weiter durch Burg am Wald, Burg-H\u00f6fen nachKirchzartenOrtsmitte (Pause), weiter nach Dietenbach, Geroldstal, Weilersbach und dann hoch zum Giersberg (Pause mit Einkehr), zur\u00fcck rollen wir \u00fcber Burg-H\u00f6fen zur Rainhofscheune. Die Tour kann nur bei schnee- und eisfreien Stra\u00dfenverh\u00e4ltnissen stattfinden. Mindestteilnehmerzahl: 3 Personen.<br \/>\n<em><span style=\"text-decoration: underline;\">Treffpunkt:<\/span><\/em> Rainhofscheune, H\u00f6llentalstra\u00dfe 96, <em><span style=\"text-decoration: underline;\">Anmeldung:<\/span><\/em> bis Mittwoch, 12 Uhr: Segway Point Freiburg, Tel. 0761\/ 15 648 135, <a href=\"https:\/\/www.gr-oove.de\/\">www.gr-oove.de<\/a>, <em><span style=\"text-decoration: underline;\">Kosten:<\/span><\/em> 79 \u20ac pro Person<em><\/em><\/p>\n<p><strong><span style=\"text-decoration: underline;\">\u00a0<\/span><\/strong><\/p>\n<p><strong><span style=\"text-decoration: underline;\">Minigolf<br \/>\n<\/span><\/strong>Der Minigolfplatz ist t\u00e4glich von 11 Uhrbis Sonnenuntergang ge\u00f6ffnet.<strong><em><\/em><\/strong><\/p>\n<p>&nbsp;<\/p>\n<p><strong><span style=\"text-decoration: underline;\">Kutschfahrt im Dreisamtal:<\/span><\/strong> Wir spannen an \u2013 Sie spannen aus!<br \/>\nWir organisieren Ihr unvergessliches und pers\u00f6nliches Schwarzwald-Erlebnis.<br \/>\nFamilie Willi Rombach, Tel. 07661\/ 1538 oder 0152\/ 572 810 79, www.kutschfahren-dreisamtal.de<\/p>\n<p>&nbsp;<\/p>\n<p><strong><span style=\"text-decoration: underline;\">Bauernhofmuseen:<br \/>\n<\/span><\/strong><strong>Heimatst\u00fcble<\/strong>, Ortsverwaltung Zastler, Talstra\u00dfe 27<br \/>\nKleines, schnuckliges \u201aSt\u00fcble\u2019 mit liebevoll platzierten alten Sehensw\u00fcrdigkeiten.<br \/>\n<em><span style=\"text-decoration: underline;\">\u00d6ffnungszeiten:<\/span><\/em> Montags von 18 bis20 Uhr<br \/>\nGerne k\u00f6nnen Besuchstermine telefonisch vereinbart werden: Tel. 07661\/ 989 077 oder\u00a0 07661\/ 5038.<strong><\/strong><\/p>\n<p><strong>Hansmeyerhof mit dem Alemanne-St\u00fcble<\/strong> inBuchenbach-Wagensteig.<br \/>\nGerne k\u00f6nnen Besuchstermine telefonisch vereinbart werden: Tel. 07661\/ 3 965-40.<br \/>\nWeitere Informationen erhalten Sie auch im Internet unter <a href=\"https:\/\/www.hansmeyerhof.de\/\">www.hansmeyerhof.de<\/a>.<\/p>\n<p><strong>Schniederlihof<\/strong> inOberried-Hofsgrund, Gegendrumweg 3 Tel. 0170\/ 3 462 672<br \/>\nGewinnen Sie einen Einblick in das damalige Leben der Bergbauern im Schwarzwald. Es werden F\u00fchrungen (45 min) angeboten.<br \/>\n<em><span style=\"text-decoration: underline;\">\u00d6ffnungszeiten im Juli:<\/span><\/em> t\u00e4gl. <strong>au\u00dfer Montag<\/strong> von 12-16 Uhr, Samstag und Sonntag 11\u201316 Uhr,<br \/>\nGruppen nach Vereinbarung auch au\u00dferhalb der \u00d6ffnungszeiten.<strong><\/strong><\/p>\n<p>&nbsp;<\/p>\n<div>\n<p><strong>REDHOUSE HOT SIX\u2018\u00a0 Konzert im Innenhof der Talvogtei am 6. Juli., 19 Uhr<br \/>\n<\/strong><strong>KARTENVORVERKAUF IN DER TOURIST-INFO (15 \/ 11 \u20ac)<br \/>\n<\/strong><strong><br \/>\nKonzert im Kloster:<br \/>\n<\/strong><strong>\u201aMusic with a smile\u2018, Oriental Jazz meets medieval music, Freiburger Spielleyt &amp; FisF\u00fcz<br \/>\n<\/strong><strong>Freitag 19.07., 19 Uhr, Kloster-Innenhof, Oberried<br \/>\n<\/strong><strong>KARTENVORVERKAUF IN DER TOURIST-INFO\u00a0 (15 \u20ac)<\/strong><\/p>\n<\/div>\n<p><strong>Weitere Informationen zu Veranstaltungen im Dreisamtal finden Sie im Online-Veranstaltungskalender auf <a href=\"https:\/\/www.dreisamtal.de\/\">www.dreisamtal.de<\/a>, im \u201aiPunkt Dreisamtal\u2019 oder bei der Tourist Info, Tel. 07661\/ 907 980<\/strong><\/p>\n<p><strong>\u00a0<\/strong><strong>Die Tourist-Info ist von Montag bis Freitag von 9:30 bis 17 Uhr ge\u00f6ffnet, <\/strong><strong>samstags von 10 bis 12 <\/strong><\/p>\n<p>&nbsp;<\/p>\n<p>&nbsp;<\/p>\n","protected":false},"excerpt":{"rendered":"<p>Home &gt;Tourismus &gt;Dreisamtal &gt;Tourismus-Dreisamtal Mitgliederversammlung vom \u201eTourismus Dreisamtal e.V.\u201c am 26.5.2014 (28.5.2014)\u00a0 https:\/\/www.freiburg-schwarzwald.de\/blog\/tourismus-dreisamtal-2014\/\u00a0(4.12.2013) https:\/\/www.freiburg-schwarzwald.de\/blog\/vermieter-haftet-fewo-internet\/\u00a0(15.6.1013) https:\/\/www.freiburg-schwarzwald.de\/blog\/tourismus-dreisamtal-sterne\/\u00a0(29.5.2013) https:\/\/www.freiburg-schwarzwald.de\/blog\/lama-trekking-im-dreisamtal\/\u00a0(16.5.2013) Tourismus Dreisamtal: Katalog 2012 mit Auflage 17.500 &gt;Dreisamtal3 (21.12.2011) Tourismus Dreisamtal: Brosch\u00fcre mit sechs barrierefreien Touren\u00a0 &gt;Wandern4 (5.8.2011) Im Tourismus die Eigenwerbung per Internet &hellip; <a href=\"https:\/\/www.freiburg-schwarzwald.de\/blog\/tourismus\/tourismus-dreisamtal\/\">Weiterlesen <span class=\"meta-nav\">&rarr;<\/span><\/a><\/p>\n","protected":false},"author":4,"featured_media":0,"parent":44,"menu_order":0,"comment_status":"open","ping_status":"closed","template":"","meta":{"footnotes":""},"class_list":["post-18146","page","type-page","status-publish","hentry"],"_links":{"self":[{"href":"https:\/\/www.freiburg-schwarzwald.de\/blog\/wp-json\/wp\/v2\/pages\/18146","targetHints":{"allow":["GET"]}}],"collection":[{"href":"https:\/\/www.freiburg-schwarzwald.de\/blog\/wp-json\/wp\/v2\/pages"}],"about":[{"href":"https:\/\/www.freiburg-schwarzwald.de\/blog\/wp-json\/wp\/v2\/types\/page"}],"author":[{"embeddable":true,"href":"https:\/\/www.freiburg-schwarzwald.de\/blog\/wp-json\/wp\/v2\/users\/4"}],"replies":[{"embeddable":true,"href":"https:\/\/www.freiburg-schwarzwald.de\/blog\/wp-json\/wp\/v2\/comments?post=18146"}],"version-history":[{"count":0,"href":"https:\/\/www.freiburg-schwarzwald.de\/blog\/wp-json\/wp\/v2\/pages\/18146\/revisions"}],"up":[{"embeddable":true,"href":"https:\/\/www.freiburg-schwarzwald.de\/blog\/wp-json\/wp\/v2\/pages\/44"}],"wp:attachment":[{"href":"https:\/\/www.freiburg-schwarzwald.de\/blog\/wp-json\/wp\/v2\/media?parent=18146"}],"curies":[{"name":"wp","href":"https:\/\/api.w.org\/{rel}","templated":true}]}}