{"id":17510,"date":"2012-12-11T13:32:37","date_gmt":"2012-12-11T12:32:37","guid":{"rendered":"https:\/\/www.freiburg-schwarzwald.de\/blog\/?page_id=17510"},"modified":"2013-12-05T10:49:11","modified_gmt":"2013-12-05T09:49:11","slug":"kinderabenteuerhof","status":"publish","type":"page","link":"https:\/\/www.freiburg-schwarzwald.de\/blog\/bildung\/kinderabenteuerhof\/","title":{"rendered":"Kinderabenteuerhof"},"content":{"rendered":"<p>Home &gt;<a title=\"Bildung\" href=\"https:\/\/www.freiburg-schwarzwald.de\/blog\/bildung\/\">Bildung<\/a> &gt;Kinderabenteuerhof<\/p>\n<div id=\"attachment_17459\" style=\"width: 646px\" class=\"wp-caption alignnone\"><a href=\"https:\/\/www.freiburg-schwarzwald.de\/blog\/business\/markt\/weihnachtsmarkt\/weihnachtsmarkt-littenweiler\/markt38schweine-pan121209\/\" rel=\"attachment wp-att-17459\"><img loading=\"lazy\" decoding=\"async\" aria-describedby=\"caption-attachment-17459\" class=\"size-full wp-image-17459\" title=\"markt38schweine-pan121209\" src=\"https:\/\/www.freiburg-schwarzwald.de\/blog\/wp-content\/uploads\/2012\/10\/markt38schweine-pan121209.jpg\" alt=\"\" width=\"636\" height=\"251\" srcset=\"https:\/\/www.freiburg-schwarzwald.de\/blog\/wp-content\/uploads\/2012\/10\/markt38schweine-pan121209.jpg 636w, https:\/\/www.freiburg-schwarzwald.de\/blog\/wp-content\/uploads\/2012\/10\/markt38schweine-pan121209-180x71.jpg 180w\" sizes=\"auto, (max-width: 636px) 100vw, 636px\" \/><\/a><p id=\"caption-attachment-17459\" class=\"wp-caption-text\">F\u00fcnf Gl\u00fccks-Schweine auf dem Littenweiler Weihnachtsmarkt am 9.12.2012<\/p><\/div>\n<p>&nbsp;<\/p>\n<ul>\n<li><span>Fragen an Joachim Stockmaier (5.12.2013)<\/span><\/li>\n<li><span><a href=\"https:\/\/www.freiburg-schwarzwald.de\/blog\/lebenshilfe-lauf-im-vauban\/\">https:\/\/www.freiburg-schwarzwald.de\/blog\/lebenshilfe-lauf-im-vauban\/<\/a>\u00a0(2.5.2013)<\/span><\/li>\n<li><span><a href=\"https:\/\/www.freiburg-schwarzwald.de\/blog\/inklusionslandkarte\/\">https:\/\/www.freiburg-schwarzwald.de\/blog\/inklusionslandkarte\/<\/a>\u00a0(11.12.2012)<\/span><\/li>\n<li><span><a href=\"https:\/\/www.freiburg-schwarzwald.de\/littenweiler\/jugend4.htm#Freie Tr\u00e4ger kritisieren Freiburger Ferienprogramm\">Freie Tr\u00e4ger kritisieren Freiburger Ferienprogramm<\/a> &gt;Jugend4 (29.5.2009)<\/span><\/li>\n<li>Kinderabenteuerhof im Vauban<\/li>\n<\/ul>\n<p>&nbsp;<\/p>\n<p><strong>Kinderabenteuerhof im Vauban<\/strong><\/p>\n<p>Kinderabenteuerhof e.V.<br \/>\nAlfred-D\u00f6blin-Platz 1, 79100 Freiburg-<a title=\"Vauban\" href=\"https:\/\/www.freiburg-schwarzwald.de\/blog\/regio\/freiburg\/vauban\/\">Vauban<br \/>\n<\/a>c\/o Joachim Stockmaier, Tel: 0761 45687138, <a title=\"https:\/\/kinderabenteuerhof.de\u00a0(\u00d6ffnet\u00a0neues\u00a0Fenster)\" href=\"https:\/\/kinderabenteuerhof.de\/\" target=\"_blank\">https:\/\/kinderabenteuerhof.de<\/a><\/p>\n<p>Den Abenteuerhof finden Sie zwischen Vauban und Merzhausen, am H\u00f6lderlebach und am Fu\u00df des SCh\u00f6nbergs.<\/p>\n<p><a href=\"https:\/\/www.freiburg-schwarzwald.de\/blog\/bildung\/kinderabenteuerhof\/vauban11kinderabenteuerhof090923\/\" rel=\"attachment wp-att-17524\"><img loading=\"lazy\" decoding=\"async\" class=\"alignnone size-thumbnail wp-image-17524\" title=\"vauban11kinderabenteuerhof090923\" src=\"https:\/\/www.freiburg-schwarzwald.de\/blog\/wp-content\/uploads\/2012\/12\/vauban11kinderabenteuerhof090923-180x135.jpg\" alt=\"\" width=\"180\" height=\"135\" srcset=\"https:\/\/www.freiburg-schwarzwald.de\/blog\/wp-content\/uploads\/2012\/12\/vauban11kinderabenteuerhof090923-180x135.jpg 180w, https:\/\/www.freiburg-schwarzwald.de\/blog\/wp-content\/uploads\/2012\/12\/vauban11kinderabenteuerhof090923.jpg 640w\" sizes=\"auto, (max-width: 180px) 100vw, 180px\" \/><\/a>\u00a0\u00a0\u00a0\u00a0\u00a0\u00a0\u00a0\u00a0\u00a0 <a href=\"https:\/\/www.freiburg-schwarzwald.de\/blog\/bildung\/kinderabenteuerhof\/vauban8-abenteuer110914\/\" rel=\"attachment wp-att-17527\"><img loading=\"lazy\" decoding=\"async\" class=\"alignnone size-thumbnail wp-image-17527\" title=\"vauban8-abenteuer110914\" src=\"https:\/\/www.freiburg-schwarzwald.de\/blog\/wp-content\/uploads\/2012\/12\/vauban8-abenteuer110914-180x135.jpg\" alt=\"\" width=\"180\" height=\"135\" srcset=\"https:\/\/www.freiburg-schwarzwald.de\/blog\/wp-content\/uploads\/2012\/12\/vauban8-abenteuer110914-180x135.jpg 180w, https:\/\/www.freiburg-schwarzwald.de\/blog\/wp-content\/uploads\/2012\/12\/vauban8-abenteuer110914.jpg 640w\" sizes=\"auto, (max-width: 180px) 100vw, 180px\" \/><\/a><br \/>\n(1) Stadtteilsfest Vauban\u00a0\u00a0\u00a0\u00a0\u00a0\u00a0\u00a0\u00a0\u00a0\u00a0\u00a0\u00a0\u00a0\u00a0\u00a0\u00a0\u00a0\u00a0 \u00a0\u00a0\u00a0\u00a0\u00a0\u00a0 (2) Zelten im August<\/p>\n<p>(1) Joachim Stockmaier <a href=\"https:\/\/www.freiburg-schwarzwald.de\/littenweiler\/vauban-markt.htm\">mehr<\/a>\u00a0am 23.9.2009\u00a0<br \/>\n(2) Kinderabenteuerhof im Vauban 14.9.2011<\/p>\n<p>&nbsp;<\/p>\n<p>&nbsp;<\/p>\n<p><strong>Kinderabenteuerhof e.V. Sozial-\u00f6kologisch-inklusiv, attraktiv und pr\u00e4ventiv<br \/>\n<\/strong>Der Kinderabenteuerhof bietet einen p\u00e4dagogisch betreuten Spielerlebnisraum f\u00fcr Kinder und Jugendliche. Er erm\u00f6glicht Kontakte zu Tieren, Natur und Umwelt, bietet musische, kreative und handwerkliche Bet\u00e4tigungsfelder und l\u00e4dt ein zum Mitplanen, Experimentieren und Gestalten. Ziel ist es, Kindern und Jugendlichen einen selbstbestimmten und gemeinschaftsverantwortlichen Umgang mit sich, anderen Menschen, den Tieren und der Natur ausprobieren und erleben zu lassen.\u00a0Grundanliegen ist die Nutzbarkeit f\u00fcr alle Kinder und Jugendliche, unabh\u00e4ngig von Alter, Geschlecht, Herkunft, Nationalit\u00e4t und F\u00e4higkeiten, aus den umliegenden Stadtteilen, aber auch aus der ganzen Stadt.\u00a0Jedes Kind, ob mit oder ohne Behinderung kann an allen Angeboten teilnehmen und erh\u00e4lt die Unterst\u00fctzung, die es braucht.<br \/>\n<a href=\"https:\/\/www.behindertenbeauftragter.de\/DE\/Landkarte\/Details\/inklusion_details_node.html?cms_idInclusion=5482\">https:\/\/www.behindertenbeauftragter.de\/DE\/Landkarte\/Details\/inklusion_details_node.html?cms_idInclusion=5482<\/a><\/p>\n<p>Der Kinderabenteuerhof ist als erste Freiburger Eirichtung in\u00a0die <a href=\"https:\/\/www.inklusionslandhkarte.de\">www.inklusionslandhkarte.de<\/a> verzeichnet worden.\u00a0.<\/p>\n<p>&#8212;&#8212;&#8212;&#8212;&#8212;&#8212;&#8212;&#8212;&#8212;&#8212;&#8212;&#8212;&#8212;&#8212;&#8212;<\/p>\n<p>&nbsp;<\/p>\n<p><strong>Fragen an Joachim Stockmaier<\/strong><br \/>\nSeit zehn Jahren ist Joachim Stockmaier Leiter des Kinderabenteuerhofs Freiburg zwischen Vauban und St. Georgen. Der 48-J\u00e4hrige wurde in B\u00f6blingen geboren und kam f\u00fcr sein Studium zum Diplomsozialarbeiter nach Freiburg. Er war Mitgr\u00fcnder und Projektmanager des Kinderabenteuerhofs, ehe er dessen Leiter wurde. Zudem ist er im Vorstand des Bund f\u00fcr Jugendfarmen und Aktivspielpl\u00e4tze t\u00e4tig. Stockmaier hat drei Kinder. Er lebt mit seiner Familie in der Innenstadt. Was ziehen Sie nach 15 Jahren f\u00fcr eine Bilanz?<br \/>\nEs gibt schon viel, f\u00fcr das wir uns auf die Schulter klopfen k\u00f6nnen, immerhin haben wir es von null und zun\u00e4chst ohne kommunale Unterst\u00fctzung zu einem Kleinbetrieb mit 14 Teilzeitangestellten gebracht. Jetzt konzentrieren wir uns darauf, das Erreichte zu konsolidieren, aber wir planen auch neue Angebote wie die M\u00f6glichkeit zu einem Praktikum am Vormittag.<br \/>\nHaben die Kinder vor 15 Jahren lieber im Matsch gespielt als heute?<br \/>\nNein, der Bedarf an Natur und Tieren ist nach wie vor gro\u00df. Nat\u00fcrlich merken wir den starken Sog der medialen Welt, aber umso wichtiger ist den Eltern eine gesunde Entwicklung ihrer Kinder mit drau\u00dfen sein und eben im Matsch spielen. &#8230;&#8230;<br \/>\nAlles vom 5.12.2013 bitte lesen auf<br \/>\n<a href=\"https:\/\/www.badische-zeitung.de\/freiburg\/sagen-sie-mal-farmen-fuer-kinder-und-jugendliche-einrichten--78012824.html\">https:\/\/www.badische-zeitung.de\/freiburg\/sagen-sie-mal-farmen-fuer-kinder-und-jugendliche-einrichten&#8211;78012824.html<\/a><\/p>\n","protected":false},"excerpt":{"rendered":"<p>Home &gt;Bildung &gt;Kinderabenteuerhof &nbsp; Fragen an Joachim Stockmaier (5.12.2013) https:\/\/www.freiburg-schwarzwald.de\/blog\/lebenshilfe-lauf-im-vauban\/\u00a0(2.5.2013) https:\/\/www.freiburg-schwarzwald.de\/blog\/inklusionslandkarte\/\u00a0(11.12.2012) Freie Tr\u00e4ger kritisieren Freiburger Ferienprogramm &gt;Jugend4 (29.5.2009) Kinderabenteuerhof im Vauban &nbsp; Kinderabenteuerhof im Vauban Kinderabenteuerhof e.V. Alfred-D\u00f6blin-Platz 1, 79100 Freiburg-Vauban c\/o Joachim Stockmaier, Tel: 0761 45687138, https:\/\/kinderabenteuerhof.de Den Abenteuerhof &hellip; <a href=\"https:\/\/www.freiburg-schwarzwald.de\/blog\/bildung\/kinderabenteuerhof\/\">Weiterlesen <span class=\"meta-nav\">&rarr;<\/span><\/a><\/p>\n","protected":false},"author":4,"featured_media":0,"parent":93,"menu_order":0,"comment_status":"open","ping_status":"closed","template":"","meta":{"footnotes":""},"class_list":["post-17510","page","type-page","status-publish","hentry"],"_links":{"self":[{"href":"https:\/\/www.freiburg-schwarzwald.de\/blog\/wp-json\/wp\/v2\/pages\/17510","targetHints":{"allow":["GET"]}}],"collection":[{"href":"https:\/\/www.freiburg-schwarzwald.de\/blog\/wp-json\/wp\/v2\/pages"}],"about":[{"href":"https:\/\/www.freiburg-schwarzwald.de\/blog\/wp-json\/wp\/v2\/types\/page"}],"author":[{"embeddable":true,"href":"https:\/\/www.freiburg-schwarzwald.de\/blog\/wp-json\/wp\/v2\/users\/4"}],"replies":[{"embeddable":true,"href":"https:\/\/www.freiburg-schwarzwald.de\/blog\/wp-json\/wp\/v2\/comments?post=17510"}],"version-history":[{"count":0,"href":"https:\/\/www.freiburg-schwarzwald.de\/blog\/wp-json\/wp\/v2\/pages\/17510\/revisions"}],"up":[{"embeddable":true,"href":"https:\/\/www.freiburg-schwarzwald.de\/blog\/wp-json\/wp\/v2\/pages\/93"}],"wp:attachment":[{"href":"https:\/\/www.freiburg-schwarzwald.de\/blog\/wp-json\/wp\/v2\/media?parent=17510"}],"curies":[{"name":"wp","href":"https:\/\/api.w.org\/{rel}","templated":true}]}}