{"id":17057,"date":"2012-12-05T15:06:58","date_gmt":"2012-12-05T14:06:58","guid":{"rendered":"https:\/\/www.freiburg-schwarzwald.de\/blog\/?page_id=17057"},"modified":"2012-12-05T15:42:45","modified_gmt":"2012-12-05T14:42:45","slug":"shk","status":"publish","type":"page","link":"https:\/\/www.freiburg-schwarzwald.de\/blog\/business\/handwerk\/shk\/","title":{"rendered":"SHK"},"content":{"rendered":"<p>\u00a0Home &gt;<a title=\"Business\" href=\"https:\/\/www.freiburg-schwarzwald.de\/blog\/business\/\">Business<\/a> &gt;<a title=\"Handwerk\" href=\"https:\/\/www.freiburg-schwarzwald.de\/blog\/business\/handwerk\/\">Handwerk<\/a> &gt;SHK<\/p>\n<div id=\"attachment_16826\" style=\"width: 648px\" class=\"wp-caption alignnone\"><a href=\"https:\/\/www.freiburg-schwarzwald.de\/blog\/regio\/orte\/oberried\/zastler\/immi3zastler-pan121115\/\" rel=\"attachment wp-att-16826\"><img loading=\"lazy\" decoding=\"async\" aria-describedby=\"caption-attachment-16826\" class=\"size-full wp-image-16826\" title=\"immi3zastler-pan121115\" src=\"https:\/\/www.freiburg-schwarzwald.de\/blog\/wp-content\/uploads\/2012\/12\/immi3zastler-pan121115.jpg\" alt=\"\" width=\"638\" height=\"231\" srcset=\"https:\/\/www.freiburg-schwarzwald.de\/blog\/wp-content\/uploads\/2012\/12\/immi3zastler-pan121115.jpg 638w, https:\/\/www.freiburg-schwarzwald.de\/blog\/wp-content\/uploads\/2012\/12\/immi3zastler-pan121115-180x65.jpg 180w\" sizes=\"auto, (max-width: 638px) 100vw, 638px\" \/><\/a><p id=\"caption-attachment-16826\" class=\"wp-caption-text\">Blick von der Immi nach Osten zum Weilersbach und Zastler (rechts) am 15.11.2012 - dazwischen der Hinterwaldkopf<\/p><\/div>\n<p><strong>Sanit\u00e4r &#8211; Heizung &#8211; Klima<\/strong><\/p>\n<p><strong><\/strong>\u00a0<\/p>\n<ul>\n<li>Ab\u00a0 Januar 2013 konkurrieren SHK-Fachhandwerker\u00a0mit dem Schornsteinfeger\u00a0 (1.12.2012)<\/li>\n<li>Ausbildung zum SHK-Anlagenmechaniker &#8211; Bericht (1.8.2012)<\/li>\n<li><a href=\"https:\/\/www.freiburg-schwarzwald.de\/littenweiler\/heizung1.htm\">Aktuelles zur Heizung-Seite<\/a> &gt;Heizung1<\/li>\n<li>Sanit\u00e4r- Heizung- und Klimatechnik Innung Freiburg Breisgau\/Hochschwarzwald<\/li>\n<li><a href=\"https:\/\/www.freiburg-schwarzwald.de\/littenweiler\/heizung#Baumann, Sanit\u00e4rinstallation in Stegen\">Baumann<\/a>, Sanit\u00e4rinstallation in Stegen<\/li>\n<li><a href=\"https:\/\/www.freiburg-schwarzwald.de\/littenweiler\/pellets.htm#Bioenergie Handel GmbH\">Bioenergie-Handel GmbH<\/a> &gt;Pellets<\/li>\n<li><a href=\"https:\/\/www.freiburg-schwarzwald.de\/littenweiler\/heizung#Drescher,\">Drescher<\/a>, Sanit\u00e4r in Ebnet<\/li>\n<li><a href=\"https:\/\/www.freiburg-schwarzwald.de\/littenweiler\/bau.htm#Energie-hoch-drei in St.Peter und St.M\u00e4rgen\">Energie-hoch-drei in St.Peter, Stegen und St.M\u00e4rgen<\/a> &gt;Bau<\/li>\n<li><a href=\"https:\/\/www.freiburg-schwarzwald.de\/littenweiler\/heizung#Fehrenbach - Haustechnik in Hinterzarten\">Fehrenbach &#8211; Haustechnik<\/a> in Hinterzarten<\/li>\n<li><a href=\"https:\/\/www.freiburg-schwarzwald.de\/littenweiler\/heizung#Hauser\">Hauser<\/a> in Littenweiler<\/li>\n<li><a href=\"https:\/\/www.freiburg-schwarzwald.de\/littenweiler\/solar.htm#Holzenergie - Pellets - Bioenergie\">Holzenergie &#8211; Pellets &#8211; Bioenergie<\/a> &gt;Solar<\/li>\n<li><a href=\"https:\/\/www.freiburg-schwarzwald.de\/littenweiler\/heizung#H und F - Gundelfingen\">H und F &#8211; Gundelfingen<\/a><\/li>\n<li><a href=\"https:\/\/www.freiburg-schwarzwald.de\/littenweiler\/heizung#Kaspar, Sanit\u00e4r - Installation - Blechnerei\">Kaspar<\/a> in Kirchzarten<\/li>\n<li><a href=\"https:\/\/www.freiburg-schwarzwald.de\/littenweiler\/heizung#Kreuz GmbH - Bad und Heizung in Schallstadt\">Kreuz GmbH &#8211; Bad und Heizung<\/a> in Schallstadt<\/li>\n<li><a href=\"https:\/\/www.freiburg-schwarzwald.de\/littenweiler\/heizung#Alfred Martin - Blechnerei in St.Peter\">Alfred Martin<\/a> &#8211; Blechnerei in St.Peter<\/li>\n<li><a href=\"https:\/\/www.freiburg-schwarzwald.de\/littenweiler\/heizung#Meier &amp; Co GmbH\">Meier &amp; Co<\/a> in Freiburg-Oberau<\/li>\n<li><a href=\"https:\/\/www.freiburg-schwarzwald.de\/littenweiler\/heizung#Mittler in Waldkirch und Freiburg\">Mittler in Waldkirch und Freiburg<\/a><\/li>\n<li><a href=\"https:\/\/www.freiburg-schwarzwald.de\/littenweiler\/heizung#Naber-Tolksdorf, Kachelofenbau in Falkensteig\">Naber-Tolksdorf<\/a>, Kachelofenbau in Freiburg<\/li>\n<li><a href=\"https:\/\/www.freiburg-schwarzwald.de\/littenweiler\/heizung#Sahl\">Sahl<\/a> in Littenweiler<\/li>\n<li><a href=\"https:\/\/www.freiburg-schwarzwald.de\/littenweiler\/heizung#Schmid Heizung und Sanit\u00e4r\">Schmid<\/a> in Oberried<\/li>\n<li><a href=\"https:\/\/www.freiburg-schwarzwald.de\/littenweiler\/heizung#Schneider GmbH\">Schneider GmbH<\/a>, Pelletsheizung in Oberried<\/li>\n<li><a href=\"https:\/\/www.freiburg-schwarzwald.de\/littenweiler\/heizung#Schw\u00e4r, Kachelofenbau in Zastler\">Schw\u00e4r<\/a>, Kachelofenbau in Oberried-Zastler<\/li>\n<li><a href=\"https:\/\/www.freiburg-schwarzwald.de\/littenweiler\/heizung#Seebacher\">Seebacher<\/a> in Kirchzarten<\/li>\n<li><a href=\"https:\/\/www.freiburg-schwarzwald.de\/littenweiler\/heizung#Stather in Freiburg\">Stather in Freiburg<\/a><\/li>\n<li><a href=\"https:\/\/www.freiburg-schwarzwald.de\/littenweiler\/stoll\/index.htm\" target=\"_blank\">Stoll<\/a> in Littenweiler<\/li>\n<li><a href=\"https:\/\/www.freiburg-schwarzwald.de\/littenweiler\/heizung#SWL in Bernau - Holzheizungen mit W\u00e4rmeverbund\">SWL in Bernau &#8211; Holzheizungen mit W\u00e4rmeverbund<\/a><\/li>\n<li><a href=\"https:\/\/www.freiburg-schwarzwald.de\/littenweiler\/heizung#W\u00f6hrlin - Heizungsbau in Denzlingen\">W\u00f6hrlin &#8211; Kachel\u00f6fen und Heizungsbau<\/a> in Denzlingen<br \/>\n\u00a0<\/li>\n<li><a href=\"https:\/\/www.freiburg-schwarzwald.de\/littenweiler\/heizung#F\u00f6rderprogramme zum Heizen\">F\u00f6rderprogramme zum Heizen<\/a> (13.3.2004)<\/li>\n<li><span><a href=\"https:\/\/www.freiburg-schwarzwald.de\/gras.htm\">Gras zum Heizen, Schilf<\/a> &gt;Gras<\/span><\/li>\n<li><a href=\"https:\/\/www.freiburg-schwarzwald.de\/kraft-waerme-kopplung.htm\">Kraft-W\u00e4rme-Kopplung (KWK) <\/a>&gt;Kraft-Waerme-Kopplung<\/li>\n<li><a href=\"https:\/\/www.freiburg-schwarzwald.de\/littenweiler\/solar.htm\">Solarenergie<\/a> &gt;Solar<\/li>\n<li><a href=\"https:\/\/www.freiburg-schwarzwald.de\/littenweiler\/pellets.htm\">Holzenergie und Pellets zum Heizen<\/a> &gt;Pellets<\/li>\n<li><a href=\"https:\/\/www.freiburg-schwarzwald.de\/waermepumpe.htm\">W\u00e4rmepumpe &#8211; K\u00e4ltepumpe &#8211; Erdw\u00e4rme<\/a> &gt;Waermepumpe<\/li>\n<\/ul>\n<p>&nbsp;<\/p>\n<p>&nbsp;<\/p>\n<p><a name=\"Sanit\u00e4r- Heizung- und Klimatechnik Innung Freiburg Breisgau\/Hochschwarzwald\"><\/a><strong>Sanit\u00e4r- Heizung- und Klimatechnik Innung Freiburg Breisgau\/Hochschwarzwald<\/strong><\/p>\n<p>Joachim Kreuz, Gesch\u00e4ftsf\u00fchrer der <a href=\"https:\/\/www.freiburg-schwarzwald.de\/littenweiler\/heizung#Kreuz GmbH - Bad und Heizung in Schallstadt\">Kreuz GmbH<\/a>, ist seit dem 25.04.05 Innungsobermeister der Innung Sanit\u00e4r- Heizung- und Klimatechnik Freiburg Breisgau\/Hochschwarzwald<br \/>\n<a href=\"https:\/\/www.shk-freiburg.de\/\">www.shk-freiburg.de<\/a>\u00a0<\/p>\n<p><strong>SHK-Anlagenmechaniker &#8211; 3,5 Jahre Lehrzeit<\/strong><br \/>\nAnlagenmechaniker f\u00fcr Sanit\u00e4r-, Heizungs- und Klimatechnik (SHK) montieren und reparieren Rohrleitungen, Kan\u00e4le sowie Ver- und Entsorgungsanlagen in Geb\u00e4uden. Und sie installieren Elektrik sowie Regel-, Steuer-, Sicherheits- und Kontrolleinrichtungen. Zu ihren Aufgaben geh\u00f6rt auch die Wartung von Anlagen und Systemen. SHK-Anlagenmechaniker sind in Handwerksbetrieben oder Industrieunternehmen besch\u00e4ftigt. Der Beruf ist 2003 aus der Verschmelzung der beiden Berufe Gas- und Wasserinstallateur sowie Zentralheizungs- und L\u00fcftungsbauer hervorgegangen. Lehrlinge k\u00f6nnen sich auf Wassertechnik, W\u00e4rmetechnik oder Umwelttechnik spezialisieren. Die Ausbildung dauert dreieinhalb Jahre. Auszubildende verdienen zwischen 565 und 780 Euro. Zug\u00e4nglich ist der Beruf f\u00fcr Absolventen aller Schularten, wobei Haupt- und Realschulabsolventen in der Praxis \u00fcberwiegen. Gesellen k\u00f6nnen sich zum Meister oder Kundendiensttechniker weiterqualifizieren. Wer sich f\u00fcr die Verwaltung eines Betriebs interessiert, kann Betriebswirt im Handwerk werden. Wer Fachhochschulreife oder Abitur hat, kann Verfahrenstechnik studieren. Der Berufsschulunterricht findet blockweise in Freiburg statt.\u00a0<br \/>\n<a title=\"\" href=\"https:\/\/www.shk-freiburg.de\/\" target=\"_blank\">https:\/\/www.shk-freiburg.de<\/a>\u00a0<!-- RSPEAK_STOP -->\u00a0<\/p>\n<p>&nbsp;<\/p>\n<p><strong>Ab\u00a0 Januar 2013 konkurrieren SHK-Fachhandwerker\u00a0mit dem Schornsteinfeger<\/strong><\/p>\n<p>Seit Jahrzehnten garantieren Gesetze den Schornsteinfegern komfortable Vorrechte. Eine Reform bringt nun zum Jahreswechsel Wettbewerb in den Markt. Damit darf auch das Fachhandwerk Sanit\u00e4r, Heizung, Klima (SHK) dem Schornsteinfeger Konkurrenz machen. Zum Jahreswechsel 2012\/2013 f\u00e4llt nach mehr als 70 Jahren das Schornsteinfegermonopol, Preise ersetzen viele Geb\u00fchren. Hausbesitzer k\u00f6nnen sich dann ihren Kaminkehrer aussuchen \u2013 und hoffen, viel Geld zu sparen. <img loading=\"lazy\" decoding=\"async\" src=\"https:\/\/w.online-verlag-freiburg.de\/www\/delivery\/lg.php?bannerid=473&amp;campaignid=181&amp;zoneid=144204&amp;loc=1&amp;referer=http%3A%2F%2Fwww.badische-zeitung.de%2Fhaus-garten-2%2Fkaminkehrer-kommt-im-blauen-anton--66508372.html&amp;cb=a58e528161\" alt=\"\" width=\"0\" height=\"0\" \/>Vor vier Jahren hat die Bundesregierung auf Druck der EU das Schornsteinfegergesetz gelockert, 2013 wird der entscheidende Schritt wirksam. K\u00f6nnen Eigent\u00fcmer schon jetzt Kaminkehrer aus dem EU-Ausland beauftragen \u2013 was wegen der Fahrtkosten aber nur selten infrage kommt \u2013, haben Hausbesitzer nun auch im Bundesgebiet freie Hand. Ein Register auf der Website des Bundesamts f\u00fcr Wirtschaft und Ausfuhrkontrolle gibt Auskunft, welcher Betrieb pr\u00fcfen, messen und kehren darf. &#8222;F\u00fcr den Kunden bringt das die Chance, alles in eine Hand zu legen: Messen, Kehren, Warten \u2013 daf\u00fcr braucht er dann nur noch einen Termin statt drei &#8222;, sagt Andreas M\u00fcller, Vize-Hauptgesch\u00e4ftsf\u00fchrer beim Zentralverband Sanit\u00e4r, Heizung, Klima. Wie der Zentralverband mitteilt, werden entsprechend qualifizierte SHK-Handwerker mit dem Fall des Monopols beispielsweise in die Lage versetzt, Emissionsmessungen, Sicherheitspr\u00fcfungen oder Kehrt\u00e4tigkeiten an Heiz- und L\u00fcftungsanlagen durchzuf\u00fchren. Richtig genutzt, so der Verband, helfe das neue Angebot somit Geld und Zeit sparen. So mache es in der Praxis Sinn, dass der SHK-Fachmann nach einer von ihm vorgenommenen Schadstoffmessung an einer Heizanlage auch direkt die eventuell notwendigen Nachbesserungen vornehme.<br \/>\n1.12.2012<\/p>\n<p>&nbsp;<\/p>\n<p><strong>Ausbildung zum SHK-Anlagenmechaniker &#8211; Bericht<\/strong><\/p>\n<p>Benedict Fehrenbach, der bei der Albert Kern GmbH in S\u00f6lden zum SHK-Anlagenmechaniker ausgebildet wird, steht im Heizraum und raut mit einem schmalen S\u00e4geblatt ein Rohrgewinde an. Dann umwickelt er es mit Hanf. Das dichtet ab. Das Rohrst\u00fcck ist Bestandteil der Verbindung zwischen Sonden, die in 70 Meter Tiefe dem Kalkgestein des Sch\u00f6nbergmassivs W\u00e4rme entziehen, und einer W\u00e4rmepumpe, die sie auf Gebrauchswassertemperatur anhebt. &#8222;Rohre zu verbinden ist eine typische T\u00e4tigkeit in meinem Beruf&#8220;, sagt Benedict Fehrenbach. Sie mit Hanf abzudichten ist jedoch selten geworden. Diese Methode wird nur noch angewandt, wo es gilt, verschiedene Ger\u00e4te einer Anlage miteinander zu verbinden. Der weitaus \u00fcberwiegende Teil der Leitungen von Heiz- und Wasseranlagen wird heute mit Rohrst\u00fccken verlegt, die schon ab Werk mit Dichtungsringen versehen sind, aufeinander gesteckt und mit einer speziellen Zange verfestigt werden. Das Grundprinzip ist jedoch das gleiche: Weil sich Leitungen nicht am St\u00fcck auf lange Strecken und erst recht nicht um die Ecke ziehen lassen, sind immer wieder Rohrabschnitte miteinander zu verbinden.<br \/>\nEine W\u00e4rmepumpenheizung, wie sie Benedict Fehrenbach und sein Ausbilder Patrick Meihofer in diesem Neubau einbauen, kommt in der Praxis der SHK-Betriebe immer h\u00e4ufiger vor. Trotz hoher Investitionskosten wegen der Tiefenbohrung entscheiden sich Bauherren daf\u00fcr, weil sie dann keine fossilen Brennstoffe ben\u00f6tigen. Das Beispiel zeigt, dass Anlagenmechaniker f\u00fcr Sanit\u00e4r-, Heizungs- und Klimatechnik zur praktischen Umsetzung der Energiewende beitragen. Denn sie sind es, die sich mit effizienten Systemen auskennen, sie einbauen, bestehende Heizanlagen ersetzen, ert\u00fcchtigen oder erg\u00e4nzen, etwa durch Solarkollektoranlagen. Eine kontrollierte L\u00fcftung \u2013 kombiniert mit W\u00e4rmer\u00fcckgewinnung \u2013 spart ebenfalls Energie, womit ein weiteres Arbeitsfeld der SHK-Anlagenmechaniker angesprochen ist.<br \/>\n&#8222;Unser Beruf hat Zukunft&#8220;, ist Edgar Kern \u00fcberzeugt. Er f\u00fchrt die 1966 von seinem Vater gegr\u00fcndete Albert Kern GmbH zusammen mit seiner Frau Manuela. T\u00e4tigkeitsfelder der Firma sind die Bereiche Sanit\u00e4r, Heizung, Solar und Blechnerei sowie Metallbau in einem Zweigbetrieb in Bollschweil. Edgar Kern selbst ist Meister im Beruf des Gas- und Wasserinstallateurs und im Klempnerberuf. Die Klempnerei oder auch Blechnerei ist ein eigenst\u00e4ndiger Ausbildungsberuf, das Berufsbild des Gas- und Wasserinstallateurs ist jedoch vor einigen Jahren mit dem Zentralheizungs- und L\u00fcftungsbauer zum Beruf des Anlagenmechanikers verschmolzen (siehe Info-Box). Eine Spezialisierung ist m\u00f6glich. Benedict Fehrenbach, der kommenden Februar die Gesellenpr\u00fcfung ablegt, konnte bei der Firma Albert Kern alle T\u00e4tigkeitsfelder kennenlernen: die Anlage oder Renovierung von Badezimmern, was dem Bereich Sanit\u00e4r zuzuordnen ist, sowie das Verlegen von Wasserleitungen und Abwasserrohren, oder Einbau, Reparatur und Wartung von Heizanlagen, die mit allen erdenklichen Brennstoffen betrieben werden. Auch hat er bei der Installation von Blockheizkraftwerken und bei der Montage von Solaranlagen mitgearbeitet oder so wie hier beim Einbau einer W\u00e4rmepumpenheizung. Dabei geht es auch um die Installation von Verteilersystemen und die Steuerungstechnik.<br \/>\nF\u00fcr den 21-j\u00e4hrigen Absolventen des Technischen Gymnasiums war schon fr\u00fch klar, dass er diesen Beruf erlernen will. Sein Vater f\u00fchrt in Hinterzarten ebenfalls einen SHK-Betrieb, den er einmal \u00fcbernehmen will. Zuvor m\u00f6chte er aber an der Fachhochschule Esslingen Versorgungstechnik studieren. Benedict Fehrenbach gef\u00e4llt die Vielseitigkeit des Berufs. &#8222;Auch, wie sinnvoll er ist hinsichtlich des Umweltschutzes&#8220;, sagt er. Der junge Mann bringt alles mit, was sich Edgar Kern von einem Auszubildenden w\u00fcnscht: Interesse, Arbeitsfreude, technisches Verst\u00e4ndnis und handwerkliches Geschick. Vier Auszubildende geh\u00f6ren derzeit zur 38 Mitarbeiter z\u00e4hlendenden Albert Kern GmbH, ein f\u00fcnfter Lehrling kommt im September dazu. Wer sich bei Kern vorstellt, sollte erkl\u00e4ren k\u00f6nnen, warum er den Beruf lernen will. Auch legt er Wert auf gute Noten in Mathe und Technik, noch wichtiger ist Edgar Kern aber, bei seinem Gegen\u00fcber Freude und Begeisterung f\u00fcr das Handwerk zu sp\u00fcren. &#8222;Wer Motivation und Engagement mitbringt, schafft die Gesellenpr\u00fcfung auch&#8220;, ist seine Erfahrung.<\/p>\n<p><!-- RSPEAK_STOP -->Altert Kern GmbH in S\u00f6lden &#8211; Sanit\u00e4r, Heizung, blechnerei, Metallbau<br \/>\n<a href=\"https:\/\/albertkerngmbh.de\/\">https:\/\/albertkerngmbh.de\/<br \/>\nOskar<\/a> Fehrenbach Haustechnik in Hinterzarten<br \/>\n<a href=\"https:\/\/www.fehrenbach-haustechnik.de\/\">https:\/\/www.fehrenbach-haustechnik.de\/<\/a><\/p>\n<p>1.8.2012<\/p>\n","protected":false},"excerpt":{"rendered":"<p>\u00a0Home &gt;Business &gt;Handwerk &gt;SHK Sanit\u00e4r &#8211; Heizung &#8211; Klima \u00a0 Ab\u00a0 Januar 2013 konkurrieren SHK-Fachhandwerker\u00a0mit dem Schornsteinfeger\u00a0 (1.12.2012) Ausbildung zum SHK-Anlagenmechaniker &#8211; Bericht (1.8.2012) Aktuelles zur Heizung-Seite &gt;Heizung1 Sanit\u00e4r- Heizung- und Klimatechnik Innung Freiburg Breisgau\/Hochschwarzwald Baumann, Sanit\u00e4rinstallation in Stegen Bioenergie-Handel &hellip; <a href=\"https:\/\/www.freiburg-schwarzwald.de\/blog\/business\/handwerk\/shk\/\">Weiterlesen <span class=\"meta-nav\">&rarr;<\/span><\/a><\/p>\n","protected":false},"author":4,"featured_media":0,"parent":1385,"menu_order":0,"comment_status":"open","ping_status":"closed","template":"","meta":{"footnotes":""},"class_list":["post-17057","page","type-page","status-publish","hentry"],"_links":{"self":[{"href":"https:\/\/www.freiburg-schwarzwald.de\/blog\/wp-json\/wp\/v2\/pages\/17057","targetHints":{"allow":["GET"]}}],"collection":[{"href":"https:\/\/www.freiburg-schwarzwald.de\/blog\/wp-json\/wp\/v2\/pages"}],"about":[{"href":"https:\/\/www.freiburg-schwarzwald.de\/blog\/wp-json\/wp\/v2\/types\/page"}],"author":[{"embeddable":true,"href":"https:\/\/www.freiburg-schwarzwald.de\/blog\/wp-json\/wp\/v2\/users\/4"}],"replies":[{"embeddable":true,"href":"https:\/\/www.freiburg-schwarzwald.de\/blog\/wp-json\/wp\/v2\/comments?post=17057"}],"version-history":[{"count":0,"href":"https:\/\/www.freiburg-schwarzwald.de\/blog\/wp-json\/wp\/v2\/pages\/17057\/revisions"}],"up":[{"embeddable":true,"href":"https:\/\/www.freiburg-schwarzwald.de\/blog\/wp-json\/wp\/v2\/pages\/1385"}],"wp:attachment":[{"href":"https:\/\/www.freiburg-schwarzwald.de\/blog\/wp-json\/wp\/v2\/media?parent=17057"}],"curies":[{"name":"wp","href":"https:\/\/api.w.org\/{rel}","templated":true}]}}