{"id":17038,"date":"2012-12-05T13:37:33","date_gmt":"2012-12-05T12:37:33","guid":{"rendered":"https:\/\/www.freiburg-schwarzwald.de\/blog\/?page_id=17038"},"modified":"2021-08-16T20:19:38","modified_gmt":"2021-08-16T18:19:38","slug":"stohrenschule","status":"publish","type":"page","link":"https:\/\/www.freiburg-schwarzwald.de\/blog\/bildung\/schulen\/stohrenschule\/","title":{"rendered":"Stohrenschule"},"content":{"rendered":"<p>Home &gt;<a title=\"Bildung\" href=\"https:\/\/www.freiburg-schwarzwald.de\/blog\/bildung\/\">Bildung<\/a> &gt;<a title=\"Schulen\" href=\"https:\/\/www.freiburg-schwarzwald.de\/blog\/bildung\/schulen\/\">Schulen<\/a> &gt;<a title=\"Stohren\" href=\"https:\/\/www.freiburg-schwarzwald.de\/blog\/regio\/orte\/stohren\/\">Stohren &#8211; M\u00fcnstertal<\/a> &gt;Stohrenschule<\/p>\n<div id=\"attachment_15630\" style=\"width: 648px\" class=\"wp-caption alignnone\"><a href=\"https:\/\/www.freiburg-schwarzwald.de\/blog\/business\/volkseinkommen\/schauinsland1muenstertal-pan121115\/\" rel=\"attachment wp-att-15630\"><img loading=\"lazy\" decoding=\"async\" aria-describedby=\"caption-attachment-15630\" class=\"size-full wp-image-15630\" title=\"schauinsland1muenstertal-pan121115\" src=\"https:\/\/www.freiburg-schwarzwald.de\/blog\/wp-content\/uploads\/2012\/11\/schauinsland1muenstertal-pan121115.jpg\" alt=\"\" width=\"638\" height=\"199\" srcset=\"https:\/\/www.freiburg-schwarzwald.de\/blog\/wp-content\/uploads\/2012\/11\/schauinsland1muenstertal-pan121115.jpg 638w, https:\/\/www.freiburg-schwarzwald.de\/blog\/wp-content\/uploads\/2012\/11\/schauinsland1muenstertal-pan121115-180x56.jpg 180w\" sizes=\"auto, (max-width: 638px) 100vw, 638px\" \/><\/a><p id=\"caption-attachment-15630\" class=\"wp-caption-text\">Blick vom Schauinsland nach S\u00fcden \u00fcbers M\u00fcnstertal am 15.11.2012<\/p><\/div>\n<ul>\n<li><a href=\"https:\/\/www.freiburg-schwarzwald.de\/blog\/natur\/landwirt\/weide\/\">Allmende \u2013 Weiden, die keinem und allen geh\u00f6ren<\/a>\u00a0(14.8.2021)<\/li>\n<li><a href=\"https:\/\/www.freiburg-schwarzwald.de\/blog\/stohrenschule-am-schauinsland\/\">https:\/\/www.freiburg-schwarzwald.de\/blog\/stohrenschule-am-schauinsland\/<\/a>\u00a0(20.2.2013)<\/li>\n<li>Ute R\u00f6\u00dfer ab 2012\/2013 neue Schulleiterin der Stohrenschule (5.12.2012)<\/li>\n<li><a href=\"https:\/\/www.freiburg-schwarzwald.de\/stohren#Stohrenschule erh\u00e4lt Landeszuschuss\">Stohrenschule erh\u00e4lt Landeszuschuss<\/a> (24.6.2006)<\/li>\n<li><a href=\"https:\/\/www.freiburg-schwarzwald.de\/gesundleben.htm#ScienceKids: AOK-En\u00e4hrungsprojekt bei der Stohrenschule\">ScienceKids: AOK-En\u00e4hrungsprojekt bei der Stohrenschule<\/a> &gt;GesundLeben (5.4.2007)<\/li>\n<li><a href=\"https:\/\/www.freiburg-schwarzwald.de\/stohren#Stohrenschule\">https:\/\/www.freiburg-schwarzwald.de\/stohren#Stohrenschule<\/a>\u00a0&#8211; viele Bilder<\/li>\n<li>Stohrenschule<\/li>\n<\/ul>\n<p>&nbsp;<\/p>\n<p><strong>Stohrenschule<\/strong><\/p>\n<p>Das im Jahre 1954 auf dem <a title=\"Stohren\" href=\"https:\/\/www.freiburg-schwarzwald.de\/blog\/regio\/orte\/stohren\/\">Stohren<\/a> erbaute Schulhaus wurde im Laufe der Jahre generalsaniert: Dachhaut mit\u00a0Prefa-Dachschindeln, Vollw\u00e4rmeschutz, Isolierglasfenster und ab Dezember 2008 eine Holzpelletheizung anstelle der alten \u00d6lheizung.<\/p>\n<p>Stohrenschule, Grund- und Hauptschule, Tel 0 76 02 &#8211; 92 02 65<br \/>\nUte R\u00f6\u00dfer, Schulleiterin<br \/>\nStohren 3, 79244 M\u00fcnstertal-Stohren<br \/>\n<a href=\"mailto:Poststelle@stohrenschule.mtal.fr.schule.bwl.de\">Poststelle@stohrenschule.mtal.fr.schule.bwl.de<\/a><\/p>\n<p>Lehrerehepaar Renate und Benno Kroschel (bis 7\/2012)<\/p>\n<p><a href=\"https:\/\/www.freiburg-schwarzwald.de\/blog\/bildung\/schulen\/stohrenschule\/stohrenschule110415\/\" rel=\"attachment wp-att-17040\"><img loading=\"lazy\" decoding=\"async\" class=\"alignnone size-thumbnail wp-image-17040\" title=\"stohrenschule110415\" src=\"https:\/\/www.freiburg-schwarzwald.de\/blog\/wp-content\/uploads\/2012\/12\/stohrenschule110415-180x139.jpg\" alt=\"\" width=\"180\" height=\"139\" srcset=\"https:\/\/www.freiburg-schwarzwald.de\/blog\/wp-content\/uploads\/2012\/12\/stohrenschule110415-180x139.jpg 180w, https:\/\/www.freiburg-schwarzwald.de\/blog\/wp-content\/uploads\/2012\/12\/stohrenschule110415.jpg 640w\" sizes=\"auto, (max-width: 180px) 100vw, 180px\" \/><\/a><br \/>\n(1) Stohrenschule am 15.4.2011<\/p>\n<p>(1) <span style=\"font-family: Arial; font-size: xx-small;\">Blick nach S\u00fcdwesten zur Stohrenschule am 15.4.2011<\/span><\/p>\n<p>&nbsp;<\/p>\n<p>&nbsp;<\/p>\n<p><strong>Ute R\u00f6\u00dfer ab 2012\/2013 neue Schulleiterin der Stohrenschule<\/strong><\/p>\n<p>Als nahezu einmaligen Gl\u00fccksfall werten Eltern und Sch\u00fcler vom M\u00fcnstert\u00e4ler Ortsteil Stohren die Wiederbesetzung der Schulleiterstelle in der einklassigen Grundschule mit zehn Kindern. Nach 38 gemeinsamen Berufsjahren des Lehrerehepaares Benno und Renate Kroschel auf der fast tausend Meter hoch gelegenen Stohrenschule auf dem Schauinsland durfte Ute R\u00f6\u00dfer jetzt beruflich wie privat ins Stohrenschulhaus einziehen. Ihre Amtseinf\u00fchrung erfolgte am Mittwoch 28.11.2012 im vollbesetzten einzigen Klassenzimmer bei einer mehr als dreist\u00fcndigen Feier im Beisein der Kinder, Eltern, Wegbegleiter, Freunde und Kollegen sowie hochrangiger Amtstr\u00e4ger von Schulamt und Gemeinde. Der Leitende Schulamtsdirektor Manfred Vo\u00dfler und Personalschulrat Lothar Meroth vom Staatlichen Schulamt Freiburg waren es letztlich, die mit ihren Ansprachen ihre Unterst\u00fctzung f\u00fcr den weiteren Fortbestand der Stohrenschule zum Ausdruck brachten. Ein Aufatmen ging durch die Reihen der Sch\u00fcler und Eltern vom Stohren und von Hofsgrund \u2013 aus dem Oberrieder Ortsteil werden derzeit sechs von zehn Grundschulkindern t\u00e4glich \u00fcber den Schauinsland zur Stohrenschule gebracht. Mit einem spontanen und kr\u00e4ftigen &#8222;Hurra, es geht weiter in der Stohrenschule!&#8220;, brachten Sch\u00fcler und Eltern ihre Freude zum Ausdruck. Rein schulpolitisch und erst recht finanzwirtschaftlich gesehen d\u00fcrfe es die Stohrenschule gar nicht geben, sagte Personalschulrat Lothar Meroth. Doch in diesem Falle gebe es geografisch-topografische und nicht zuletzt menschlich-soziale Gr\u00fcnde, welche die Existenz der seit 150 Jahren bestehenden Schule rechtfertigten. Diesen Gedanken vertiefte Schulamtsdirektor Vo\u00dfler mit dem Hinweis auf eine von der Stohrenschule seit jeher praktizierte kindbezogene P\u00e4dagogik, die den aktuellen bildungspolitischen Vorgaben vollauf standhalte. Als engagierte Vollblutp\u00e4dagogin garantiere Ute R\u00f6\u00dfer mit ihrer Affinit\u00e4t zur franz\u00f6sischen Sprache, gepaart mit gro\u00dfem musikalischem K\u00f6nnen und mit Naturverbundenheit, eine ganzheitliche Vermittlung des Unterrichtsstoffes unter Einbeziehung der Familien.<br \/>\nDie Mitverantwortung, welche die Eltern am Stohren auch in Zukunft f\u00fchlen und leben, unterstrichen die beiden Elternvertreterinnen Tanja Franz und Tanja Lorenz. Max Schneider begr\u00fc\u00dfte die neue Schulleiterin im Namen des Singkreises Stohren. Diese kulturelle Einrichtung, die jetzt unter der Leitung von Ute R\u00f6\u00dfer weiterbestehen wird, galt als ein Beispiel f\u00fcr die Bedeutung der Stohrenschule als wichtiger kultureller und sozialer Bezugspunkt auch f\u00fcr die erwachsenen Einwohner auf dem Schauinsland.<br \/>\nP\u00e4dagogin, Sekret\u00e4rin und Hausmeisterin in einer Person: Der f\u00fcr die Schulleiterbesetzung zust\u00e4ndigen Freiburger Schulverwaltung galt deshalb der wiederholte Dank der Stohremer Elternschaft und auch der M\u00fcnstert\u00e4ler Gemeindeverwaltung. Stellvertretend f\u00fcr den verhinderten B\u00fcrgermeister R\u00fcdiger Ahlers dankte Hauptamtsleiter Christoph Blattmann der neuen Schulleiterin f\u00fcr ihre Wohnsitznahme im renovierten Schulhaus bei gleichzeitiger mehr oder minder stillschweigender T\u00e4tigkeit als P\u00e4dagogin, Sekret\u00e4rin und Hausmeisterin in Personalunion.<\/p>\n<p>Herzliche Gl\u00fcckw\u00fcnsche und Geschenke gab es f\u00fcr die neue Schulleiterin von ihren M\u00fcnstert\u00e4ler Kollegen, Rektor Wolfgang Gass und Konrektorin Lucia B\u00f6hler von der Abt-Columban-Schule, von Rektorin Anja Stotz von der Spielwegschule sowie von els\u00e4ssischen Lehrerkolleginnen, mit denen Ute R\u00f6\u00dfer seit Jahren zusammenarbeitet und mit denen sie bis heute eine enge deutsch-franz\u00f6sische Kooperation und Freundschaft verbindet.<br \/>\nDie Gratulanten aus Frankreich repr\u00e4sentierten dar\u00fcber hinaus eine Grund\u00fcberzeugung von Ute R\u00f6\u00dfer, die das Bauen von Br\u00fccken, den offenen Blick auf andere, das Lernen voneinander als eine wesentliche Ausrichtung ihres beruflichen und pers\u00f6nlichen Lebens sieht.<br \/>\nDie Stohremer Sch\u00fclerinnen und Sch\u00fcler setzten sich bei der Einf\u00fchrung ihrer Schulleiterin ins beste Licht. Selbstbewusst und konzentriert lieferten sie herzerfrischende Beitr\u00e4ge zur Feier. K\u00f6stlich und gekonnt waren auch die Darbietungen des Stohremer Singkreises und der am\u00fcsante Sketch des Spielwegkollegiums auf die &#8222;Neue&#8220; sowie das Fl\u00f6tenquartett und ein nachdenkliches M\u00e4rchen der franz\u00f6sischen G\u00e4ste. Die Schulleiterin zeigte sich rundum dankbar f\u00fcr den herzlichen Empfang und das ihr entgegengebrachte Vertrauen. &#8222;Miteinander \u2013 F\u00fcreinander&#8220;, dieser Wahlspruch auf der Ortseingangstafel des M\u00fcnstertals, so Ute R\u00f6\u00dfer, passe genau darauf, wie sie ihre k\u00fcnftige Arbeit auf dem Stohren sehen m\u00f6chte.<\/p>\n<div><!-- RSPEAK_STOP --><!-- RSPEAK_START -->Ute R\u00f6\u00dfer<br \/>\nGeboren wurde die neue Leiterin der Stohrenschule 1970 in Berlin-Charlottenburg, die Kindheit mit drei j\u00fcngeren Geschwistern in Berlin-Wedding verbrachte sie unmittelbar an der Mauer. Danach Umzug in den Odenwald, Lehramtsstudium in Heidelberg, Referendariat in L\u00f6rrach und Schopfheim-Langenau. Drei Jahre lang hat R\u00f6\u00dfer an franz\u00f6sischen Grundschulen und Kinderg\u00e4rten in zweisprachigen Klassen im Raum Mulhouse unterrichtet, sieben Jahre war sie an der Grundschule M\u00fcllheim t\u00e4tig und seit sechs Jahren in M\u00fcnstertal an der Abt-Columban- und an der Spielwegschule vorwiegend f\u00fcr Unterricht in Franz\u00f6sisch, Musik und Chor zust\u00e4ndig. In dieser Zeit hat sie viele Austauschaktivit\u00e4ten zwischen M\u00fcnstert\u00e4ler und Els\u00e4sser Schulklassen organisiert.\u00a0<!-- RSPEAK_STOP --><br \/>\n5.12.2012, Manfred Lange\u00a0<strong>Die Kinder von der Stohrenschule<\/strong><br \/>\nHoch oben auf dem Stohren, auf 1000 Metern im S\u00fcdschwarzwald, vollzieht sich der Wechsel der Jahreszeiten in atemberaubender Sch\u00f6nheit. Der Winter ist lang und hart, Fr\u00fchling und Herbst sind voller Farben, der Sommer vergl\u00fcht schnell. Hier oben gibt es noch eine der letzten Zwergschulen in Baden-W\u00fcrttemberg: vier Schulklassen in einem einzigen Raum, eine ganze Grundschule also. Rektor Benno Kroschel unterrichtet die Kinder selbst, zusammen mit seiner einzigen Lehrkraft, seiner Frau Renate. Ein ganzes Schuljahr lang begleitet die Dokumentation die Kinder von der Stohrenschule: bei der Weihnachtsfeier, beim Musizieren und Theaterspielen, bei einem Waldgang mit dem F\u00f6rster, im Schulgarten bei der Ernte, aber auch in der Freizeit, zuhause auf den H\u00f6fen, im Stall und auf dem Heuboden. Die Dokumentation erz\u00e4hlt Geschichten vom &#8222;Ernst des Lebens&#8220;, der immer beschworen wird, wenn es um Kinder und Schule geht, aber auch Geschichten von einer unbeschwerten Leichtigkeit und einem Gl\u00fcck, das nur der Kindheit zukommt. &#8230;.<br \/>\nDie Kinder von der Stohrenschule &#8211; Vom Ernst des Lebens, SWR Fernsehen. Film von Harold Woetzel 06.01.2009, 20.15 Uhr, <a href=\"https:\/\/www.swr.de\/\">www.swr.de<\/a><\/div>\n<p><strong>Jahrgangs\u00fcbergreifend unterrichten<\/strong><br \/>\nDie Stohrenschule, mit 16 Sch\u00fclern die kleinste staatliche Schule Deutschlands, blickt vom Schauinsland nahe Freiburg ins Tal hinab. Die Kroschels und ihr gutes Dutzend Kids praktizieren, was in anderen deutschen Lehranstalten als total modern gilt: Es wird jahrgangs\u00fcbergreifend unterrichtet. Die Kroschels arbeiten weniger nach Lehrplan als mit Projektunterricht &#8211; in Freiburg beim Besuch des Zoologischen Instituts zum Beispiel. Auch den Oberlehrer gibt es auf 1.100 Metern H\u00f6he nicht, weil oftmals \u00e4ltere Sch\u00fcler in die Lehrerrolle schl\u00fcpfen. Frontalbeschulung geht ohnehin nicht mit f\u00fcnf Jahrg\u00e4ngen an drei Tischen. Und &#8211; wer h\u00e4tte das erwartet &#8211; die Stohrenschule ist computerisiert, sie h\u00e4ngt am Netz.<br \/>\n26.1.2001, <a href=\"https:\/\/www.freitag.de\/\">www.freitag.de<\/a><\/p>\n<p>&nbsp;<\/p>\n","protected":false},"excerpt":{"rendered":"<p>Home &gt;Bildung &gt;Schulen &gt;Stohren &#8211; M\u00fcnstertal &gt;Stohrenschule Allmende \u2013 Weiden, die keinem und allen geh\u00f6ren\u00a0(14.8.2021) https:\/\/www.freiburg-schwarzwald.de\/blog\/stohrenschule-am-schauinsland\/\u00a0(20.2.2013) Ute R\u00f6\u00dfer ab 2012\/2013 neue Schulleiterin der Stohrenschule (5.12.2012) Stohrenschule erh\u00e4lt Landeszuschuss (24.6.2006) ScienceKids: AOK-En\u00e4hrungsprojekt bei der Stohrenschule &gt;GesundLeben (5.4.2007) https:\/\/www.freiburg-schwarzwald.de\/stohren#Stohrenschule\u00a0&#8211; viele Bilder Stohrenschule &hellip; <a href=\"https:\/\/www.freiburg-schwarzwald.de\/blog\/bildung\/schulen\/stohrenschule\/\">Weiterlesen <span class=\"meta-nav\">&rarr;<\/span><\/a><\/p>\n","protected":false},"author":4,"featured_media":0,"parent":209,"menu_order":0,"comment_status":"open","ping_status":"closed","template":"","meta":{"footnotes":""},"class_list":["post-17038","page","type-page","status-publish","hentry"],"_links":{"self":[{"href":"https:\/\/www.freiburg-schwarzwald.de\/blog\/wp-json\/wp\/v2\/pages\/17038","targetHints":{"allow":["GET"]}}],"collection":[{"href":"https:\/\/www.freiburg-schwarzwald.de\/blog\/wp-json\/wp\/v2\/pages"}],"about":[{"href":"https:\/\/www.freiburg-schwarzwald.de\/blog\/wp-json\/wp\/v2\/types\/page"}],"author":[{"embeddable":true,"href":"https:\/\/www.freiburg-schwarzwald.de\/blog\/wp-json\/wp\/v2\/users\/4"}],"replies":[{"embeddable":true,"href":"https:\/\/www.freiburg-schwarzwald.de\/blog\/wp-json\/wp\/v2\/comments?post=17038"}],"version-history":[{"count":1,"href":"https:\/\/www.freiburg-schwarzwald.de\/blog\/wp-json\/wp\/v2\/pages\/17038\/revisions"}],"predecessor-version":[{"id":93804,"href":"https:\/\/www.freiburg-schwarzwald.de\/blog\/wp-json\/wp\/v2\/pages\/17038\/revisions\/93804"}],"up":[{"embeddable":true,"href":"https:\/\/www.freiburg-schwarzwald.de\/blog\/wp-json\/wp\/v2\/pages\/209"}],"wp:attachment":[{"href":"https:\/\/www.freiburg-schwarzwald.de\/blog\/wp-json\/wp\/v2\/media?parent=17038"}],"curies":[{"name":"wp","href":"https:\/\/api.w.org\/{rel}","templated":true}]}}