{"id":16897,"date":"2012-12-03T21:55:19","date_gmt":"2012-12-03T20:55:19","guid":{"rendered":"https:\/\/www.freiburg-schwarzwald.de\/blog\/?page_id=16897"},"modified":"2022-03-12T21:44:40","modified_gmt":"2022-03-12T20:44:40","slug":"loipe","status":"publish","type":"page","link":"https:\/\/www.freiburg-schwarzwald.de\/blog\/sport\/sportlern\/ski\/loipe\/","title":{"rendered":"Loipe"},"content":{"rendered":"<p>Home &gt;<a title=\"Sport\" href=\"https:\/\/www.freiburg-schwarzwald.de\/blog\/sport\/\">Sport<\/a> &gt;<a title=\"Sportlern\" href=\"https:\/\/www.freiburg-schwarzwald.de\/blog\/sport\/sportlern\/\">Sportlern<\/a> &gt;<a title=\"Ski\" href=\"https:\/\/www.freiburg-schwarzwald.de\/blog\/sport\/sportlern\/ski\/\">Ski<\/a> &gt;Loipe<\/p>\n<div id=\"attachment_16900\" style=\"width: 611px\" class=\"wp-caption alignnone\"><a href=\"https:\/\/www.freiburg-schwarzwald.de\/blog\/sport\/sportlern\/ski\/loipe\/thurner051230-10pan\/\" rel=\"attachment wp-att-16900\"><img loading=\"lazy\" decoding=\"async\" aria-describedby=\"caption-attachment-16900\" class=\"size-full wp-image-16900\" title=\"thurner051230-10pan\" src=\"https:\/\/www.freiburg-schwarzwald.de\/blog\/wp-content\/uploads\/2012\/12\/thurner051230-10pan.jpg\" alt=\"\" width=\"601\" height=\"230\" srcset=\"https:\/\/www.freiburg-schwarzwald.de\/blog\/wp-content\/uploads\/2012\/12\/thurner051230-10pan.jpg 601w, https:\/\/www.freiburg-schwarzwald.de\/blog\/wp-content\/uploads\/2012\/12\/thurner051230-10pan-180x68.jpg 180w\" sizes=\"auto, (max-width: 601px) 100vw, 601px\" \/><\/a><p id=\"caption-attachment-16900\" class=\"wp-caption-text\">Blick nach S\u00fcdwesten am 30.12.2005 zur Thurnerspur-Skih\u00fctte in St.M\u00e4rgen-Thurner<\/p><\/div>\n<ul>\n<li><a href=\"https:\/\/www.freiburg-schwarzwald.de\/blog\/sport\/paralympics\/\">Paralympics-Gold f\u00fcr Linn Kazmaier und Anna-Lena Forster<\/a>\u00a0(13.2.2022)<\/li>\n<li><a href=\"https:\/\/www.freiburg-schwarzwald.de\/blog\/langlauf-opening-notschrei\/\">https:\/\/www.freiburg-schwarzwald.de\/blog\/langlauf-opening-notschrei\/<\/a>\u00a0(11.12.2013)<\/li>\n<li>S\u00fcdschwarzwald &#8211; gr\u00f6\u00dftes zusammenh\u00e4ngendes Lopiennetz in Europa (7.12.2013)<\/li>\n<li><a href=\"https:\/\/www.freiburg-schwarzwald.de\/loipe2.htm\">Infos zur Loipe-Seite ab November 2005<\/a> &gt;Loipe2<\/li>\n<li><a href=\"https:\/\/www.freiburg-schwarzwald.de\/loipe1.htm\">Infos zur Loipe-Seite ab 12\/2003<\/a> &gt;Loipe1<\/li>\n<li><a href=\"https:\/\/www.freiburg-schwarzwald.de\/loipe.htm\">www.freiburg-schwarzwald.de\/loipe.htm<\/a> &gt;Archivseite Langlaufloipen<\/li>\n<li><a href=\"https:\/\/www.freiburg-schwarzwald.de\/loipe.htm#Belchen - Loipen des Langlaufzentrums Hohtann\">Belchen &#8211; Loipen des Langlaufzentrums Hohtann<\/a><\/li>\n<li><a href=\"https:\/\/www.freiburg-schwarzwald.de\/loipe.htm#Bernau: Rot-Kreuz-Loipe\">Bernau &#8211; Rot-Kreuz-Loipe<\/a><\/li>\n<li><a href=\"https:\/\/www.freiburg-schwarzwald.de\/loipe.htm#Breitnauer Langlaufspur\">Breitnauer Langlaufspu<\/a><a href=\"https:\/\/www.freiburg-schwarzwald.de\/loipe.htm#Breitnauer Langlaufspur\">ren<\/a><\/li>\n<li><a title=\"Thurnerspur\" href=\"https:\/\/www.freiburg-schwarzwald.de\/blog\/sport\/sportlern\/ski\/thurnerspur\/\">Breitnau &#8211; St.M\u00e4rgen &#8211; Thurnerspur <\/a><\/li>\n<li><a href=\"https:\/\/www.freiburg-schwarzwald.de\/feldberg-loipe.htm\">Feldberg<\/a> &gt;Feldberg-Loipe<\/li>\n<li><a href=\"https:\/\/www.freiburg-schwarzwald.de\/feldberg-loipe.htm#Fernskiwanderweg Hinterzarten-Schluchsee\">Fernskiwanderweg Hinterzarten-Schluchsee<\/a> &gt;Feldberg-Loipe<\/li>\n<li><a href=\"https:\/\/www.freiburg-schwarzwald.de\/rucksacklauf.htm#Fernskiwanderweg Schonach - Belchen\">Fernskiwanderweg Schonach-Belchen<\/a> &gt;Rucksacklauf<\/li>\n<li><a href=\"https:\/\/www.freiburg-schwarzwald.de\/furtwangen.htm#Furtwangen - Loipenzentrum Martinskapelle\">Furtwangen &#8211; Loipenzentrum Martinskapelle, Kolmenhof, Donauquelle<\/a> &gt;Furtwangen<\/li>\n<li><a href=\"https:\/\/www.freiburg-schwarzwald.de\/loipe.htm#Grafenhausen, \u00dchlingen-Birkendorf\">Grafenhausen, \u00dchlingen-Birkendorf<\/a><\/li>\n<li><a href=\"https:\/\/www.freiburg-schwarzwald.de\/feldberg-loipe.htm#Herzogenhorn - 15 km Loipen am Bundesleistungszentrum\">Herzogenhorn &#8211; Loipen beim Bundesleistungszentrum<\/a> &gt;Feldberg-Loipe<\/li>\n<li><a href=\"https:\/\/www.freiburg-schwarzwald.de\/hinterzarten-loipe.htm\">Hinterzarten<\/a> &gt;Hinterzarten-Loipe<\/li>\n<li><a href=\"https:\/\/www.freiburg-schwarzwald.de\/hoechenschwand.htm#loipen in H\u00f6chenschwand\">H\u00f6chenschwand &#8211; vier sonnige Loipen<\/a> &gt;Hoechenschwand<\/li>\n<li><a href=\"https:\/\/www.freiburg-schwarzwald.de\/hotzenwald2.htm#Loipenverein Hotzenwald - Herrischried und G\u00f6rwihl\">Hotzenwald &#8211; Loipenverein Hotzenwald f\u00fcr Herrischried und G\u00f6rwihl<\/a> &gt;Hotzenwald2 (29.10.2008)<\/li>\n<li><a href=\"https:\/\/www.freiburg-schwarzwald.de\/hotzenwald.htm#Ibach\">Ibacher Loipe<\/a> &gt;Hotzenwald<\/li>\n<li><a href=\"https:\/\/www.freiburg-schwarzwald.de\/ipc-weltcup2010.htm\">IPC Weltcup 2010 am Notschrei<\/a> &gt;IPC-Weltcup2010<\/li>\n<li><a href=\"https:\/\/www.freiburg-schwarzwald.de\/jostalspur.htm\">Jostalspur Gemarkung Titisee-Neustadt<\/a> &gt;Jostalspur<\/li>\n<li><a href=\"https:\/\/www.freiburg-schwarzwald.de\/loipe.htm#Kandel-Loipe\">Kandel-Loipe<\/a><\/li>\n<li><a href=\"https:\/\/www.freiburg-schwarzwald.de\/loipe.htm#Kappel bei Lenzkirch\">Kappel bei Lenzkirch\u00a0<\/a><\/li>\n<li><a href=\"https:\/\/www.freiburg-schwarzwald.de\/loipe.htm#Lenzkirch\">Lenzkirch<\/a><\/li>\n<li><a href=\"https:\/\/www.freiburg-schwarzwald.de\/loipe.htm#Malsburg-Marzell\">Malsburg-Marzell<\/a><\/li>\n<li><a href=\"https:\/\/www.freiburg-schwarzwald.de\/loipe.htm#Menzenschwand - St.Blasien\">Menzenschwand &#8211; St.Blasien<\/a><\/li>\n<li><a title=\"Notschrei\" href=\"https:\/\/www.freiburg-schwarzwald.de\/blog\/sport\/sportvereine\/notschrei\/\">Notschrei &#8211; Passh\u00f6he mit Loipe, Lift und Hotel<\/a><\/li>\n<li><a href=\"https:\/\/www.freiburg-schwarzwald.de\/loipe.htm#Oberbr\u00e4nd bei Eisenbach - H\u00f6chst-Spur\">Oberbr\u00e4nd bei Eisenbach &#8211; H\u00f6chst-Spur<\/a><\/li>\n<li><a href=\"https:\/\/www.freiburg-schwarzwald.de\/loipe.htm#Grafenhausen, \u00dchlingen-Birkendorf\">Rothauser Loipe: Grafenhausen, \u00dchlingen-Birkendorf<\/a><\/li>\n<li><a href=\"https:\/\/www.freiburg-schwarzwald.de\/rucksacklauf.htm\">Rucksacklauf Schonach &#8211; Hinterzarten &#8211; Belchen<\/a> &gt;Rucksacklauf<\/li>\n<li><a href=\"https:\/\/www.freiburg-schwarzwald.de\/loipe.htm#Saig - Loipen\">Saig &#8211; Loipen<\/a><\/li>\n<li><a href=\"https:\/\/www.freiburg-schwarzwald.de\/loipe.htm#Schauinsland - Loipen\">Schauinsland &#8211; Loipen<\/a><\/li>\n<li><a href=\"https:\/\/www.freiburg-schwarzwald.de\/loipe.htm#Schluchsee\">Schluchsee &#8211; Loipen<\/a><\/li>\n<li><a href=\"https:\/\/www.freiburg-schwarzwald.de\/loipe.htm#Schollach - H\u00f6fe-Spur\">Schollach &#8211; H\u00f6fe-Spur<\/a><\/li>\n<li><a href=\"https:\/\/www.freiburg-schwarzwald.de\/loipe.htm#Schonach\">Schonach<\/a><\/li>\n<li><a href=\"https:\/\/www.freiburg-schwarzwald.de\/loipe.htm#Schw\u00e4rzenbach-Loipe\">Schw\u00e4rzenbach-Loipe<\/a><\/li>\n<li><a href=\"https:\/\/www.freiburg-schwarzwald.de\/loipe.htm#Menzenschwand - St.Blasien\">St.Blasien &#8211; Menzenschwand<\/a><\/li>\n<li><a href=\"https:\/\/www.freiburg-schwarzwald.de\/stmaergen-loipe.htm\">St. M\u00e4rgen &#8211; Skilanglauf<\/a> &gt;StMaergen-Loipe<\/li>\n<li><a href=\"https:\/\/www.freiburg-schwarzwald.de\/loipe.htm#St. Peter\">St. Peter<\/a><\/li>\n<li><a title=\"Thurnerspur\" href=\"https:\/\/www.freiburg-schwarzwald.de\/blog\/sport\/sportlern\/ski\/thurnerspur\/\">Thurnerspur St.M\u00e4rgen &#8211; Breitnau<\/a><\/li>\n<li><a href=\"https:\/\/www.freiburg-schwarzwald.de\/loipe.htm#Titisee\">Titisee <\/a><\/li>\n<li><a href=\"https:\/\/www.freiburg-schwarzwald.de\/loipe.htm#Todtmoos\">Todtmoos<\/a><\/li>\n<li><a href=\"https:\/\/www.freiburg-schwarzwald.de\/todtnauberg-loipe.htm\">Todtnauberg mit Langlaufski<\/a> &gt;Todtnauberg-Loipe<\/li>\n<li><a href=\"https:\/\/www.freiburg-schwarzwald.de\/loipe.htm#Notschrei-Loipe\">Todtnauberg-St\u00fcbenwasen &#8211; Langlauf-FIS-Spur<\/a> &gt;Notschrei-Loipe<\/li>\n<li><a href=\"https:\/\/www.freiburg-schwarzwald.de\/stuebenwasen.htm\">Todtnauberg &#8211; St\u00fcbenwasenspur<\/a> &gt;Stuebenwasen<\/li>\n<li><a href=\"https:\/\/www.freiburg-schwarzwald.de\/loipe.htm#Urach\/V\u00f6hrenbach - Loipen\">Urach\/V\u00f6hrenbach &#8211; Loipen<\/a><\/li>\n<li><a href=\"https:\/\/www.freiburg-schwarzwald.de\/waldau.htm#Rundloipe Waldau\">Waldau &#8211; Rundloipe<\/a> &gt;Waldau<\/li>\n<li><a href=\"https:\/\/www.freiburg-schwarzwald.de\/westweg.htm#Fernskiwanderweg Thurner - Kalte Herberge - Neueck\">Westweg &#8211; Loipe vom Thurner \u00fcber Jostal und Kalte Herberge nach Neueck<\/a>&gt;Westweg<\/li>\n<li><a href=\"https:\/\/www.freiburg-schwarzwald.de\/skifahren.htm#Schneetelefone\">Schneetelefone<\/a><\/li>\n<li><a href=\"https:\/\/www.freiburg-schwarzwald.de\/skimuseum.htm\">Hinterzarten &#8211; Skimuseum<\/a> &gt;Skimuseum<\/li>\n<li><a href=\"https:\/\/www.freiburg-schwarzwald.de\/georg-thoma.htm\">Hinterzarten &#8211; Georg Thoma<\/a> &gt;<\/li>\n<li>Georg Thoma<\/li>\n<li><a href=\"https:\/\/www.freiburg-schwarzwald.de\/loipe.htm#Links\">Langlauf-Links<\/a><\/li>\n<li><a title=\"Snowkiting\" href=\"https:\/\/www.freiburg-schwarzwald.de\/blog\/sport\/sportlern\/ski\/snowkiting\/\">Snowkiting<\/a><\/li>\n<\/ul>\n<p>&nbsp;<\/p>\n<p><strong>S\u00fcdschwarzwald &#8211; gr\u00f6\u00dftes zusammenh\u00e4ngendes Lopiennetz in Europa<\/strong><\/p>\n<p>Der Naturpark S\u00fcdschwarzwald umfasst das gr\u00f6\u00dfte zusammenh\u00e4ngende Loipennetz Europas: 174 einheitlich beschilderte Loipen auf\u00a0\u00fcber 1200 Kilometern.<br \/>\nDas Loipenportal des Deutschen Skiverbandes informiert \u00fcber <a title=\"\" href=\"https:\/\/www.loipenportal.de\/schwarzwald\" target=\"_blank\" rel=\"noopener\">www.loipenportal.de\/schwarzwald<\/a> . Neben aktuellen Infos Loipenzustand und Wetter gibt es Extras:<br \/>\nLoipeninfos\u00a0direkt aufs Handy, z.B. f\u00fcr die Turnerspur.<br \/>\nLive-Tracking: Am Monitor dem Loipenspurger\u00e4t bei der Arbeit zuschauen und so die Loipe\u00a0im voraus kennenlernen.<\/p>\n","protected":false},"excerpt":{"rendered":"<p>Home &gt;Sport &gt;Sportlern &gt;Ski &gt;Loipe Paralympics-Gold f\u00fcr Linn Kazmaier und Anna-Lena Forster\u00a0(13.2.2022) https:\/\/www.freiburg-schwarzwald.de\/blog\/langlauf-opening-notschrei\/\u00a0(11.12.2013) S\u00fcdschwarzwald &#8211; gr\u00f6\u00dftes zusammenh\u00e4ngendes Lopiennetz in Europa (7.12.2013) Infos zur Loipe-Seite ab November 2005 &gt;Loipe2 Infos zur Loipe-Seite ab 12\/2003 &gt;Loipe1 www.freiburg-schwarzwald.de\/loipe.htm &gt;Archivseite Langlaufloipen Belchen &#8211; Loipen &hellip; <a href=\"https:\/\/www.freiburg-schwarzwald.de\/blog\/sport\/sportlern\/ski\/loipe\/\">Weiterlesen <span class=\"meta-nav\">&rarr;<\/span><\/a><\/p>\n","protected":false},"author":4,"featured_media":0,"parent":16840,"menu_order":0,"comment_status":"open","ping_status":"closed","template":"","meta":{"footnotes":""},"class_list":["post-16897","page","type-page","status-publish","hentry"],"_links":{"self":[{"href":"https:\/\/www.freiburg-schwarzwald.de\/blog\/wp-json\/wp\/v2\/pages\/16897","targetHints":{"allow":["GET"]}}],"collection":[{"href":"https:\/\/www.freiburg-schwarzwald.de\/blog\/wp-json\/wp\/v2\/pages"}],"about":[{"href":"https:\/\/www.freiburg-schwarzwald.de\/blog\/wp-json\/wp\/v2\/types\/page"}],"author":[{"embeddable":true,"href":"https:\/\/www.freiburg-schwarzwald.de\/blog\/wp-json\/wp\/v2\/users\/4"}],"replies":[{"embeddable":true,"href":"https:\/\/www.freiburg-schwarzwald.de\/blog\/wp-json\/wp\/v2\/comments?post=16897"}],"version-history":[{"count":1,"href":"https:\/\/www.freiburg-schwarzwald.de\/blog\/wp-json\/wp\/v2\/pages\/16897\/revisions"}],"predecessor-version":[{"id":99368,"href":"https:\/\/www.freiburg-schwarzwald.de\/blog\/wp-json\/wp\/v2\/pages\/16897\/revisions\/99368"}],"up":[{"embeddable":true,"href":"https:\/\/www.freiburg-schwarzwald.de\/blog\/wp-json\/wp\/v2\/pages\/16840"}],"wp:attachment":[{"href":"https:\/\/www.freiburg-schwarzwald.de\/blog\/wp-json\/wp\/v2\/media?parent=16897"}],"curies":[{"name":"wp","href":"https:\/\/api.w.org\/{rel}","templated":true}]}}