{"id":16860,"date":"2012-12-03T15:09:05","date_gmt":"2012-12-03T14:09:05","guid":{"rendered":"https:\/\/www.freiburg-schwarzwald.de\/blog\/?page_id=16860"},"modified":"2021-01-14T12:18:57","modified_gmt":"2021-01-14T11:18:57","slug":"furtwangen-ski","status":"publish","type":"page","link":"https:\/\/www.freiburg-schwarzwald.de\/blog\/sport\/sportlern\/ski\/furtwangen-ski\/","title":{"rendered":"Furtwangen-Ski"},"content":{"rendered":"<p>Home &gt;<a title=\"Sport\" href=\"https:\/\/www.freiburg-schwarzwald.de\/blog\/sport\/\">Sport<\/a> &gt;<a title=\"Sportlern\" href=\"https:\/\/www.freiburg-schwarzwald.de\/blog\/sport\/sportlern\/\">Sportlern<\/a> &gt;<a title=\"Ski\" href=\"https:\/\/www.freiburg-schwarzwald.de\/blog\/sport\/sportlern\/ski\/\">Ski <\/a>&gt;Furtwangen-Ski<\/p>\n<p>&nbsp;<\/p>\n<ul>\n<li><a href=\"https:\/\/www.freiburg-schwarzwald.de\/blog\/cego-altes-kartenspiel-online\/\">Cego \u2013 altes Kartenspiel nun online<\/a>\u00a0(14.1.2021)<\/li>\n<li>Kalte Herberge Lift bei Furtwangen<\/li>\n<li>Skilift Staatsberg bei Furtwangen<\/li>\n<li><a href=\"https:\/\/www.freiburg-schwarzwald.de\/furtwangen\">Loipenzentrum Martinskapelle<\/a>\u00a0&gt;Furtwangen<\/li>\n<\/ul>\n<p>&nbsp;<\/p>\n<p>&nbsp;<\/p>\n<p><strong>\u00a0Kalte Herberge Lift bei Furtwangen<\/strong><\/p>\n<p><a href=\"https:\/\/www.freiburg-schwarzwald.de\/blog\/sport\/sportlern\/ski\/furtwangen-ski\/hinterbreg080108\/\" rel=\"attachment wp-att-16864\"><img loading=\"lazy\" decoding=\"async\" class=\"alignnone size-thumbnail wp-image-16864\" title=\"hinterbreg080108\" src=\"https:\/\/www.freiburg-schwarzwald.de\/blog\/wp-content\/uploads\/2012\/12\/hinterbreg080108-180x135.jpg\" alt=\"\" width=\"180\" height=\"135\" srcset=\"https:\/\/www.freiburg-schwarzwald.de\/blog\/wp-content\/uploads\/2012\/12\/hinterbreg080108-180x135.jpg 180w, https:\/\/www.freiburg-schwarzwald.de\/blog\/wp-content\/uploads\/2012\/12\/hinterbreg080108.jpg 640w\" sizes=\"auto, (max-width: 180px) 100vw, 180px\" \/><\/a><\/p>\n<p>Blick von Gurbeleck nach S\u00fcden ins <a href=\"https:\/\/www.freiburg-schwarzwald.de\/furtwangen5.htm#Dilgerhof in Hinterbreg\">Hinterbreg<\/a> zu Dilgerhof (vorne), Winterhalderhof, Hochbauernhof und Hausebenehof (von rechts) am 8.1.2008 &#8211; Stollenwaldlift rechts<\/p>\n<p align=\"left\">Kalte Herberge-Lift bei Furtwangen<br \/>\nEin Lift, 200 m lang in 100 m H\u00f6he<br \/>\nKalte Herberge, 78120 Furtwangen, Tel 07723\/2145<\/p>\n<p>&nbsp;<\/p>\n<p><strong>Skilift Staatsberg bei Furtwangen<\/strong><\/p>\n<p><a href=\"https:\/\/www.freiburg-schwarzwald.de\/blog\/sport\/sportlern\/ski\/furtwangen-ski\/staatsberg-skilift2012\/\" rel=\"attachment wp-att-16861\"><img loading=\"lazy\" decoding=\"async\" class=\"alignnone size-thumbnail wp-image-16861\" title=\"staatsberg-skilift2012\" src=\"https:\/\/www.freiburg-schwarzwald.de\/blog\/wp-content\/uploads\/2012\/12\/staatsberg-skilift2012-180x120.jpg\" alt=\"\" width=\"180\" height=\"120\" srcset=\"https:\/\/www.freiburg-schwarzwald.de\/blog\/wp-content\/uploads\/2012\/12\/staatsberg-skilift2012-180x120.jpg 180w, https:\/\/www.freiburg-schwarzwald.de\/blog\/wp-content\/uploads\/2012\/12\/staatsberg-skilift2012.jpg 639w\" sizes=\"auto, (max-width: 180px) 100vw, 180px\" \/><\/a>\u00a0\u00a0 Skilift Staatsberg bei Furtwangen am 1.12.2012<\/p>\n<p id=\"internal-source-marker_0.3692495138744399\" dir=\"ltr\">Sie fahren von G\u00fctenbach-Neueck nach Furtwangen hinab, dann in der Kurve links<br \/>\n\u00d6ffnungszeiten<br \/>\nDi., Do., Fr.\u00a015.00 \u2013 22.00 Uhr,\u00a0Samstag\u00a010.00 \u2013 17.00 Uhr,\u00a0 Sonntag\u00a010.00 \u2013 17.00 Uhr<br \/>\nFlutlicht Di., Do., Fr.\u00a018.30 \u2013 22.00 Uhr,\u00a0Feiertage\u00a011.00 &#8211; 17.00 Uhr<br \/>\n24. Dezember 2012\u00a0\u00a010.00 \u2013 15.00 Uhr<\/p>\n<p>Staatsberg-Lift in Furtwangen<br \/>\nH\u00f6he 900-990 m, L\u00e4nge 300 m, H\u00f6hendiff 90 m<br \/>\nTel 07723\/5412, 0152\/21976407<br \/>\n<a href=\"https:\/\/www.skilift-staatsberg.de.tl\">www.skilift-staatsberg.de.tl<\/a><br \/>\n<a href=\"mailto:skilift-staatsberg@web.de\">skilift-staatsberg@web.de<\/a><\/p>\n","protected":false},"excerpt":{"rendered":"<p>Home &gt;Sport &gt;Sportlern &gt;Ski &gt;Furtwangen-Ski &nbsp; Cego \u2013 altes Kartenspiel nun online\u00a0(14.1.2021) Kalte Herberge Lift bei Furtwangen Skilift Staatsberg bei Furtwangen Loipenzentrum Martinskapelle\u00a0&gt;Furtwangen &nbsp; &nbsp; \u00a0Kalte Herberge Lift bei Furtwangen Blick von Gurbeleck nach S\u00fcden ins Hinterbreg zu Dilgerhof (vorne), &hellip; <a href=\"https:\/\/www.freiburg-schwarzwald.de\/blog\/sport\/sportlern\/ski\/furtwangen-ski\/\">Weiterlesen <span class=\"meta-nav\">&rarr;<\/span><\/a><\/p>\n","protected":false},"author":4,"featured_media":0,"parent":16840,"menu_order":0,"comment_status":"open","ping_status":"closed","template":"","meta":{"footnotes":""},"class_list":["post-16860","page","type-page","status-publish","hentry"],"_links":{"self":[{"href":"https:\/\/www.freiburg-schwarzwald.de\/blog\/wp-json\/wp\/v2\/pages\/16860","targetHints":{"allow":["GET"]}}],"collection":[{"href":"https:\/\/www.freiburg-schwarzwald.de\/blog\/wp-json\/wp\/v2\/pages"}],"about":[{"href":"https:\/\/www.freiburg-schwarzwald.de\/blog\/wp-json\/wp\/v2\/types\/page"}],"author":[{"embeddable":true,"href":"https:\/\/www.freiburg-schwarzwald.de\/blog\/wp-json\/wp\/v2\/users\/4"}],"replies":[{"embeddable":true,"href":"https:\/\/www.freiburg-schwarzwald.de\/blog\/wp-json\/wp\/v2\/comments?post=16860"}],"version-history":[{"count":1,"href":"https:\/\/www.freiburg-schwarzwald.de\/blog\/wp-json\/wp\/v2\/pages\/16860\/revisions"}],"predecessor-version":[{"id":86929,"href":"https:\/\/www.freiburg-schwarzwald.de\/blog\/wp-json\/wp\/v2\/pages\/16860\/revisions\/86929"}],"up":[{"embeddable":true,"href":"https:\/\/www.freiburg-schwarzwald.de\/blog\/wp-json\/wp\/v2\/pages\/16840"}],"wp:attachment":[{"href":"https:\/\/www.freiburg-schwarzwald.de\/blog\/wp-json\/wp\/v2\/media?parent=16860"}],"curies":[{"name":"wp","href":"https:\/\/api.w.org\/{rel}","templated":true}]}}