{"id":16777,"date":"2012-12-03T09:59:22","date_gmt":"2012-12-03T08:59:22","guid":{"rendered":"https:\/\/www.freiburg-schwarzwald.de\/blog\/?page_id=16777"},"modified":"2024-02-27T17:50:30","modified_gmt":"2024-02-27T16:50:30","slug":"dietenbach","status":"publish","type":"page","link":"https:\/\/www.freiburg-schwarzwald.de\/blog\/regio\/orte\/kirchzarten\/dietenbach\/","title":{"rendered":"Dietenbach"},"content":{"rendered":"<p>Home &gt;<a title=\"Regio\" href=\"https:\/\/www.freiburg-schwarzwald.de\/blog\/regio\/\">Regio<\/a> &gt;<a title=\"Orte\" href=\"https:\/\/www.freiburg-schwarzwald.de\/blog\/regio\/orte\/\">Orte<\/a> &gt;<a title=\"Kirchzarten\" href=\"https:\/\/www.freiburg-schwarzwald.de\/blog\/regio\/orte\/kirchzarten\/\">Kirchzarten<\/a> &gt;Dietenbach<\/p>\n<div id=\"attachment_16780\" style=\"width: 625px\" class=\"wp-caption alignnone\"><a href=\"https:\/\/www.freiburg-schwarzwald.de\/blog\/regio\/orte\/kirchzarten\/dietenbach\/dietenbach3pan-090501\/\" rel=\"attachment wp-att-16780\"><img loading=\"lazy\" decoding=\"async\" aria-describedby=\"caption-attachment-16780\" class=\"size-full wp-image-16780\" title=\"dietenbach3pan-090501\" src=\"https:\/\/www.freiburg-schwarzwald.de\/blog\/wp-content\/uploads\/2012\/12\/dietenbach3pan-090501.jpg\" alt=\"\" width=\"615\" height=\"259\" srcset=\"https:\/\/www.freiburg-schwarzwald.de\/blog\/wp-content\/uploads\/2012\/12\/dietenbach3pan-090501.jpg 615w, https:\/\/www.freiburg-schwarzwald.de\/blog\/wp-content\/uploads\/2012\/12\/dietenbach3pan-090501-180x75.jpg 180w\" sizes=\"auto, (max-width: 615px) 100vw, 615px\" \/><\/a><p id=\"caption-attachment-16780\" class=\"wp-caption-text\">Blick vom R\u00f6ssle nach S\u00fcden ins Dietenbach am 1.Mai 2009 &#8211; oben links die Anh\u00f6he Immi<\/p><\/div>\n<ul>\n<li>Naturkita am Ruhbauernhof in Kirchzarten-Dietenbach (24.2.2024)<\/li>\n<li><a title=\"Roessle-Dietenbach\" href=\"https:\/\/www.freiburg-schwarzwald.de\/blog\/tourismus\/gastro\/gasthaus\/roessle-dietenbach\/\">Gasthaus zum R\u00f6ssle in Kirchzarten-Dietenbach wieder ge\u00f6ffnet<\/a> (29.7.2020)<\/li>\n<li>Krebspest in der Brugga: Lebensraum durch Menschen zerst\u00f6rt (23.8.2019)<\/li>\n<li><a href=\"https:\/\/www.freiburg-schwarzwald.de\/littenweiler\/dietenbach1.htm\">Aktuelle Infos zur Dietenbach-Seite<\/a> &gt;Dietenbach1<\/li>\n<li><a href=\"https:\/\/www.freiburg-schwarzwald.de\/littenweiler\/dietenbach.htm#Dietenbach-Fotos\">Dietenbach-Fotos<\/a><\/li>\n<li><\/li>\n<li><a title=\"Dietenbach-Stadtteil\" href=\"https:\/\/www.freiburg-schwarzwald.de\/blog\/regio\/freiburg\/dietenbach-stadtteil\/\">Dietenbach &#8211; Neubaugebiet Freiburg Dietenbach-Stadtteil<\/a><\/li>\n<li><strong><a href=\"https:\/\/www.freiburg-schwarzwald.de\/littenweiler\/dietenbach.htm\">www.freiburg-dreisamtal.de\/dietenbach.htm <\/a>&gt;Archivseite Dietenbach<\/strong><\/li>\n<li><a href=\"https:\/\/www.freiburg-schwarzwald.de\/kirchzarten5.htm\">Bauernh\u00f6fe (Ferienwohnung, Brauchtum, Hofladen) in Kirchzarten<\/a> &gt;Kirchzarten5<\/li>\n<li>Br\u00fchlhof in Dietenbach<\/li>\n<li><a href=\"https:\/\/www.freiburg-schwarzwald.de\/littenweiler\/geroldstal.htm#Fu\u00dfehof in Dietenbach-Geroldstal\">Fusenhof bzw. Fu\u00dfehof<\/a> &gt;Geroldstal<\/li>\n<li><a href=\"https:\/\/www.freiburg-schwarzwald.de\/littenweiler\/geroldstal.htm#Schelb\">Fu\u00dfeh\u00e4usle Schelb &#8211; Zufahrt \u00fcbers Dietenbach<\/a> &gt;Geroldstal<\/li>\n<li><a title=\"Geroldstal\" href=\"https:\/\/www.freiburg-schwarzwald.de\/blog\/regio\/orte\/oberried\/geroldstal\/\">Geroldstal im S\u00fcdosten<\/a> &gt;Geroldstal<\/li>\n<li><a href=\"https:\/\/www.freiburg-schwarzwald.de\/littenweiler\/dietenbach.htm#Grentschenhof in Dietenbach\">Grentschenhof<\/a><\/li>\n<li><a href=\"https:\/\/www.freiburg-schwarzwald.de\/littenweiler\/dietenbach.htm#Hugenhof in Dietenbach\">Hugenhof in Dietenbach<\/a><\/li>\n<li><a href=\"https:\/\/www.freiburg-schwarzwald.de\/littenweiler\/wegekreuze14.htm#H\u00fctebuben-Universit\u00e4t in Dietenbach\">H\u00fctebuben-Universit\u00e4t in Dietenbach<\/a><\/li>\n<li><a title=\"Immi\" href=\"https:\/\/www.freiburg-schwarzwald.de\/blog\/regio\/orte\/kirchzarten\/immi\/\">Immi &#8211; Anh\u00f6he bei Kirchzarten zwischen Dietenbach und Geroldstal<\/a><\/li>\n<li><a href=\"https:\/\/www.freiburg-schwarzwald.de\/littenweiler\/dietenbach.htm#Jungbauernhof in Dietenbach\">Jungbauernhof in Dietenbach<\/a><\/li>\n<li><a href=\"https:\/\/www.freiburg-schwarzwald.de\/littenweiler\/dietenbach.htm#Wieslerh\u00e4usle in Dietenbach\">K\u00e4sh\u00e4usle (Wieslerh\u00e4usle) in Dietenbach<\/a><\/li>\n<li><a href=\"https:\/\/www.freiburg-schwarzwald.de\/kloster.htm#Karmelitinnen in Kirchzarten-Dietenbach\">Karmelitinnen in Kirchzarten-Dietenbach<\/a> &gt;Kloster<\/li>\n<li><a href=\"https:\/\/www.freiburg-schwarzwald.de\/kloster1.htm#Kloster Karmel St.Therese in Kirchzarten-Dietenbach\">Kloster Karmel St.Therese<\/a> &gt;Kloster1 (21.4.2007)<\/li>\n<li><a href=\"https:\/\/www.freiburg-schwarzwald.de\/littenweiler\/gasthaus.htm#R\u00f6ssle-Kirchz\">Landgasthof R\u00f6\u00dfle<\/a> &gt;Gasthaus<\/li>\n<li><a href=\"https:\/\/www.freiburg-schwarzwald.de\/littenweiler\/dietenbach.htm#Maierhof in Dietenbach\">Maierhof in Dietenbach<\/a><\/li>\n<li><a href=\"https:\/\/www.freiburg-schwarzwald.de\/littenweiler\/neuhaeuser.htm\">Neuh\u00e4user im Westen<\/a> &gt;Neuhaeuser<\/li>\n<li><a href=\"https:\/\/www.freiburg-schwarzwald.de\/littenweiler\/oberried.htm\">Oberried im Osten<\/a> &gt;Oberried<\/li>\n<li><a href=\"https:\/\/www.freiburg-schwarzwald.de\/littenweiler\/dietenbach.htm#Pfisterhof in Dietenbach\">Pfisterhof in Dietenbach<\/a><\/li>\n<li><a href=\"https:\/\/www.freiburg-schwarzwald.de\/littenweiler\/dietenbach.htm#Ruhbauernhof in Dietenbach\">Ruhbauernhof in Dietenbach &#8211; Eis<\/a><\/li>\n<li><a href=\"https:\/\/www.freiburg-schwarzwald.de\/littenweiler\/dietenbach.htm#Schweizer - Bedachungen und Ferienhaus\">Schweizer &#8211; Bedachungen und Ferienhaus<\/a><\/li>\n<li><a href=\"https:\/\/www.freiburg-schwarzwald.de\/tauziehen.htm#Tauziehfreunde Bleifu\u00df Dietenbach\">Tauziehfreunde &#8222;Bleifu\u00df&#8220; Dietenbach e.V.<\/a> &gt;Tauziehen<\/li>\n<li><a href=\"https:\/\/www.freiburg-schwarzwald.de\/kirchzarten5.htm\">Urlaub auf dem Bauernhof im Dietenbach<\/a> &gt;Kirchzarten5<\/li>\n<li><a href=\"https:\/\/www.freiburg-schwarzwald.de\/littenweiler\/dietenbach.htm#Wieslerh\u00e4usle in Dietenbach\">Wieslerh\u00e4usle (genannt K\u00e4sh\u00e4usle) in Dietenbach<\/a><\/li>\n<li><a href=\"https:\/\/www.freiburg-schwarzwald.de\/littenweiler\/dietenbach.htm#Links\">Links<\/a><\/li>\n<\/ul>\n<p>&nbsp;<\/p>\n<h5><a href=\"https:\/\/www.freiburg-schwarzwald.de\/blog\/regio\/orte\/kirchzarten\/dietenbach\/dietenbach1nebel121115\/\" rel=\"attachment wp-att-16787\"><img loading=\"lazy\" decoding=\"async\" class=\"alignnone size-thumbnail wp-image-16787\" title=\"dietenbach1nebel121115\" src=\"https:\/\/www.freiburg-schwarzwald.de\/blog\/wp-content\/uploads\/2012\/12\/dietenbach1nebel121115-180x140.jpg\" alt=\"\" width=\"180\" height=\"140\" srcset=\"https:\/\/www.freiburg-schwarzwald.de\/blog\/wp-content\/uploads\/2012\/12\/dietenbach1nebel121115-180x140.jpg 180w, https:\/\/www.freiburg-schwarzwald.de\/blog\/wp-content\/uploads\/2012\/12\/dietenbach1nebel121115.jpg 640w\" sizes=\"auto, (max-width: 180px) 100vw, 180px\" \/><\/a>\u00a0\u00a0\u00a0\u00a0\u00a0\u00a0\u00a0\u00a0\u00a0 <a href=\"https:\/\/www.freiburg-schwarzwald.de\/blog\/regio\/orte\/kirchzarten\/dietenbach\/dietenbach2nebel121115\/\" rel=\"attachment wp-att-16789\"><img loading=\"lazy\" decoding=\"async\" class=\"alignnone size-thumbnail wp-image-16789\" title=\"dietenbach2nebel121115\" src=\"https:\/\/www.freiburg-schwarzwald.de\/blog\/wp-content\/uploads\/2012\/12\/dietenbach2nebel121115-180x135.jpg\" alt=\"\" width=\"180\" height=\"135\" srcset=\"https:\/\/www.freiburg-schwarzwald.de\/blog\/wp-content\/uploads\/2012\/12\/dietenbach2nebel121115-180x135.jpg 180w, https:\/\/www.freiburg-schwarzwald.de\/blog\/wp-content\/uploads\/2012\/12\/dietenbach2nebel121115.jpg 640w\" sizes=\"auto, (max-width: 180px) 100vw, 180px\" \/><\/a>\u00a0\u00a0\u00a0\u00a0\u00a0\u00a0\u00a0\u00a0\u00a0 <a href=\"https:\/\/www.freiburg-schwarzwald.de\/blog\/regio\/orte\/kirchzarten\/dietenbach\/dietenbach3kirchzarten121115\/\" rel=\"attachment wp-att-16790\"><img loading=\"lazy\" decoding=\"async\" class=\"alignnone size-thumbnail wp-image-16790\" title=\"dietenbach3kirchzarten121115\" src=\"https:\/\/www.freiburg-schwarzwald.de\/blog\/wp-content\/uploads\/2012\/12\/dietenbach3kirchzarten121115-180x135.jpg\" alt=\"\" width=\"180\" height=\"135\" srcset=\"https:\/\/www.freiburg-schwarzwald.de\/blog\/wp-content\/uploads\/2012\/12\/dietenbach3kirchzarten121115-180x135.jpg 180w, https:\/\/www.freiburg-schwarzwald.de\/blog\/wp-content\/uploads\/2012\/12\/dietenbach3kirchzarten121115.jpg 640w\" sizes=\"auto, (max-width: 180px) 100vw, 180px\" \/><\/a><br \/>\n(1) Blick vom Wieslerh\u00e4usle nach Norden \u00fcbers Dietenbachtal bis Kirchzarten<\/h5>\n<h5><a href=\"https:\/\/www.freiburg-schwarzwald.de\/blog\/regio\/orte\/kirchzarten\/dietenbach\/dietenbach4kirchzarten121115\/\" rel=\"attachment wp-att-16791\"><img loading=\"lazy\" decoding=\"async\" class=\"alignnone size-thumbnail wp-image-16791\" title=\"dietenbach4kirchzarten121115\" src=\"https:\/\/www.freiburg-schwarzwald.de\/blog\/wp-content\/uploads\/2012\/12\/dietenbach4kirchzarten121115-180x138.jpg\" alt=\"\" width=\"180\" height=\"138\" srcset=\"https:\/\/www.freiburg-schwarzwald.de\/blog\/wp-content\/uploads\/2012\/12\/dietenbach4kirchzarten121115-180x138.jpg 180w, https:\/\/www.freiburg-schwarzwald.de\/blog\/wp-content\/uploads\/2012\/12\/dietenbach4kirchzarten121115.jpg 639w\" sizes=\"auto, (max-width: 180px) 100vw, 180px\" \/><\/a>\u00a0\u00a0\u00a0\u00a0\u00a0\u00a0\u00a0\u00a0\u00a0 <a href=\"https:\/\/www.freiburg-schwarzwald.de\/blog\/regio\/orte\/kirchzarten\/dietenbach\/dietenbach5maierhof121115\/\" rel=\"attachment wp-att-16792\"><img loading=\"lazy\" decoding=\"async\" class=\"alignnone size-thumbnail wp-image-16792\" title=\"dietenbach5maierhof121115\" src=\"https:\/\/www.freiburg-schwarzwald.de\/blog\/wp-content\/uploads\/2012\/12\/dietenbach5maierhof121115-180x136.jpg\" alt=\"\" width=\"180\" height=\"136\" srcset=\"https:\/\/www.freiburg-schwarzwald.de\/blog\/wp-content\/uploads\/2012\/12\/dietenbach5maierhof121115-180x136.jpg 180w, https:\/\/www.freiburg-schwarzwald.de\/blog\/wp-content\/uploads\/2012\/12\/dietenbach5maierhof121115-640x485.jpg 640w, https:\/\/www.freiburg-schwarzwald.de\/blog\/wp-content\/uploads\/2012\/12\/dietenbach5maierhof121115.jpg 642w\" sizes=\"auto, (max-width: 180px) 100vw, 180px\" \/><\/a>\u00a0\u00a0\u00a0\u00a0\u00a0\u00a0\u00a0\u00a0\u00a0 <a href=\"https:\/\/www.freiburg-schwarzwald.de\/blog\/regio\/orte\/kirchzarten\/dietenbach\/dietenbach5ruhbauernhof121115\/\" rel=\"attachment wp-att-16793\"><img loading=\"lazy\" decoding=\"async\" class=\"alignnone size-thumbnail wp-image-16793\" title=\"dietenbach5ruhbauernhof121115\" src=\"https:\/\/www.freiburg-schwarzwald.de\/blog\/wp-content\/uploads\/2012\/12\/dietenbach5ruhbauernhof121115-180x136.jpg\" alt=\"\" width=\"180\" height=\"136\" srcset=\"https:\/\/www.freiburg-schwarzwald.de\/blog\/wp-content\/uploads\/2012\/12\/dietenbach5ruhbauernhof121115-180x136.jpg 180w, https:\/\/www.freiburg-schwarzwald.de\/blog\/wp-content\/uploads\/2012\/12\/dietenbach5ruhbauernhof121115.jpg 636w\" sizes=\"auto, (max-width: 180px) 100vw, 180px\" \/><\/a><br \/>\n(4)\u00a0Grentschenhof\u00a0\u00a0\u00a0\u00a0\u00a0\u00a0\u00a0\u00a0\u00a0\u00a0\u00a0\u00a0\u00a0\u00a0\u00a0\u00a0\u00a0\u00a0\u00a0\u00a0\u00a0\u00a0\u00a0\u00a0\u00a0\u00a0\u00a0\u00a0\u00a0\u00a0\u00a0\u00a0\u00a0\u00a0\u00a0 (5) Pfisterhof\u00a0\u00a0\u00a0\u00a0\u00a0\u00a0\u00a0\u00a0\u00a0\u00a0\u00a0\u00a0\u00a0\u00a0\u00a0\u00a0\u00a0\u00a0\u00a0\u00a0\u00a0\u00a0\u00a0\u00a0\u00a0\u00a0\u00a0\u00a0\u00a0\u00a0\u00a0\u00a0\u00a0\u00a0\u00a0\u00a0\u00a0\u00a0\u00a0\u00a0\u00a0\u00a0\u00a0\u00a0\u00a0\u00a0 (6) Ruhbauernhof<\/h5>\n<h5><a href=\"https:\/\/www.freiburg-schwarzwald.de\/blog\/regio\/orte\/kirchzarten\/dietenbach\/dietenbach5hugenhof121115\/\" rel=\"attachment wp-att-16794\"><img loading=\"lazy\" decoding=\"async\" class=\"alignnone size-thumbnail wp-image-16794\" title=\"dietenbach5hugenhof121115\" src=\"https:\/\/www.freiburg-schwarzwald.de\/blog\/wp-content\/uploads\/2012\/12\/dietenbach5hugenhof121115-180x135.jpg\" alt=\"\" width=\"180\" height=\"135\" srcset=\"https:\/\/www.freiburg-schwarzwald.de\/blog\/wp-content\/uploads\/2012\/12\/dietenbach5hugenhof121115-180x135.jpg 180w, https:\/\/www.freiburg-schwarzwald.de\/blog\/wp-content\/uploads\/2012\/12\/dietenbach5hugenhof121115.jpg 640w\" sizes=\"auto, (max-width: 180px) 100vw, 180px\" \/><\/a>\u00a0\u00a0\u00a0\u00a0\u00a0\u00a0\u00a0\u00a0\u00a0<a href=\"https:\/\/www.freiburg-schwarzwald.de\/blog\/regio\/orte\/kirchzarten\/dietenbach\/dietenbach1grasballen130620\/\" rel=\"attachment wp-att-33882\"><img loading=\"lazy\" decoding=\"async\" class=\"alignnone size-thumbnail wp-image-33882\" title=\"dietenbach1grasballen130620\" src=\"https:\/\/www.freiburg-schwarzwald.de\/blog\/wp-content\/uploads\/2012\/12\/dietenbach1grasballen130620-180x135.jpg\" alt=\"\" width=\"180\" height=\"135\" srcset=\"https:\/\/www.freiburg-schwarzwald.de\/blog\/wp-content\/uploads\/2012\/12\/dietenbach1grasballen130620-180x135.jpg 180w, https:\/\/www.freiburg-schwarzwald.de\/blog\/wp-content\/uploads\/2012\/12\/dietenbach1grasballen130620.jpg 640w\" sizes=\"auto, (max-width: 180px) 100vw, 180px\" \/><\/a>\u00a0\u00a0\u00a0\u00a0\u00a0\u00a0\u00a0\u00a0\u00a0 <a href=\"https:\/\/www.freiburg-schwarzwald.de\/blog\/regio\/orte\/kirchzarten\/dietenbach\/dietenbach2grasballen130620\/\" rel=\"attachment wp-att-33883\"><img loading=\"lazy\" decoding=\"async\" class=\"alignnone size-thumbnail wp-image-33883\" title=\"dietenbach2grasballen130620\" src=\"https:\/\/www.freiburg-schwarzwald.de\/blog\/wp-content\/uploads\/2012\/12\/dietenbach2grasballen130620-180x135.jpg\" alt=\"\" width=\"180\" height=\"135\" srcset=\"https:\/\/www.freiburg-schwarzwald.de\/blog\/wp-content\/uploads\/2012\/12\/dietenbach2grasballen130620-180x135.jpg 180w, https:\/\/www.freiburg-schwarzwald.de\/blog\/wp-content\/uploads\/2012\/12\/dietenbach2grasballen130620.jpg 640w\" sizes=\"auto, (max-width: 180px) 100vw, 180px\" \/><\/a><br \/>\n(7) Hugenhof\u00a0\u00a0\u00a0\u00a0\u00a0\u00a0\u00a0\u00a0\u00a0\u00a0\u00a0\u00a0\u00a0\u00a0\u00a0\u00a0\u00a0\u00a0\u00a0\u00a0\u00a0\u00a0\u00a0\u00a0\u00a0\u00a0\u00a0\u00a0\u00a0\u00a0\u00a0\u00a0\u00a0\u00a0\u00a0\u00a0\u00a0\u00a0\u00a0\u00a0\u00a0\u00a0\u00a0\u00a0 (8) Pfisterhof am 20.6.2013\u00a0\u00a0\u00a0\u00a0\u00a0\u00a0\u00a0\u00a0\u00a0\u00a0\u00a0\u00a0\u00a0\u00a0\u00a0\u00a0\u00a0\u00a0\u00a0 (9) Blick nach Norden zum R\u00f6ssle<\/h5>\n<h5><a href=\"https:\/\/www.freiburg-schwarzwald.de\/blog\/regio\/orte\/kirchzarten\/dietenbach\/dietenbach3grasballen130620\/\" rel=\"attachment wp-att-33884\"><img loading=\"lazy\" decoding=\"async\" class=\"alignnone size-thumbnail wp-image-33884\" title=\"dietenbach3grasballen130620\" src=\"https:\/\/www.freiburg-schwarzwald.de\/blog\/wp-content\/uploads\/2012\/12\/dietenbach3grasballen130620-180x135.jpg\" alt=\"\" width=\"180\" height=\"135\" srcset=\"https:\/\/www.freiburg-schwarzwald.de\/blog\/wp-content\/uploads\/2012\/12\/dietenbach3grasballen130620-180x135.jpg 180w, https:\/\/www.freiburg-schwarzwald.de\/blog\/wp-content\/uploads\/2012\/12\/dietenbach3grasballen130620.jpg 640w\" sizes=\"auto, (max-width: 180px) 100vw, 180px\" \/><\/a>\u00a0\u00a0\u00a0\u00a0\u00a0\u00a0\u00a0\u00a0\u00a0\u00a0 <a href=\"https:\/\/www.freiburg-schwarzwald.de\/blog\/regio\/orte\/kirchzarten\/dietenbach\/dietenbach4jungbauernhof130620\/\" rel=\"attachment wp-att-33885\"><img loading=\"lazy\" decoding=\"async\" class=\"alignnone size-thumbnail wp-image-33885\" title=\"dietenbach4jungbauernhof130620\" src=\"https:\/\/www.freiburg-schwarzwald.de\/blog\/wp-content\/uploads\/2012\/12\/dietenbach4jungbauernhof130620-180x135.jpg\" alt=\"\" width=\"180\" height=\"135\" srcset=\"https:\/\/www.freiburg-schwarzwald.de\/blog\/wp-content\/uploads\/2012\/12\/dietenbach4jungbauernhof130620-180x135.jpg 180w, https:\/\/www.freiburg-schwarzwald.de\/blog\/wp-content\/uploads\/2012\/12\/dietenbach4jungbauernhof130620.jpg 640w\" sizes=\"auto, (max-width: 180px) 100vw, 180px\" \/><\/a>\u00a0\u00a0\u00a0\u00a0\u00a0\u00a0\u00a0\u00a0\u00a0 <a href=\"https:\/\/www.freiburg-schwarzwald.de\/blog\/regio\/orte\/kirchzarten\/dietenbach\/kirchzarten-dietenbach130703\/\" rel=\"attachment wp-att-34248\"><img loading=\"lazy\" decoding=\"async\" class=\"alignnone size-thumbnail wp-image-34248\" title=\"kirchzarten-dietenbach130703\" src=\"https:\/\/www.freiburg-schwarzwald.de\/blog\/wp-content\/uploads\/2012\/12\/kirchzarten-dietenbach130703-180x138.jpg\" alt=\"\" width=\"180\" height=\"138\" srcset=\"https:\/\/www.freiburg-schwarzwald.de\/blog\/wp-content\/uploads\/2012\/12\/kirchzarten-dietenbach130703-180x138.jpg 180w, https:\/\/www.freiburg-schwarzwald.de\/blog\/wp-content\/uploads\/2012\/12\/kirchzarten-dietenbach130703.jpg 640w\" sizes=\"auto, (max-width: 180px) 100vw, 180px\" \/><\/a><br \/>\n(10) Blick nach S\u00fcdosten 20.6.2013\u00a0\u00a0\u00a0\u00a0 (11) Jungbauernhof rechts 20.6.2013\u00a0\u00a0\u00a0 (12) Vom Wieslerh\u00e4usle 4.7.2013<\/h5>\n<h5><a href=\"https:\/\/www.freiburg-schwarzwald.de\/blog\/regio\/orte\/kirchzarten\/dietenbach\/kirchzarten130703\/\" rel=\"attachment wp-att-34249\"><img loading=\"lazy\" decoding=\"async\" class=\"alignnone size-thumbnail wp-image-34249\" title=\"kirchzarten130703\" src=\"https:\/\/www.freiburg-schwarzwald.de\/blog\/wp-content\/uploads\/2012\/12\/kirchzarten130703-180x135.jpg\" alt=\"\" width=\"180\" height=\"135\" srcset=\"https:\/\/www.freiburg-schwarzwald.de\/blog\/wp-content\/uploads\/2012\/12\/kirchzarten130703-180x135.jpg 180w, https:\/\/www.freiburg-schwarzwald.de\/blog\/wp-content\/uploads\/2012\/12\/kirchzarten130703.jpg 640w\" sizes=\"auto, (max-width: 180px) 100vw, 180px\" \/><\/a><br \/>\n(13) Kirchzarten im Norden 4.7.2013<\/h5>\n<h5><\/h5>\n<p>(1), (2), (3), (12), (13)\u00a0Vom Wieslerh\u00e4usle ganz oben im Dietenbachtal hat man einen herrlichen Blick nach Norden \u00fcbers Dietenbachtal bis Kichzarten und weiter auf die H\u00f6hen zwischen Rosskopf, Flaunser und Streckereck &#8211; und den Kandel ganz links im Nordwesten..<\/p>\n<p>&nbsp;<\/p>\n<p>.<\/p>\n<p><strong>Naturkita am Ruhbauernhof in Kirchzarten-Dietenbach<\/strong><\/p>\n<div id=\"attachment_121145\" style=\"width: 649px\" class=\"wp-caption alignnone\"><a href=\"https:\/\/www.freiburg-schwarzwald.de\/blog\/wp-content\/uploads\/2024\/02\/naturkita2ruhbauernhof-pan240225.jpg\"><img loading=\"lazy\" decoding=\"async\" aria-describedby=\"caption-attachment-121145\" class=\"size-full wp-image-121145\" src=\"https:\/\/www.freiburg-schwarzwald.de\/blog\/wp-content\/uploads\/2024\/02\/naturkita2ruhbauernhof-pan240225.jpg\" alt=\"\" width=\"639\" height=\"324\" srcset=\"https:\/\/www.freiburg-schwarzwald.de\/blog\/wp-content\/uploads\/2024\/02\/naturkita2ruhbauernhof-pan240225.jpg 639w, https:\/\/www.freiburg-schwarzwald.de\/blog\/wp-content\/uploads\/2024\/02\/naturkita2ruhbauernhof-pan240225-180x91.jpg 180w\" sizes=\"auto, (max-width: 639px) 100vw, 639px\" \/><\/a><p id=\"caption-attachment-121145\" class=\"wp-caption-text\">Naturkita Dietenbach mit Blick zum Hinterwaldkopf 24.2.2024<\/p><\/div>\n<p>Zwei Gruppen zu je 15 Kindern nahe beim Ruhbauernhof. Ein ger\u00e4umiger Holzwagen und ein traumhafter 12-eckiger Rundbau in exzellenter Zimmerarbeit &#8211; wie beim <a href=\"https:\/\/www.freiburg-schwarzwald.de\/blog\/kita-zarten-12-eckiger-holzbau\/\">Naturkita Zarten<\/a> &#8211; in einer wundersch\u00f6nen Aussichtslage.<\/p>\n<p><a href=\"https:\/\/www.naturkita-ruhbauernhof.de\">https:\/\/www.naturkita-ruhbauernhof.de<\/a><br \/>\n<a href=\"https:\/\/kibids.de\/einrichtungen\/naturkita-ruhbauernhof\/\">https:\/\/kibids.de\/einrichtungen\/naturkita-ruhbauernhof\/<\/a><\/p>\n<p><a href=\"https:\/\/www.ruhbauernhof.de\">https:\/\/www.ruhbauernhof.de\u00a0<\/a><\/p>\n<div id=\"attachment_121148\" style=\"width: 650px\" class=\"wp-caption alignnone\"><a href=\"https:\/\/www.freiburg-schwarzwald.de\/blog\/wp-content\/uploads\/2024\/02\/naturkita1ruhbauernhof-pan240225.jpg\"><img loading=\"lazy\" decoding=\"async\" aria-describedby=\"caption-attachment-121148\" class=\"size-full wp-image-121148\" src=\"https:\/\/www.freiburg-schwarzwald.de\/blog\/wp-content\/uploads\/2024\/02\/naturkita1ruhbauernhof-pan240225.jpg\" alt=\"\" width=\"640\" height=\"331\" srcset=\"https:\/\/www.freiburg-schwarzwald.de\/blog\/wp-content\/uploads\/2024\/02\/naturkita1ruhbauernhof-pan240225.jpg 640w, https:\/\/www.freiburg-schwarzwald.de\/blog\/wp-content\/uploads\/2024\/02\/naturkita1ruhbauernhof-pan240225-180x93.jpg 180w\" sizes=\"auto, (max-width: 640px) 100vw, 640px\" \/><\/a><p id=\"caption-attachment-121148\" class=\"wp-caption-text\">Naturkita Dietenbach am Ruhbauernhof (links) 24.2.2024 &#8211; Blick nach Westen<\/p><\/div>\n<p><strong>.<br \/>\n.<br \/>\nKrebspest in der Brugga: Lebensraum durch Menschen zerst\u00f6rt<\/strong><br \/>\nDie Verbreitung der Krebspest ist hausgemacht. Wiederholt ist von der Bedrohung unseres hochgesch\u00e4tzten Dohlenkrebses durch die Ausbreitung der Krebspest zu lesen. Keine Kosten, M\u00fchen, Verbote und sogar Strafandrohungen werden gescheut, die Verbreitung der f\u00fcr den Dohlenkrebs lebensbedrohlichen Sporen der Krebspest zu verhindern.<br \/>\nVon den Experten wird keine Silbe dar\u00fcber verloren, dass in den vergangenen zwei Jahren die Lebensr\u00e4ume der Dohlenkrebse massiv von Menschenhand ver\u00e4ndert wurden. F\u00fcr die Wiederansiedlung des Lachses wurden in der Brugga im Bereich Neuh\u00e4user, Dietenbach und <a title=\"Geroldstal\" href=\"https:\/\/www.freiburg-schwarzwald.de\/blog\/regio\/orte\/oberried\/geroldstal\/\">Geroldstal<\/a> mehrere historische Wehre abgerissen und durch sogenannte raue Rampen ersetzt. Hierf\u00fcr bedurfte es monatelang massiver Baueingriffe innerhalb des Gew\u00e4ssers und das Einsetzen hunderter Tonnen Stein aus allen Regionen des Landes. Meiner Meinung nach wurden hierbei der Lebensraum der Dohlenkrebse nachhaltig gest\u00f6rt und bislang geschlossene \u00d6kosysteme aus dem Gleichgewicht gebracht. Eins steht fest: Trotz immenser Investitionen f\u00fcr die Durchg\u00e4ngigkeit der Brugga wird der Lachs nicht kommen. Aber daf\u00fcr hat man das Leben der Dohlenkrebse aufs Spiel gesetzt.<br \/>\n23.8.2019, Dorothea Mayer, Kirchzarten, BZ<br \/>\n.<br \/>\n<strong>Die Krebspest w\u00fctet im Dreisamtal \u2013 und bedroht den seltenen Dohlenkrebs<\/strong><br \/>\nGefahr in der Idylle: Die gef\u00fcrchtete Krebspest ist im Dreisamtal bei Freiburg ausgebrochen \u2013 ausgerechnet im wichtigsten Lebensraum des seltenen Dohlenkrebses, den es nur in S\u00fcdbaden gibt.<br \/>\n&#8230;<br \/>\nEs gibt drei einheimische Krebsarten in Baden-W\u00fcrttemberg: Der Edelkrebs gilt als weithin ausgestorben und der in schnellflie\u00dfenden <a title=\"Fluss\" href=\"https:\/\/www.freiburg-schwarzwald.de\/blog\/regio\/fluss\/\">Gew\u00e4ssern<\/a> lebende Steinkrebs als stark gef\u00e4hrdet. Das Schicksal des Dritten im Bunde, des Dohlenkrebses, h\u00e4ngt ebenfalls am seidenen Faden \u2013 nicht zuletzt, weil er ein reiner S\u00fcdbadener ist. Restbest\u00e4nde leben im Einzugsgebiet der Wehra am Hochrhein, im Landkreis Emmendingen \u2013 vor allem aber im <a title=\"Dreisamtal\" href=\"https:\/\/www.freiburg-schwarzwald.de\/blog\/regio\/tal\/dreisamtal\/\">Dreisamtal<\/a>. Dort liegt das Zentrum des Vorkommens des sensiblen Zehnf\u00fc\u00dfers mit den markanten Scheren. Die zahlreichen Zufl\u00fcsse zur <a title=\"Dreisam\" href=\"https:\/\/www.freiburg-schwarzwald.de\/blog\/regio\/fluss\/dreisam\/\">Dreisam<\/a>, vom Feldberg und Schauinsland kommend, wie etwa die Brugga, bieten ihm ideale Bedingungen: B\u00e4ume, die bis an die Ufer reichen und deren Wurzeln ihm Schutz bieten, Steine, unter denen er sich verstecken kann und vor allem eine sehr gute Wasserqualit\u00e4t.<br \/>\n&#8230; Alles vom 14.8.2019 von Michael Saurer bitte lesen auf<br \/>\n<a href=\"https:\/\/www.badische-zeitung.de\/krebspest-wuetet-im-idyll--176345347.html\">https:\/\/www.badische-zeitung.de\/krebspest-wuetet-im-idyll&#8211;176345347.html<br \/>\n<\/a>.<\/p>\n<p><a href=\"https:\/\/www.freiburg-schwarzwald.de\/blog\/regio\/orte\/kirchzarten\/dietenbach\/dreisam-brugga201907\/\" rel=\"attachment wp-att-74527\"><img loading=\"lazy\" decoding=\"async\" class=\"alignnone size-thumbnail wp-image-74527\" src=\"https:\/\/www.freiburg-schwarzwald.de\/blog\/wp-content\/uploads\/2012\/12\/dreisam-brugga201907-180x135.jpg\" alt=\"dreisam-brugga201907\" width=\"180\" height=\"135\" srcset=\"https:\/\/www.freiburg-schwarzwald.de\/blog\/wp-content\/uploads\/2012\/12\/dreisam-brugga201907-180x135.jpg 180w, https:\/\/www.freiburg-schwarzwald.de\/blog\/wp-content\/uploads\/2012\/12\/dreisam-brugga201907-640x480.jpg 640w, https:\/\/www.freiburg-schwarzwald.de\/blog\/wp-content\/uploads\/2012\/12\/dreisam-brugga201907.jpg 807w\" sizes=\"auto, (max-width: 180px) 100vw, 180px\" \/><\/a>\u00a0 \u00a0Die Dreisam mit ihren Zufl\u00fcssen<\/p>\n","protected":false},"excerpt":{"rendered":"<p>Home &gt;Regio &gt;Orte &gt;Kirchzarten &gt;Dietenbach Naturkita am Ruhbauernhof in Kirchzarten-Dietenbach (24.2.2024) Gasthaus zum R\u00f6ssle in Kirchzarten-Dietenbach wieder ge\u00f6ffnet (29.7.2020) Krebspest in der Brugga: Lebensraum durch Menschen zerst\u00f6rt (23.8.2019) Aktuelle Infos zur Dietenbach-Seite &gt;Dietenbach1 Dietenbach-Fotos Dietenbach &#8211; Neubaugebiet Freiburg Dietenbach-Stadtteil www.freiburg-dreisamtal.de\/dietenbach.htm &hellip; <a href=\"https:\/\/www.freiburg-schwarzwald.de\/blog\/regio\/orte\/kirchzarten\/dietenbach\/\">Weiterlesen <span class=\"meta-nav\">&rarr;<\/span><\/a><\/p>\n","protected":false},"author":4,"featured_media":0,"parent":347,"menu_order":0,"comment_status":"open","ping_status":"closed","template":"","meta":{"footnotes":""},"class_list":["post-16777","page","type-page","status-publish","hentry"],"_links":{"self":[{"href":"https:\/\/www.freiburg-schwarzwald.de\/blog\/wp-json\/wp\/v2\/pages\/16777","targetHints":{"allow":["GET"]}}],"collection":[{"href":"https:\/\/www.freiburg-schwarzwald.de\/blog\/wp-json\/wp\/v2\/pages"}],"about":[{"href":"https:\/\/www.freiburg-schwarzwald.de\/blog\/wp-json\/wp\/v2\/types\/page"}],"author":[{"embeddable":true,"href":"https:\/\/www.freiburg-schwarzwald.de\/blog\/wp-json\/wp\/v2\/users\/4"}],"replies":[{"embeddable":true,"href":"https:\/\/www.freiburg-schwarzwald.de\/blog\/wp-json\/wp\/v2\/comments?post=16777"}],"version-history":[{"count":5,"href":"https:\/\/www.freiburg-schwarzwald.de\/blog\/wp-json\/wp\/v2\/pages\/16777\/revisions"}],"predecessor-version":[{"id":121149,"href":"https:\/\/www.freiburg-schwarzwald.de\/blog\/wp-json\/wp\/v2\/pages\/16777\/revisions\/121149"}],"up":[{"embeddable":true,"href":"https:\/\/www.freiburg-schwarzwald.de\/blog\/wp-json\/wp\/v2\/pages\/347"}],"wp:attachment":[{"href":"https:\/\/www.freiburg-schwarzwald.de\/blog\/wp-json\/wp\/v2\/media?parent=16777"}],"curies":[{"name":"wp","href":"https:\/\/api.w.org\/{rel}","templated":true}]}}