{"id":16707,"date":"2012-12-02T22:20:06","date_gmt":"2012-12-02T21:20:06","guid":{"rendered":"https:\/\/www.freiburg-schwarzwald.de\/blog\/?page_id=16707"},"modified":"2022-12-15T11:10:39","modified_gmt":"2022-12-15T10:10:39","slug":"rappeneck","status":"publish","type":"page","link":"https:\/\/www.freiburg-schwarzwald.de\/blog\/regio\/berge\/rappeneck\/","title":{"rendered":"Rappeneck"},"content":{"rendered":"<p>Home &gt;<a title=\"Regio\" href=\"https:\/\/www.freiburg-schwarzwald.de\/blog\/regio\/\">Regio<\/a> &gt;<a title=\"Berge\" href=\"https:\/\/www.freiburg-schwarzwald.de\/blog\/regio\/berge\/\">Berge<\/a>\u00a0&gt;<a title=\"Oberried\" href=\"https:\/\/www.freiburg-schwarzwald.de\/blog\/regio\/orte\/oberried\/\">Oberried<\/a> &gt;Rappeneck<\/p>\n<div id=\"attachment_101129\" style=\"width: 648px\" class=\"wp-caption alignnone\"><a href=\"https:\/\/www.freiburg-schwarzwald.de\/blog\/wp-content\/uploads\/2022\/05\/rappenecker-huette-pan20060702.jpg\"><img loading=\"lazy\" decoding=\"async\" aria-describedby=\"caption-attachment-101129\" class=\"size-full wp-image-101129\" src=\"https:\/\/www.freiburg-schwarzwald.de\/blog\/wp-content\/uploads\/2022\/05\/rappenecker-huette-pan20060702.jpg\" alt=\"\" width=\"638\" height=\"369\" srcset=\"https:\/\/www.freiburg-schwarzwald.de\/blog\/wp-content\/uploads\/2022\/05\/rappenecker-huette-pan20060702.jpg 638w, https:\/\/www.freiburg-schwarzwald.de\/blog\/wp-content\/uploads\/2022\/05\/rappenecker-huette-pan20060702-180x104.jpg 180w\" sizes=\"auto, (max-width: 638px) 100vw, 638px\" \/><\/a><p id=\"caption-attachment-101129\" class=\"wp-caption-text\">Blick nach Nordosten zur Rappenecker H\u00fctte mit Kapelle (rechts) am 2.7.2006 um 9.30 Uhr<\/p><\/div>\n<p>&nbsp;<\/p>\n<ul>\n<li><a href=\"https:\/\/www.freiburg-schwarzwald.de\/blog\/bruggaa-gasthaus-aus-holz-pur\/\">Bruggaa: Gasthaus aus Holz pur<\/a>\u00a0(14.12.2022)<\/li>\n<li>Rappenecker H\u00fctte: Neue P\u00e4chter Christina und Jonas Schmitz (22.5.2022)<\/li>\n<li><strong><a href=\"https:\/\/www.freiburg-schwarzwald.de\/rappeneck.htm\">Rappenecker H\u00fctte<\/a> &gt;Rappeneck (Archivseite)<\/strong><\/li>\n<li><strong><a href=\"https:\/\/www.freiburg-schwarzwald.de\/littenweiler\/zahnwehkapelle.htm#Appoloniakapelle (Zahnwehkapelle) am Rappeneck\">Appoloniakapelle (Zahnwehkapelle)<\/a> neben der H\u00fctte &gt;Zahnwehkapelle<\/strong><\/li>\n<li><\/li>\n<li><a href=\"https:\/\/www.freiburg-schwarzwald.de\/rappeneck.htm#Buchenwald zwischen Oberried und Rappeneck\">Buchenwald zwischen Oberried und Rappeneck &#8211; einfach traumhaft<\/a>\u00a0&gt;Rappeneck<\/li>\n<li><a href=\"https:\/\/www.freiburg-schwarzwald.de\/oberried5.htm#H\u00e4usleberghof\">H\u00e4usleberghof unterhalb Rappeneck<\/a> &gt;Oberried5<\/li>\n<li><a href=\"https:\/\/www.freiburg-schwarzwald.de\/rappeneck.htm#Herbstzeit ist Wanderzeit\">Herbstzeit ist Wanderzeit<\/a> &gt;Rappeneck (28.10.2009)<\/li>\n<li><a href=\"https:\/\/www.freiburg-schwarzwald.de\/littenweiler\/heilkraeuter1.htm#Wilder Hopfen - Ursula Bertsch findet das Wildgem\u00fcse in Oberried\">Wilder Hopfen &#8211; Ursula Bertsch findet das Wildgem\u00fcse in Oberried<\/a> &gt;Heilkraeuter1 (11.6.2008)<\/li>\n<li><a href=\"https:\/\/www.freiburg-schwarzwald.de\/littenweiler\/oberried6.htm#20 Bauernwald oberhalb Rappeneck - Vereinigung \u00fcber 200 Jahre\">20 Bauernwald oberhalb Rappeneck &#8211; Vereinigung \u00fcber 200 Jahre<\/a> &gt;Oberried6 (20.3.2007)<\/li>\n<li><a href=\"https:\/\/www.freiburg-schwarzwald.de\/freiburgermuenstermarkt1.htm#Ein Leben f\u00fcr den K\u00e4sekuchen: Stefan Linder\">Ein Leben f\u00fcr den K\u00e4sekuchen: Stefan Linder<\/a> &gt;FreiburgerMuenstermarkt1 (17.2.2007)<\/li>\n<li><a href=\"https:\/\/www.freiburg-schwarzwald.de\/mtb-tour.htm#Freiburg - Kappler Tal - Rappeneck - Schauinsland - Kaltwasser - Horben- Lorettoberg- Freiburg\">FR &#8211; Kappler Tal &#8211; Rappeneck &#8211; Schauinsland &#8211; Kaltwasser &#8211; Horben &#8211; FR<\/a> &gt;MTB-Tour (8.8.2006)<\/li>\n<li><a href=\"https:\/\/www.freiburg-schwarzwald.de\/littenweiler\/zahnwehkapelle.htm#Jubil\u00e4umsmesse am Rappeneck: 20 Jahre + 60 Jahre\">Jubil\u00e4umsmesse am Rappeneck: 20 Jahre + 60 Jahre<\/a> &gt;Zahnwehkapelle (2.7.2006)<\/li>\n<li><a href=\"https:\/\/www.freiburg-schwarzwald.de\/rappeneck#Jubil\u00e4umshock am Rappeneck: 20 Jahre + 60 Jahre\">Jubil\u00e4umshock am Rappeneck: 20 Jahre + 60 Jahre<\/a> (2.7.2006)<\/li>\n<li><a href=\"https:\/\/www.freiburg-schwarzwald.de\/schauinsland1.htm#Vom Schauinsland zum Rappeneck\">Vom Schauinsland zum Rappeneck und wieder zur\u00fcck<\/a> &gt;Schauinsland1 (2.7.2006)<\/li>\n<li><a href=\"https:\/\/www.freiburg-schwarzwald.de\/rappeneck#Rappenecker H\u00fctte und Zahnwehkapelle\">Rappenecker H\u00fctte und Zahnwehkapelle<\/a> (5.5.2006)<\/li>\n<li><a href=\"https:\/\/www.freiburg-schwarzwald.de\/rappeneck#Rappenecker H\u00fctte seit 20 Jahren f\u00fcr Mountainbiker und Wanderer\">Rappenecker H\u00fctte seit 20 Jahren f\u00fcr Mountainbiker und Wanderer<\/a> (4.5.2006)<\/li>\n<li><a href=\"https:\/\/www.freiburg-schwarzwald.de\/littenweiler\/oberried4.htm#Zufahrt im Takt zur Erlenbacher, Stollenbacher und Rappenecker H\u00fctte\">Zufahrt im Takt zur Erlenbacher, Stollenbacher und Rappenecker H\u00fctte<\/a> &gt;Oberried4 (6.12.2005)<\/li>\n<li><a href=\"https:\/\/www.freiburg-schwarzwald.de\/rappeneck#Dirk Behringer und Birgit Mayer neue P\u00e4chter der Rappenecker H\u00fctte\">Dirk Behringer und Birgit Mayer neue P\u00e4chter der Rappenecker H\u00fctte<\/a> (11.8.2005)<\/li>\n<li><a href=\"https:\/\/www.freiburg-schwarzwald.de\/rappeneck#Oberrieder Berggasthaus Rappeneck seit 1.7.2005 mit P\u00e4chter Dirk Behringer\">Oberrieder Berggasthaus Rappeneck seit 1.7.2005 mit P\u00e4chter Dirk Behringer<\/a> (28.7.2005)<\/li>\n<li><a href=\"https:\/\/www.freiburg-schwarzwald.de\/rappeneck#Rappenecker H\u00fctte ab 1.3.2001 mit neuen P\u00e4chtern wieder ge\u00f6ffnet\">Rappenecker H\u00fctte ab 1.3.2001 mit neuen P\u00e4chtern wieder ge\u00f6ffnet<\/a><\/li>\n<li><a href=\"https:\/\/www.freiburg-schwarzwald.de\/rappeneck#Solaranlage Rappenecker H\u00fctte - Tradition und modernste Technik auf 1000 Meter H\u00f6he\">Solaranlage Rappenecker H\u00fctte &#8211; Tradition und modernste Technik auf 1000 Meter H\u00f6he<\/a><\/li>\n<li><a href=\"https:\/\/www.freiburg-schwarzwald.de\/littenweiler\/naturenergie.htm#Solaranlage Rappenecker H\u00fctte - Tradition und modernste Technik auf 1000 Meter H\u00f6he\">Naturenergie Lehrpfad Dreisamtal &#8211; Solaranlage<\/a><\/li>\n<li><a href=\"https:\/\/www.freiburg-schwarzwald.de\/kirchen2.htm#Bergmesse mit Pfarrer Jos\u00e9 Cabral auf der Rappenecker H\u00fctte\">Bergmesse mit Pfarrer Jos\u00e9 Cabral auf der Rappenecker H\u00fctte<\/a> &gt;Kirchen2 (14.9.2004)<\/li>\n<li><a title=\"Weilersbach\" href=\"https:\/\/www.freiburg-schwarzwald.de\/blog\/regio\/orte\/oberried\/weilersbach\/\">Weilersbach<\/a><\/li>\n<\/ul>\n<p>&nbsp;<\/p>\n<p><a href=\"https:\/\/www.freiburg-schwarzwald.de\/blog\/regio\/berge\/rappeneck\/buchen1rappeneck121115\/\" rel=\"attachment wp-att-16709\"><img loading=\"lazy\" decoding=\"async\" class=\"alignnone size-thumbnail wp-image-16709\" title=\"buchen1rappeneck121115\" src=\"https:\/\/www.freiburg-schwarzwald.de\/blog\/wp-content\/uploads\/2012\/12\/buchen1rappeneck121115-180x135.jpg\" alt=\"\" width=\"180\" height=\"135\" srcset=\"https:\/\/www.freiburg-schwarzwald.de\/blog\/wp-content\/uploads\/2012\/12\/buchen1rappeneck121115-180x135.jpg 180w, https:\/\/www.freiburg-schwarzwald.de\/blog\/wp-content\/uploads\/2012\/12\/buchen1rappeneck121115.jpg 640w\" sizes=\"auto, (max-width: 180px) 100vw, 180px\" \/><\/a>\u00a0\u00a0\u00a0\u00a0\u00a0\u00a0\u00a0\u00a0\u00a0 <a href=\"https:\/\/www.freiburg-schwarzwald.de\/blog\/regio\/berge\/rappeneck\/buchen2rappeneck121115\/\" rel=\"attachment wp-att-16710\"><img loading=\"lazy\" decoding=\"async\" class=\"alignnone size-thumbnail wp-image-16710\" title=\"buchen2rappeneck121115\" src=\"https:\/\/www.freiburg-schwarzwald.de\/blog\/wp-content\/uploads\/2012\/12\/buchen2rappeneck121115-180x135.jpg\" alt=\"\" width=\"180\" height=\"135\" srcset=\"https:\/\/www.freiburg-schwarzwald.de\/blog\/wp-content\/uploads\/2012\/12\/buchen2rappeneck121115-180x135.jpg 180w, https:\/\/www.freiburg-schwarzwald.de\/blog\/wp-content\/uploads\/2012\/12\/buchen2rappeneck121115.jpg 640w\" sizes=\"auto, (max-width: 180px) 100vw, 180px\" \/><\/a>\u00a0\u00a0\u00a0\u00a0\u00a0\u00a0\u00a0\u00a0\u00a0 <a href=\"https:\/\/www.freiburg-schwarzwald.de\/blog\/regio\/orte\/oberried\/weilersbach\/weilersbach5nebel121115-2\/\" rel=\"attachment wp-att-16696\"><img loading=\"lazy\" decoding=\"async\" class=\"alignnone size-thumbnail wp-image-16696\" title=\"weilersbach5nebel121115\" src=\"https:\/\/www.freiburg-schwarzwald.de\/blog\/wp-content\/uploads\/2012\/11\/weilersbach5nebel1211151-180x135.jpg\" alt=\"\" width=\"180\" height=\"135\" srcset=\"https:\/\/www.freiburg-schwarzwald.de\/blog\/wp-content\/uploads\/2012\/11\/weilersbach5nebel1211151-180x135.jpg 180w, https:\/\/www.freiburg-schwarzwald.de\/blog\/wp-content\/uploads\/2012\/11\/weilersbach5nebel1211151.jpg 640w\" sizes=\"auto, (max-width: 180px) 100vw, 180px\" \/><\/a><br \/>\n(1)\u00a0\u00a0Str\u00e4\u00dfchen zur Rappenecker<\/p>\n<p><a href=\"https:\/\/www.freiburg-schwarzwald.de\/blog\/regio\/berge\/rappeneck\/berghof1oberried121115\/\" rel=\"attachment wp-att-16712\"><img loading=\"lazy\" decoding=\"async\" class=\"alignnone size-thumbnail wp-image-16712\" title=\"berghof1oberried121115\" src=\"https:\/\/www.freiburg-schwarzwald.de\/blog\/wp-content\/uploads\/2012\/12\/berghof1oberried121115-180x135.jpg\" alt=\"\" width=\"180\" height=\"135\" srcset=\"https:\/\/www.freiburg-schwarzwald.de\/blog\/wp-content\/uploads\/2012\/12\/berghof1oberried121115-180x135.jpg 180w, https:\/\/www.freiburg-schwarzwald.de\/blog\/wp-content\/uploads\/2012\/12\/berghof1oberried121115.jpg 640w\" sizes=\"auto, (max-width: 180px) 100vw, 180px\" \/><\/a>\u00a0\u00a0\u00a0\u00a0\u00a0\u00a0\u00a0\u00a0\u00a0 <a href=\"https:\/\/www.freiburg-schwarzwald.de\/blog\/regio\/berge\/rappeneck\/berghof2oberried121115\/\" rel=\"attachment wp-att-16713\"><img loading=\"lazy\" decoding=\"async\" class=\"alignnone size-thumbnail wp-image-16713\" title=\"berghof2oberried121115\" src=\"https:\/\/www.freiburg-schwarzwald.de\/blog\/wp-content\/uploads\/2012\/12\/berghof2oberried121115-180x135.jpg\" alt=\"\" width=\"180\" height=\"135\" srcset=\"https:\/\/www.freiburg-schwarzwald.de\/blog\/wp-content\/uploads\/2012\/12\/berghof2oberried121115-180x135.jpg 180w, https:\/\/www.freiburg-schwarzwald.de\/blog\/wp-content\/uploads\/2012\/12\/berghof2oberried121115.jpg 640w\" sizes=\"auto, (max-width: 180px) 100vw, 180px\" \/><\/a>\u00a0\u00a0\u00a0\u00a0\u00a0\u00a0\u00a0\u00a0\u00a0 <a href=\"https:\/\/www.freiburg-schwarzwald.de\/blog\/regio\/berge\/rappeneck\/berghof3oberried121115\/\" rel=\"attachment wp-att-16714\"><img loading=\"lazy\" decoding=\"async\" class=\"alignnone size-thumbnail wp-image-16714\" title=\"berghof3oberried121115\" src=\"https:\/\/www.freiburg-schwarzwald.de\/blog\/wp-content\/uploads\/2012\/12\/berghof3oberried121115-180x135.jpg\" alt=\"\" width=\"180\" height=\"135\" srcset=\"https:\/\/www.freiburg-schwarzwald.de\/blog\/wp-content\/uploads\/2012\/12\/berghof3oberried121115-180x135.jpg 180w, https:\/\/www.freiburg-schwarzwald.de\/blog\/wp-content\/uploads\/2012\/12\/berghof3oberried121115.jpg 640w\" sizes=\"auto, (max-width: 180px) 100vw, 180px\" \/><\/a><br \/>\n(4)<\/p>\n<p>(1-2) Von Oberried-Obertal f\u00fchrt ein geteertes Fahrstr\u00e4\u00dfchen hoch zur Rappenecker H\u00fctte. Auf halbem Weg kommt man durch einen wundersch\u00f6nen Buchenwald.<br \/>\n(3) Blick vom Weilersbach ganz oben nach Westen zum Rappeneck (freie Wiese) am 15.11.2012<br \/>\n(4-6) Blick vom Berghof (unterhalb der Rappenecker H\u00fctte) nach Nordosten \u00fcbers neblige Oberried und Dreisamtal am 15.11.2012 um 11.30 Uhr (sp\u00e4ter zieht auch der Nebel hier hoch).<\/p>\n<p><strong>Rappenecker H\u00fctte<\/strong>:<br \/>\n<a href=\"https:\/\/www.rappenecker-huette.de\">https:\/\/www.rappenecker-huette.de<\/a><br \/>\nFamilie Schmitz<br \/>\nTel 0151\/250 214 90<br \/>\n<a href=\"mailto:rappeneckerhuette@gmail.com\">rappeneckerhuette@gmail.com<\/a><\/p>\n<p>\u00d6ffnungszeiten ab 29.4.2022:<br \/>\nFreitag von 14 bis 20 Uhr<br \/>\nSamstag &amp; Sonntag von 12 Uhr bis 19 Uhr<\/p>\n<p>========================================================<\/p>\n<p>&nbsp;<\/p>\n<p><strong>Rappenecker H\u00fctte: Neue P\u00e4chter Christina und Jonas Schmitz<\/strong><br \/>\nNeue P\u00e4chter hat seit einiger Zeit auch die Rappenecker H\u00fctte, die sich ebenfalls auf Oberrieder Gemarkung befindet. Sie ist eine Institution. Das Refugium zwischen Dreisamtal und Schauinsland, hoch oben auf rund 1000 Metern H\u00f6he gelegen und deshalb mit einem atemberaubenden Panoramablick gesegnet, ist nicht nur bei Wanderern und Mountainbikern als Relaisstation beliebt. &#8222;Zu uns kommen auch die Oberrieder gerne auf Kaffee und Kuchen oder ein z\u00fcnftiges Vesper vorbei&#8220;, sagen Jonas und Christina Schmitz. Die Mitbewohner aus dem im Tal gelegenen Dorf also, wo die Eigent\u00fcmerfamilie Riesterer im Geroldstal den <a href=\"https:\/\/www.freiburg-schwarzwald.de\/blog\/bauernhof\/steiertbartlehof\/\">Steiertbartlehof<\/a> bewirtschaftet. Tochter Christina, die seit rund einem Jahr mit ihrem Mann Jonas Schmitz die Regie in der Rappenecker H\u00fctte \u00fcbernommen hat, empfindet die erwiesene Gunst der Oberrieder als gro\u00dfer Anerkennung; &#8222;das zeugt von einer harmonischen Gemeinschaft&#8220;.<\/p>\n<p>Es hat sich auch einiges getan auf dem Rappeneck. Von 2019 bis 2021 war die H\u00fctte nach einem Zwist mit den vorhergehenden P\u00e4chtern geschlossen. Die Zeit wurde genutzt. Die K\u00fcche wurde auf Vordermann gebracht, der Tresen in Teilen erneuert, dazu eine Art Kiosk auf der gro\u00dfen Freifl\u00e4che vor der H\u00fctte gebaut.<br \/>\nBei gr\u00f6\u00dferem Andrang sollen so m\u00f6gliche Warteschlangen entzerrt werden. Die Schmitz\u2019 haben n\u00e4mlich auf Selbstbedienung umgestellt. Drinnen und drau\u00dfen kann jetzt geordert werden, &#8222;das erleichtert die Arbeit enorm&#8220;, hat Jonas Schmitz schnell festgestellt. Dass nicht mehr bedient wird, hat auch mit dem Mangel an Personal zu tun, erkl\u00e4ren die Betreiber: &#8222;Wir suchen dringend, aber finden niemanden.&#8220; Gleichwohl: In der Bewirtschaftung greifen viele R\u00e4dchen erstaunlich gut ineinander. Der Grund: &#8222;Die Familie hilft mit Begeisterung mit.&#8220; Eltern und Schwiegereltern, Bruder und Schwester \u2013 alle seien dabei.<br \/>\nDazu wurde die Speisekarte etwas verschlankt. Auch Vegetarier kommen auf ihre Kosten. Fleisch und Kuchen kommen vom eigenen Hof, Wurst vom \u00f6rtlichen Metzger. &#8222;Wir setzen auf Bew\u00e4hrtes&#8220;, sagen Jonas und Christina Schmitz. F\u00fcr die Beiden ist der Job ein St\u00fcck weit Neuland. Beide sind sie noch in Freiburg berufst\u00e4tig, sie bei einer Brauerei, er bei einer Bank. Geregelt haben sie das dergestalt, dass die H\u00fctte nur mehr freitags (14 bis 20 Uhr), samstags und sonntags (jeweils 12 bis 19 Uhr) ge\u00f6ffnet ist. Ob f\u00fcr die junge Familie die Gastronomie zu einem Fulltimejob werden wird, l\u00e4sst sie offen. Man sei sehr zufrieden mit der Entwicklung und wisse: &#8222;Sag niemals nie im Leben.&#8220; Jonas Schmitz sagt\u2019s und l\u00e4chelt.<br \/>\n&#8230; Alles vom 22.5.2022 bitte lesen auf<br \/>\n<a href=\"https:\/\/www.badische-zeitung.de\/zwischen-neuen-perspektiven-und-personalmangel-so-starten-huettenwirte-in-die-hochsaison--213087496.html\">https:\/\/www.badische-zeitung.de\/zwischen-neuen-perspektiven-und-personalmangel-so-starten-huettenwirte-in-die-hochsaison&#8211;213087496.html<\/a><\/p>\n","protected":false},"excerpt":{"rendered":"<p>Home &gt;Regio &gt;Berge\u00a0&gt;Oberried &gt;Rappeneck &nbsp; Bruggaa: Gasthaus aus Holz pur\u00a0(14.12.2022) Rappenecker H\u00fctte: Neue P\u00e4chter Christina und Jonas Schmitz (22.5.2022) Rappenecker H\u00fctte &gt;Rappeneck (Archivseite) Appoloniakapelle (Zahnwehkapelle) neben der H\u00fctte &gt;Zahnwehkapelle Buchenwald zwischen Oberried und Rappeneck &#8211; einfach traumhaft\u00a0&gt;Rappeneck H\u00e4usleberghof unterhalb Rappeneck &hellip; <a href=\"https:\/\/www.freiburg-schwarzwald.de\/blog\/regio\/berge\/rappeneck\/\">Weiterlesen <span class=\"meta-nav\">&rarr;<\/span><\/a><\/p>\n","protected":false},"author":4,"featured_media":0,"parent":2552,"menu_order":0,"comment_status":"open","ping_status":"closed","template":"","meta":{"footnotes":""},"class_list":["post-16707","page","type-page","status-publish","hentry"],"_links":{"self":[{"href":"https:\/\/www.freiburg-schwarzwald.de\/blog\/wp-json\/wp\/v2\/pages\/16707","targetHints":{"allow":["GET"]}}],"collection":[{"href":"https:\/\/www.freiburg-schwarzwald.de\/blog\/wp-json\/wp\/v2\/pages"}],"about":[{"href":"https:\/\/www.freiburg-schwarzwald.de\/blog\/wp-json\/wp\/v2\/types\/page"}],"author":[{"embeddable":true,"href":"https:\/\/www.freiburg-schwarzwald.de\/blog\/wp-json\/wp\/v2\/users\/4"}],"replies":[{"embeddable":true,"href":"https:\/\/www.freiburg-schwarzwald.de\/blog\/wp-json\/wp\/v2\/comments?post=16707"}],"version-history":[{"count":6,"href":"https:\/\/www.freiburg-schwarzwald.de\/blog\/wp-json\/wp\/v2\/pages\/16707\/revisions"}],"predecessor-version":[{"id":107354,"href":"https:\/\/www.freiburg-schwarzwald.de\/blog\/wp-json\/wp\/v2\/pages\/16707\/revisions\/107354"}],"up":[{"embeddable":true,"href":"https:\/\/www.freiburg-schwarzwald.de\/blog\/wp-json\/wp\/v2\/pages\/2552"}],"wp:attachment":[{"href":"https:\/\/www.freiburg-schwarzwald.de\/blog\/wp-json\/wp\/v2\/media?parent=16707"}],"curies":[{"name":"wp","href":"https:\/\/api.w.org\/{rel}","templated":true}]}}