{"id":16646,"date":"2012-12-01T21:44:16","date_gmt":"2012-12-01T20:44:16","guid":{"rendered":"https:\/\/www.freiburg-schwarzwald.de\/blog\/?page_id=16646"},"modified":"2025-11-28T10:31:14","modified_gmt":"2025-11-28T09:31:14","slug":"verlage","status":"publish","type":"page","link":"https:\/\/www.freiburg-schwarzwald.de\/blog\/kultur\/medien\/verlage\/","title":{"rendered":"Verlage"},"content":{"rendered":"<p>Home &gt;<a title=\"Kultur\" href=\"https:\/\/www.freiburg-schwarzwald.de\/blog\/kultur\/\">Kultur<\/a> &gt;<a title=\"Medien\" href=\"https:\/\/www.freiburg-schwarzwald.de\/blog\/kultur\/medien\/\">Medien<\/a> &gt;Verlage<\/p>\n<div id=\"attachment_16649\" style=\"width: 649px\" class=\"wp-caption alignnone\"><a href=\"https:\/\/www.freiburg-schwarzwald.de\/blog\/kultur\/medien\/verlage\/burg-hoefen2pan121115\/\" rel=\"attachment wp-att-16649\"><img loading=\"lazy\" decoding=\"async\" aria-describedby=\"caption-attachment-16649\" class=\"size-full wp-image-16649\" title=\"burg-hoefen2pan121115\" src=\"https:\/\/www.freiburg-schwarzwald.de\/blog\/wp-content\/uploads\/2012\/12\/burg-hoefen2pan121115.jpg\" alt=\"\" width=\"639\" height=\"213\" srcset=\"https:\/\/www.freiburg-schwarzwald.de\/blog\/wp-content\/uploads\/2012\/12\/burg-hoefen2pan121115.jpg 639w, https:\/\/www.freiburg-schwarzwald.de\/blog\/wp-content\/uploads\/2012\/12\/burg-hoefen2pan121115-180x60.jpg 180w\" sizes=\"auto, (max-width: 639px) 100vw, 639px\" \/><\/a><p id=\"caption-attachment-16649\" class=\"wp-caption-text\">Blick nach Nordosten im Dreisamtal zwischen Kirchzarten-Burg-H\u00f6fen und Himmelreich am 15.11.2012 &#8211; Herbstfarben<\/p><\/div>\n<p>&nbsp;<\/p>\n<ul>\n<li><em>Listenauswahl eines Beitrags (Artikel\/Datum, Seite\/Inhalt): <span style=\"text-decoration: underline;\">Klicken<\/span> oder scrollen<\/em><\/li>\n<li><a href=\"https:\/\/www.freiburg-schwarzwald.de\/blog\/kultur\/medien\/journalismus\/\">Weimer-Journalismus: \u201eGem\u00fctlichmachen im Kreis der Macht\u201c<\/a>\u00a0(23.11.2025)<\/li>\n<li><a href=\"https:\/\/www.freiburg-schwarzwald.de\/blog\/2025-drei-buchmessen-l-f-dd\/\">2025 drei Buchmessen: L, F, DD<\/a>\u00a0(17.10.2024)<\/li>\n<li>Auf Druck von Journalisten k\u00fcndigt Verlag seinen Autor Maa\u00dfen (19.1.2023)<\/li>\n<li><a href=\"https:\/\/www.freiburg-schwarzwald.de\/blog\/kultur\/kulturelle-aneignung\/\">Verlag zieht Buch zur\u00fcck: Ravensburger l\u00e4sst Winnetou zum zweiten Mal sterben<\/a>\u00a0(22.8.2022)<\/li>\n<li><a href=\"https:\/\/www.freiburg-schwarzwald.de\/blog\/selbsthilfe\/frauen\/gender\/gender-sprache\/\">Landgericht stoppt eigenm\u00e4chtiges Gendern eines Autorenbeitrages<\/a>\u00a0(23.5.2022)<\/li>\n<li><a href=\"https:\/\/www.freiburg-schwarzwald.de\/blog\/kultur\/kulturverlust\/cancelculture-literatur\/\">Verweis auf Prophet Mohammed in Dantes \u201eG\u00f6ttlicher Kom\u00f6die\u201c gecancelt<\/a>\u00a0(6.4.2021)<\/li>\n<li><a href=\"https:\/\/www.freiburg-schwarzwald.de\/blog\/unvereinbarkeitsbeschluss\/\">Unvereinbarkeitsbeschluss<\/a>\u00a0(11.2.2021)<\/li>\n<li><a href=\"https:\/\/www.freiburg-schwarzwald.de\/blog\/kultur\/kulturverlust\/umstritten\/\">Umstritten \u2013 Zauberwort zur Dialogverhinderung \u2013 Monika Maron<\/a>\u00a0(2.12.2020)<\/li>\n<li><a href=\"https:\/\/www.freiburg-schwarzwald.de\/blog\/migration-in-hartz4-tellkamp\/\">https:\/\/www.freiburg-schwarzwald.de\/blog\/migration-in-hartz4-tellkamp\/<\/a> (10.3.2018)<\/li>\n<li>Kritische \u00d6ffentlichkeit braucht Verlage (11.12.2015)<\/li>\n<li><a href=\"https:\/\/www.freiburg-schwarzwald.de\/blog\/kelten-krimi-zu-tarodunum\/\">https:\/\/www.freiburg-schwarzwald.de\/blog\/kelten-krimi-zu-tarodunum\/<\/a>\u00a0(15.4.2013)<\/li>\n<li><a href=\"https:\/\/www.freiburg-schwarzwald.de\/verlage1.htm\">Neue Infos zur Verlage-Seite<\/a> &gt;Verlage1<\/li>\n<li><\/li>\n<li><strong><a href=\"https:\/\/www.freiburg-schwarzwald.de\/verlage\">https:\/\/www.freiburg-schwarzwald.de\/verlage<\/a> &gt;Archivseite Verlage<\/strong><\/li>\n<li><a href=\"https:\/\/www.freiburg-schwarzwald.de\/verlage.htm#Art + Weise aus Schliengen-Obereggenen\">Art + Weise aus Schliengen-Obereggenen<\/a><\/li>\n<li><a href=\"https:\/\/www.freiburg-schwarzwald.de\/verlage#Oase Verlag\">Badenweiler: OASE Verlag in Badenweiler<\/a><\/li>\n<li><a href=\"https:\/\/www.freiburg-schwarzwald.de\/verlage#Regio Verlag in Binzen\">Binzen: Regio Verlag<\/a><\/li>\n<li><a href=\"https:\/\/www.freiburg-schwarzwald.de\/littenweiler\/buch2.htm#Biografie Stube in Stegen gibt ihr erstes Kinderbuch heraus\">Biografie Stube in Stegen gibt ihr erstes Kinderbuch heraus<\/a> &gt;Buch2 (27.9.2007)<\/li>\n<li><a href=\"https:\/\/www.freiburg-schwarzwald.de\/verlage#Hagbarth Publications - Verlag in Bollschweil\">Bollschweil: Hagbarth Publications<\/a> &#8211; Verlag<\/li>\n<li><a href=\"https:\/\/www.freiburg-schwarzwald.de\/verlage#OH-Verlag in Unteribental\">Buchenbach-Unteribental: OH-Verlag<\/a><\/li>\n<li><a href=\"https:\/\/www.freiburg-schwarzwald.de\/verlage#BuchContact.de\">BuchContact.de<\/a><\/li>\n<li><a href=\"https:\/\/www.freiburg-schwarzwald.de\/verlage#Donzelli-Kluckert Verlag in Bremgarten\">Donzelli-Kluckert Verlag in Bremgarten<\/a><\/li>\n<li><a href=\"https:\/\/www.freiburg-schwarzwald.de\/littenweiler\/lexikon.htm#Dreisam\">Dreisamtal-Buch<\/a> &gt;Lexikon<\/li>\n<li><a href=\"https:\/\/www.freiburg-schwarzwald.de\/verlage#Naturpark S\u00fcdschwarzwald\">Feldberg &#8211; Naturpark S\u00fcdschwarzwald<\/a><\/li>\n<li><small><a href=\"https:\/\/www.freiburg-schwarzwald.de\/verlage#Die Brotsuppe - Verlag in Emmendingen\">Emmendingen: Die Brotsuppe &#8211; Verlag<\/a><\/small><\/li>\n<li><a href=\"https:\/\/www.freiburg-schwarzwald.de\/verlage#Deutsches Tagebucharchiv (DTA) in Emmendingen\">Emmendingen: Deutsches Tagebucharchiv (DTA) in Emmendingen<\/a><\/li>\n<li><a href=\"https:\/\/www.freiburg-schwarzwald.de\/littenweiler\/it-dienste.htm#DeWo Verlag Freiburg\">Freiburg f\u00fcr Alle &#8211; Daewo-Verlag<\/a> &gt;IT-Dienste<\/li>\n<li><a href=\"https:\/\/www.freiburg-schwarzwald.de\/verlage#BildAgentur Freiburg\">Freiburg: BildAgentur<\/a><\/li>\n<li><a href=\"https:\/\/www.freiburg-schwarzwald.de\/verlage#Edition K\u00e4flein in Freiburg\">Freiburg &#8211; Edition K\u00e4flein<\/a><\/li>\n<li><a href=\"https:\/\/www.freiburg-schwarzwald.de\/verlage#Gallus Verlag in Freiburg\">Freiburg &#8211; Gallus Verlag<\/a><\/li>\n<li><a href=\"https:\/\/www.freiburg-schwarzwald.de\/verlage#Freiburg - Haufe Mediengruppe\">Freiburg &#8211; Haufe Mediengruppe<\/a><\/li>\n<li><a href=\"https:\/\/www.freiburg-schwarzwald.de\/verlage#Herder Verlag in Freiburg\">Freiburg- Herder Verlag in Freiburg<\/a><\/li>\n<li><a href=\"https:\/\/www.freiburg-schwarzwald.de\/verlage#Lavori Verlag in Freiburg\">Freiburg &#8211; Lavori Verlag<\/a><\/li>\n<li><a href=\"https:\/\/www.freiburg-schwarzwald.de\/verlage#Promo Verlag\">Freiburg &#8211; Promo Verlag <\/a><\/li>\n<li><a href=\"https:\/\/www.freiburg-schwarzwald.de\/verlage#Schillinger Verlag\">Freiburg &#8211; Schillinger Verlag <\/a><\/li>\n<li><a href=\"https:\/\/www.freiburg-schwarzwald.de\/verlage#Seeger Landkartenverlag aus Freiburg\">Freiburg: Seeger Verlag f\u00fcr Landkarten, Panoramakarten<\/a><\/li>\n<li><a href=\"https:\/\/www.freiburg-schwarzwald.de\/littenweiler\/buch1.htm#Mary Sylvester - Schwarz im Schwarzwald\">Freiburg &#8211; Mary Sylvester<\/a> &gt;Buch1 (24.7.2004)<\/li>\n<li><a href=\"https:\/\/www.freiburg-schwarzwald.de\/hofladen1.htm#Hofl\u00e4den und Direktvermarkter in S\u00fcdbachen als Buch\">Freiburg: Zirrus Media, Verlag Siegfried Teuchert<\/a> &gt;Hofladen1<\/li>\n<li>Gutach &#8211; Drey-Verlag<\/li>\n<li><a href=\"https:\/\/www.freiburg-schwarzwald.de\/verlage#Herbolzheim: Centaurus-Verlag\">Herbolzheim: Centaurus-Verlag<\/a><\/li>\n<li><a href=\"https:\/\/www.freiburg-schwarzwald.de\/kinder4.htm#Kaiserst\u00fchler Kindermund: Buch mit frechen Spr\u00fcchen\">Karlsruhe &#8211; Kaiserst\u00fchler Kindermund: Buch mit frechen Spr\u00fcchen<\/a> &gt;Kinder4 (26.3.2010)<\/li>\n<li><a href=\"https:\/\/www.freiburg-schwarzwald.de\/littenweiler\/kirchzarten1.htm#Die Bibel - das Buch der B\u00fccher\">Kirchzarten: Bibel &#8211; Buch der B\u00fccher<\/a> &gt;Kirchzarten1 (26.3.2003)<\/li>\n<li><a href=\"https:\/\/www.freiburg-schwarzwald.de\/verlage#Maienstein Verlag\">Kirchzarten: Maienstein-Verlag<\/a><\/li>\n<li><a href=\"https:\/\/www.freiburg-schwarzwald.de\/verlage#sbuechle - Verlag Freiburg - Kirchzarten\">Kirchzarten: sbuechle &#8211; Verlag<\/a><\/li>\n<li><a href=\"https:\/\/www.freiburg-schwarzwald.de\/verlage#Schmidt Verlag, Pro-M-Edition in Burg-H\u00f6fen\">Kirchzarten: Schmidt Verlag, Pro-M-Edition<\/a><\/li>\n<li><a href=\"https:\/\/www.freiburg-schwarzwald.de\/verlage#Ernst Kaufmann Verlag Lahr\">Lahr: Ernst Kaufmann Verlag<\/a><\/li>\n<li><a href=\"https:\/\/www.freiburg-schwarzwald.de\/verlage#Neuenburg - TS Verlag\">Neuenburg &#8211; TS Verlag<\/a><\/li>\n<li><a href=\"https:\/\/www.freiburg-schwarzwald.de\/freiburgerechoverlag\/index.htm\">Stegen: Antiquariat Stegen<\/a> &gt;FreiburgerEchoVerlag<\/li>\n<li><a href=\"https:\/\/www.freiburg-schwarzwald.de\/verlage#Thorbecke Verlag in Ostfildern\">Stuttgart: Thorbecke Verlag in Ostfildern<\/a><\/li>\n<li>Stuttgart: Mund- und Fu\u00dfmalende K\u00fcnstler MFK-Verlag<\/li>\n<li><a href=\"https:\/\/www.freiburg-schwarzwald.de\/verlage#Doldverlag in V\u00f6hrenbach\">V\u00f6hrenbach: Doldverlag<\/a><\/li>\n<li><a href=\"https:\/\/www.freiburg-schwarzwald.de\/verlage#Zirrus Verlag - Siegfried Teuchert in Freiburg\">Zirrus Verlag &#8211; Siegfried Teuchert in Freiburg<\/a><\/li>\n<li><\/li>\n<li><a title=\"Buch\" href=\"https:\/\/www.freiburg-schwarzwald.de\/blog\/kultur\/dichter\/literatur\/buch\/\">Buch-Seite<\/a><\/li>\n<li><a title=\"Buchhandel\" href=\"https:\/\/www.freiburg-schwarzwald.de\/blog\/business\/handel\/buchhandel\/\">Buchladen &#8211; Buchhandel<\/a><\/li>\n<li><a href=\"https:\/\/www.freiburg-schwarzwald.de\/blog\/kultur\/kulturverlust\/cancelculture-literatur\/\">CancelCulture-Literatur<\/a><\/li>\n<li><a href=\"https:\/\/www.freiburg-schwarzwald.de\/dichter.htm\">Dichter und Autoren<\/a> &gt;Dichter<\/li>\n<li><a title=\"E-Book\" href=\"https:\/\/www.freiburg-schwarzwald.de\/blog\/kultur\/internet\/e-book\/\">E-Book<\/a><\/li>\n<li><a href=\"https:\/\/www.freiburg-schwarzwald.de\/heimatforscher.htm\">Heimatforscher und Chronisten<\/a> &gt;Heimatforscher<\/li>\n<li><a href=\"https:\/\/www.freiburg-schwarzwald.de\/blog\/kultur\/kulturelle-aneignung\/\">Kulturelle-Aneignung<\/a><\/li>\n<li><a href=\"https:\/\/www.freiburg-schwarzwald.de\/literatur.htm\">Literatur und Literaten<\/a> &gt;Literatur<\/li>\n<li><a href=\"https:\/\/www.freiburg-schwarzwald.de\/blog\/kultur\/kulturverlust\/umstritten\/\">Umstritten<\/a><\/li>\n<\/ul>\n<p><strong>Auf Druck von Journalisten k\u00fcndigt Verlag seinen Autor Maa\u00dfen<\/strong><br \/>\n<strong>C. H. Beck kapituliert vor einem S\u00e4uberungsfuror. Kann man es dem Verlag ver\u00fcbeln? Ja und nein<\/strong><br \/>\nDer C.-H.-Beck-Verlag widerstand der Kampagne gegen seinen Autor Hans-Georg Maassen \u2013 allerdings nur zehn Tage. Der Fall des Juristen ist ein Lehrbeispiel, wie Menschen mit unangepassten Meinungen aus dem Verkehr gezogen werden.<br \/>\nAm 8. Januar hat die \u00abS\u00fcddeutsche Zeitung\u00bb einen Artikel zu Hans-Georg Maassen und dem C.-H.-Beck-Verlag ver\u00f6ffentlicht. Der Autor Ronen Steinke problematisiert darin, dass der ehemalige deutsche Verfassungsschutz-Chef von dem juristischen Verlag immer noch publiziert werde. Konkret geht es um Maassens Mitwirken am Grundgesetzkommentar Eppinger\/Hillgruber. Der Eintrag zum Asylrecht ist aus dem Jahr 2009 und wird seither von Maassen immer mal wieder aktualisiert.<br \/>\nDie \u00abS\u00fcddeutsche Zeitung\u00bb hat an dem Kommentar nichts zu beanstanden. Umso mehr aber an dem Autor. Maassen sei ein \u00abVerschw\u00f6rungsrentner\u00bb, der zum Beispiel ein \u00abCovid-Impfverbot\u00bb fordere. Zitiert wird auch ein Bochumer Rechtsprofessor, der bereits im Sommer 2022 in der \u00abFrankfurter Allgemeinen Zeitung\u00bb sein Unwohlsein damit bekundete, gemeinsam mit Maassen zu publizieren, einem Mann, der die Rettung von Fl\u00fcchtlingen aus Seenot als \u00abShuttleservice\u00bb verh\u00f6hne. C. H. Beck blieb standhaft, man staunte. Allerdings nur zehn Tage.<br \/>\nAm 18. Januar wurde die Zusammenarbeit des Verlags und Maasens f\u00fcr beendet erkl\u00e4rt. Obschon fachlich nichts zu beanstanden sei, wie C. H. Beck betonte, sei eine heftige Diskussion mit fortschreitender Polarisierung entstanden, \u00abbei der sich die unvers\u00f6hnlichen Positionen verselbst\u00e4ndigt haben\u00bb.<br \/>\n<em><strong>Der Fall von Hans-Georg Maassen ist ein Lehrbeispiel, wie Menschen mit unangepassten Meinungen aus dem Verkehr gezogen werden.<\/strong><\/em> Die medialen Mechanismen sind perfid. Ein Journalist schreibt einen Artikel als eine Einsch\u00fcchterung: Leute, schaut her, da ist ein Verlag, der publiziert einen hochproblematischen Autor. Zwar sei am Werk an sich nichts einzuwenden, aber der Autor agiere in seiner Freizeit in der Sph\u00e4re von Rassismus und Verschw\u00f6rungstheorien. Dann die implizite Frage an den Verlag: Wollen Sie diesem Mann wirklich die Treue halten?<br \/>\nDie Drohung kommt gleich hinzu: Wenn der Verlag den Autor nicht beseitigt, gilt er fortan selbst als kontaminiert, ja im Grunde ist er es schon jetzt. Die \u00abS\u00fcddeutsche Zeitung\u00bb gibt vor, \u00fcber die Kooperation von Maassen und dem C.-H.-Beck-Verlag zu \u00abstaunen\u00bb, hat aber auch schon eine Antwort parat: \u00abKein Zufall \u2013 es passt zum Geist des Hauses.\u00bb Einen Tag sp\u00e4ter wird Maassen von der \u00abFAZ\u00bb als \u00abAdvokat des teuflischen Zweifels an der Verfassungsm\u00e4ssigkeit der deutschen Staatsgewalt\u00bb bezeichnet. Da knickt der Verlag ein.<br \/>\n,,, Alles vom 19.1.2023 von Benedict Neff bitte lesen auf<br \/>\n<a href=\"https:\/\/www.nzz.ch\/feuilleton\/fall-maassen-ch-beck-kapituliert-vor-journalistischem-saeuberungswahn-ld.1722143\">https:\/\/www.nzz.ch\/feuilleton\/fall-maassen-ch-beck-kapituliert-vor-journalistischem-saeuberungswahn-ld.1722143<\/a><\/p>\n<p>&nbsp;<\/p>\n<p><strong>Kritische \u00d6ffentlichkeit braucht Verlage<\/strong><br \/>\nKritische \u00d6ffentlichkeit ist f\u00fcr Reu\u00df dagegen nur mit Hilfe von Vermittlern wie Verlagen, Gewerkschaften oder Parteien herstellbar, die den kritischen Einzelnen unterst\u00fctzen und st\u00e4rken. Ohne die Dissidenzf\u00f6rderung solcher Instanzen k\u00f6nnten kritische Stimmen weder Geh\u00f6r finden noch wirksam werden. Genau diesen Intermedi\u00e4ren sagen die Digitalisierungs-Konzerne jedoch den Kampf an, argumentiert Reu\u00df: Amazon will Verlage und Buchhandel ausschalten, Google macht sich auf den Weg zum Informationsmonopol die Zeitungsverlage gef\u00fcgig und <a title=\"Social-Networking\" href=\"https:\/\/www.freiburg-schwarzwald.de\/blog\/kultur\/internet\/social-networking\/\">Facebook<\/a> spiegelt uns vor, das schon ein Posting eine politische \u00c4u\u00dferung sein k\u00f6nne. &#8230;.<br \/>\nAlles vom 11.12.2015 bitte lesen auf<br \/>\n<a href=\"https:\/\/www.badische-zeitung.de\/computer-medien-1\/selbsterfuellender-stalinismus--114941169.html\u00a0\">https:\/\/www.badische-zeitung.de\/computer-medien-1\/selbsterfuellender-stalinismus&#8211;114941169.html<br \/>\n<\/a><em>Der Heidelberger Germanistikprofessor Roland Reu\u00df sieht die Digitalisierung als Feind der kritischen \u00d6ffentlichkeit<a href=\"https:\/\/www.badische-zeitung.de\/computer-medien-1\/selbsterfuellender-stalinismus--114941169.html\u00a0\">.<\/a><\/em><\/p>\n<p>&nbsp;<\/p>\n<p><strong>Drey-Verlag aus Gutach<\/strong><\/p>\n<p>Der Drey-Verlag ist ein Verlag aus der Regio f\u00fcr die Regio. Dass der Verlagsort die Schwarzwaldgemeinde Gutach ist, passt ins Konzept. Die meisten unserer Autoren stammen aus dem Dreieck Stra\u00dfburg-Basel-Konstanz, dem Dreyeckland, dem sich der Verlag auch grenz\u00fcberschreitend verpflichtet f\u00fchlt. Diese Verbundenheit spiegelt sich im Verlagssignet, das zwei Drittel eines Ma\u00dfwerks \u00fcber dem Namen tr\u00e4gt, angelehnt an die drei M\u00fcnster in Konstanz, Basel und Stra\u00dfburg. Dar\u00fcber hinaus verweist der Name auch auf\u00a0<a title=\"Jung\" href=\"https:\/\/www.freiburg-schwarzwald.de\/blog\/kultur\/dichter\/jung\/\">Markus Manfred Jung<\/a>, Franz Handschuh und <a title=\"Wurth\" href=\"https:\/\/www.freiburg-schwarzwald.de\/blog\/kultur\/dichter\/wurth\/\">Wendelinus Wurth<\/a>, die den Verlag im Jahre 1995 gr\u00fcndeten.<\/p>\n<p>Drey-Verlag, Am Buck 2, 77793 Gutach, Tel. 07833 8088, <a href=\"mailto:dreywe@gmx.de\">dreywe@gmx.de<\/a><br \/>\n<a href=\"https:\/\/www.drey-verlag.com\">www.drey-verlag.com<\/a><\/p>\n<p><a href=\"https:\/\/www.freiburg-schwarzwald.de\/littenweiler\/buch1.htm#Drey-Verlag in Gutach - Alemannische Mundart\">Gutach: Drey-Verlag &#8211; Alemannische Mundart<\/a> &gt;Buch1 (18.3.2005)<\/p>\n<p>&nbsp;<\/p>\n<p>&nbsp;<\/p>\n<p><strong>Mund- und Fu\u00dfmalende K\u00fcnstler MFK-Verlag <\/strong><\/p>\n<p>Einmalig sch\u00f6ne Postkarte, Weihnachtskarten, Geschenkanh\u00e4nger<\/p>\n<p>MFK Mund- und Fu\u00dfmalende K\u00fcnstler Verlag GmbH<br \/>\nSchulze-Delitzsch-Str. 13 , D-70565 Stuttgart<br \/>\nTel. 0711-78 19 20-0<br \/>\n<a href=\"https:\/\/www.mfk-verlag.de\">www.mfk-verlag.de<\/a><\/p>\n<p>MFK-Konto 8410410, BLZ 600 50101, baden-W\u00fcrttembergische Bank<\/p>\n","protected":false},"excerpt":{"rendered":"<p>Home &gt;Kultur &gt;Medien &gt;Verlage &nbsp; Listenauswahl eines Beitrags (Artikel\/Datum, Seite\/Inhalt): Klicken oder scrollen Weimer-Journalismus: \u201eGem\u00fctlichmachen im Kreis der Macht\u201c\u00a0(23.11.2025) 2025 drei Buchmessen: L, F, DD\u00a0(17.10.2024) Auf Druck von Journalisten k\u00fcndigt Verlag seinen Autor Maa\u00dfen (19.1.2023) Verlag zieht Buch zur\u00fcck: Ravensburger &hellip; <a href=\"https:\/\/www.freiburg-schwarzwald.de\/blog\/kultur\/medien\/verlage\/\">Weiterlesen <span class=\"meta-nav\">&rarr;<\/span><\/a><\/p>\n","protected":false},"author":4,"featured_media":0,"parent":678,"menu_order":0,"comment_status":"open","ping_status":"closed","template":"","meta":{"footnotes":""},"class_list":["post-16646","page","type-page","status-publish","hentry"],"_links":{"self":[{"href":"https:\/\/www.freiburg-schwarzwald.de\/blog\/wp-json\/wp\/v2\/pages\/16646","targetHints":{"allow":["GET"]}}],"collection":[{"href":"https:\/\/www.freiburg-schwarzwald.de\/blog\/wp-json\/wp\/v2\/pages"}],"about":[{"href":"https:\/\/www.freiburg-schwarzwald.de\/blog\/wp-json\/wp\/v2\/types\/page"}],"author":[{"embeddable":true,"href":"https:\/\/www.freiburg-schwarzwald.de\/blog\/wp-json\/wp\/v2\/users\/4"}],"replies":[{"embeddable":true,"href":"https:\/\/www.freiburg-schwarzwald.de\/blog\/wp-json\/wp\/v2\/comments?post=16646"}],"version-history":[{"count":5,"href":"https:\/\/www.freiburg-schwarzwald.de\/blog\/wp-json\/wp\/v2\/pages\/16646\/revisions"}],"predecessor-version":[{"id":142210,"href":"https:\/\/www.freiburg-schwarzwald.de\/blog\/wp-json\/wp\/v2\/pages\/16646\/revisions\/142210"}],"up":[{"embeddable":true,"href":"https:\/\/www.freiburg-schwarzwald.de\/blog\/wp-json\/wp\/v2\/pages\/678"}],"wp:attachment":[{"href":"https:\/\/www.freiburg-schwarzwald.de\/blog\/wp-json\/wp\/v2\/media?parent=16646"}],"curies":[{"name":"wp","href":"https:\/\/api.w.org\/{rel}","templated":true}]}}