{"id":16486,"date":"2012-11-29T17:33:45","date_gmt":"2012-11-29T16:33:45","guid":{"rendered":"https:\/\/www.freiburg-schwarzwald.de\/blog\/?page_id=16486"},"modified":"2026-02-21T21:25:37","modified_gmt":"2026-02-21T20:25:37","slug":"wegwerfkultur","status":"publish","type":"page","link":"https:\/\/www.freiburg-schwarzwald.de\/blog\/kultur\/wegwerfkultur\/","title":{"rendered":"Wegwerfkultur"},"content":{"rendered":"<p>Home &gt;<a title=\"Zukunft\" href=\"https:\/\/www.freiburg-schwarzwald.de\/blog\/engagement\/zukunft\/\">Zukunft <\/a>&gt;<a title=\"Kultur\" href=\"https:\/\/www.freiburg-schwarzwald.de\/blog\/kultur\/\">Kultur<\/a> &gt;Wegwerfkultur<\/p>\n<div id=\"attachment_15979\" style=\"width: 649px\" class=\"wp-caption alignnone\"><a href=\"https:\/\/www.freiburg-schwarzwald.de\/blog\/bauernhof\/mundenhof\/schauinsland3muenstertal-pan121115\/\" rel=\"attachment wp-att-15979\"><img loading=\"lazy\" decoding=\"async\" aria-describedby=\"caption-attachment-15979\" class=\"size-full wp-image-15979\" title=\"schauinsland3muenstertal-pan121115\" src=\"https:\/\/www.freiburg-schwarzwald.de\/blog\/wp-content\/uploads\/2012\/11\/schauinsland3muenstertal-pan121115.jpg\" alt=\"\" width=\"639\" height=\"254\" srcset=\"https:\/\/www.freiburg-schwarzwald.de\/blog\/wp-content\/uploads\/2012\/11\/schauinsland3muenstertal-pan121115.jpg 639w, https:\/\/www.freiburg-schwarzwald.de\/blog\/wp-content\/uploads\/2012\/11\/schauinsland3muenstertal-pan121115-180x71.jpg 180w\" sizes=\"auto, (max-width: 639px) 100vw, 639px\" \/><\/a><p id=\"caption-attachment-15979\" class=\"wp-caption-text\">Blick vom Schauinsland nach S\u00fcdwestem \u00fcber den Sommerberg ob M\u00fcnstertal ins neblige Rheintal am 15.11.2012<\/p><\/div>\n<ul>\n<li><em>Listenauswahl eines Beitrags (Artikel\/Datum, Seite\/Inhalt):\u00a0Klicken\u00a0oder scrollen<\/em><\/li>\n<li><a href=\"https:\/\/www.freiburg-schwarzwald.de\/blog\/business\/genossenschaften\/\">Genossenschaften: Biog\u00e4rtnerei Piluweri H\u00fcgelheim \u2013 Glaskiste Freiburg<\/a>\u00a0(21.2.2026)<\/li>\n<li><a href=\"https:\/\/www.freiburg-schwarzwald.de\/blog\/letzte-generation-blockade-b31\/\">Letzte Generation: Blockade B31<\/a>\u00a0(7.2.2022)<\/li>\n<li><a href=\"https:\/\/www.freiburg-schwarzwald.de\/blog\/global\/fairerhandel\/\">Der Weg zu fairen \u00d6ko-Jeans \u2013 Textilproduktion- und handel<\/a>\u00a0(11.9.2021)<\/li>\n<li><a href=\"https:\/\/www.freiburg-schwarzwald.de\/blog\/engagement\/verbraucher\/konsum\/\">Kleiderwahn f\u00fchrt zum \u201eKollaps des Systems\u201c: 60 Klamotten pro Kopf<\/a> (5.2.2021)<\/li>\n<li><a href=\"https:\/\/www.freiburg-schwarzwald.de\/blog\/earth-overshoot-day-29-juli-19\/\">https:\/\/www.freiburg-schwarzwald.de\/blog\/earth-overshoot-day-29-juli-19\/<\/a>\u00a0(29.7.2019)<\/li>\n<li><a href=\"https:\/\/www.freiburg-schwarzwald.de\/blog\/upcycling-kunsthandwerkmarkt\/\">https:\/\/www.freiburg-schwarzwald.de\/blog\/upcycling-kunsthandwerkmarkt\/<\/a> (7.8.2016)<\/li>\n<li><a href=\"https:\/\/www.freiburg-schwarzwald.de\/blog\/2014-wird-ein-gutes-jahr\/\">https:\/\/www.freiburg-schwarzwald.de\/blog\/2014-wird-ein-gutes-jahr\/<\/a>\u00a0(4.1.2014)<\/li>\n<li><a href=\"https:\/\/www.freiburg-schwarzwald.de\/blog\/20-beliebteste-konsumsuenden\/\">https:\/\/www.freiburg-schwarzwald.de\/blog\/20-beliebteste-konsumsuenden\/<\/a>\u00a0(9.4.2013)<\/li>\n<li><a href=\"https:\/\/www.freiburg-schwarzwald.de\/blog\/kleider-altkleider-tausch-rabatt\/\">https:\/\/www.freiburg-schwarzwald.de\/blog\/kleider-altkleider-tausch-rabatt\/<\/a>\u00a0(22.2.2013)<\/li>\n<li><a href=\"https:\/\/www.freiburg-schwarzwald.de\/blog\/kaufen-fuer-die-muellhalde\/\">https:\/\/www.freiburg-schwarzwald.de\/blog\/kaufen-fuer-die-muellhalde\/<\/a>\u00a0(2.2.2013)<\/li>\n<li><a href=\"https:\/\/www.freiburg-schwarzwald.de\/blog\/foodsharing-teilen-statt-muell\/\">https:\/\/www.freiburg-schwarzwald.de\/blog\/foodsharing-teilen-statt-muell\/<\/a>\u00a0(13.12.2012)<\/li>\n<li>Weltersch\u00f6pfungstag (Earth Overshoot Day) in 2012 bereits am\u00a022. August (1.9.2012)<\/li>\n<li><\/li>\n<li><a title=\"Abfall\" href=\"https:\/\/www.freiburg-schwarzwald.de\/blog\/natur\/umwelt\/abfall\/\">Abfall<\/a><\/li>\n<li><a title=\"Altkleider\" href=\"https:\/\/www.freiburg-schwarzwald.de\/blog\/business\/handel\/altkleider\/\">Altkleider<\/a><\/li>\n<li><a href=\"https:\/\/www.freiburg-schwarzwald.de\/blog\/engagement\/buergerinitiativen\/demo\/blockade\/\">Blockade<\/a><\/li>\n<li><a title=\"Konsum\" href=\"https:\/\/www.freiburg-schwarzwald.de\/blog\/engagement\/verbraucher\/konsum\/\">Konsum<\/a><\/li>\n<li><a title=\"Recycling\" href=\"https:\/\/www.freiburg-schwarzwald.de\/blog\/natur\/umwelt\/recycling\/\">Recycling<\/a><\/li>\n<li><a title=\"Schuldner\" href=\"https:\/\/www.freiburg-schwarzwald.de\/blog\/selbsthilfe\/soziales\/schuldner\/\">Schulden &#8211; Schuldnerberatung<\/a><\/li>\n<li><a title=\"Sharing-Economy\" href=\"https:\/\/www.freiburg-schwarzwald.de\/blog\/engagement\/verbraucher\/sharing-economy\/\">Sharing-Economy<\/a><\/li>\n<li><a title=\"Suffizienz\" href=\"https:\/\/www.freiburg-schwarzwald.de\/blog\/engagement\/zukunft\/suffizienz\/\">Suffizienz<\/a><\/li>\n<li><a title=\"Umwelt\" href=\"https:\/\/www.freiburg-schwarzwald.de\/blog\/natur\/umwelt\/\">Umwelt<\/a><\/li>\n<li>Wegwerfkultur mit\u00a0exzessiven Konsum<\/li>\n<li><a title=\"Zeit\" href=\"https:\/\/www.freiburg-schwarzwald.de\/blog\/engagement\/zukunft\/zeit-2\/\">Zeit<\/a><\/li>\n<\/ul>\n<div id=\"attachment_42080\" style=\"width: 647px\" class=\"wp-caption alignnone\"><a href=\"https:\/\/www.freiburg-schwarzwald.de\/blog\/kultur\/wegwerfkultur\/abfall-pan131202\/\" rel=\"attachment wp-att-42080\"><img loading=\"lazy\" decoding=\"async\" aria-describedby=\"caption-attachment-42080\" class=\"size-full wp-image-42080\" title=\"abfall-pan131202\" src=\"https:\/\/www.freiburg-schwarzwald.de\/blog\/wp-content\/uploads\/2012\/11\/abfall-pan131202.jpg\" alt=\"\" width=\"637\" height=\"297\" srcset=\"https:\/\/www.freiburg-schwarzwald.de\/blog\/wp-content\/uploads\/2012\/11\/abfall-pan131202.jpg 637w, https:\/\/www.freiburg-schwarzwald.de\/blog\/wp-content\/uploads\/2012\/11\/abfall-pan131202-180x83.jpg 180w\" sizes=\"auto, (max-width: 637px) 100vw, 637px\" \/><\/a><p id=\"caption-attachment-42080\" class=\"wp-caption-text\">Gelbe S\u00e4cke bei Remondis in Freiburg am 2.12.2013 &#8211; Abfall &#8211; M\u00fcll &#8211; Wegwerfunkultur<\/p><\/div>\n<p class=\"mceTemp\"><strong>Wegwerfkultur mit\u00a0exzessiven Konsum<\/strong><\/p>\n<p>Die Menschheit produziert j\u00e4hrlich 1.3 Milliarden Hausm\u00fcll, von denen nur ein Viertel recycelt wird.<br \/>\nDie Wegwerfkultur mit dem exzessiven Konsum auf Pump f\u00fchrt zur Finanzkrise, auch in der EU.<\/p>\n<p class=\"mceTemp\">Wir haben uns angew\u00f6hnt, m\u00f6glichst viel m\u00f6glichst billig einzukaufen.<br \/>\nW\u00e4ren wir bereit, das &#8222;m\u00f6glichst viel&#8220; einzuschr\u00e4nken: Nur noch 5 Paar Schuhe im Schrank vorhalten? Nur noch 2 mal in der Woche Fleisch essen?<br \/>\nW\u00e4ren wir bereit, das &#8222;m\u00f6glichst billig&#8220; einzuschr\u00e4nken: Nor noch Pullover tragen aus Wolle von Schafen von der Schw\u00e4bischen Alb? Nur noch fair gehandelten Kaffee trinken?<\/p>\n<p class=\"mceTemp\">Leider gibt es noch keine gesellschaftlich breit abgest\u00fctzte Bewegung, die sich f\u00fcr das Ende der Wegwerfmentalit\u00e4t und -kultur einsetzt. Dabei gibt es viele Initiativen und Alternativen:<br \/>\n&#8211; Mehrweg statt Einweg<br \/>\n&#8211;\u00a0Klasse statt Masse &#8211; langlebige G\u00fcter statt Massenware<br \/>\n&#8211; Tauschen und teilen snatatt kaufen und besitzen<br \/>\n&#8211; Langlebigkeit: Renovieren und sanieren statt &#8222;Abri\u00df und neu&#8220;<br \/>\n&#8211; \u00d6kologisches Grundeinkommen, finanziert \u00fcber die Besteuerung des &#8222;Umweltverbrauchs&#8220;<br \/>\n&#8211; Gemeinschaftliches Eigentum \u00fcber Genossenschaften<br \/>\n&#8211; Nachhaltiger Konsum mit fairem Handel<\/p>\n<p class=\"mceTemp\"><strong>Weltersch\u00f6pfungstag (Earth Overshoot Day) in 2012 bereits am\u00a022. August<\/strong><\/p>\n<p class=\"mceTemp\">Der Tag, an dem die nat\u00fcrlichen Ressourcen eines Tages theoretisch aufgebraucht sind, fiel 1992 auf den 21.Oktober. Im Jahr 2012 war dieser &#8222;Weltersch\u00f6pfungstag&#8220; bereits am 22. August. Damit wurde die Gesamtleistung der Natur auf unserem Planeten im Jahr 2012 in weniger als neun Monaten aufgebraucht. Ab dem 22. August \u00fcbersteigt der \u00d6kologische Fu\u00dfabdruck der Menschheit die Biokapazit\u00e4t der Erde. \u201eDie Menschheit nimmt sich dann mehr von der Erde als diese j\u00e4hrlich an nat\u00fcrlichen Ressourcen erneuern und an Treibhausgasen aufnehmen kann\u201c, so die Umweltorganisationen WWF, GLOBAL 2000 und Greenpeace.<strong>\u00a0<\/strong>Die Beanspruchung ist gr\u00f6\u00dfer als der Nachschub, man spricht man von einem Overshoot, also einer \u00f6kologischen \u00dcberschuldung. Die Menschheit lebt ab dem 22. August bis zum Jahresende 2012 auf Pump, d.h. \u00fcber ihre Verh\u00e4ltnisse.<br \/>\n1.9.2012, <a href=\"https:\/\/www.wwf.at\/de\/overshoot-day-2012\/\">https:\/\/www.wwf.at\/de\/overshoot-day-2012\/<\/a><\/p>\n<p>Das Global Footprint Network berechnet j\u00e4hrlich die auf der Erde verf\u00fcgbare Biokapazit\u00e4t &#8211; das Potenzial der Natur &#8211; und stellt es dem \u00d6kologischen Fu\u00dfabdruck (Footprint) gegen\u00fcber &#8211; dem Ma\u00df f\u00fcr die menschliche Inanspruchnahme der Naturleistungen. \u201eWenn in weniger als neun Monaten das gesamte Jahreseinkommen verbraucht wird, sollten die Alarmglocken l\u00e4ngst Sturm l\u00e4uten\u201c, sagt Wolfgang Pekny, Gesch\u00e4ftsf\u00fchrer der Plattform Footprint, und warnt \u201eNoch immer ist der Weltersch\u00f6pfungstag ein wichtiges Datum, von dem kaum jemand Notiz nimmt.\u201c Footprintrechner<\/p>\n<ul>\n<li><a href=\"https:\/\/www.umweltschulen.de\/net\/footprintrechner.html\">https:\/\/www.umweltschulen.de\/net\/footprintrechner.html<\/a>\u00a0Viele Adressen und Links<\/li>\n<li><span style=\"text-decoration: underline;\"><a href=\"https:\/\/www.footprintnetwork.org\/\">https:\/\/www.footprintnetwork.org\/<\/a><\/span>\u00a0\u00a0Website von Earth Day Network und Redefining Progress.\u00a0Mehrsprachig.<\/li>\n<li><a href=\"https:\/\/www.footprintrechner.at\/\">www.footprintrechner.at\/<\/a><\/li>\n<li><a href=\"https:\/\/www.footprint.at\">www.footprint.at<\/a><\/li>\n<li><a href=\"https:\/\/www.footprint-deutschland.de\">www.footprint-deutschland.de<\/a> &#8211; BUND Jugend<\/li>\n<li><a href=\"https:\/\/www.latschlatsch.de\/\">www.latschlatsch.de\/<\/a> Informationen zum \u00f6kologischen Fu\u00dfabdruck und M\u00f6glichkeit zur Berechnung<\/li>\n<li><a href=\"https:\/\/www.ecologicalfootprint.org\/\">www.ecologicalfootprint.org\/<\/a><\/li>\n<li><span style=\"text-decoration: underline;\"><a href=\"https:\/\/www.footprintnetwork.org\/\">www.footprintnetwork.org\/<\/a><\/span><\/li>\n<li><a href=\"https:\/\/www.footprint.ch\/\">www.footprint.ch\/<\/a> (Deutsch, Franz\u00f6sisch und Italienisch). Ein Online-Tool des WWF Schweiz<\/li>\n<li>Virtuelles Wasser, gut versteckt im Einkaufskorb: <a href=\"https:\/\/www.virtuelles-wasser.de\/wasserfussabdruck.html\">www.virtuelles-wasser.de\/wasserfussabdruck.html<\/a><\/li>\n<li>Fl\u00e4chenhafter Fu\u00dfabdruck: <a href=\"https:\/\/www.mein-fussabdruck.at\/footprint\/info\">www.mein-fussabdruck.at\/footprint\/info<\/a><\/li>\n<li>Der CO2 &#8211; Fussabdruck wird aktuell genauer berechnet, Erfahrungen, Erkenntnisse und Empfehlungen unter <a href=\"https:\/\/www.pcf-projekt.de\/main\/results\/results-reports\">www.pcf-projekt.de\/main\/results\/results-reports<\/a>.<\/li>\n<li>Gewicht: <a href=\"https:\/\/de.wikipedia.org\/wiki\/\u00d6kologischer_Rucksack\">https:\/\/de.wikipedia.org\/wiki\/%c3%96kologischer_Rucksack<\/a><\/li>\n<li><a href=\"https:\/\/www.wwf.ch\/de\/tun\/tipps_fur_den_alltag\/footprintrechner\/footprint_wwf_schweiz\/\">ww.wwf.ch\/de\/tun\/tipps_fur_den_alltag\/footprintrechner\/footprint_wwf_schweiz\/<\/a> (Deutsch, Franz\u00f6sisch, Italienisch)<\/li>\n<\/ul>\n","protected":false},"excerpt":{"rendered":"<p>Home &gt;Zukunft &gt;Kultur &gt;Wegwerfkultur Listenauswahl eines Beitrags (Artikel\/Datum, Seite\/Inhalt):\u00a0Klicken\u00a0oder scrollen Genossenschaften: Biog\u00e4rtnerei Piluweri H\u00fcgelheim \u2013 Glaskiste Freiburg\u00a0(21.2.2026) Letzte Generation: Blockade B31\u00a0(7.2.2022) Der Weg zu fairen \u00d6ko-Jeans \u2013 Textilproduktion- und handel\u00a0(11.9.2021) Kleiderwahn f\u00fchrt zum \u201eKollaps des Systems\u201c: 60 Klamotten pro Kopf &hellip; <a href=\"https:\/\/www.freiburg-schwarzwald.de\/blog\/kultur\/wegwerfkultur\/\">Weiterlesen <span class=\"meta-nav\">&rarr;<\/span><\/a><\/p>\n","protected":false},"author":4,"featured_media":0,"parent":30,"menu_order":0,"comment_status":"open","ping_status":"closed","template":"","meta":{"footnotes":""},"class_list":["post-16486","page","type-page","status-publish","hentry"],"_links":{"self":[{"href":"https:\/\/www.freiburg-schwarzwald.de\/blog\/wp-json\/wp\/v2\/pages\/16486","targetHints":{"allow":["GET"]}}],"collection":[{"href":"https:\/\/www.freiburg-schwarzwald.de\/blog\/wp-json\/wp\/v2\/pages"}],"about":[{"href":"https:\/\/www.freiburg-schwarzwald.de\/blog\/wp-json\/wp\/v2\/types\/page"}],"author":[{"embeddable":true,"href":"https:\/\/www.freiburg-schwarzwald.de\/blog\/wp-json\/wp\/v2\/users\/4"}],"replies":[{"embeddable":true,"href":"https:\/\/www.freiburg-schwarzwald.de\/blog\/wp-json\/wp\/v2\/comments?post=16486"}],"version-history":[{"count":4,"href":"https:\/\/www.freiburg-schwarzwald.de\/blog\/wp-json\/wp\/v2\/pages\/16486\/revisions"}],"predecessor-version":[{"id":146029,"href":"https:\/\/www.freiburg-schwarzwald.de\/blog\/wp-json\/wp\/v2\/pages\/16486\/revisions\/146029"}],"up":[{"embeddable":true,"href":"https:\/\/www.freiburg-schwarzwald.de\/blog\/wp-json\/wp\/v2\/pages\/30"}],"wp:attachment":[{"href":"https:\/\/www.freiburg-schwarzwald.de\/blog\/wp-json\/wp\/v2\/media?parent=16486"}],"curies":[{"name":"wp","href":"https:\/\/api.w.org\/{rel}","templated":true}]}}