{"id":16450,"date":"2012-11-29T10:12:03","date_gmt":"2012-11-29T09:12:03","guid":{"rendered":"https:\/\/www.freiburg-schwarzwald.de\/blog\/?page_id=16450"},"modified":"2025-12-16T14:25:50","modified_gmt":"2025-12-16T13:25:50","slug":"pumpspeicher","status":"publish","type":"page","link":"https:\/\/www.freiburg-schwarzwald.de\/blog\/energie\/pumpspeicher\/","title":{"rendered":"Pumpspeicher"},"content":{"rendered":"<p>Home &gt;<a title=\"Energie\" href=\"https:\/\/www.freiburg-schwarzwald.de\/blog\/energie\/\">Energie<\/a> &gt;<a href=\"https:\/\/www.freiburg-schwarzwald.de\/blog\/energie\/wasserkraft\/\">Wasserkraft<\/a> &gt;<a href=\"https:\/\/www.freiburg-schwarzwald.de\/blog\/energie\/strom\/\">Strom<\/a> &gt;Pumpspeicher<\/p>\n<div id=\"attachment_15649\" style=\"width: 647px\" class=\"wp-caption alignnone\"><a href=\"https:\/\/www.freiburg-schwarzwald.de\/blog\/selbsthilfe\/krise\/konflikte\/schauinsland6bergstation-pan121115\/\" rel=\"attachment wp-att-15649\"><img loading=\"lazy\" decoding=\"async\" aria-describedby=\"caption-attachment-15649\" class=\"size-full wp-image-15649\" title=\"schauinsland6bergstation-pan121115\" src=\"https:\/\/www.freiburg-schwarzwald.de\/blog\/wp-content\/uploads\/2012\/11\/schauinsland6bergstation-pan121115.jpg\" alt=\"\" width=\"637\" height=\"237\" srcset=\"https:\/\/www.freiburg-schwarzwald.de\/blog\/wp-content\/uploads\/2012\/11\/schauinsland6bergstation-pan121115.jpg 637w, https:\/\/www.freiburg-schwarzwald.de\/blog\/wp-content\/uploads\/2012\/11\/schauinsland6bergstation-pan121115-180x66.jpg 180w\" sizes=\"auto, (max-width: 637px) 100vw, 637px\" \/><\/a><p id=\"caption-attachment-15649\" class=\"wp-caption-text\">Blick von der Bergstation am Schauinsland nach Westen \u00fcber den Rheintalnebel zu den Vogesen am 15.11.2012<\/p><\/div>\n<ul>\n<li><a href=\"https:\/\/www.freiburg-schwarzwald.de\/blog\/wasserkraftwerk-zweribach-tot\/\">Wasserkraftwerk Zweribach: tot<\/a>\u00a0(13.8.2021)<\/li>\n<li>Rendite contra Pumpspeicher &#8211; Umwelt kostet eben (21.1.2015)<\/li>\n<li>RWE steigt aus Pumpspeicher Atdorf aus (30.4.2014)<\/li>\n<li>Ausgleichfl\u00e4chen f\u00fcr\u00a0Speicherwerk gesucht (24.3.2014)<\/li>\n<li><a href=\"https:\/\/www.freiburg-schwarzwald.de\/blog\/ch-speicher-fuer-d-oekostrom\/\">https:\/\/www.freiburg-schwarzwald.de\/blog\/ch-speicher-fuer-d-oekostrom\/<\/a> (12.2.2014)<\/li>\n<li><a href=\"https:\/\/www.freiburg-schwarzwald.de\/blog\/solarstrom-gratis-an-schweiz\/\">https:\/\/www.freiburg-schwarzwald.de\/blog\/solarstrom-gratis-an-schweiz\/<\/a>\u00a0(13.8.2013)<\/li>\n<li><a href=\"https:\/\/www.freiburg-schwarzwald.de\/blog\/el-hierro-windkraft-und-psw\/\">https:\/\/www.freiburg-schwarzwald.de\/blog\/el-hierro-windkraft-und-psw\/<\/a>\u00a0(19.5.2013)<\/li>\n<li><a href=\"https:\/\/www.freiburg-schwarzwald.de\/blog\/pumpspeicherwerk-hotzenwald\/\">https:\/\/www.freiburg-schwarzwald.de\/blog\/pumpspeicherwerk-hotzenwald\/<\/a>\u00a0(27.4.2013)<\/li>\n<li>Pumpspeicherkraftwerke arbeiten zunehmend unrentabel (27.4.2013)<\/li>\n<li>Runter Tisch Atdorf &#8211; Abschlussbericht ohne Ergebnis (2.4.2013)<\/li>\n<li>Fr\u00fcher\u00a0AKW-Gl\u00e4ubigkeit, nun WKA und PV-Gl\u00e4ubigkeit (29.11.2012)<\/li>\n<li><a href=\"https:\/\/www.freiburg-schwarzwald.de\/lenzkirch3.htm#Idee: Stausee im hinteren M\u00fchlingertal zwischen Falkenmatten und Falkau\">Idee: Stausee im M\u00fchlingertal zwischen Falkenmatten und Falkau<\/a> &gt;Lenzkirch3 (16.3.12)<\/li>\n<li><a href=\"https:\/\/www.freiburg-schwarzwald.de\/strom2.htm#Hochspannungsnetz - regionale Verteilnetze - Ortsnetze - Netzknoten\">Hochspannungsnetz &#8211; regionale Verteilnetze &#8211; Ortsnetze &#8211; Netzknoten<\/a> &gt;Strom2 (11.1.2012)<\/li>\n<li><a href=\"https:\/\/www.freiburg-schwarzwald.de\/pumpspeicherkraftwerk#Der Streit um Atdorf ? Gut, dass wir geredet haben\">Der Streit um Atdorf \u2013 Gut, dass wir geredet haben<\/a> &gt;Pumpspeicherkraftwerk (23.11.11)<\/li>\n<li><a href=\"https:\/\/www.freiburg-schwarzwald.de\/pumpspeicherkraftwerk#Offener Brief der Hotzenwald-Gr\u00fcnen an MP Kretschmann\">Offener Brief der Hotzenwald-Gr\u00fcnen an MP Kretschmann<\/a> &gt;Pump (29.9.2011)<\/li>\n<li><a href=\"https:\/\/www.freiburg-schwarzwald.de\/pumpspeicherkraftwerk.htm#Umweltminister Untersteller: Ja zum Pumpspeicher am Hochrhein\">Umweltminister Untersteller: Ja zum Pumpspeicher am Hochrhein<\/a> &gt;Pumpspeicherwerk (21.9.11)<\/li>\n<li><a href=\"https:\/\/www.freiburg-schwarzwald.de\/pumpspeicherkraftwerk.htm#Projekt Atdorf: Ab wann sind zus\u00e4tzliche Speicher erforderlich\">Projekt Atdorf: Ab wann sind zus\u00e4tzliche Speicher erforderlich?<\/a> &gt;Pumpspeicherkraftwerk (18.8)<\/li>\n<li><a href=\"https:\/\/www.freiburg-schwarzwald.de\/pumpspeicherkraftwerk#Atdorf ist keine Atomstrombatterie\">Atdorf ist keine Atomstrombatterie?<\/a> &gt;Pumpspeicherkraftwerk (31.5.2011)<\/li>\n<li><a href=\"https:\/\/www.freiburg-schwarzwald.de\/pumpspeicherkraftwerk#Schlacht um ein gigantisches Speicherwerk im Schwarzwald\">Schlacht um ein gigantisches Speicherwerk im Schwarzwald<\/a> (5.8.2010)<\/li>\n<li><a href=\"https:\/\/www.freiburg-schwarzwald.de\/pumpspeicherkraftwerk.htm#Fast 1000 Einspr\u00fcche gegen Kraftwerk Atdorf\">Fast 1000 Einspr\u00fcche gegen Kraftwerk Atdorf<\/a> &gt;Pumpspeicherkraftwerk (1.6.2010)<\/li>\n<li><a href=\"https:\/\/www.freiburg-schwarzwald.de\/pumpspeicherkraftwerk.htm#Klares Nein des Schwarzwaldvereins zum Milliardenprojekt\">Klares Nein des Schwarzwaldvereins zum Milliardenprojekt<\/a> &gt;Pumpspeicherkraftwerk (30.4.2010)<\/li>\n<li><a href=\"https:\/\/www.freiburg-schwarzwald.de\/pumpspeicherkraftwerk.htm#Abhaue\">Abhaue?<\/a> &gt;Pumpspeicherkraftwerk (21.3.2010)<\/li>\n<li><a href=\"https:\/\/www.freiburg-schwarzwald.de\/pumpspeicherkraftwerk.htm#Kraftwerk soll 2019 in Betrieb gehen - Diskussionen\">Kraftwerk soll 2019 in Betrieb gehen &#8211; Diskussionen<\/a> &gt;Pumpspeicherkraftwerk (4.2.2010)<\/li>\n<li><a href=\"https:\/\/www.freiburg-schwarzwald.de\/bio-wasserstoff.htm#Von der Stromwirtschaft zur solaren Wasserstoffwirtschaft\">Von der Stromwirtschaft zur solaren Wasserstoffwirtschaft<\/a> &gt;Bio-Wasserstoff (26.7.2009)<\/li>\n<li><a href=\"https:\/\/www.freiburg-schwarzwald.de\/energiepolitik4.htm#Lizenz zum Abzocken - Teure Trickserei beim Schluchseewerk-Stromnetz\">Lizenz zum Abzocken &#8211; Teure Trickserei beim Schluchseewerk-Stromnetz<\/a> &gt;Energie4 (29.6.09)<\/li>\n<li><a href=\"https:\/\/www.freiburg-schwarzwald.de\/pumpspeicherkraftwerk.htm#Am Schluchsee zeigt sich, warum Wind- nicht zu Atomkraft passt\">Am Schluchsee zeigt sich, warum Wind- nicht zu Atomkraft passt<\/a> &gt;Pumpspeicher (22.10.08)<\/li>\n<li><a href=\"https:\/\/www.freiburg-schwarzwald.de\/pumpspeicherkraftwerk.htm#Hornbergbecken II-Infos f\u00fcr Herrischried und Rickenbach\">Hornbergbecken II-Infos f\u00fcr Herrischried und Rickenbach<\/a> &gt;Pumpspeicherkraftwerk (15.10.08)<\/li>\n<li><a href=\"https:\/\/www.freiburg-schwarzwald.de\/pumpspeicherkraftwerk.htm#Regenerativ wie auch atomar erzeugter Strom wird gespeichert\">Regenerativ wie auch atomar erzeugter Strom wird gespeichert<\/a> &gt;Pumpspeicherkraftwerk (8.10.)<\/li>\n<li><a href=\"https:\/\/www.freiburg-schwarzwald.de\/wehratal.htm#B\u00fcrgermeister Michael Thater von Wehr zum neuen Pumpspeicherkraftwerk\">B\u00fcrgermeister Michael Thater von Wehr zum neuen Pumpspeicherkraftwerk<\/a> &gt;Wehratal (2.10.08)<\/li>\n<li><a href=\"https:\/\/www.freiburg-schwarzwald.de\/pumpspeicherkraftwerk#Strom auf Pump\">Strom auf Pump<\/a> (1.10.2008)<\/li>\n<li><a href=\"https:\/\/www.freiburg-schwarzwald.de\/herrischried1.htm#Christof Berger und Norbert Moosmann zum zweiten Hornbergbecken\">Christof Berger und Norbert Moosmann zum zweiten Hornbergbecken<\/a> &gt;Herrischried1 (1.10.2008)<\/li>\n<li><a href=\"https:\/\/www.freiburg-schwarzwald.de\/pumpspeicherkraftwerk#Wie eine Batterie f\u00fcrs Stromnetz: Energie speichern zum Ausgleich\">Wie eine Batterie f\u00fcrs Stromnetz: Energie speichern zum Ausgleich<\/a> (30.9.2008)<\/li>\n<li><a href=\"https:\/\/www.freiburg-schwarzwald.de\/hornbergbecken.htm#Einzig m\u00f6glicher Standort f\u00fcr Umsetzung des Jahrhundertprojekts\">Einzig m\u00f6glicher Standort f\u00fcr Umsetzung des Jahrhundertprojekts<\/a> &gt;Hornbergbecken (30.9.2008)<\/li>\n<li><a href=\"https:\/\/www.freiburg-schwarzwald.de\/pumpspeicherkraftwerk.htm#Neues Wasserkraftwerk im Hotzenwald\">Neues Wasserkraftwerk im Hotzenwald<\/a> (29.9.2008)<\/li>\n<li><a href=\"https:\/\/www.freiburg-schwarzwald.de\/pumpspeicherkraftwerk.htm#Schluchseewerk baut f\u00fcr 700 Mio Euro neues Kraftwerk mit zwei Stauseen\">Schluchseewerk baut f\u00fcr 700 Mio Kraftwerk mit zwei Stauseen<\/a> &gt;Pumpspeicherkraftwerk (27.9.08)<\/li>\n<li><\/li>\n<li><a href=\"https:\/\/www.schluchseewerk.de\">https:\/\/www.schluchseewerk.de<\/a>\u00a0Homepage des neuen Kraftwerks<\/li>\n<li><a href=\"https:\/\/www.freiburg-schwarzwald.de\/hornbergbecken.htm\">Hornbergbecken I (alt) und II (neu)<\/a> &gt;Hornbergbecken<\/li>\n<li><a href=\"https:\/\/www.freiburg-schwarzwald.de\/bio-wasserstoff.htm\">Wasserstoffwirtschaft<\/a> &gt;Bio-Wasserstoff<\/li>\n<li><a href=\"https:\/\/www.freiburg-schwarzwald.de\/blog\/regio\/orte\/schluchsee\/\">Schluchsee<\/a><\/li>\n<li><a href=\"https:\/\/www.freiburg-schwarzwald.de\/blog\/regio\/see\/schluchsee-stausee\/\">Schluchsee-Stausee<\/a><\/li>\n<li><a href=\"https:\/\/www.freiburg-schwarzwald.de\/blog\/energie\/strom\/stromspeicher\/\">Stromspeicher<\/a><\/li>\n<\/ul>\n<p>&nbsp;<\/p>\n<p><strong>Rendite contra Pumpspeicher &#8211; Umwelt kostet eben<\/strong><br \/>\nDer Artikel bezieht sich auf die umweltfreundliche 100-Prozent-Stromversorgung der Kanaren-Insel El Hierro durch Windkraft und die Technologie der Pumpspeicherkraftwerke. Die Technik der Pumpspeicherkraftwerke eignet sich praktischerweise sowohl zum Ausgleich unterschiedlichen Stromverbrauchs auf der Verbraucherseite als auch zum Ausgleich unterschiedlicher Stromangebote durch die erneuerbaren Energien Wind und Sonne. Die Technik ist seit Jahrzehnten erprobt (zum Beispiel Schluchseewerke), hat aber an Wirtschaftlichkeit eingeb\u00fc\u00dft, weil die Verbrauchsspitze um die Mittagszeit (da wurde das meiste Geld verdient) teils durch die Solarkraft abgedeckt wird, die ebenfalls um die Mittagszeit ihre gr\u00f6\u00dfte Leistungsf\u00e4higkeit hat.<br \/>\nDie gegen\u00fcber fr\u00fcher etwas geringere Rendite ist der Hauptgrund daf\u00fcr, dass diese Technik der Stromspeicherung so z\u00f6gernd vorankommt. F\u00fcr die meisten Investoren ist es offensichtlich nicht zumutbar, auf etwas Rendite zu verzichten, &#8222;nur&#8220; weil es unserer Umwelt zugute k\u00e4me. Lieber investiert man wieder in schmutzige fossile Energien, und sogar die risikoreichste Art der Energieerzeugung, die Atomenergie, wird wieder ins Spiel gebracht.<br \/>\n21.1.2015, Peter Eberle, Freiburg<br \/>\n<a href=\"https:\/\/www.badische-zeitung.de\/ausland-1\/das-gruene-eiland--98075873.html\">https:\/\/www.badische-zeitung.de\/ausland-1\/das-gruene-eiland&#8211;98075873.html<\/a><\/p>\n<p>&nbsp;<\/p>\n<p><strong>RWE steigt aus Pumpspeicher Atdorf aus<\/strong><br \/>\nAm Hochrhein soll eines der gr\u00f6\u00dften Pumpspeicherwerke Europas entstehen, Bauherrin ist die Schluchseewerk AG. Das Geld f\u00fcr den Bau sollte von deren beiden Aktion\u00e4ren RWE aus Essen und EnBW aus Karlsruhe kommen. Nun hat sich einer der beiden Partner kurz vor Abschluss der Planungsphase \u2013 aktuell l\u00e4uft das Planfeststellungsverfahren \u2013 verabschiedet. Nach Sch\u00e4tzung von Experten haben beiden Aktion\u00e4re zusammen schon gute 70 Millionen investiert, rund zehn Millionen sind noch n\u00f6tig, um die Planungen abzuschlie\u00dfen. &#8230;.<br \/>\nAlles vom 30.4.2014 bitte lesen auf<br \/>\n<a href=\"https:\/\/www.badische-zeitung.de\/pumpspeicherwerk-atdorf-rwe-bestaetigt-ausstieg\">https:\/\/www.badische-zeitung.de\/pumpspeicherwerk-atdorf-rwe-bestaetigt-ausstieg<\/a><\/p>\n<p><strong>Der linksgr\u00fcne demagogische Druck<\/strong><br \/>\nDie Energiewende ist ja eine kopflose Angelegenheit, die vor allem von Wunschdenken gespeist wird. Technisch-naturwissenschaftliche, marktwirtschaftlich-\u00f6konomische, vieleicht sogar \u00f6kologische Grunds\u00e4tze werden ignoriert. Aufgrund des linksgr\u00fcnen demagogischen Drucks scheint dies alternativlos zu sein. Spannend was dabei herauskommt.<br \/>\n1.5.2014, Berthold Metzler<\/p>\n<p>&nbsp;<\/p>\n<p><strong>Ausgleichfl\u00e4chen f\u00fcr\u00a0Speicherwerk gesucht<\/strong><\/p>\n<p>Das 2008 begonnene Projekt der Schluchseewerk AG, die eine Tochter des Energieversorgers EnBW ist, ist seit 2012 in der Planfeststellung.<br \/>\nTrotz der Unsicherheit, ob das bei Atdorf geplante Pumpspeicherkraftwerk\u00a0jemals gebaut wird, f\u00fchren die Schluchseewerk AG als Betreiber das Planfeststellungsverfahren f\u00fcr das Projekt fort. Daf\u00fcr werden im Schwarzwald zus\u00e4tzliche \u00f6kologische Ausgleichsfl\u00e4chen gesucht: Biotope, die durch das Pumpspeicherkraftwerk verschwinden, sind zu ersetzen &#8211; so Projektleiter Michael Fink am 25.3.2014.\u00a0Beispiele: Hainsimsen-Buchenwald, Borstgrasrasen und Niedermoore. Hierf\u00fcr werden\u00a0entsprechende Fl\u00e4chen gesucht in den Landkreisen Waldshut, L\u00f6rrach und Breisgau-Hochschwarzwald.<br \/>\nDas Schluchseewerk hat laut Fink \u00a0bereits rund 800 Hektar an Kompensationsfl\u00e4chen bestimmt. Mit der weiteren Suche nach den ben\u00f6tigten Fl\u00e4chen wurde ein Umweltplanungsb\u00fcro in M\u00fcnchen beauftragt.<br \/>\nF\u00fcr die k\u00fcnftige Nutzung der Ausgleichsfl\u00e4chen gibt es drei Modelle:<br \/>\n&#8211; Erwerb durch die Schluchseewerk AG<br \/>\n&#8211; Langfristige Nutzungsvertr\u00e4ge oder<br \/>\n&#8211; Pflegevertr\u00e4ge<br \/>\nIn Abstimmung mit den Naturschutzbeh\u00f6rden des Regierungspr\u00e4sidiums Freiburg werden die\u00a0Schutz- bzw.\u00a0 Pflegema\u00dfnahmen auf diesen Fl\u00e4chen festgelegt.<br \/>\n24.3.2014<\/p>\n<p>&nbsp;<\/p>\n<p>&nbsp;<\/p>\n<p><strong>Pumpspeicherkraftwerke arbeiten zunehmend unrentabel<\/strong><\/p>\n<p>Die Leistungskapazit\u00e4t von Solarmodulen, Biomasseanlagen, Wasserkraftwerken\u00a0und Windparks zur Erzeugung von Strom sind in den zur\u00fcckliegenden Jahren um zweistellige Prozentbereiche gestiegen, mit dem Netz- und Speicherausbau ging es kaum voran. Auch Pumpspeicherkraftwerke werden kaum gebaut &#8211; obgleich die Idee genial ist: Nachts bei geringer Stromnachfrage dr\u00fccken die Pumpen Wasser vom Unterbecken ins Oberbecken. Bei gro\u00dfem Strombedarf tags\u00fcber l\u00e4\u00dft man das Wasser wieder durch Turbinen runterschiessen, die \u00fcber 100 Megawatt ins Stromnetz einspeisen und das Netz somit auch zu Spitzenzeiten stabil halten. Solange die Preisdifferenz zwischen teurem Spitzenlaststrom und billigem Nachtstrom (auch Spread genannt) hoch war,\u00a0waren die Pumpspeicher sehr rentabel: Der Spread betrug zumeist \u00fcber 6 Cent\/Kilowattstunde , im Jahr 2008 sogar weit \u00fcber 10 Cent\/kWh. Der Spread erm\u00f6glichte es, Betriebskosten zu decken, Kredite abzuzahlen und einen Gewinn auszusch\u00fctten.<br \/>\nMit der Verbreitung der erneuerbaren Energien hat sich die Rentabilit\u00e4t der Pumpspeicher grundlegend gewandelt &#8211; und zwar in dreifacher Hinsicht:<br \/>\n(1) Mit der Verbreitung der Fotovoltaik-Anlagen auf den D\u00e4chern \u00a0kann die Stromverbrauchsspitze zur Mittagszeit am sonnigen Tagen mit Sonnenstrom gedeckt werden. Der Strompreis steigt nicht mehr, der Spread wird negativ. Pumpspeicher werden nur\u00a0noch im Winter und an verregneten Tagen gebraucht.<br \/>\n(2) Die Netzentgelte, die Pumpspeicherkraftwerke f\u00fcr die den Biligstrom zum Antreiben der Pumpen zahlen m\u00fcssen, steigen stetig an. In Ostdeutschland sind 2 Cent\/kWh zu zahlen, in \u00d6sterreich hingegen nur 0.3 Cent\/kWh. Diese Entgelte sind zuweilen h\u00f6her als der Spread.<br \/>\n(3) Die Computerberechnungen zum Ausgleichen pl\u00f6tzlicher Schwankungen von Stromangebot und -nachfrage werden immer genauer und komplexer &#8211; beziehen also immer mehr regionale Stromkunden mit ein.\u00a0 Die Folge: Mit Regelenergie l\u00e4\u00dft sich immer weniger Geld verdienen.<\/p>\n<p>Wer nun glaubt, man k\u00f6nne auf Pumpspeicherkraftwerke verzichten und alles sei gut, der irrt gewaltig:<br \/>\nEinserseits sollte mit der Energiewende der Klimaschutz beg\u00fcnstigt werden. Schlie\u00dflich \u00fcbertrifft die installierte Leistung der Solaranlagen\u00a0auf deutschen D\u00e4chern die der Kohlekraftwerke. Andererseits flie\u00dft aber im Netz immer noch zehnmal so viel Kohle- wie Solarstrom Wobei der Kohlestromanteil seit 2011 zunahm und 2012 sogar f\u00fcr einem Stromexportboom f\u00fchrte. Offshore-Windkraft und Netzausbau stagnieren, CO2-Emissionszertifikate sind so bilig wie noch nie und eine Kooperation ins Sachen europ\u00e4ischer Erneuerbare-Energien-Kooperation ist Fehlanzeige.<br \/>\n27.4.2013<\/p>\n<p>&nbsp;<\/p>\n<p><strong>Runter Tisch Atdorf &#8211; Abschlussbericht ohne Ergebnis<br \/>\n<\/strong><br \/>\nB\u00fcrgerbeteiligung ist kein Allheilmittel. Das hat der Abschlussbericht zum &#8222;Runden Tisch&#8220; zum Pumpspeicherkraftwerk in Atdorf gezeigt. Die Fronten haben sich eher noch verh\u00e4rtet. &#8222;Der Dialogprozess hat die Positionen zum Neubau-Projekt nicht ver\u00e4ndert&#8220;, hei\u00dft es im <a title=\"\" href=\"https:\/\/dpaq.de\/pharb\" target=\"_blank\" rel=\"noopener\">Abschlussbericht &#8222;Runder Tisch Atdorf&#8220;<\/a>, den das Umweltministerium am Dienstag im Internet ver\u00f6ffentlichte. &#8230;. Alles vom 2.4.2013 bitte lesen auf<br \/>\n<a href=\"https:\/\/www.badische-zeitung.de\/runder-tisch-atdorf-litt-unter-hohen-erwartungen\">https:\/\/www.badische-zeitung.de\/runder-tisch-atdorf-litt-unter-hohen-erwartungen<\/a><\/p>\n<p><strong>Haufen Geld und Arbeitszeit verschwendet<\/strong><br \/>\nHaha, gut dass wir dar\u00fcber geredet haben! Es wurde also ein Haufen Geld und Arbeitszeit f\u00fcr eine vollkommen sinnlose Laberrunde verschwendet, die absolut Nichts gebracht hat. Super Sache! Deutschland schafft sich ab!<br \/>\n3.4.2013, David Nussbaum<\/p>\n<p><a title=\"Dagegen-Sein und Zeitgeist\" href=\"https:\/\/www.freiburg-schwarzwald.de\/blog\/dagegen-sein-und-zeitgeist\/\"><strong>Dagegensein<\/strong><br \/>\n<\/a>Mir fiel gerade eine Werbung ein: &#8222;Wasserkraft wollt Ihr nicht, Windkraft wollt Ihr nicht, Atomkraft wollt Ihr nicht &#8230; was wollt Ihr denn ? &#8230; MAOAM !<br \/>\n3.4.2013, Peter Scholl<\/p>\n<div><strong>Alles nichts<\/strong><br \/>\nWasserkraft ist zu flussfeindlich, Kohle ist zu dreckig, Atomkraft zu Atom, Windkraft st\u00f6rt die V\u00f6gel, Solaranlagen nehmen den Maulw\u00fcrfen die Sonne, Geothermie ist eine Gefahr f\u00fcr das Grundwasser,\u00a0 Menschen sto\u00dfen beim Fahrrad fahren CO2 aus, hab ich was vergessen? Ach ja, Biogas braucht Nahrungsmittel und Rinderk***e, die woanders besser aufgehoben w\u00e4re&#8230;<br \/>\n3.4.2012, PP<\/div>\n<p>&nbsp;<\/p>\n<p><strong>Fr\u00fcher AKW-Gl\u00e4ubigkeit, nun WKA und PV-Gl\u00e4ubigkeit<br \/>\n<\/strong><br \/>\n1980 begann das Waldsterben &#8211; binnen weniger Jahre sollte kein Baum mehr stehen. 2003 wurde das Waldsterben von Renate K\u00fcnast (damals gr\u00fcne Bundeslandwirtschaftministerin) dann f\u00fcr beendet erkl\u00e4rt. Vermutlich mu\u00dfte mehr Platz f\u00fcr die Klimakatastrophe geschaffen werden. Bin mal gespannt, wie lange es noch dauert bis auch dieser Weltuntergang wieder abgeblasen wird. Aber bis dahin werden noch quadratkilometerweise PV hinzukommen und tausende weiterer ineffizienter Windspargel gebaut sein. Und nachdem der deutsche Verbraucher zum Wohle der ganzen Welt abermilliarden an Euro f\u00fcr den Aufbau bezahlt hat wird er dann weitere Milliarden f\u00fcr den R\u00fcckbau der ganzen Sch&#8230; bezahlen d\u00fcrfen. Mal ganz davon abgesehen, dass die Rotorbl\u00e4tter und andere Bauteile ein paar duzend Deponien mit Sonderm\u00fcll f\u00fcllen werden. Und wie immer werden bis dahin hunderte heutiger Experten an Generalamnesie leiden.<br \/>\nIm Grunde ist die <a title=\"Wind\" href=\"https:\/\/www.freiburg-schwarzwald.de\/blog\/energie\/wind\/\">WKA<\/a>-und <a title=\"Solar\" href=\"https:\/\/www.freiburg-schwarzwald.de\/blog\/energie\/solar\/\">PV<\/a>-Gl\u00e4ubigkeit genauso dumm, wie die <a title=\"AKW\" href=\"https:\/\/www.freiburg-schwarzwald.de\/blog\/energie\/akw\/\">Atomgl\u00e4ubigkeit<\/a> der Sechziger und Siebziger. Damals haben sie die Abfall und Strahlungsproblematik ignoriert und heute die Gesetze der Physik und des Wetters. Interessant ist dabei auch, nachdem nun nicht mehr zu \u00fcbersehen ist, dass es f\u00fcr volatile Stromerzeugung eigentlich Speicher bed\u00fcrfte, auf einmal in der Speichertechnik das Heil gesehen wird. W\u00e4re es m\u00f6glich Strom in gro\u00dfem Umfang zu speichern, w\u00fcrde dies l\u00e4ngst geschehen. Damit h\u00e4tten sich n\u00e4mlich schon in der Vergangenheit die Energieversorger eine goldene Nase verdienen k\u00f6nnen. Aber was schreib ich eigentlich? Wahrhaft Gl\u00e4ubige kann man nicht \u00fcberzeugen. Denn solange sich die einen mit Beteiligungsmodellen einen Ablassbrief, ein reines Gewissen und die Bewahrung vor dem Weltuntergang kaufen und die anderen eine volle Geldschatulle besorgen k\u00f6nnen, wird der Unfug weiter gehen. Das war schon bei einer anderen Glaubensrichtung im Mittelalter so. P.S: Im Dezember geht die Welt sowieso unter &#8211; auch mit Erneuerbaren Energien. Haben zumindest die Maya gesagt.<br \/>\n29.11.2012, Simon Thomas<\/p>\n","protected":false},"excerpt":{"rendered":"<p>Home &gt;Energie &gt;Wasserkraft &gt;Strom &gt;Pumpspeicher Wasserkraftwerk Zweribach: tot\u00a0(13.8.2021) Rendite contra Pumpspeicher &#8211; Umwelt kostet eben (21.1.2015) RWE steigt aus Pumpspeicher Atdorf aus (30.4.2014) Ausgleichfl\u00e4chen f\u00fcr\u00a0Speicherwerk gesucht (24.3.2014) https:\/\/www.freiburg-schwarzwald.de\/blog\/ch-speicher-fuer-d-oekostrom\/ (12.2.2014) https:\/\/www.freiburg-schwarzwald.de\/blog\/solarstrom-gratis-an-schweiz\/\u00a0(13.8.2013) https:\/\/www.freiburg-schwarzwald.de\/blog\/el-hierro-windkraft-und-psw\/\u00a0(19.5.2013) https:\/\/www.freiburg-schwarzwald.de\/blog\/pumpspeicherwerk-hotzenwald\/\u00a0(27.4.2013) Pumpspeicherkraftwerke arbeiten zunehmend unrentabel (27.4.2013) Runter Tisch Atdorf &hellip; <a href=\"https:\/\/www.freiburg-schwarzwald.de\/blog\/energie\/pumpspeicher\/\">Weiterlesen <span class=\"meta-nav\">&rarr;<\/span><\/a><\/p>\n","protected":false},"author":4,"featured_media":0,"parent":15,"menu_order":0,"comment_status":"open","ping_status":"closed","template":"","meta":{"footnotes":""},"class_list":["post-16450","page","type-page","status-publish","hentry"],"_links":{"self":[{"href":"https:\/\/www.freiburg-schwarzwald.de\/blog\/wp-json\/wp\/v2\/pages\/16450","targetHints":{"allow":["GET"]}}],"collection":[{"href":"https:\/\/www.freiburg-schwarzwald.de\/blog\/wp-json\/wp\/v2\/pages"}],"about":[{"href":"https:\/\/www.freiburg-schwarzwald.de\/blog\/wp-json\/wp\/v2\/types\/page"}],"author":[{"embeddable":true,"href":"https:\/\/www.freiburg-schwarzwald.de\/blog\/wp-json\/wp\/v2\/users\/4"}],"replies":[{"embeddable":true,"href":"https:\/\/www.freiburg-schwarzwald.de\/blog\/wp-json\/wp\/v2\/comments?post=16450"}],"version-history":[{"count":5,"href":"https:\/\/www.freiburg-schwarzwald.de\/blog\/wp-json\/wp\/v2\/pages\/16450\/revisions"}],"predecessor-version":[{"id":143006,"href":"https:\/\/www.freiburg-schwarzwald.de\/blog\/wp-json\/wp\/v2\/pages\/16450\/revisions\/143006"}],"up":[{"embeddable":true,"href":"https:\/\/www.freiburg-schwarzwald.de\/blog\/wp-json\/wp\/v2\/pages\/15"}],"wp:attachment":[{"href":"https:\/\/www.freiburg-schwarzwald.de\/blog\/wp-json\/wp\/v2\/media?parent=16450"}],"curies":[{"name":"wp","href":"https:\/\/api.w.org\/{rel}","templated":true}]}}