{"id":16333,"date":"2012-11-28T15:36:01","date_gmt":"2012-11-28T14:36:01","guid":{"rendered":"https:\/\/www.freiburg-schwarzwald.de\/blog\/?page_id=16333"},"modified":"2026-01-29T12:35:47","modified_gmt":"2026-01-29T11:35:47","slug":"laubwald","status":"publish","type":"page","link":"https:\/\/www.freiburg-schwarzwald.de\/blog\/natur\/wald\/laubwald\/","title":{"rendered":"Laubwald"},"content":{"rendered":"<p>Home &gt;<a title=\"Wald\" href=\"https:\/\/www.freiburg-schwarzwald.de\/blog\/natur\/wald\/\">Natur<\/a> &gt;<a title=\"Wald\" href=\"https:\/\/www.freiburg-schwarzwald.de\/blog\/natur\/wald\/\">Wald<\/a> &gt;Laubwald<\/p>\n<div id=\"attachment_14525\" style=\"width: 649px\" class=\"wp-caption alignnone\"><a href=\"https:\/\/www.freiburg-schwarzwald.de\/blog\/regio\/orte\/todtnau\/brandenberg1pan121025\/\" rel=\"attachment wp-att-14525\"><img loading=\"lazy\" decoding=\"async\" aria-describedby=\"caption-attachment-14525\" class=\" wp-image-14525 \" title=\"brandenberg1pan121025\" src=\"https:\/\/www.freiburg-schwarzwald.de\/blog\/wp-content\/uploads\/2012\/11\/brandenberg1pan121025.jpg\" alt=\"\" width=\"639\" height=\"217\" srcset=\"https:\/\/www.freiburg-schwarzwald.de\/blog\/wp-content\/uploads\/2012\/11\/brandenberg1pan121025.jpg 639w, https:\/\/www.freiburg-schwarzwald.de\/blog\/wp-content\/uploads\/2012\/11\/brandenberg1pan121025-180x61.jpg 180w\" sizes=\"auto, (max-width: 639px) 100vw, 639px\" \/><\/a><p id=\"caption-attachment-14525\" class=\"wp-caption-text\">Blick zum Brandenberg zwischen Todtnau (im Westen) und Fahl am Feldberg (im Osten) am 25.10.2010 &#8211; Buchen leuchten rotbraun<\/p><\/div>\n<p><strong>\u00a0Buchen, Eichen, Birken, Ahorn, Kastanien, &#8230;.<\/strong><\/p>\n<p>&nbsp;<\/p>\n<ul>\n<li><a href=\"https:\/\/www.freiburg-schwarzwald.de\/blog\/gutes-waldjahr-2025-mit-regen\/\">Gutes Waldjahr 2025 mit Regen<\/a>\u00a0(29.1.2026)<\/li>\n<li>Buchen am Galgenberg in Freiburg-Ebnet<\/li>\n<li>Eichen<\/li>\n<\/ul>\n<p>&nbsp;<\/p>\n<p>&nbsp;<\/p>\n<p><strong>\u00a0Buchen am Galgenberg in Freiburg-Ebnet<\/strong><\/p>\n<p>&nbsp;<\/p>\n<p><a href=\"https:\/\/www.freiburg-schwarzwald.de\/blog\/natur\/wald\/laubwald\/laubwald1ebnet121115\/\" rel=\"attachment wp-att-16335\"><img loading=\"lazy\" decoding=\"async\" class=\"alignnone size-thumbnail wp-image-16335\" title=\"laubwald1ebnet121115\" src=\"https:\/\/www.freiburg-schwarzwald.de\/blog\/wp-content\/uploads\/2012\/11\/laubwald1ebnet121115-180x135.jpg\" alt=\"\" width=\"180\" height=\"135\" srcset=\"https:\/\/www.freiburg-schwarzwald.de\/blog\/wp-content\/uploads\/2012\/11\/laubwald1ebnet121115-180x135.jpg 180w, https:\/\/www.freiburg-schwarzwald.de\/blog\/wp-content\/uploads\/2012\/11\/laubwald1ebnet121115.jpg 640w\" sizes=\"auto, (max-width: 180px) 100vw, 180px\" \/><\/a>\u00a0\u00a0\u00a0\u00a0\u00a0\u00a0\u00a0\u00a0\u00a0 <a href=\"https:\/\/www.freiburg-schwarzwald.de\/blog\/natur\/wald\/laubwald\/laubwald2ebnet121115\/\" rel=\"attachment wp-att-16336\"><img loading=\"lazy\" decoding=\"async\" class=\"alignnone size-thumbnail wp-image-16336\" title=\"laubwald2ebnet121115\" src=\"https:\/\/www.freiburg-schwarzwald.de\/blog\/wp-content\/uploads\/2012\/11\/laubwald2ebnet121115-180x135.jpg\" alt=\"\" width=\"180\" height=\"135\" srcset=\"https:\/\/www.freiburg-schwarzwald.de\/blog\/wp-content\/uploads\/2012\/11\/laubwald2ebnet121115-180x135.jpg 180w, https:\/\/www.freiburg-schwarzwald.de\/blog\/wp-content\/uploads\/2012\/11\/laubwald2ebnet121115.jpg 640w\" sizes=\"auto, (max-width: 180px) 100vw, 180px\" \/><\/a>\u00a0\u00a0\u00a0\u00a0\u00a0\u00a0\u00a0\u00a0\u00a0 <a href=\"https:\/\/www.freiburg-schwarzwald.de\/blog\/natur\/wald\/laubwald\/laubwald3herbst121115\/\" rel=\"attachment wp-att-16337\"><img loading=\"lazy\" decoding=\"async\" class=\"alignnone size-thumbnail wp-image-16337\" title=\"laubwald3herbst121115\" src=\"https:\/\/www.freiburg-schwarzwald.de\/blog\/wp-content\/uploads\/2012\/11\/laubwald3herbst121115-135x180.jpg\" alt=\"\" width=\"135\" height=\"180\" srcset=\"https:\/\/www.freiburg-schwarzwald.de\/blog\/wp-content\/uploads\/2012\/11\/laubwald3herbst121115-135x180.jpg 135w, https:\/\/www.freiburg-schwarzwald.de\/blog\/wp-content\/uploads\/2012\/11\/laubwald3herbst121115.jpg 480w\" sizes=\"auto, (max-width: 135px) 100vw, 135px\" \/><\/a><br \/>\n(1) Buchen am Galgenberg in Freiburg-Ebnet am 15.11.2012<\/p>\n<p><a href=\"https:\/\/www.freiburg-schwarzwald.de\/blog\/natur\/wald\/laubwald\/laubwald4herbst-buchen121115\/\" rel=\"attachment wp-att-16338\"><img loading=\"lazy\" decoding=\"async\" class=\"alignnone size-thumbnail wp-image-16338\" title=\"laubwald4herbst-buchen121115\" src=\"https:\/\/www.freiburg-schwarzwald.de\/blog\/wp-content\/uploads\/2012\/11\/laubwald4herbst-buchen121115-135x180.jpg\" alt=\"\" width=\"135\" height=\"180\" srcset=\"https:\/\/www.freiburg-schwarzwald.de\/blog\/wp-content\/uploads\/2012\/11\/laubwald4herbst-buchen121115-135x180.jpg 135w, https:\/\/www.freiburg-schwarzwald.de\/blog\/wp-content\/uploads\/2012\/11\/laubwald4herbst-buchen121115.jpg 480w\" sizes=\"auto, (max-width: 135px) 100vw, 135px\" \/><\/a>\u00a0\u00a0\u00a0\u00a0\u00a0\u00a0\u00a0\u00a0\u00a0\u00a0\u00a0 \u00a0\u00a0\u00a0\u00a0\u00a0\u00a0 \u00a0\u00a0\u00a0\u00a0\u00a0 <a href=\"https:\/\/www.freiburg-schwarzwald.de\/blog\/natur\/wald\/laubwald\/laubwald4herbst-gold121115\/\" rel=\"attachment wp-att-16339\"><img loading=\"lazy\" decoding=\"async\" class=\"alignnone size-thumbnail wp-image-16339\" title=\"laubwald4herbst-gold121115\" src=\"https:\/\/www.freiburg-schwarzwald.de\/blog\/wp-content\/uploads\/2012\/11\/laubwald4herbst-gold121115-180x135.jpg\" alt=\"\" width=\"180\" height=\"135\" srcset=\"https:\/\/www.freiburg-schwarzwald.de\/blog\/wp-content\/uploads\/2012\/11\/laubwald4herbst-gold121115-180x135.jpg 180w, https:\/\/www.freiburg-schwarzwald.de\/blog\/wp-content\/uploads\/2012\/11\/laubwald4herbst-gold121115.jpg 640w\" sizes=\"auto, (max-width: 180px) 100vw, 180px\" \/><\/a>\u00a0\u00a0\u00a0\u00a0\u00a0\u00a0\u00a0\u00a0\u00a0 <a href=\"https:\/\/www.freiburg-schwarzwald.de\/blog\/natur\/wald\/laubwald\/laubwald5ebnet121115\/\" rel=\"attachment wp-att-16340\"><img loading=\"lazy\" decoding=\"async\" class=\"alignnone size-thumbnail wp-image-16340\" title=\"laubwald5ebnet121115\" src=\"https:\/\/www.freiburg-schwarzwald.de\/blog\/wp-content\/uploads\/2012\/11\/laubwald5ebnet121115-135x180.jpg\" alt=\"\" width=\"135\" height=\"180\" srcset=\"https:\/\/www.freiburg-schwarzwald.de\/blog\/wp-content\/uploads\/2012\/11\/laubwald5ebnet121115-135x180.jpg 135w, https:\/\/www.freiburg-schwarzwald.de\/blog\/wp-content\/uploads\/2012\/11\/laubwald5ebnet121115.jpg 480w\" sizes=\"auto, (max-width: 135px) 100vw, 135px\" \/><\/a><br \/>\n(4)\u00a015.11.2012\u00a0\u00a0\u00a0\u00a0\u00a0\u00a0\u00a0\u00a0\u00a0\u00a0\u00a0\u00a0\u00a0\u00a0\u00a0\u00a0\u00a0\u00a0\u00a0\u00a0\u00a0\u00a0\u00a0\u00a0\u00a0\u00a0\u00a0\u00a0\u00a0\u00a0\u00a0\u00a0\u00a0\u00a0\u00a0\u00a0\u00a0\u00a0\u00a0\u00a0\u00a0\u00a0 (5)\u00a0\u00a0\u00a0\u00a0\u00a0\u00a0\u00a0\u00a0\u00a0\u00a0\u00a0\u00a0\u00a0\u00a0\u00a0\u00a0\u00a0\u00a0\u00a0\u00a0\u00a0\u00a0\u00a0\u00a0\u00a0\u00a0\u00a0\u00a0\u00a0\u00a0\u00a0\u00a0\u00a0\u00a0\u00a0\u00a0\u00a0\u00a0\u00a0\u00a0\u00a0\u00a0\u00a0\u00a0\u00a0\u00a0\u00a0\u00a0\u00a0\u00a0\u00a0\u00a0\u00a0\u00a0\u00a0\u00a0\u00a0\u00a0\u00a0\u00a0\u00a0\u00a0\u00a0\u00a0 (6) Wie Bild (15)<\/p>\n<p><a href=\"https:\/\/www.freiburg-schwarzwald.de\/blog\/natur\/wald\/laubwald\/laubwald6ebnet-kiefer121115\/\" rel=\"attachment wp-att-16342\"><img loading=\"lazy\" decoding=\"async\" class=\"alignnone size-thumbnail wp-image-16342\" title=\"laubwald6ebnet-kiefer121115\" src=\"https:\/\/www.freiburg-schwarzwald.de\/blog\/wp-content\/uploads\/2012\/11\/laubwald6ebnet-kiefer121115-180x135.jpg\" alt=\"\" width=\"180\" height=\"135\" srcset=\"https:\/\/www.freiburg-schwarzwald.de\/blog\/wp-content\/uploads\/2012\/11\/laubwald6ebnet-kiefer121115-180x135.jpg 180w, https:\/\/www.freiburg-schwarzwald.de\/blog\/wp-content\/uploads\/2012\/11\/laubwald6ebnet-kiefer121115.jpg 640w\" sizes=\"auto, (max-width: 180px) 100vw, 180px\" \/><\/a>\u00a0\u00a0\u00a0\u00a0\u00a0\u00a0\u00a0\u00a0\u00a0<a href=\"https:\/\/www.freiburg-schwarzwald.de\/blog\/natur\/wald\/laubwald\/laubwald7ebnet-buchen121115\/\" rel=\"attachment wp-att-16343\"><img loading=\"lazy\" decoding=\"async\" class=\"alignnone size-thumbnail wp-image-16343\" title=\"laubwald7ebnet-buchen121115\" src=\"https:\/\/www.freiburg-schwarzwald.de\/blog\/wp-content\/uploads\/2012\/11\/laubwald7ebnet-buchen121115-180x135.jpg\" alt=\"\" width=\"180\" height=\"135\" srcset=\"https:\/\/www.freiburg-schwarzwald.de\/blog\/wp-content\/uploads\/2012\/11\/laubwald7ebnet-buchen121115-180x135.jpg 180w, https:\/\/www.freiburg-schwarzwald.de\/blog\/wp-content\/uploads\/2012\/11\/laubwald7ebnet-buchen121115.jpg 640w\" sizes=\"auto, (max-width: 180px) 100vw, 180px\" \/><\/a>\u00a0\u00a0\u00a0\u00a0\u00a0\u00a0\u00a0\u00a0\u00a0 <a href=\"https:\/\/www.freiburg-schwarzwald.de\/blog\/natur\/wald\/laubwald\/laubwald8ebnet-buchen121115\/\" rel=\"attachment wp-att-16344\"><img loading=\"lazy\" decoding=\"async\" class=\"alignnone size-thumbnail wp-image-16344\" title=\"laubwald8ebnet-buchen121115\" src=\"https:\/\/www.freiburg-schwarzwald.de\/blog\/wp-content\/uploads\/2012\/11\/laubwald8ebnet-buchen121115-135x180.jpg\" alt=\"\" width=\"135\" height=\"180\" srcset=\"https:\/\/www.freiburg-schwarzwald.de\/blog\/wp-content\/uploads\/2012\/11\/laubwald8ebnet-buchen121115-135x180.jpg 135w, https:\/\/www.freiburg-schwarzwald.de\/blog\/wp-content\/uploads\/2012\/11\/laubwald8ebnet-buchen121115.jpg 480w\" sizes=\"auto, (max-width: 135px) 100vw, 135px\" \/><\/a><br \/>\n(7)<\/p>\n<p><a href=\"https:\/\/www.freiburg-schwarzwald.de\/blog\/natur\/wald\/laubwald\/laubwald9herbst-buchen121115\/\" rel=\"attachment wp-att-16345\"><img loading=\"lazy\" decoding=\"async\" class=\"alignnone size-thumbnail wp-image-16345\" title=\"laubwald9herbst-buchen121115\" src=\"https:\/\/www.freiburg-schwarzwald.de\/blog\/wp-content\/uploads\/2012\/11\/laubwald9herbst-buchen121115-180x135.jpg\" alt=\"\" width=\"180\" height=\"135\" srcset=\"https:\/\/www.freiburg-schwarzwald.de\/blog\/wp-content\/uploads\/2012\/11\/laubwald9herbst-buchen121115-180x135.jpg 180w, https:\/\/www.freiburg-schwarzwald.de\/blog\/wp-content\/uploads\/2012\/11\/laubwald9herbst-buchen121115.jpg 640w\" sizes=\"auto, (max-width: 180px) 100vw, 180px\" \/><\/a>\u00a0\u00a0\u00a0\u00a0\u00a0\u00a0\u00a0\u00a0 <a href=\"https:\/\/www.freiburg-schwarzwald.de\/blog\/natur\/wald\/laubwald\/laubwald10a-herbst-buchen121115\/\" rel=\"attachment wp-att-16346\"><img loading=\"lazy\" decoding=\"async\" class=\"alignnone size-thumbnail wp-image-16346\" title=\"laubwald10a-herbst-buchen121115\" src=\"https:\/\/www.freiburg-schwarzwald.de\/blog\/wp-content\/uploads\/2012\/11\/laubwald10a-herbst-buchen121115-180x141.jpg\" alt=\"\" width=\"180\" height=\"141\" srcset=\"https:\/\/www.freiburg-schwarzwald.de\/blog\/wp-content\/uploads\/2012\/11\/laubwald10a-herbst-buchen121115-180x141.jpg 180w, https:\/\/www.freiburg-schwarzwald.de\/blog\/wp-content\/uploads\/2012\/11\/laubwald10a-herbst-buchen121115.jpg 637w\" sizes=\"auto, (max-width: 180px) 100vw, 180px\" \/><\/a>\u00a0\u00a0\u00a0\u00a0\u00a0\u00a0\u00a0\u00a0\u00a0 <a href=\"https:\/\/www.freiburg-schwarzwald.de\/blog\/natur\/wald\/laubwald\/laubwald10herbst-buchen121115\/\" rel=\"attachment wp-att-16347\"><img loading=\"lazy\" decoding=\"async\" class=\"alignnone size-thumbnail wp-image-16347\" title=\"laubwald10herbst-buchen121115\" src=\"https:\/\/www.freiburg-schwarzwald.de\/blog\/wp-content\/uploads\/2012\/11\/laubwald10herbst-buchen121115-180x135.jpg\" alt=\"\" width=\"180\" height=\"135\" srcset=\"https:\/\/www.freiburg-schwarzwald.de\/blog\/wp-content\/uploads\/2012\/11\/laubwald10herbst-buchen121115-180x135.jpg 180w, https:\/\/www.freiburg-schwarzwald.de\/blog\/wp-content\/uploads\/2012\/11\/laubwald10herbst-buchen121115.jpg 640w\" sizes=\"auto, (max-width: 180px) 100vw, 180px\" \/><\/a><br \/>\n(10)<\/p>\n<p><a href=\"https:\/\/www.freiburg-schwarzwald.de\/blog\/natur\/wald\/laubwald\/laubwald11herbst-buchen121115\/\" rel=\"attachment wp-att-16348\"><img loading=\"lazy\" decoding=\"async\" class=\"alignnone size-thumbnail wp-image-16348\" title=\"laubwald11herbst-buchen121115\" src=\"https:\/\/www.freiburg-schwarzwald.de\/blog\/wp-content\/uploads\/2012\/11\/laubwald11herbst-buchen121115-135x180.jpg\" alt=\"\" width=\"135\" height=\"180\" srcset=\"https:\/\/www.freiburg-schwarzwald.de\/blog\/wp-content\/uploads\/2012\/11\/laubwald11herbst-buchen121115-135x180.jpg 135w, https:\/\/www.freiburg-schwarzwald.de\/blog\/wp-content\/uploads\/2012\/11\/laubwald11herbst-buchen121115.jpg 480w\" sizes=\"auto, (max-width: 135px) 100vw, 135px\" \/><\/a>\u00a0\u00a0\u00a0\u00a0\u00a0\u00a0\u00a0\u00a0\u00a0\u00a0\u00a0\u00a0\u00a0\u00a0\u00a0\u00a0\u00a0\u00a0\u00a0\u00a0 \u00a0\u00a0\u00a0 <a href=\"https:\/\/www.freiburg-schwarzwald.de\/blog\/natur\/wald\/laubwald\/laubwald12herbst-buchen121115\/\" rel=\"attachment wp-att-16349\"><img loading=\"lazy\" decoding=\"async\" class=\"alignnone size-thumbnail wp-image-16349\" title=\"laubwald12herbst-buchen121115\" src=\"https:\/\/www.freiburg-schwarzwald.de\/blog\/wp-content\/uploads\/2012\/11\/laubwald12herbst-buchen121115-135x180.jpg\" alt=\"\" width=\"135\" height=\"180\" srcset=\"https:\/\/www.freiburg-schwarzwald.de\/blog\/wp-content\/uploads\/2012\/11\/laubwald12herbst-buchen121115-135x180.jpg 135w, https:\/\/www.freiburg-schwarzwald.de\/blog\/wp-content\/uploads\/2012\/11\/laubwald12herbst-buchen121115.jpg 480w\" sizes=\"auto, (max-width: 135px) 100vw, 135px\" \/><\/a>\u00a0\u00a0\u00a0\u00a0\u00a0\u00a0\u00a0\u00a0\u00a0\u00a0\u00a0\u00a0\u00a0\u00a0\u00a0\u00a0\u00a0\u00a0 \u00a0\u00a0\u00a0\u00a0\u00a0 <a href=\"https:\/\/www.freiburg-schwarzwald.de\/blog\/natur\/wald\/laubwald\/ebnet2buchenwald130210\/\" rel=\"attachment wp-att-22016\"><img loading=\"lazy\" decoding=\"async\" class=\"alignnone size-thumbnail wp-image-22016\" title=\"ebnet2buchenwald130210\" src=\"https:\/\/www.freiburg-schwarzwald.de\/blog\/wp-content\/uploads\/2012\/11\/ebnet2buchenwald130210-180x135.jpg\" alt=\"\" width=\"180\" height=\"135\" srcset=\"https:\/\/www.freiburg-schwarzwald.de\/blog\/wp-content\/uploads\/2012\/11\/ebnet2buchenwald130210-180x135.jpg 180w, https:\/\/www.freiburg-schwarzwald.de\/blog\/wp-content\/uploads\/2012\/11\/ebnet2buchenwald130210.jpg 640w\" sizes=\"auto, (max-width: 180px) 100vw, 180px\" \/><\/a><br \/>\n(13)\u00a0\u00a0\u00a0\u00a0\u00a0\u00a0\u00a0\u00a0\u00a0\u00a0\u00a0\u00a0\u00a0\u00a0\u00a0\u00a0\u00a0\u00a0\u00a0\u00a0\u00a0\u00a0\u00a0\u00a0\u00a0\u00a0\u00a0\u00a0\u00a0\u00a0\u00a0\u00a0\u00a0\u00a0\u00a0\u00a0\u00a0\u00a0\u00a0\u00a0\u00a0\u00a0\u00a0\u00a0\u00a0\u00a0\u00a0\u00a0\u00a0\u00a0\u00a0\u00a0\u00a0\u00a0\u00a0\u00a0 \u00a0\u00a0\u00a0\u00a0\u00a0 (14) 15.11.2012\u00a0\u00a0\u00a0\u00a0\u00a0\u00a0\u00a0\u00a0\u00a0\u00a0\u00a0\u00a0\u00a0\u00a0\u00a0\u00a0\u00a0\u00a0\u00a0\u00a0\u00a0\u00a0\u00a0\u00a0\u00a0\u00a0\u00a0\u00a0\u00a0\u00a0\u00a0\u00a0\u00a0\u00a0\u00a0\u00a0\u00a0\u00a0\u00a0\u00a0 (15) 10.2.2013<\/p>\n<p><a href=\"https:\/\/www.freiburg-schwarzwald.de\/blog\/natur\/wald\/laubwald\/ebnet3buchenwald130210\/\" rel=\"attachment wp-att-22017\"><img loading=\"lazy\" decoding=\"async\" class=\"alignnone size-thumbnail wp-image-22017\" title=\"ebnet3buchenwald130210\" src=\"https:\/\/www.freiburg-schwarzwald.de\/blog\/wp-content\/uploads\/2012\/11\/ebnet3buchenwald130210-180x142.jpg\" alt=\"\" width=\"180\" height=\"142\" srcset=\"https:\/\/www.freiburg-schwarzwald.de\/blog\/wp-content\/uploads\/2012\/11\/ebnet3buchenwald130210-180x142.jpg 180w, https:\/\/www.freiburg-schwarzwald.de\/blog\/wp-content\/uploads\/2012\/11\/ebnet3buchenwald130210.jpg 639w\" sizes=\"auto, (max-width: 180px) 100vw, 180px\" \/><\/a>\u00a0\u00a0\u00a0\u00a0\u00a0\u00a0\u00a0\u00a0\u00a0 <a href=\"https:\/\/www.freiburg-schwarzwald.de\/blog\/natur\/wald\/laubwald\/ebnet4buchenwald130210\/\" rel=\"attachment wp-att-22018\"><img loading=\"lazy\" decoding=\"async\" class=\"alignnone size-thumbnail wp-image-22018\" title=\"ebnet4buchenwald130210\" src=\"https:\/\/www.freiburg-schwarzwald.de\/blog\/wp-content\/uploads\/2012\/11\/ebnet4buchenwald130210-146x180.jpg\" alt=\"\" width=\"146\" height=\"180\" srcset=\"https:\/\/www.freiburg-schwarzwald.de\/blog\/wp-content\/uploads\/2012\/11\/ebnet4buchenwald130210-146x180.jpg 146w, https:\/\/www.freiburg-schwarzwald.de\/blog\/wp-content\/uploads\/2012\/11\/ebnet4buchenwald130210-519x640.jpg 519w, https:\/\/www.freiburg-schwarzwald.de\/blog\/wp-content\/uploads\/2012\/11\/ebnet4buchenwald130210.jpg 520w\" sizes=\"auto, (max-width: 146px) 100vw, 146px\" \/><\/a>\u00a0\u00a0\u00a0\u00a0\u00a0\u00a0\u00a0\u00a0\u00a0\u00a0\u00a0\u00a0\u00a0\u00a0\u00a0\u00a0\u00a0\u00a0\u00a0\u00a0\u00a0 <a href=\"https:\/\/www.freiburg-schwarzwald.de\/blog\/natur\/wald\/laubwald\/ebnet-laubwald131218\/\" rel=\"attachment wp-att-42719\"><img loading=\"lazy\" decoding=\"async\" class=\"alignnone size-thumbnail wp-image-42719\" title=\"ebnet-laubwald131218\" src=\"https:\/\/www.freiburg-schwarzwald.de\/blog\/wp-content\/uploads\/2012\/11\/ebnet-laubwald131218-180x135.jpg\" alt=\"\" width=\"180\" height=\"135\" srcset=\"https:\/\/www.freiburg-schwarzwald.de\/blog\/wp-content\/uploads\/2012\/11\/ebnet-laubwald131218-180x135.jpg 180w, https:\/\/www.freiburg-schwarzwald.de\/blog\/wp-content\/uploads\/2012\/11\/ebnet-laubwald131218.jpg 640w\" sizes=\"auto, (max-width: 180px) 100vw, 180px\" \/><\/a><br \/>\n(16) Wie Bild (8) 3 Monate sp\u00e4ter\u00a0\u00a0\u00a0\u00a0\u00a0\u00a0\u00a0\u00a0\u00a0\u00a0 (17) Wie Bild (14)\u00a0\u00a0\u00a0\u00a0\u00a0\u00a0\u00a0\u00a0\u00a0\u00a0\u00a0\u00a0\u00a0\u00a0\u00a0\u00a0\u00a0\u00a0\u00a0\u00a0\u00a0\u00a0\u00a0\u00a0\u00a0\u00a0\u00a0\u00a0\u00a0\u00a0\u00a0\u00a0\u00a0\u00a0\u00a0\u00a0\u00a0 (18) Laubwald Ebnet 18.12.2013<\/p>\n<p><a href=\"https:\/\/www.freiburg-schwarzwald.de\/blog\/natur\/wald\/laubwald\/esskastanie-blaetter15117\/\" rel=\"attachment wp-att-57641\"><img loading=\"lazy\" decoding=\"async\" class=\"alignnone size-thumbnail wp-image-57641\" src=\"https:\/\/www.freiburg-schwarzwald.de\/blog\/wp-content\/uploads\/2012\/11\/esskastanie-blaetter15117-180x135.jpg\" alt=\"esskastanie-blaetter15117\" width=\"180\" height=\"135\" srcset=\"https:\/\/www.freiburg-schwarzwald.de\/blog\/wp-content\/uploads\/2012\/11\/esskastanie-blaetter15117-180x135.jpg 180w, https:\/\/www.freiburg-schwarzwald.de\/blog\/wp-content\/uploads\/2012\/11\/esskastanie-blaetter15117.jpg 640w\" sizes=\"auto, (max-width: 180px) 100vw, 180px\" \/><br \/>\n<\/a>(19) Esskastanien-Laub 18.11.2015<\/p>\n<p>(1) &#8211; (14): Am Galgenberg in <a title=\"Ebnet\" href=\"https:\/\/www.freiburg-schwarzwald.de\/blog\/regio\/freiburg\/ebnet\/\">Freiburg-Ebnet <\/a>stehen Buchen, Eichen und ganz vereinzelt Kiefern am steilen S\u00fcdhang. Jedes Jahr im Sp\u00e4therbst eine Augenweide: Zuweilen fast golden das Laub, auch am 15.11.2012 bei +18 Grad, also provencalischen Temperaturen.<br \/>\n(15) &#8211; (17) An Galgenberg 10.2.2013: Strenger Frost -4 Grad nochmittags um 13 Uhr, Sonne, Schnee blieb auf den B\u00e4umen liegen, da er drei Tage zuvor zuerst regnete. Das &#8222;goldbraun&#8220; des Sp\u00e4therbstes ist dem &#8222;wei\u00df&#8220; des <a title=\"Winter\" href=\"https:\/\/www.freiburg-schwarzwald.de\/blog\/natur\/winter\/\">Winters <\/a>gewichen.<\/p>\n<p>&nbsp;<\/p>\n<p><strong>Eichen<\/strong><\/p>\n<p><a href=\"https:\/\/www.freiburg-schwarzwald.de\/blog\/religion\/kreuze\/wangler-kreuz\/eichen3wanglerkreuz130505\/\" rel=\"attachment wp-att-29895\"><img loading=\"lazy\" decoding=\"async\" class=\"alignnone size-thumbnail wp-image-29895\" title=\"eichen3wanglerkreuz130505\" src=\"https:\/\/www.freiburg-schwarzwald.de\/blog\/wp-content\/uploads\/2012\/06\/eichen3wanglerkreuz130505-180x135.jpg\" alt=\"\" width=\"180\" height=\"135\" srcset=\"https:\/\/www.freiburg-schwarzwald.de\/blog\/wp-content\/uploads\/2012\/06\/eichen3wanglerkreuz130505-180x135.jpg 180w, https:\/\/www.freiburg-schwarzwald.de\/blog\/wp-content\/uploads\/2012\/06\/eichen3wanglerkreuz130505.jpg 640w\" sizes=\"auto, (max-width: 180px) 100vw, 180px\" \/><\/a>\u00a0\u00a0\u00a0\u00a0\u00a0\u00a0\u00a0\u00a0\u00a0 <a href=\"https:\/\/www.freiburg-schwarzwald.de\/blog\/natur\/wald\/baum\/eiche-herbstlaub141115\/\" rel=\"attachment wp-att-51703\"><img loading=\"lazy\" decoding=\"async\" class=\"alignnone size-thumbnail wp-image-51703\" src=\"https:\/\/www.freiburg-schwarzwald.de\/blog\/wp-content\/uploads\/2013\/05\/eiche-herbstlaub141115-180x135.jpg\" alt=\"eiche-herbstlaub141115\" width=\"180\" height=\"135\" srcset=\"https:\/\/www.freiburg-schwarzwald.de\/blog\/wp-content\/uploads\/2013\/05\/eiche-herbstlaub141115-180x135.jpg 180w, https:\/\/www.freiburg-schwarzwald.de\/blog\/wp-content\/uploads\/2013\/05\/eiche-herbstlaub141115.jpg 640w\" sizes=\"auto, (max-width: 180px) 100vw, 180px\" \/><\/a><br \/>\n(1) Eiche am <a title=\"Wangler-Kreuz\" href=\"https:\/\/www.freiburg-schwarzwald.de\/blog\/religion\/kreuze\/wangler-kreuz\/\">Wangler-Kreuz<\/a>\u00a0Dreisamtal\u00a0\u00a0 (2) Eiche <a title=\"Baum\" href=\"https:\/\/www.freiburg-schwarzwald.de\/blog\/natur\/wald\/baum\/\">Herbstlaub<\/a> 17.11.2014<\/p>\n","protected":false},"excerpt":{"rendered":"<p>Home &gt;Natur &gt;Wald &gt;Laubwald \u00a0Buchen, Eichen, Birken, Ahorn, Kastanien, &#8230;. &nbsp; Gutes Waldjahr 2025 mit Regen\u00a0(29.1.2026) Buchen am Galgenberg in Freiburg-Ebnet Eichen &nbsp; &nbsp; \u00a0Buchen am Galgenberg in Freiburg-Ebnet &nbsp; \u00a0\u00a0\u00a0\u00a0\u00a0\u00a0\u00a0\u00a0\u00a0 \u00a0\u00a0\u00a0\u00a0\u00a0\u00a0\u00a0\u00a0\u00a0 (1) Buchen am Galgenberg in Freiburg-Ebnet am 15.11.2012 &hellip; <a href=\"https:\/\/www.freiburg-schwarzwald.de\/blog\/natur\/wald\/laubwald\/\">Weiterlesen <span class=\"meta-nav\">&rarr;<\/span><\/a><\/p>\n","protected":false},"author":4,"featured_media":0,"parent":1543,"menu_order":0,"comment_status":"open","ping_status":"closed","template":"","meta":{"footnotes":""},"class_list":["post-16333","page","type-page","status-publish","hentry"],"_links":{"self":[{"href":"https:\/\/www.freiburg-schwarzwald.de\/blog\/wp-json\/wp\/v2\/pages\/16333","targetHints":{"allow":["GET"]}}],"collection":[{"href":"https:\/\/www.freiburg-schwarzwald.de\/blog\/wp-json\/wp\/v2\/pages"}],"about":[{"href":"https:\/\/www.freiburg-schwarzwald.de\/blog\/wp-json\/wp\/v2\/types\/page"}],"author":[{"embeddable":true,"href":"https:\/\/www.freiburg-schwarzwald.de\/blog\/wp-json\/wp\/v2\/users\/4"}],"replies":[{"embeddable":true,"href":"https:\/\/www.freiburg-schwarzwald.de\/blog\/wp-json\/wp\/v2\/comments?post=16333"}],"version-history":[{"count":1,"href":"https:\/\/www.freiburg-schwarzwald.de\/blog\/wp-json\/wp\/v2\/pages\/16333\/revisions"}],"predecessor-version":[{"id":144945,"href":"https:\/\/www.freiburg-schwarzwald.de\/blog\/wp-json\/wp\/v2\/pages\/16333\/revisions\/144945"}],"up":[{"embeddable":true,"href":"https:\/\/www.freiburg-schwarzwald.de\/blog\/wp-json\/wp\/v2\/pages\/1543"}],"wp:attachment":[{"href":"https:\/\/www.freiburg-schwarzwald.de\/blog\/wp-json\/wp\/v2\/media?parent=16333"}],"curies":[{"name":"wp","href":"https:\/\/api.w.org\/{rel}","templated":true}]}}