{"id":16094,"date":"2012-11-22T19:06:21","date_gmt":"2012-11-22T18:06:21","guid":{"rendered":"https:\/\/www.freiburg-schwarzwald.de\/blog\/?page_id=16094"},"modified":"2025-06-14T16:39:54","modified_gmt":"2025-06-14T14:39:54","slug":"prostata","status":"publish","type":"page","link":"https:\/\/www.freiburg-schwarzwald.de\/blog\/selbsthilfe\/krebs\/prostata\/","title":{"rendered":"Prostata"},"content":{"rendered":"<p>Home &gt;<a title=\"Selbsthilfe\" href=\"https:\/\/www.freiburg-schwarzwald.de\/blog\/selbsthilfe\/\">Selbsthilfe<\/a> &gt;<a title=\"Krebs\" href=\"https:\/\/www.freiburg-schwarzwald.de\/blog\/selbsthilfe\/krebs\/\">Krebs<\/a> &gt;<a title=\"Maenner\" href=\"https:\/\/www.freiburg-schwarzwald.de\/blog\/selbsthilfe\/maenner\/\">Maenner<\/a> &gt;Prostata<\/p>\n<div id=\"attachment_15890\" style=\"width: 648px\" class=\"wp-caption alignnone\"><a href=\"https:\/\/www.freiburg-schwarzwald.de\/blog\/religion\/kirchen\/maria-hilf\/schauinsland9muenstertal-nebel-pan121115\/\" rel=\"attachment wp-att-15890\"><img loading=\"lazy\" decoding=\"async\" aria-describedby=\"caption-attachment-15890\" class=\" wp-image-15890 \" title=\"schauinsland9muenstertal-nebel-pan121115\" src=\"https:\/\/www.freiburg-schwarzwald.de\/blog\/wp-content\/uploads\/2012\/11\/schauinsland9muenstertal-nebel-pan121115.jpg\" alt=\"\" width=\"638\" height=\"206\" srcset=\"https:\/\/www.freiburg-schwarzwald.de\/blog\/wp-content\/uploads\/2012\/11\/schauinsland9muenstertal-nebel-pan121115.jpg 638w, https:\/\/www.freiburg-schwarzwald.de\/blog\/wp-content\/uploads\/2012\/11\/schauinsland9muenstertal-nebel-pan121115-180x58.jpg 180w\" sizes=\"auto, (max-width: 638px) 100vw, 638px\" \/><\/a><p id=\"caption-attachment-15890\" class=\"wp-caption-text\">Blick vom Schauinsland nach S\u00fcden zu Belchen, Blauen und M\u00fcnstertal im Nebel am 15.11.2012 &#8211; 14 Grad oben und 3 Grad unten<\/p><\/div>\n<ul>\n<li><em>Listenauswahl eines Beitrags (Artikel\/Datum, Seite\/Inhalt): <span style=\"text-decoration: underline;\">Klicken<\/span> oder scrollen<\/em><\/li>\n<li>Prostatakrebs Fr\u00fcherkennung: PSA-Wert statt Tastuntersuchung (13.6.2025)<\/li>\n<li>Neue Prostatatherapie: Urologin Cordula Jilg erh\u00e4lt den Eleonore-und-Fritz-Hodeige-Preis (25.7.2016)<\/li>\n<li><a href=\"https:\/\/www.freiburg-schwarzwald.de\/blog\/ehc-fr-prostata-movember\/\">https:\/\/www.freiburg-schwarzwald.de\/blog\/ehc-fr-prostata-movember\/<\/a>\u00a0(22.11.2012)<\/li>\n<li><a href=\"https:\/\/www.freiburg-schwarzwald.de\/maenner.htm#ISG - Informationszentrum f\u00fcr Sexualit\u00e4t und Gesundheit an Uniklinik Freiburg\">ISG &#8211; Informationszentrum f\u00fcr Sexualit\u00e4t und Gesundheit an Uniklinik Freiburg<\/a> &gt;Maenner<\/li>\n<li><a href=\"https:\/\/www.freiburg-schwarzwald.de\/prostata.htm#Was tun, wenn der PSA-Wert steigt - Expertenforum\">Was tun, wenn der PSA-Wert steigt? &#8211; Expertenforum<\/a> &gt;Prostata (7.5.2009)<\/li>\n<li><a href=\"https:\/\/www.freiburg-schwarzwald.de\/prostata.htm#PSA-Bestimmung senkt Todesraten um 20 Prozent\">PSA-Bestimmung senkt Todesraten um 20 Prozent<\/a> &gt;Prostata (22.4.2009)<\/li>\n<li><a href=\"https:\/\/www.freiburg-schwarzwald.de\/littenweiler\/zeitung1.htm#Schamgef\u00fchle: Auch f\u00fcr M\u00e4nner ist es nicht leicht\">Schamgef\u00fchle: Auch f\u00fcr M\u00e4nner ist es nicht leicht<\/a> &gt;Zeitung1 (24.1.2009)<\/li>\n<li><a href=\"https:\/\/www.freiburg-schwarzwald.de\/maenner.htm#M\u00e4nnergesundheitstag des ISG am 11.10.2008 in Freiburg\">M\u00e4nnergesundheitstag des ISG am 11.10.2008 in Freiburg<\/a> &gt;Maenner (5.10.2008)<\/li>\n<li><a href=\"https:\/\/www.freiburg-schwarzwald.de\/prostata.htm#Da kommen zwei Journalisten daher ...negative Schl\u00fcsse\">Da kommen zwei Journalisten daher &#8230;negative Schl\u00fcsse<\/a> &gt;Prostata (6.9.2008)<\/li>\n<li><a href=\"https:\/\/www.freiburg-schwarzwald.de\/prostata.htm#Gr\u00f6\u00dfter Risikofaktor f\u00fcr Prostatakrebs ist das Alter\">Gr\u00f6\u00dfter Risikofaktor f\u00fcr Prostatakrebs ist das Alter<\/a> &gt;Prostata (14.4.2008)<\/li>\n<li><a href=\"https:\/\/www.freiburg-schwarzwald.de\/prostata.htm#Hilfe bei Inkontinenz nach Prostata-OP\">Hilfe bei Inkontinenz nach Prostata-OP<\/a> &gt;Prostata (20.3.2008)<\/li>\n<li><a href=\"https:\/\/www.freiburg-schwarzwald.de\/prostata.htm#Prostatakrebs-Vortrag von J\u00fcrgen Breul in der Tumorbiologie\">Prostatakrebs-Vortrag von J\u00fcrgen Breul in der Tumorbiologie<\/a> &gt;Prostata (11.3.2008)<\/li>\n<li><a href=\"https:\/\/www.freiburg-schwarzwald.de\/prostata.htm#In Freiburg k\u00fcmmern sich zwei Zentren um Patienten\">In Freiburg k\u00fcmmern sich zwei Zentren um Patienten<\/a> (18.1.2008)<\/li>\n<li><a href=\"https:\/\/www.freiburg-schwarzwald.de\/prostata.htm#Neues Vortragsprogramms des Prostata-Zentrums-S\u00fcdbaden\">Neues Vortragsprogramms des Prostata-Zentrums-S\u00fcdbaden<\/a> &gt;Prostata (17.1.2008)<\/li>\n<li><a href=\"https:\/\/www.freiburg-schwarzwald.de\/krebs1.htm#Markgr\u00e4fler Krebsvorsorgetag am 2.12. im B\u00fcrgerhaus M\u00fcllheim\">Markgr\u00e4fler Krebsvorsorgetag am 2.12. im B\u00fcrgerhaus M\u00fcllheim<\/a> &gt;Krebs1 (27.11.2007)<\/li>\n<li><a href=\"https:\/\/www.freiburg-schwarzwald.de\/prostata.htm#Urologische Operation mit revolution\u00e4rem Lithoskop bei Hlios in M\u00fcllheim\">Urologische Operation mit revolution\u00e4rem Lithoskop bei Helios in M\u00fcllheim<\/a> (19.10.2007)<\/li>\n<li><a href=\"https:\/\/www.freiburg-schwarzwald.de\/prostata.htm#M\u00e4nner \u00fcber 65: Leistungsknick und Libidoverlust\">M\u00e4nner \u00fcber 65: Leistungsknick und Libidoverlust<\/a> (13.10.2007)<\/li>\n<li><a href=\"https:\/\/www.freiburg-schwarzwald.de\/prostata.htm#Prostatakrebs: Therapie von Behandlungsfolgen\">Prostatakrebs: Therapie von Behandlungsfolgen<\/a> &gt;Prostata (11.10.2007)<\/li>\n<li><a href=\"https:\/\/www.freiburg-schwarzwald.de\/prostata.htm#Essen fast wie gewohnt: Kochbuch f\u00fcr M\u00e4nner mit Prostatakrebs\">Essen fast wie gewohnt: Kochbuch f\u00fcr M\u00e4nner mit Prostatakrebs<\/a> (11.10.2007)<\/li>\n<li><a href=\"https:\/\/www.freiburg-schwarzwald.de\/prostata.htm#Neue Therapien gegen Prostatakrebs\">Neue Therapien gegen Prostatakrebs<\/a> (14.9.2007)<\/li>\n<li><a href=\"https:\/\/www.freiburg-schwarzwald.de\/prostata.htm#Erfolgreicher Start des Prostata-Zentrums-S\u00fcdbaden\">Erfolgreicher Start des Prostata-Zentrums-S\u00fcdbaden<\/a> (21.6.2007)<\/li>\n<li><a href=\"https:\/\/www.freiburg-schwarzwald.de\/prostata.htm#Prostata-Zentrum-S\u00fcdbaden als Netzwerk f\u00fcr Betroffene er\u00f6ffnet\">Prostata-Zentrum-S\u00fcdbaden als Netzwerk f\u00fcr Betroffene er\u00f6ffnet<\/a> (23.4.2007)<\/li>\n<li><a href=\"https:\/\/www.freiburg-schwarzwald.de\/chronisch2.htm#Prostatazentrum er\u00f6ffnet an Freiburger Uniklinik: Helpline, Internetportal\">Prostatazentrum er\u00f6ffnet an Freiburger Uniklinik: Helpline, Internetportal<\/a> &gt;Chronisch2 (14.2.2007)<\/li>\n<li><a href=\"https:\/\/www.freiburg-schwarzwald.de\/krebs1.htm#M\u00e4nner mit Krebs - 10 Jahre in der Ortenau\">M\u00e4nner mit Krebs &#8211; 10 Jahre in der Ortenau<\/a> &gt;Krebs1 (10.1.2007)<\/li>\n<li><a href=\"https:\/\/www.freiburg-schwarzwald.de\/krebs1.htm#Selbsthilfegruppe Delfin f\u00fcr M\u00e4nner mit Prostatakrebs in Emmendingen\">Selbsthilfegruppe Delfin f\u00fcr M\u00e4nner mit Prostatakrebs in Emmendingen<\/a> &gt;Krebs1 (14.1.2006)<\/li>\n<\/ul>\n<ul>\n<li>Prostatazentrum Freiburg<\/li>\n<li>Prostata-Zentrum S\u00fcdbaden in Freiburg<\/li>\n<li>Prostata-Karzinomzentrum am Ortenau Klinikum in Offenburg<\/li>\n<li>Prostatakrebs &#8211; Selbsthilfegruppe L\u00f6rrach<\/li>\n<li>M\u00e4nner mit Krebs &#8211; SHG im Ortenaukreis<\/li>\n<li>Selbsthilfegruppen Prostatakrebs<\/li>\n<li>Delfin &#8211; Selbsthilfegruppe f\u00fcr M\u00e4nner mit Prostatakrebs in Emmendingen<\/li>\n<\/ul>\n<p>&nbsp;<\/p>\n<p><strong>Prostatakrebs Fr\u00fcherkennung: PSA-Wert statt Tastuntersuchung<\/strong><br \/>\n<strong>Kein Krebs ohne erh\u00f6hten PSA-Wert<\/strong><br \/>\nZu: \u201eProstatakrebs: Fr\u00fcherkennung rettet Leben\u201c, Beitrag von Laura Beigel (Magazin, 31. Mai)<br \/>\nAls Arzt und Betroffener muss ich anmerken, dass der Hinweis auf die rektale Tastuntersuchung als Fr\u00fcherkennung v\u00f6llig veraltet ist. In der noch nicht zur Ver\u00f6ffentlichung freigegebenen Konsultationsfassung \u201eLeitlinie Prostatakarzinom\u201c erscheint diese Untersuchung nicht mehr: Vielmehr wird als Screening nur noch der PSA-Wert empfohlen. Es gibt keinen Prostatakrebs ohne erh\u00f6hten PSA-Wert, auch wenn nicht jede Erh\u00f6hung gleich Krebs bedeutet. Einzig dem falschen Sparwillen der gesetzlichen Krankenkassen ist es bisher geschuldet, dass diese seit Jahren in Fachkreisen bekannte Tatsache immer noch schlecht geredet wird und weiterhin auf einer weitgehend aussagelosen Untersuchung beharrt wird. (&#8230;) Mein Rat: Lasst ab 45 den PSA-Wert bestimmen. Ist er ok, prima, wenn nicht, keine Panik, aber Abkl\u00e4rung. In der Regel hei\u00dft das Bildgebung (MR) und Gewebeprobe. Die oft als Gegenargument angef\u00fchrte unn\u00f6tige OP gibt es bei richtiger Stufendiagnostik nicht.<br \/>\n13.6.2025, Bernhard Scharf, Weil<br \/>\n<a href=\"https:\/\/www.badische-zeitung.de\/kein-krebs-ohne-erhoehten-psa-wert\">https:\/\/www.badische-zeitung.de\/kein-krebs-ohne-erhoehten-psa-wert<\/a><\/p>\n<p>&nbsp;<\/p>\n<p><strong>Neue Prostatatherapie: Urologin Cordula Jilg erh\u00e4lt den Eleonore-und-Fritz-Hodeige-Preis<\/strong><br \/>\nCordula Jilg ist die erste habilitierte Ober\u00e4rztin an der Uniklinik und Dozentin an der Urologie. Seit neuestem ist sie auch Preistr\u00e4gerin: Sie erhielt den mit 5000 Euro dotierten Eleonore-und-Fritz-Hodeige-Preis f\u00fcr ihre Forschung zu Prostatakarzinomen.<br \/>\n&#8230;.<br \/>\nDas Corpus Delicti ist sch\u00e4tzungsweise 2,5 Millimeter gro\u00df. Man kann es weder sehen noch f\u00fchlen. Wo steckt es? Der erh\u00f6hte PSA-Wert spricht eine deutliche Sprache: Irgendwo in einem Lymphknoten muss der Prostatakrebs erneut zugeschlagen haben \u2013 nachdem der Patient schon als geheilt galt: Die Prostata samt umgebenden Lymphknoten war komplett entfernt, der Bereich vorsichtshalber noch nachbestrahlt worden, der PSA-Wert auf Null gesunken. &#8222;Das kann \u00fcber Jahre gut gehen&#8220;, sagt Cordula Jilg. Und dann schl\u00e4gt das Labor Alarm: Die biochemische Analyse meldet ein Rezidiv in irgendeinem Lymphknoten des K\u00f6rpers. Mit der in solchen F\u00e4llen \u00fcblichen Hormontherapie wollte sich die engagierte Ober\u00e4rztin nicht zufriedengeben: &#8222;Dem K\u00f6rper wird das Testosteron komplett entzogen. Das hat einen Wahnsinnseffekt auf die Lebensqualit\u00e4t.&#8220; Au\u00dferdem gibt es Prostatakarzinome, die v\u00f6llig unabh\u00e4ngig vom Hormonspiegel wachsen. Was also tun?<br \/>\nIhre Idee: Den Patienten eine zweite Heilungschance geben durch eine erneute Operation. Die Metastasenchirurgie sei bei anderen Krebsarten schon verbreitet, bei den Urologen sei sie neu. Jilg wagte sich \u2013 im Verein mit der Strahlenheilkunde und der Nuklearmedizin \u2013 mit der operativen Lymphknotenentfernung auf experimentelles Neuland jenseits aller Behandlungsleitlinien. Daf\u00fcr musste sie Detektivin spielen: Die Winzlinge mussten erst mal aufgesp\u00fcrt werden. Herk\u00f6mmliche bildgebende Techniken wie Ultraschall, CT und MRT waren daf\u00fcr nicht genau genug. Nuklearmedizinische Verfahren wie die Positronen-Emissionstomographie (PET) helfen weiter: Eine vorher gespritzte schwach radioaktive Substanz l\u00e4sst die stoffwechselaktiveren Tumorzellen aufleuchten. &#8222;Der Eingriff ist sehr schwierig&#8220;, betont die Ober\u00e4rztin. Er gelingt auch nur, wenn der Tumor noch nicht zu ausgedehnt ist und nicht an zu vielen Stellen gestreut hat. Die Chirurgin kann sogar &#8222;h\u00f6ren&#8220;, wo er sitzt: Eine Stiftsonde f\u00e4ngt die Klopfger\u00e4usche der Gammastrahlung auf, die ein vor der Operation gespritztes radioaktives Element aussendet.<br \/>\nVor wenigen Jahren ist die heute 38-J\u00e4hrige nach eigener Aussage bei Kongressen noch bel\u00e4chelt worden, wenn sie von ihren Methoden berichtete. &#8222;Heute wollen\u2019s alle machen.&#8220; Eine Garantie auf Heilung ist auch die zweite Operation nicht. 14 Prozent spr\u00e4chen gar nicht auf die Behandlung an, 45 Prozent hingegen &#8222;exzellent&#8220; mit besten Aussichten f\u00fcr ein langes \u00dcberleben: W\u00e4hrend nach einer zweiten Operation 80 Prozent der Patienten nach zehn Jahren noch am Leben sind, sind es nach der herk\u00f6mmlichen Hormontherapie nur die H\u00e4lfte.<br \/>\nIhre Habilitationsschrift, in denen die Ergebnisse ihrer klinischen Arbeit wissenschaftlich aufbereitet sind, ist in blaues Leinen gebunden. Cordula Jilg ist stolz auf ihre Arbeit. Als k\u00f6nnte es die aus Breisach stammende Tochter einer Krankenschwester und eines Elektrikers selbst kaum fassen, wohin ihr beruflicher Karriereweg sie verschlagen hat. Ihre K\u00f6rpersprache und ihre strahlenden Augen verraten, mit welcher Begeisterung und Leidenschaft sie ihrem Beruf nachgeht. &#8222;Ich brauche Stress und Action&#8220;, sagt sie. Und den Kontakt zu Menschen. Und das handwerkliche Arbeiten: &#8222;Ich muss irgendwas rein oder raus machen.&#8220; All das findet sie als Single ohne Kinder in der M\u00e4nnerdom\u00e4ne Urologie, die anstrengend ist und wo sie &#8222;voll dabei&#8220; sein muss \u2013 und das gerne ist.\u00a0Dieses Engagement w\u00fcrdigte nun auch die Jury der Hodeige-Stiftung. BZ-Herausgeber Christian Hodeige betonte bei der Preisverleihung, nicht nur die Wissenschaft m\u00fcsse gef\u00f6rdert und verteidigt werden. Auch f\u00fcr die b\u00fcrgerlichen Freiheiten, vor allem die Pressefreiheit, m\u00fcsse man aufstehen: &#8222;Gerade wir als schweigende Mehrheit \u2013 es lohnt sich.&#8220; Die Preistr\u00e4gerin selbst strahlte wie Sonne und bedankte sich herzlich: &#8222;\u00dcber diesen Preis freue ich mich sehr, sehr, sehr!&#8220;<br \/>\nAlles von Anita R\u00fcffer vom 25.7.2016 bitte lesen auf<br \/>\n<a href=\"https:\/\/www.badische-zeitung.de\/freiburg\/urologin-cordula-jilg-erhaelt-den-eleonore-und-fritz-hodeige-preis--125282625.html\">https:\/\/www.badische-zeitung.de\/freiburg\/urologin-cordula-jilg-erhaelt-den-eleonore-und-fritz-hodeige-preis&#8211;125282625.html<\/a><\/p>\n<p>&nbsp;<\/p>\n<p>&#8212;&#8212;&#8212;&#8212;&#8212;&#8212;&#8212;&#8212;&#8212;&#8212;&#8212;&#8212;&#8212;&#8212;&#8212;&#8212;&#8212;&#8212;&#8212;&#8212;&#8212;&#8212;&#8212;<\/p>\n<p>&nbsp;<\/p>\n<p><strong>Delfin &#8211; Selbsthilfegruppe Prostatakrebs<\/strong><\/p>\n<p>Die Selbsthilfegruppe Delfin trifft sich jeden 2. Montag im Monat jeweils um 19.30 Uhr im Emmendinger Krankenhaus Nebengeb\u00e4ude, 7. Stock.<br \/>\nKontakt: Selbsthilfegruppe &#8222;Delfin&#8220; , Peter Gr\u00fcnhut, Tel 07641\/2879, Feldbergstra\u00dfe 7,<br \/>\n79 331 Teningen, <a href=\"mailto:gruenhut-SHG@web.de\">gruenhut-SHG@web.de<\/a><br \/>\n<a href=\"https:\/\/www.freiburg-schwarzwald.de\/krebs1.htm#Selbsthilfegruppe Delfin f\u00fcr M\u00e4nner mit Prostatakrebs in Emmendingen\">Selbsthilfegruppe Delfin f\u00fcr M\u00e4nner mit Prostatakrebs in Emmendingen<\/a> &gt;Krebs1 (14.1.2006)<\/p>\n<p>&nbsp;<\/p>\n<p><strong>Prostatazentrum Freiburg<\/strong><\/p>\n<p>Das im Februar gegr\u00fcndete Prostatazentrum Freiburg in der Urologie des Universit\u00e4tsklinikums ist Anlaufstelle f\u00fcr alle Patienten und Ratsuchenden mit Prostataerkrankungen. Eine umfassende Information der Patienten in der Klinik sowie bei den niedergelassenen urologischen Konsiliar\u00e4rzten und in interdisziplin\u00e4ren Sprechstunden bildet die Grundlage f\u00fcr eine individuelle und ganzheitliche Diagnostik und Behandlung im Sinne der Patientenautonomie.<\/p>\n<p>Prostatazentrum Freiburg, Chirurgische Universit\u00e4tsklinik, Abteilung Urologie,<br \/>\nHugstetter Stra\u00dfe 55, 79106 Freiburg, Tel 0761-270 2685<br \/>\n<a href=\"mailto:info@prostatazentrum.de\">info@prostatazentrum.de<\/a>, <a href=\"https:\/\/www.prostatazentrum.de\/\">www.prostatazentrum.de<\/a><\/p>\n<p>Zertifizierungssiegel fehlt<br \/>\n&#8230;. Achtung: Gleich zwei sogenannte Prostatazentren finden sich in S\u00fcdbaden \u2013 das Prostatazentrum Freiburg der Universit\u00e4tsklinik und das Prostata-Zentrum-S\u00fcdbaden, in dem das Loretto-Krankenhaus und die Klinik f\u00fcr Tumorbiologie zusammenarbeiten. Zwar widmen sich beide Zentren in erster Linie der Behandlung von Prostatatumoren, es handelt sich aber bei keinem der beiden um ein eigentliches Krebszentrum \u2013 ein Zertifizierungssiegel von Krebshilfe oder Krebsgesellschaft fehlt beiden. &#8230;.<br \/>\nMehr dazu vom 13.7.2009 bitte lesen auf<br \/>\n<a href=\"https:\/\/www.badische-zeitung.de\/ratgeber\/gesundheit-ernaehrung\/krebszentren-suedbaden\">https:\/\/www.badische-zeitung.de\/ratgeber\/gesundheit-ernaehrung\/krebszentren-suedbaden<\/a><\/p>\n<p>&nbsp;<\/p>\n<p><strong>Prostata-Zentrum S\u00fcdbaden in Freiburg<\/strong><\/p>\n<p>Gr\u00fcndung Mai 2007. Im Prostata-Zentrum arbeiten interdisziplin\u00e4r zisammen:<br \/>\nKlinik f\u00fcr Tumorbiologie, Lorettokrankenhaus und Klinik f\u00fcr Strahlenheilkunde an der Uniklinik Freiburg<\/p>\n<p>Klinik f\u00fcr Tumorbiologie, Prostata-Zentrum-S\u00fcdbaden, Breisacher Str. 117, 79106 Freiburg<br \/>\nHotline 0761 206 1877, Internet: <a href=\"https:\/\/www.prostata-zentrum-suedbaden.de\/\">www.prostata-zentrum-suedbaden.de<\/a><\/p>\n<p>Klinik f\u00fcr Tumorbiologie<br \/>\nBreisacher Str. 117, Besucheradresse: Lehener Str. 86 , 79106 Freiburg, Tel 0761 206 1109<br \/>\n<a href=\"https:\/\/www.tumorbio.uni-freiburg.de\/\">www.tumorbio.uni-freiburg.de<\/a><\/p>\n<p>Tr\u00e4gergesellschaft: KTB Klinik f\u00fcr Tumorbiologie GmbH &amp; Co. KG Kommanditgesellschaft<br \/>\nGesch\u00e4ftsf\u00fchrer: Dr. Erich Marx, Dipl.-Kfm. Axel Steinwarz<br \/>\nKTB Tumorforschungsgesellschaft mbH<\/p>\n<p><strong>Selbsthilfegruppen Prostatakrebs<\/strong><\/p>\n<p>Prostatakrebs Selbsthilfegruppe Freiburg<br \/>\nc\/o Horst Herr, Am Blasiwald 38, 79183 Waldkirch, ho.herr at t-online.de<br \/>\nHerr Isele, tel 07633\/406546<\/p>\n<p>SHG Prosdtatakrebs Ortenau<br \/>\nc\/o Ludwig Zehnle, Mahlberg, Tel 07822. 92 02,<br \/>\n<a href=\"mailto:ludwig.zehnle@t-online.de\">ludwig.zehnle@t-online.de<\/a><\/p>\n<p>Prostatakrebs Karlsruhe<br \/>\nc\/o Karl Heinz Bauern Marienstr. 6, 76137 Karlsruhe<br \/>\nkarl-heinz-bauer-m6 at t-online.de<\/p>\n<p>Prostatakrebs Pforzheim<br \/>\nc\/0 Dieter Voland, Bichlerstr. 19, 75173 Pforzheim, Tel 07231\/ 298 612<br \/>\nshg-prostatakrebs-pforzheim at web.de<br \/>\n<a href=\"https:\/\/www.selbsthilfegruppe-prostatakrebs-pforzheim.de\/\">www.selbsthilfegruppe-prostatakrebs-pforzheim.de<\/a><\/p>\n<p>S\u00fcdbaden-Oberschwaben<br \/>\nc\/o Rudolf Drummer, St. Martin Str. 3 \/ 1, 88630 Pfullendorf<br \/>\nrh.drummer at t-online.de<\/p>\n<p>landesverband Prostatakrebs Baden-W. Selbsthilfegruppen:<br \/>\n<a href=\"https:\/\/www.prostatakrebs-lps-bw.de\/index.php?article_id=21\">https:\/\/www.prostatakrebs-lps-bw.de\/index.php?article_id=21<\/a><\/p>\n<p>&nbsp;<\/p>\n<p><strong>Prostatakrebs &#8211; Selbsthilfegruppe L\u00f6rrach<\/strong><\/p>\n<p>Prostatakrebs ist die h\u00e4ufigste Krebserkrankung bei M\u00e4nnern: Bei rund 50 000 M\u00e4nnern wird die Krankheit in Deutschland jedes Jahr diagnostiziert. In L\u00f6rrach hat sich eine Selbsthilfegruppe &#8222;Prostatakrebs&#8220; gegr\u00fcndet, die \u00fcber die Krankheit aufkl\u00e4ren und Betroffenen Halt bieten will. &#8222;Wir d\u00fcrfen und k\u00f6nnen keine medizinische Beratung machen&#8220;, stellt Hans Biegert, der Gr\u00fcnder der Gruppe klar. Sein Anliegen ist vielmehr, \u00fcber die Krankheit, \u00fcber Fr\u00fcherkennung und Behandlungsmethoden zu informieren, denn seiner Meinung vermitteln die meisten \u00c4rzte ihren Patienten zu wenig Wissen dar\u00fcber. &#8222;Der Hausarzt oder der Facharzt wird Sie in den wenigsten F\u00e4llen aufkl\u00e4ren, wenn Sie nicht bohren&#8220;, so Biegert. Willkommen sind in der Selbsthilfegruppe betroffene M\u00e4nner und ihre Angeh\u00f6rigen, vor allem ihre Partnerinnen, aber auch alle Interessierten. Die Gruppe geh\u00f6rt dem Bundesverband Prostata Selbsthilfe an&#8230;..<br \/>\nAlles vom 2.11.209 auf<br \/>\n<a href=\"https:\/\/www.badische-zeitung.de\/kreis-loerrach\/langsamkeit-als-chance-und-gefahr--21869435.html\">https:\/\/www.badische-zeitung.de\/kreis-loerrach\/langsamkeit-als-chance-und-gefahr&#8211;21869435.html<\/a><\/p>\n<p>Prostatakrebs-Selbsthilfegruppe L\u00f6rrach &#8211; (ID# BW30).<br \/>\nHans Biegert, In den Bergen 59, 79585 Steinen, Tel 07627. 74 51<br \/>\n<a href=\"mailto:info@shg-prosta-loe.com\">info@shg-prosta-loe.com<\/a>, <a href=\"https:\/\/www.shg-prosta-loe.com\/\">www.shg-prosta-loe.com<\/a><br \/>\n<strong>M\u00e4nner mit Krebs &#8211; SHG im Ortenaukreis<\/strong><\/p>\n<p>Alle M\u00e4nner, die an Krebs erkrankt sind, die einmal an Krebs erkrankt und wieder gesund sind, oder neu mit Krebs konfrontiert sind und in einer Selbsthilfegruppe \u00fcber ihre Probleme mit der Krankheit sprechen wollen, sind eingeladen zu kommen. Regelm\u00e4\u00dfige Treffen jeweils am 1. Montag im Monat um 18.30 Uhr in der Stadtm\u00fchle in Lahr<br \/>\nSelbsthilfegruppe M\u00e4nner mit Krebs im Ortenaukreis<br \/>\nLudwig Zehnle, Im Gr\u00fcn 4, 77972 Mahlberg\/Orschweier, Tel 0 78 22 \/ 92 02<br \/>\nE-mail:<a href=\"mailto:ludwig.zehnle@t-online.de\"> ludwig.zehnle@t-online.de<\/a><\/p>\n<p><a href=\"https:\/\/www.freiburg-schwarzwald.de\/littenweiler\/zeitung1.htm#Schamgef\u00fchle: Auch f\u00fcr M\u00e4nner ist es nicht leicht\">Schamgef\u00fchle: Auch f\u00fcr M\u00e4nner ist es nicht leicht<\/a> &gt;Zeitung1 (24.1.2009)<\/p>\n<p>&nbsp;<\/p>\n<p><strong>Prostata-Karzinomzentrum am Ortenau Klinikum in Offenburg<\/strong><\/p>\n<p><a href=\"https:\/\/www.klinikum-offenburg.de\/\">www.klinikum-offenburg.de<\/a><br \/>\n<a href=\"https:\/\/www.freiburg-schwarzwald.de\/prostata.htm#Gr\u00f6\u00dfter Risikofaktor f\u00fcr Prostatakrebs ist das Alter\">Gr\u00f6\u00dfter Risikofaktor f\u00fcr Prostatakrebs ist das Alter<\/a> &gt;Prostata (14.4.2008)<\/p>\n<p>&nbsp;<\/p>\n<p>&nbsp;<\/p>\n<p>&nbsp;<\/p>\n","protected":false},"excerpt":{"rendered":"<p>Home &gt;Selbsthilfe &gt;Krebs &gt;Maenner &gt;Prostata Listenauswahl eines Beitrags (Artikel\/Datum, Seite\/Inhalt): Klicken oder scrollen Prostatakrebs Fr\u00fcherkennung: PSA-Wert statt Tastuntersuchung (13.6.2025) Neue Prostatatherapie: Urologin Cordula Jilg erh\u00e4lt den Eleonore-und-Fritz-Hodeige-Preis (25.7.2016) https:\/\/www.freiburg-schwarzwald.de\/blog\/ehc-fr-prostata-movember\/\u00a0(22.11.2012) ISG &#8211; Informationszentrum f\u00fcr Sexualit\u00e4t und Gesundheit an Uniklinik Freiburg &gt;Maenner &hellip; <a href=\"https:\/\/www.freiburg-schwarzwald.de\/blog\/selbsthilfe\/krebs\/prostata\/\">Weiterlesen <span class=\"meta-nav\">&rarr;<\/span><\/a><\/p>\n","protected":false},"author":4,"featured_media":0,"parent":1132,"menu_order":0,"comment_status":"open","ping_status":"closed","template":"","meta":{"footnotes":""},"class_list":["post-16094","page","type-page","status-publish","hentry"],"_links":{"self":[{"href":"https:\/\/www.freiburg-schwarzwald.de\/blog\/wp-json\/wp\/v2\/pages\/16094","targetHints":{"allow":["GET"]}}],"collection":[{"href":"https:\/\/www.freiburg-schwarzwald.de\/blog\/wp-json\/wp\/v2\/pages"}],"about":[{"href":"https:\/\/www.freiburg-schwarzwald.de\/blog\/wp-json\/wp\/v2\/types\/page"}],"author":[{"embeddable":true,"href":"https:\/\/www.freiburg-schwarzwald.de\/blog\/wp-json\/wp\/v2\/users\/4"}],"replies":[{"embeddable":true,"href":"https:\/\/www.freiburg-schwarzwald.de\/blog\/wp-json\/wp\/v2\/comments?post=16094"}],"version-history":[{"count":2,"href":"https:\/\/www.freiburg-schwarzwald.de\/blog\/wp-json\/wp\/v2\/pages\/16094\/revisions"}],"predecessor-version":[{"id":135200,"href":"https:\/\/www.freiburg-schwarzwald.de\/blog\/wp-json\/wp\/v2\/pages\/16094\/revisions\/135200"}],"up":[{"embeddable":true,"href":"https:\/\/www.freiburg-schwarzwald.de\/blog\/wp-json\/wp\/v2\/pages\/1132"}],"wp:attachment":[{"href":"https:\/\/www.freiburg-schwarzwald.de\/blog\/wp-json\/wp\/v2\/media?parent=16094"}],"curies":[{"name":"wp","href":"https:\/\/api.w.org\/{rel}","templated":true}]}}