{"id":15791,"date":"2012-11-19T12:57:51","date_gmt":"2012-11-19T11:57:51","guid":{"rendered":"https:\/\/www.freiburg-schwarzwald.de\/blog\/?page_id=15791"},"modified":"2025-06-26T15:15:07","modified_gmt":"2025-06-26T13:15:07","slug":"korruption","status":"publish","type":"page","link":"https:\/\/www.freiburg-schwarzwald.de\/blog\/engagement\/zukunft\/korruption\/","title":{"rendered":"Korruption"},"content":{"rendered":"<p>Home &gt;<a title=\"Engagement\" href=\"https:\/\/www.freiburg-schwarzwald.de\/blog\/engagement\/\">Engagement<\/a> &gt;<a title=\"Zukunft\" href=\"https:\/\/www.freiburg-schwarzwald.de\/blog\/engagement\/zukunft\/\">Zukunft<\/a> &gt;Korruption<\/p>\n<div id=\"attachment_15779\" style=\"width: 649px\" class=\"wp-caption alignnone\"><a href=\"https:\/\/www.freiburg-schwarzwald.de\/blog\/regio\/berge\/schauinsland\/schauinslandturm\/schauinslandturm1abendsonne-pan121115\/\" rel=\"attachment wp-att-15779\"><img loading=\"lazy\" decoding=\"async\" aria-describedby=\"caption-attachment-15779\" class=\"size-full wp-image-15779\" title=\"schauinslandturm1abendsonne-pan121115\" src=\"https:\/\/www.freiburg-schwarzwald.de\/blog\/wp-content\/uploads\/2012\/11\/schauinslandturm1abendsonne-pan121115.jpg\" alt=\"\" width=\"639\" height=\"223\" srcset=\"https:\/\/www.freiburg-schwarzwald.de\/blog\/wp-content\/uploads\/2012\/11\/schauinslandturm1abendsonne-pan121115.jpg 639w, https:\/\/www.freiburg-schwarzwald.de\/blog\/wp-content\/uploads\/2012\/11\/schauinslandturm1abendsonne-pan121115-180x62.jpg 180w\" sizes=\"auto, (max-width: 639px) 100vw, 639px\" \/><\/a><p id=\"caption-attachment-15779\" class=\"wp-caption-text\">Blick vom Schauinslandturm \u00fcbers neblige M\u00fcnstertal und Rheintal am 15.11.2012<\/p><\/div>\n<ul>\n<li><em>Listenauswahl eines Beitrags (Artikel\/Datum, Seite\/Inhalt):\u00a0<span style=\"text-decoration: underline;\">Klicken<\/span>\u00a0oder scrollen<\/em><\/li>\n<li><a href=\"https:\/\/www.freiburg-schwarzwald.de\/blog\/minister-amtseid-spahn-faeser\/\">Minister-Amtseid: Spahn Faeser<\/a>\u00a0(25.6.2025)<\/li>\n<li><a href=\"https:\/\/www.freiburg-schwarzwald.de\/blog\/global\/eu\/eu-kommission\/\">Die EU-Kommission ist korrupt \u2013 Selbst MS-Medien k\u00f6nnen nicht mehr \u00fcber das Offensichtliche hinwegsehen<\/a> (7.6.20259<\/li>\n<li><a href=\"https:\/\/www.freiburg-schwarzwald.de\/blog\/ngo-finanzierung-in-eu-dubios\/\">NGO-Finanzierung in EU dubios<\/a>\u00a0(13.5.2025)<\/li>\n<li><a href=\"https:\/\/www.freiburg-schwarzwald.de\/blog\/kultur\/medien\/zeitung\/zeitschrift\/\">F\u00f6rderung l\u00e4uft nun aus: Spiegel erhielt insgesamt 5,4 Millionen Dollar von der Gates-Stiftung<\/a>\u00a0(25.10.2024)<\/li>\n<li><a href=\"https:\/\/www.freiburg-schwarzwald.de\/blog\/cum-ex\/\">Cum-Ex: Der Kanzler grinst zum gro\u00dfen Steuerraub<\/a>\u00a0(21.7.2024)<\/li>\n<li><a href=\"https:\/\/www.freiburg-schwarzwald.de\/blog\/habeck-atomausstieg-getrickst\/\">Habeck: Atomausstieg\u00a0 getrickst<\/a>\u00a0(26.4.2024)<\/li>\n<li><a href=\"https:\/\/www.freiburg-schwarzwald.de\/blog\/agora-klima-blackrock-finanz\/\">Agora\/Klima \u2013 Blackrock\/Finanz<\/a>\u00a0(27.5.2023)<\/li>\n<li>System Habeck-Graichen: Netzwerke und Filz (3.5.2023)<\/li>\n<li>Korruption &#8211; eine soziale Seuche mit hoher Letalit\u00e4t (28.2.2023)<\/li>\n<li>Bill Gates \u00fcber die ukrainische Regierung (26.2.2023)<\/li>\n<li>EU-Korruption ist systemisch (12.12.2022)<\/li>\n<li><a href=\"https:\/\/www.freiburg-schwarzwald.de\/blog\/business\/gesund\/corona-virus\/impf-versprechen\/\">4,5 Mrd Covid19-Impfdosen f\u00fcr 450 Mio EU-B\u00fcrger<\/a>\u00a0(15.10.2022)<\/li>\n<li><a href=\"https:\/\/www.freiburg-schwarzwald.de\/blog\/kultur\/medien\/medien-politik\/\">RBB-Intendantin: Vetternwirtschaft mit 300.000 Euro Jahresgehalt<\/a>\u00a0(5.8.2022)<\/li>\n<li><a href=\"https:\/\/www.freiburg-schwarzwald.de\/blog\/engagement\/zukunft\/demokratie\/wahlen2021\/\">Berlin Wahlunregelm\u00e4\u00dfigkeiten: Apollo bringt Licht<\/a> (10.6.2021)<\/li>\n<li><a href=\"https:\/\/www.freiburg-schwarzwald.de\/blog\/global\/deutschland\/ddr2-0\/\">Protokoll einer Entlassung \u2013 Hubertus Knabe: Sondervorgang MeToo<\/a> (27.10.2021)<\/li>\n<li><a title=\"DDR\" href=\"https:\/\/www.freiburg-schwarzwald.de\/blog\/global\/deutschland\/ddr\/\">Vor 30 Jahren: Die D-Mark-Gewinner der DDR \u2013 SED bzw. Linke reichste Partei<\/a>\u00a0(1.7.2020)<\/li>\n<li>Afrikas korrupte Elite beutet ihren Kontinent aus (5.11.2016)<\/li>\n<li>Der Faktor Korruption ist noch nicht in die volkswirtschaftlichen Modelle integriert (28.4.2014)<\/li>\n<li><a href=\"https:\/\/www.freiburg-schwarzwald.de\/blog\/eu-milliardengrab-palaestina\/\">https:\/\/www.freiburg-schwarzwald.de\/blog\/eu-milliardengrab-palaestina\/ <\/a>(15.1.2014)<\/li>\n<li>Korruptionsindex von Transparency International (9.12.2013)<\/li>\n<li><a href=\"https:\/\/www.freiburg-schwarzwald.de\/blog\/fluechtlinge-lampedusa-afrika\/\">https:\/\/www.freiburg-schwarzwald.de\/blog\/fluechtlinge-lampedusa-afrika\/<\/a>\u00a0(21.10.2013)<\/li>\n<li><a href=\"https:\/\/www.freiburg-schwarzwald.de\/blog\/christian-wulff-korruption\/\">https:\/\/www.freiburg-schwarzwald.de\/blog\/christian-wulff-korruption\/<\/a>\u00a0(9.4.2012)<\/li>\n<li>Spaniens Politik versinkt im Schwarzgeld-Sumpf (1.2.2013)<\/li>\n<li><a title=\"Rohstoffe\" href=\"https:\/\/www.freiburg-schwarzwald.de\/blog\/energie\/rohstoffe\/\">Rohstoffereiche L\u00e4nder =\u00a0arme korrupte L\u00e4nder<\/a>\u00a0&gt;Rohstoffe\u00a0(26.11.2012)<\/li>\n<li><a href=\"https:\/\/www.freiburg-schwarzwald.de\/blog\/bz-info-pressereise-testprodukt\/\">https:\/\/www.freiburg-schwarzwald.de\/blog\/bz-info-pressereise-testprodukt\/<\/a>\u00a0(19.11.2012)<\/li>\n<li><a href=\"https:\/\/www.freiburg-schwarzwald.de\/zukunft4.htm#Keine Ahnung - Dilettanten sind die neuen Helden der Gesellschaft\">&#8222;Keine Ahnung&#8220; &#8211; Dilettanten sind die neuen Helden der Gesellschaft<\/a> &gt;Zukunft4 (15.1.2012)<\/li>\n<li><a href=\"https:\/\/www.freiburg-schwarzwald.de\/korruption#Vorteilsnahme-Affaire von Bundespr\u00e4sident Christian Wulff: Urlaub, Kredit\">Vorteilsnahme von Christian Wulff: Urlaub, Kredit, &#8230;<\/a> (2.1.2012)<\/li>\n<li><a href=\"https:\/\/www.freiburg-schwarzwald.de\/korruption#14000 Griechen schulden dem Staat 36 Mrd Euro = 2,57 Mio Euro pro Person\">14000 Griechen schulden dem Staat 36 Mrd Euro = 2,57 Mio Euro pro Person<\/a> &gt;Korrupt (14.7)<\/li>\n<li><a href=\"https:\/\/www.freiburg-schwarzwald.de\/korruption#Fakelaki - kleiner Umschlag in Griechenland\">Fakelaki &#8211; kleiner Umschlag in Griechenland<\/a> &gt;Korruption (1.7.2011)<\/li>\n<li><a href=\"https:\/\/www.freiburg-schwarzwald.de\/china.htm#Reformvordenker Bao Tong: Totale Macht f\u00fchrt zu totaler Korruption\">Reformvordenker Bao Tong: Totale Macht f\u00fchrt zu totaler Korruption<\/a> &gt;China (1.7.2011)<\/li>\n<li><a href=\"https:\/\/www.freiburg-schwarzwald.de\/waffen.htm#RIB: Waffenlieferungen nach \u00c4gypten - Warum Pazifisten S\u00f6ldnerhefte lesen\">RIB: Waffenlieferungen nach \u00c4gypten &#8211; Warum Pazifisten S\u00f6ldnerhefte lesen <\/a>&gt;Waffen (9.2.2011)<\/li>\n<li><a href=\"https:\/\/www.freiburg-schwarzwald.de\/korruption#Mafia in Deutschland mit Schwerpunkt in Stuttgart\">Mafia in Deutschland mit Schwerpunkt in Stuttgart<\/a> &gt;Korruption (6.10.2010)<\/li>\n<li><a href=\"https:\/\/www.freiburg-schwarzwald.de\/korruption.htm#Die Kleinen h\u00e4ngt man und die Gro\u00dfen l\u00e4sst man laufen\">Die Kleinen h\u00e4ngt man und die Gro\u00dfen l\u00e4sst man laufen<\/a> &gt;Korruption (4.12.2009)<\/li>\n<li><a href=\"https:\/\/www.freiburg-schwarzwald.de\/korruption.htm#Bhopal: Schlimmster Chemieunfall der Geschichte wird nicht geahndet\">Bhopal: Schlimmster Chemieunfall der Geschichte wird nicht geahndet<\/a> (4.12.2009)<\/li>\n<li><a href=\"https:\/\/www.freiburg-schwarzwald.de\/globalisierung.htm#Rohstoffe: Unternehmen und Staaten kaufen riesige L\u00e4ndereien im S\u00fcden\">Rohstoffe: Unternehmen und Staaten kaufen riesige L\u00e4ndereien im S\u00fcden<\/a> &gt;Glob (29.8.09)<\/li>\n<li><a href=\"https:\/\/www.freiburg-schwarzwald.de\/korruption#Korruption und Entwicklungshilfe: Kick-back, Social auditing\">Korruption und Entwicklungshilfe: Kick-back, Social auditing<\/a> &gt;Korruption (21.7.2009)<\/li>\n<li><\/li>\n<li><a title=\"Afrika\" href=\"https:\/\/www.freiburg-schwarzwald.de\/blog\/global\/afrika\/\">Afrika<\/a><\/li>\n<li><a href=\"https:\/\/www.freiburg-schwarzwald.de\/blog\/cum-ex\/\">Cum-Ex<\/a><\/li>\n<li><a title=\"Lobby\" href=\"https:\/\/www.freiburg-schwarzwald.de\/blog\/global\/eu\/lobby\/\">Lobby<\/a><\/li>\n<li><a title=\"Schwarzarbeit\" href=\"https:\/\/www.freiburg-schwarzwald.de\/blog\/selbsthilfe\/soziales\/arbeit\/schwarzarbeit\/\">Schwarzarbeit<\/a><\/li>\n<\/ul>\n<p>&nbsp;<\/p>\n<p><strong>System Habeck-Graichen: Netzwerke und Filz<\/strong><br \/>\n&#8222;Ich glaube nicht, da\u00df irgend etwas \u2013 das gilt nat\u00fcrlich auch f\u00fcr Frau Baerbock \u2013 tats\u00e4chlich aus dem Kopf von Herrn Habeck selber stammt. Er ist praktisch nur die Galionsfigur f\u00fcr ein Konzept, f\u00fcr die gr\u00fcne oder <a href=\"https:\/\/www.freiburg-schwarzwald.de\/blog\/natur\/klima\/transformation\/\">\u00f6kosozialistische Transformation<\/a> unserer Gesellschaft.<br \/>\nEs w\u00e4re geradezu fatal, wenn man jetzt Graichen praktisch in die Unsichtbarkeit zur\u00fcckschieben w\u00fcrde. Denn der Einflu\u00df w\u00fcrde sich ja nicht ver\u00e4ndern. (&#8230;) Dieses Netz ist noch unendlich viel gr\u00f6\u00dfer und unendlich viel verzweigter.\u201c<br \/>\nNorbert Bolz, Kommunikationswissenschaftler, in der Youtube-Sendung \u201eStimmt \u2013 der Nachrichten-Talk\u201c vom 3. Mai 2023<\/p>\n<p>&nbsp;<\/p>\n<p><strong>Korruption &#8211; eine soziale Seuche mit hoher Letalit\u00e4t<\/strong><br \/>\nSeit mehreren Jahren k\u00f6nnen wir uns auf Wissenschaft, Justiz, Medizin und Medien nicht mehr verlassen. Demokratie und Freiheit sind durch institutionelle Korruption dem Tode geweiht, wenn wir es nicht schaffen, berechtigtes Vertrauen wieder herzustellen.<br \/>\nWie institutionelle Korruption schadet und wie wir unsere Gemeinschaften dagegen immunisieren k\u00f6nnen, davon handelt mein halbst\u00fcndiger Vortrag beim MWGFD-Symposium.<br \/>\nVortrag von Dr. Wolfgang Wodarg beim gro\u00dfen <a href=\"https:\/\/www.freiburg-schwarzwald.de\/blog\/business\/gesund\/corona-virus\/\">MWGFD Symposium<\/a>, 28.2.2023<br \/>\n<a href=\"https:\/\/odysee.com\/@Klardenkentv:6\/Wodarg:137\">https:\/\/odysee.com\/@Klardenkentv:6\/Wodarg:137<\/a><br \/>\n<a href=\"https:\/\/www.wodarg.com\">https:\/\/www.wodarg.com<\/a>\/<br \/>\n.<br \/>\n<strong>Wolfgang Wodarg: Korruption \u2013 eine Notlage internationaler Tragweite<\/strong><br \/>\nEine Gemeinschaft ist um so st\u00e4rker und widerstandsf\u00e4higer, je mehr ihre Mitglieder sehen und verstehen k\u00f6nnen, was entschieden wird. Es muss Transparenz herrschen \u2013 und sie muss auch genutzt werden. Heute findet Korruption oft institutionalisiert und damit legalisiert statt und l\u00e4sst sich daher kaum vor Gericht stellen. Hier ist der Souver\u00e4n, die Bev\u00f6lkerung selbst gefragt, sich wieder f\u00fcr ihre Rechte einzusetzen. Subsidiarit\u00e4t und gemeinschaftliche Selbstorganisation sind der Schl\u00fcssel.<br \/>\nWer das Wort Korruption h\u00f6rt, der denkt zumeist an die Bestechung einzelner Amtstr\u00e4ger oder Politiker. Bestechung oder Vorteilsnahme sind Straftaten, an denen mindestens zwei T\u00e4ter beteiligt sind. Sie geschehen in einer gesetzlich geregelten Umgebung und sind bei vielen mit dem Bild von \u201eschwarzen Schafen\u201c verbunden. Diese werden entdeckt, es wird gegen sie ermittelt und sie werden bestraft. Firmen richten Compliance-Abteilungen ein, damit so etwas nicht passiert und kein schlechtes Licht auf sie f\u00e4llt.<br \/>\nLeider haben aber nicht alle, die Korruption bek\u00e4mpfen, etwas Gutes f\u00fcr die gesamte Bev\u00f6lkerung im Sinn. So finden sich zum Beispiel bei Transparency International (TI), einer \u201eKoalition gegen Korruption\u201c, neben einzelnen B\u00fcrgern und Gemeinden auch gro\u00dfe Unternehmen und Stiftungen wie PricewaterhouseCooper, die Helios-Kliniken-Gruppe, GlaxoSmithKline, die Open Society Foundation oder die Allianz AG. Auch Steuerfluchthelfer, vorbestrafte Pharmafirmen und demokratiefeindliche Plutokraten glauben etwas gegen Korruption tun zu m\u00fcssen. Sie alle handeln vern\u00fcnftig, denn jede Organisation, ob Sportverein, Gemeinde, Industriekonzern oder sogar eine Mafia, muss aufpassen, dass ihre Entscheidungstr\u00e4ger nicht von au\u00dfenstehenden Interessenten oder gar der Konkurrenz bestochen werden und somit der Organisation Schaden zuf\u00fcgen.<br \/>\n&#8230;.<br \/>\nEine Formel f\u00fcr resiliente Selbstorganisation. Als Ged\u00e4chtnisst\u00fctze und Zusammenfassung meiner Ausf\u00fchrungen biete ich deshalb folgende Merkformel an:<br \/>\n&#8222;Eine Gemeinschaft ist danach um so st\u00e4rker und widerstandsf\u00e4higer, je mehr ihre Mitglieder sehen und verstehen k\u00f6nnen, was dort entschieden wird. Je gr\u00f6\u00dfer und je komplexer strukturiert eine Gemeinschaft wird, desto eher sind Fehlentwicklungen m\u00f6glich.&#8220;<br \/>\n&#8230; Alles vom 14.3.2023 von Wolfgang Wodarg bitte lesen auf<br \/>\n<a href=\"https:\/\/multipolar-magazin.de\/artikel\/korruption-notlage\">https:\/\/multipolar-magazin.de\/artikel\/korruption-notlage<\/a><\/p>\n<p>&nbsp;<\/p>\n<p><strong>Bill Gates \u00fcber die ukrainische Regierung<\/strong><br \/>\n<a href=\"https:\/\/www.eva-herman.net\/files\/videos\/file645889545_86852.mp4\">https:\/\/www.eva-herman.net\/files\/videos\/file645889545_86852.mp4<\/a><br \/>\n&#8230; Alles vom 27.2.2023 bitte lesen auf<br \/>\n<a href=\"https:\/\/www.eva-herman.net\/offiziell\/\">https:\/\/www.eva-herman.net\/offiziell\/<\/a><\/p>\n<p>&nbsp;<\/p>\n<p><strong>EU-Korruption ist systemisch<\/strong><br \/>\n\u201eK\u00f6nnte man allein die Tatsache, da\u00df 14 Vizepr\u00e4sidenten dem Pr\u00e4sidenten des Parlaments zur Seite stehen, nicht bereits als einen Hinweis auf \u2018inh\u00e4rente\u2019, \u2018systemische\u2019 oder \u2018strukturelle Korruption\u2019 im Organigramm der EU verstehen?\u201c<br \/>\nHenryk M. Broder, Publizist, auf dem Blog \u201eAchgut.com\u201c am 12. Dezember 2022<\/p>\n<p>&nbsp;<\/p>\n<p><strong>Bestechung, Beziehung, &#8222;Gute Freunde&#8220;, Geschenke, Korruption, Vorteilsnahme, &#8230;.<\/strong><br \/>\n<strong>Afrikas korrupte Elite beutet ihren Kontinent aus<\/strong><br \/>\nDie demokratischen Entscheidungsprozesse beschr\u00e4nkt sich in der Regel darauf, Repr\u00e4sentanten zu w\u00e4hlen. Freie und allgemeine Wahlen sind aber nur dann demokratisch wirkungsvoll, wenn sie in gesicherte B\u00fcrgerrechte und Gewaltenkontrolle eingebettet sind. Demokratie erzeugt nicht automatisch fairen sozialen Ausgleich und Wohlstand, das leisten nur soziale Demokratien. Entscheidend ist die Achtung der Verfassung des Landes. Alle afrikanischen Verfassungen sind auf dem Papier demokratisch und sehen Respekt vor den staatlichen Institutionen, Gewaltenteilung, ein Wahlsystem, Rechtsstaatlichkeit und die Achtung der Menschenrechte vor. Die Wirklichkeit sieht jedoch ganz anders aus.<br \/>\n&#8230;..<br \/>\nAber je mehr Afrikaner ihre F\u00fchrer als korrupt einsch\u00e4tzen, desto unruhiger wird die Lage. Afrikas Bev\u00f6lkerung ist emp\u00f6rt \u00fcber das Ausma\u00df der Bestechlichkeit und die Anh\u00e4ufung gro\u00dfer Verm\u00f6gen an der Spitze, w\u00e4hrend der Lebensstandard der nicht Privilegierten kaum steigt. Die Unzufriedenen, Frustrierten und diejenigen, die reale Ver\u00e4nderungen wollen, werden sich in nicht allzu gro\u00dfer Ferne kraftvoll zu Wort melden. Sie haben endg\u00fcltig genug von Staatschefs und Regierungen, die den Ausverkauf der Landwirtschaft sowie den Niedergang des Gesundheits- und Bildungssystems zu verantworten haben. Sie werden erstmals einen echten Wettbewerb in der Politik und eine starke Kontrolle der Machthaber notfalls mit Gewalt erzwingen. &#8230;.<br \/>\nAlles von Colker Seitz vom 2.11.2016 bitte lesen auf<br \/>\n<a href=\"https:\/\/www.achgut.com\/artikel\/wie_afrikas_politische_elite_ihren_kontinent_ausbeutet\">https:\/\/www.achgut.com\/artikel\/wie_afrikas_politische_elite_ihren_kontinent_ausbeutet<br \/>\n<\/a>\u00a0 \u00a0.<br \/>\n<em>Volker Seitz war von 1965 bis 2008 in verschiedenen Funktionen f\u00fcr das deutsche Ausw\u00e4rtige Amt t\u00e4tig, zuletzt als Botschafter in Kamerun, der Zentralafrikanischen Republik und \u00c4quatorialguinea mit Sitz in Jaunde. Er geh\u00f6rt zum Initiativ-Kreis des Bonner Aufrufs zur Reform der Entwicklungshilfe und ist Autor des Buches \u201eAfrika wird armregiert\u201c, das im Herbst 2014 in erweiterter siebter Auflage bei dtv erschienen ist.<\/em><\/p>\n<p><strong>Alimentation in EU<\/strong><br \/>\nSolange die EU glaubt, die \u201cUnzufriedenen, Frustrierten und diejenigen, die reale Ver\u00e4nderungen wollen\u201d aus Afrika in Europa aufnehmen und alimentieren zu m\u00fcssen, wird sich in Afrika nichts \u00e4ndern. Wer immer wieder Druck aus dem Kessel nimmt, braucht sich nicht wundern, wenn selbst nach ewig langer Zeit nichts Gares dabei heraus kommt. Den dritten Absatz \u00fcber die \u201cherrschende Klasse\u201d k\u00f6nnte man \u00fcbrigens fast vollst\u00e4ndig auch auf Deutschland und die EU \u00fcbertragen (z.B. \u201cSeit Jahrzehnten ist diese opake F\u00fchrungsriege immun gegen eine Wahrnehmung der Realit\u00e4t.\u201d)<br \/>\nFrank Royale, 3.11.2016, AO<\/p>\n<p>&nbsp;<\/p>\n<p><strong>Der Faktor Korruption ist noch nicht in die volkswirtschaftlichen Modelle integriert<\/strong><\/p>\n<p>Walter Eucken erlebte die Folgen f\u00fcr ein Wirtschaftssystem durch die Inflation und formulierte daraufhin sein &#8222;Primat der W\u00e4hrungspolitik&#8220;. Wir erleben nun die Folgen f\u00fcr Wirtschaftssysteme durch korrupte Strukturen. Genauso wie wirtschaften bei Bedingungen von Hyperinflation nicht m\u00f6glich ist, genauso ist Wirtschaften bei korrupten Bedingungen nicht m\u00f6glich.<br \/>\nDie Menschen k\u00f6nnen nicht die Schulden abarbeiten, die korrupte Banksysteme angeh\u00e4uft haben.<br \/>\nDie Menschen k\u00f6nnen nicht die Schulden des korrupten griechischen Systems abarbeiten, das keine Steuern von Reichen verlangt hat oder Renten an ganze Inseln von Blinden bezahlt hat.<br \/>\nDie Menschen k\u00f6nnen nicht die Schulden abarbeiten, die korrupte spanische Politiker durch den Bau von St\u00e4dten ohne Bewohner oder Flugh\u00e4fen im Niemandsland angeh\u00e4uft haben.<br \/>\nSolange L\u00e4nder wie Italien korrupte Politiker wie Berlusconi an die Spitze ihrer Regierung w\u00e4hlen, hat die europ\u00e4ische Wirtschaft keine Chance.<br \/>\nDie Volkswirtschaftslehre hat den Faktor Korruption noch nicht in ihre Modelle integriert. Wie w\u00e4re es mit dem Primat der nicht korrupten Wirtschaftspolitik?<br \/>\n29.5.2014<\/p>\n<p>&nbsp;<\/p>\n<p>&nbsp;<\/p>\n<p><strong>Korruptionsindex von Transparency International<\/strong><br \/>\nDer\u00a0177 Staaten umfassende Korruptionswahrnehmungsindex\u00a0 von Transparency International (TI) f\u00fchrt zum Ende 2013 D\u00e4nemark weiterhin als weltweit korruptionsfreiestes Land an. Auszug: 1 D\u00e4nemark, 3 Schweden, 7 CH, 9 Canada, 12 D, 14 GBR, 18 Japan, 19 USA, 22 F, 26 \u00d6sterreich, 38 Polen, 40 Spanien, 69 Italien, 72 Brasilien, 80 China, 81 Griechenland, 106 Mexiko, 114 \u00c4gypten, 127 Russland, 171 Iraq.<br \/>\nGriechenland gilt weiterhin als korruptestes Land der EU. Auffallend ist der Absturz von Spanien von Rang 30 auf Rang 40, der weiterhin anh\u00e4lt.<br \/>\n<a href=\"https:\/\/www.transparency.org\/cpi2013\/results\">https:\/\/www.transparency.org\/cpi2013\/results<\/a><\/p>\n<p>Spanien immer korrupter<br \/>\nEin Problem ist nach TI, dass die Korruption im Land weitgehend straffrei bleibt. Der spanische Universit\u00e4tsprofessor Manuel Villoria f\u00fchrt an, dass in Polen im vergangenen Jahr 3.000 Urteile gegen Korruption gesprochen wurden. &#8222;In Spanien waren es nur 90.&#8220; F\u00fcr sie gibt es nur ein Res\u00fcmee: &#8222;Es herrscht Straffreiheit.&#8220; &#8230;.<br \/>\nAlles vom 9.12.2013 bitte lesen auf<br \/>\n<a href=\"https:\/\/www.heise.de\/tp\/blogs\/8\/155439\">https:\/\/www.heise.de\/tp\/blogs\/8\/155439<\/a><\/p>\n<p>&nbsp;<\/p>\n<p>&nbsp;<\/p>\n<div id=\"container\">\n<div id=\"content\">\n<div>\n<div id=\"fontScale\"><!-- RSPEAK_STOP --><!-- RSPEAK_START --><strong>Spaniens Politik versinkt im Schwarzgeld-Sumpf<br \/>\n<\/strong>&#8230;. Seit vier Jahren ermitteln sie gegen ein mutma\u00dflich weitgespanntes Korruptionsnetz in der Volkspartei, und Rajoy kann sich nicht mehr hinter Verschw\u00f6rungstheorien verschanzen: Die PP muss den Verdacht aushalten, in ihren innersten Strukturen korrupt zu sein&#8230;..<br \/>\nDoch die Ersch\u00fctterung unter den Spaniern ist gewaltig. Sie haben das Vertrauen in die Politik verloren. Schlechte Politik hat sie in die schwerste Wirtschaftskrise seit Jahrzehnten gef\u00fchrt, fast sechs Millionen Spanier sind arbeitslos. Und nun bekommen sie noch beinahe t\u00e4glich zu lesen, dass dieselben Politiker, die die Karre in den Dreck gefahren haben, Betr\u00fcger sind. Jedenfalls viele von ihnen. Zu viele. Die Hoffnung auf die Selbstreinigungs-kr\u00e4fte der Demokratie schwindet. Wird die PP ihren Saustall ausmisten? Die wenigsten Spanier glauben das. Bleibt die Justiz. Doch die ist langsam und immer mal wieder auf beiden Augen blind&#8230;..<br \/>\nAlles vom 1.2.2013 bitte lesen auf<br \/>\n<a href=\"https:\/\/www.badische-zeitung.de\/kommentare-1\/spaniens-politik-versinkt-im-schwarzgeld-sumpf--68760273.html\">https:\/\/www.badische-zeitung.de\/kommentare-1\/spaniens-politik-versinkt-im-schwarzgeld-sumpf&#8211;68760273.html<\/a><\/div>\n<div><\/div>\n<div><\/div>\n<div><\/div>\n<\/div>\n<\/div>\n<\/div>\n","protected":false},"excerpt":{"rendered":"<p>Home &gt;Engagement &gt;Zukunft &gt;Korruption Listenauswahl eines Beitrags (Artikel\/Datum, Seite\/Inhalt):\u00a0Klicken\u00a0oder scrollen Minister-Amtseid: Spahn Faeser\u00a0(25.6.2025) Die EU-Kommission ist korrupt \u2013 Selbst MS-Medien k\u00f6nnen nicht mehr \u00fcber das Offensichtliche hinwegsehen (7.6.20259 NGO-Finanzierung in EU dubios\u00a0(13.5.2025) F\u00f6rderung l\u00e4uft nun aus: Spiegel erhielt insgesamt 5,4 &hellip; <a href=\"https:\/\/www.freiburg-schwarzwald.de\/blog\/engagement\/zukunft\/korruption\/\">Weiterlesen <span class=\"meta-nav\">&rarr;<\/span><\/a><\/p>\n","protected":false},"author":4,"featured_media":0,"parent":2250,"menu_order":0,"comment_status":"open","ping_status":"closed","template":"","meta":{"footnotes":""},"class_list":["post-15791","page","type-page","status-publish","hentry"],"_links":{"self":[{"href":"https:\/\/www.freiburg-schwarzwald.de\/blog\/wp-json\/wp\/v2\/pages\/15791","targetHints":{"allow":["GET"]}}],"collection":[{"href":"https:\/\/www.freiburg-schwarzwald.de\/blog\/wp-json\/wp\/v2\/pages"}],"about":[{"href":"https:\/\/www.freiburg-schwarzwald.de\/blog\/wp-json\/wp\/v2\/types\/page"}],"author":[{"embeddable":true,"href":"https:\/\/www.freiburg-schwarzwald.de\/blog\/wp-json\/wp\/v2\/users\/4"}],"replies":[{"embeddable":true,"href":"https:\/\/www.freiburg-schwarzwald.de\/blog\/wp-json\/wp\/v2\/comments?post=15791"}],"version-history":[{"count":6,"href":"https:\/\/www.freiburg-schwarzwald.de\/blog\/wp-json\/wp\/v2\/pages\/15791\/revisions"}],"predecessor-version":[{"id":135566,"href":"https:\/\/www.freiburg-schwarzwald.de\/blog\/wp-json\/wp\/v2\/pages\/15791\/revisions\/135566"}],"up":[{"embeddable":true,"href":"https:\/\/www.freiburg-schwarzwald.de\/blog\/wp-json\/wp\/v2\/pages\/2250"}],"wp:attachment":[{"href":"https:\/\/www.freiburg-schwarzwald.de\/blog\/wp-json\/wp\/v2\/media?parent=15791"}],"curies":[{"name":"wp","href":"https:\/\/api.w.org\/{rel}","templated":true}]}}