{"id":15746,"date":"2012-11-18T09:50:46","date_gmt":"2012-11-18T08:50:46","guid":{"rendered":"https:\/\/www.freiburg-schwarzwald.de\/blog\/?page_id=15746"},"modified":"2026-01-21T17:24:52","modified_gmt":"2026-01-21T16:24:52","slug":"schauinslandbahn","status":"publish","type":"page","link":"https:\/\/www.freiburg-schwarzwald.de\/blog\/regio\/berge\/schauinsland\/schauinslandbahn\/","title":{"rendered":"Schauinslandbahn"},"content":{"rendered":"<p>Home &gt;<a title=\"Regio\" href=\"https:\/\/www.freiburg-schwarzwald.de\/blog\/regio\/\">Regio<\/a> &gt;<a title=\"Berge\" href=\"https:\/\/www.freiburg-schwarzwald.de\/blog\/regio\/berge\/\">Berge<\/a>\u00a0&gt;<a title=\"Schauinsland\" href=\"https:\/\/www.freiburg-schwarzwald.de\/blog\/regio\/berge\/schauinsland\/\">Schauinsland<\/a>\u00a0&gt;Schauinslandbahn<\/p>\n<div id=\"attachment_15639\" style=\"width: 648px\" class=\"wp-caption alignnone\"><a href=\"https:\/\/www.freiburg-schwarzwald.de\/blog\/sport\/sportvereine\/scfreiburg\/sc-neubau\/schauinsland5bergstation-pan121115\/\" rel=\"attachment wp-att-15639\"><img loading=\"lazy\" decoding=\"async\" aria-describedby=\"caption-attachment-15639\" class=\"size-full wp-image-15639\" title=\"schauinsland5bergstation-pan121115\" src=\"https:\/\/www.freiburg-schwarzwald.de\/blog\/wp-content\/uploads\/2012\/11\/schauinsland5bergstation-pan121115.jpg\" alt=\"\" width=\"638\" height=\"214\" srcset=\"https:\/\/www.freiburg-schwarzwald.de\/blog\/wp-content\/uploads\/2012\/11\/schauinsland5bergstation-pan121115.jpg 638w, https:\/\/www.freiburg-schwarzwald.de\/blog\/wp-content\/uploads\/2012\/11\/schauinsland5bergstation-pan121115-180x60.jpg 180w\" sizes=\"auto, (max-width: 638px) 100vw, 638px\" \/><\/a><p id=\"caption-attachment-15639\" class=\"wp-caption-text\">Blick von Schauinsland Bergstation nach Westen bis zu den Vogesen am 15.11.2012<\/p><\/div>\n<ul>\n<li>Bergwelt-Schauinsland.de &#8211; die Homepage der Schauinslandbahn<\/li>\n<li><a href=\"https:\/\/www.freiburg-schwarzwald.de\/ausflug.htm#Schauinsland - Schauinslandbahn\">Ausfl\u00fcge: Schauinslandbahn von Freiburg-G\u00fcnterstal auf den Gipfel<\/a> &gt;Ausflug<\/li>\n<li><a href=\"https:\/\/www.freiburg-schwarzwald.de\/wandern\/index.htm#Schauinslandbahn - Von der Bergstation zur Talstation wandern\">Von der Bergstation der Schauinslandbahn zur Talstation wandern<\/a> &gt;Wandern<\/li>\n<li><a href=\"https:\/\/www.freiburg-schwarzwald.de\/schauinslandbahn.htm#Erste Gro\u00dfkabinen-Umlaufseilbahn der Welt wird 80 Jahre\">Erste Gro\u00dfkabinen-Umlaufseilbahn der Welt wird 80 Jahre<\/a> &gt;Schauinslandbahn (15.7.2010)<\/li>\n<li><a href=\"https:\/\/www.freiburg-schwarzwald.de\/mtb-tour.htm#Freiburg - Kappler Tal - Rappeneck - Schauinsland - Kaltwasser - Horben- Lorettoberg- Freiburg\">FR &#8211; Kappler Tal &#8211; Rappeneck &#8211; Schauinsland &#8211; Kaltwasser &#8211; Horben &#8211; FR<\/a> &gt;MTB-Tour (8.8.2006)<\/li>\n<li><a href=\"https:\/\/www.freiburg-schwarzwald.de\/schauinslandbahn#Bergwelt - VAG-Marketingkonzept f\u00fcr Schauinsland und Schauinslandbahn\">Bergwelt &#8211; VAG-Marketingkonzept f\u00fcr Schauinsland und Schauinslandbahn<\/a>(28.4.2001)<\/li>\n<li><a href=\"https:\/\/www.freiburg-schwarzwald.de\/giesshuebel.htm\">Gie\u00dfh\u00fcbel &#8211; Anh\u00f6he und Gasthaus am Schauinsland-Westhang<\/a> &gt;Giesshuebel<\/li>\n<\/ul>\n<p>&nbsp;<\/p>\n<p>&nbsp;<\/p>\n<p align=\"left\"><strong>Bergwelt-Schauinsland.de &#8211; die Homepage der Schauinslandbahn\u00a0<\/strong><\/p>\n<p>&#8222;Mit Deutschlands l\u00e4ngster Kabinen-Umlauf-Seilbahn (3,6 km) auf Freiburgs Hausberg (1284 m H\u00f6he) und H\u00f6hepunkt. 15 Minuten schweben Sie ab der Talstation in die herrliche Bergwelt Schauinsland (H\u00f6hendifferenz 746 m). Die Fahrt mit der Seilbahn er\u00f6ffnet Ihnen faszinierende Ausblicke auf die Stadt Freiburg und ins Rheintal bis hin zum blauen Band der Vogesen. Und auf dem Berg gibt es Erholung pur. Die Schauinslandbahn f\u00e4hrt durchgehend nach Bedarf &#8211; eine der 37 Kabinen ist schon da, wenn Sie einsteigen wollen.<\/p>\n<p>Bergwelt Schauinslandbahn, Im Bohrer 63, 79289 Horben bei Freiburg,<br \/>\nTel. 07 61\/ 29 29 30, Fax 29 29 313<br \/>\nHomepage <a href=\"https:\/\/www.bergwelt-schauinsland.de\/\">www.bergwelt-schauinsland.de<\/a><br \/>\n<a href=\"https:\/\/www.vag-freiburg.de\/\">www.vag-freiburg.de<\/a><\/p>\n<p>Die Schauinslandbahn f\u00e4hrt t\u00e4glich 9 bis 17 Uhr, die Bergfahrt kostet 8 (mit Regiokarte 7) Euro.<br \/>\nWetterinfo 0761\/45511-456 , <a title=\"Webcams\" href=\"https:\/\/www.freiburg-schwarzwald.de\/blog\/tourismus\/webcams\/\">Webcam<\/a><\/p>\n<p>&nbsp;<\/p>\n<h5><a href=\"https:\/\/www.freiburg-schwarzwald.de\/blog\/regio\/berge\/schauinsland\/schauinslandbahn\/schauinsland1bergstation121115\/\" rel=\"attachment wp-att-15763\"><img loading=\"lazy\" decoding=\"async\" class=\"alignnone size-thumbnail wp-image-15763\" title=\"schauinsland1bergstation121115\" src=\"https:\/\/www.freiburg-schwarzwald.de\/blog\/wp-content\/uploads\/2012\/11\/schauinsland1bergstation121115-180x137.jpg\" alt=\"\" width=\"180\" height=\"137\" srcset=\"https:\/\/www.freiburg-schwarzwald.de\/blog\/wp-content\/uploads\/2012\/11\/schauinsland1bergstation121115-180x137.jpg 180w, https:\/\/www.freiburg-schwarzwald.de\/blog\/wp-content\/uploads\/2012\/11\/schauinsland1bergstation121115.jpg 639w\" sizes=\"auto, (max-width: 180px) 100vw, 180px\" \/><\/a>\u00a0\u00a0\u00a0\u00a0\u00a0\u00a0\u00a0\u00a0\u00a0 <a href=\"https:\/\/www.freiburg-schwarzwald.de\/blog\/regio\/berge\/schauinsland\/schauinslandbahn\/schauinsland2bergstation121115\/\" rel=\"attachment wp-att-15764\"><img loading=\"lazy\" decoding=\"async\" class=\"alignnone size-thumbnail wp-image-15764\" title=\"schauinsland2bergstation121115\" src=\"https:\/\/www.freiburg-schwarzwald.de\/blog\/wp-content\/uploads\/2012\/11\/schauinsland2bergstation121115-141x180.jpg\" alt=\"\" width=\"141\" height=\"180\" srcset=\"https:\/\/www.freiburg-schwarzwald.de\/blog\/wp-content\/uploads\/2012\/11\/schauinsland2bergstation121115-141x180.jpg 141w, https:\/\/www.freiburg-schwarzwald.de\/blog\/wp-content\/uploads\/2012\/11\/schauinsland2bergstation121115.jpg 499w\" sizes=\"auto, (max-width: 141px) 100vw, 141px\" \/><\/a>\u00a0\u00a0\u00a0\u00a0\u00a0\u00a0\u00a0\u00a0\u00a0 <a href=\"https:\/\/www.freiburg-schwarzwald.de\/blog\/regio\/berge\/schauinsland\/schauinslandbahn\/schauinsland3bergstation121115\/\" rel=\"attachment wp-att-15765\"><img loading=\"lazy\" decoding=\"async\" class=\"alignnone size-thumbnail wp-image-15765\" title=\"schauinsland3bergstation121115\" src=\"https:\/\/www.freiburg-schwarzwald.de\/blog\/wp-content\/uploads\/2012\/11\/schauinsland3bergstation121115-180x135.jpg\" alt=\"\" width=\"180\" height=\"135\" srcset=\"https:\/\/www.freiburg-schwarzwald.de\/blog\/wp-content\/uploads\/2012\/11\/schauinsland3bergstation121115-180x135.jpg 180w, https:\/\/www.freiburg-schwarzwald.de\/blog\/wp-content\/uploads\/2012\/11\/schauinsland3bergstation121115.jpg 640w\" sizes=\"auto, (max-width: 180px) 100vw, 180px\" \/><\/a><br \/>\n(1) Windr\u00e4der an Holzschl\u00e4germatte\u00a0\u00a0\u00a0\u00a0\u00a0\u00a0\u00a0\u00a0\u00a0\u00a0\u00a0 Wegweiser Bergstation\u00a0\u00a0\u00a0\u00a0\u00a0\u00a0\u00a0\u00a0\u00a0\u00a0\u00a0\u00a0\u00a0\u00a0\u00a0\u00a0\u00a0 Blick nach Westen<\/h5>\n<h5><a href=\"https:\/\/www.freiburg-schwarzwald.de\/blog\/regio\/berge\/schauinsland\/schauinslandbahn\/schauinsland4bergstation121115\/\" rel=\"attachment wp-att-15766\"><img loading=\"lazy\" decoding=\"async\" class=\"alignnone size-thumbnail wp-image-15766\" title=\"schauinsland4bergstation121115\" src=\"https:\/\/www.freiburg-schwarzwald.de\/blog\/wp-content\/uploads\/2012\/11\/schauinsland4bergstation121115-180x135.jpg\" alt=\"\" width=\"180\" height=\"135\" srcset=\"https:\/\/www.freiburg-schwarzwald.de\/blog\/wp-content\/uploads\/2012\/11\/schauinsland4bergstation121115-180x135.jpg 180w, https:\/\/www.freiburg-schwarzwald.de\/blog\/wp-content\/uploads\/2012\/11\/schauinsland4bergstation121115.jpg 640w\" sizes=\"auto, (max-width: 180px) 100vw, 180px\" \/><\/a>\u00a0\u00a0\u00a0\u00a0\u00a0\u00a0\u00a0\u00a0\u00a0 <a href=\"https:\/\/www.freiburg-schwarzwald.de\/blog\/regio\/berge\/schauinsland\/schauinslandbahn\/schauinsland5bergstation121115\/\" rel=\"attachment wp-att-15767\"><img loading=\"lazy\" decoding=\"async\" class=\"alignnone size-thumbnail wp-image-15767\" title=\"schauinsland5bergstation121115\" src=\"https:\/\/www.freiburg-schwarzwald.de\/blog\/wp-content\/uploads\/2012\/11\/schauinsland5bergstation121115-180x135.jpg\" alt=\"\" width=\"180\" height=\"135\" srcset=\"https:\/\/www.freiburg-schwarzwald.de\/blog\/wp-content\/uploads\/2012\/11\/schauinsland5bergstation121115-180x135.jpg 180w, https:\/\/www.freiburg-schwarzwald.de\/blog\/wp-content\/uploads\/2012\/11\/schauinsland5bergstation121115.jpg 640w\" sizes=\"auto, (max-width: 180px) 100vw, 180px\" \/><\/a>\u00a0\u00a0\u00a0\u00a0\u00a0\u00a0\u00a0\u00a0\u00a0 <a href=\"https:\/\/www.freiburg-schwarzwald.de\/blog\/regio\/berge\/schauinsland\/schauinslandbahn\/schauinsland6bergstation121115\/\" rel=\"attachment wp-att-15768\"><img loading=\"lazy\" decoding=\"async\" class=\"alignnone size-thumbnail wp-image-15768\" title=\"schauinsland6bergstation121115\" src=\"https:\/\/www.freiburg-schwarzwald.de\/blog\/wp-content\/uploads\/2012\/11\/schauinsland6bergstation121115-180x135.jpg\" alt=\"\" width=\"180\" height=\"135\" srcset=\"https:\/\/www.freiburg-schwarzwald.de\/blog\/wp-content\/uploads\/2012\/11\/schauinsland6bergstation121115-180x135.jpg 180w, https:\/\/www.freiburg-schwarzwald.de\/blog\/wp-content\/uploads\/2012\/11\/schauinsland6bergstation121115.jpg 640w\" sizes=\"auto, (max-width: 180px) 100vw, 180px\" \/><\/a><br \/>\nNebelmeer\u00a0\u00a0\u00a0\u00a0\u00a0\u00a0\u00a0\u00a0\u00a0\u00a0\u00a0\u00a0\u00a0\u00a0\u00a0\u00a0\u00a0\u00a0\u00a0\u00a0\u00a0\u00a0\u00a0\u00a0\u00a0\u00a0\u00a0\u00a0\u00a0\u00a0\u00a0\u00a0\u00a0\u00a0\u00a0\u00a0\u00a0\u00a0\u00a0\u00a0\u00a0\u00a0\u00a0 Gel\u00e4nder Bergstationterrasse links\u00a0\u00a0\u00a0\u00a0\u00a0\u00a0\u00a0\u00a0\u00a0\u00a0\u00a0\u00a0\u00a0\u00a0\u00a0\u00a0\u00a0\u00a0\u00a0\u00a0\u00a0\u00a0\u00a0 Sch\u00f6nberg im Nebel<\/h5>\n<h5><a href=\"https:\/\/www.freiburg-schwarzwald.de\/blog\/regio\/berge\/schauinsland\/schauinslandbahn\/schauinsland7bergstation121115\/\" rel=\"attachment wp-att-15769\"><img loading=\"lazy\" decoding=\"async\" class=\"alignnone size-thumbnail wp-image-15769\" title=\"schauinsland7bergstation121115\" src=\"https:\/\/www.freiburg-schwarzwald.de\/blog\/wp-content\/uploads\/2012\/11\/schauinsland7bergstation121115-144x180.jpg\" alt=\"\" width=\"144\" height=\"180\" srcset=\"https:\/\/www.freiburg-schwarzwald.de\/blog\/wp-content\/uploads\/2012\/11\/schauinsland7bergstation121115-144x180.jpg 144w, https:\/\/www.freiburg-schwarzwald.de\/blog\/wp-content\/uploads\/2012\/11\/schauinsland7bergstation121115.jpg 511w\" sizes=\"auto, (max-width: 144px) 100vw, 144px\" \/><\/a>\u00a0\u00a0\u00a0\u00a0\u00a0\u00a0\u00a0\u00a0\u00a0\u00a0\u00a0\u00a0 <a href=\"https:\/\/www.freiburg-schwarzwald.de\/blog\/regio\/berge\/schauinsland\/schauinslandbahn\/schauinsland8bergstation121115\/\" rel=\"attachment wp-att-15770\"><img loading=\"lazy\" decoding=\"async\" class=\"alignnone size-thumbnail wp-image-15770\" title=\"schauinsland8bergstation121115\" src=\"https:\/\/www.freiburg-schwarzwald.de\/blog\/wp-content\/uploads\/2012\/11\/schauinsland8bergstation121115-180x135.jpg\" alt=\"\" width=\"180\" height=\"135\" srcset=\"https:\/\/www.freiburg-schwarzwald.de\/blog\/wp-content\/uploads\/2012\/11\/schauinsland8bergstation121115-180x135.jpg 180w, https:\/\/www.freiburg-schwarzwald.de\/blog\/wp-content\/uploads\/2012\/11\/schauinsland8bergstation121115.jpg 640w\" sizes=\"auto, (max-width: 180px) 100vw, 180px\" \/><\/a>\u00a0\u00a0\u00a0\u00a0\u00a0\u00a0\u00a0\u00a0\u00a0\u00a0\u00a0\u00a0 <a href=\"https:\/\/www.freiburg-schwarzwald.de\/blog\/regio\/berge\/schauinsland\/schauinslandbahn\/schauinsland-bergstation-fotograf121115\/\" rel=\"attachment wp-att-15771\"><img loading=\"lazy\" decoding=\"async\" class=\"alignnone size-thumbnail wp-image-15771\" title=\"schauinsland-bergstation-fotograf121115\" src=\"https:\/\/www.freiburg-schwarzwald.de\/blog\/wp-content\/uploads\/2012\/11\/schauinsland-bergstation-fotograf121115-180x135.jpg\" alt=\"\" width=\"180\" height=\"135\" srcset=\"https:\/\/www.freiburg-schwarzwald.de\/blog\/wp-content\/uploads\/2012\/11\/schauinsland-bergstation-fotograf121115-180x135.jpg 180w, https:\/\/www.freiburg-schwarzwald.de\/blog\/wp-content\/uploads\/2012\/11\/schauinsland-bergstation-fotograf121115.jpg 640w\" sizes=\"auto, (max-width: 180px) 100vw, 180px\" \/><\/a><br \/>\nGleitschirm-Start\u00a0\u00a0\u00a0\u00a0\u00a0\u00a0\u00a0\u00a0\u00a0\u00a0\u00a0\u00a0\u00a0\u00a0\u00a0\u00a0\u00a0\u00a0\u00a0\u00a0\u00a0\u00a0\u00a0\u00a0\u00a0\u00a0\u00a0\u00a0\u00a0\u00a0\u00a0 Sonnenuntergang\u00a0\u00a015.11.2012\u00a0\u00a0\u00a0\u00a0\u00a0\u00a0\u00a0\u00a0\u00a0\u00a0\u00a0\u00a0\u00a0\u00a0\u00a0\u00a0\u00a0\u00a0\u00a0(9)\u00a0 Der Fotograf und der Nebel<\/h5>\n<p>&nbsp;<\/p>\n<p>Bilder (1) bis (9): Am 15.11.2012 gegen 17 Uhr auf der Terrasse der Restaurants oben an der Bergstation der Schauinslandbahn: Nebel im Rheintal und \u00fcber Freiburg, warme 14 Grad oben am Schauinsland bei Windstille und Sonne. Inversionswetterlage also.<\/p>\n","protected":false},"excerpt":{"rendered":"<p>Home &gt;Regio &gt;Berge\u00a0&gt;Schauinsland\u00a0&gt;Schauinslandbahn Bergwelt-Schauinsland.de &#8211; die Homepage der Schauinslandbahn Ausfl\u00fcge: Schauinslandbahn von Freiburg-G\u00fcnterstal auf den Gipfel &gt;Ausflug Von der Bergstation der Schauinslandbahn zur Talstation wandern &gt;Wandern Erste Gro\u00dfkabinen-Umlaufseilbahn der Welt wird 80 Jahre &gt;Schauinslandbahn (15.7.2010) FR &#8211; Kappler Tal &#8211; &hellip; <a href=\"https:\/\/www.freiburg-schwarzwald.de\/blog\/regio\/berge\/schauinsland\/schauinslandbahn\/\">Weiterlesen <span class=\"meta-nav\">&rarr;<\/span><\/a><\/p>\n","protected":false},"author":4,"featured_media":0,"parent":13969,"menu_order":0,"comment_status":"open","ping_status":"closed","template":"","meta":{"footnotes":""},"class_list":["post-15746","page","type-page","status-publish","hentry"],"_links":{"self":[{"href":"https:\/\/www.freiburg-schwarzwald.de\/blog\/wp-json\/wp\/v2\/pages\/15746","targetHints":{"allow":["GET"]}}],"collection":[{"href":"https:\/\/www.freiburg-schwarzwald.de\/blog\/wp-json\/wp\/v2\/pages"}],"about":[{"href":"https:\/\/www.freiburg-schwarzwald.de\/blog\/wp-json\/wp\/v2\/types\/page"}],"author":[{"embeddable":true,"href":"https:\/\/www.freiburg-schwarzwald.de\/blog\/wp-json\/wp\/v2\/users\/4"}],"replies":[{"embeddable":true,"href":"https:\/\/www.freiburg-schwarzwald.de\/blog\/wp-json\/wp\/v2\/comments?post=15746"}],"version-history":[{"count":1,"href":"https:\/\/www.freiburg-schwarzwald.de\/blog\/wp-json\/wp\/v2\/pages\/15746\/revisions"}],"predecessor-version":[{"id":144544,"href":"https:\/\/www.freiburg-schwarzwald.de\/blog\/wp-json\/wp\/v2\/pages\/15746\/revisions\/144544"}],"up":[{"embeddable":true,"href":"https:\/\/www.freiburg-schwarzwald.de\/blog\/wp-json\/wp\/v2\/pages\/13969"}],"wp:attachment":[{"href":"https:\/\/www.freiburg-schwarzwald.de\/blog\/wp-json\/wp\/v2\/media?parent=15746"}],"curies":[{"name":"wp","href":"https:\/\/api.w.org\/{rel}","templated":true}]}}