{"id":15560,"date":"2012-11-15T22:14:17","date_gmt":"2012-11-15T21:14:17","guid":{"rendered":"https:\/\/www.freiburg-schwarzwald.de\/blog\/?page_id=15560"},"modified":"2013-09-06T18:34:13","modified_gmt":"2013-09-06T16:34:13","slug":"oeko-institut","status":"publish","type":"page","link":"https:\/\/www.freiburg-schwarzwald.de\/blog\/natur\/umwelt\/oeko-institut\/","title":{"rendered":"Oeko-Institut"},"content":{"rendered":"<p>Home &gt;<a title=\"Natur\" href=\"https:\/\/www.freiburg-schwarzwald.de\/blog\/natur\/\">Natur<\/a> &gt;<a title=\"Umwelt\" href=\"https:\/\/www.freiburg-schwarzwald.de\/blog\/natur\/umwelt\/\">Umwelt<\/a> &gt;Oeko-Institut\u00a0<\/p>\n<div id=\"attachment_15636\" style=\"width: 648px\" class=\"wp-caption alignnone\"><a href=\"https:\/\/www.freiburg-schwarzwald.de\/blog\/natur\/umwelt\/oeko-institut\/schauinsland3belchen-pan121115\/\" rel=\"attachment wp-att-15636\"><img loading=\"lazy\" decoding=\"async\" aria-describedby=\"caption-attachment-15636\" class=\"size-full wp-image-15636\" title=\"schauinsland3belchen-pan121115\" src=\"https:\/\/www.freiburg-schwarzwald.de\/blog\/wp-content\/uploads\/2012\/11\/schauinsland3belchen-pan121115.jpg\" alt=\"\" width=\"638\" height=\"212\" srcset=\"https:\/\/www.freiburg-schwarzwald.de\/blog\/wp-content\/uploads\/2012\/11\/schauinsland3belchen-pan121115.jpg 638w, https:\/\/www.freiburg-schwarzwald.de\/blog\/wp-content\/uploads\/2012\/11\/schauinsland3belchen-pan121115-180x59.jpg 180w\" sizes=\"auto, (max-width: 638px) 100vw, 638px\" \/><\/a><p id=\"caption-attachment-15636\" class=\"wp-caption-text\">Blick vom Schauinsland nach S\u00fcden zum Belchen (links) und \u00fcbers M\u00fcnstertal am 15.11.2012<\/p><\/div>\n<ul>\n<li><a href=\"https:\/\/www.freiburg-schwarzwald.de\/blog\/eeg-kalkulator-oeko-institut\/\">https:\/\/www.freiburg-schwarzwald.de\/blog\/eeg-kalkulator-oeko-institut\/<\/a>\u00a0(22.3.2013)<\/li>\n<li><a href=\"https:\/\/www.freiburg-schwarzwald.de\/blog\/dena-solarfoerderung-beenden\/\">https:\/\/www.freiburg-schwarzwald.de\/blog\/dena-solarfoerderung-beenden\/<\/a>\u00a0(15.11.2012)<\/li>\n<li><a href=\"https:\/\/www.freiburg-schwarzwald.de\/littenweiler\/solar4.htm#WORK GREEN - Jobmesse f\u00fcr Erneuerbare Energien in Uni-Mensa\">WORK GREEN &#8211; Jobmesse f\u00fcr Erneuerbare Energien in Uni-Mensa<\/a> &gt;Solar4 (20.1.2011)<\/li>\n<li><a href=\"https:\/\/www.freiburg-schwarzwald.de\/kapitalanlage.htm#Baum-Invest - Holz in Costa Rica\">Baum-Invest &#8211; Holz in Costa Rica<\/a> &gt;Kapitalanlage<\/li>\n<li><a href=\"https:\/\/www.freiburg-schwarzwald.de\/oekologie1.htm#Deutscher Umweltpreis f\u00fcr Rainer Grie\u00dfhammer, \u00d6ko-Institut Freiburg\">Deutscher Umweltpreis f\u00fcr Rainer Grie\u00dfhammer, \u00d6ko-Institut Freiburg<\/a> &gt;Oekologie1 (26.11.2010)<\/li>\n<li><a href=\"https:\/\/www.freiburg-schwarzwald.de\/littenweiler\/buch2.htm#Renewable Energy: Solarbuch von Walter Witzel\/Dieter Seifried auf Englisch\">Renewable Energy: Solarbuch von Walter Witzel\/Dieter Seifried auf Englisch<\/a> &gt;Buch2 (2.11.10)<\/li>\n<li><a href=\"https:\/\/www.freiburg-schwarzwald.de\/littenweiler\/waldhaus.htm#Rainer Grie\u00dfhammer vom \u00d6koinstitut: Klima sch\u00fctzen, Energie und Geld sparen\">Rainer Grie\u00dfhammer vom \u00d6koinstitut: Klima sch\u00fctzen, Energie, Geld sparen<\/a> &gt;Waldhaus (6.12.)<\/li>\n<li><a href=\"https:\/\/www.freiburg-schwarzwald.de\/klima2.htm#Finanzkrise und Klima: Eine Demonstration von Lernunf\u00e4higkeit\">Finanzkrise und Klima: Eine Demonstration von Lernunf\u00e4higkeit<\/a> &gt;Klima (28.10.2008)<\/li>\n<li><a href=\"https:\/\/www.freiburg-schwarzwald.de\/neustadt2.htm#Umweltp\u00e4dagogin vom \u00d6ko-Institut Freiburg an der Hansjakobschule\">Umweltp\u00e4dagogin vom \u00d6ko-Institut Freiburg an der Hansjakobschule<\/a> &gt;Neustadt2 (9.1.2008)<\/li>\n<li><a href=\"https:\/\/www.freiburg-schwarzwald.de\/oekologie1.htm#F\u00fchrung durch \u00d6ko-Institut Freiburg am 3.11.2007\">F\u00fchrung durch \u00d6ko-Institut Freiburg am 3.11.2007<\/a> &gt;Oekologie1 (1.11.2007)<\/li>\n<li><a href=\"https:\/\/www.freiburg-schwarzwald.de\/littenweiler\/ehrenamt5.htm#Georg L\u00f6ser - Der blaue Engel von Gundelfingen\">Georg L\u00f6ser &#8211; Der blaue Engel von Gundelfingen<\/a> &gt;Ehrenamt5 (1.11.2007)<\/li>\n<li><a href=\"https:\/\/www.freiburg-schwarzwald.de\/klima1.htm#\u00d6ko-Institut: Jeder kann Klima retten\">\u00d6ko-Institut: Jeder kann Klima retten<\/a> &gt;Klima1 (22.6.2007)<\/li>\n<li><a href=\"https:\/\/www.freiburg-schwarzwald.de\/verbraucher1.htm#EcoTopTen.de - Rangliste des \u00d6koinstituts\">EcoTopTen.de &#8211; Rangliste des \u00d6koinstituts<\/a> &gt;Verbraucher1 (29.7.2006)<\/li>\n<li><a href=\"https:\/\/www.freiburg-schwarzwald.de\/verkehr.htm#Neue Nahverkehrsangebote im Naturpark S\u00fcdschwarzwald - NahviS\">Neue Nahverkehrsangebote im Naturpark S\u00fcdschwarzwald &#8211; NahviS<\/a> &gt;Verkehr (5.11.2005)<br \/>\n\u00a0\u00a0\u00a0<\/li>\n<li>\u00d6ko-Institut<\/li>\n<li>Sonnenschriff in FR-Vauban<\/li>\n<li><a title=\"Nachhaltigkeit\" href=\"https:\/\/www.freiburg-schwarzwald.de\/blog\/natur\/klima\/nachhaltigkeit\/\">Nawis &#8211; Nachhaltige Wissenschaft Verbund<\/a> &gt;Nachhaltigkeit<\/li>\n<\/ul>\n<p>&nbsp;<\/p>\n<p><strong>\u00d6ko-Institut Freiburg<\/strong><\/p>\n<p>\u00d6ko-Institut e.V., Willi Loose, Postfach 6226, 79038 Freiburg<br \/>\n\u00d6ko-Institut im Sonnenschiff, Freiburg-Vauban, Merzhauser Str. 173.<br \/>\nTel 0761\/4 52 95-18,<br \/>\n<a href=\"mailto:w.loose@oeko.de\" target=\"self\">w.loose@oeko.de<\/a>, <a href=\"https:\/\/www.oeko.de\/\">www.oeko.de<\/a><\/p>\n<p>&nbsp;<\/p>\n<p><strong>Sonnenschiff in Freiburg-Vauban<\/strong><\/p>\n<p><a href=\"https:\/\/www.freiburg-schwarzwald.de\/blog\/natur\/umwelt\/oeko-institut\/vauban0608\/\" rel=\"attachment wp-att-15572\"><img loading=\"lazy\" decoding=\"async\" class=\"alignnone size-thumbnail wp-image-15572\" title=\"vauban0608\" src=\"https:\/\/www.freiburg-schwarzwald.de\/blog\/wp-content\/uploads\/2012\/11\/vauban0608-180x135.jpg\" alt=\"\" width=\"180\" height=\"135\" srcset=\"https:\/\/www.freiburg-schwarzwald.de\/blog\/wp-content\/uploads\/2012\/11\/vauban0608-180x135.jpg 180w, https:\/\/www.freiburg-schwarzwald.de\/blog\/wp-content\/uploads\/2012\/11\/vauban0608.jpg 640w\" sizes=\"auto, (max-width: 180px) 100vw, 180px\" \/><\/a>\u00a0Sonnenschiff in FR-Vauban 8\/2006<\/p>\n<p>Einen Blick hinter die Kulissen des Sonnenschiffs bietet das \u00d6ko-Institut am Mittwoch, 30. Mai, ab 10 Uhr, bei einer F\u00fchrung durch sein \u00f6kologisches B\u00fcrogeb\u00e4ude in der Merzhauser Stra\u00dfe 173. Angeboten werden die F\u00fchrungen f\u00fcr Einzelbesucher in der Regel am letzten Mittwoch im Monat von 10 bis 11 Uhr. F\u00fcr Gruppen wird ein Sondertermin vereinbart.<br \/>\nInfos und Anmeldung: Tel 0761\/452950,\u00a0 <a href=\"https:\/\/www.oeko.de\/sonnenschiff.htm\" target=\"_blank\">www.oeko.de\/sonnenschiff.htm<\/a><\/p>\n<p>Das \u00d6ko-Institut ist beteiligt am ZEE:<br \/>\n<a href=\"https:\/\/www.freiburg-schwarzwald.de\/forschung.htm#ZEE - Zentrum f\u00fcr Erneuerbare Energien in Freiburg\">ZEE &#8211; Zentrum f\u00fcr Erneuerbare Energien in Freiburg<\/a> &gt;Forschung<br \/>\n<a href=\"https:\/\/www.freiburg-schwarzwald.de\/stiftungen.htm#Stiftung Zukunftserbe zur Nachhaltigkeit\">Stiftung Zukunftserbe zur Nachhaltigkeit<\/a> &gt;Stiftungen<\/p>\n<p>Leo Pr\u00f6stler hat das \u00d6ko-Institut mitbegr\u00fcndet:<\/p>\n","protected":false},"excerpt":{"rendered":"<p>Home &gt;Natur &gt;Umwelt &gt;Oeko-Institut\u00a0 https:\/\/www.freiburg-schwarzwald.de\/blog\/eeg-kalkulator-oeko-institut\/\u00a0(22.3.2013) https:\/\/www.freiburg-schwarzwald.de\/blog\/dena-solarfoerderung-beenden\/\u00a0(15.11.2012) WORK GREEN &#8211; Jobmesse f\u00fcr Erneuerbare Energien in Uni-Mensa &gt;Solar4 (20.1.2011) Baum-Invest &#8211; Holz in Costa Rica &gt;Kapitalanlage Deutscher Umweltpreis f\u00fcr Rainer Grie\u00dfhammer, \u00d6ko-Institut Freiburg &gt;Oekologie1 (26.11.2010) Renewable Energy: Solarbuch von Walter Witzel\/Dieter Seifried &hellip; <a href=\"https:\/\/www.freiburg-schwarzwald.de\/blog\/natur\/umwelt\/oeko-institut\/\">Weiterlesen <span class=\"meta-nav\">&rarr;<\/span><\/a><\/p>\n","protected":false},"author":4,"featured_media":0,"parent":512,"menu_order":0,"comment_status":"open","ping_status":"closed","template":"","meta":{"footnotes":""},"class_list":["post-15560","page","type-page","status-publish","hentry"],"_links":{"self":[{"href":"https:\/\/www.freiburg-schwarzwald.de\/blog\/wp-json\/wp\/v2\/pages\/15560","targetHints":{"allow":["GET"]}}],"collection":[{"href":"https:\/\/www.freiburg-schwarzwald.de\/blog\/wp-json\/wp\/v2\/pages"}],"about":[{"href":"https:\/\/www.freiburg-schwarzwald.de\/blog\/wp-json\/wp\/v2\/types\/page"}],"author":[{"embeddable":true,"href":"https:\/\/www.freiburg-schwarzwald.de\/blog\/wp-json\/wp\/v2\/users\/4"}],"replies":[{"embeddable":true,"href":"https:\/\/www.freiburg-schwarzwald.de\/blog\/wp-json\/wp\/v2\/comments?post=15560"}],"version-history":[{"count":0,"href":"https:\/\/www.freiburg-schwarzwald.de\/blog\/wp-json\/wp\/v2\/pages\/15560\/revisions"}],"up":[{"embeddable":true,"href":"https:\/\/www.freiburg-schwarzwald.de\/blog\/wp-json\/wp\/v2\/pages\/512"}],"wp:attachment":[{"href":"https:\/\/www.freiburg-schwarzwald.de\/blog\/wp-json\/wp\/v2\/media?parent=15560"}],"curies":[{"name":"wp","href":"https:\/\/api.w.org\/{rel}","templated":true}]}}