{"id":15446,"date":"2012-11-14T21:41:19","date_gmt":"2012-11-14T20:41:19","guid":{"rendered":"https:\/\/www.freiburg-schwarzwald.de\/blog\/?page_id=15446"},"modified":"2016-08-09T14:51:35","modified_gmt":"2016-08-09T12:51:35","slug":"zo","status":"publish","type":"page","link":"https:\/\/www.freiburg-schwarzwald.de\/blog\/business\/handel\/zo\/","title":{"rendered":"ZO"},"content":{"rendered":"<p>Home &gt;<a title=\"Business\" href=\"https:\/\/www.freiburg-schwarzwald.de\/blog\/business\/\">Business<\/a> &gt;<a title=\"Handel\" href=\"https:\/\/www.freiburg-schwarzwald.de\/blog\/business\/handel\/\">Handel<\/a> &gt;<a title=\"Oberwiehre\" href=\"https:\/\/www.freiburg-schwarzwald.de\/blog\/regio\/freiburg\/oberwiehre\/\">Oberwiehre<\/a>\u00a0&gt;ZO<\/p>\n<div id=\"attachment_15441\" style=\"width: 646px\" class=\"wp-caption alignnone\"><a href=\"https:\/\/www.freiburg-schwarzwald.de\/blog\/regio\/freiburg\/oberwiehre\/oberwiehre-pan121106\/\" rel=\"attachment wp-att-15441\"><img loading=\"lazy\" decoding=\"async\" aria-describedby=\"caption-attachment-15441\" class=\" wp-image-15441 \" title=\"oberwiehre-pan121106\" src=\"https:\/\/www.freiburg-schwarzwald.de\/blog\/wp-content\/uploads\/2012\/07\/oberwiehre-pan121106.jpg\" alt=\"\" width=\"636\" height=\"285\" srcset=\"https:\/\/www.freiburg-schwarzwald.de\/blog\/wp-content\/uploads\/2012\/07\/oberwiehre-pan121106.jpg 636w, https:\/\/www.freiburg-schwarzwald.de\/blog\/wp-content\/uploads\/2012\/07\/oberwiehre-pan121106-180x80.jpg 180w\" sizes=\"auto, (max-width: 636px) 100vw, 636px\" \/><\/a><p id=\"caption-attachment-15441\" class=\"wp-caption-text\">Blick nach Westen am 6.11.2012 auf Sch\u00fctzenallee &#8211; Lycee Turenne links &#8211; ZO rechts<\/p><\/div>\n<ul>\n<li><a href=\"https:\/\/www.freiburg-schwarzwald.de\/blog\/upcycling-kunsthandwerkmarkt\/\">https:\/\/www.freiburg-schwarzwald.de\/blog\/upcycling-kunsthandwerkmarkt\/<\/a> (7.8.2016)<\/li>\n<li><a href=\"https:\/\/www.freiburg-schwarzwald.de\/tafel1.htm#Kauf eins mehr f\u00fcr die Tafeln: Rewe-Spendenaktion\">Kauf eins mehr f\u00fcr die Tafeln: Rewe-Spendenaktion<\/a> &gt;Tafel1 (23.11.2010)<\/li>\n<li><a href=\"https:\/\/www.freiburg-schwarzwald.de\/littenweiler\/soziales.htm#Barriererfreier Zugang zu Treffpunkt Freiburg im ZO\">Barriererfreier Zugang zu Treffpunkt Freiburg im ZO<\/a> &gt;Soziales<\/li>\n<li><a title=\"Treffpunkt\" href=\"https:\/\/www.freiburg-schwarzwald.de\/blog\/engagement\/treffpunkt\/\">Treffpunkt<\/a><\/li>\n<li>ZO &#8211; Zentrum Oberwiehre<\/li>\n<li>Wochenmarkt &#8211; Bauernmarkt am ZO<\/li>\n<\/ul>\n<p>&nbsp;<\/p>\n<p><strong>ZO &#8211; Zentrum Oberwiehre<\/strong><\/p>\n<p>Schwarzwaldstrasse 78 b, 79117 Freiburg, Tel (0761) 766 55 65<br \/>\n<a href=\"https:\/\/www.zentrum-oberwiehre.de\/\">www.zentrum-oberwiehre.de<\/a><\/p>\n<p>&nbsp;<\/p>\n<p><a href=\"https:\/\/www.freiburg-schwarzwald.de\/blog\/business\/handel\/zo\/zo-oberwiehre090408\/\" rel=\"attachment wp-att-15457\"><img loading=\"lazy\" decoding=\"async\" class=\"alignnone size-thumbnail wp-image-15457\" title=\"zo-oberwiehre090408\" src=\"https:\/\/www.freiburg-schwarzwald.de\/blog\/wp-content\/uploads\/2012\/11\/zo-oberwiehre090408-180x135.jpg\" alt=\"\" width=\"180\" height=\"135\" srcset=\"https:\/\/www.freiburg-schwarzwald.de\/blog\/wp-content\/uploads\/2012\/11\/zo-oberwiehre090408-180x135.jpg 180w, https:\/\/www.freiburg-schwarzwald.de\/blog\/wp-content\/uploads\/2012\/11\/zo-oberwiehre090408.jpg 640w\" sizes=\"auto, (max-width: 180px) 100vw, 180px\" \/><\/a>\u00a0\u00a0\u00a0\u00a0\u00a0\u00a0\u00a0\u00a0\u00a0 <a href=\"https:\/\/www.freiburg-schwarzwald.de\/blog\/business\/handel\/zo\/zo090721\/\" rel=\"attachment wp-att-15458\"><img loading=\"lazy\" decoding=\"async\" class=\"alignnone size-thumbnail wp-image-15458\" title=\"zo090721\" src=\"https:\/\/www.freiburg-schwarzwald.de\/blog\/wp-content\/uploads\/2012\/11\/zo090721-180x135.jpg\" alt=\"\" width=\"180\" height=\"135\" srcset=\"https:\/\/www.freiburg-schwarzwald.de\/blog\/wp-content\/uploads\/2012\/11\/zo090721-180x135.jpg 180w, https:\/\/www.freiburg-schwarzwald.de\/blog\/wp-content\/uploads\/2012\/11\/zo090721.jpg 640w\" sizes=\"auto, (max-width: 180px) 100vw, 180px\" \/><\/a>\u00a0\u00a0\u00a0\u00a0\u00a0\u00a0\u00a0\u00a0\u00a0 <a href=\"https:\/\/www.freiburg-schwarzwald.de\/blog\/business\/handel\/zo\/zo-einkaufszentrum140213\/\" rel=\"attachment wp-att-45432\"><img loading=\"lazy\" decoding=\"async\" class=\"alignnone size-thumbnail wp-image-45432\" src=\"https:\/\/www.freiburg-schwarzwald.de\/blog\/wp-content\/uploads\/2012\/11\/zo-einkaufszentrum140213-180x135.jpg\" alt=\"zo-einkaufszentrum140213\" width=\"180\" height=\"135\" srcset=\"https:\/\/www.freiburg-schwarzwald.de\/blog\/wp-content\/uploads\/2012\/11\/zo-einkaufszentrum140213-180x135.jpg 180w, https:\/\/www.freiburg-schwarzwald.de\/blog\/wp-content\/uploads\/2012\/11\/zo-einkaufszentrum140213.jpg 640w\" sizes=\"auto, (max-width: 180px) 100vw, 180px\" \/><\/a><br \/>\n(1) 8.4.2009\u00a0\u00a0am ZO\u00a0\u00a0\u00a0\u00a0\u00a0\u00a0\u00a0\u00a0\u00a0\u00a0\u00a0\u00a0\u00a0\u00a0\u00a0\u00a0\u00a0\u00a0\u00a0\u00a0\u00a0\u00a0\u00a0\u00a0\u00a0\u00a0\u00a0\u00a0\u00a0\u00a0\u00a0(2) 21.7.2009\u00a0\u00a0\u00a0\u00a0\u00a0\u00a0\u00a0\u00a0\u00a0\u00a0\u00a0\u00a0\u00a0\u00a0\u00a0\u00a0\u00a0\u00a0\u00a0\u00a0\u00a0\u00a0\u00a0\u00a0\u00a0\u00a0\u00a0\u00a0\u00a0\u00a0\u00a0\u00a0\u00a0\u00a0\u00a0\u00a0\u00a0\u00a0\u00a0\u00a0\u00a0\u00a0\u00a0(3) ZO am 13.2.2014<\/p>\n<p><a href=\"https:\/\/www.freiburg-schwarzwald.de\/blog\/business\/handel\/zo\/abfall-zo-einkaufszentrum140213\/\" rel=\"attachment wp-att-45434\"><img loading=\"lazy\" decoding=\"async\" class=\"alignnone size-thumbnail wp-image-45434\" src=\"https:\/\/www.freiburg-schwarzwald.de\/blog\/wp-content\/uploads\/2012\/11\/abfall-zo-einkaufszentrum140213-180x135.jpg\" alt=\"abfall-zo-einkaufszentrum140213\" width=\"180\" height=\"135\" srcset=\"https:\/\/www.freiburg-schwarzwald.de\/blog\/wp-content\/uploads\/2012\/11\/abfall-zo-einkaufszentrum140213-180x135.jpg 180w, https:\/\/www.freiburg-schwarzwald.de\/blog\/wp-content\/uploads\/2012\/11\/abfall-zo-einkaufszentrum140213.jpg 640w\" sizes=\"auto, (max-width: 180px) 100vw, 180px\" \/><\/a>\u00a0\u00a0\u00a0\u00a0\u00a0\u00a0\u00a0\u00a0\u00a0 <a href=\"https:\/\/www.freiburg-schwarzwald.de\/blog\/business\/handel\/zo\/zo-kinderplantschen140703\/\" rel=\"attachment wp-att-49587\"><img loading=\"lazy\" decoding=\"async\" class=\"alignnone size-thumbnail wp-image-49587\" src=\"https:\/\/www.freiburg-schwarzwald.de\/blog\/wp-content\/uploads\/2012\/11\/zo-kinderplantschen140703-180x135.jpg\" alt=\"zo-kinderplantschen140703\" width=\"180\" height=\"135\" srcset=\"https:\/\/www.freiburg-schwarzwald.de\/blog\/wp-content\/uploads\/2012\/11\/zo-kinderplantschen140703-180x135.jpg 180w, https:\/\/www.freiburg-schwarzwald.de\/blog\/wp-content\/uploads\/2012\/11\/zo-kinderplantschen140703.jpg 640w\" sizes=\"auto, (max-width: 180px) 100vw, 180px\" \/><\/a>\u00a0\u00a0\u00a0\u00a0\u00a0\u00a0\u00a0\u00a0\u00a0 <a href=\"https:\/\/www.freiburg-schwarzwald.de\/blog\/business\/handel\/zo\/zo-oberwiehre150406\/\" rel=\"attachment wp-att-54165\"><img loading=\"lazy\" decoding=\"async\" class=\"alignnone size-thumbnail wp-image-54165\" src=\"https:\/\/www.freiburg-schwarzwald.de\/blog\/wp-content\/uploads\/2012\/11\/zo-oberwiehre150406-180x135.jpg\" alt=\"zo-oberwiehre150406\" width=\"180\" height=\"135\" srcset=\"https:\/\/www.freiburg-schwarzwald.de\/blog\/wp-content\/uploads\/2012\/11\/zo-oberwiehre150406-180x135.jpg 180w, https:\/\/www.freiburg-schwarzwald.de\/blog\/wp-content\/uploads\/2012\/11\/zo-oberwiehre150406.jpg 640w\" sizes=\"auto, (max-width: 180px) 100vw, 180px\" \/><\/a><br \/>\n(4) Abfall am ZO 13.2.2014\u00a0\u00a0\u00a0\u00a0\u00a0\u00a0\u00a0\u00a0\u00a0\u00a0\u00a0\u00a0\u00a0\u00a0\u00a0\u00a0\u00a0\u00a0\u00a0\u00a0 (5) 22.7.2014\u00a0\u00a0Sommerhitze Wasser\u00a0\u00a0\u00a0\u00a0\u00a0 (6) Ostern 4.4.2015<\/p>\n<p>(1) Blick nach Norden am ZO<br \/>\n(2) Springbrunnenanlage beim ZO am 21.7.2009: Spa\u00df f\u00fcr Kinder bei 33 Grad &#8211; Blick nach Osten<\/p>\n<p>&nbsp;<\/p>\n<p>&nbsp;<\/p>\n<p><strong>Wochenmarkt &#8211; Bauernmarkt am ZO<\/strong><\/p>\n<p><a href=\"https:\/\/www.freiburg-schwarzwald.de\/blog\/business\/handel\/zo\/zo-wochenmarkt131017\/\" rel=\"attachment wp-att-39480\"><img loading=\"lazy\" decoding=\"async\" class=\"alignnone size-thumbnail wp-image-39480\" title=\"zo-wochenmarkt131017\" src=\"https:\/\/www.freiburg-schwarzwald.de\/blog\/wp-content\/uploads\/2012\/11\/zo-wochenmarkt131017-180x135.jpg\" alt=\"\" width=\"180\" height=\"135\" srcset=\"https:\/\/www.freiburg-schwarzwald.de\/blog\/wp-content\/uploads\/2012\/11\/zo-wochenmarkt131017-180x135.jpg 180w, https:\/\/www.freiburg-schwarzwald.de\/blog\/wp-content\/uploads\/2012\/11\/zo-wochenmarkt131017.jpg 640w\" sizes=\"auto, (max-width: 180px) 100vw, 180px\" \/><\/a>\u00a0\u00a0\u00a0\u00a0\u00a0\u00a0\u00a0\u00a0\u00a0 <a href=\"https:\/\/www.freiburg-schwarzwald.de\/blog\/business\/handel\/zo\/zo-apecafe131017\/\" rel=\"attachment wp-att-39481\"><img loading=\"lazy\" decoding=\"async\" class=\"alignnone size-thumbnail wp-image-39481\" title=\"zo-apecafe131017\" src=\"https:\/\/www.freiburg-schwarzwald.de\/blog\/wp-content\/uploads\/2012\/11\/zo-apecafe131017-180x135.jpg\" alt=\"\" width=\"180\" height=\"135\" srcset=\"https:\/\/www.freiburg-schwarzwald.de\/blog\/wp-content\/uploads\/2012\/11\/zo-apecafe131017-180x135.jpg 180w, https:\/\/www.freiburg-schwarzwald.de\/blog\/wp-content\/uploads\/2012\/11\/zo-apecafe131017.jpg 640w\" sizes=\"auto, (max-width: 180px) 100vw, 180px\" \/><\/a>\u00a0\u00a0\u00a0\u00a0\u00a0\u00a0\u00a0\u00a0\u00a0 <a href=\"https:\/\/www.freiburg-schwarzwald.de\/blog\/business\/handel\/zo\/zo-melcherhof131017\/\" rel=\"attachment wp-att-39482\"><img loading=\"lazy\" decoding=\"async\" class=\"alignnone size-thumbnail wp-image-39482\" title=\"zo-melcherhof131017\" src=\"https:\/\/www.freiburg-schwarzwald.de\/blog\/wp-content\/uploads\/2012\/11\/zo-melcherhof131017-180x135.jpg\" alt=\"\" width=\"180\" height=\"135\" srcset=\"https:\/\/www.freiburg-schwarzwald.de\/blog\/wp-content\/uploads\/2012\/11\/zo-melcherhof131017-180x135.jpg 180w, https:\/\/www.freiburg-schwarzwald.de\/blog\/wp-content\/uploads\/2012\/11\/zo-melcherhof131017.jpg 640w\" sizes=\"auto, (max-width: 180px) 100vw, 180px\" \/><\/a><br \/>\n(1) Markt am 17.10.2013\u00a0\u00a0\u00a0\u00a0\u00a0\u00a0\u00a0\u00a0\u00a0\u00a0\u00a0\u00a0\u00a0\u00a0\u00a0\u00a0\u00a0\u00a0\u00a0\u00a0\u00a0\u00a0\u00a0\u00a0\u00a0 (2) Ape-Cafe\u00a0\u00a0\u00a0\u00a0\u00a0\u00a0\u00a0\u00a0\u00a0\u00a0\u00a0\u00a0\u00a0\u00a0\u00a0\u00a0\u00a0\u00a0\u00a0\u00a0\u00a0\u00a0\u00a0\u00a0\u00a0\u00a0\u00a0\u00a0\u00a0\u00a0\u00a0\u00a0\u00a0\u00a0\u00a0\u00a0\u00a0\u00a0\u00a0\u00a0\u00a0\u00a0\u00a0\u00a0\u00a0\u00a0 (3) Melcherhof Unteriibental &#8211; K\u00e4se<\/p>\n<p>Auf dem <a title=\"Markt\" href=\"https:\/\/www.freiburg-schwarzwald.de\/blog\/business\/markt\/\">Bauernmarkt<\/a> zwischen der Knopfh\u00e4uslesiedlung und dem\u00a0Zentrum Oberwiehre (ZO) gibts neben Obst- und Gem\u00fcsest\u00e4nden auch Honig und Cafe.<br \/>\nGeplant ist eine Kinderbetreuung und Flohm\u00e4rkte.<\/p>\n<p>Beschicker:<br \/>\nDonnerstag: Schwarzw\u00e4lder Landmarkt Buchenbach, Melcherhof Unteribental,<br \/>\nApe Cafe, Imkerei Berger Freiburg<br \/>\nregionales Obst und Gem\u00fcse von Lukas Obst und Gem\u00fcse sowie von der<br \/>\nG\u00e4rtnerei Amaranth zzgl an der Er\u00f6ffnung: Agentur Zauberglanz,<br \/>\nBerg\u00e4ckercafe, Geb\u00e4ck &amp; Kunst<br \/>\nSamstag: Schwarzw\u00e4lder Landmarkt Buchenbach, Weingut Scherer Bad<br \/>\nKrozingen, Ape Cafe, G\u00e4rtnerei Witt und Kaiser, Imkerei Berger Freiburg<br \/>\nzzgl Er\u00f6ffnung Agentur Zauberglanz<\/p>\n<p>&#8222;Markt Oberwiehre &#8211; Bauern-, Wochen- und Flohmarkt&#8220;, c\/o Ariane Wilts.<br \/>\ndonnerstags von 13 bis 18 Uhr und samstags zwischen 8 und 14 Uhr<\/p>\n<p>c\/o Ariane Wilts, Tel 032 22 \u2013 1420 117,\u00a0<a title=\"Info@Markt-Oberwiehre.de\" href=\"mailto:info@markt-oberwiehre.de\">info@markt-oberwiehre.de<\/a><br \/>\n<a href=\"https:\/\/www.markt-oberwiehre.de\">www.markt-oberwiehre.de<\/a><\/p>\n<p>Am 10. Oktober findet er zum ersten Mal\u00a0 statt&#8230;der Stadtteilmarkt Oberwiehre mit Markttag unter der Woche.\u00a0 Initiiert von Privatpersonen soll er den Stadtteil bereichern.\u00a0K\u00f6stlichkeiten und Leckereien der Region wie frischer hei\u00dfer Flammkuchen\u00a0vom Hirschenhof aus Buchenbach oder einen Kaffee vom Ape Cafe&#8230; der\u00a0 Markt bietet mehr als f\u00fcr den t\u00e4glichen Bedarf n\u00f6tig w\u00e4re. Vom\u00a0Schwarzw\u00e4lder Landmarkt mit eigenen Nudeln und Backwaren, der\u00a0 Korblechterei Witt, \u00fcber die trendigen Winzer vom Weingut Scherer,\u00a0 Imkerei Berger aus Freiburg, Agentur Zauberglanz f\u00fcr tolle Kinderunterhaltung&#8230;.aber nat\u00fcrlich auch tollem Obst und Gem\u00fcse aus der Region, Fleis, Wurst und K\u00e4se vom Melcherhof aus Ibental&#8230;der Markt zeigt, was die Region S\u00fcdbaden zu bieten hat. K\u00f6stlichkeiten und auch kleine Sch\u00e4tze, tolle Ressourcen und Rohstoffe. Am Er\u00f6ffnungswochende l\u00e4dt der Markt zum schlendern ein. Kinder k\u00f6nnen sich am Donnerstag von 14.30-17.30 Uhr mit gemalten Glitzertatoos versch\u00f6nern lassen und das<br \/>\nleibliche Wohl wird mit dem Kuchen vom Berg\u00e4ckercafe Littenweiler auch nicht zu kurz kommen.<br \/>\n6.10.2013<\/p>\n","protected":false},"excerpt":{"rendered":"<p>Home &gt;Business &gt;Handel &gt;Oberwiehre\u00a0&gt;ZO https:\/\/www.freiburg-schwarzwald.de\/blog\/upcycling-kunsthandwerkmarkt\/ (7.8.2016) Kauf eins mehr f\u00fcr die Tafeln: Rewe-Spendenaktion &gt;Tafel1 (23.11.2010) Barriererfreier Zugang zu Treffpunkt Freiburg im ZO &gt;Soziales Treffpunkt ZO &#8211; Zentrum Oberwiehre Wochenmarkt &#8211; Bauernmarkt am ZO &nbsp; ZO &#8211; Zentrum Oberwiehre Schwarzwaldstrasse 78 &hellip; <a href=\"https:\/\/www.freiburg-schwarzwald.de\/blog\/business\/handel\/zo\/\">Weiterlesen <span class=\"meta-nav\">&rarr;<\/span><\/a><\/p>\n","protected":false},"author":4,"featured_media":0,"parent":814,"menu_order":0,"comment_status":"open","ping_status":"closed","template":"","meta":{"footnotes":""},"class_list":["post-15446","page","type-page","status-publish","hentry"],"_links":{"self":[{"href":"https:\/\/www.freiburg-schwarzwald.de\/blog\/wp-json\/wp\/v2\/pages\/15446","targetHints":{"allow":["GET"]}}],"collection":[{"href":"https:\/\/www.freiburg-schwarzwald.de\/blog\/wp-json\/wp\/v2\/pages"}],"about":[{"href":"https:\/\/www.freiburg-schwarzwald.de\/blog\/wp-json\/wp\/v2\/types\/page"}],"author":[{"embeddable":true,"href":"https:\/\/www.freiburg-schwarzwald.de\/blog\/wp-json\/wp\/v2\/users\/4"}],"replies":[{"embeddable":true,"href":"https:\/\/www.freiburg-schwarzwald.de\/blog\/wp-json\/wp\/v2\/comments?post=15446"}],"version-history":[{"count":0,"href":"https:\/\/www.freiburg-schwarzwald.de\/blog\/wp-json\/wp\/v2\/pages\/15446\/revisions"}],"up":[{"embeddable":true,"href":"https:\/\/www.freiburg-schwarzwald.de\/blog\/wp-json\/wp\/v2\/pages\/814"}],"wp:attachment":[{"href":"https:\/\/www.freiburg-schwarzwald.de\/blog\/wp-json\/wp\/v2\/media?parent=15446"}],"curies":[{"name":"wp","href":"https:\/\/api.w.org\/{rel}","templated":true}]}}