{"id":14973,"date":"2012-11-10T11:41:30","date_gmt":"2012-11-10T10:41:30","guid":{"rendered":"https:\/\/www.freiburg-schwarzwald.de\/blog\/?page_id=14973"},"modified":"2013-10-02T19:20:29","modified_gmt":"2013-10-02T17:20:29","slug":"betreuungsgeld","status":"publish","type":"page","link":"https:\/\/www.freiburg-schwarzwald.de\/blog\/selbsthilfe\/familie\/betreuungsgeld\/","title":{"rendered":"Betreuungsgeld"},"content":{"rendered":"<p>Home &gt;<a title=\"Familie\" href=\"https:\/\/www.freiburg-schwarzwald.de\/blog\/selbsthilfe\">Selbsthilfe<\/a> &gt;<a title=\"Familie\" href=\"https:\/\/www.freiburg-schwarzwald.de\/blog\/selbsthilfe\/familie\/\">Familie<\/a> &gt;<a title=\"Frauen\" href=\"https:\/\/www.freiburg-schwarzwald.de\/blog\/selbsthilfe\/frauen\/\">Frauen<\/a> &gt;Betreuungsgeld\u00a0<\/p>\n<div id=\"attachment_14922\" style=\"width: 648px\" class=\"wp-caption alignnone\"><a href=\"https:\/\/www.freiburg-schwarzwald.de\/blog\/regio\/verkehr\/hauptbahnhof\/blauebruecke-pan121106-2\/\" rel=\"attachment wp-att-14922\"><img loading=\"lazy\" decoding=\"async\" aria-describedby=\"caption-attachment-14922\" class=\"size-full wp-image-14922\" title=\"blauebruecke-pan121106\" src=\"https:\/\/www.freiburg-schwarzwald.de\/blog\/wp-content\/uploads\/2012\/11\/blauebruecke-pan121106.jpg\" alt=\"\" width=\"638\" height=\"260\" srcset=\"https:\/\/www.freiburg-schwarzwald.de\/blog\/wp-content\/uploads\/2012\/11\/blauebruecke-pan121106.jpg 638w, https:\/\/www.freiburg-schwarzwald.de\/blog\/wp-content\/uploads\/2012\/11\/blauebruecke-pan121106-180x73.jpg 180w\" sizes=\"auto, (max-width: 638px) 100vw, 638px\" \/><\/a><p id=\"caption-attachment-14922\" class=\"wp-caption-text\">Blick nach Westen \u00fcber die Blaue Br\u00fccke (Wiwili-Br\u00fccke) zu FR-St\u00fchlinger am 6.11.2012<\/p><\/div>\n<p>&nbsp;<\/p>\n<ul>\n<li>Warum gegen eine wirkliche Wahlfreiheit f\u00fcr Eltern? (2.10.2013<strong>)<\/strong><\/li>\n<li><a href=\"https:\/\/www.freiburg-schwarzwald.de\/blog\/kitas-sind-kein-allheilmittel-solange-es-familien-gibt\/\">https:\/\/www.freiburg-schwarzwald.de\/blog\/kitas-sind-kein-allheilmittel-solange-es-familien-gibt\/<\/a>\u00a0(30.6.2013)<\/li>\n<li>Betreuungsgeld<\/li>\n<\/ul>\n<p>&nbsp;<\/p>\n<p>&nbsp;<\/p>\n<div><strong>Betreuungsgeld<\/strong><\/div>\n<p>Pr\u00e4mie: Eltern, die f\u00fcr ihr Kind im zweiten und dritten Lebensjahr keinen Kitaplatz oder keine staatlich gef\u00f6rderte Tagesmutter in Anspruch nehmen, erhalten ab 1. August 2013 ein Betreuungsgeld von zun\u00e4chst 100 Euro monatlich, ab 2014 dann 150 Euro. Ab August 2013 haben Eltern f\u00fcr Kinder im zweiten und dritten Lebensjahr alternativ einen Rechtsanspruch auf einen Kitaplatz.<\/p>\n<p>Zusatzpr\u00e4mie: Ein Erg\u00e4nzungsgesetz soll sicherstellen, dass diejenigen Eltern, die sich das Betreuungsgeld nicht bar auszahlen lassen, den Betrag zur privaten Altersvorsorge oder f\u00fcr ein Bildungssparmodell nutzen k\u00f6nnen. Dann gibt es zus\u00e4tzlich eine Pr\u00e4mie von 15 Euro monatlich. Zum Bildungssparmodell werden im Gesetzentwurf nur vage Aussagen gemacht.<\/p>\n<p>Kosten: Die Koalition rechnet ab 2014 mit 1,2 Milliarden Euro Kosten pro Jahr. Die Opposition spricht von etwa zwei Milliarden Euro. Der Betrag k\u00f6nnte sich sogar noch deutlich erh\u00f6hen, wenn zum 1. August 2013 nicht ausreichend Kitapl\u00e4tze zur Verf\u00fcgung stehen und Eltern unfreiwillig ihre Kinder zu Hause betreuen.<\/p>\n<p>Hartz-IV-Empf\u00e4nger: Von Anfang an war klargestellt, dass das Betreuungsgeld bei Hartz-IV-Empf\u00e4ngern von der Grundsicherung wieder abgezogen wird. Nutzen sie dagegen das Betreuungsgeld zur privaten Altersvorsorge, soll es an den Versicherungstr\u00e4ger \u00fcberwiesen werden, einschlie\u00dflich des 15-Euro-Bonus.<\/p>\n<p>&nbsp;<\/p>\n<p>&nbsp;<\/p>\n<p>&nbsp;<\/p>\n<p><strong>Warum gegen eine wirkliche Wahlfreiheit f\u00fcr Eltern?<\/strong><br \/>\nBei ihrer Berichterstattung \u00fcber das Betreuungsgeld l\u00e4sst die BZ keinen Zweifel, dass sie voll die Position von Rot-Gr\u00fcn \u00fcbernimmt. So ist f\u00fcr Chefredakteur Thomas Hauser das Betreuungsgeld &#8222;wider jede Vernunft&#8220; und f\u00fcr eine dpa-Meldung, wonach bisher f\u00fcr mehr als 27 000 einj\u00e4hrige Kinder &#8222;das umstrittene&#8220; Betreuungsgeld beantragt wurde, w\u00e4hlte die BZ die \u00dcberschrift: &#8222;Jeder f\u00fcnfte Antrag wird abgelehnt&#8220;. Stattdessen h\u00e4tte man auch formulieren k\u00f6nnen, dass 80 Prozent der Antr\u00e4ge genehmigt wurden. In Baden-W\u00fcrttemberg gab es bei 5615 Antr\u00e4gen lediglich 194 Ablehnungen.<br \/>\nMan kann dar\u00fcber streiten, ob die Ablehnungen auf ein fehlerhaftes Gesetz zur\u00fcckzuf\u00fchren sind , oder ob die hohe Zahl der Antr\u00e4ge belegt, wie wenig Ahnung SPD und Gr\u00fcne von den W\u00fcnschen der Familien haben . Auffallend aber ist, dass im politischen Streit und in der Berichterstattung \u00fcber Krippenpl\u00e4tze und Betreuungsgeld die Belange der Kleinkinder keine Rolle gespielt haben. Einzig und allein ging es darum, M\u00fctter oder V\u00e4ter rasch wieder in den au\u00dferh\u00e4uslichen Beruf einzugliedern \u2013 ganz nach dem Motto: Kinder werden ohne Krippenplatz zur Karriere- und Rentenbremse.<br \/>\nDemgegen\u00fcber warnten renommierte Hirnforscher, Kinder\u00e4rzte und P\u00e4dagogen bereits vor 40 Jahren vor negativen Auswirkungen einer fr\u00fchkindlichen &#8222;Deprivation&#8220;, also des Entzugs der Mutterbindung bei S\u00e4uglingen und Kleinkindern. Diese ben\u00f6tigten bis zum Alter von drei Jahren f\u00fcr eine rundum gesunde Entwicklung eine feste Bezugsperson, um ein Urvertrauen und die F\u00e4higkeit zu festen Bindungen zu entwickeln. Daf\u00fcr gibt es eindeutige Beweise aus der einstigen DDR, wo die au\u00dferh\u00e4usliche Erziehung am l\u00e4ngsten praktiziert wurde.<br \/>\nDer Staat sollte Voraussetzungen schaffen, dass M\u00fctter und V\u00e4ter eine auf ihre Bed\u00fcrfnisse zugeschnittene Betreuung f\u00fcr ihre Kinder w\u00e4hlen k\u00f6nnen. Nach dem Subsidiarit\u00e4tsprinzip ist die Betreuung zu Hause am kosteng\u00fcnstigsten. Warum wehren sich ideologisch verbohrte Politiker so vehement gegen eine Wahlfreiheit der Eltern?<br \/>\n2.10.2013, Hans Lipp<\/p>\n<p><a href=\"https:\/\/www.badische-zeitung.de\/deutschland-1\/bisher-offenbar-27-000-antraege-auf-betreuungsgeld--75122292.html\">https:\/\/www.badische-zeitung.de\/deutschland-1\/bisher-offenbar-27-000-antraege-auf-betreuungsgeld&#8211;75122292.html<\/a>\u00a0<!-- RSPEAK_STOP --><\/p>\n","protected":false},"excerpt":{"rendered":"<p>Home &gt;Selbsthilfe &gt;Familie &gt;Frauen &gt;Betreuungsgeld\u00a0 &nbsp; Warum gegen eine wirkliche Wahlfreiheit f\u00fcr Eltern? (2.10.2013) https:\/\/www.freiburg-schwarzwald.de\/blog\/kitas-sind-kein-allheilmittel-solange-es-familien-gibt\/\u00a0(30.6.2013) Betreuungsgeld &nbsp; &nbsp; Betreuungsgeld Pr\u00e4mie: Eltern, die f\u00fcr ihr Kind im zweiten und dritten Lebensjahr keinen Kitaplatz oder keine staatlich gef\u00f6rderte Tagesmutter in Anspruch nehmen, &hellip; <a href=\"https:\/\/www.freiburg-schwarzwald.de\/blog\/selbsthilfe\/familie\/betreuungsgeld\/\">Weiterlesen <span class=\"meta-nav\">&rarr;<\/span><\/a><\/p>\n","protected":false},"author":4,"featured_media":0,"parent":1110,"menu_order":0,"comment_status":"open","ping_status":"closed","template":"","meta":{"footnotes":""},"class_list":["post-14973","page","type-page","status-publish","hentry"],"_links":{"self":[{"href":"https:\/\/www.freiburg-schwarzwald.de\/blog\/wp-json\/wp\/v2\/pages\/14973","targetHints":{"allow":["GET"]}}],"collection":[{"href":"https:\/\/www.freiburg-schwarzwald.de\/blog\/wp-json\/wp\/v2\/pages"}],"about":[{"href":"https:\/\/www.freiburg-schwarzwald.de\/blog\/wp-json\/wp\/v2\/types\/page"}],"author":[{"embeddable":true,"href":"https:\/\/www.freiburg-schwarzwald.de\/blog\/wp-json\/wp\/v2\/users\/4"}],"replies":[{"embeddable":true,"href":"https:\/\/www.freiburg-schwarzwald.de\/blog\/wp-json\/wp\/v2\/comments?post=14973"}],"version-history":[{"count":0,"href":"https:\/\/www.freiburg-schwarzwald.de\/blog\/wp-json\/wp\/v2\/pages\/14973\/revisions"}],"up":[{"embeddable":true,"href":"https:\/\/www.freiburg-schwarzwald.de\/blog\/wp-json\/wp\/v2\/pages\/1110"}],"wp:attachment":[{"href":"https:\/\/www.freiburg-schwarzwald.de\/blog\/wp-json\/wp\/v2\/media?parent=14973"}],"curies":[{"name":"wp","href":"https:\/\/api.w.org\/{rel}","templated":true}]}}