{"id":1490,"date":"2012-04-15T06:55:48","date_gmt":"2012-04-15T06:55:48","guid":{"rendered":"https:\/\/www.freiburg-schwarzwald.de\/blog\/?page_id=1490"},"modified":"2022-07-26T16:03:32","modified_gmt":"2022-07-26T14:03:32","slug":"kraft-waerme-kopplung","status":"publish","type":"page","link":"https:\/\/www.freiburg-schwarzwald.de\/blog\/energie\/kraft-waerme-kopplung\/","title":{"rendered":"Kraft-Waerme-Kopplung"},"content":{"rendered":"<p>Home &gt;<a title=\"Energie\" href=\"https:\/\/www.freiburg-schwarzwald.de\/blog\/energie\/\">Energie<\/a> &gt;Kraft-Waerme-Kopplung<\/p>\n<div id=\"attachment_19202\" style=\"width: 649px\" class=\"wp-caption alignnone\"><a href=\"https:\/\/www.freiburg-schwarzwald.de\/blog\/regio\/kaiserstuhl\/altvogtsburg\/kaiserstuhl8badloch-pan121029\/\" rel=\"attachment wp-att-19202\"><img loading=\"lazy\" decoding=\"async\" aria-describedby=\"caption-attachment-19202\" class=\"size-full wp-image-19202\" title=\"kaiserstuhl8badloch-pan121029\" src=\"https:\/\/www.freiburg-schwarzwald.de\/blog\/wp-content\/uploads\/2012\/12\/kaiserstuhl8badloch-pan121029.jpg\" alt=\"\" width=\"639\" height=\"224\" srcset=\"https:\/\/www.freiburg-schwarzwald.de\/blog\/wp-content\/uploads\/2012\/12\/kaiserstuhl8badloch-pan121029.jpg 639w, https:\/\/www.freiburg-schwarzwald.de\/blog\/wp-content\/uploads\/2012\/12\/kaiserstuhl8badloch-pan121029-180x63.jpg 180w\" sizes=\"auto, (max-width: 639px) 100vw, 639px\" \/><\/a><p id=\"caption-attachment-19202\" class=\"wp-caption-text\">Blick vom Badloch am Badberg bei Altvogtsburg nach Osten zum Totenkopf am 29.10.2012<\/p><\/div>\n<ul>\n<li><a href=\"https:\/\/www.freiburg-schwarzwald.de\/blog\/energie\/heizung\/\">W\u00e4rmepumpen sollen der Kern einer W\u00e4rmewende sein<\/a> (25.7.2022)<\/li>\n<li><a href=\"https:\/\/www.freiburg-schwarzwald.de\/blog\/eigenstromerzeuger-stromnetz\/\">https:\/\/www.freiburg-schwarzwald.de\/blog\/eigenstromerzeuger-stromnetz\/<\/a>\u00a0(1.12.2013)<\/li>\n<li><a href=\"https:\/\/www.freiburg-schwarzwald.de\/blog\/micronas-stromkunde-freiburg\/\">https:\/\/www.freiburg-schwarzwald.de\/blog\/micronas-stromkunde-freiburg\/<\/a>\u00a0(14.11.2013)<\/li>\n<li><a href=\"https:\/\/www.freiburg-schwarzwald.de\/blog\/energiewende-dreiland-2013\/\">https:\/\/www.freiburg-schwarzwald.de\/blog\/energiewende-dreiland-2013\/<\/a>\u00a0(4.1.2013)<\/li>\n<li><a href=\"https:\/\/www.freiburg-schwarzwald.de\/kraft-waerme-kopplung.htm#Stadt Freiburg gewinnt 345000 Euro - f\u00fcr Blockheizkraftwerkskampagne\">Stadt Freiburg gewinnt 345000 Euro &#8211; f\u00fcr Blockheizkraftwerkskampagne<\/a> &gt;KWK (12.3.2012)<\/li>\n<li><a href=\"https:\/\/www.freiburg-schwarzwald.de\/strom1.htm#Protest gegen Befreiung energieintensiver Unternehmen von den Netzkosten\">Protest gegen Befreiung energieintensiver Unternehmen von den Netzkosten<\/a> &gt;Strom1 (25.11)<\/li>\n<li><a href=\"https:\/\/www.freiburg-schwarzwald.de\/kraft-waerme-kopplung.htm#Erdgas-Blockheizkraftwerk + Holzhackschnitzel in FR-Vauban\">Erdgas-Blockheizkraftwerk + Holzhackschnitzel in FR-Vauban<\/a> &gt;KWK (6.7.2011)<\/li>\n<li><a href=\"https:\/\/www.freiburg-schwarzwald.de\/kraft-waerme-kopplung.htm#Eine Million Mini-BHKW - Potenzial schlummert in den Kellern\">Eine Million Mini-BHKW &#8211; Potenzial schlummert in den Kellern<\/a> &gt;Kraft-Waerme-Kopplung (7.5.11)<\/li>\n<li><a href=\"https:\/\/www.freiburg-schwarzwald.de\/kraft-waerme-kopplung.htm#Studie zum Ausbau der Blockheizkraftwerke in Freiburg vorgestellt\">Studie zum Ausbau der Blockheizkraftwerke in Freiburg vorgestellt<\/a> &gt;KWK (23.3.2011)<\/li>\n<li><a href=\"https:\/\/www.freiburg-schwarzwald.de\/badeparadies.htm#Das Badeparadies in Titisee - ein Blick hinter die Kulissen\">Das Badeparadies in Titisee &#8211; ein Blick hinter die Kulissen<\/a>&gt;Badeparadies (9.3.2011)<\/li>\n<li><a href=\"https:\/\/www.freiburg-schwarzwald.de\/kraft-waerme-kopplung.htm#EWK Kirchzarten nahm erstes Blockheizkraftwerk in Betrieb\">EWK Kirchzarten nahm erstes Blockheizkraftwerk in Betrieb<\/a> &gt;Kraft-Waerme-Kopplung (11.2.11)<\/li>\n<li><a href=\"https:\/\/www.freiburg-schwarzwald.de\/littenweiler\/betzenhausen.htm#W\u00e4rme S\u00fcd West GmbH: Gr\u00fcndung von Badenova und Unm\u00fcssig\">W\u00e4rme S\u00fcd West GmbH: Gr\u00fcndung von Badenova und Unm\u00fcssig<\/a> &gt;Betzenhausen (30.11.10)<\/li>\n<li><a href=\"https:\/\/www.freiburg-schwarzwald.de\/littenweiler\/ecotrinova.htm#Green City Freiburg mit Stadtteilen der 1000 Blockheizkraftwerke\">Green City Freiburg mit Stadtteilen der 1000 Blockheizkraftwerke<\/a> &gt;Ecotronova (3.2.2010)<\/li>\n<li><a href=\"https:\/\/www.freiburg-schwarzwald.de\/kraft-waerme-kopplung.htm#Gr\u00fcne Initiative: Freiburger KWK-Offensive\">Gr\u00fcne Initiative: Freiburger KWK-Offensive<\/a> &gt;Kraft-Waerme-Kopplung (28.1.2010)<\/li>\n<li><a href=\"https:\/\/www.freiburg-schwarzwald.de\/kraft-waerme-kopplung.htm#Aus Hackschnitzel Holzgas erzeugen und dann Strom plus W\u00e4rme\">Aus Hackschnitzel Holzgas erzeugen und dann Strom plus W\u00e4rme<\/a> &gt;Kraft-Waerme-K (8.1.10)<\/li>\n<li><a href=\"https:\/\/www.freiburg-schwarzwald.de\/kraft-waerme-kopplung.htm#Stromerzeugende Heizung \u00fcber BHKW f\u00fcr Mieter und Vermieter\">Stromerzeugende Heizung \u00fcber BHKW f\u00fcr Mieter und Vermieter<\/a> &gt;Kraft-Waerme (20.11.2009)<\/li>\n<li><a href=\"https:\/\/www.freiburg-schwarzwald.de\/klima3.htm#Klimab\u00fcndnis Freiburg: Energiepolitik f\u00fcr die Regio nach Wahl 2009\">Klimab\u00fcndnis Freiburg: Energiepolitik f\u00fcr die Regio nach Wahl 2009<\/a> &gt;Klima3 (20.9.2009)<\/li>\n<li><a href=\"https:\/\/www.freiburg-schwarzwald.de\/bio-wasserstoff.htm#Von der Stromwirtschaft zur solaren Wasserstoffwirtschaft\">Von der Stromwirtschaft zur solaren Wasserstoffwirtschaft<\/a> &gt;Bio-Wasserstoff (26.7.2009)<\/li>\n<li><a href=\"https:\/\/www.freiburg-schwarzwald.de\/kraft-waerme-kopplung.htm#Kraft-W\u00e4rme-Kopplung (KWK)\">Stirlingmotoren als Kleinstkraftwerke laufen allem den Rang ab<\/a> &gt;Kraft-Waerme (9.4.2009)<\/li>\n<li><a href=\"https:\/\/www.freiburg-schwarzwald.de\/freiamt1.htm#Blockheizkraftwerk und Solarenergie beim Gasthaus Heidhof\">Blockheizkraftwerk und Solarenergie beim Gasthaus Heidhof<\/a>\u00a0 &gt;Freiamt1 (3.3.2009)<\/li>\n<li><a href=\"https:\/\/www.freiburg-schwarzwald.de\/gas.htm#EWS-Gesch\u00e4ftsf\u00fchrerin Ursula Sladek zum Einstieg ins Gasgesch\u00e4ft\">EWS-Gesch\u00e4ftsf\u00fchrerin Ursula Sladek zum Einstieg ins Gasgesch\u00e4ft<\/a> &gt;Gas (1.9.2008)<\/li>\n<li><a href=\"https:\/\/www.freiburg-schwarzwald.de\/stpeter7.htm#B\u00fcrger Energie e.G gegr\u00fcndet: Blockheizkraftwerk geplant\">B\u00fcrger Energie e.G gegr\u00fcndet: Blockheizkraftwerk geplant<\/a> &gt;StPeter7 (9.6.2008)<\/li>\n<li><a href=\"https:\/\/www.freiburg-schwarzwald.de\/littenweiler\/solar3.htm#Solar-Baupflicht vorteilhaft: E-on zieht Stromgeld aus Regio ab\">Solar-Baupflicht vorteilhaft: E-on zieht Stromgeld aus Regio ab<\/a> &gt;Solar3 (25.3.2008)<\/li>\n<li><a href=\"https:\/\/www.freiburg-schwarzwald.de\/kraft-waerme-kopplung.htm#mstellung auf Blockheizkraftwerke deutlicher subventionieren\">Umstellung auf Blockheizkraftwerke mehr subventionieren<\/a> &gt;Kraft-Waerme-Kopplung (26.1.08)<\/li>\n<li><a href=\"https:\/\/www.freiburg-schwarzwald.de\/strom.htm#Badenovas \u00d6kostrom macht Energieproduktion nicht sauberer\">Badenovas \u00d6kostrom macht Energieproduktion nicht sauberer<\/a> &gt;Strom (11.1.2008)<\/li>\n<li><a href=\"https:\/\/www.freiburg-schwarzwald.de\/littenweiler\/solar3.htm#Zukunftsweisendes Energiekonzept an ANGELL-Schulen vorgestellt\">Zukunftsweisendes Energiekonzept an ANGELL-Schulen vorgestellt<\/a> &gt;Solar3 (11.12.2007)<\/li>\n<li><a href=\"https:\/\/www.freiburg-schwarzwald.de\/kraft-waerme-kopplung.htm#Gegenwind f\u00fcr den \u00d6kostrom durch KWK\">Gegenwind f\u00fcr den \u00d6kostrom durch KWK<\/a> &gt;Kraft-Waerme-Kopplung (30.10.2007)<\/li>\n<li><a href=\"https:\/\/www.freiburg-schwarzwald.de\/neuershausen.htm#Pl\u00e4ne f\u00fcr Blockheizkraftwerk\">Pl\u00e4ne f\u00fcr Blockheizkraftwerk<\/a> &gt;Neuershausen (25.9.2007)<\/li>\n<li><a href=\"https:\/\/www.freiburg-schwarzwald.de\/kraft-waerme-kopplung.htm#Dezentral W\u00e4rme und auch Strom erzeugen\">Dezentral W\u00e4rme und auch Strom erzeugen<\/a> &gt;Kraft-Waerme-Kopplung (30.5.2007)<\/li>\n<li><a href=\"https:\/\/www.freiburg-schwarzwald.de\/energie1.htm#Naturholzzentrum Kehl informiert \u00fcber Biobrennstoff-Versorgung\">Naturholzzentrum Kehl informiert \u00fcber Biobrennstoff-Versorgung<\/a>&gt;Energie1 (22.1.2007)<\/li>\n<li><a href=\"https:\/\/www.freiburg-schwarzwald.de\/littenweiler\/heizung1.htm#Heizen mit Pellets und Strom erzeugen mittels Stirlingmotor\">Heizen mit Pellets und Strom erzeugen mittels Stirlingmotor<\/a> &gt;Heizung1 (16.12.2006)<\/li>\n<li><a href=\"https:\/\/www.freiburg-schwarzwald.de\/dold-holz\/presse1.htm#Preis f\u00fcr \u00f6kologisches Engagement an Holzwerke Dold\">Preis f\u00fcr \u00f6kologisches Engagement an Holzwerke Dold<\/a> &gt;Dold-holz\/Presse1 (25.7.2006)<\/li>\n<li><\/li>\n<li><a title=\"Exergie\" href=\"https:\/\/www.freiburg-schwarzwald.de\/blog\/energie\/exergie\/\">Exergie<\/a><\/li>\n<li>Heizung<\/li>\n<li>Kraft-W\u00e4rme-Kopplung (KWK) &#8211; Prinzip<\/li>\n<li><a href=\"https:\/\/www.freiburg-schwarzwald.de\/littenweiler\/solar.htm#Solartechnik = Fotovoltaik\/Strom + Sonnenkollektor\/W\u00e4rme\">Photovoltaik: Umwandlung von Sonnenenergie in Strom<\/a> &gt;Solar<\/li>\n<li><a href=\"https:\/\/www.freiburg-schwarzwald.de\/waermepumpe.htm\">W\u00e4rmepumpe &#8211; K\u00e4ltepumpe &#8211; Erdw\u00e4rme<\/a> &gt;Waermepumpe<\/li>\n<li><a href=\"https:\/\/www.freiburg-schwarzwald.de\/bio-wasserstoff.htm\">Wasserstoffwirtschaft<\/a> &gt;Bio-Wasserstoff<\/li>\n<li><a href=\"https:\/\/www.freiburg-schwarzwald.de\/kraft-waerme-kopplung.htm#Links\">Links<\/a><span style=\"font-family: Arial; font-size: x-small;\"><br \/>\n<\/span><\/li>\n<\/ul>\n<p>&nbsp;<\/p>\n<p><strong>Kraft-W\u00e4rme-Kopplung (KWK<\/strong>)<strong> &#8211; Prinzip<\/strong><\/p>\n<p>Kraft-W\u00e4rme-Kopplung (KWK) umfasst die gleichzeitige Erzeugung von Strom (Kraft) und W\u00e4rme in einem Heizkraft- oder Blockheizkraftwerk (BHKW). W\u00e4rme entsteht bei jeder Stromerzeugung. Konventionelle Kraftwerke blasen sie entweder durch K\u00fchlt\u00fcrme in die Luft oder heizen damit Fl\u00fcsse auf. Hingegen wird bei Heizkraftwerken oder BHKWs das &#8222;Abfallprodukt&#8220; in Wohngebieten als Heizungsw\u00e4rme oder in Industrieanlagen f\u00fcr w\u00e4rmeabh\u00e4ngige Produktionsprozesse genutzt. Wie bei Kraftwerken k\u00f6nnen \u00d6l, Gas, aber auch Holz verbrannt werden. Dadurch wird die Prim\u00e4renergie zu fast 90 Prozent genutzt, w\u00e4hrend bei reinen Kraftwerken lediglich 30 Prozent als Strom beim Verbraucher ankommen.<\/p>\n<p><a href=\"https:\/\/www.freiburg-schwarzwald.de\/blog\/energie\/kraft-waerme-kopplung\/stromwaerme-kwk090818\/\" rel=\"attachment wp-att-26362\"><img loading=\"lazy\" decoding=\"async\" class=\"alignnone size-full wp-image-26362\" title=\"stromwaerme-kwk090818\" src=\"https:\/\/www.freiburg-schwarzwald.de\/blog\/wp-content\/uploads\/2012\/04\/stromwaerme-kwk090818.jpg\" alt=\"\" width=\"599\" height=\"223\" srcset=\"https:\/\/www.freiburg-schwarzwald.de\/blog\/wp-content\/uploads\/2012\/04\/stromwaerme-kwk090818.jpg 599w, https:\/\/www.freiburg-schwarzwald.de\/blog\/wp-content\/uploads\/2012\/04\/stromwaerme-kwk090818-180x67.jpg 180w\" sizes=\"auto, (max-width: 599px) 100vw, 599px\" \/><\/a><\/p>\n<p><em>Kombinierte Erzeugung von Strom und W\u00e4rme durch Kraft-W\u00e4rme-Kopplung (Blockheizkraftwerk): 12 % Verlust<\/em><\/p>\n<p>Im BHKW wird mit nur 12% Verlust (siehe oben) nur relativ wenig Brennstoff vergeudet. Um die gleiche Menge an Strom und W\u00e4rme mit konventionellen Kraftwerken und parallel laufenden Heizkraftwerken bereitzustellen, mu\u00df deutlich mehr Energie eingesetzt werden: 78% Verlust fallen an (siehe unten).<\/p>\n<p><img loading=\"lazy\" decoding=\"async\" class=\"alignnone size-full wp-image-26363\" title=\"stromwaerme-getrennt090818\" src=\"https:\/\/www.freiburg-schwarzwald.de\/blog\/wp-content\/uploads\/2012\/04\/stromwaerme-getrennt090818.jpg\" alt=\"\" width=\"599\" height=\"250\" srcset=\"https:\/\/www.freiburg-schwarzwald.de\/blog\/wp-content\/uploads\/2012\/04\/stromwaerme-getrennt090818.jpg 599w, https:\/\/www.freiburg-schwarzwald.de\/blog\/wp-content\/uploads\/2012\/04\/stromwaerme-getrennt090818-180x75.jpg 180w\" sizes=\"auto, (max-width: 599px) 100vw, 599px\" \/><\/p>\n<p><em>Getrennte Erzeugung von Strom (im Kraftwerk) und W\u00e4rme (im Heizkessel): 78 % Verlust<\/em><\/p>\n<p>Anhand der Gleichung Energie = <a title=\"Exergie\" href=\"https:\/\/www.freiburg-schwarzwald.de\/blog\/energie\/exergie\/\">Exergie<\/a> (zur Arbeit tats\u00e4chlich nutzbare Energie) + Anergie (nicht verwendbare Restenergie) l\u00e4\u00dft sich der Vorteil der BHKW verdeutlichen: Die Exergie betr\u00e4gt 88%, sie wird genutzt\u00a0zu 50% f\u00fcr W\u00e4rme zum Heizen\u00a0und zu 38% als Strom. Der Anteil der Anergie betr\u00e4gt beim BHKW nur 12%. \u00a0\u00a0Bei konventionellen Kraftwerken hingegen liegt der Anergie bei 78%.<\/p>\n<p>BHKW sind kleinere bis mittelgro\u00dfe Anlagen bis zu 20 Megawatt und stehen meist in einem Wohngebiet, das sie mit Strom und W\u00e4rme versorgen. Hingegen sind Heizkraftwerke gr\u00f6\u00dfer und beliefern gr\u00f6\u00dfere Gebiete \u00fcber ein Fernw\u00e4rmenetz. H\u00e4ufigster Energietr\u00e4ger von BHKW ist Erdgas. BHKW springen meist an, wenn W\u00e4rme gebraucht wird und speisen Strom dann ins Hausnetz, w\u00e4hrend \u00fcberfl\u00fcssiger Strom ins \u00f6rtliche Stromnetz flie\u00dft.<br \/>\nMini-BHKW ist eine &#8222;stromerzeugende Heizung&#8220; mit bis zu 10 Kilowatt elektrische Leistung: Diese waschmaschinengro\u00dfe Ger\u00e4te stehen (h\u00e4ufig in D\u00e4nemark) in Ein- und Zweifamilienh\u00e4usern.<\/p>\n<p>&nbsp;<\/p>\n<p><strong>W\u00e4rme und Strom geh\u00f6ren zusammen wie der Humus zur Pflanze<\/strong><\/p>\n<p>Wenn man Gas verbrennt, um Wasser f\u00fcr eine Heizung zu erw\u00e4rmen, kann man nach heutigem Stand der Technik, also der W\u00e4rme-Kraft-Kopplung, gleichzeitig Strom als Beiprodukt erzeugen.<\/p>\n<p>Dann hat man die eingesetzte Energie &#8211; wie hier das Gas &#8211; im Vergleich zum reinen Gaskraftwerk mehr als 50 Prozent besser genutzt.<br \/>\n<span style=\"font-family: Arial; font-size: xx-small;\">\u00a0<\/span><\/p>\n","protected":false},"excerpt":{"rendered":"<p>Home &gt;Energie &gt;Kraft-Waerme-Kopplung W\u00e4rmepumpen sollen der Kern einer W\u00e4rmewende sein (25.7.2022) https:\/\/www.freiburg-schwarzwald.de\/blog\/eigenstromerzeuger-stromnetz\/\u00a0(1.12.2013) https:\/\/www.freiburg-schwarzwald.de\/blog\/micronas-stromkunde-freiburg\/\u00a0(14.11.2013) https:\/\/www.freiburg-schwarzwald.de\/blog\/energiewende-dreiland-2013\/\u00a0(4.1.2013) Stadt Freiburg gewinnt 345000 Euro &#8211; f\u00fcr Blockheizkraftwerkskampagne &gt;KWK (12.3.2012) Protest gegen Befreiung energieintensiver Unternehmen von den Netzkosten &gt;Strom1 (25.11) Erdgas-Blockheizkraftwerk + Holzhackschnitzel in FR-Vauban &gt;KWK &hellip; <a href=\"https:\/\/www.freiburg-schwarzwald.de\/blog\/energie\/kraft-waerme-kopplung\/\">Weiterlesen <span class=\"meta-nav\">&rarr;<\/span><\/a><\/p>\n","protected":false},"author":2,"featured_media":0,"parent":15,"menu_order":0,"comment_status":"open","ping_status":"closed","template":"","meta":{"footnotes":""},"class_list":["post-1490","page","type-page","status-publish","hentry"],"_links":{"self":[{"href":"https:\/\/www.freiburg-schwarzwald.de\/blog\/wp-json\/wp\/v2\/pages\/1490","targetHints":{"allow":["GET"]}}],"collection":[{"href":"https:\/\/www.freiburg-schwarzwald.de\/blog\/wp-json\/wp\/v2\/pages"}],"about":[{"href":"https:\/\/www.freiburg-schwarzwald.de\/blog\/wp-json\/wp\/v2\/types\/page"}],"author":[{"embeddable":true,"href":"https:\/\/www.freiburg-schwarzwald.de\/blog\/wp-json\/wp\/v2\/users\/2"}],"replies":[{"embeddable":true,"href":"https:\/\/www.freiburg-schwarzwald.de\/blog\/wp-json\/wp\/v2\/comments?post=1490"}],"version-history":[{"count":1,"href":"https:\/\/www.freiburg-schwarzwald.de\/blog\/wp-json\/wp\/v2\/pages\/1490\/revisions"}],"predecessor-version":[{"id":102871,"href":"https:\/\/www.freiburg-schwarzwald.de\/blog\/wp-json\/wp\/v2\/pages\/1490\/revisions\/102871"}],"up":[{"embeddable":true,"href":"https:\/\/www.freiburg-schwarzwald.de\/blog\/wp-json\/wp\/v2\/pages\/15"}],"wp:attachment":[{"href":"https:\/\/www.freiburg-schwarzwald.de\/blog\/wp-json\/wp\/v2\/media?parent=1490"}],"curies":[{"name":"wp","href":"https:\/\/api.w.org\/{rel}","templated":true}]}}