{"id":148678,"date":"2026-05-05T10:58:11","date_gmt":"2026-05-05T08:58:11","guid":{"rendered":"https:\/\/www.freiburg-schwarzwald.de\/blog\/?page_id=148678"},"modified":"2026-05-05T11:04:37","modified_gmt":"2026-05-05T09:04:37","slug":"startup","status":"publish","type":"page","link":"https:\/\/www.freiburg-schwarzwald.de\/blog\/business\/industrie\/startup\/","title":{"rendered":"Startup"},"content":{"rendered":"<p>Home &gt;<a title=\"Business\" href=\"https:\/\/www.freiburg-schwarzwald.de\/blog\/business\/\">Business<\/a>\u00a0&gt;<a title=\"Industrie\" href=\"https:\/\/www.freiburg-schwarzwald.de\/blog\/business\/industrie\/\">Industrie<\/a>\u00a0&gt;<a href=\"https:\/\/www.freiburg-schwarzwald.de\/blog\/business\/industrie\/produktion\/\">Produktion<\/a>\u00a0&gt;<a href=\"https:\/\/www.freiburg-schwarzwald.de\/blog\/bildung\/duale-bildung\/ihk\/\">IHK<\/a>\u00a0&gt;<a href=\"https:\/\/www.freiburg-schwarzwald.de\/blog\/business\/industrie\/industrie-lobby\/\">Industrie-Lobby<\/a> &gt;Startup<\/p>\n<div id=\"attachment_148470\" style=\"width: 651px\" class=\"wp-caption alignnone\"><a href=\"https:\/\/www.freiburg-schwarzwald.de\/blog\/wp-content\/uploads\/2026\/04\/windrad-storch-acker-pan260429.jpg\"><img loading=\"lazy\" decoding=\"async\" aria-describedby=\"caption-attachment-148470\" class=\"size-full wp-image-148470\" src=\"https:\/\/www.freiburg-schwarzwald.de\/blog\/wp-content\/uploads\/2026\/04\/windrad-storch-acker-pan260429.jpg\" alt=\"\" width=\"641\" height=\"398\" srcset=\"https:\/\/www.freiburg-schwarzwald.de\/blog\/wp-content\/uploads\/2026\/04\/windrad-storch-acker-pan260429.jpg 641w, https:\/\/www.freiburg-schwarzwald.de\/blog\/wp-content\/uploads\/2026\/04\/windrad-storch-acker-pan260429-180x112.jpg 180w\" sizes=\"auto, (max-width: 641px) 100vw, 641px\" \/><\/a><p id=\"caption-attachment-148470\" class=\"wp-caption-text\">Windrad &#8211; Storch &#8211; Acker &#8211; Landwirt 29.4.2026 bei Freiburg<\/p><\/div>\n<ul>\n<li><em>Listenauswahl eines Beitrags (Artikel\/Datum, Seite\/Inhalt): <span style=\"text-decoration: underline;\">Klicken<\/span> oder scrollen<\/em><\/li>\n<li>SAP plant, Prior Labs zu \u00fcbernehmen und Europas f\u00fchrendes Frontier-KI-Lab aufzubauen (4.5.2025)<\/li>\n<li>SAP steckt eine Milliarde Euro in Freiburger Start-up Prior Labs (4.5.2025)<\/li>\n<li><a href=\"https:\/\/www.freiburg-schwarzwald.de\/blog\/regio\/freiburg\/haid\/\">Tesla kauft Wiferion Freiburg und verkauft Gesch\u00e4ft an Puls<\/a> (11.10.2023)<\/li>\n<\/ul>\n<p>&nbsp;<\/p>\n<p>&nbsp;<\/p>\n<p><strong>SAP plant, Prior Labs zu \u00fcbernehmen und Europas f\u00fchrendes Frontier-KI-Lab aufzubauen<\/strong><br \/>\nDurch \u00dcbernahme festigt SAP ihren fr\u00fchen Vorsprung bei tabellarischen Foundation Models<\/p>\n<p>Walldorf und Freiburg \u2014 4. Mai 2026 \u2014 Die SAP SE und Prior Labs, der Pionier f\u00fcr Tabellarische Foundation Models (TFMs), haben bekannt gegeben, dass sie eine verbindliche Vereinbarung unterzeichnet haben, wonach SAP Prior Labs \u00fcbernehmen wird. Damit wird SAP seinen Weg im Bereich TFMs, der mit RPT\u20111 begann, beschleunigen und eines der weltweit f\u00fchrenden Forschungsteams f\u00fcr tabellarische Foundation Models in der SAP\u2011Familie willkommen hei\u00dfen.<br \/>\nPrior Labs wird auch nach Abschluss der \u00dcbernahme weiterhin als eigenst\u00e4ndige Einheit operieren. SAP verpflichtet sich, in den kommenden vier Jahren mehr als eine Milliarde Euro zu investieren, um Prior Labs zu einem weltweit f\u00fchrenden Frontier\u2011AI\u2011Labor f\u00fcr strukturierte Daten auszubauen \u2013 jene Daten, auf denen die Gesch\u00e4fte der Welt basieren. Die finanziellen Details der Transaktion wurden nicht bekannt gegeben. Der Abschluss der \u00dcbernahme steht noch unter dem Vorbehalt der beh\u00f6rdlichen Genehmigungen.<br \/>\nGro\u00dfe Sprachmodelle (LLMs) haben Schwierigkeiten, genaue Vorhersagen zu strukturierten Gesch\u00e4ftsdaten zu treffen, da sie nur \u00fcber ein rudiment\u00e4res Verst\u00e4ndnis von Tabellen, Zahlen und Statistiken verf\u00fcgen. Im Gegensatz zu LLMs sind TFMs speziell f\u00fcr diese Art von Daten konzipiert und k\u00f6nnen auf der Grundlage tabellarischer Daten wie Zahlungsverz\u00f6gerungen, Lieferantenrisiken, Upselling-M\u00f6glichkeiten, Kundenabwanderungsrisiko und mehr Gesch\u00e4ftsergebnisse genau vorhersagen.<br \/>\n&#8230; Alle vom 4.5.2026 bitte lesen auf<br \/>\n<a href=\"https:\/\/news.sap.com\/germany\/2026\/05\/sap-plant-prior-labs-zu-uebernehmen-und-europas-fuehrendes-frontier-ki-lab-aufzubauen\/\">https:\/\/news.sap.com\/germany\/2026\/05\/sap-plant-prior-labs-zu-uebernehmen-und-europas-fuehrendes-frontier-ki-lab-aufzubauen\/<\/a><\/p>\n<p>Prior Labs GmbH<br \/>\nKaiser-Joseph-Str. 254, 79098 Freiburg<br \/>\ndataprotection@priorlabs.ai<br \/>\n<a href=\"https:\/\/priorlabs.ai\/\">https:\/\/priorlabs.ai\/<\/a><br \/>\n&#8212;<\/p>\n<p><strong>SAP steckt eine Milliarde Euro in Freiburger Start-up Prior Labs<\/strong><br \/>\nDer Softwareriese SAP \u00fcbernimmt das Freiburger Start-up Prior Labs. Das Walldorfer Unternehmen will in den n\u00e4chsten vier Jahren mehr als eine Milliarde Euro in die KI-Spezialisten stecken.<br \/>\nSo stellen sich \u00d6konomen einen gelungenen Technologietransfer vor. Da forscht eine Professorin oder ein Professor zusammen mit einem starken Team an einem Thema, das die Welt in Atem h\u00e4lt. Ihr Wirken ist von Erfolg gekr\u00f6nt. Der neue Ansatz findet Einzug in renommierte Wissenschaftszeitschriften. Er ist f\u00fcr Fragen des Alltags so attraktiv, dass er auch wirtschaftlich interessant ist. Investoren finden sich, um das auf der neuen Idee basierende Produkt weiter zu entwickeln und zu vermarkten. Ein Unternehmen wird gegr\u00fcndet. Das ist so vielversprechend, dass ein Konzern danach greift und bereit ist, viel Geld in das Start-up zu stecken.<br \/>\nDie 2024 gegr\u00fcndeten Prior Labs aus Freiburg sind diesem Pfad gefolgt. Sie gelten als Pioniere der Tabular Foundation Models (TFM) \u2013 einer Kategorie der K\u00fcnstlichen Intelligenz \u2013 , in der man sich mit strukturierten Daten besch\u00e4ftigt. Das sind zum Beispiel Daten aus Excel-Tabellen wie die Entwicklung der Autoverk\u00e4ufe eines Autokonzerns oder die Reaktionen eines Patienten auf ein Medikament \u00fcber einen bestimmten Zeitraum. Die bekannten gro\u00dfen Sprachmodelle (Large Language Models\/LLMs) wie Claude oder ChatGPT haben Probleme, auf Basis dieser Datens\u00e4tze genaue Vorhersagen zu treffen. Sie verf\u00fcgen, so schreibt SAP in einer Pressemitteilung zur \u00dcbernahme, nur \u00fcber ein rudiment\u00e4res Verst\u00e4ndnis von Tabellen, Zahlen und Statistiken. Die LLMs sind zum Beispiel besser daf\u00fcr geeignet, Texte zu \u00fcbersetzen oder Bilder zu entwerfen. Mit den TFMs k\u00f6nnen dagegen auf Grundlage tabellarischer Daten Lieferantenrisiken oder die Wahrscheinlichkeit einer Kundenabwanderung ermittelt werden. Auch in der Medizin wird von dem Ansatz Gebrauch gemacht. So soll er zum Beispiel dazu dienen, bei Lungenkrankheiten spezielle Muster im menschlichen Blut festzustellen. Ein weiterer Vorteil der TFM-Technik von Prior Labs: Gesch\u00e4ftsanwender k\u00f6nnen Fragen in nat\u00fcrlicher Sprache stellen und &#8222;Was-w\u00e4re-wenn&#8220;-Szenarien durchspielen, ohne Experten sein zu m\u00fcssen, schreibt die SAP.<br \/>\nSowohl SAP als auch Prior Labs w\u00fcrdigen die \u00dcbernahme als gro\u00dfen Schritt f\u00fcr beide Seiten. &#8222;SAP hat schon fr\u00fch erkannt, dass die gr\u00f6\u00dfte ungenutzte Chance in der Unternehmens-KI nicht in gro\u00dfen Sprachmodellen liegt, sondern in KI, die f\u00fcr die strukturierten Daten entwickelt wurde, auf denen die Unternehmen weltweit basieren&#8220;, sagte SAP-Technikvorstand Philipp Herzig. &#8222;In den letzten 18 Monaten hat Prior Labs ein unglaubliches Team aufgebaut und die Entwicklungsgeschwindigkeit bei tabellarischen Grundmodellen gesteigert&#8220;, erkl\u00e4rte Frank Hutter, CEO (Vorstandschef) von Prior Labs. &#8222;Der geplante Beitritt zur SAP-Familie verschafft uns die Ressourcen, die Datenumgebung und die Kundenreichweite, um das volle Potenzial dieser Kategorie auszusch\u00f6pfen.&#8220;<br \/>\nThomas Scheuerle, Chef der s\u00fcdbadischen Innovationsschmiede Badencampus, die die Prior Labs in ihrer Anfangsphase beraten hat, sagte: &#8222;F\u00fcr Freiburg sind das hervorragende Nachrichten, insbesondere, da sich SAP auch klar zum Standort Freiburg bekennt. Gemeinsam mit Black Forest Labs ergibt sich so ein Bild, welche Potenziale sich f\u00fcr wissensbasierte Standorte wie Freiburg bieten und warum es Sinn macht, auf Start-up F\u00f6rderung zu setzen. Ich pers\u00f6nlich finde auch stark, dass den Gr\u00fcndern der Standort und das damit verbundene Signal wichtig ist.&#8220; Roland Zengerle, Freiburger Professor und Start-up-Spezialist, w\u00fcrdigte das Wirken von Frank Hutter: &#8222;Hutter ist ein hochdekorierter Forscher und seine Arbeiten sind wissenschaftlich herausragend.&#8220; Zur Zahl der Arbeitspl\u00e4tze bei Prior Labs gab es am Montag keine Angaben.<br \/>\n&#8212; Alles vom 5.5.2026 von Bernd Kramer bitte lesen auF<br \/>\n<a href=\"https:\/\/www.badische-zeitung.de\/sap-steckt-eine-milliarde-euro-in-freiburger-start-up-prior-labs\">https:\/\/www.badische-zeitung.de\/sap-steckt-eine-milliarde-euro-in-freiburger-start-up-prior-labs<\/a><\/p>\n<p><em>Hutter ist Professor an der Technischen Fakult\u00e4t der Universit\u00e4t Freiburg. Er leitet dort das &#8222;Machine Learning Lab&#8220; \u2013 das Laboratorium f\u00fcr maschinelles Lernen. Derzeit ist er freigestellt. Er ist zudem am Ellis Institute T\u00fcbingen besch\u00e4ftigt, einer der wichtigsten Forschungseinrichtungen f\u00fcr maschinelles Lernen \u00fcberhaupt. Ein Beispiel f\u00fcr maschinelles Lernen ist die Qualit\u00e4tskontrolle in der Fertigung: Ein System wird mit Bildern von fehlerhaften Produkten und mit Bildern von G\u00fctern ohne Fehl und Tadel gef\u00fcttert. Nach dem Training, der Lernphase, ist das System im Idealfall selbst in der Lage, dar\u00fcber zu entscheiden, was vom Band muss oder zum Kunden darf.<br \/>\n.<br \/>\n<\/em>Prior Labs wurde 2024 von Hutter, Noah Hollmann und Sauraj Gambhir gegr\u00fcndet. Im Februar 2025 hatte das Unternehmen neun Millionen Euro eingesammelt. Zu den Investoren z\u00e4hlten unter anderem die Beteiligungsgesellschaften Balderton und Hans Werner-Hector\u2019s Hector Foundation (Stiftung). Auf der Liste der Business Angels (jemand, der sich am Unternehmen beteiligt und es in der Fr\u00fchphase ber\u00e4t) steht unter anderem der Freiburger Robin Rombach. Er ist Chef und Gr\u00fcnder der Black Forest Labs, die f\u00fcr ihre KI-basierten Bildgeneratoren bekannt sind.<\/p>\n<p>&nbsp;<\/p>\n","protected":false},"excerpt":{"rendered":"<p>Home &gt;Business\u00a0&gt;Industrie\u00a0&gt;Produktion\u00a0&gt;IHK\u00a0&gt;Industrie-Lobby &gt;Startup Listenauswahl eines Beitrags (Artikel\/Datum, Seite\/Inhalt): Klicken oder scrollen SAP plant, Prior Labs zu \u00fcbernehmen und Europas f\u00fchrendes Frontier-KI-Lab aufzubauen (4.5.2025) SAP steckt eine Milliarde Euro in Freiburger Start-up Prior Labs (4.5.2025) Tesla kauft Wiferion Freiburg und verkauft &hellip; <a href=\"https:\/\/www.freiburg-schwarzwald.de\/blog\/business\/industrie\/startup\/\">Weiterlesen <span class=\"meta-nav\">&rarr;<\/span><\/a><\/p>\n","protected":false},"author":2,"featured_media":0,"parent":846,"menu_order":0,"comment_status":"closed","ping_status":"closed","template":"","meta":{"footnotes":""},"class_list":["post-148678","page","type-page","status-publish","hentry"],"_links":{"self":[{"href":"https:\/\/www.freiburg-schwarzwald.de\/blog\/wp-json\/wp\/v2\/pages\/148678","targetHints":{"allow":["GET"]}}],"collection":[{"href":"https:\/\/www.freiburg-schwarzwald.de\/blog\/wp-json\/wp\/v2\/pages"}],"about":[{"href":"https:\/\/www.freiburg-schwarzwald.de\/blog\/wp-json\/wp\/v2\/types\/page"}],"author":[{"embeddable":true,"href":"https:\/\/www.freiburg-schwarzwald.de\/blog\/wp-json\/wp\/v2\/users\/2"}],"replies":[{"embeddable":true,"href":"https:\/\/www.freiburg-schwarzwald.de\/blog\/wp-json\/wp\/v2\/comments?post=148678"}],"version-history":[{"count":5,"href":"https:\/\/www.freiburg-schwarzwald.de\/blog\/wp-json\/wp\/v2\/pages\/148678\/revisions"}],"predecessor-version":[{"id":148684,"href":"https:\/\/www.freiburg-schwarzwald.de\/blog\/wp-json\/wp\/v2\/pages\/148678\/revisions\/148684"}],"up":[{"embeddable":true,"href":"https:\/\/www.freiburg-schwarzwald.de\/blog\/wp-json\/wp\/v2\/pages\/846"}],"wp:attachment":[{"href":"https:\/\/www.freiburg-schwarzwald.de\/blog\/wp-json\/wp\/v2\/media?parent=148678"}],"curies":[{"name":"wp","href":"https:\/\/api.w.org\/{rel}","templated":true}]}}