{"id":1486,"date":"2012-04-15T06:44:53","date_gmt":"2012-04-15T06:44:53","guid":{"rendered":"https:\/\/www.freiburg-schwarzwald.de\/blog\/?page_id=1486"},"modified":"2013-04-11T17:42:25","modified_gmt":"2013-04-11T15:42:25","slug":"biomasse","status":"publish","type":"page","link":"https:\/\/www.freiburg-schwarzwald.de\/blog\/energie\/biomasse\/","title":{"rendered":"Biomasse"},"content":{"rendered":"<p>Home &gt;<a title=\"Energie\" href=\"https:\/\/www.freiburg-schwarzwald.de\/blog\/energie\/\">Energie<\/a> &gt;Biomasse<\/p>\n<div id=\"attachment_4785\" style=\"width: 649px\" class=\"wp-caption alignnone\"><a href=\"https:\/\/www.freiburg-schwarzwald.de\/blog\/regio\/tal\/dreisamtal\/kornblumen1pan120608\/\" rel=\"attachment wp-att-4785\"><img loading=\"lazy\" decoding=\"async\" aria-describedby=\"caption-attachment-4785\" class=\"size-full wp-image-4785\" title=\"kornblumen1pan120608\" src=\"https:\/\/www.freiburg-schwarzwald.de\/blog\/wp-content\/uploads\/2012\/04\/kornblumen1pan120608.jpg\" alt=\"\" width=\"639\" height=\"194\" srcset=\"https:\/\/www.freiburg-schwarzwald.de\/blog\/wp-content\/uploads\/2012\/04\/kornblumen1pan120608.jpg 639w, https:\/\/www.freiburg-schwarzwald.de\/blog\/wp-content\/uploads\/2012\/04\/kornblumen1pan120608-180x54.jpg 180w\" sizes=\"auto, (max-width: 639px) 100vw, 639px\" \/><\/a><p id=\"caption-attachment-4785\" class=\"wp-caption-text\">Blick nach Osten im Dreisamtal zwischen Ebnet und Zarten am 10.6.2012<\/p><\/div>\n<p><strong>Biomasse = Nachwachsende Rohstoffe = Nawaro&#8217;s<\/strong><\/p>\n<ul>\n<li><a href=\"https:\/\/www.freiburg-schwarzwald.de\/blog\/sida-energiepflanze-ernte\/\">https:\/\/www.freiburg-schwarzwald.de\/blog\/sida-energiepflanze-ernte\/<\/a>\u00a0(11.3.2013)<\/li>\n<li><a href=\"https:\/\/www.freiburg-schwarzwald.de\/blog\/bauernhof\/hanisenhof\/#Solar- und Bioenergienutzung sowie Wasser- und Mikrowindkraft am Hanisenhof\">Solar- und Bioenergienutzung sowie Wasser- und Mikrowindkraft am Hanisenhof<\/a>\u00a0(5.5.2012)<\/li>\n<li><a href=\"https:\/\/www.freiburg-schwarzwald.de\/biomasse.htm#4. Kommunalforum Bioenergie konkret am 8. Juni 2011 in Zell\">4. Kommunalforum &#8222;Bioenergie konkret&#8220; am 8. Juni 2011 in Zell<\/a> &gt;Biomasse (27.5.2011)<\/li>\n<li><a href=\"https:\/\/www.freiburg-schwarzwald.de\/agrotreibstoffe.htm#E10: Wie Umwelt-Guru Al Gore zum Biosprit-Gegner wurde\">E10: Wie Umwelt-Guru Al Gore zum Biosprit-Gegner wurde<\/a> &gt;Agrotreibstoffe (9.3.2011)<\/li>\n<li><a href=\"https:\/\/www.freiburg-schwarzwald.de\/bioenergiedorf.htm#3. Kommunalforum BioenergieRegion S\u00fcdschwarzwald in Hinterzarten\">3. Kommunalforum BioenergieRegion S\u00fcdschwarzwald in Hinterzarten<\/a>\u00a0&gt;Bioenergiedorf (24.10)<\/li>\n<li><a href=\"https:\/\/www.freiburg-schwarzwald.de\/nachhaltigkeit.htm#3. BBE-Symposium f\u00fcr Bioenergie und Nachhaltigkeit 9.6.2010 Stuttgart\">3. BBE-Symposium f\u00fcr Bioenergie und Nachhaltigkeit 9.6.2010 Stuttgart<\/a> &gt;Nachhaltigkeit (1.6.)<\/li>\n<li><a href=\"https:\/\/www.freiburg-schwarzwald.de\/kapitalanlage.htm#Bauminvest ? Das Geld w\u00e4chst aus der Wurzel\">Bauminvest \u2013 Das Geld w\u00e4chst aus der Wurzel<\/a> &gt;Kapitalanlage (8.4.2010)<\/li>\n<li><a href=\"https:\/\/www.freiburg-schwarzwald.de\/abfall.htm#Weihnachtsvorlesung 1: Biomassenutzung mal ganz anders\">Weihnachtsvorlesung 1: Biomassenutzung mal ganz anders<\/a> &gt;Abfall (26.11.2009)<\/li>\n<li><a href=\"https:\/\/www.freiburg-schwarzwald.de\/gras.htm#Herbert Roser in Maulburg presst Elefantengras zu Heizbriketts\">Herbert Roser in Maulburg presst Elefantengras zu Heizbriketts<\/a> &gt;Gras (16.9.2009)<\/li>\n<li><span id=\"LANGTEXT406\"><a href=\"https:\/\/www.freiburg-schwarzwald.de\/holz.htm#Biomasse aus Kurzumtrieb: Start in Buchen-Oberneudorf\">Biomasse aus Kurzumtrieb: Start in Buchen-Oberneudorf<\/a> &gt;Holz (29.4.2009)<\/span><\/li>\n<li><a href=\"https:\/\/www.freiburg-schwarzwald.de\/agrotreibstoffe.htm#Die Post-Erd\u00f6l-Gesellschaft - sugar economy\">Die Post-Erd\u00f6l-Gesellschaft &#8211; sugar economy<\/a> &gt;Agrotreibstoffe (11.12.2008)<\/li>\n<li><a href=\"https:\/\/www.freiburg-schwarzwald.de\/holz.htm#Kurzumtriebsplantagen besser als Energiepflanzen - Holz besser als Mais\">Kurzumtriebsplantagen besser als Energiepflanzen &#8211; Holz besser als Mais<\/a> &gt;Holz (17.11.2008)<\/li>\n<li><a href=\"https:\/\/www.freiburg-schwarzwald.de\/biomasse.htm#Biomasse als Energietr\u00e4ger ist regenerativ, aber auch nachhaltig\">Biomasse als Energietr\u00e4ger ist regenerativ, aber auch nachhaltig?<\/a> &gt;Biomasse (24.3.2008)<\/li>\n<li><a href=\"https:\/\/www.freiburg-schwarzwald.de\/bioenergiedorf.htm#M\u00fcnchingen nach Lausheim zweites Bioenergiedorf im LK Waldshut\">M\u00fcnchingen nach Lausheim zweites Bioenergiedorf im LK Waldshut<\/a> &gt;Bioenergiedorf (16.2.08)<\/li>\n<li><a href=\"https:\/\/www.freiburg-schwarzwald.de\/agrotreibstoffe.htm#Agrar-Treibstoff in gro\u00dfem Stile ist un\u00f6kologisch\">Agrar-Treibstoff in gro\u00dfem Stile ist un\u00f6kologisch<\/a> &gt;Agrotreibstoffe (30.1.2008)<\/li>\n<li><a href=\"https:\/\/www.freiburg-schwarzwald.de\/agrotreibstoffe.htm#Unglaublich schlechte Ausbeute bei Energiepflanzen\">Unglaublich schlechte Ausbeute bei Energiepflanzen<\/a> &gt;Agrotreibstoffe (4.1.2008)<\/li>\n<li><a href=\"https:\/\/www.freiburg-schwarzwald.de\/biomasse.htm#Einladung zur Info: Bioenergie - fahren wir gut damit\">Einladung zur Info: Bioenergie &#8211; fahren wir gut damit?<\/a> &gt;Biomasse (14.11.2007)<\/li>\n<li><a href=\"https:\/\/www.freiburg-schwarzwald.de\/biomasse.htm#Mahlberg einig im Widerstand gegen Kraftwerk\">Mahlberg einig im Widerstand gegen Biomassekraftwerk<\/a> (15.10.2007)<br \/>\n\u00a0<\/li>\n<li><a href=\"#Biomasse\">Biomasse &#8211; weltweit die wichtigste Form der erneuerbaren Energien<\/a><\/li>\n<li><a href=\"https:\/\/www.freiburg-schwarzwald.de\/energie\/index.htm#100 Prozent GmbH - Wirtschaftsverband in Freiburg\">100 Prozent GmbH &#8211; Wirtschaftsverband in Freiburg<\/a>&gt;Energie<\/li>\n<li><a href=\"https:\/\/www.freiburg-schwarzwald.de\/bioenergiedorf.htm\">Bioenergied\u00f6rfer<\/a> &gt;Bioenergiedorf<\/li>\n<li><a title=\"Biogas\" href=\"https:\/\/www.freiburg-schwarzwald.de\/blog\/energie\/biomasse\/biogas\/\">Biogas<\/a><\/li>\n<li><a title=\"Biokohle\" href=\"https:\/\/www.freiburg-schwarzwald.de\/blog\/energie\/biokohle\/\">Biokohle<\/a><\/li>\n<li><a href=\"https:\/\/www.freiburg-schwarzwald.de\/biokunststoff.htm\">Biokunststoffe, Bio-Plastics<\/a> &gt;Biokunststoff<\/li>\n<li><a href=\"https:\/\/www.freiburg-schwarzwald.de\/agrotreibstoffe.htm\">Biotreibstoffe<\/a> &gt;Agrotreibstoffe<\/li>\n<li><a href=\"https:\/\/www.freiburg-schwarzwald.de\/energiepolitik.htm\">Energiepolitik und neue Energien<\/a> &gt;Energiepolitik<\/li>\n<li><a title=\"Getreide\" href=\"https:\/\/www.freiburg-schwarzwald.de\/blog\/natur\/ernaehrung\/getreide\/\">Getreide &#8211; Getreidebau<\/a><\/li>\n<li><a href=\"https:\/\/www.freiburg-schwarzwald.de\/gras.htm\">Gras, Schilf<\/a>\u00a0&gt;Gras<\/li>\n<li><a href=\"https:\/\/www.freiburg-schwarzwald.de\/littenweiler\/heizung.htm\">Heizung-Seite<\/a>&gt;Heizung<\/li>\n<li><a title=\"Holz\" href=\"https:\/\/www.freiburg-schwarzwald.de\/blog\/energie\/biomasse\/holz\/\">Holz und seine energietische Nutzung<\/a>\u00a0&gt;Holz<\/li>\n<li><a title=\"Holzenergie-Geno\" href=\"https:\/\/www.freiburg-schwarzwald.de\/blog\/energie\/biomasse\/holzenergie-geno\/\">Holzenergie-Geno<\/a><\/li>\n<li><a title=\"Mais\" href=\"https:\/\/www.freiburg-schwarzwald.de\/blog\/natur\/ernaehrung\/getreide\/mais\/\">Mais &#8211; Energiepflanze<\/a><\/li>\n<li><a href=\"https:\/\/www.freiburg-schwarzwald.de\/littenweiler\/naturenergie.htm\">Naturenergie-Infos<\/a>\u00a0&gt;Naturenergie<\/li>\n<li><a title=\"Pellets\" href=\"https:\/\/www.freiburg-schwarzwald.de\/blog\/energie\/pellets\/\">Pellets zum Heizen<\/a>\u00a0&gt;Pellets<\/li>\n<li><a href=\"https:\/\/www.freiburg-schwarzwald.de\/littenweiler\/solar.htm\">Solarenergie<\/a>&gt;Solar<\/li>\n<li><a href=\"https:\/\/www.freiburg-schwarzwald.de\/waermepumpe.htm\">W\u00e4rmepumpe &#8211; K\u00e4ltepumpe &#8211; Erdw\u00e4rme<\/a> &gt;Waermepumpe<\/li>\n<li><a href=\"https:\/\/www.freiburg-schwarzwald.de\/wind.htm\">Windkraft<\/a>&gt;Wind<\/li>\n<li><a href=\"https:\/\/www.freiburg-schwarzwald.de\/biomasse.htm#Links\">Links<\/a><\/li>\n<\/ul>\n<p>&nbsp;<\/p>\n<p>\u00a0<strong>Biomasse als nachwachsende Rohstoffe tierischen oder pflanzlichen Ursprungs<\/strong><\/p>\n<div id=\"attachment_4456\" style=\"width: 190px\" class=\"wp-caption alignnone\"><a href=\"https:\/\/www.freiburg-schwarzwald.de\/blog\/energie\/biomasse\/biomasse-pflanzlich\/\" rel=\"attachment wp-att-4456\"><img loading=\"lazy\" decoding=\"async\" aria-describedby=\"caption-attachment-4456\" class=\"size-thumbnail wp-image-4456\" title=\"biomasse-pflanzlich\" src=\"https:\/\/www.freiburg-schwarzwald.de\/blog\/wp-content\/uploads\/2012\/04\/biomasse-pflanzlich-180x93.jpg\" alt=\"\" width=\"180\" height=\"93\" srcset=\"https:\/\/www.freiburg-schwarzwald.de\/blog\/wp-content\/uploads\/2012\/04\/biomasse-pflanzlich-180x93.jpg 180w, https:\/\/www.freiburg-schwarzwald.de\/blog\/wp-content\/uploads\/2012\/04\/biomasse-pflanzlich-640x333.jpg 640w, https:\/\/www.freiburg-schwarzwald.de\/blog\/wp-content\/uploads\/2012\/04\/biomasse-pflanzlich.jpg 706w\" sizes=\"auto, (max-width: 180px) 100vw, 180px\" \/><\/a><p id=\"caption-attachment-4456\" class=\"wp-caption-text\">\u00dcbersicht zu Stoffgruppen Nutzung und Herkunft nachwachsender Rohstoffe mit besonderer Ber\u00fccksichtigung pflanzlicher Biomasse f\u00fcr die stoffliche Verwertung<\/p><\/div>\n<p>Biomasse bzw. nachwachsende Rohstoffe k\u00f6nnen tierischen (z.B. G\u00fclle) oder pflanzlichen Ursprungs (z.B. Hanfpflanzen) sein.<\/p>\n<p>&nbsp;<\/p>\n<p><strong>Biomasse zur energetischen oder stofflichen Nutzung<\/strong><\/p>\n<p>Nach der \u00d6lkrise stand zun\u00e4chst die energetische Nutzung im Vordergrund. Nach und nach jedoch r\u00fcckt die stoffliche Nutzung von nachwachsenden Pflanzen in den Fokus.<\/p>\n<blockquote><p>&nbsp;<\/p><\/blockquote>\n<p align=\"left\"><strong>Biomasse &#8211; Acht Produktlinien der stofflichen Nutzung<\/strong><\/p>\n<p><em>Landwirtschaftsministerium Baden-W\u00fcrttemberg hat in der Studie &#8222;Nachwachsende Rohstoffe in Baden-W\u00fcrttemberg: Identifizierung vorteilhafter Produktlinien zur stofflichen Nutzung unter besonderer Ber\u00fccksichtigung umweltgerechter Anbauverfahren&#8220; acht Produktlinien bewertet.<\/em><\/p>\n<p>Nachwachsende Rohstoffe in Baden-W\u00fcrttemberg: Identifizierung vorteilhafter Produktlinien zur stofflichen Nutzung unter besonderer Ber\u00fccksichtigung umweltgerechter Anbauverfahren. In einem ersten Schritt wurden aus einer Vielzahl von Optionen, und auf der Basis des Sachstandes im Jahr 2000 zun\u00e4chst die acht nachfolgenden Kulturen mit ihren Produktlinien identifiziert:<br \/>\n1) Hoch-\u00f6ls\u00e4urereiche Sonnenblumen &#8211; technische Schmierstoffe<br \/>\n2) Faserhanf &#8211; Faserverbundstoffe<br \/>\n3) Faserlein &#8211; D\u00e4mmstoffe<br \/>\n4) Winterraps &#8211; Hydraulikfl\u00fcssigkeiten<br \/>\n5) Winter-Weizen &#8211; Biokunststoff f\u00fcr feste Verpackungen,<br \/>\n6) K\u00f6rnermais &#8211; Biokunststoff f\u00fcr Abfallt\u00fcten<br \/>\n7) Miscanthus &#8211; Faserverbundstoffe im Spritzguss und<br \/>\n8) Fasernessel &#8211; Textile Nutzung (Textilien aus Nessel anstelle Baumwolle)<\/p>\n<p align=\"left\">Mithilfe eines Geographischen Informationssystems (GIS) wurden zu den identifizierten Kulturen digitale Karten erstellt, die in einer ersten Ann\u00e4herung die Regionen Baden-W\u00fcrttembergs ausweisen, die f\u00fcr den Anbau bestimmter Rohstoffe in Frage kommen. Sie zeigen, dass f\u00fcr alle gew\u00e4hlten Kulturen betr\u00e4chtliche Gebiete vorhanden sind, die sich f\u00fcr den Anbau eignen. Die identifizierten Produktlinien (z. B. Kunststoffverpackungen auf der Basis von Maisst\u00e4rke) wurden einer vergleichenden \u00f6kobilanziellen Betrachtung mit Produkten auf fossiler Rohstoffbasis unterworfen (in Anlehnung an ISO 14040-43). Verh\u00e4ltnisse der Produktion in Baden-W\u00fcrttemberg, der Verarbeitung in Deutschland und internationaler M\u00e4rkte f\u00fcr die Betriebs- und Hilfsstoffe wurden dabei angenommen. Neben- oder Kuppelprodukte wurden nach dem Gutschriftsverfahren ber\u00fccksichtigt. Beim Vergleich der \u00d6kobilanzen von Produkten auf der Basis nachwachsender Rohstoffe mit Produkten auf fossiler Rohstoffbasis treten gro\u00dfe Unterschiede auf.<\/p>\n<p>\u00a0<em>Produktion und Verarbeitung:<\/em> Der Anbau wird f\u00fcr in Baden-W\u00fcrttemberg typische, durchschnittliche Verh\u00e4ltnisse bei guter fachlicher Praxis\u00a0bilanziert. Nach der Ernte erfolgt zentral die Fasergewinnung. Die am Ende der Anbauperiode geernteten Wurzeln dienen nach Extraktion als Arzneimittel (Alpha-Blocker) und ersetzen Tamsulodin, ein Prostata-Mittel. Bei der Fasergewinnung anfallende Reststoffe werden unter Ersetzung von Heiz\u00f6l in Heizwerken zur Energiegewinnung verbrannt. Die Fasern werden gesponnen und zu Textilien verarbeitet.<br \/>\n<em>Nutzung:<\/em> Die Nesseltextilien werden an Stelle von Baumwolltextilien als Bekleidung \u2013 mit unterschiedlichen Haltbarkeiten (Var. 1) \u2013 eingesetzt.<br \/>\n<em>Entsorgung:<\/em> Nach der Nutzungsphase werden die Textilien zur Energiegewinnung thermisch genutzt und ersetzen Industriedampf.<\/p>\n<p align=\"left\">Die Bewertung der \u00f6konomischen Attraktivit\u00e4t f\u00fcr die landwirtschaftliche Erzeugung konnte sich bei etablierten Kulturen auf belastbare Preise und Kosten st\u00fctzen, bei Kulturen wie Miscanthus, Nessel und Industriefaserlein waren Berechnungen auf weniger sicherer Datengrundlage n\u00f6tig. Hoch-\u00f6ls\u00e4urehaltige Sonnenblumen und mit neuen Vermehrungsverfahren produzierter Miscanthus erwiesen sich bei Betrachtung der Deckungsbeitr\u00e4ge im Rahmen der Fruchtfolge als relativ vorz\u00fcgliche Kulturen. Sie wurden gefolgt von K\u00f6rnermais, Weizen, Raps und Hanf. Fasernessel und Industriefaserlein stellen aufgrund hoher Etablierungskosten bzw. niedriger Rohstoffpreise bei den angenommenen Verfahren keine wirtschaftliche Alternative zu g\u00e4ngigen Kulturen dar. Es wird empfohlen den Anbau von HO-Sonnenblumen entlang der ganzen Wertsch\u00f6pfungskette regional konzentriert zu f\u00f6rdern. Der Anbau von Miscanthus k\u00f6nnte mit den neuen Vermehrungsverfahren und den sich ergebenden Preisspielr\u00e4umen wieder attraktiv werden, da neue M\u00e4rkte erschlossen werden k\u00f6nnen. F\u00f6rderma\u00dfnahmen sollten in diesem Fall bei der Erschlie\u00dfung neuer M\u00e4rkte und Verwendungsm\u00f6glichkeiten ansetzen. Bei Raps, St\u00e4rkemais und St\u00e4rkeweizen sind die Chancen f\u00fcr den Einsatz der Kulturen als nachwachsende Rohstoffe am ehesten dadurch zu verbessern, dass die Rahmenbedingungen f\u00fcr den Einsatz umweltfreundlicher, innovativer Produkte, zum Beispiel durch die Honorierung geringerer Entsorgungsprobleme, verbessert werden. Ein vermehrter Anbau der aus \u00f6kologischer Sicht sehr w\u00fcnschenswerten Kulturen Lein und Fasernessel erfordert bei Lein noch Investitionen in die Entwicklung von Verwertungen mit h\u00f6herer Wertsch\u00f6pfung. Bei der Fasernessel sollten sich die Anstrengungen auf kosteng\u00fcnstigere Etablierungsstrategien, die Zucht h\u00f6herer Fasergehalte und auf die parallel dazu notwendige Optimierung der Techniken f\u00fcr die textile Nutzung konzentrieren.<\/p>\n<p align=\"left\">Lesen Sie den kompletten\u00a0Bericht des Landwirtschaftsministeriums &#8222;Nachwachsende Rohstoffe in Baden-W\u00fcrttemberg: Identifizierung vorteilhafter Produktlinien zur stofflichen Nutzung unter besonderer Ber\u00fccksichtigung umweltgerechter Anbauverfahren&#8220; unter<br \/>\n<a href=\"https:\/\/www.landwirtschaft-mlr.baden-wuerttemberg.de\/servlet\/PB\/show\/1159868_l1\/BWplus_Endbericht.pdf\">https:\/\/www.landwirtschaft-mlr.baden-wuerttemberg.de\/servlet\/PB\/show\/1159868_l1\/BWplus_Endbericht.pdf<\/a><\/p>\n<p>&nbsp;<\/p>\n<p>\u00a0<br \/>\n<strong><a name=\"Biomasse\"><\/a>Biomasse &#8211; weltweit die wichtigste Form der erneuerbaren Energien<\/strong><\/p>\n<p>Bevor sich im Zuge der Industrialisierung die Nutzung der fossilen Energietr\u00e4ger Kohle, Erd\u00f6l und Erdgas f\u00fcr die Energiegewinnung durchgesetzt hat, war Biomasse, vor allem in Form von Brennholz, die wichtigste Energiequelle. In vielen Entwicklungsl\u00e4ndern ist das auch heute noch so. Deswegen ist Biomasse weltweit gesehen die wichtigste Form der erneuerbaren Energien. Allerdings ist ihre Nutzung oft problematisch, weil sie mit Raubbau an den W\u00e4ldern einher geht. Biomasse z\u00e4hlt zu den erneuerbaren Energien, weil bei ihrer Verbrennung nur so viel Kohlendioxid entsteht, wie die Pflanzen der Luft zuvor entnommen haben.<br \/>\nIn Deutschland ist Biomasse der wichtigste erneuerbare Energietr\u00e4ger. Zur Energieerzeugung k\u00f6nnen Holz, aber auch Stroh, Zucker- und St\u00e4rkepflanzen, \u00d6lpflanzen oder Bioabfall eingesetzt werden.<\/p>\n<ul>\n<li>Die traditionelle Form der Nutzung von Biomasse ist die Verbrennung von Holz, sei es in \u00d6fen oder in Heizungen, die mit Holzpellets oder Holzackschnitzeln betrieben werden.<br \/>\n\u00a0<\/li>\n<li>Eine zweite Form der energetischen Nutzung von Biomasse ist die Herstellung von Treibstoffen wie Bioalkohol aus Zuckerpflanzen oder Biodiesel aus Raps.<br \/>\n\u00a0<\/li>\n<li>Drittens schlie\u00dflich k\u00f6nnen die verschiedensten Stoffe vergoren werden. Das entstehende Biogas wird in Motoren verbrannt, die Generatoren antreiben. Der gewonnene Strom wird ins Netz eingespeist. Dies ist die zur Zeit am schnellsten wachsende Form der Biomassenutzung. Der erzeugte Strom wird n\u00e4mlich nach dem Erneuerbaren-Energien-Gesetz hoch verg\u00fctet. Das beim Verg\u00e4ren entstehende Biogas \u2014 das dem Erdgas sehr \u00e4hnlich ist \u2014 kann aber auch ins Gasnetz eingespeist werden. Zum Verg\u00e4ren eignen sich grunds\u00e4tzlich G\u00fclle oder K\u00fcchenabf\u00e4lle ebenso wie Mais oder Getreide.<\/li>\n<\/ul>\n<p>Unter Bioenergie versteht man die Erzeugung von Strom und W\u00e4rme mit Hilfe von Biomasse, also von regenerativen Energietr\u00e4gern wie Biogas, Holz, Sonne, Wasser und Wind.<br \/>\nBisher gibt es in Deutschland zwei Bioenergied\u00f6rfer. Mauenheim und Freiamt.<\/p>\n<p>&nbsp;<\/p>\n<p><strong>Energiepflanzen und Industriepflanzen<\/strong><br \/>\nNachwachsende Rohstoffe sind land- und forstwirtschaftlich erzeugte Produkte, die gezielt zu Zwecken au\u00dferhalb der Nahrungs- und Futtermittelherstellung angebaut und weiterverarbeitet werden. Sie finden stoffliche Verwendung in vielen Bereichen der Industrie (Schmierstoffe, Kunst- und Werkstoffen,\u00a0Papier und Pappe, Arzneimittel, Kosmetika, Farbstoffen, Reinigungsmitteln, Textilien)\u00a0und werden energetisch zur Erzeugung von W\u00e4rme, Kraftstoffen oder Strom genutzt. Demnach unterscheidet man zwischen Industriepflanzen und Energiepflanzen, wobei viele Pflanzen auf beiden Gebieten eingesetzt werden k\u00f6nnen.<\/p>\n<p><strong>Renaissance der Nawaro&#8217;s<\/strong><br \/>\nBereits vor Beginn der industriellen Revolution um 1751 wurden viele Pflanzen umfangreich f\u00fcr den allt\u00e4glichen Gebrauch genutzt. Sie stellten die wichtigsten Energie- und Rohstoffquellen dar. Heute erfahren sie eine Renaissance, da eine Alternative zu den ersch\u00f6pflichen fossilen Ressourcen notwendig wird, die nachwachsende Rohstoffe lange Zeit ersetzt haben.<\/p>\n<p><strong>Zwei Vorteile von Nawaro&#8217;s: Erneuerbar und klimaschonend<\/strong><br \/>\nNachwachsende Rohstoffe unterscheiden sich von fossilen Ressourcen nicht nur dahingehend, dass sie erneuerbar und unersch\u00f6pflich sind. Auch in Bezug auf den voranschreitenden Klimawandel verm\u00f6gen sie Vorteile zu bieten. Sie setzen bei der Verbrennung im Gegensatz zu Braun- und Steinkohle, Erd\u00f6l oder Erdgas, weniger klimarelevante Treibhausgase frei und gelten daher als klimaneutral. Bei einer stofflichen Nutzung in der Industrie k\u00f6nnen sie CO2 sogar dauerhaft speichern.<\/p>\n<p>&nbsp;<\/p>\n<p>&nbsp;<\/p>\n<p>Nachwachsende Rohstoffe \u2013<br \/>\n\u201eFlower Power oder Bl\u00fcmchentee?\u201c<\/p>\n<p><strong>Energiepflanzen<\/strong><\/p>\n<p>Energiepflanzen 1 | \u201eWatt ihr Volt!\u201c<\/p>\n<p>Energiepflanzen 2 | Biogas &amp; Kompogas<br \/>\n(Mais, Grasarten, Getreide)<\/p>\n<p>Energiepflanzen 3 | Biogene Festbrennstoffe<br \/>\n(B\u00e4ume: Weide, Pappel)<\/p>\n<p>Energiepflanzen 4 | Biokraftstoff<br \/>\n(Raps, Zuckerr\u00fcben, Soja)<\/p>\n<p>Energiepflanzen 5 | Die \u00d6lpalme \u2013<br \/>\n\u201eEine Hand schmiert die andere\u201c<\/p>\n<p>&nbsp;<\/p>\n<p><strong>Industriepflanzen<\/strong><\/p>\n<p>Industriepflanzen<br \/>\n(Allgemeine Informationstafel)<\/p>\n<p>Industriepflanzen 1 | \u201ePflanzen machen Kleider\u201c<br \/>\n(Baumwolle, Lein, Fasernessel)<\/p>\n<p>Industriepflanzen 2 | \u201eSchwamm dr\u00fcber\u2026\u201c \u2013<br \/>\nReinigungsmittel und Kosmetika<\/p>\n<p>Industriepflanzen 3 | \u201eDe Zweedackderbeblankunk<br \/>\nis fuffzsch\u201c \u2013 &#8222;Trabbi&#8220; und Co<\/p>\n<p>Industriepflanzen 4 | Die Kiefer \u2013<br \/>\n\u201eEin Industriebaum durch und durch\u201c<\/p>\n<p>Industriepflanzen 5 | \u201eEin Gras f\u00fcr alle F\u00e4lle\u201c<br \/>\n(<em>Miscanthus<\/em>)<\/p>\n<p>Industriepflanzen 6 | \u201eRegenmantel, Ratzefummel und<br \/>\nKarkasse\u201c (<em>Hevea brasiliensis<\/em>)<\/p>\n<p>Industriepflanzen 7 | Von Aardappelen bis Grumbeeren:<br \/>\nKartoffeln \u2013 die tolle Knolle<\/p>\n<p>Industriepflanzen 8 | \u201eEs jrient so jrien\u2026\u201c \u2013<br \/>\nrote, braune und gr\u00fcne Algen<\/p>\n<p>Nachhaltigkeit<\/p>\n","protected":false},"excerpt":{"rendered":"<p>Home &gt;Energie &gt;Biomasse Biomasse = Nachwachsende Rohstoffe = Nawaro&#8217;s https:\/\/www.freiburg-schwarzwald.de\/blog\/sida-energiepflanze-ernte\/\u00a0(11.3.2013) Solar- und Bioenergienutzung sowie Wasser- und Mikrowindkraft am Hanisenhof\u00a0(5.5.2012) 4. Kommunalforum &#8222;Bioenergie konkret&#8220; am 8. Juni 2011 in Zell &gt;Biomasse (27.5.2011) E10: Wie Umwelt-Guru Al Gore zum Biosprit-Gegner wurde &gt;Agrotreibstoffe &hellip; <a href=\"https:\/\/www.freiburg-schwarzwald.de\/blog\/energie\/biomasse\/\">Weiterlesen <span class=\"meta-nav\">&rarr;<\/span><\/a><\/p>\n","protected":false},"author":2,"featured_media":0,"parent":15,"menu_order":0,"comment_status":"open","ping_status":"closed","template":"","meta":{"footnotes":""},"class_list":["post-1486","page","type-page","status-publish","hentry"],"_links":{"self":[{"href":"https:\/\/www.freiburg-schwarzwald.de\/blog\/wp-json\/wp\/v2\/pages\/1486","targetHints":{"allow":["GET"]}}],"collection":[{"href":"https:\/\/www.freiburg-schwarzwald.de\/blog\/wp-json\/wp\/v2\/pages"}],"about":[{"href":"https:\/\/www.freiburg-schwarzwald.de\/blog\/wp-json\/wp\/v2\/types\/page"}],"author":[{"embeddable":true,"href":"https:\/\/www.freiburg-schwarzwald.de\/blog\/wp-json\/wp\/v2\/users\/2"}],"replies":[{"embeddable":true,"href":"https:\/\/www.freiburg-schwarzwald.de\/blog\/wp-json\/wp\/v2\/comments?post=1486"}],"version-history":[{"count":0,"href":"https:\/\/www.freiburg-schwarzwald.de\/blog\/wp-json\/wp\/v2\/pages\/1486\/revisions"}],"up":[{"embeddable":true,"href":"https:\/\/www.freiburg-schwarzwald.de\/blog\/wp-json\/wp\/v2\/pages\/15"}],"wp:attachment":[{"href":"https:\/\/www.freiburg-schwarzwald.de\/blog\/wp-json\/wp\/v2\/media?parent=1486"}],"curies":[{"name":"wp","href":"https:\/\/api.w.org\/{rel}","templated":true}]}}