{"id":148468,"date":"2026-04-29T13:09:50","date_gmt":"2026-04-29T11:09:50","guid":{"rendered":"https:\/\/www.freiburg-schwarzwald.de\/blog\/?page_id=148468"},"modified":"2026-04-29T13:35:20","modified_gmt":"2026-04-29T11:35:20","slug":"fruehsexualisierung","status":"publish","type":"page","link":"https:\/\/www.freiburg-schwarzwald.de\/blog\/selbsthilfe\/frauen\/gender\/sexuell\/fruehsexualisierung\/","title":{"rendered":"Fr\u00fchsexualisierung"},"content":{"rendered":"<p>Home &gt;<a title=\"Selbsthilfe\" href=\"https:\/\/www.freiburg-schwarzwald.de\/blog\/selbsthilfe\/\">Selbsthilfe<\/a>\u00a0&gt;<a title=\"Frauen\" href=\"https:\/\/www.freiburg-schwarzwald.de\/blog\/selbsthilfe\/frauen\/\">Frauen<\/a>\u00a0&gt;<a title=\"Maenner\" href=\"https:\/\/www.freiburg-schwarzwald.de\/blog\/selbsthilfe\/maenner\/\">Maenner<\/a>\u00a0&gt;<a href=\"https:\/\/www.freiburg-schwarzwald.de\/blog\/selbsthilfe\/frauen\/gender\/\">Gender<\/a>\u00a0&gt;<a href=\"https:\/\/www.freiburg-schwarzwald.de\/blog\/selbsthilfe\/frauen\/gender\/sexuell\/\">Sexuell<\/a> &gt;<a href=\"https:\/\/www.freiburg-schwarzwald.de\/blog\/selbsthilfe\/frauen\/gender\/sexuell\/sexualpaedagogik\/\">Sexualp\u00e4dgogik<\/a> &gt;Fr\u00fchsexualisierung<\/p>\n<div id=\"attachment_148470\" style=\"width: 651px\" class=\"wp-caption alignnone\"><a href=\"https:\/\/www.freiburg-schwarzwald.de\/blog\/wp-content\/uploads\/2026\/04\/windrad-storch-acker-pan260429.jpg\"><img loading=\"lazy\" decoding=\"async\" aria-describedby=\"caption-attachment-148470\" class=\"size-full wp-image-148470\" src=\"https:\/\/www.freiburg-schwarzwald.de\/blog\/wp-content\/uploads\/2026\/04\/windrad-storch-acker-pan260429.jpg\" alt=\"\" width=\"641\" height=\"398\" srcset=\"https:\/\/www.freiburg-schwarzwald.de\/blog\/wp-content\/uploads\/2026\/04\/windrad-storch-acker-pan260429.jpg 641w, https:\/\/www.freiburg-schwarzwald.de\/blog\/wp-content\/uploads\/2026\/04\/windrad-storch-acker-pan260429-180x112.jpg 180w\" sizes=\"auto, (max-width: 641px) 100vw, 641px\" \/><\/a><p id=\"caption-attachment-148470\" class=\"wp-caption-text\">Windrad &#8211; Storch &#8211; Acker &#8211; Landwirt 29.4.2026 bei Freiburg<\/p><\/div>\n<p>&nbsp;<\/p>\n<ul>\n<li><em>Listenauswahl eines Beitrags (Artikel\/Datum, Seite\/Inhalt): <span style=\"text-decoration: underline;\">Klicken<\/span> oder scrollen<\/em><\/li>\n<li>Holzpenisse und Leckt\u00fccher: Sozialistischer Jugendverband \u201eFalken\u201c empfiehlt Sex-Spiele f\u00fcr Kinder ab sechs (28.4.2026)<\/li>\n<li><a href=\"https:\/\/www.freiburg-schwarzwald.de\/blog\/schule-indoktrinieren-ngos\/\">Schule: Indoktrinieren \u2013 NGOs<\/a>\u00a0(24.4.2026)<\/li>\n<li><a href=\"https:\/\/www.freiburg-schwarzwald.de\/blog\/selbsthilfe\/frauen\/gender\/sexuell\/sexualpaedagogik\/\">P\u00e4dophile Sexualp\u00e4dagogik: \u201eWissenschaftlich\u201c gedecktes Grooming<\/a>\u00a0(10.4.2026)<\/li>\n<li><a href=\"https:\/\/www.freiburg-schwarzwald.de\/blog\/tatort-kita-fruehsexualisierung\/\">Tatort Kita: Fr\u00fchsexualisierung<\/a>\u00a0(16.11.2025)<\/li>\n<li><\/li>\n<li><a href=\"https:\/\/www.freiburg-schwarzwald.de\/blog\/selbsthilfe\/kinder\/kinder-indoktrinierung\/\">Kinder-Indoktrinierung<\/a><\/li>\n<li><a title=\"FGM\" href=\"https:\/\/www.freiburg-schwarzwald.de\/blog\/selbsthilfe\/frauen\/fgm\/\">FMG<\/a><\/li>\n<li><a href=\"https:\/\/www.freiburg-schwarzwald.de\/blog\/selbsthilfe\/frauen\/frauenhaus\/\">Frauenhaus<\/a><\/li>\n<li><a title=\"Frauenproteste\" href=\"https:\/\/www.freiburg-schwarzwald.de\/blog\/selbsthilfe\/frauen\/frauenproteste\/\">Frauenproteste<\/a><\/li>\n<li><a href=\"https:\/\/www.freiburg-schwarzwald.de\/blog\/selbsthilfe\/krise\/sexuellermissbrauch\/freiwild\/\">Freiwild<\/a><\/li>\n<li><a title=\"Genitalverstuemmelung\" href=\"https:\/\/www.freiburg-schwarzwald.de\/blog\/selbsthilfe\/frauen\/genitalverstuemmelung\/\">Genitalverst\u00fcmmelung<\/a><\/li>\n<li style=\"list-style-type: none;\"><\/li>\n<li><a title=\"Gruppenvergewaltigung\" href=\"https:\/\/www.freiburg-schwarzwald.de\/blog\/selbsthilfe\/krise\/sexuellermissbrauch\/gruppenvergewaltigung\/\">Gruppenvergewaltigung<\/a><\/li>\n<li><a title=\"Kinderehe\" href=\"https:\/\/www.freiburg-schwarzwald.de\/blog\/religion\/islam\/kinderehe\/\">Kinderehe<\/a><\/li>\n<li><a href=\"https:\/\/www.freiburg-schwarzwald.de\/blog\/selbsthilfe\/frauen\/gender\/lgbtq\/\">LGBTQ<\/a><\/li>\n<li><a title=\"Paedophilie\" href=\"https:\/\/www.freiburg-schwarzwald.de\/blog\/selbsthilfe\/krise\/sexuellermissbrauch\/paedophilie\/\">P\u00e4dophilie<\/a>\u00a0&gt;Paedophilie<\/li>\n<li><a href=\"https:\/\/www.freiburg-schwarzwald.de\/blog\/selbsthilfe\/frauen\/gender\/sexuell\/\">Sexuell<\/a><\/li>\n<li><a title=\"Sexualisierung\" href=\"https:\/\/www.freiburg-schwarzwald.de\/blog\/selbsthilfe\/kinder\/sexualisierung\/\">Sexualisierung<\/a><\/li>\n<li><a title=\"Unsicher\" href=\"https:\/\/www.freiburg-schwarzwald.de\/blog\/selbsthilfe\/frauen\/unsicher\/\">Unsicher<\/a><\/li>\n<li><a title=\"Vergewaltigung\" href=\"https:\/\/www.freiburg-schwarzwald.de\/blog\/selbsthilfe\/krise\/sexuellermissbrauch\/vergewaltigung\/\">Vergewaltigung<\/a><\/li>\n<li><a href=\"https:\/\/www.freiburg-schwarzwald.de\/blog\/selbsthilfe\/krise\/sexuellermissbrauch\/vergewaltigung-virtuell\/\">Vergewaltigung-virtuell<\/a><\/li>\n<\/ul>\n<p>&nbsp;<\/p>\n<p><strong>Holzpenisse und Leckt\u00fccher: Sozialistischer Jugendverband \u201eFalken\u201c empfiehlt Sex-Spiele f\u00fcr Kinder ab sechs<\/strong><br \/>\nDer SPD-nahe Jugendverband \u201eDie Falken\u201c steht wegen des <a href=\"https:\/\/www.freiburg-schwarzwald.de\/blog\/schule-indoktrinieren-ngos\/\">Porno-Skandals an einer s\u00e4chsischen Schule<\/a> in der Kritik. Eine offizielle Brosch\u00fcre des Verbands zeigt: Die Fr\u00fchsexualisierung von Kindern ist kein Versehen, sondern politisches Programm.<br \/>\n\u201eJe nach Alter und Thema empfehlen sich unterschiedliche Dinge, z. B. Verh\u00fctungsmittel, Gleitgel, Sexspielzeug\u201c, hei\u00dft es in der Beschreibung des Spiels \u201eGrabbelsack\u201c, bei dem Kinder ab acht Jahren sexuelle Gegenst\u00e4nde in einem Beutel ertasten und erraten sollen. Mit diesem und weiteren Spielen will der mit Steuermillionen gef\u00f6rderte Verband \u201eSozialistische Jugend Deutschlands \u2013 Die Falken\u201c Kinder ab sechs Jahren \u00fcber Sexualit\u00e4t aufkl\u00e4ren. Das geht aus einer Brosch\u00fcre zur \u201eSexualp\u00e4dagogik\u201c des Verbands hervor, die vom Bundesfamilienministerium finanziert wurde.<br \/>\n&#8230;<br \/>\nIn ihrem \u201ep\u00e4dagogischen Selbstverst\u00e4ndnis\u201c erkl\u00e4ren die Falken unter dem Punkt \u201eSexualp\u00e4dagogik\u201c: \u201eHeteronormativit\u00e4t und Patriarchat sind keineswegs Naturgesetze, sondern Ideologien.\u201c Es gelte, diese kritisch zu entlarven, den dahinterstehenden Vorstellungen \u201eentschieden entgegenzutreten\u201c und \u201ep\u00e4dagogisch andere Erlebnisr\u00e4ume zu erm\u00f6glichen\u201c. Diesem Ziel dient die 2018 ver\u00f6ffentlichte Brosch\u00fcre der Falken, die weiterhin auf der Webseite des Bundesverbands zum Abruf.<br \/>\n<a href=\"https:\/\/www.wir-falken.de\/de\/publications\/2e08671122\">https:\/\/www.wir-falken.de\/de\/publications\/2e08671122<\/a><br \/>\nSie wurde \u201eaus Mitteln des Kinder- und Jugendplans des Bundesministeriums f\u00fcr Familie, Senioren, Frauen und Jugend\u201c gef\u00f6rdert. Insgesamt erhielt der Bundesverband der Falken seit 2016 rund 13 Millionen Euro <a href=\"https:\/\/apollo-news.net\/13-millionen-euro-fuer-den-klassenkampf-bundesregierung-finanziert-sozialistischen-jugendverband-die-falken\/\">https:\/\/apollo-news.net\/13-millionen-euro-fuer-den-klassenkampf-bundesregierung-finanziert-sozialistischen-jugendverband-die-falken\/<\/a> Steuergeld aus dem Kinder- und Jugendplan.<\/p>\n<p>&#8230; Alles vom 28.4.2026 bitte lesen auf<br \/>\n<a href=\"https:\/\/apollo-news.net\/holzpenisse-und-lecktcher-sozialistischer-jugendverband-falken-empfiehlt-sex-spiele-fr-kinder-ab-sechs\/\">https:\/\/apollo-news.net\/holzpenisse-und-lecktcher-sozialistischer-jugendverband-falken-empfiehlt-sex-spiele-fr-kinder-ab-sechs\/<\/a><\/p>\n","protected":false},"excerpt":{"rendered":"<p>Home &gt;Selbsthilfe\u00a0&gt;Frauen\u00a0&gt;Maenner\u00a0&gt;Gender\u00a0&gt;Sexuell &gt;Sexualp\u00e4dgogik &gt;Fr\u00fchsexualisierung &nbsp; Listenauswahl eines Beitrags (Artikel\/Datum, Seite\/Inhalt): Klicken oder scrollen Holzpenisse und Leckt\u00fccher: Sozialistischer Jugendverband \u201eFalken\u201c empfiehlt Sex-Spiele f\u00fcr Kinder ab sechs (28.4.2026) Schule: Indoktrinieren \u2013 NGOs\u00a0(24.4.2026) P\u00e4dophile Sexualp\u00e4dagogik: \u201eWissenschaftlich\u201c gedecktes Grooming\u00a0(10.4.2026) Tatort Kita: Fr\u00fchsexualisierung\u00a0(16.11.2025) Kinder-Indoktrinierung FMG &hellip; <a href=\"https:\/\/www.freiburg-schwarzwald.de\/blog\/selbsthilfe\/frauen\/gender\/sexuell\/fruehsexualisierung\/\">Weiterlesen <span class=\"meta-nav\">&rarr;<\/span><\/a><\/p>\n","protected":false},"author":2,"featured_media":0,"parent":92642,"menu_order":0,"comment_status":"closed","ping_status":"closed","template":"","meta":{"footnotes":""},"class_list":["post-148468","page","type-page","status-publish","hentry"],"_links":{"self":[{"href":"https:\/\/www.freiburg-schwarzwald.de\/blog\/wp-json\/wp\/v2\/pages\/148468","targetHints":{"allow":["GET"]}}],"collection":[{"href":"https:\/\/www.freiburg-schwarzwald.de\/blog\/wp-json\/wp\/v2\/pages"}],"about":[{"href":"https:\/\/www.freiburg-schwarzwald.de\/blog\/wp-json\/wp\/v2\/types\/page"}],"author":[{"embeddable":true,"href":"https:\/\/www.freiburg-schwarzwald.de\/blog\/wp-json\/wp\/v2\/users\/2"}],"replies":[{"embeddable":true,"href":"https:\/\/www.freiburg-schwarzwald.de\/blog\/wp-json\/wp\/v2\/comments?post=148468"}],"version-history":[{"count":6,"href":"https:\/\/www.freiburg-schwarzwald.de\/blog\/wp-json\/wp\/v2\/pages\/148468\/revisions"}],"predecessor-version":[{"id":148494,"href":"https:\/\/www.freiburg-schwarzwald.de\/blog\/wp-json\/wp\/v2\/pages\/148468\/revisions\/148494"}],"up":[{"embeddable":true,"href":"https:\/\/www.freiburg-schwarzwald.de\/blog\/wp-json\/wp\/v2\/pages\/92642"}],"wp:attachment":[{"href":"https:\/\/www.freiburg-schwarzwald.de\/blog\/wp-json\/wp\/v2\/media?parent=148468"}],"curies":[{"name":"wp","href":"https:\/\/api.w.org\/{rel}","templated":true}]}}