{"id":148379,"date":"2026-04-27T08:55:26","date_gmt":"2026-04-27T06:55:26","guid":{"rendered":"https:\/\/www.freiburg-schwarzwald.de\/blog\/?page_id=148379"},"modified":"2026-04-27T09:03:21","modified_gmt":"2026-04-27T07:03:21","slug":"unterwanderung","status":"publish","type":"page","link":"https:\/\/www.freiburg-schwarzwald.de\/blog\/religion\/islam\/islamisierung\/unterwanderung\/","title":{"rendered":"Unterwanderung"},"content":{"rendered":"<p><a href=\"https:\/\/freiburg-schwarzwald.de\/blog\">Home<\/a>\u00a0&gt;<a title=\"Religion\" href=\"https:\/\/www.freiburg-schwarzwald.de\/blog\/religion\/\">Religion<\/a>\u00a0&gt;<a title=\"Islam\" href=\"https:\/\/www.freiburg-schwarzwald.de\/blog\/religion\/islam\/\">Islam<\/a> &gt;<a href=\"https:\/\/www.freiburg-schwarzwald.de\/blog\/religion\/islam\/unterwerfung\/\">Unterwerfung<\/a> &gt;<a href=\"https:\/\/www.freiburg-schwarzwald.de\/blog\/religion\/islam\/islamisierung\/\">Islamisierung<\/a> &gt;Unterwanderung<\/p>\n<div id=\"attachment_147422\" style=\"width: 651px\" class=\"wp-caption alignnone\"><a href=\"https:\/\/www.freiburg-schwarzwald.de\/blog\/wp-content\/uploads\/2026\/04\/Koelner-dom-Ditib-Moschee-pan2026.jpg\"><img loading=\"lazy\" decoding=\"async\" aria-describedby=\"caption-attachment-147422\" class=\"size-full wp-image-147422\" src=\"https:\/\/www.freiburg-schwarzwald.de\/blog\/wp-content\/uploads\/2026\/04\/Koelner-dom-Ditib-Moschee-pan2026.jpg\" alt=\"\" width=\"641\" height=\"407\" srcset=\"https:\/\/www.freiburg-schwarzwald.de\/blog\/wp-content\/uploads\/2026\/04\/Koelner-dom-Ditib-Moschee-pan2026.jpg 641w, https:\/\/www.freiburg-schwarzwald.de\/blog\/wp-content\/uploads\/2026\/04\/Koelner-dom-Ditib-Moschee-pan2026-180x114.jpg 180w\" sizes=\"auto, (max-width: 641px) 100vw, 641px\" \/><\/a><p id=\"caption-attachment-147422\" class=\"wp-caption-text\">Zentralmoschee der DITIB in K\u00f6ln-Ehrenfeld und dahinter der K\u00f6lner Dom in 2026<\/p><\/div>\n<ul>\n<li><em>Listenauswahl eines Beitrags (Artikel\/Datum, Seite\/Inhalt):\u00a0Klicken\u00a0oder scrollen<\/em><\/li>\n<li>Sascha Adamek: \u201eUnterwanderung\u201c: Wie der politische Islam Politik und Gesellschaft infiltriert (26.4.2026)<\/li>\n<li><a href=\"https:\/\/www.freiburg-schwarzwald.de\/blog\/global\/deutschland\/deutschland-islam\/\">Warum die Islamisierung eine extreme Gefahr f\u00fcr Deutschland ist<\/a>\u00a0(15.4.2026)<\/li>\n<li><a href=\"https:\/\/www.freiburg-schwarzwald.de\/blog\/islamisierung-und-christentum\/\">Islamisierung und Christentum<\/a>\u00a0(12.4.2026)<\/li>\n<\/ul>\n<p>&nbsp;<\/p>\n<p><strong>Sascha Adamek: \u201eUnterwanderung\u201c: Wie der politische Islam Politik und Gesellschaft infiltriert<\/strong><br \/>\nEine Islamisierung findet statt. Sascha Adameks Recherchen dokumentieren konkrete F\u00e4lle der Unterwanderung durch islamistische Kr\u00e4fte. Anhand von Geldfl\u00fcssen und personellen Verflechtungen legt er Programm und Methoden offen, die Deutschland dem Diktat des politischen Islam unterwerfen sollen.<br \/>\n&#8230;<br \/>\nSascha Adamek beschreibt zun\u00e4chst die Eckpfeiler der Islamisierung: Unterwerfung, Unterwanderung, Missionierung. Dann folgen Fallbeispiele, die das Ausma\u00df der Islamisierung deutlich machen, und zwei Hauptstr\u00e4nge in den Blick nehmen. Die von Katar und der Muslimbruderschaft propagierte vornehmlich arabisch-sunnitische Richtung und den vom Iran finanzierten schiitischen Islamismus, etwa im Rahmen des mittlerweile verbotenen Islamischen Zentrums Hamburg (IZH).<br \/>\nZuletzt widmet sich Adamek den spezifischen Gefahren, die von der unter Erdogan re-islamisierten T\u00fcrkei und ihren politreligi\u00f6sen Kr\u00e4ften in Deutschland in Form der DITIB ausgehen.<br \/>\n&#8230;<br \/>\nBrennpunkt Bildung: Indoktrination in Kita, Schule, Universit\u00e4t<br \/>\n&#8230;<br \/>\nDie SPD: Handlanger des politischen Islam<br \/>\nWie erfolgreich diese Strategie ist, belegt Sascha Adamek insbesondere im Hinblick auf die SPD. Anhand der Politikerinnen Sawsan Chebli und Aydan \u00d6zo\u011fuz zeigt er, wie vorgeblich \u201emoderne\u201c Frauen dem politischen Islam politischen Einfluss verschaffen.<br \/>\n&#8230;<br \/>\nSachlich, umfassend recherchiert, l\u00f6sungsorientiert<br \/>\n&#8230; Besonders hervorzuheben ist, dass Adamek aus der Problemanalyse L\u00f6sungsvorschl\u00e4ge ableitet. Mit dem Regierungswechsel sieht er vor allem im Innenministerium neue Kr\u00e4fte, die \u00fcber Willen und Expertise verf\u00fcgen, um sich den Entwicklungen entgegenzustellen und beschlie\u00dft das Buch mit einem Zehn-Punkte-Plan, der sowohl gesellschaftlich, innenpolitisch als auch bez\u00fcglich ausl\u00e4ndischer Einflussnahme Gegenma\u00dfnahmen vorschl\u00e4gt.<br \/>\nDas Ausma\u00df der Gef\u00e4hrdung durch den politischen Islam, Historie, Strategien und Methoden treten dem Leser plastisch vor Augen; angesichts plausibler L\u00f6sungsans\u00e4tze bleibt er dennoch nicht paralysiert zur\u00fcck: Ganz ohne Emotionalisierung r\u00fcttelt \u2013 oder schreckt \u2013 \u201eUnterwanderung\u201c auf. Ein Werk, das man gelesen haben sollte.<br \/>\n&#8230; Alles vom 26.4.2026 von Anna Diouf bitte lesen auf<br \/>\n<a href=\"https:\/\/www.tichyseinblick.de\/feuilleton\/buecher\/unterwanderung-wie-der-politische-islam-politik-und-gesellschaft-infiltriert\/\">https:\/\/www.tichyseinblick.de\/feuilleton\/buecher\/unterwanderung-wie-der-politische-islam-politik-und-gesellschaft-infiltriert\/<\/a><\/p>\n<p><em>Sascha Adamek. Unterwanderung. Der Politische Islam weiter auf dem Vormarsch. <\/em><br \/>\n<em>LMV, Paperback, 304 Seiten, 24,00 \u20ac<\/em><\/p>\n","protected":false},"excerpt":{"rendered":"<p>Home\u00a0&gt;Religion\u00a0&gt;Islam &gt;Unterwerfung &gt;Islamisierung &gt;Unterwanderung Listenauswahl eines Beitrags (Artikel\/Datum, Seite\/Inhalt):\u00a0Klicken\u00a0oder scrollen Sascha Adamek: \u201eUnterwanderung\u201c: Wie der politische Islam Politik und Gesellschaft infiltriert (26.4.2026) Warum die Islamisierung eine extreme Gefahr f\u00fcr Deutschland ist\u00a0(15.4.2026) Islamisierung und Christentum\u00a0(12.4.2026) &nbsp; Sascha Adamek: \u201eUnterwanderung\u201c: Wie der &hellip; <a href=\"https:\/\/www.freiburg-schwarzwald.de\/blog\/religion\/islam\/islamisierung\/unterwanderung\/\">Weiterlesen <span class=\"meta-nav\">&rarr;<\/span><\/a><\/p>\n","protected":false},"author":2,"featured_media":0,"parent":60450,"menu_order":0,"comment_status":"closed","ping_status":"closed","template":"","meta":{"footnotes":""},"class_list":["post-148379","page","type-page","status-publish","hentry"],"_links":{"self":[{"href":"https:\/\/www.freiburg-schwarzwald.de\/blog\/wp-json\/wp\/v2\/pages\/148379","targetHints":{"allow":["GET"]}}],"collection":[{"href":"https:\/\/www.freiburg-schwarzwald.de\/blog\/wp-json\/wp\/v2\/pages"}],"about":[{"href":"https:\/\/www.freiburg-schwarzwald.de\/blog\/wp-json\/wp\/v2\/types\/page"}],"author":[{"embeddable":true,"href":"https:\/\/www.freiburg-schwarzwald.de\/blog\/wp-json\/wp\/v2\/users\/2"}],"replies":[{"embeddable":true,"href":"https:\/\/www.freiburg-schwarzwald.de\/blog\/wp-json\/wp\/v2\/comments?post=148379"}],"version-history":[{"count":5,"href":"https:\/\/www.freiburg-schwarzwald.de\/blog\/wp-json\/wp\/v2\/pages\/148379\/revisions"}],"predecessor-version":[{"id":148391,"href":"https:\/\/www.freiburg-schwarzwald.de\/blog\/wp-json\/wp\/v2\/pages\/148379\/revisions\/148391"}],"up":[{"embeddable":true,"href":"https:\/\/www.freiburg-schwarzwald.de\/blog\/wp-json\/wp\/v2\/pages\/60450"}],"wp:attachment":[{"href":"https:\/\/www.freiburg-schwarzwald.de\/blog\/wp-json\/wp\/v2\/media?parent=148379"}],"curies":[{"name":"wp","href":"https:\/\/api.w.org\/{rel}","templated":true}]}}