{"id":148052,"date":"2026-04-18T21:30:27","date_gmt":"2026-04-18T19:30:27","guid":{"rendered":"https:\/\/www.freiburg-schwarzwald.de\/blog\/?page_id=148052"},"modified":"2026-04-18T21:43:48","modified_gmt":"2026-04-18T19:43:48","slug":"afd-engagement","status":"publish","type":"page","link":"https:\/\/www.freiburg-schwarzwald.de\/blog\/vereine\/partei\/afd\/afd-engagement\/","title":{"rendered":"AfD-Engagement"},"content":{"rendered":"<p><a href=\"https:\/\/www.freiburg-schwarzwald.de\/blog\">Home<\/a>\u00a0&gt;<a title=\"Engagement\" href=\"https:\/\/www.freiburg-schwarzwald.de\/blog\/engagement\/\">Engagement<\/a>\u00a0&gt;<a title=\"Partei\" href=\"https:\/\/www.freiburg-schwarzwald.de\/blog\/vereine\/partei\/\">Partei<\/a>\u00a0&gt;<a href=\"https:\/\/www.freiburg-schwarzwald.de\/blog\/engagement\/zukunft\/demokratie\/parlament\/parlamentarismus\/\">Parlamentarismus<\/a>\u00a0&gt;<a href=\"https:\/\/www.freiburg-schwarzwald.de\/blog\/engagement\/zukunft\/demokratie\/opposition\/\">Opposition<\/a>\u00a0&gt;<a href=\"https:\/\/www.freiburg-schwarzwald.de\/blog\/vereine\/partei\/afd\/\">AfD<\/a> &gt;AfD-Engagement<\/p>\n<div id=\"attachment_147762\" style=\"width: 650px\" class=\"wp-caption alignnone\"><a href=\"https:\/\/www.freiburg-schwarzwald.de\/blog\/wp-content\/uploads\/2026\/04\/ostern-loewenzahl-dreisamtal-pan260405.jpg\"><img loading=\"lazy\" decoding=\"async\" aria-describedby=\"caption-attachment-147762\" class=\"size-full wp-image-147762\" src=\"https:\/\/www.freiburg-schwarzwald.de\/blog\/wp-content\/uploads\/2026\/04\/ostern-loewenzahl-dreisamtal-pan260405.jpg\" alt=\"\" width=\"640\" height=\"345\" srcset=\"https:\/\/www.freiburg-schwarzwald.de\/blog\/wp-content\/uploads\/2026\/04\/ostern-loewenzahl-dreisamtal-pan260405.jpg 640w, https:\/\/www.freiburg-schwarzwald.de\/blog\/wp-content\/uploads\/2026\/04\/ostern-loewenzahl-dreisamtal-pan260405-180x97.jpg 180w\" sizes=\"auto, (max-width: 640px) 100vw, 640px\" \/><\/a><p id=\"caption-attachment-147762\" class=\"wp-caption-text\">Ostern im Dreisamtal bei Freiburg 5,4,2026: L\u00f6wenzahn, Kybfelsen, 20 Grad<\/p><\/div>\n<ul>\n<li><em>Listenauswahl eines Beitrags (Artikel\/Datum, Seite\/Inhalt): <span style=\"text-decoration: underline;\">Klicken<\/span> oder scrollen<\/em><\/li>\n<li>Karl Schwarz, Freiburger OB-Kandidat der AfD, ist Gegenwind gewohnt (17.4.2026)<\/li>\n<li><a href=\"https:\/\/www.freiburg-schwarzwald.de\/blog\/jugendliche-abgeordnete-in-bw\/\">Sebastian Ruth (AfD) m\u00f6chte die soziale Frage von rechts l\u00f6sen<\/a> (24.2.2026)<\/li>\n<\/ul>\n<p>&nbsp;<\/p>\n<p><strong>Karl Schwarz, Freiburger OB-Kandidat der AfD, ist Gegenwind gewohnt<\/strong><br \/>\nKeine zwei Wochen vor der OB-Wahl startet Karl Schwarz in seinen &#8222;Turbo-Wahlkampf&#8220;. Und der verl\u00e4uft auch turbulent. Der 32-j\u00e4hrige Schwarz, inzwischen das Gesicht der <a href=\"https:\/\/www.freiburg-schwarzwald.de\/blog\/regio\/freiburg\/\">Freiburger<\/a> Alternative f\u00fcr Deutschland (AfD), hat seinen Stand am Dienstagnachmittag im Einkaufszentrum Weingarten aufgebaut. Auf dem Tisch liegen Flyer, Gummib\u00e4rchen und Flaschen\u00f6ffner mit dem Logo der Rechtsau\u00dfenpartei. Unterst\u00fctzung bekommt Schwarz von Parteifreund und Breisacher Gemeinderat <a href=\"https:\/\/www.freiburg-schwarzwald.de\/blog\/regio\/orte\/breisach\/\">Volker Kempf<\/a>. Auch ein Fotograf ist dabei. &#8222;Es ist schwierig, die Mitglieder zu mobilisieren&#8220;, sagt Schwarz. An den Wahlst\u00e4nden bek\u00e4men sie viel Gegenwind. An diesem Dienstag l\u00e4uft alles geordnet \u2013 jedenfalls zu Beginn. Schwarz verteilt freundlich l\u00e4chelnd Flyer. Einige nehmen an, andere lehnen ab, manche schimpfen. Einer will sogar ein Selfie mit ihm.<\/p>\n<p>Dann \u00e4ndert sich die Szenerie. Ein Mann dreht einige Meter vom Stand eine wuchtige Bluetooth-Box laut auf. &#8222;Schei\u00df AfD&#8220; tr\u00e4llert lautstark daraus. Es ist Habibo Ismail, auch bekannt als &#8222;B\u00fcrgermeister von Weingarten&#8220;. Ein anderer Mann verteilt Flyer der Gruppe &#8222;Wir sind Weingarten&#8220;, die sich gegen rechte Str\u00f6mungen einsetzt. Junge Mitglieder des sozialistisch gepr\u00e4gten Solidarit\u00e4tsnetzwerks Freiburg basteln ein Protestbanner.<br \/>\nSchwarz l\u00e4chelt und macht weiter. Gegenwind kann er. Erst am Tag zuvor bei der Podiumsdiskussion von SWR, Landeszentrale f\u00fcr politische Bildung und BZ ist er vom Publikum heftig ausgebuht worden, als er seine Idee von einem Amt f\u00fcr Remigration in Freiburg ansprach. Als OB w\u00fcrde er sich beim Land daf\u00fcr einsetzen, dass in Freiburg das erste Ankerzentrum aufgebaut w\u00fcrde, um Abschiebungen zu beschleunigen. Das Publikum w\u00e4hlte ihn f\u00fcr die zweite Podiumsrunde direkt raus. Schwarz blieb dennoch, verfolgte die Debatte als Zuschauer fast bis zum Ende. Auch am Mittwochabend bei der offiziellen st\u00e4dtischen Vorstellung der OB-Kandidierenden im Konzerthaus erntete er Buhrufe auf den Vorschlag, auf staatlichen Geb\u00e4uden die Deutschlandflagge zu hissen, Sozialwohnungen nur noch an deutsche Staatsb\u00fcrger zu vergeben oder Stellen bei Klimamanagement oder Gender-Beauftragten in der Stadtverwaltung zu streichen.<br \/>\nDass aber etwa Abschiebungen Landessache sind, also nicht im Freiburger Rathaus entschieden werden, wei\u00df Schwarz. Auch dass es eher unwahrscheinlich ist, dass er als Mitglied einer in Teilen vom Verfassungsschutz als gesichert rechtsextrem eingestuften Partei Oberb\u00fcrgermeister der Gr\u00fcnen-Hochburg Freiburg wird. Er rechnet mit einem Ergebnis von f\u00fcnf bis zehn Prozent. Bei der Landtagswahl im M\u00e4rz, bei der er bereits in einem der beiden Freiburger Wahlkreise kandidierte, erhielt die AfD im ganzen Stadtgebiet 7,3 Prozent der Erststimmen. &#8222;Uns geht es bei solchen Wahlen auch darum, Pr\u00e4senz und Kontinuit\u00e4t zu zeigen&#8220;, so Schwarz.<\/p>\n<p>Den Stand im EKZ Weingarten hat er nicht zuf\u00e4llig vor dem Mix Markt, wo es vor allem russische und osteurop\u00e4ische Lebensmittel gibt, aufgebaut. &#8222;Russlanddeutsche B\u00fcrger sind eine unserer Zielgruppen&#8220;, so Schwarz. Laut Studien w\u00e4hlen diese Menschen \u00fcberdurchschnittlich oft AfD. Schwarz selbst hat einen solchen Hintergrund. Seine Gro\u00dfeltern waren Wolgadeutsche, die Eltern kamen aus der ehemaligen Sowjetunion, dem heutigen Kirgistan, in den 90ern nach Deutschland. Zuerst nach Saarlouis, wo Schwarz geboren wurde. Dann nach Freiburg, wo bereits ebenfalls immigrierte Verwandte wohnten.<\/p>\n<p>Im Wahlkampf konzentriert sich die AfD auf westliche Stadtteile wie Weingarten und Landwasser. Dort war die Rechtsau\u00dfenpartei bei der Bundestagswahl 2025 sogar st\u00e4rkste Kraft. Deshalb h\u00e4ngen die ersten AfD-Wahlplakate am EKZ Weingarten. Etwa 200 St\u00fcck habe der Kreisverband Freiburg drucken lassen. &#8222;Sie werden oft aber gleich abgerissen&#8220;, sagt Schwarz.<br \/>\n&#8222;Karl Schwarz \u2013 ein Meister f\u00fcr Freiburg&#8220; steht auf den Plakaten. Der 32-J\u00e4hrige ist Installateur- und Heizungsbauermeister, hat seinen Titel \u00fcber den Bundesf\u00f6rderungsdienst der Bundeswehr gemacht. Den praktischen Teil musste er wiederholen. Nach dem Abschluss 2022 und bis Ende 2025 arbeitet er aber nicht hauptberuflich als Meister, sondern als selbstst\u00e4ndiger Handelsvertreter f\u00fcr Weinproduzenten. Den Schritt in den Weinhandel sei er auch gegangen, weil er bei Freiburger Handwerksfirmen keine Stelle fand. Erst in Malterdingen wurde er f\u00fcndig. Weil ihm das Pendeln zu lange war und er immer wieder im Gemeinderat fehlte, beschloss er, in den Weinhandel zu gehen. Seit Anfang des Jahres lebt er von Ersparnissen, arbeitet gelegentlich selbstst\u00e4ndig im Handwerk, konzentriert sich auf sein Stadtratsmandat und die Wahlk\u00e4mpfe. Ab Mai, erz\u00e4hlt er, werde er Gesch\u00e4ftsf\u00fchrer einer Heizungsbaufirma, die er gerade mit einem Freund gr\u00fcndet.<br \/>\nEin anderer Tag, im Rieselfeld. Hier f\u00fchlt sich Schwarz zuhause. Obwohl Passanten oft mit angehobenen Augenbrauen vorbeiziehen. In einer Reihenhaussiedlung im westlichen Teil ist der 32-J\u00e4hrige aufgewachsen. Sein Vater, ein Ingenieur, habe das Haus gebaut, so Schwarz. Dort wuchs er mit drei Geschwistern auf. Er als J\u00fcngster lebt weiter dort, zur Miete im eigenen Stock, sagt er. Beim Gang durchs Quartier zeigt er f\u00fcr ihn wichtige Orte: die Clara-Grunwald-Schule, seine fr\u00fchere Grundschule. Oder die Mundenhofer Stra\u00dfe, weil sie nahe dem geplanten Stadtteil Dietenbach liegt, den er ablehnt. Einige, die hier wohnen, kannten ihn als Kind. Manche h\u00e4tten ihm Briefe geschrieben, um zu verstehen, wie aus dem &#8222;kleinen Karl&#8220; das Gesicht der Freiburger AfD werden konnte.<br \/>\nEin Schl\u00fcsselmoment war Schwarz&#8216; Erfahrung in der Bundeswehrmarine. Auf dem Einsatzgruppenversorger &#8222;Berlin&#8220; war er als Schiffstechniker 2015 und 2016 im Mittelmeer. Das Schiff war damals zur Seenotrettung und zur Bek\u00e4mpfung von Menschenschmuggel abgesandt worden. Dort, so Schwarz, habe er miterlebt, wie zun\u00e4chst mutma\u00dfliche Schlepper im Schnellboot am Schiff vorbeizogen und bald darauf Menschen in \u00fcberf\u00fcllten Booten sich n\u00e4herten. Auch diese Erfahrung habe Schwarz, evangelisch und konservativ gepr\u00e4gt, bewogen, 2017 in die AfD einzutreten. Nun h\u00e4lt er Bj\u00f6rn H\u00f6cke f\u00fcr &#8222;einen der besten Politiker der AfD in Deutschland&#8220;.<\/p>\n<p>Lange war Schwarz unsicher, ob er \u00fcberhaupt als OB-Kandidat kandidieren k\u00f6nnte. Denn daf\u00fcr musste man bis Ende M\u00e4rz 250 Unterschriften von wahlberechtigten Freiburgerinnen und Freiburgern abgeben. Er sammelte dreieinhalb Wochen, warb auf den sozialen Medien um Unterst\u00fctzung. Am Ende schaffte er es \u2013 jedoch als Letzter, daher steht er auf dem Wahlzettel ganz unten. Daf\u00fcr musste er Spott einkassieren: Der Studierende Wim K\u00f6lker hatte, &#8222;um der AfD eins auszuwischen&#8220;, so sagt er, an nur einem Tag gen\u00fcgend Unterschriften gesammelt und gab diese vor Schwarz ab.<\/p>\n<p>Zur\u00fcck im EKZ Weingarten. Passanten, biertrinkende M\u00e4nner und \u00e4ltere Damen beobachten die Szenerie. Nachdem die Musikbox eine Weile lautstark den Platz beschallt hat, f\u00e4hrt die Polizei vor, die Musik verstummt. Es kommt zum Hin und Her: Die Beamten kl\u00e4ren ab, ob Schwarz hier \u00fcberhaupt Wahlkampf machen darf. Das Solidarit\u00e4tsnetzwerk l\u00e4sst sein Banner mit &#8222;AfD raus aus Weingarten&#8220; vor dem Stand flattern. Schwarz l\u00e4sst sich wiederum davor f\u00fcr Social Media filmen. Zwei Gegendemonstranten wollen haufenweise Dosen\u00f6ffner und Sticker einpacken, Kempf protestiert. Die Polizei geht dazwischen. Genug f\u00fcr Schwarz. Sie packen zusammen und r\u00e4umen das Feld.<br \/>\n&#8230; Alles vom 17.4.2026 von Anika Maldecker bitte lesen auf<br \/>\n<a href=\"https:\/\/www.badische-zeitung.de\/karl-schwarz-freiburger-ob-kandidat-der-afd-ist-gegenwind-gewohnt\">https:\/\/www.badische-zeitung.de\/karl-schwarz-freiburger-ob-kandidat-der-afd-ist-gegenwind-gewohnt<\/a><\/p>\n","protected":false},"excerpt":{"rendered":"<p>Home\u00a0&gt;Engagement\u00a0&gt;Partei\u00a0&gt;Parlamentarismus\u00a0&gt;Opposition\u00a0&gt;AfD &gt;AfD-Engagement Listenauswahl eines Beitrags (Artikel\/Datum, Seite\/Inhalt): Klicken oder scrollen Karl Schwarz, Freiburger OB-Kandidat der AfD, ist Gegenwind gewohnt (17.4.2026) Sebastian Ruth (AfD) m\u00f6chte die soziale Frage von rechts l\u00f6sen (24.2.2026) &nbsp; Karl Schwarz, Freiburger OB-Kandidat der AfD, ist Gegenwind &hellip; <a href=\"https:\/\/www.freiburg-schwarzwald.de\/blog\/vereine\/partei\/afd\/afd-engagement\/\">Weiterlesen <span class=\"meta-nav\">&rarr;<\/span><\/a><\/p>\n","protected":false},"author":2,"featured_media":0,"parent":55512,"menu_order":0,"comment_status":"closed","ping_status":"closed","template":"","meta":{"footnotes":""},"class_list":["post-148052","page","type-page","status-publish","hentry"],"_links":{"self":[{"href":"https:\/\/www.freiburg-schwarzwald.de\/blog\/wp-json\/wp\/v2\/pages\/148052","targetHints":{"allow":["GET"]}}],"collection":[{"href":"https:\/\/www.freiburg-schwarzwald.de\/blog\/wp-json\/wp\/v2\/pages"}],"about":[{"href":"https:\/\/www.freiburg-schwarzwald.de\/blog\/wp-json\/wp\/v2\/types\/page"}],"author":[{"embeddable":true,"href":"https:\/\/www.freiburg-schwarzwald.de\/blog\/wp-json\/wp\/v2\/users\/2"}],"replies":[{"embeddable":true,"href":"https:\/\/www.freiburg-schwarzwald.de\/blog\/wp-json\/wp\/v2\/comments?post=148052"}],"version-history":[{"count":5,"href":"https:\/\/www.freiburg-schwarzwald.de\/blog\/wp-json\/wp\/v2\/pages\/148052\/revisions"}],"predecessor-version":[{"id":148064,"href":"https:\/\/www.freiburg-schwarzwald.de\/blog\/wp-json\/wp\/v2\/pages\/148052\/revisions\/148064"}],"up":[{"embeddable":true,"href":"https:\/\/www.freiburg-schwarzwald.de\/blog\/wp-json\/wp\/v2\/pages\/55512"}],"wp:attachment":[{"href":"https:\/\/www.freiburg-schwarzwald.de\/blog\/wp-json\/wp\/v2\/media?parent=148052"}],"curies":[{"name":"wp","href":"https:\/\/api.w.org\/{rel}","templated":true}]}}