{"id":147349,"date":"2026-04-01T19:21:22","date_gmt":"2026-04-01T17:21:22","guid":{"rendered":"https:\/\/www.freiburg-schwarzwald.de\/blog\/?page_id=147349"},"modified":"2026-04-02T20:55:33","modified_gmt":"2026-04-02T18:55:33","slug":"krankenversicherung","status":"publish","type":"page","link":"https:\/\/www.freiburg-schwarzwald.de\/blog\/business\/gesund\/krankheit\/krankenversicherung\/","title":{"rendered":"Krankenversicherung"},"content":{"rendered":"<p><a href=\"https:\/\/www.freiburg-schwarzwald.de\/blog\">Home<\/a>\u00a0&gt;<a title=\"Business\" href=\"https:\/\/www.freiburg-schwarzwald.de\/blog\/business\/\">Business<\/a>\u00a0&gt;<a title=\"Gesund\" href=\"https:\/\/www.freiburg-schwarzwald.de\/blog\/business\/gesund\/\">Gesund<\/a>\u00a0&gt;<a href=\"https:\/\/www.freiburg-schwarzwald.de\/blog\/business\/gesund\/arzt\/\">Arzt<\/a>\u00a0&gt;<a href=\"https:\/\/www.freiburg-schwarzwald.de\/blog\/business\/gesund\/klinik\/\">Klinik<\/a>\u00a0&gt;<a href=\"https:\/\/www.freiburg-schwarzwald.de\/blog\/business\/gesund\/notdienste\/\">Notdienste<\/a> &gt;<a href=\"https:\/\/www.freiburg-schwarzwald.de\/blog\/business\/gesund\/patient\/\">Patient<\/a> &gt;Krankenversicherung<\/p>\n<div id=\"attachment_140323\" style=\"width: 651px\" class=\"wp-caption alignnone\"><a href=\"https:\/\/www.freiburg-schwarzwald.de\/blog\/wp-content\/uploads\/2025\/10\/schuhe-linksrechts-verwechseln-pan251009.jpg\"><img loading=\"lazy\" decoding=\"async\" aria-describedby=\"caption-attachment-140323\" class=\"size-full wp-image-140323\" src=\"https:\/\/www.freiburg-schwarzwald.de\/blog\/wp-content\/uploads\/2025\/10\/schuhe-linksrechts-verwechseln-pan251009.jpg\" alt=\"\" width=\"641\" height=\"433\" srcset=\"https:\/\/www.freiburg-schwarzwald.de\/blog\/wp-content\/uploads\/2025\/10\/schuhe-linksrechts-verwechseln-pan251009.jpg 641w, https:\/\/www.freiburg-schwarzwald.de\/blog\/wp-content\/uploads\/2025\/10\/schuhe-linksrechts-verwechseln-pan251009-180x122.jpg 180w\" sizes=\"auto, (max-width: 641px) 100vw, 641px\" \/><\/a><p id=\"caption-attachment-140323\" class=\"wp-caption-text\">Verwechslung zweifach am 9.10.2025: Schuhtyp sowie links-rechts &#8211; krank?<\/p><\/div>\n<ul>\n<li><em>Listenauswahl eines Beitrags (Artikel\/Datum, Seite\/Inhalt): <span style=\"text-decoration: underline;\">Klicken<\/span> oder scrollen<\/em><\/li>\n<li><a href=\"https:\/\/www.freiburg-schwarzwald.de\/blog\/selbsthilfe\/familie\/ehe\/ehegattensplitting\/\">Merz\/Klingbeil: MWST, Ehegattensplitting, Krankenversicherung<\/a>\u00a0(2.4.2026)<\/li>\n<li>Geplante Kosten f\u00fcr Krankenversicherung: Illegale Migranten sind weiter kostenlos versichert, Ehepartner sollen 2880 Euro zahlen (1.4.2026)<\/li>\n<li><\/li>\n<li><a href=\"https:\/\/www.freiburg-schwarzwald.de\/blog\/selbsthilfe\/familie\/ehe\/ehegattensplitting\/\">Ehegattensplitting<\/a><\/li>\n<li><a href=\"https:\/\/www.freiburg-schwarzwald.de\/blog\/business\/gesund\/krankheit\/\">Krankheit<\/a><\/li>\n<\/ul>\n<p>&nbsp;<\/p>\n<p>&nbsp;<\/p>\n<p><strong>Geplante Kosten f\u00fcr Krankenversicherung: Illegale Migranten sind weiter kostenlos versichert, Ehepartner sollen 2880 Euro zahlen<br \/>\n<\/strong>\u201eNicht gerecht! Das wird soziale Spannung geben!\u201c<br \/>\n\u201eEin Familienvater, der seine Familie ern\u00e4hrt, darf jetzt seine eigene Frau nicht mehr kostenlos in der Krankenkasse mithaben, muss aber m\u00f6glicherweise seinen Nachbarn mit seiner Gro\u00dffamilie mitfinanzieren. Und das kann man einfach niemandem mehr erkl\u00e4ren\u201c, sagt Journalistin Birgitt Kelle bei NIUS Live.\u201c<\/p>\n<p>Sparpl\u00e4ne f\u00fcr die Krankenkasse: Illegale Migranten sind weiter kostenlos versichert, Ehepartner sollen 2800 Euro zahlen\u201e GKV-Reform: Ehegatten-Mitversicherung soll abgeschafft werden \u2013 Familien zahlen bis 2.880 \u20ac\/Jahr selbst. Migranten und B\u00fcrgergeld-Empf\u00e4nger bleiben kostenlos krankenversichert. (\u2026)<br \/>\nDiese politische Gemengelage und der Umstand, dass etwa die H\u00e4lfte der B\u00fcrgergeld-Empf\u00e4nger gar keine deutschen Staatsb\u00fcrger sind, aber dennoch von den Leistungen, auch denen der GKV, profitieren, machen aus dem Spar-Vorschlag einen Verteilungskampf zwischen arbeitender Bev\u00f6lkerung und illegal eingewanderten Migranten.\u201c \u2026\u201c<br \/>\n<a href=\"https:\/\/t.me\/niusde\/15409\">https:\/\/t.me\/niusde\/15409<\/a><\/p>\n<p>Die geforderte Abschaffung der Mitversicherung von Ehegatten bei der Krankenkasse k\u00f6nnte zum riesigen gesellschaftlichen Streitthema werden: Dann w\u00fcrden Hunderttausende illegale Migranten kostenlose Kassenleistungen bekommen, 1,6 Millionen Ehepartner aber nicht mehr:<br \/>\n<em>1) Eine Frau, Mutter von zwei schulpflichtigen Kindern, verheiratet mit einem Facharbeiter, soll in Zukunft 2.880 Euro pro Jahr in die Gesetzliche Krankenkasse einzahlen, um weiterhin versichert zu bleiben. <\/em><br \/>\n<em>2) Eine andere Frau, die erst vor wenigen Monaten illegal \u00fcber die Grenze nach Deutschland gekommen ist, Asyl-Antrag gestellt hat und einen zeitweisen Schutzstatus genie\u00dft, muss nichts bezahlen, um Leistungen der Krankenkassen in Anspruch zu nehmen.<\/em><br \/>\n&#8230; Alles vom 1.4.2026 bitte lesen auf<br \/>\n<a href=\"https:\/\/nius.de\/politik\/ehegatten-mitversicherung-abschaffen-krankenkasse-migranten-buergergeld\">https:\/\/nius.de\/politik\/ehegatten-mitversicherung-abschaffen-krankenkasse-migranten-buergergeld<\/a><\/p>\n<p><strong>Wagenknecht: Familienversicherung nur f\u00fcr Migranten unversch\u00e4mt<\/strong><br \/>\nSahra Wagenknecht @SWagenknecht<br \/>\nDass auch die Familienmitversicherung in der Krankenkasse fallen k\u00f6nnte, ist unversch\u00e4mt. Millionen Fl\u00fcchtlinge werden kostenlos krankenversichert, aber die Ehefrau bald nicht mehr: Das wird die gesellschaftliche Stimmung in Deutschland sicherlich aufhellen.<br \/>\n1.4.2026<br \/>\n<a href=\"https:\/\/x.com\/SWagenknecht\/status\/2038632393343459620\">https:\/\/x.com\/SWagenknecht\/status\/2038632393343459620<\/a><\/p>\n<p>&nbsp;<\/p>\n","protected":false},"excerpt":{"rendered":"<p>Home\u00a0&gt;Business\u00a0&gt;Gesund\u00a0&gt;Arzt\u00a0&gt;Klinik\u00a0&gt;Notdienste &gt;Patient &gt;Krankenversicherung Listenauswahl eines Beitrags (Artikel\/Datum, Seite\/Inhalt): Klicken oder scrollen Merz\/Klingbeil: MWST, Ehegattensplitting, Krankenversicherung\u00a0(2.4.2026) Geplante Kosten f\u00fcr Krankenversicherung: Illegale Migranten sind weiter kostenlos versichert, Ehepartner sollen 2880 Euro zahlen (1.4.2026) Ehegattensplitting Krankheit &nbsp; &nbsp; Geplante Kosten f\u00fcr Krankenversicherung: Illegale &hellip; <a href=\"https:\/\/www.freiburg-schwarzwald.de\/blog\/business\/gesund\/krankheit\/krankenversicherung\/\">Weiterlesen <span class=\"meta-nav\">&rarr;<\/span><\/a><\/p>\n","protected":false},"author":2,"featured_media":0,"parent":85089,"menu_order":0,"comment_status":"closed","ping_status":"closed","template":"","meta":{"footnotes":""},"class_list":["post-147349","page","type-page","status-publish","hentry"],"_links":{"self":[{"href":"https:\/\/www.freiburg-schwarzwald.de\/blog\/wp-json\/wp\/v2\/pages\/147349","targetHints":{"allow":["GET"]}}],"collection":[{"href":"https:\/\/www.freiburg-schwarzwald.de\/blog\/wp-json\/wp\/v2\/pages"}],"about":[{"href":"https:\/\/www.freiburg-schwarzwald.de\/blog\/wp-json\/wp\/v2\/types\/page"}],"author":[{"embeddable":true,"href":"https:\/\/www.freiburg-schwarzwald.de\/blog\/wp-json\/wp\/v2\/users\/2"}],"replies":[{"embeddable":true,"href":"https:\/\/www.freiburg-schwarzwald.de\/blog\/wp-json\/wp\/v2\/comments?post=147349"}],"version-history":[{"count":5,"href":"https:\/\/www.freiburg-schwarzwald.de\/blog\/wp-json\/wp\/v2\/pages\/147349\/revisions"}],"predecessor-version":[{"id":147405,"href":"https:\/\/www.freiburg-schwarzwald.de\/blog\/wp-json\/wp\/v2\/pages\/147349\/revisions\/147405"}],"up":[{"embeddable":true,"href":"https:\/\/www.freiburg-schwarzwald.de\/blog\/wp-json\/wp\/v2\/pages\/85089"}],"wp:attachment":[{"href":"https:\/\/www.freiburg-schwarzwald.de\/blog\/wp-json\/wp\/v2\/media?parent=147349"}],"curies":[{"name":"wp","href":"https:\/\/api.w.org\/{rel}","templated":true}]}}