{"id":14636,"date":"2012-11-06T20:33:45","date_gmt":"2012-11-06T19:33:45","guid":{"rendered":"https:\/\/www.freiburg-schwarzwald.de\/blog\/?page_id=14636"},"modified":"2012-11-06T21:36:41","modified_gmt":"2012-11-06T20:36:41","slug":"mobile","status":"publish","type":"page","link":"https:\/\/www.freiburg-schwarzwald.de\/blog\/regio\/verkehr\/mobile\/","title":{"rendered":"Mobile"},"content":{"rendered":"<p>\u00a0Home &gt;<a title=\"Regio\" href=\"https:\/\/www.freiburg-schwarzwald.de\/blog\/regio\/\">Regio<\/a> &gt;<a title=\"Verkehr\" href=\"https:\/\/www.freiburg-schwarzwald.de\/blog\/regio\/verkehr\/\">Verkehr<\/a> &gt;Mobile<\/p>\n<div id=\"attachment_14637\" style=\"width: 648px\" class=\"wp-caption alignnone\"><a href=\"https:\/\/www.freiburg-schwarzwald.de\/blog\/regio\/verkehr\/mobile\/mobile1pan121106\/\" rel=\"attachment wp-att-14637\"><img loading=\"lazy\" decoding=\"async\" aria-describedby=\"caption-attachment-14637\" class=\"size-full wp-image-14637\" title=\"mobile1pan121106\" src=\"https:\/\/www.freiburg-schwarzwald.de\/blog\/wp-content\/uploads\/2012\/11\/mobile1pan121106.jpg\" alt=\"\" width=\"638\" height=\"252\" srcset=\"https:\/\/www.freiburg-schwarzwald.de\/blog\/wp-content\/uploads\/2012\/11\/mobile1pan121106.jpg 638w, https:\/\/www.freiburg-schwarzwald.de\/blog\/wp-content\/uploads\/2012\/11\/mobile1pan121106-180x71.jpg 180w\" sizes=\"auto, (max-width: 638px) 100vw, 638px\" \/><\/a><p id=\"caption-attachment-14637\" class=\"wp-caption-text\">Blick nach Westen zum Mobile am 6.1.2012 - links Blaue Br\u00fccke und St\u00fchlingerkirche<\/p><\/div>\n<div class=\"mceTemp\">\u00a0<\/div>\n<div class=\"mceTemp\">\n<ul>\n<li><a href=\"https:\/\/www.freiburg-schwarzwald.de\/blog\/ecovalley-ausstellung-cafe-velo\/\">https:\/\/www.freiburg-schwarzwald.de\/blog\/ecovalley-ausstellung-cafe-velo\/<\/a>\u00a0(6.11.2012)<\/li>\n<li><a href=\"https:\/\/www.freiburg-schwarzwald.de\/littenweiler\/fahrrad.htm#Mobile\">https:\/\/www.freiburg-schwarzwald.de\/littenweiler\/fahrrad.htm#Mobile<\/a><\/li>\n<li>Mobile an der S\u00fcdseite des Freiburger Hauptbahnhofs<\/li>\n<li>\n<div>Bistro-Cafe Velo im Mobile<\/div>\n<\/li>\n<li>\n<div>\n<div>RadundTour im Mobile<\/div>\n<\/div>\n<\/li>\n<li><a title=\"Fahrrad\" href=\"https:\/\/www.freiburg-schwarzwald.de\/blog\/business\/handel\/fahrrad\/\">Fahrrad<\/a><\/li>\n<\/ul>\n<\/div>\n<div class=\"mceTemp\">\u00a0<\/div>\n<div class=\"mceTemp\">\u00a0<\/div>\n<div class=\"mceTemp\">\u00a0<\/div>\n<div class=\"mceTemp\">\u00a0<\/div>\n<div class=\"mceTemp\">\u00a0<\/div>\n<div class=\"mceTemp\"><strong>Mobile an der S\u00fcdseite des Freiburger Hauptbahnhofs<\/strong><\/div>\n<div class=\"mceTemp\">\n<p align=\"left\"><span style=\"font-family: Arial;\">Das Mobile die Fahrradstation und Mobilit\u00e4tszentrale am Freiburger Hauptbahnhof besteht aus zwei Ebenen. In der unteren Etage finden Sie ein <a href=\"https:\/\/www.mobile-freiburg.de\/parkdeck.htm\">Parkdeck<\/a>, welches Platz f\u00fcr 1000 Fahrr\u00e4der bietet. Genauso werden dort zahlreiche Verleihobjekte wie z.B. Fahrr\u00e4der, auch mit Kindersitz oder Anh\u00e4nger, Tandem und Fahrradtransporttaschen f\u00fcr Sie bereitgestellt.<br \/>\nIn der oberen Etage des Geb\u00e4udes bieten die unterschiedlichen Mieter des mobile im Bereich Mobilit\u00e4t verschiedene interessante Dienstleistungen an.<\/span><\/p>\n<p>Verleih City-Bike: 8 Euro f\u00fcr 4 Stunden, 15 Euro\/Tag, jeder weitere Tag 5 Euro; Kaution 50 Euro. Erm\u00e4\u00dfigungen f\u00fcr Gruppen und Familien; Verleih von Zubeh\u00f6r wie Fahrradtaschen. 134 Fahrr\u00e4der: City-, Mountain-Bikes, Kinderr\u00e4der, Tandems. T\u00e4glich 10 bis 18 Uhr.<br \/>\nMobile, Wentzingerstra\u00dfe 15 (St\u00fchlinger), Tel 0761\/ 2927998.<\/p>\n<p>Freiburger Fahrradstation (mobile) Mo+Mi+Do 16-19 Uhr und Sa 10-13 Uhr<br \/>\nFahrradstation Mobile<br \/>\nWentzinger Str. 15, 79106 Freiburg, Tel 0761-23020<br \/>\nnkt Reiser\u00e4der, Klappr\u00e4der, 110 m\u00b2<br \/>\n<a href=\"https:\/\/www.mobile-freiburg.de\/\">www.mobile-freiburg.de<\/a><br \/>\n\u00a0<\/div>\n<div class=\"mceTemp\"><a href=\"https:\/\/www.freiburg-schwarzwald.de\/blog\/regio\/verkehr\/mobile\/mobile1-121106\/\" rel=\"attachment wp-att-14645\"><img loading=\"lazy\" decoding=\"async\" class=\"alignnone size-thumbnail wp-image-14645\" title=\"mobile1-121106\" src=\"https:\/\/www.freiburg-schwarzwald.de\/blog\/wp-content\/uploads\/2012\/11\/mobile1-121106-180x135.jpg\" alt=\"\" width=\"180\" height=\"135\" srcset=\"https:\/\/www.freiburg-schwarzwald.de\/blog\/wp-content\/uploads\/2012\/11\/mobile1-121106-180x135.jpg 180w, https:\/\/www.freiburg-schwarzwald.de\/blog\/wp-content\/uploads\/2012\/11\/mobile1-121106.jpg 640w\" sizes=\"auto, (max-width: 180px) 100vw, 180px\" \/><\/a>\u00a0\u00a0\u00a0\u00a0\u00a0\u00a0\u00a0\u00a0\u00a0 <a href=\"https:\/\/www.freiburg-schwarzwald.de\/blog\/regio\/verkehr\/mobile\/mobile2blauebruecke121106\/\" rel=\"attachment wp-att-14646\"><img loading=\"lazy\" decoding=\"async\" class=\"alignnone size-thumbnail wp-image-14646\" title=\"mobile2blauebruecke121106\" src=\"https:\/\/www.freiburg-schwarzwald.de\/blog\/wp-content\/uploads\/2012\/11\/mobile2blauebruecke121106-180x137.jpg\" alt=\"\" width=\"180\" height=\"137\" srcset=\"https:\/\/www.freiburg-schwarzwald.de\/blog\/wp-content\/uploads\/2012\/11\/mobile2blauebruecke121106-180x137.jpg 180w, https:\/\/www.freiburg-schwarzwald.de\/blog\/wp-content\/uploads\/2012\/11\/mobile2blauebruecke121106.jpg 636w\" sizes=\"auto, (max-width: 180px) 100vw, 180px\" \/><\/a>\u00a0\u00a0\u00a0\u00a0\u00a0\u00a0<a href=\"https:\/\/www.freiburg-schwarzwald.de\/blog\/regio\/verkehr\/mobile\/mobile6bahnhof121106\/\" rel=\"attachment wp-att-14649\"><img loading=\"lazy\" decoding=\"async\" class=\"alignnone size-thumbnail wp-image-14649\" title=\"mobile6bahnhof121106\" src=\"https:\/\/www.freiburg-schwarzwald.de\/blog\/wp-content\/uploads\/2012\/11\/mobile6bahnhof121106-180x135.jpg\" alt=\"\" width=\"180\" height=\"135\" srcset=\"https:\/\/www.freiburg-schwarzwald.de\/blog\/wp-content\/uploads\/2012\/11\/mobile6bahnhof121106-180x135.jpg 180w, https:\/\/www.freiburg-schwarzwald.de\/blog\/wp-content\/uploads\/2012\/11\/mobile6bahnhof121106.jpg 640w\" sizes=\"auto, (max-width: 180px) 100vw, 180px\" \/><\/a><br \/>\n\u00a0\u00a0 Blick nach Westen zum Mobile\u00a0\u00a0\u00a0\u00a0\u00a0\u00a0\u00a0\u00a0\u00a0\u00a0\u00a0\u00a0\u00a0\u00a0\u00a0\u00a0\u00a0\u00a0\u00a0\u00a0\u00a0\u00a0 Blick nach S\u00fcdwesten\u00a0\u00a0\u00a0\u00a0\u00a0\u00a0\u00a0\u00a0\u00a0\u00a0\u00a0\u00a0\u00a0\u00a0Blick nach Norden zum M\u00fcnster\u00a0\u00a0\u00a0<\/div>\n<div class=\"mceTemp\">\u00a0<\/div>\n<div class=\"mceTemp\">\u00a0<\/div>\n<div class=\"mceTemp\">\u00a0<\/div>\n<div class=\"mceTemp\">\u00a0<\/div>\n<div class=\"mceTemp\"><strong>Bistro-Cafe Velo im Mobile<\/strong><\/div>\n<div class=\"mceTemp\"><strong><\/strong>\u00a0<br \/>\nCafe Velo, Wentzingerstra\u00dfe 15, Mobile, 79106 Freiburg, Tel\u00a00761\/2 92 76 30<br \/>\nDas Cafe Velo ist t\u00e4glich von 10 Uhr bis 20.00 Uhr ge\u00f6ffnet.<br \/>\nMittagstisch wird gereicht Montag bis Freitag von 10 Uhr bis 14 Uhr.<br \/>\nChristel Klein-Koob und Karl-Heinz Koob, Dipl.Sozialarbeiter (FH)<br \/>\nTel 0761\/482113, 0171\/6922206, <a href=\"mailto:silberdistel-kongress@web.de\">silberdistel-kongress@web.de<\/a><br \/>\n<a href=\"https:\/\/www.cafe-velo.de\">www.cafe-velo.de<\/a> oder <a href=\"https:\/\/www.cafevelo.de\">www.cafevelo.de<\/a><\/div>\n<div class=\"mceTemp\">\u00a0<\/div>\n<div class=\"mceTemp\">\u00a0<\/div>\n<div class=\"mceTemp\"><a href=\"https:\/\/www.freiburg-schwarzwald.de\/blog\/regio\/verkehr\/mobile\/mobile5ecovalley121106\/\" rel=\"attachment wp-att-14658\"><img loading=\"lazy\" decoding=\"async\" class=\"alignnone size-thumbnail wp-image-14658\" title=\"mobile5ecovalley121106\" src=\"https:\/\/www.freiburg-schwarzwald.de\/blog\/wp-content\/uploads\/2012\/11\/mobile5ecovalley121106-180x135.jpg\" alt=\"\" width=\"180\" height=\"135\" srcset=\"https:\/\/www.freiburg-schwarzwald.de\/blog\/wp-content\/uploads\/2012\/11\/mobile5ecovalley121106-180x135.jpg 180w, https:\/\/www.freiburg-schwarzwald.de\/blog\/wp-content\/uploads\/2012\/11\/mobile5ecovalley121106.jpg 640w\" sizes=\"auto, (max-width: 180px) 100vw, 180px\" \/><\/a>\u00a0\u00a0\u00a0\u00a0\u00a0\u00a0\u00a0\u00a0\u00a0 <a href=\"https:\/\/www.freiburg-schwarzwald.de\/blog\/regio\/verkehr\/mobile\/mobile9cafevelo121106\/\" rel=\"attachment wp-att-14654\"><img loading=\"lazy\" decoding=\"async\" class=\"alignnone size-thumbnail wp-image-14654\" title=\"mobile9cafevelo121106\" src=\"https:\/\/www.freiburg-schwarzwald.de\/blog\/wp-content\/uploads\/2012\/11\/mobile9cafevelo121106-180x144.jpg\" alt=\"\" width=\"180\" height=\"144\" srcset=\"https:\/\/www.freiburg-schwarzwald.de\/blog\/wp-content\/uploads\/2012\/11\/mobile9cafevelo121106-180x144.jpg 180w, https:\/\/www.freiburg-schwarzwald.de\/blog\/wp-content\/uploads\/2012\/11\/mobile9cafevelo121106.jpg 640w\" sizes=\"auto, (max-width: 180px) 100vw, 180px\" \/><\/a><br \/>\nKarl-Heinz Kooob mit Dr. Georg L\u00f6ser\u00a0\u00a0\u00a0\u00a0 Eingang zum Cafe Velo 6.11.2012<\/div>\n<div class=\"mceTemp\">\u00a0<\/div>\n<div class=\"mceTemp\">\u00a0<\/div>\n<div class=\"mceTemp\">\u00a0<\/div>\n<div class=\"mceTemp\">\u00a0<\/div>\n<div class=\"mceTemp\">\u00a0<\/div>\n<div class=\"mceTemp\">\n<div>\u00a0<\/div>\n<div><strong>RadundTour im Mobile<\/strong><\/div>\n<div><strong><span style=\"color: #000000;\"><br \/>\n<\/span><\/strong><span style=\"color: #000000;\">Farradladen mobileRad&amp;tour, im Mobile, Tel 0761\/2927996<\/span><span style=\"color: #000000;\"><br \/>\n<a href=\"https:\/\/www.mobileradundtour.de\">www.mobileradundtour.de<\/a><br \/>\nMail <a href=\"mailto:radundtour@mobile-freiburg.de\">radundtour@mobile-freiburg.de<\/a> , Mo-Fr 9-18.30 und Sa 10-16 Uhr<\/span><\/div>\n<\/div>\n<div class=\"mceTemp\">\u00a0<\/div>\n<div class=\"mceTemp\">\u00a0<\/div>\n<div class=\"mceTemp\"><a href=\"https:\/\/www.freiburg-schwarzwald.de\/blog\/regio\/verkehr\/mobile\/mobile12radundtour121106\/\" rel=\"attachment wp-att-14689\"><img loading=\"lazy\" decoding=\"async\" class=\"alignnone size-thumbnail wp-image-14689\" title=\"mobile12radundtour121106\" src=\"https:\/\/www.freiburg-schwarzwald.de\/blog\/wp-content\/uploads\/2012\/11\/mobile12radundtour121106-180x135.jpg\" alt=\"\" width=\"180\" height=\"135\" srcset=\"https:\/\/www.freiburg-schwarzwald.de\/blog\/wp-content\/uploads\/2012\/11\/mobile12radundtour121106-180x135.jpg 180w, https:\/\/www.freiburg-schwarzwald.de\/blog\/wp-content\/uploads\/2012\/11\/mobile12radundtour121106.jpg 640w\" sizes=\"auto, (max-width: 180px) 100vw, 180px\" \/><\/a>\u00a0\u00a0\u00a0\u00a0\u00a0\u00a0\u00a0\u00a0\u00a0 <a href=\"https:\/\/www.freiburg-schwarzwald.de\/blog\/regio\/verkehr\/mobile\/mobile13radundtour121106\/\" rel=\"attachment wp-att-14690\"><img loading=\"lazy\" decoding=\"async\" class=\"alignnone size-thumbnail wp-image-14690\" title=\"mobile13radundtour121106\" src=\"https:\/\/www.freiburg-schwarzwald.de\/blog\/wp-content\/uploads\/2012\/11\/mobile13radundtour121106-180x135.jpg\" alt=\"\" width=\"180\" height=\"135\" srcset=\"https:\/\/www.freiburg-schwarzwald.de\/blog\/wp-content\/uploads\/2012\/11\/mobile13radundtour121106-180x135.jpg 180w, https:\/\/www.freiburg-schwarzwald.de\/blog\/wp-content\/uploads\/2012\/11\/mobile13radundtour121106.jpg 640w\" sizes=\"auto, (max-width: 180px) 100vw, 180px\" \/><\/a>\u00a0\u00a0\u00a0\u00a0\u00a0\u00a0\u00a0\u00a0\u00a0 <a href=\"https:\/\/www.freiburg-schwarzwald.de\/blog\/regio\/verkehr\/mobile\/mobile14radundtour121106\/\" rel=\"attachment wp-att-14691\"><img loading=\"lazy\" decoding=\"async\" class=\"alignnone size-thumbnail wp-image-14691\" title=\"mobile14radundtour121106\" src=\"https:\/\/www.freiburg-schwarzwald.de\/blog\/wp-content\/uploads\/2012\/11\/mobile14radundtour121106-180x135.jpg\" alt=\"\" width=\"180\" height=\"135\" srcset=\"https:\/\/www.freiburg-schwarzwald.de\/blog\/wp-content\/uploads\/2012\/11\/mobile14radundtour121106-180x135.jpg 180w, https:\/\/www.freiburg-schwarzwald.de\/blog\/wp-content\/uploads\/2012\/11\/mobile14radundtour121106.jpg 640w\" sizes=\"auto, (max-width: 180px) 100vw, 180px\" \/><\/a><br \/>\n\u00a0RadundTour Fahrradladen\u00a0\u00a0\u00a0\u00a0\u00a0\u00a0\u00a0\u00a0\u00a0\u00a0\u00a0\u00a0\u00a0\u00a0\u00a0\u00a0\u00a0\u00a0\u00a0\u00a0\u00a0\u00a0\u00a0 Blick zur Blauen Br\u00fccke\u00a0\u00a0\u00a0\u00a0\u00a0\u00a0\u00a0\u00a0\u00a0\u00a0\u00a0\u00a0\u00a0\u00a0\u00a0\u00a0\u00a0\u00a0\u00a0\u00a0\u00a0\u00a0\u00a0\u00a0\u00a0\u00a0\u00a0\u00a0\u00a0\u00a0\u00a0\u00a0\u00a0\u00a0\u00a0\u00a0\u00a0\u00a0\u00a0\u00a0\u00a0 &#8230; am 6.11.2012<\/div>\n<div class=\"mceTemp\">\u00a0<\/div>\n<div class=\"mceTemp\">\u00a0<\/div>\n<div class=\"mceTemp\">\u00a0<\/div>\n<div class=\"mceTemp\">\u00a0<\/div>\n<div class=\"mceTemp\">\u00a0<\/div>\n<div class=\"mceTemp\">\u00a0<\/div>\n<div class=\"mceTemp\">\u00a0<\/div>\n<div class=\"mceTemp\">\u00a0<\/div>\n<div class=\"mceTemp\">\u00a0<\/div>\n<div class=\"mceTemp\">\u00a0<\/div>\n<div class=\"mceTemp\">\n<div id=\"attachment_14655\" style=\"width: 647px\" class=\"wp-caption alignnone\"><a href=\"https:\/\/www.freiburg-schwarzwald.de\/blog\/regio\/verkehr\/mobile\/mobile10kirchturm-pan121106\/\" rel=\"attachment wp-att-14655\"><img loading=\"lazy\" decoding=\"async\" aria-describedby=\"caption-attachment-14655\" class=\"size-full wp-image-14655\" title=\"mobile10kirchturm-pan121106\" src=\"https:\/\/www.freiburg-schwarzwald.de\/blog\/wp-content\/uploads\/2012\/11\/mobile10kirchturm-pan121106.jpg\" alt=\"\" width=\"637\" height=\"262\" srcset=\"https:\/\/www.freiburg-schwarzwald.de\/blog\/wp-content\/uploads\/2012\/11\/mobile10kirchturm-pan121106.jpg 637w, https:\/\/www.freiburg-schwarzwald.de\/blog\/wp-content\/uploads\/2012\/11\/mobile10kirchturm-pan121106-180x74.jpg 180w\" sizes=\"auto, (max-width: 637px) 100vw, 637px\" \/><\/a><p id=\"caption-attachment-14655\" class=\"wp-caption-text\">St\u00fchlinger Kirchturmspitzen spiegeln mehrfach sich im Mobile am 6.11.2012<\/p><\/div>\n<\/div>\n","protected":false},"excerpt":{"rendered":"<p>\u00a0Home &gt;Regio &gt;Verkehr &gt;Mobile \u00a0 https:\/\/www.freiburg-schwarzwald.de\/blog\/ecovalley-ausstellung-cafe-velo\/\u00a0(6.11.2012) https:\/\/www.freiburg-schwarzwald.de\/littenweiler\/fahrrad.htm#Mobile Mobile an der S\u00fcdseite des Freiburger Hauptbahnhofs Bistro-Cafe Velo im Mobile RadundTour im Mobile Fahrrad \u00a0 \u00a0 \u00a0 \u00a0 \u00a0 Mobile an der S\u00fcdseite des Freiburger Hauptbahnhofs Das Mobile die Fahrradstation und Mobilit\u00e4tszentrale &hellip; <a href=\"https:\/\/www.freiburg-schwarzwald.de\/blog\/regio\/verkehr\/mobile\/\">Weiterlesen <span class=\"meta-nav\">&rarr;<\/span><\/a><\/p>\n","protected":false},"author":4,"featured_media":0,"parent":1296,"menu_order":0,"comment_status":"open","ping_status":"closed","template":"","meta":{"footnotes":""},"class_list":["post-14636","page","type-page","status-publish","hentry"],"_links":{"self":[{"href":"https:\/\/www.freiburg-schwarzwald.de\/blog\/wp-json\/wp\/v2\/pages\/14636","targetHints":{"allow":["GET"]}}],"collection":[{"href":"https:\/\/www.freiburg-schwarzwald.de\/blog\/wp-json\/wp\/v2\/pages"}],"about":[{"href":"https:\/\/www.freiburg-schwarzwald.de\/blog\/wp-json\/wp\/v2\/types\/page"}],"author":[{"embeddable":true,"href":"https:\/\/www.freiburg-schwarzwald.de\/blog\/wp-json\/wp\/v2\/users\/4"}],"replies":[{"embeddable":true,"href":"https:\/\/www.freiburg-schwarzwald.de\/blog\/wp-json\/wp\/v2\/comments?post=14636"}],"version-history":[{"count":0,"href":"https:\/\/www.freiburg-schwarzwald.de\/blog\/wp-json\/wp\/v2\/pages\/14636\/revisions"}],"up":[{"embeddable":true,"href":"https:\/\/www.freiburg-schwarzwald.de\/blog\/wp-json\/wp\/v2\/pages\/1296"}],"wp:attachment":[{"href":"https:\/\/www.freiburg-schwarzwald.de\/blog\/wp-json\/wp\/v2\/media?parent=14636"}],"curies":[{"name":"wp","href":"https:\/\/api.w.org\/{rel}","templated":true}]}}